{"id":15346,"date":"2014-07-15T21:22:16","date_gmt":"2014-07-15T19:22:16","guid":{"rendered":"http:\/\/www.simpleplan.cz\/cz\/?page_id=15346"},"modified":"2023-06-26T09:30:19","modified_gmt":"2023-06-26T07:30:19","slug":"crash-and-burn","status":"publish","type":"page","link":"https:\/\/www.simpleplan.cz\/cz\/index.php\/lyricscenter\/crash-and-burn\/","title":{"rendered":"Crash And Burn"},"content":{"rendered":"<div class=\"pagecontent\">\n<div class=\"girls\"><b><u>Z\u00e1kladn\u00ed info<\/u><\/b><\/div>\n<p><b>Auto\u0159i textu:<\/b> Pierre Bouvier, Chuck Comeau, Jeff Stinco<br \/>\n<b>D\u00e9lka p\u00edsn\u011b:<\/b> 3:13<\/p>\n<div class=\"girls\"><b><u>Text p\u00edsn\u011b<\/u><\/b><\/div>\n<p><center><br \/>\nOne more day before you go<br \/>\nWe\u2019ll stay up late for one more show<br \/>\nGrab the keys we\u2019re going out<br \/>\nWe\u2019re leaving home and we won\u2019t come back again<br \/>\nWe\u2019re friends till the end<br \/>\nWe\u2019ll take on the world<br \/>\nWe just don\u2019t care at all<\/center><\/p>\n<p><center>I never wanted to believe that you could lie<br \/>\nThat friends deceive<br \/>\nAnd here I stand I\u2019m still the same<br \/>\nI watched you change<br \/>\nYou wont come back<\/center><\/p>\n<p><center>I wonder what it\u2019s like to be like you<br \/>\n(I wonder what it\u2019s like to be like you)<br \/>\nTo never really care how bad it hurts<br \/>\n(To never really care how bad it hurts)<br \/>\nSo go ahead and lie and keep moving on<br \/>\nIt\u2019s all about yourself and you\u2019re never wrong<br \/>\nI\u2019ll watch you crash and burn<\/center><\/p>\n<p><center>The day is gone<br \/>\nIt\u2019s cold out<br \/>\nI walk alone as you fade out<br \/>\nI don\u2019t know why I\u2019m reaching out<br \/>\nAnd now I know you wont come back<\/center><\/p>\n<p><center>I wonder what it\u2019s like to be like you<br \/>\n(I wonder what it\u2019s like to be like you)<br \/>\nTo never really care how bad it hurts<br \/>\n(To never really care how bad it hurts)<br \/>\nSo go ahead and lie and keep moving on<br \/>\nIt\u2019s all about yourself and you\u2019re never wrong<br \/>\nI\u2019ll watch you crash and burn<\/center><\/p>\n<p><center>Do you remember the days?<br \/>\nWay back when we used to say<br \/>\nNothing can change us<br \/>\nNo one will stop us<br \/>\nI\u2019ll never be like you<\/center><\/p>\n<p><center>I\u2019ll watch you crash and burn<br \/>\nYou\u2019re never wrong and you keep moving on [4x]<br \/>\n<\/center><\/p>\n<div class=\"girls\"><b><u>\u010cesk\u00fd p\u0159eklad<\/u><\/b><\/div>\n<p><center><br \/>\nJe\u0161t\u011b jeden den p\u0159edt\u00edm, ne\u017e odejde\u0161<br \/>\nZ\u016fstaneme vzh\u016fru je\u0161t\u011b pro jednu show<br \/>\nVem si kl\u00ed\u010de, jdeme ven<br \/>\nOpou\u0161t\u00edme domov a u\u017e se nikdy nevr\u00e1t\u00edme<br \/>\nJsme p\u0159\u00e1tel\u00e9 a\u017e do konce<br \/>\nP\u0159evezmeme sv\u011bt<br \/>\nProst\u011b se o nic nezaj\u00edm\u00e1me<\/center><\/p>\n<p><center>Nikdy jsem necht\u011bl uv\u011b\u0159it tomu, \u017ee bys mi mohla lh\u00e1t<br \/>\n\u017de p\u0159\u00e1tel\u00e9 klamou<br \/>\nA tady stoj\u00edm a jsem po\u0159\u00e1d stejn\u00fd<br \/>\nVid\u011bl jsem, jak se m\u011bn\u00ed\u0161<br \/>\nU\u017e se nevr\u00e1t\u00ed\u0161<\/center><\/p>\n<p><center>Uva\u017euji nad t\u00edm, jak\u00e9 to je b\u00fdt jako ty<br \/>\n(Uva\u017euji nad t\u00edm, jak\u00e9 to je b\u00fdt jako ty)<br \/>\nNikdy se opravdu nestarat, jak moc to bol\u00ed<br \/>\n(Nikdy se opravdu nestarat, jak moc to bol\u00ed)<br \/>\nTak\u017ee jdi a l\u017ei a pokra\u010duj<br \/>\nJe to jen o tob\u011b a ty se nikdy nem\u00fdl\u00ed\u0161<br \/>\nBudu t\u011b sledovat a\u017e bude\u0161 padat na hubu<br \/>\n<\/center><br \/>\n<center>Den je pry\u010d<br \/>\nVenku je zima<br \/>\nProch\u00e1z\u00edm se s\u00e1m, zat\u00edmco ty se vytr\u00e1c\u00ed\u0161<br \/>\nNev\u00edm pro\u010d to zkou\u0161\u00edm<br \/>\nA te\u010f u\u017e v\u00edm, \u017ee se nevr\u00e1t\u00ed\u0161<\/center><\/p>\n<p><center>Pamatuje\u0161 si na ty dny?<br \/>\nTehdy, kdy\u017e jsme \u0159\u00edk\u00e1vali<br \/>\n\u017de n\u00e1s nic nezm\u011bn\u00ed<br \/>\n\u017de n\u00e1\u0161 nikdo nezastav\u00ed<br \/>\nNikdy nebudu jako ty<\/center><\/p>\n<p><center>Budu t\u011b sledovat a\u017e bude\u0161 padat na hubu<br \/>\nV\u017edycky m\u00e1\u0161 pravdu a p\u0159ech\u00e1z\u00ed\u0161 jinam<br \/>\n<\/center>\n<\/div>\n<div class=\"fblikebutton_button\" style=\"float: left; padding-top: 20px; margin-right: 20px; padding-bottom: 20px; padding-left: 20px;\"><iframe src=\"http:\/\/www.facebook.com\/plugins\/like.php?href=https%3A%2F%2Fwww.simpleplan.cz%2Fcz%2Findex.php%2Flyricscenter%2Fcrash-and-burn%2F&amp;layout=standard&amp;show-faces=false&amp;width=450&amp;action=like&amp;colorscheme=light\" scrolling=\"no\" frameborder=\"0\" allowTransparency=\"true\" style=\"border:none; overflow:hidden; width:450px; height:26px\"><\/iframe><\/div>\n","protected":false},"excerpt":{"rendered":"<p>Z\u00e1kladn\u00ed info Auto\u0159i textu: Pierre Bouvier, Chuck Comeau, Jeff Stinco D\u00e9lka p\u00edsn\u011b: 3:13 Text p\u00edsn\u011b<\/p>\n","protected":false},"author":5,"featured_media":0,"parent":15213,"menu_order":0,"comment_status":"open","ping_status":"open","template":"page-templates\/full-width.php","meta":{"footnotes":""},"yoast_head":"<!-- This site is optimized with the Yoast SEO plugin v20.9 - https:\/\/yoast.com\/wordpress\/plugins\/seo\/ -->\n<title>Crash And Burn | CZ: SimplePlan.cz<\/title>\n<meta name=\"robots\" content=\"index, follow, max-snippet:-1, max-image-preview:large, max-video-preview:-1\" \/>\n<link rel=\"canonical\" href=\"https:\/\/www.simpleplan.cz\/cz\/index.php\/lyricscenter\/crash-and-burn\/\" \/>\n<meta property=\"og:locale\" content=\"cs_CZ\" \/>\n<meta property=\"og:type\" content=\"article\" \/>\n<meta property=\"og:title\" content=\"Crash And Burn | CZ: SimplePlan.cz\" \/>\n<meta property=\"og:description\" content=\"Z\u00e1kladn\u00ed info Auto\u0159i textu: Pierre Bouvier, Chuck Comeau, Jeff Stinco D\u00e9lka p\u00edsn\u011b: 3:13 Text p\u00edsn\u011b\" \/>\n<meta property=\"og:url\" content=\"https:\/\/www.simpleplan.cz\/cz\/index.php\/lyricscenter\/crash-and-burn\/\" \/>\n<meta property=\"og:site_name\" content=\"CZ: SimplePlan.cz\" \/>\n<meta property=\"article:publisher\" content=\"http:\/\/www.facebook.com\/simpleplancz\" \/>\n<meta property=\"article:modified_time\" content=\"2023-06-26T07:30:19+00:00\" \/>\n<meta property=\"og:image\" content=\"http:\/\/www.simpleplan.cz\/cz\/wp-content\/uploads\/logo.gif\" \/>\n<meta name=\"twitter:card\" content=\"summary_large_image\" \/>\n<meta name=\"twitter:site\" content=\"@simpleplancz\" \/>\n<meta name=\"twitter:label1\" content=\"Odhadovan\u00e1 doba \u010dten\u00ed\" \/>\n\t<meta name=\"twitter:data1\" content=\"3 minuty\" \/>\n<script type=\"application\/ld+json\" class=\"yoast-schema-graph\">{\"@context\":\"https:\/\/schema.org\",\"@graph\":[{\"@type\":\"WebPage\",\"@id\":\"https:\/\/www.simpleplan.cz\/cz\/index.php\/lyricscenter\/crash-and-burn\/\",\"url\":\"https:\/\/www.simpleplan.cz\/cz\/index.php\/lyricscenter\/crash-and-burn\/\",\"name\":\"Crash And Burn | CZ: SimplePlan.cz\",\"isPartOf\":{\"@id\":\"https:\/\/www.simpleplan.cz\/cz\/#website\"},\"datePublished\":\"2014-07-15T19:22:16+00:00\",\"dateModified\":\"2023-06-26T07:30:19+00:00\",\"breadcrumb\":{\"@id\":\"https:\/\/www.simpleplan.cz\/cz\/index.php\/lyricscenter\/crash-and-burn\/#breadcrumb\"},\"inLanguage\":\"cs\",\"potentialAction\":[{\"@type\":\"ReadAction\",\"target\":[\"https:\/\/www.simpleplan.cz\/cz\/index.php\/lyricscenter\/crash-and-burn\/\"]}]},{\"@type\":\"BreadcrumbList\",\"@id\":\"https:\/\/www.simpleplan.cz\/cz\/index.php\/lyricscenter\/crash-and-burn\/#breadcrumb\",\"itemListElement\":[{\"@type\":\"ListItem\",\"position\":1,\"name\":\"Dom\u016f\",\"item\":\"https:\/\/www.simpleplan.cz\/cz\/\"},{\"@type\":\"ListItem\",\"position\":2,\"name\":\"Texty p\u00edsn\u00ed\",\"item\":\"https:\/\/www.simpleplan.cz\/cz\/index.php\/lyricscenter\/\"},{\"@type\":\"ListItem\",\"position\":3,\"name\":\"Crash And Burn\"}]},{\"@type\":\"WebSite\",\"@id\":\"https:\/\/www.simpleplan.cz\/cz\/#website\",\"url\":\"https:\/\/www.simpleplan.cz\/cz\/\",\"name\":\"CZ: SimplePlan.cz\",\"description\":\"Nejlep\u0161\u00ed zdroj informac\u00ed o kapele Simple Plan\",\"publisher\":{\"@id\":\"https:\/\/www.simpleplan.cz\/cz\/#organization\"},\"potentialAction\":[{\"@type\":\"SearchAction\",\"target\":{\"@type\":\"EntryPoint\",\"urlTemplate\":\"https:\/\/www.simpleplan.cz\/cz\/?s={search_term_string}\"},\"query-input\":\"required name=search_term_string\"}],\"inLanguage\":\"cs\"},{\"@type\":\"Organization\",\"@id\":\"https:\/\/www.simpleplan.cz\/cz\/#organization\",\"name\":\"CZ: SimplePlan.cz\",\"url\":\"https:\/\/www.simpleplan.cz\/cz\/\",\"logo\":{\"@type\":\"ImageObject\",\"inLanguage\":\"cs\",\"@id\":\"https:\/\/www.simpleplan.cz\/cz\/#\/schema\/logo\/image\/\",\"url\":\"https:\/\/www.simpleplan.cz\/cz\/wp-content\/uploads\/spczlogo.png\",\"contentUrl\":\"https:\/\/www.simpleplan.cz\/cz\/wp-content\/uploads\/spczlogo.png\",\"width\":250,\"height\":190,\"caption\":\"CZ: SimplePlan.cz\"},\"image\":{\"@id\":\"https:\/\/www.simpleplan.cz\/cz\/#\/schema\/logo\/image\/\"},\"sameAs\":[\"http:\/\/www.facebook.com\/simpleplancz\",\"https:\/\/twitter.com\/simpleplancz\",\"http:\/\/www.instagram.com\/simpleplancz\",\"http:\/\/www.youtube.com\/simpleplancz\"]}]}<\/script>\n<!-- \/ Yoast SEO plugin. -->","yoast_head_json":{"title":"Crash And Burn | CZ: SimplePlan.cz","robots":{"index":"index","follow":"follow","max-snippet":"max-snippet:-1","max-image-preview":"max-image-preview:large","max-video-preview":"max-video-preview:-1"},"canonical":"https:\/\/www.simpleplan.cz\/cz\/index.php\/lyricscenter\/crash-and-burn\/","og_locale":"cs_CZ","og_type":"article","og_title":"Crash And Burn | CZ: SimplePlan.cz","og_description":"Z\u00e1kladn\u00ed info Auto\u0159i textu: Pierre Bouvier, Chuck Comeau, Jeff Stinco D\u00e9lka p\u00edsn\u011b: 3:13 Text p\u00edsn\u011b","og_url":"https:\/\/www.simpleplan.cz\/cz\/index.php\/lyricscenter\/crash-and-burn\/","og_site_name":"CZ: SimplePlan.cz","article_publisher":"http:\/\/www.facebook.com\/simpleplancz","article_modified_time":"2023-06-26T07:30:19+00:00","og_image":[{"url":"http:\/\/www.simpleplan.cz\/cz\/wp-content\/uploads\/logo.gif"}],"twitter_card":"summary_large_image","twitter_site":"@simpleplancz","twitter_misc":{"Odhadovan\u00e1 doba \u010dten\u00ed":"3 minuty"},"schema":{"@context":"https:\/\/schema.org","@graph":[{"@type":"WebPage","@id":"https:\/\/www.simpleplan.cz\/cz\/index.php\/lyricscenter\/crash-and-burn\/","url":"https:\/\/www.simpleplan.cz\/cz\/index.php\/lyricscenter\/crash-and-burn\/","name":"Crash And Burn | CZ: SimplePlan.cz","isPartOf":{"@id":"https:\/\/www.simpleplan.cz\/cz\/#website"},"datePublished":"2014-07-15T19:22:16+00:00","dateModified":"2023-06-26T07:30:19+00:00","breadcrumb":{"@id":"https:\/\/www.simpleplan.cz\/cz\/index.php\/lyricscenter\/crash-and-burn\/#breadcrumb"},"inLanguage":"cs","potentialAction":[{"@type":"ReadAction","target":["https:\/\/www.simpleplan.cz\/cz\/index.php\/lyricscenter\/crash-and-burn\/"]}]},{"@type":"BreadcrumbList","@id":"https:\/\/www.simpleplan.cz\/cz\/index.php\/lyricscenter\/crash-and-burn\/#breadcrumb","itemListElement":[{"@type":"ListItem","position":1,"name":"Dom\u016f","item":"https:\/\/www.simpleplan.cz\/cz\/"},{"@type":"ListItem","position":2,"name":"Texty p\u00edsn\u00ed","item":"https:\/\/www.simpleplan.cz\/cz\/index.php\/lyricscenter\/"},{"@type":"ListItem","position":3,"name":"Crash And Burn"}]},{"@type":"WebSite","@id":"https:\/\/www.simpleplan.cz\/cz\/#website","url":"https:\/\/www.simpleplan.cz\/cz\/","name":"CZ: SimplePlan.cz","description":"Nejlep\u0161\u00ed zdroj informac\u00ed o kapele Simple Plan","publisher":{"@id":"https:\/\/www.simpleplan.cz\/cz\/#organization"},"potentialAction":[{"@type":"SearchAction","target":{"@type":"EntryPoint","urlTemplate":"https:\/\/www.simpleplan.cz\/cz\/?s={search_term_string}"},"query-input":"required name=search_term_string"}],"inLanguage":"cs"},{"@type":"Organization","@id":"https:\/\/www.simpleplan.cz\/cz\/#organization","name":"CZ: SimplePlan.cz","url":"https:\/\/www.simpleplan.cz\/cz\/","logo":{"@type":"ImageObject","inLanguage":"cs","@id":"https:\/\/www.simpleplan.cz\/cz\/#\/schema\/logo\/image\/","url":"https:\/\/www.simpleplan.cz\/cz\/wp-content\/uploads\/spczlogo.png","contentUrl":"https:\/\/www.simpleplan.cz\/cz\/wp-content\/uploads\/spczlogo.png","width":250,"height":190,"caption":"CZ: SimplePlan.cz"},"image":{"@id":"https:\/\/www.simpleplan.cz\/cz\/#\/schema\/logo\/image\/"},"sameAs":["http:\/\/www.facebook.com\/simpleplancz","https:\/\/twitter.com\/simpleplancz","http:\/\/www.instagram.com\/simpleplancz","http:\/\/www.youtube.com\/simpleplancz"]}]}},"_links":{"self":[{"href":"https:\/\/www.simpleplan.cz\/cz\/index.php\/wp-json\/wp\/v2\/pages\/15346"}],"collection":[{"href":"https:\/\/www.simpleplan.cz\/cz\/index.php\/wp-json\/wp\/v2\/pages"}],"about":[{"href":"https:\/\/www.simpleplan.cz\/cz\/index.php\/wp-json\/wp\/v2\/types\/page"}],"author":[{"embeddable":true,"href":"https:\/\/www.simpleplan.cz\/cz\/index.php\/wp-json\/wp\/v2\/users\/5"}],"replies":[{"embeddable":true,"href":"https:\/\/www.simpleplan.cz\/cz\/index.php\/wp-json\/wp\/v2\/comments?post=15346"}],"version-history":[{"count":2,"href":"https:\/\/www.simpleplan.cz\/cz\/index.php\/wp-json\/wp\/v2\/pages\/15346\/revisions"}],"predecessor-version":[{"id":23318,"href":"https:\/\/www.simpleplan.cz\/cz\/index.php\/wp-json\/wp\/v2\/pages\/15346\/revisions\/23318"}],"up":[{"embeddable":true,"href":"https:\/\/www.simpleplan.cz\/cz\/index.php\/wp-json\/wp\/v2\/pages\/15213"}],"wp:attachment":[{"href":"https:\/\/www.simpleplan.cz\/cz\/index.php\/wp-json\/wp\/v2\/media?parent=15346"}],"curies":[{"name":"wp","href":"https:\/\/api.w.org\/{rel}","templated":true}]}}