{"id":15447,"date":"2014-08-10T12:10:07","date_gmt":"2014-08-10T10:10:07","guid":{"rendered":"http:\/\/www.simpleplan.cz\/cz\/?page_id=15447"},"modified":"2023-06-26T09:30:19","modified_gmt":"2023-06-26T07:30:19","slug":"my-christmas-list","status":"publish","type":"page","link":"https:\/\/www.simpleplan.cz\/cz\/index.php\/lyricscenter\/my-christmas-list\/","title":{"rendered":"My Christmas List"},"content":{"rendered":"<div class=\"pagecontent\">\n<div class=\"girls\"><b><u>Z\u00e1kladn\u00ed info<\/u><\/b><\/div>\n<p><b>Auto\u0159i textu:<\/b> Pierre Bouvier, Chuck Comeau, Jeff Stinco, Sebastien Lefebvre, David Desrosiers, Arnold Lanni<br \/>\n<b>D\u00e9lka p\u00edsn\u011b:<\/b> 3:27<\/p>\n<div class=\"girls\"><b><u>Text p\u00edsn\u011b<\/u><\/b><\/div>\n<p><center><br \/>\nSanta is coming tonight<br \/>\nAnd I want a car,<br \/>\nand I want a life<br \/>\nAnd I want a first class trip to Hawaii<br \/>\nI want a lifetime supply Of skittles &#038; slurpees and Eskimo pies<br \/>\nI want a DVD,<br \/>\nA big screen TV<br \/>\nJust bring me things that I don&#8217;t need<\/center> <\/p>\n<p><center>&#8218;Cuz now it&#8217;s Christmas<br \/>\nAnd I want everything<br \/>\nI just can&#8217;t wait<br \/>\nChristmas So don&#8217;t stop spending<br \/>\nI want a million gifts,<br \/>\nthat&#8217;s right<br \/>\nDon&#8217;t forget my Christmas list tonight<br \/>\n&#8218;Cuz now it&#8217;s Christmas <\/center><\/p>\n<p><center>Somebody take me away<br \/>\nOr give me a time machine<br \/>\nTo take me straight to midnight<br \/>\nI&#8217;ll be alright <\/center><\/p>\n<p><center>I want a girl in my bed<br \/>\nWho knows what to do<br \/>\nA PlayStation 2<br \/>\nI want a shopping spree In New York City<br \/>\nJust bring me things that I don&#8217;t need <\/center><\/p>\n<p><center>I wish I could take this day<br \/>\nAnd make it last forever<br \/>\nAnd no matter what I get tonight<br \/>\nI want more <\/center><\/p>\n<p><center>It&#8217;s Christmas and I want everything<br \/>\nI just can&#8217;t wait<br \/>\nIt&#8217;s Christmas and I want everything now <\/center><\/p>\n<p><center>Christmas<br \/>\nAnd I want everything<br \/>\nI just can&#8217;t wait<br \/>\nChristmas<br \/>\nSo don&#8217;t stop spending,<br \/>\nI Want a million gifts,<br \/>\nThat&#8217;s right<br \/>\nAnd I can&#8217;t wait &#8218;til midnight<br \/>\nDon&#8217;t forget my Christmas list tonight<br \/>\n&#8218;Cuz now it&#8217;s Christmas<br \/>\n<\/center><\/p>\n<div class=\"girls\"><b><u>\u010cesk\u00fd p\u0159eklad<\/u><\/b><\/div>\n<p><center><br \/>\nDnes v noci p\u0159ijde Santa<br \/>\nA j\u00e1 chci auto, a chci \u017eivot,<br \/>\nA chci prvot\u0159\u00eddn\u00ed v\u00fdlet na Havaj<\/center><\/p>\n<p><center>Chci celo\u017eivotn\u00ed z\u00e1sobu lentilek a d\u017eus\u016f,<br \/>\na kol\u00e1\u010dk\u016f s mra\u017een\u00fdm kr\u00e9mem<br \/>\nChci DVD<br \/>\na TV s velkoplo\u0161nou obrazovkou<br \/>\nProst\u011b mi p\u0159ines v\u011bci kter\u00fd nepot\u0159ebuju<\/center><\/p>\n<p><center>Proto\u017ee sou V\u00e1noce<br \/>\nA j\u00e1 chci v\u0161ecko<br \/>\nM\u016f\u017eu jen \u010dekat<\/center><\/p>\n<p><center>V\u00e1noce<br \/>\nTak nep\u0159est\u00e1vej utr\u00e1cet<br \/>\nChci milion d\u00e1rk\u016f, to je fakt<br \/>\nNezapome\u0148 dnes v noci na m\u016fj dopis Santovi<\/center><\/p>\n<p><center>P\u00e1\u010d sou V\u00e1noce!<\/center><\/p>\n<p><center>N\u011bkdo m\u011b vezm\u011bte ven<br \/>\nnebo mi dejte stroj \u010dasu<br \/>\nAbych se moh p\u0159en\u00e9st p\u0159\u00edmo do p\u016flnoci<br \/>\nBudu v pohod\u011b<\/center><\/p>\n<p><center>Chci holku ve sv\u00fd posteli<br \/>\nkter\u00e1 by v\u011bd\u011bla co m\u00e1 d\u011blat,<br \/>\nPlayStation 2<br \/>\nChci n\u00e1kupn\u00ed \u0161\u00edlenstv\u00ed v New York City<br \/>\nprost\u011b mi p\u0159ines v\u011bci kter\u00fd nepot\u0159ebuju<\/center><\/p>\n<p><center>P\u0159eju si abych moh vz\u00edt tydle dny<br \/>\nA za\u0159\u00eddit aby trvaly nav\u017edy<br \/>\nA je jedno co dnes v noci dostanu<br \/>\nChci v\u00edc<\/center><\/p>\n<p><center>Sou V\u00e1noce a j\u00e1 chci v\u0161ecko<br \/>\nM\u016f\u017eu jen \u010dekat<br \/>\nSou V\u00e1noce a j\u00e1 te\u010f chci v\u0161ecko!<\/center><\/p>\n<p><center>V\u00e1noce<br \/>\nA j\u00e1 chci v\u0161ecko<br \/>\nM\u016f\u017eu jen \u010dekat<br \/>\nV\u00e1noce<br \/>\nTak nep\u0159est\u00e1vej utr\u00e1cet,<br \/>\nJ\u00e1 chci milion d\u00e1rk\u016f,<br \/>\nTo je fakt<br \/>\nA nem\u016f\u017eu \u010dekat do p\u016flnoci<br \/>\nNezapome\u0148 dnes v noci na m\u016fj dopis Santovi<br \/>\nP\u00e1\u010d sou V\u00e1noce<br \/>\n<\/center>\n<\/div>\n<div class=\"fblikebutton_button\" style=\"float: left; padding-top: 20px; margin-right: 20px; padding-bottom: 20px; padding-left: 20px;\"><iframe src=\"http:\/\/www.facebook.com\/plugins\/like.php?href=https%3A%2F%2Fwww.simpleplan.cz%2Fcz%2Findex.php%2Flyricscenter%2Fmy-christmas-list%2F&amp;layout=standard&amp;show-faces=false&amp;width=450&amp;action=like&amp;colorscheme=light\" scrolling=\"no\" frameborder=\"0\" allowTransparency=\"true\" style=\"border:none; overflow:hidden; width:450px; height:26px\"><\/iframe><\/div>\n","protected":false},"excerpt":{"rendered":"<p>Z\u00e1kladn\u00ed info Auto\u0159i textu: Pierre Bouvier, Chuck Comeau, Jeff Stinco, Sebastien Lefebvre, David Desrosiers, Arnold<\/p>\n","protected":false},"author":5,"featured_media":0,"parent":15213,"menu_order":0,"comment_status":"open","ping_status":"open","template":"page-templates\/full-width.php","meta":{"footnotes":""},"yoast_head":"<!-- This site is optimized with the Yoast SEO plugin v20.9 - https:\/\/yoast.com\/wordpress\/plugins\/seo\/ -->\n<title>My Christmas List | CZ: SimplePlan.cz<\/title>\n<meta name=\"robots\" content=\"index, follow, max-snippet:-1, max-image-preview:large, max-video-preview:-1\" \/>\n<link rel=\"canonical\" href=\"https:\/\/www.simpleplan.cz\/cz\/index.php\/lyricscenter\/my-christmas-list\/\" \/>\n<meta property=\"og:locale\" content=\"cs_CZ\" \/>\n<meta property=\"og:type\" content=\"article\" \/>\n<meta property=\"og:title\" content=\"My Christmas List | CZ: SimplePlan.cz\" \/>\n<meta property=\"og:description\" content=\"Z\u00e1kladn\u00ed info Auto\u0159i textu: Pierre Bouvier, Chuck Comeau, Jeff Stinco, Sebastien Lefebvre, David Desrosiers, Arnold\" \/>\n<meta property=\"og:url\" content=\"https:\/\/www.simpleplan.cz\/cz\/index.php\/lyricscenter\/my-christmas-list\/\" \/>\n<meta property=\"og:site_name\" content=\"CZ: SimplePlan.cz\" \/>\n<meta property=\"article:publisher\" content=\"http:\/\/www.facebook.com\/simpleplancz\" \/>\n<meta property=\"article:modified_time\" content=\"2023-06-26T07:30:19+00:00\" \/>\n<meta property=\"og:image\" content=\"http:\/\/www.simpleplan.cz\/cz\/wp-content\/uploads\/logo.gif\" \/>\n<meta name=\"twitter:card\" content=\"summary_large_image\" \/>\n<meta name=\"twitter:site\" content=\"@simpleplancz\" \/>\n<meta name=\"twitter:label1\" content=\"Odhadovan\u00e1 doba \u010dten\u00ed\" \/>\n\t<meta name=\"twitter:data1\" content=\"2 minuty\" \/>\n<script type=\"application\/ld+json\" class=\"yoast-schema-graph\">{\"@context\":\"https:\/\/schema.org\",\"@graph\":[{\"@type\":\"WebPage\",\"@id\":\"https:\/\/www.simpleplan.cz\/cz\/index.php\/lyricscenter\/my-christmas-list\/\",\"url\":\"https:\/\/www.simpleplan.cz\/cz\/index.php\/lyricscenter\/my-christmas-list\/\",\"name\":\"My Christmas List | CZ: SimplePlan.cz\",\"isPartOf\":{\"@id\":\"https:\/\/www.simpleplan.cz\/cz\/#website\"},\"datePublished\":\"2014-08-10T10:10:07+00:00\",\"dateModified\":\"2023-06-26T07:30:19+00:00\",\"breadcrumb\":{\"@id\":\"https:\/\/www.simpleplan.cz\/cz\/index.php\/lyricscenter\/my-christmas-list\/#breadcrumb\"},\"inLanguage\":\"cs\",\"potentialAction\":[{\"@type\":\"ReadAction\",\"target\":[\"https:\/\/www.simpleplan.cz\/cz\/index.php\/lyricscenter\/my-christmas-list\/\"]}]},{\"@type\":\"BreadcrumbList\",\"@id\":\"https:\/\/www.simpleplan.cz\/cz\/index.php\/lyricscenter\/my-christmas-list\/#breadcrumb\",\"itemListElement\":[{\"@type\":\"ListItem\",\"position\":1,\"name\":\"Dom\u016f\",\"item\":\"https:\/\/www.simpleplan.cz\/cz\/\"},{\"@type\":\"ListItem\",\"position\":2,\"name\":\"Texty p\u00edsn\u00ed\",\"item\":\"https:\/\/www.simpleplan.cz\/cz\/index.php\/lyricscenter\/\"},{\"@type\":\"ListItem\",\"position\":3,\"name\":\"My Christmas List\"}]},{\"@type\":\"WebSite\",\"@id\":\"https:\/\/www.simpleplan.cz\/cz\/#website\",\"url\":\"https:\/\/www.simpleplan.cz\/cz\/\",\"name\":\"CZ: SimplePlan.cz\",\"description\":\"Nejlep\u0161\u00ed zdroj informac\u00ed o kapele Simple Plan\",\"publisher\":{\"@id\":\"https:\/\/www.simpleplan.cz\/cz\/#organization\"},\"potentialAction\":[{\"@type\":\"SearchAction\",\"target\":{\"@type\":\"EntryPoint\",\"urlTemplate\":\"https:\/\/www.simpleplan.cz\/cz\/?s={search_term_string}\"},\"query-input\":\"required name=search_term_string\"}],\"inLanguage\":\"cs\"},{\"@type\":\"Organization\",\"@id\":\"https:\/\/www.simpleplan.cz\/cz\/#organization\",\"name\":\"CZ: SimplePlan.cz\",\"url\":\"https:\/\/www.simpleplan.cz\/cz\/\",\"logo\":{\"@type\":\"ImageObject\",\"inLanguage\":\"cs\",\"@id\":\"https:\/\/www.simpleplan.cz\/cz\/#\/schema\/logo\/image\/\",\"url\":\"https:\/\/www.simpleplan.cz\/cz\/wp-content\/uploads\/spczlogo.png\",\"contentUrl\":\"https:\/\/www.simpleplan.cz\/cz\/wp-content\/uploads\/spczlogo.png\",\"width\":250,\"height\":190,\"caption\":\"CZ: SimplePlan.cz\"},\"image\":{\"@id\":\"https:\/\/www.simpleplan.cz\/cz\/#\/schema\/logo\/image\/\"},\"sameAs\":[\"http:\/\/www.facebook.com\/simpleplancz\",\"https:\/\/twitter.com\/simpleplancz\",\"http:\/\/www.instagram.com\/simpleplancz\",\"http:\/\/www.youtube.com\/simpleplancz\"]}]}<\/script>\n<!-- \/ Yoast SEO plugin. -->","yoast_head_json":{"title":"My Christmas List | CZ: SimplePlan.cz","robots":{"index":"index","follow":"follow","max-snippet":"max-snippet:-1","max-image-preview":"max-image-preview:large","max-video-preview":"max-video-preview:-1"},"canonical":"https:\/\/www.simpleplan.cz\/cz\/index.php\/lyricscenter\/my-christmas-list\/","og_locale":"cs_CZ","og_type":"article","og_title":"My Christmas List | CZ: SimplePlan.cz","og_description":"Z\u00e1kladn\u00ed info Auto\u0159i textu: Pierre Bouvier, Chuck Comeau, Jeff Stinco, Sebastien Lefebvre, David Desrosiers, Arnold","og_url":"https:\/\/www.simpleplan.cz\/cz\/index.php\/lyricscenter\/my-christmas-list\/","og_site_name":"CZ: SimplePlan.cz","article_publisher":"http:\/\/www.facebook.com\/simpleplancz","article_modified_time":"2023-06-26T07:30:19+00:00","og_image":[{"url":"http:\/\/www.simpleplan.cz\/cz\/wp-content\/uploads\/logo.gif"}],"twitter_card":"summary_large_image","twitter_site":"@simpleplancz","twitter_misc":{"Odhadovan\u00e1 doba \u010dten\u00ed":"2 minuty"},"schema":{"@context":"https:\/\/schema.org","@graph":[{"@type":"WebPage","@id":"https:\/\/www.simpleplan.cz\/cz\/index.php\/lyricscenter\/my-christmas-list\/","url":"https:\/\/www.simpleplan.cz\/cz\/index.php\/lyricscenter\/my-christmas-list\/","name":"My Christmas List | CZ: SimplePlan.cz","isPartOf":{"@id":"https:\/\/www.simpleplan.cz\/cz\/#website"},"datePublished":"2014-08-10T10:10:07+00:00","dateModified":"2023-06-26T07:30:19+00:00","breadcrumb":{"@id":"https:\/\/www.simpleplan.cz\/cz\/index.php\/lyricscenter\/my-christmas-list\/#breadcrumb"},"inLanguage":"cs","potentialAction":[{"@type":"ReadAction","target":["https:\/\/www.simpleplan.cz\/cz\/index.php\/lyricscenter\/my-christmas-list\/"]}]},{"@type":"BreadcrumbList","@id":"https:\/\/www.simpleplan.cz\/cz\/index.php\/lyricscenter\/my-christmas-list\/#breadcrumb","itemListElement":[{"@type":"ListItem","position":1,"name":"Dom\u016f","item":"https:\/\/www.simpleplan.cz\/cz\/"},{"@type":"ListItem","position":2,"name":"Texty p\u00edsn\u00ed","item":"https:\/\/www.simpleplan.cz\/cz\/index.php\/lyricscenter\/"},{"@type":"ListItem","position":3,"name":"My Christmas List"}]},{"@type":"WebSite","@id":"https:\/\/www.simpleplan.cz\/cz\/#website","url":"https:\/\/www.simpleplan.cz\/cz\/","name":"CZ: SimplePlan.cz","description":"Nejlep\u0161\u00ed zdroj informac\u00ed o kapele Simple Plan","publisher":{"@id":"https:\/\/www.simpleplan.cz\/cz\/#organization"},"potentialAction":[{"@type":"SearchAction","target":{"@type":"EntryPoint","urlTemplate":"https:\/\/www.simpleplan.cz\/cz\/?s={search_term_string}"},"query-input":"required name=search_term_string"}],"inLanguage":"cs"},{"@type":"Organization","@id":"https:\/\/www.simpleplan.cz\/cz\/#organization","name":"CZ: SimplePlan.cz","url":"https:\/\/www.simpleplan.cz\/cz\/","logo":{"@type":"ImageObject","inLanguage":"cs","@id":"https:\/\/www.simpleplan.cz\/cz\/#\/schema\/logo\/image\/","url":"https:\/\/www.simpleplan.cz\/cz\/wp-content\/uploads\/spczlogo.png","contentUrl":"https:\/\/www.simpleplan.cz\/cz\/wp-content\/uploads\/spczlogo.png","width":250,"height":190,"caption":"CZ: SimplePlan.cz"},"image":{"@id":"https:\/\/www.simpleplan.cz\/cz\/#\/schema\/logo\/image\/"},"sameAs":["http:\/\/www.facebook.com\/simpleplancz","https:\/\/twitter.com\/simpleplancz","http:\/\/www.instagram.com\/simpleplancz","http:\/\/www.youtube.com\/simpleplancz"]}]}},"_links":{"self":[{"href":"https:\/\/www.simpleplan.cz\/cz\/index.php\/wp-json\/wp\/v2\/pages\/15447"}],"collection":[{"href":"https:\/\/www.simpleplan.cz\/cz\/index.php\/wp-json\/wp\/v2\/pages"}],"about":[{"href":"https:\/\/www.simpleplan.cz\/cz\/index.php\/wp-json\/wp\/v2\/types\/page"}],"author":[{"embeddable":true,"href":"https:\/\/www.simpleplan.cz\/cz\/index.php\/wp-json\/wp\/v2\/users\/5"}],"replies":[{"embeddable":true,"href":"https:\/\/www.simpleplan.cz\/cz\/index.php\/wp-json\/wp\/v2\/comments?post=15447"}],"version-history":[{"count":3,"href":"https:\/\/www.simpleplan.cz\/cz\/index.php\/wp-json\/wp\/v2\/pages\/15447\/revisions"}],"predecessor-version":[{"id":23315,"href":"https:\/\/www.simpleplan.cz\/cz\/index.php\/wp-json\/wp\/v2\/pages\/15447\/revisions\/23315"}],"up":[{"embeddable":true,"href":"https:\/\/www.simpleplan.cz\/cz\/index.php\/wp-json\/wp\/v2\/pages\/15213"}],"wp:attachment":[{"href":"https:\/\/www.simpleplan.cz\/cz\/index.php\/wp-json\/wp\/v2\/media?parent=15447"}],"curies":[{"name":"wp","href":"https:\/\/api.w.org\/{rel}","templated":true}]}}