{"id":15452,"date":"2014-08-10T12:26:10","date_gmt":"2014-08-10T10:26:10","guid":{"rendered":"http:\/\/www.simpleplan.cz\/cz\/?page_id=15452"},"modified":"2023-06-26T09:30:19","modified_gmt":"2023-06-26T07:30:19","slug":"running-out-of-time","status":"publish","type":"page","link":"https:\/\/www.simpleplan.cz\/cz\/index.php\/lyricscenter\/running-out-of-time\/","title":{"rendered":"Running Out Of Time"},"content":{"rendered":"<div class=\"pagecontent\">\n<div class=\"girls\"><b><u>Z\u00e1kladn\u00ed info<\/u><\/b><\/div>\n<p><b>Album:<\/b> Simple Plan [bonusov\u00fd song]<br \/>\n<b>Auto\u0159i textu:<\/b> Pierre Bouvier, Chuck Comeau, Arnold Lanni<br \/>\n<b>D\u00e9lka p\u00edsn\u011b:<\/b> 3:29<\/p>\n<div class=\"girls\"><b><u>Text p\u00edsn\u011b<\/u><\/b><\/div>\n<p><center><br \/>\nJust another day<br \/>\nand it feels like you&#8217;re still running late<br \/>\nCause the times are gonna change<br \/>\nAnd you&#8217;re stuck in your own mentality<\/center><\/p>\n<p><center>You can try to lead us on (try to lead us on)<br \/>\nBut there&#8217;s no-one else to blame<br \/>\nWon&#8217;t be left to clean the mess<br \/>\nWhen you&#8217;re gone<\/center><\/p>\n<p><center>Running out of time!<br \/>\nRunning out of time<br \/>\nAnd you just don&#8217;t get it<br \/>\nYou&#8217;re watching people die<br \/>\nAnd you still don&#8217;t care<br \/>\nRunning out of time<br \/>\nAnd you just don&#8217;t get that<br \/>\nThis is how I feel<br \/>\nThere&#8217;s a million things I hate about you&#8230;<\/center><\/p>\n<p><center>It&#8217;s just another battle<br \/>\nwhen you exercise your authority<br \/>\nWhen the dust is finally settled<br \/>\nWill you catch up with reality?<\/center><\/p>\n<p><center>We&#8217;ve been waiting way too long<br \/>\nNow it&#8217;s time for us to play<br \/>\nAnd we won&#8217;t be looking back<br \/>\nWhen you&#8217;re gone<\/center><\/p>\n<p><center>Running out of time!<br \/>\nRunning out of time<br \/>\nAnd you just don&#8217;t get it<br \/>\nYou&#8217;re watching people die<br \/>\nAnd you still don&#8217;t care<br \/>\nRunning out of time<br \/>\nAnd you just don&#8217;t get that<br \/>\nThis is how I feel<br \/>\nThere&#8217;s a million things I hate about you&#8230;<br \/>\nAbout you (3x)<\/center><\/p>\n<p><center>I don&#8217;t wanna hear the same excuses (2x)<br \/>\nI don&#8217;t wanna hear your stories<\/center><\/p>\n<p><center>Running out of time<br \/>\nAnd you just don&#8217;t get it<br \/>\nYou&#8217;re watching people die<br \/>\nAnd you still don&#8217;t care<br \/>\nRunning out of time<br \/>\nAnd you just don&#8217;t get it<br \/>\nIf everybody dies<br \/>\nwell, you still don&#8217;t care<\/center><\/p>\n<p><center>Running out of time<br \/>\nAnd you just don&#8217;t get it<br \/>\nYou&#8217;re watching people die<br \/>\nAnd you still don&#8217;t care<br \/>\nRunning out of time<br \/>\nAnd you just don&#8217;t get that<br \/>\nThis is how I feel<br \/>\nI don&#8217;t wanna think about<br \/>\nThis is how I feel<br \/>\nThere&#8217;s a million things I hate about you&#8230; (2x)<br \/>\n<\/center><\/p>\n<div class=\"girls\"><b><u>Text p\u00edsn\u011b<\/u><\/b><\/div>\n<p><center><br \/>\nJen dal\u0161\u00ed den<br \/>\nA vypad\u00e1 to, \u017ee st\u00e1le p\u0159ich\u00e1z\u00ed\u0161 pozd\u011b<br \/>\nProto\u017ee \u010dasy se zm\u011bn\u00ed<br \/>\nA ty z\u016fst\u00e1v\u00e1\u0161 zastr\u010dena ve sv\u00e9 vlastn\u00ed mentalit\u011b<\/center><\/p>\n<p><center>Sna\u017e\u00ed\u0161 se n\u00e1s zl\u00e1kat (sna\u017e\u00ed\u0161 se n\u00e1s zl\u00e1kat)<br \/>\nAle nen\u00ed tu nikdo jin\u00fd, koho obvi\u0148ovat<br \/>\nNez\u016fstanu tady, abych uklidil ten nepo\u0159\u00e1dek<br \/>\nA\u017e bude\u0161 pry\u010d<\/center><\/p>\n<p><center>Doch\u00e1z\u00ed n\u00e1m \u010das!<br \/>\nDoch\u00e1z\u00ed n\u00e1m \u010das<br \/>\nA tob\u011b to prost\u011b nedoch\u00e1z\u00ed<br \/>\nSleduje\u0161 lidi, jak um\u00edraj\u00ed<br \/>\nA po\u0159\u00e1d t\u011b to nezaj\u00edm\u00e1<br \/>\nDoch\u00e1z\u00ed n\u00e1m \u010das<br \/>\nA po\u0159\u00e1d ti nedoch\u00e1z\u00ed, \u017ee<br \/>\nTakhle se c\u00edt\u00edm<br \/>\nJe tu milion v\u011bc\u00ed, kter\u00e9 na tob\u011b nen\u00e1vid\u00edm&#8230;<\/center><\/p>\n<p><center>Je to jen dal\u0161\u00ed bitva<br \/>\nKdy\u017e si procvi\u010duje\u0161 sv\u016fj vliv<br \/>\nA\u017e se prach kone\u010dn\u011b usad\u00ed<br \/>\nDostihne\u0161 realitu?<\/center><\/p>\n<p><center>\u010cekali jsme p\u0159\u00edli\u0161 dlouho<br \/>\nTe\u010f nastal n\u00e1\u0161 \u010das si hr\u00e1t<br \/>\nA my se nebudeme ohl\u00ed\u017eet zp\u00e1tky<br \/>\nA\u017e bude\u0161 pry\u010d<\/center><\/p>\n<p><center>Doch\u00e1z\u00ed n\u00e1m \u010das!<br \/>\nDoch\u00e1z\u00ed n\u00e1m \u010das<br \/>\nA tob\u011b to prost\u011b nedoch\u00e1z\u00ed<br \/>\nSleduje\u0161 lidi, jak um\u00edraj\u00ed<br \/>\nA po\u0159\u00e1d t\u011b to nezaj\u00edm\u00e1<br \/>\nDoch\u00e1z\u00ed n\u00e1m \u010das<br \/>\nA po\u0159\u00e1d ti nedoch\u00e1z\u00ed, \u017ee<br \/>\nTakhle se c\u00edt\u00edm<br \/>\nJe tu milion v\u011bc\u00ed, kter\u00e9 na tob\u011b nen\u00e1vid\u00edm&#8230;<br \/>\nNa tob\u011b (3x)<\/center><\/p>\n<p><center>Nechci sly\u0161et ty sam\u00e9 v\u00fdmluvy (2x)<br \/>\nNechci sly\u0161et tv\u00e9 historky<\/center><\/p>\n<p><center>Doch\u00e1z\u00ed n\u00e1m \u010das<br \/>\nA tob\u011b to prost\u011b nedoch\u00e1z\u00ed<br \/>\nSleduje\u0161 lidi, jak um\u00edraj\u00ed<br \/>\nA po\u0159\u00e1d t\u011b to nezaj\u00edm\u00e1<br \/>\nDoch\u00e1z\u00ed n\u00e1m \u010das<br \/>\nA tob\u011b to prost\u011b nedoch\u00e1z\u00ed<br \/>\nKdy\u017e v\u0161ichni zem\u0159ou<br \/>\nno, tebe to po\u0159\u00e1d nebude zaj\u00edmat<\/center><\/p>\n<p><center>Doch\u00e1z\u00ed n\u00e1m \u010das<br \/>\nA tob\u011b to prost\u011b nedoch\u00e1z\u00ed<br \/>\nSleduje\u0161 lidi, jak um\u00edraj\u00ed<br \/>\nA po\u0159\u00e1d t\u011b to nezaj\u00edm\u00e1<br \/>\nDoch\u00e1z\u00ed n\u00e1m \u010das<br \/>\nA po\u0159\u00e1d ti nedoch\u00e1z\u00ed, \u017ee<br \/>\nTakhle se c\u00edt\u00edm<br \/>\nNechci na tebe myslet<br \/>\nTakhle se c\u00edt\u00edm<br \/>\nJe tu milion v\u011bc\u00ed, kter\u00e9 na tob\u011b nen\u00e1vid\u00edm&#8230;(2x)<br \/>\n<\/center>\n<\/div>\n<div class=\"fblikebutton_button\" style=\"float: left; padding-top: 20px; margin-right: 20px; padding-bottom: 20px; padding-left: 20px;\"><iframe src=\"http:\/\/www.facebook.com\/plugins\/like.php?href=https%3A%2F%2Fwww.simpleplan.cz%2Fcz%2Findex.php%2Flyricscenter%2Frunning-out-of-time%2F&amp;layout=standard&amp;show-faces=false&amp;width=450&amp;action=like&amp;colorscheme=light\" scrolling=\"no\" frameborder=\"0\" allowTransparency=\"true\" style=\"border:none; overflow:hidden; width:450px; height:26px\"><\/iframe><\/div>\n","protected":false},"excerpt":{"rendered":"<p>Z\u00e1kladn\u00ed info Album: Simple Plan [bonusov\u00fd song] Auto\u0159i textu: Pierre Bouvier, Chuck Comeau, Arnold Lanni<\/p>\n","protected":false},"author":5,"featured_media":0,"parent":15213,"menu_order":0,"comment_status":"open","ping_status":"open","template":"page-templates\/full-width.php","meta":{"footnotes":""},"yoast_head":"<!-- This site is optimized with the Yoast SEO plugin v20.9 - https:\/\/yoast.com\/wordpress\/plugins\/seo\/ -->\n<title>Running Out Of Time | CZ: SimplePlan.cz<\/title>\n<meta name=\"robots\" content=\"index, follow, max-snippet:-1, max-image-preview:large, max-video-preview:-1\" \/>\n<link rel=\"canonical\" href=\"https:\/\/www.simpleplan.cz\/cz\/index.php\/lyricscenter\/running-out-of-time\/\" \/>\n<meta property=\"og:locale\" content=\"cs_CZ\" \/>\n<meta property=\"og:type\" content=\"article\" \/>\n<meta property=\"og:title\" content=\"Running Out Of Time | CZ: SimplePlan.cz\" \/>\n<meta property=\"og:description\" content=\"Z\u00e1kladn\u00ed info Album: Simple Plan [bonusov\u00fd song] Auto\u0159i textu: Pierre Bouvier, Chuck Comeau, Arnold Lanni\" \/>\n<meta property=\"og:url\" content=\"https:\/\/www.simpleplan.cz\/cz\/index.php\/lyricscenter\/running-out-of-time\/\" \/>\n<meta property=\"og:site_name\" content=\"CZ: SimplePlan.cz\" \/>\n<meta property=\"article:publisher\" content=\"http:\/\/www.facebook.com\/simpleplancz\" \/>\n<meta property=\"article:modified_time\" content=\"2023-06-26T07:30:19+00:00\" \/>\n<meta property=\"og:image\" content=\"http:\/\/www.simpleplan.cz\/cz\/wp-content\/uploads\/logo.gif\" \/>\n<meta name=\"twitter:card\" content=\"summary_large_image\" \/>\n<meta name=\"twitter:site\" content=\"@simpleplancz\" \/>\n<meta name=\"twitter:label1\" content=\"Odhadovan\u00e1 doba \u010dten\u00ed\" \/>\n\t<meta name=\"twitter:data1\" content=\"3 minuty\" \/>\n<script type=\"application\/ld+json\" class=\"yoast-schema-graph\">{\"@context\":\"https:\/\/schema.org\",\"@graph\":[{\"@type\":\"WebPage\",\"@id\":\"https:\/\/www.simpleplan.cz\/cz\/index.php\/lyricscenter\/running-out-of-time\/\",\"url\":\"https:\/\/www.simpleplan.cz\/cz\/index.php\/lyricscenter\/running-out-of-time\/\",\"name\":\"Running Out Of Time | CZ: SimplePlan.cz\",\"isPartOf\":{\"@id\":\"https:\/\/www.simpleplan.cz\/cz\/#website\"},\"datePublished\":\"2014-08-10T10:26:10+00:00\",\"dateModified\":\"2023-06-26T07:30:19+00:00\",\"breadcrumb\":{\"@id\":\"https:\/\/www.simpleplan.cz\/cz\/index.php\/lyricscenter\/running-out-of-time\/#breadcrumb\"},\"inLanguage\":\"cs\",\"potentialAction\":[{\"@type\":\"ReadAction\",\"target\":[\"https:\/\/www.simpleplan.cz\/cz\/index.php\/lyricscenter\/running-out-of-time\/\"]}]},{\"@type\":\"BreadcrumbList\",\"@id\":\"https:\/\/www.simpleplan.cz\/cz\/index.php\/lyricscenter\/running-out-of-time\/#breadcrumb\",\"itemListElement\":[{\"@type\":\"ListItem\",\"position\":1,\"name\":\"Dom\u016f\",\"item\":\"https:\/\/www.simpleplan.cz\/cz\/\"},{\"@type\":\"ListItem\",\"position\":2,\"name\":\"Texty p\u00edsn\u00ed\",\"item\":\"https:\/\/www.simpleplan.cz\/cz\/index.php\/lyricscenter\/\"},{\"@type\":\"ListItem\",\"position\":3,\"name\":\"Running Out Of Time\"}]},{\"@type\":\"WebSite\",\"@id\":\"https:\/\/www.simpleplan.cz\/cz\/#website\",\"url\":\"https:\/\/www.simpleplan.cz\/cz\/\",\"name\":\"CZ: SimplePlan.cz\",\"description\":\"Nejlep\u0161\u00ed zdroj informac\u00ed o kapele Simple Plan\",\"publisher\":{\"@id\":\"https:\/\/www.simpleplan.cz\/cz\/#organization\"},\"potentialAction\":[{\"@type\":\"SearchAction\",\"target\":{\"@type\":\"EntryPoint\",\"urlTemplate\":\"https:\/\/www.simpleplan.cz\/cz\/?s={search_term_string}\"},\"query-input\":\"required name=search_term_string\"}],\"inLanguage\":\"cs\"},{\"@type\":\"Organization\",\"@id\":\"https:\/\/www.simpleplan.cz\/cz\/#organization\",\"name\":\"CZ: SimplePlan.cz\",\"url\":\"https:\/\/www.simpleplan.cz\/cz\/\",\"logo\":{\"@type\":\"ImageObject\",\"inLanguage\":\"cs\",\"@id\":\"https:\/\/www.simpleplan.cz\/cz\/#\/schema\/logo\/image\/\",\"url\":\"https:\/\/www.simpleplan.cz\/cz\/wp-content\/uploads\/spczlogo.png\",\"contentUrl\":\"https:\/\/www.simpleplan.cz\/cz\/wp-content\/uploads\/spczlogo.png\",\"width\":250,\"height\":190,\"caption\":\"CZ: SimplePlan.cz\"},\"image\":{\"@id\":\"https:\/\/www.simpleplan.cz\/cz\/#\/schema\/logo\/image\/\"},\"sameAs\":[\"http:\/\/www.facebook.com\/simpleplancz\",\"https:\/\/twitter.com\/simpleplancz\",\"http:\/\/www.instagram.com\/simpleplancz\",\"http:\/\/www.youtube.com\/simpleplancz\"]}]}<\/script>\n<!-- \/ Yoast SEO plugin. -->","yoast_head_json":{"title":"Running Out Of Time | CZ: SimplePlan.cz","robots":{"index":"index","follow":"follow","max-snippet":"max-snippet:-1","max-image-preview":"max-image-preview:large","max-video-preview":"max-video-preview:-1"},"canonical":"https:\/\/www.simpleplan.cz\/cz\/index.php\/lyricscenter\/running-out-of-time\/","og_locale":"cs_CZ","og_type":"article","og_title":"Running Out Of Time | CZ: SimplePlan.cz","og_description":"Z\u00e1kladn\u00ed info Album: Simple Plan [bonusov\u00fd song] Auto\u0159i textu: Pierre Bouvier, Chuck Comeau, Arnold Lanni","og_url":"https:\/\/www.simpleplan.cz\/cz\/index.php\/lyricscenter\/running-out-of-time\/","og_site_name":"CZ: SimplePlan.cz","article_publisher":"http:\/\/www.facebook.com\/simpleplancz","article_modified_time":"2023-06-26T07:30:19+00:00","og_image":[{"url":"http:\/\/www.simpleplan.cz\/cz\/wp-content\/uploads\/logo.gif"}],"twitter_card":"summary_large_image","twitter_site":"@simpleplancz","twitter_misc":{"Odhadovan\u00e1 doba \u010dten\u00ed":"3 minuty"},"schema":{"@context":"https:\/\/schema.org","@graph":[{"@type":"WebPage","@id":"https:\/\/www.simpleplan.cz\/cz\/index.php\/lyricscenter\/running-out-of-time\/","url":"https:\/\/www.simpleplan.cz\/cz\/index.php\/lyricscenter\/running-out-of-time\/","name":"Running Out Of Time | CZ: SimplePlan.cz","isPartOf":{"@id":"https:\/\/www.simpleplan.cz\/cz\/#website"},"datePublished":"2014-08-10T10:26:10+00:00","dateModified":"2023-06-26T07:30:19+00:00","breadcrumb":{"@id":"https:\/\/www.simpleplan.cz\/cz\/index.php\/lyricscenter\/running-out-of-time\/#breadcrumb"},"inLanguage":"cs","potentialAction":[{"@type":"ReadAction","target":["https:\/\/www.simpleplan.cz\/cz\/index.php\/lyricscenter\/running-out-of-time\/"]}]},{"@type":"BreadcrumbList","@id":"https:\/\/www.simpleplan.cz\/cz\/index.php\/lyricscenter\/running-out-of-time\/#breadcrumb","itemListElement":[{"@type":"ListItem","position":1,"name":"Dom\u016f","item":"https:\/\/www.simpleplan.cz\/cz\/"},{"@type":"ListItem","position":2,"name":"Texty p\u00edsn\u00ed","item":"https:\/\/www.simpleplan.cz\/cz\/index.php\/lyricscenter\/"},{"@type":"ListItem","position":3,"name":"Running Out Of Time"}]},{"@type":"WebSite","@id":"https:\/\/www.simpleplan.cz\/cz\/#website","url":"https:\/\/www.simpleplan.cz\/cz\/","name":"CZ: SimplePlan.cz","description":"Nejlep\u0161\u00ed zdroj informac\u00ed o kapele Simple Plan","publisher":{"@id":"https:\/\/www.simpleplan.cz\/cz\/#organization"},"potentialAction":[{"@type":"SearchAction","target":{"@type":"EntryPoint","urlTemplate":"https:\/\/www.simpleplan.cz\/cz\/?s={search_term_string}"},"query-input":"required name=search_term_string"}],"inLanguage":"cs"},{"@type":"Organization","@id":"https:\/\/www.simpleplan.cz\/cz\/#organization","name":"CZ: SimplePlan.cz","url":"https:\/\/www.simpleplan.cz\/cz\/","logo":{"@type":"ImageObject","inLanguage":"cs","@id":"https:\/\/www.simpleplan.cz\/cz\/#\/schema\/logo\/image\/","url":"https:\/\/www.simpleplan.cz\/cz\/wp-content\/uploads\/spczlogo.png","contentUrl":"https:\/\/www.simpleplan.cz\/cz\/wp-content\/uploads\/spczlogo.png","width":250,"height":190,"caption":"CZ: SimplePlan.cz"},"image":{"@id":"https:\/\/www.simpleplan.cz\/cz\/#\/schema\/logo\/image\/"},"sameAs":["http:\/\/www.facebook.com\/simpleplancz","https:\/\/twitter.com\/simpleplancz","http:\/\/www.instagram.com\/simpleplancz","http:\/\/www.youtube.com\/simpleplancz"]}]}},"_links":{"self":[{"href":"https:\/\/www.simpleplan.cz\/cz\/index.php\/wp-json\/wp\/v2\/pages\/15452"}],"collection":[{"href":"https:\/\/www.simpleplan.cz\/cz\/index.php\/wp-json\/wp\/v2\/pages"}],"about":[{"href":"https:\/\/www.simpleplan.cz\/cz\/index.php\/wp-json\/wp\/v2\/types\/page"}],"author":[{"embeddable":true,"href":"https:\/\/www.simpleplan.cz\/cz\/index.php\/wp-json\/wp\/v2\/users\/5"}],"replies":[{"embeddable":true,"href":"https:\/\/www.simpleplan.cz\/cz\/index.php\/wp-json\/wp\/v2\/comments?post=15452"}],"version-history":[{"count":3,"href":"https:\/\/www.simpleplan.cz\/cz\/index.php\/wp-json\/wp\/v2\/pages\/15452\/revisions"}],"predecessor-version":[{"id":23312,"href":"https:\/\/www.simpleplan.cz\/cz\/index.php\/wp-json\/wp\/v2\/pages\/15452\/revisions\/23312"}],"up":[{"embeddable":true,"href":"https:\/\/www.simpleplan.cz\/cz\/index.php\/wp-json\/wp\/v2\/pages\/15213"}],"wp:attachment":[{"href":"https:\/\/www.simpleplan.cz\/cz\/index.php\/wp-json\/wp\/v2\/media?parent=15452"}],"curies":[{"name":"wp","href":"https:\/\/api.w.org\/{rel}","templated":true}]}}