{"id":15454,"date":"2014-08-10T12:29:14","date_gmt":"2014-08-10T10:29:14","guid":{"rendered":"http:\/\/www.simpleplan.cz\/cz\/?page_id=15454"},"modified":"2023-06-26T09:30:19","modified_gmt":"2023-06-26T07:30:19","slug":"famous-for-nothing","status":"publish","type":"page","link":"https:\/\/www.simpleplan.cz\/cz\/index.php\/lyricscenter\/famous-for-nothing\/","title":{"rendered":"Famous For Nothing"},"content":{"rendered":"<div class=\"pagecontent\">\n<div class=\"girls\"><b><u>Z\u00e1kladn\u00ed info<\/u><\/b><\/div>\n<p><b>Auto\u0159i textu:<\/b> Pierre Bouvier, Chuck Comeau<br \/>\n<b>D\u00e9lka p\u00edsn\u011b:<\/b> 3:21<\/p>\n<div class=\"girls\"><b><u>Zaj\u00edmavosti<\/u><\/b><\/div>\n<p>&#8211; tato p\u00edse\u0148 nikdy nem\u011bla spat\u0159it sv\u011btlo sv\u011bta &#8211; na internet ov\u0161em bez v\u011bdom\u00ed kapely pronikla jako demo verze p\u0159i skl\u00e1d\u00e1n\u00ed p\u00edsn\u00ed pro album Get Your Heart On!<\/p>\n<div class=\"girls\"><b><u>Text p\u00edsn\u011b<\/u><\/b><\/div>\n<p><center><br \/>\nCuz I\u2019m famous for nothing<br \/>\nI love my fame<br \/>\nso let\u2019s talk more about me<br \/>\nI got no shame,<br \/>\nmy sex tape is coming out next week<\/center><\/p>\n<p><center>I\u2019m so crazy<br \/>\nCuz it\u2019s good for the ratings<br \/>\nso take another picture for US Weekly<br \/>\ncalling my friends<br \/>\nYou call \u2018em paparazzi <\/center><\/p>\n<p><center>Turn up the lights, cameras a go<br \/>\nGet out the way<br \/>\ncuz I\u2019m famous for nothing<br \/>\nOut every night,<br \/>\nMy life\u2019s a show<br \/>\nI\u2019m getting paid<br \/>\ncuz I\u2019m famous for nothing<br \/>\nI can\u2019t act, can\u2019t dance, can\u2019t write, can\u2019t sing<br \/>\nNo, I can\u2019t do anything<br \/>\nTurn up the lights, I love the dough<br \/>\ncuz I\u2019m famous for nothing.<\/center><\/p>\n<p><center>Oh oh oh oh <\/center><\/p>\n<p><center>Cuz I\u2019m famous for nothing<\/center><\/p>\n<p><center>Good press, bad press<br \/>\nit makes no difference to me<br \/>\nif I go to the grocery store<br \/>\nI make sure to call TMZ<br \/>\nWhen I go out<br \/>\nI get paid to party.<br \/>\nI\u2019m always on the list<br \/>\nchampagne, red carpet<br \/>\nYou fly coach<br \/>\nI only fly private<\/center><\/p>\n<p><center>Turn up the lights, cameras are go<br \/>\nGet out the way<br \/>\ncuz I\u2019m famous for nothing<br \/>\nOut every night,<br \/>\nMy life\u2019s a show<br \/>\nI\u2019m getting paid<br \/>\ncuz I\u2019m famous for nothing<br \/>\nI can\u2019t act, can\u2019t dance, can\u2019t write, can\u2019t sing<br \/>\nNo, I can\u2019t do anything<br \/>\nTurn up the lights, pile up the dough<br \/>\ncuz I\u2019m famous for nothing.<\/center><\/p>\n<p><center>I\u2019m dating someone famous<br \/>\nit makes me even more famous it\u2019s true<br \/>\nI can hear you people laughing<br \/>\ncan\u2019t you see the joke is really on you.<br \/>\nNow you follow all my ups and downs,<br \/>\nI\u2019m filling up my bank account<br \/>\nI\u2019m so big, I\u2019m so important<br \/>\nYou wanna be my friend,<br \/>\njust call my agent.<\/center><\/p>\n<p><center>Say you only got fifteen minutes<br \/>\nand mine are almost up<br \/>\nI guess I\u2019ll take the bus back home<br \/>\nwhen my spin off flops.<\/center> <\/p>\n<p><center>Turn up the lights, cameras are go<br \/>\nGet out the way<br \/>\ncuz I\u2019m famous for nothing<br \/>\nOut every night,<br \/>\nMy life\u2019s a show<br \/>\nI\u2019m getting paid<br \/>\ncuz I\u2019m famous for nothing<br \/>\nI can\u2019t act, can\u2019t dance, can\u2019t write, can\u2019t sing<br \/>\nNo, I can\u2019t do anything<br \/>\nTurn up the lights, pile up the dough<br \/>\ncuz I\u2019m famous for nothing.<\/center><\/p>\n<p><center>I got the life, too bad they know,<br \/>\nGet out the way<br \/>\ncuz I\u2019m famous for nothing<br \/>\nOut every night,<br \/>\nMy life\u2019s a show<br \/>\nI\u2019m getting paid<br \/>\ncuz I\u2019m famous for nothing<br \/>\nI can\u2019t act, can\u2019t dance, can\u2019t write, can\u2019t sing<br \/>\nNo, I can\u2019t do anything<br \/>\nTurn up the lights, pile up the dough<br \/>\ncuz I\u2019m famous for nothing.<br \/>\n<\/center><\/p>\n<div class=\"girls\"><b><u>\u010cesk\u00fd p\u0159eklad<\/u><\/b><\/div>\n<p><center><br \/>\nProto\u017ee jsem slavn\u00fd pro nic za nic<br \/>\nMiluju svoj\u00ed sl\u00e1vu<br \/>\nTak\u017ee se poj\u010fme bavit v\u00edc o mn\u011b<br \/>\nV\u016fbec se nestyd\u00edm<br \/>\nMoje dom\u00e1c\u00ed porno nahr\u00e1vka vych\u00e1z\u00ed p\u0159\u00ed\u0161t\u00ed t\u00fdden<\/center><\/p>\n<p><center>Jsem tak \u0161\u00edlen\u00fd<br \/>\nProto\u017ee je to dobr\u00e9 pro sledovanost<br \/>\nTak\u017ee po\u0159i\u010fte dal\u0161\u00ed sn\u00edmek pro US Weekly<br \/>\nZavol\u00e1m sv\u00fdm p\u0159\u00e1tel\u016fm<br \/>\n\u0158\u00edk\u00e1 se jim paparazzi<\/center><\/p>\n<p><center>Rozsvi\u0165te sv\u011btla, kamery jedou<br \/>\nJd\u011bte mi z cesty<br \/>\nProto\u017ee jsem slavn\u00fd pro nic za nic<br \/>\nPa\u0159\u00edm ka\u017edou noc<br \/>\nM\u016fj \u017eivot je show<br \/>\nPlat\u00ed mi za to<br \/>\nProto\u017ee jsem slavn\u00fd pro nic za nic<br \/>\nNeum\u00edm hr\u00e1t, neum\u00edm tan\u010dit, neum\u00edm ps\u00e1t, neum\u00edm zp\u00edvat<br \/>\nNe, neum\u00edm d\u011blat nic<br \/>\nRozsvi\u0165te sv\u011btla, miluju prachy<br \/>\nProto\u017ee jsem slavn\u00fd pro nic za nic<\/center><\/p>\n<p><center>Oh oh oh oh <\/center><\/p>\n<p><center>Proto\u017ee jsem slavn\u00fd pro nic za nic<\/center><\/p>\n<p><center>Dobr\u00fd nebo \u0161patn\u00fd \u010dl\u00e1nky v novin\u00e1ch<br \/>\nPro m\u011b v tom nen\u00ed \u017e\u00e1dn\u00fd rozd\u00edl<br \/>\nKdy\u017e jdu do supermarketu<br \/>\nNezapomenu zavolat TMZ<br \/>\nKdy\u017e jdu ven<br \/>\nPlat\u00ed mi za to, \u017ee pa\u0159\u00edm<br \/>\nV\u017edycky jsem na seznamu host\u016f<br \/>\n\u0161ampa\u0148sk\u00e9, \u010derven\u00fd koberec<br \/>\nTy l\u00edt\u00e1\u0161 v turistick\u00fd t\u0159\u00edd\u011b<br \/>\nJ\u00e1 l\u00edt\u00e1m jenom v soukrom\u00fdm letadle<\/center><\/p>\n<p><center>Rozsvi\u0165te sv\u011btla, kamery jedou<br \/>\nJd\u011bte mi z cesty<br \/>\nProto\u017ee jsem slavn\u00fd pro nic za nic<br \/>\nPa\u0159\u00edm ka\u017edou noc<br \/>\nM\u016fj \u017eivot je show<br \/>\nPlat\u00ed mi za to<br \/>\nProto\u017ee jsem slavn\u00fd pro nic za nic<br \/>\nNeum\u00edm hr\u00e1t, neum\u00edm tan\u010dit, neum\u00edm ps\u00e1t, neum\u00edm zp\u00edvat<br \/>\nNe, neum\u00edm d\u011blat nic<br \/>\nRozsvi\u0165te sv\u011btla, miluju prachy<br \/>\nProto\u017ee jsem slavn\u00fd pro nic za nic<\/center><\/p>\n<p><center>Chod\u00edm s n\u011bk\u00fdm slavn\u00fdm<br \/>\nA to ze m\u011b d\u011bl\u00e1 n\u011bkoho je\u0161t\u011b slavn\u011bj\u0161\u00edho, je to pravda<br \/>\nSly\u0161\u00edm, jak se lidi sm\u011bjou<br \/>\nCopak nevid\u00edte, \u017ee si z v\u00e1s jen utahuju<br \/>\nSledujete v\u0161echny m\u00e9 vrcholy a p\u00e1dy<br \/>\nA j\u00e1 si mezit\u00edm pln\u00edm sv\u016fj \u00fa\u010det v bance<br \/>\nJsem tak velk\u00fd, tak d\u016fle\u017eit\u00fd<br \/>\nChce\u0161 b\u00fdt m\u00fdm p\u0159\u00edtelem<br \/>\nTak zavolej m\u00e9mu agentovi<\/center><\/p>\n<p><center>\u0158\u00edk\u00e1 se, \u017ee \u010dlov\u011bk m\u00e1 jen patn\u00e1ct minut sl\u00e1vy<br \/>\nA ty moje jsou u\u017e skoro u konce<br \/>\nAsi pojedu dom\u016f autobusem<br \/>\nA\u017e se z m\u00e9ho spin-offu stane propad\u00e1k<\/center><\/p>\n<p><center>Rozsvi\u0165te sv\u011btla, kamery jedou<br \/>\nJd\u011bte mi z cesty<br \/>\nProto\u017ee jsem slavn\u00fd pro nic za nic<br \/>\nPa\u0159\u00edm ka\u017edou noc<br \/>\nM\u016fj \u017eivot je show<br \/>\nPlat\u00ed mi za to<br \/>\nProto\u017ee jsem slavn\u00fd pro nic za nic<br \/>\nNeum\u00edm hr\u00e1t, neum\u00edm tan\u010dit, neum\u00edm ps\u00e1t, neum\u00edm zp\u00edvat<br \/>\nNe, neum\u00edm d\u011blat nic<br \/>\nRozsvi\u0165te sv\u011btla, nahroma\u010fte mi prachy<br \/>\nProto\u017ee jsem slavn\u00fd pro nic za nic<\/center><\/p>\n<p><center>M\u00e1m tenhle \u017eivot, \u0161koda, \u017ee o tom v\u011bd\u00ed<br \/>\nJd\u011bte mi z cesty<br \/>\nProto\u017ee jsem slavn\u00fd pro nic za nic<br \/>\nPa\u0159\u00edm ka\u017edou noc<br \/>\nM\u016fj \u017eivot je show<br \/>\nPlat\u00ed mi za to<br \/>\nProto\u017ee jsem slavn\u00fd pro nic za nic<br \/>\nNeum\u00edm hr\u00e1t, neum\u00edm tan\u010dit, neum\u00edm ps\u00e1t, neum\u00edm zp\u00edvat<br \/>\nNe, neum\u00edm d\u011blat nic<br \/>\nRozsvi\u0165te sv\u011btla, miluju prachy<br \/>\nProto\u017ee jsem slavn\u00fd pro nic za nic<br \/>\n<\/center>\n<\/div>\n<div class=\"fblikebutton_button\" style=\"float: left; padding-top: 20px; margin-right: 20px; padding-bottom: 20px; padding-left: 20px;\"><iframe src=\"http:\/\/www.facebook.com\/plugins\/like.php?href=https%3A%2F%2Fwww.simpleplan.cz%2Fcz%2Findex.php%2Flyricscenter%2Ffamous-for-nothing%2F&amp;layout=standard&amp;show-faces=false&amp;width=450&amp;action=like&amp;colorscheme=light\" scrolling=\"no\" frameborder=\"0\" allowTransparency=\"true\" style=\"border:none; overflow:hidden; width:450px; height:26px\"><\/iframe><\/div>\n","protected":false},"excerpt":{"rendered":"<p>Z\u00e1kladn\u00ed info Auto\u0159i textu: Pierre Bouvier, Chuck Comeau D\u00e9lka p\u00edsn\u011b: 3:21 Zaj\u00edmavosti &#8211; tato p\u00edse\u0148<\/p>\n","protected":false},"author":5,"featured_media":0,"parent":15213,"menu_order":0,"comment_status":"open","ping_status":"open","template":"page-templates\/full-width.php","meta":{"footnotes":""},"yoast_head":"<!-- This site is optimized with the Yoast SEO plugin v20.9 - https:\/\/yoast.com\/wordpress\/plugins\/seo\/ -->\n<title>Famous For Nothing | CZ: SimplePlan.cz<\/title>\n<meta name=\"robots\" content=\"index, follow, max-snippet:-1, max-image-preview:large, max-video-preview:-1\" \/>\n<link rel=\"canonical\" href=\"https:\/\/www.simpleplan.cz\/cz\/index.php\/lyricscenter\/famous-for-nothing\/\" \/>\n<meta property=\"og:locale\" content=\"cs_CZ\" \/>\n<meta property=\"og:type\" content=\"article\" \/>\n<meta property=\"og:title\" content=\"Famous For Nothing | CZ: SimplePlan.cz\" \/>\n<meta property=\"og:description\" content=\"Z\u00e1kladn\u00ed info Auto\u0159i textu: Pierre Bouvier, Chuck Comeau D\u00e9lka p\u00edsn\u011b: 3:21 Zaj\u00edmavosti &#8211; tato p\u00edse\u0148\" \/>\n<meta property=\"og:url\" content=\"https:\/\/www.simpleplan.cz\/cz\/index.php\/lyricscenter\/famous-for-nothing\/\" \/>\n<meta property=\"og:site_name\" content=\"CZ: SimplePlan.cz\" \/>\n<meta property=\"article:publisher\" content=\"http:\/\/www.facebook.com\/simpleplancz\" \/>\n<meta property=\"article:modified_time\" content=\"2023-06-26T07:30:19+00:00\" \/>\n<meta property=\"og:image\" content=\"http:\/\/www.simpleplan.cz\/cz\/wp-content\/uploads\/logo.gif\" \/>\n<meta name=\"twitter:card\" content=\"summary_large_image\" \/>\n<meta name=\"twitter:site\" content=\"@simpleplancz\" \/>\n<meta name=\"twitter:label1\" content=\"Odhadovan\u00e1 doba \u010dten\u00ed\" \/>\n\t<meta name=\"twitter:data1\" content=\"6 minut\" \/>\n<script type=\"application\/ld+json\" class=\"yoast-schema-graph\">{\"@context\":\"https:\/\/schema.org\",\"@graph\":[{\"@type\":\"WebPage\",\"@id\":\"https:\/\/www.simpleplan.cz\/cz\/index.php\/lyricscenter\/famous-for-nothing\/\",\"url\":\"https:\/\/www.simpleplan.cz\/cz\/index.php\/lyricscenter\/famous-for-nothing\/\",\"name\":\"Famous For Nothing | CZ: SimplePlan.cz\",\"isPartOf\":{\"@id\":\"https:\/\/www.simpleplan.cz\/cz\/#website\"},\"datePublished\":\"2014-08-10T10:29:14+00:00\",\"dateModified\":\"2023-06-26T07:30:19+00:00\",\"breadcrumb\":{\"@id\":\"https:\/\/www.simpleplan.cz\/cz\/index.php\/lyricscenter\/famous-for-nothing\/#breadcrumb\"},\"inLanguage\":\"cs\",\"potentialAction\":[{\"@type\":\"ReadAction\",\"target\":[\"https:\/\/www.simpleplan.cz\/cz\/index.php\/lyricscenter\/famous-for-nothing\/\"]}]},{\"@type\":\"BreadcrumbList\",\"@id\":\"https:\/\/www.simpleplan.cz\/cz\/index.php\/lyricscenter\/famous-for-nothing\/#breadcrumb\",\"itemListElement\":[{\"@type\":\"ListItem\",\"position\":1,\"name\":\"Dom\u016f\",\"item\":\"https:\/\/www.simpleplan.cz\/cz\/\"},{\"@type\":\"ListItem\",\"position\":2,\"name\":\"Texty p\u00edsn\u00ed\",\"item\":\"https:\/\/www.simpleplan.cz\/cz\/index.php\/lyricscenter\/\"},{\"@type\":\"ListItem\",\"position\":3,\"name\":\"Famous For Nothing\"}]},{\"@type\":\"WebSite\",\"@id\":\"https:\/\/www.simpleplan.cz\/cz\/#website\",\"url\":\"https:\/\/www.simpleplan.cz\/cz\/\",\"name\":\"CZ: SimplePlan.cz\",\"description\":\"Nejlep\u0161\u00ed zdroj informac\u00ed o kapele Simple Plan\",\"publisher\":{\"@id\":\"https:\/\/www.simpleplan.cz\/cz\/#organization\"},\"potentialAction\":[{\"@type\":\"SearchAction\",\"target\":{\"@type\":\"EntryPoint\",\"urlTemplate\":\"https:\/\/www.simpleplan.cz\/cz\/?s={search_term_string}\"},\"query-input\":\"required name=search_term_string\"}],\"inLanguage\":\"cs\"},{\"@type\":\"Organization\",\"@id\":\"https:\/\/www.simpleplan.cz\/cz\/#organization\",\"name\":\"CZ: SimplePlan.cz\",\"url\":\"https:\/\/www.simpleplan.cz\/cz\/\",\"logo\":{\"@type\":\"ImageObject\",\"inLanguage\":\"cs\",\"@id\":\"https:\/\/www.simpleplan.cz\/cz\/#\/schema\/logo\/image\/\",\"url\":\"https:\/\/www.simpleplan.cz\/cz\/wp-content\/uploads\/spczlogo.png\",\"contentUrl\":\"https:\/\/www.simpleplan.cz\/cz\/wp-content\/uploads\/spczlogo.png\",\"width\":250,\"height\":190,\"caption\":\"CZ: SimplePlan.cz\"},\"image\":{\"@id\":\"https:\/\/www.simpleplan.cz\/cz\/#\/schema\/logo\/image\/\"},\"sameAs\":[\"http:\/\/www.facebook.com\/simpleplancz\",\"https:\/\/twitter.com\/simpleplancz\",\"http:\/\/www.instagram.com\/simpleplancz\",\"http:\/\/www.youtube.com\/simpleplancz\"]}]}<\/script>\n<!-- \/ Yoast SEO plugin. -->","yoast_head_json":{"title":"Famous For Nothing | CZ: SimplePlan.cz","robots":{"index":"index","follow":"follow","max-snippet":"max-snippet:-1","max-image-preview":"max-image-preview:large","max-video-preview":"max-video-preview:-1"},"canonical":"https:\/\/www.simpleplan.cz\/cz\/index.php\/lyricscenter\/famous-for-nothing\/","og_locale":"cs_CZ","og_type":"article","og_title":"Famous For Nothing | CZ: SimplePlan.cz","og_description":"Z\u00e1kladn\u00ed info Auto\u0159i textu: Pierre Bouvier, Chuck Comeau D\u00e9lka p\u00edsn\u011b: 3:21 Zaj\u00edmavosti &#8211; tato p\u00edse\u0148","og_url":"https:\/\/www.simpleplan.cz\/cz\/index.php\/lyricscenter\/famous-for-nothing\/","og_site_name":"CZ: SimplePlan.cz","article_publisher":"http:\/\/www.facebook.com\/simpleplancz","article_modified_time":"2023-06-26T07:30:19+00:00","og_image":[{"url":"http:\/\/www.simpleplan.cz\/cz\/wp-content\/uploads\/logo.gif"}],"twitter_card":"summary_large_image","twitter_site":"@simpleplancz","twitter_misc":{"Odhadovan\u00e1 doba \u010dten\u00ed":"6 minut"},"schema":{"@context":"https:\/\/schema.org","@graph":[{"@type":"WebPage","@id":"https:\/\/www.simpleplan.cz\/cz\/index.php\/lyricscenter\/famous-for-nothing\/","url":"https:\/\/www.simpleplan.cz\/cz\/index.php\/lyricscenter\/famous-for-nothing\/","name":"Famous For Nothing | CZ: SimplePlan.cz","isPartOf":{"@id":"https:\/\/www.simpleplan.cz\/cz\/#website"},"datePublished":"2014-08-10T10:29:14+00:00","dateModified":"2023-06-26T07:30:19+00:00","breadcrumb":{"@id":"https:\/\/www.simpleplan.cz\/cz\/index.php\/lyricscenter\/famous-for-nothing\/#breadcrumb"},"inLanguage":"cs","potentialAction":[{"@type":"ReadAction","target":["https:\/\/www.simpleplan.cz\/cz\/index.php\/lyricscenter\/famous-for-nothing\/"]}]},{"@type":"BreadcrumbList","@id":"https:\/\/www.simpleplan.cz\/cz\/index.php\/lyricscenter\/famous-for-nothing\/#breadcrumb","itemListElement":[{"@type":"ListItem","position":1,"name":"Dom\u016f","item":"https:\/\/www.simpleplan.cz\/cz\/"},{"@type":"ListItem","position":2,"name":"Texty p\u00edsn\u00ed","item":"https:\/\/www.simpleplan.cz\/cz\/index.php\/lyricscenter\/"},{"@type":"ListItem","position":3,"name":"Famous For Nothing"}]},{"@type":"WebSite","@id":"https:\/\/www.simpleplan.cz\/cz\/#website","url":"https:\/\/www.simpleplan.cz\/cz\/","name":"CZ: SimplePlan.cz","description":"Nejlep\u0161\u00ed zdroj informac\u00ed o kapele Simple Plan","publisher":{"@id":"https:\/\/www.simpleplan.cz\/cz\/#organization"},"potentialAction":[{"@type":"SearchAction","target":{"@type":"EntryPoint","urlTemplate":"https:\/\/www.simpleplan.cz\/cz\/?s={search_term_string}"},"query-input":"required name=search_term_string"}],"inLanguage":"cs"},{"@type":"Organization","@id":"https:\/\/www.simpleplan.cz\/cz\/#organization","name":"CZ: SimplePlan.cz","url":"https:\/\/www.simpleplan.cz\/cz\/","logo":{"@type":"ImageObject","inLanguage":"cs","@id":"https:\/\/www.simpleplan.cz\/cz\/#\/schema\/logo\/image\/","url":"https:\/\/www.simpleplan.cz\/cz\/wp-content\/uploads\/spczlogo.png","contentUrl":"https:\/\/www.simpleplan.cz\/cz\/wp-content\/uploads\/spczlogo.png","width":250,"height":190,"caption":"CZ: SimplePlan.cz"},"image":{"@id":"https:\/\/www.simpleplan.cz\/cz\/#\/schema\/logo\/image\/"},"sameAs":["http:\/\/www.facebook.com\/simpleplancz","https:\/\/twitter.com\/simpleplancz","http:\/\/www.instagram.com\/simpleplancz","http:\/\/www.youtube.com\/simpleplancz"]}]}},"_links":{"self":[{"href":"https:\/\/www.simpleplan.cz\/cz\/index.php\/wp-json\/wp\/v2\/pages\/15454"}],"collection":[{"href":"https:\/\/www.simpleplan.cz\/cz\/index.php\/wp-json\/wp\/v2\/pages"}],"about":[{"href":"https:\/\/www.simpleplan.cz\/cz\/index.php\/wp-json\/wp\/v2\/types\/page"}],"author":[{"embeddable":true,"href":"https:\/\/www.simpleplan.cz\/cz\/index.php\/wp-json\/wp\/v2\/users\/5"}],"replies":[{"embeddable":true,"href":"https:\/\/www.simpleplan.cz\/cz\/index.php\/wp-json\/wp\/v2\/comments?post=15454"}],"version-history":[{"count":4,"href":"https:\/\/www.simpleplan.cz\/cz\/index.php\/wp-json\/wp\/v2\/pages\/15454\/revisions"}],"predecessor-version":[{"id":23310,"href":"https:\/\/www.simpleplan.cz\/cz\/index.php\/wp-json\/wp\/v2\/pages\/15454\/revisions\/23310"}],"up":[{"embeddable":true,"href":"https:\/\/www.simpleplan.cz\/cz\/index.php\/wp-json\/wp\/v2\/pages\/15213"}],"wp:attachment":[{"href":"https:\/\/www.simpleplan.cz\/cz\/index.php\/wp-json\/wp\/v2\/media?parent=15454"}],"curies":[{"name":"wp","href":"https:\/\/api.w.org\/{rel}","templated":true}]}}