{"id":15456,"date":"2014-08-10T12:31:33","date_gmt":"2014-08-10T10:31:33","guid":{"rendered":"http:\/\/www.simpleplan.cz\/cz\/?page_id=15456"},"modified":"2023-06-26T09:30:19","modified_gmt":"2023-06-26T07:30:19","slug":"just-around-the-corner","status":"publish","type":"page","link":"https:\/\/www.simpleplan.cz\/cz\/index.php\/lyricscenter\/just-around-the-corner\/","title":{"rendered":"Just Around The Corner"},"content":{"rendered":"<div class=\"pagecontent\">\n<div class=\"girls\"><b><u>Z\u00e1kladn\u00ed info<\/u><\/b><\/div>\n<p><b>Auto\u0159i textu:<\/b> Pierre Bouvier, Chuck Comeau<br \/>\n<b>D\u00e9lka p\u00edsn\u011b:<\/b> 3:45<\/p>\n<div class=\"girls\"><b><u>Zaj\u00edmavosti<\/u><\/b><\/div>\n<p>&#8211; tato p\u00edse\u0148 nem\u011bla nikdy spat\u0159it sv\u011btlo sv\u011bta &#8211; bez v\u011bdom\u00ed kapely v\u0161ak pronikla na internet b\u011bhem skl\u00e1d\u00e1n\u00ed p\u00edsn\u00ed pro Get Your Heart On!<\/p>\n<div class=\"girls\"><b><u>Text p\u00edsn\u011b<\/u><\/b><\/div>\n<p><center><br \/>\nI thought I saw you in my head<br \/>\nHow\u2019d you slip away again?<br \/>\nWhere did you go?<br \/>\nWhere did you go?<\/center><\/p>\n<p><center>I came so close so many times,<br \/>\nEven almost lost my mind,<br \/>\nTrying to find you,<br \/>\nTrying to find you.<\/center><\/p>\n<p><center>How could this city feel so lonely?<br \/>\nIt\u2019s hard to believe when people tell me<br \/>\nDon\u2019t give up when it all comes down<br \/>\nOnly things that you lost are found<br \/>\nJust around the corner,<br \/>\nJust around the corner<\/center><\/p>\n<p><center>When you don\u2019t think you can take no more<br \/>\nYou might find what you\u2019re searching for<br \/>\nJust around the corner,<br \/>\nIt\u2019s just around the corner, yeah.<br \/>\nIt\u2019s just around the corner<\/center><\/p>\n<p><center>If I knew where you are somehow,<br \/>\nI\u2019d be running there right now<br \/>\nNo matter how far,<br \/>\nNo matter how far<\/center><\/p>\n<p><center>This would be easier if only<br \/>\nI could believe what people tell me<\/center><\/p>\n<p><center>Don\u2019t give up when it all comes down<br \/>\nOnly things that you lost are found<br \/>\nJust around the corner,<br \/>\nJust around the corner<br \/>\nWhen you don\u2019t think you can take no more<br \/>\nYou might find what you\u2019re searching for<br \/>\nJust around the corner<br \/>\nIt\u2019s just around the corner, yeah.<br \/>\nIt\u2019s just around the corner, yeah.<br \/>\nJust around the corner<\/center><\/p>\n<p><center>I swear the stars look like they&#8217;re crying<br \/>\nWaiting for love can feel like dying, whoa<\/center><\/p>\n<p><center>Don\u2019t give up when it all comes down<br \/>\nOnly things that you lost are found<br \/>\nJust around the corner,<br \/>\nJust around the corner<\/center><\/p>\n<p><center>When you don\u2019t think you can take no more<br \/>\nYou might find what you\u2019re searching for<br \/>\nJust around the corner<br \/>\nIt\u2019s just around the corner, yeah.<br \/>\nJust around the corner<br \/>\nIt\u2019s just around the corner, yeah.<br \/>\nJust around the corner<br \/>\nIt\u2019s just around the corner<br \/>\n<\/center><\/p>\n<div class=\"girls\"><b><u>\u010cesk\u00fd p\u0159eklad<\/u><\/b><\/div>\n<p><center><br \/>\nMyslel jsem si, \u017ee jsem t\u011b vid\u011bl ve sv\u00e9 hlav\u011b<br \/>\nJak jsi mi zase vyklouzla?<br \/>\nKam jsi \u0161la?<br \/>\nKam jsi \u0161la?<\/center><\/p>\n<p><center>Byl jsem tak bl\u00edzko u\u017e tolikr\u00e1t,<br \/>\nU\u017e jsem se z toho skoro zbl\u00e1znil,<br \/>\nJak jsem se t\u011b sna\u017eil naj\u00edt,<br \/>\nJak jsem se t\u011b sna\u017eil naj\u00edt.<\/center><\/p>\n<p><center>Pro\u010d mi tohle m\u011bsto p\u0159ipad\u00e1 tak osam\u011bl\u00e9?<br \/>\nJe t\u011b\u017ek\u00e9 uv\u011b\u0159it, kdy\u017e mi lid\u00e9 \u0159\u00edkaj\u00ed<br \/>\n&#8222;Nevzd\u00e1vej to, kdy\u017e je ti nejh\u016f\u0159<br \/>\nJenom v\u011bci, kter\u00e9 jsi ztratil m\u016f\u017ee\u0161 nal\u00e9zt<br \/>\nHned za rohem,<br \/>\nHned za rohem<\/center><\/p>\n<p><center>Kdy\u017e si mysl\u00ed\u0161, \u017ee u\u017e to nevydr\u017e\u00ed\u0161<br \/>\nM\u016f\u017ee\u0161 nal\u00e9zt to, co hled\u00e1\u0161<br \/>\nHned za rohem,<br \/>\nJe to hned za rohem, jo.<br \/>\nJe to hned za rohem.<\/center><\/p>\n<p><center>Kdybych n\u011bjak v\u011bd\u011bl, kde jsi,<br \/>\nHned bych tam b\u011b\u017eel<br \/>\nA bylo by jedno, jak daleko,<br \/>\nA bylo by jedno, jak daleko<\/center><\/p>\n<p><center>Bylo by to jednodu\u0161\u0161\u00ed, kdybych<br \/>\nMohl uv\u011b\u0159it tomu, kdy\u017e mi lid\u00e9 \u0159\u00edkaj\u00ed:<\/center><\/p>\n<p><center>Nevzd\u00e1vej to, kdy\u017e je ti nejh\u016f\u0159<br \/>\nJenom v\u011bci, kter\u00e9 jsi ztratil m\u016f\u017ee\u0161 nal\u00e9zt<br \/>\nHned za rohem,<br \/>\nHned za rohem<br \/>\n<\/center><br \/>\n<center>Kdy\u017e si mysl\u00ed\u0161, \u017ee u\u017e to nevydr\u017e\u00ed\u0161<br \/>\nM\u016f\u017ee\u0161 nal\u00e9zt to, co hled\u00e1\u0161<br \/>\nHned za rohem,<br \/>\nJe to hned za rohem, jo.<br \/>\nJe to hned za rohem, jo.<br \/>\nHned za rohem.<\/center><\/p>\n<p><center>P\u0159\u00edsah\u00e1m, \u017ee hv\u011bzdy vypadaj\u00ed, jako kdyby plakaly,<br \/>\n\u010cek\u00e1n\u00ed na l\u00e1sku m\u016f\u017ee \u010dlov\u011bku p\u0159ipadat jako, kdyby um\u00edral, whoa<\/center><\/p>\n<p><center>Nevzd\u00e1vej to, kdy\u017e je ti nejh\u016f\u0159<br \/>\nJenom v\u011bci, kter\u00e9 jsi ztratil m\u016f\u017ee\u0161 nal\u00e9zt<br \/>\nHned za rohem,<br \/>\nHned za rohem<\/center><\/p>\n<p><center>Kdy\u017e si mysl\u00ed\u0161, \u017ee u\u017e to nevydr\u017e\u00ed\u0161<br \/>\nM\u016f\u017ee\u0161 nal\u00e9zt to, co hled\u00e1\u0161<br \/>\nHned za rohem,<br \/>\nJe to hned za rohem, jo.<br \/>\nHned za rohem,<br \/>\nJe to hned za rohem, jo.<br \/>\nHned za rohem.<br \/>\nJe to hned za rohem.<br \/>\n<\/center>\n<\/div>\n<div class=\"fblikebutton_button\" style=\"float: left; padding-top: 20px; margin-right: 20px; padding-bottom: 20px; padding-left: 20px;\"><iframe src=\"http:\/\/www.facebook.com\/plugins\/like.php?href=https%3A%2F%2Fwww.simpleplan.cz%2Fcz%2Findex.php%2Flyricscenter%2Fjust-around-the-corner%2F&amp;layout=standard&amp;show-faces=false&amp;width=450&amp;action=like&amp;colorscheme=light\" scrolling=\"no\" frameborder=\"0\" allowTransparency=\"true\" style=\"border:none; overflow:hidden; width:450px; height:26px\"><\/iframe><\/div>\n","protected":false},"excerpt":{"rendered":"<p>Z\u00e1kladn\u00ed info Auto\u0159i textu: Pierre Bouvier, Chuck Comeau D\u00e9lka p\u00edsn\u011b: 3:45 Zaj\u00edmavosti &#8211; tato p\u00edse\u0148<\/p>\n","protected":false},"author":5,"featured_media":0,"parent":15213,"menu_order":0,"comment_status":"open","ping_status":"open","template":"page-templates\/full-width.php","meta":{"footnotes":""},"yoast_head":"<!-- This site is optimized with the Yoast SEO plugin v20.9 - https:\/\/yoast.com\/wordpress\/plugins\/seo\/ -->\n<title>Just Around The Corner | CZ: SimplePlan.cz<\/title>\n<meta name=\"robots\" content=\"index, follow, max-snippet:-1, max-image-preview:large, max-video-preview:-1\" \/>\n<link rel=\"canonical\" href=\"https:\/\/www.simpleplan.cz\/cz\/index.php\/lyricscenter\/just-around-the-corner\/\" \/>\n<meta property=\"og:locale\" content=\"cs_CZ\" \/>\n<meta property=\"og:type\" content=\"article\" \/>\n<meta property=\"og:title\" content=\"Just Around The Corner | CZ: SimplePlan.cz\" \/>\n<meta property=\"og:description\" content=\"Z\u00e1kladn\u00ed info Auto\u0159i textu: Pierre Bouvier, Chuck Comeau D\u00e9lka p\u00edsn\u011b: 3:45 Zaj\u00edmavosti &#8211; tato p\u00edse\u0148\" \/>\n<meta property=\"og:url\" content=\"https:\/\/www.simpleplan.cz\/cz\/index.php\/lyricscenter\/just-around-the-corner\/\" \/>\n<meta property=\"og:site_name\" content=\"CZ: SimplePlan.cz\" \/>\n<meta property=\"article:publisher\" content=\"http:\/\/www.facebook.com\/simpleplancz\" \/>\n<meta property=\"article:modified_time\" content=\"2023-06-26T07:30:19+00:00\" \/>\n<meta property=\"og:image\" content=\"http:\/\/www.simpleplan.cz\/cz\/wp-content\/uploads\/logo.gif\" \/>\n<meta name=\"twitter:card\" content=\"summary_large_image\" \/>\n<meta name=\"twitter:site\" content=\"@simpleplancz\" \/>\n<meta name=\"twitter:label1\" content=\"Odhadovan\u00e1 doba \u010dten\u00ed\" \/>\n\t<meta name=\"twitter:data1\" content=\"3 minuty\" \/>\n<script type=\"application\/ld+json\" class=\"yoast-schema-graph\">{\"@context\":\"https:\/\/schema.org\",\"@graph\":[{\"@type\":\"WebPage\",\"@id\":\"https:\/\/www.simpleplan.cz\/cz\/index.php\/lyricscenter\/just-around-the-corner\/\",\"url\":\"https:\/\/www.simpleplan.cz\/cz\/index.php\/lyricscenter\/just-around-the-corner\/\",\"name\":\"Just Around The Corner | CZ: SimplePlan.cz\",\"isPartOf\":{\"@id\":\"https:\/\/www.simpleplan.cz\/cz\/#website\"},\"datePublished\":\"2014-08-10T10:31:33+00:00\",\"dateModified\":\"2023-06-26T07:30:19+00:00\",\"breadcrumb\":{\"@id\":\"https:\/\/www.simpleplan.cz\/cz\/index.php\/lyricscenter\/just-around-the-corner\/#breadcrumb\"},\"inLanguage\":\"cs\",\"potentialAction\":[{\"@type\":\"ReadAction\",\"target\":[\"https:\/\/www.simpleplan.cz\/cz\/index.php\/lyricscenter\/just-around-the-corner\/\"]}]},{\"@type\":\"BreadcrumbList\",\"@id\":\"https:\/\/www.simpleplan.cz\/cz\/index.php\/lyricscenter\/just-around-the-corner\/#breadcrumb\",\"itemListElement\":[{\"@type\":\"ListItem\",\"position\":1,\"name\":\"Dom\u016f\",\"item\":\"https:\/\/www.simpleplan.cz\/cz\/\"},{\"@type\":\"ListItem\",\"position\":2,\"name\":\"Texty p\u00edsn\u00ed\",\"item\":\"https:\/\/www.simpleplan.cz\/cz\/index.php\/lyricscenter\/\"},{\"@type\":\"ListItem\",\"position\":3,\"name\":\"Just Around The Corner\"}]},{\"@type\":\"WebSite\",\"@id\":\"https:\/\/www.simpleplan.cz\/cz\/#website\",\"url\":\"https:\/\/www.simpleplan.cz\/cz\/\",\"name\":\"CZ: SimplePlan.cz\",\"description\":\"Nejlep\u0161\u00ed zdroj informac\u00ed o kapele Simple Plan\",\"publisher\":{\"@id\":\"https:\/\/www.simpleplan.cz\/cz\/#organization\"},\"potentialAction\":[{\"@type\":\"SearchAction\",\"target\":{\"@type\":\"EntryPoint\",\"urlTemplate\":\"https:\/\/www.simpleplan.cz\/cz\/?s={search_term_string}\"},\"query-input\":\"required name=search_term_string\"}],\"inLanguage\":\"cs\"},{\"@type\":\"Organization\",\"@id\":\"https:\/\/www.simpleplan.cz\/cz\/#organization\",\"name\":\"CZ: SimplePlan.cz\",\"url\":\"https:\/\/www.simpleplan.cz\/cz\/\",\"logo\":{\"@type\":\"ImageObject\",\"inLanguage\":\"cs\",\"@id\":\"https:\/\/www.simpleplan.cz\/cz\/#\/schema\/logo\/image\/\",\"url\":\"https:\/\/www.simpleplan.cz\/cz\/wp-content\/uploads\/spczlogo.png\",\"contentUrl\":\"https:\/\/www.simpleplan.cz\/cz\/wp-content\/uploads\/spczlogo.png\",\"width\":250,\"height\":190,\"caption\":\"CZ: SimplePlan.cz\"},\"image\":{\"@id\":\"https:\/\/www.simpleplan.cz\/cz\/#\/schema\/logo\/image\/\"},\"sameAs\":[\"http:\/\/www.facebook.com\/simpleplancz\",\"https:\/\/twitter.com\/simpleplancz\",\"http:\/\/www.instagram.com\/simpleplancz\",\"http:\/\/www.youtube.com\/simpleplancz\"]}]}<\/script>\n<!-- \/ Yoast SEO plugin. -->","yoast_head_json":{"title":"Just Around The Corner | CZ: SimplePlan.cz","robots":{"index":"index","follow":"follow","max-snippet":"max-snippet:-1","max-image-preview":"max-image-preview:large","max-video-preview":"max-video-preview:-1"},"canonical":"https:\/\/www.simpleplan.cz\/cz\/index.php\/lyricscenter\/just-around-the-corner\/","og_locale":"cs_CZ","og_type":"article","og_title":"Just Around The Corner | CZ: SimplePlan.cz","og_description":"Z\u00e1kladn\u00ed info Auto\u0159i textu: Pierre Bouvier, Chuck Comeau D\u00e9lka p\u00edsn\u011b: 3:45 Zaj\u00edmavosti &#8211; tato p\u00edse\u0148","og_url":"https:\/\/www.simpleplan.cz\/cz\/index.php\/lyricscenter\/just-around-the-corner\/","og_site_name":"CZ: SimplePlan.cz","article_publisher":"http:\/\/www.facebook.com\/simpleplancz","article_modified_time":"2023-06-26T07:30:19+00:00","og_image":[{"url":"http:\/\/www.simpleplan.cz\/cz\/wp-content\/uploads\/logo.gif"}],"twitter_card":"summary_large_image","twitter_site":"@simpleplancz","twitter_misc":{"Odhadovan\u00e1 doba \u010dten\u00ed":"3 minuty"},"schema":{"@context":"https:\/\/schema.org","@graph":[{"@type":"WebPage","@id":"https:\/\/www.simpleplan.cz\/cz\/index.php\/lyricscenter\/just-around-the-corner\/","url":"https:\/\/www.simpleplan.cz\/cz\/index.php\/lyricscenter\/just-around-the-corner\/","name":"Just Around The Corner | CZ: SimplePlan.cz","isPartOf":{"@id":"https:\/\/www.simpleplan.cz\/cz\/#website"},"datePublished":"2014-08-10T10:31:33+00:00","dateModified":"2023-06-26T07:30:19+00:00","breadcrumb":{"@id":"https:\/\/www.simpleplan.cz\/cz\/index.php\/lyricscenter\/just-around-the-corner\/#breadcrumb"},"inLanguage":"cs","potentialAction":[{"@type":"ReadAction","target":["https:\/\/www.simpleplan.cz\/cz\/index.php\/lyricscenter\/just-around-the-corner\/"]}]},{"@type":"BreadcrumbList","@id":"https:\/\/www.simpleplan.cz\/cz\/index.php\/lyricscenter\/just-around-the-corner\/#breadcrumb","itemListElement":[{"@type":"ListItem","position":1,"name":"Dom\u016f","item":"https:\/\/www.simpleplan.cz\/cz\/"},{"@type":"ListItem","position":2,"name":"Texty p\u00edsn\u00ed","item":"https:\/\/www.simpleplan.cz\/cz\/index.php\/lyricscenter\/"},{"@type":"ListItem","position":3,"name":"Just Around The Corner"}]},{"@type":"WebSite","@id":"https:\/\/www.simpleplan.cz\/cz\/#website","url":"https:\/\/www.simpleplan.cz\/cz\/","name":"CZ: SimplePlan.cz","description":"Nejlep\u0161\u00ed zdroj informac\u00ed o kapele Simple Plan","publisher":{"@id":"https:\/\/www.simpleplan.cz\/cz\/#organization"},"potentialAction":[{"@type":"SearchAction","target":{"@type":"EntryPoint","urlTemplate":"https:\/\/www.simpleplan.cz\/cz\/?s={search_term_string}"},"query-input":"required name=search_term_string"}],"inLanguage":"cs"},{"@type":"Organization","@id":"https:\/\/www.simpleplan.cz\/cz\/#organization","name":"CZ: SimplePlan.cz","url":"https:\/\/www.simpleplan.cz\/cz\/","logo":{"@type":"ImageObject","inLanguage":"cs","@id":"https:\/\/www.simpleplan.cz\/cz\/#\/schema\/logo\/image\/","url":"https:\/\/www.simpleplan.cz\/cz\/wp-content\/uploads\/spczlogo.png","contentUrl":"https:\/\/www.simpleplan.cz\/cz\/wp-content\/uploads\/spczlogo.png","width":250,"height":190,"caption":"CZ: SimplePlan.cz"},"image":{"@id":"https:\/\/www.simpleplan.cz\/cz\/#\/schema\/logo\/image\/"},"sameAs":["http:\/\/www.facebook.com\/simpleplancz","https:\/\/twitter.com\/simpleplancz","http:\/\/www.instagram.com\/simpleplancz","http:\/\/www.youtube.com\/simpleplancz"]}]}},"_links":{"self":[{"href":"https:\/\/www.simpleplan.cz\/cz\/index.php\/wp-json\/wp\/v2\/pages\/15456"}],"collection":[{"href":"https:\/\/www.simpleplan.cz\/cz\/index.php\/wp-json\/wp\/v2\/pages"}],"about":[{"href":"https:\/\/www.simpleplan.cz\/cz\/index.php\/wp-json\/wp\/v2\/types\/page"}],"author":[{"embeddable":true,"href":"https:\/\/www.simpleplan.cz\/cz\/index.php\/wp-json\/wp\/v2\/users\/5"}],"replies":[{"embeddable":true,"href":"https:\/\/www.simpleplan.cz\/cz\/index.php\/wp-json\/wp\/v2\/comments?post=15456"}],"version-history":[{"count":4,"href":"https:\/\/www.simpleplan.cz\/cz\/index.php\/wp-json\/wp\/v2\/pages\/15456\/revisions"}],"predecessor-version":[{"id":23309,"href":"https:\/\/www.simpleplan.cz\/cz\/index.php\/wp-json\/wp\/v2\/pages\/15456\/revisions\/23309"}],"up":[{"embeddable":true,"href":"https:\/\/www.simpleplan.cz\/cz\/index.php\/wp-json\/wp\/v2\/pages\/15213"}],"wp:attachment":[{"href":"https:\/\/www.simpleplan.cz\/cz\/index.php\/wp-json\/wp\/v2\/media?parent=15456"}],"curies":[{"name":"wp","href":"https:\/\/api.w.org\/{rel}","templated":true}]}}