{"id":15458,"date":"2014-08-10T12:39:05","date_gmt":"2014-08-10T10:39:05","guid":{"rendered":"http:\/\/www.simpleplan.cz\/cz\/?page_id=15458"},"modified":"2023-06-26T09:30:19","modified_gmt":"2023-06-26T07:30:19","slug":"nslyg","status":"publish","type":"page","link":"https:\/\/www.simpleplan.cz\/cz\/index.php\/lyricscenter\/nslyg\/","title":{"rendered":"Never Should&#8217;ve Let You Go"},"content":{"rendered":"<div class=\"pagecontent\">\n<div class=\"girls\"><b><u>Z\u00e1kladn\u00ed info<\/u><\/b><\/div>\n<p><b>Album:<\/b> Get Your Heart On! [bonusov\u00fd song]<br \/>\n<b>Auto\u0159i textu:<\/b> Pierre Bouvier, Chuck Comeau<br \/>\n<b>D\u00e9lka p\u00edsn\u011b:<\/b> 4:23<\/p>\n<div class=\"girls\"><b><u>Zaj\u00edmavosti<\/u><\/b><\/div>\n<p>P\u00edse\u0148 &#8222;Never Should&#8217;ve Let You Go&#8220; byla naps\u00e1na a nahr\u00e1na b\u011bhem procesu skl\u00e1d\u00e1n\u00ed a nahr\u00e1v\u00e1n\u00ed t\u0159et\u00edho alba Simple Plan, ale nakonec byla vyd\u00e1na a\u017e jako bonusov\u00e1 p\u00edse\u0148 na \u010dtvrt\u00e9m albu kapely.<\/p>\n<div class=\"girls\"><b><u>Text p\u00edsn\u011b<\/u><\/b><\/div>\n<p><center><br \/>\nI&#8217;m coming home to an empty room<br \/>\nmy head is spinning on a Sunday afternoon<br \/>\nthere was a time when I had it all<br \/>\nI can still remember but I&#8217;m barely hanging on<\/center><\/p>\n<p><center>So tell me what to do to make you change you&#8217;re mind<br \/>\nI wish that I could find a way to turn back time<br \/>\ncause life&#8217;s just not the same since you&#8217;ve been gone.<\/center><\/p>\n<p><center>I never should have let you go<br \/>\ncause I&#8217;m falling to pieces<br \/>\nI just wanna let you know<br \/>\nthat I can&#8217;t keep pretending<br \/>\nI never should have let you go<br \/>\nyou&#8217;re so far away<br \/>\nand I just can&#8217;t live without you<br \/>\nI just can&#8217;t breathe without you<br \/>\nI never should have let you go.<br \/>\nWhat&#8217;s on you&#8217;re mind and tell me what do you see<br \/>\nand tell me who you think of when you just can&#8217;t fall asleep<br \/>\nand all the things I took for granted moments gone forever wasted<br \/>\nall the stupid things I did I&#8217;d take them back<\/center><\/p>\n<p><center>So tell me what to do to make you change you&#8217;re mind<br \/>\nI wish that I could find a way to turn back time<br \/>\ncause I&#8217;m just not the same since you&#8217;ve been gone.<\/center><\/p>\n<p><center>I never should have let you go<br \/>\ncause I&#8217;m falling to pieces<br \/>\nand I just wanna let you know<br \/>\nthat I can&#8217;t keep pretending<br \/>\nI never should have let you go<br \/>\nyou&#8217;re so far away<br \/>\nand I just can&#8217;t live without you<br \/>\nI just can&#8217;t breathe without you<br \/>\nI never should have let you go.<\/center><\/p>\n<p><center>And now every single day that I spend without you<br \/>\ngetting through the night is the hardest thing to do<br \/>\nsince you walked away<br \/>\nI guess you&#8217;ll never know what its like to miss you<br \/>\nI try to get a grip put my life back into place its not the same.<\/center><\/p>\n<p><center>I&#8217;m coming home to an empty room<br \/>\nmy head is spinning on a Sunday afternoon.<\/center><\/p>\n<p><center>Cause I&#8217;m falling to pieces I just wanna let you know<br \/>\nthat I can&#8217;t keep pretending<br \/>\nI never should have let you go<br \/>\nyou&#8217;re so far away and I just can&#8217;t live without you<br \/>\nI just can&#8217;t breathe without you<br \/>\nI never should have let you go.<br \/>\nI&#8217;m never gonna let you go.<br \/>\nI never should have let you go.<br \/>\nI&#8217;m never gonna let you go.<br \/>\nI never should have let you go.<br \/>\n<\/center><\/p>\n<div class=\"girls\"><b><u>\u010cesk\u00fd p\u0159eklad<\/u><\/b><\/div>\n<p><center><br \/>\nP\u0159ijdu dom\u016f do pr\u00e1zdn\u00e9ho pokoje<br \/>\nHlava se mi to\u010d\u00ed v ned\u011bli odpoledne<br \/>\nKdysi jsem m\u00edval v\u0161echno<br \/>\nPo\u0159\u00e1d si to pamatuju a jen tak-tak se dr\u017e\u00edm pohromad\u011b<\/center><\/p>\n<p><center>Tak mi \u0159ekni, co m\u00e1m ud\u011blat, aby jsi zm\u011bnila n\u00e1zor<br \/>\nP\u0159eju si, abych mohl vr\u00e1tit \u010das<br \/>\nProto\u017ee bez tebe nen\u00ed m\u016fj \u017eivot, co b\u00fdval.<\/center><\/p>\n<p><center>Nikdy jsem t\u011b nem\u011bl nechat j\u00edt<br \/>\nProto\u017ee jsem te\u010f na dn\u011b<br \/>\nJen ti chci \u0159\u00edct<br \/>\n\u017de po\u0159\u00e1d p\u0159edst\u00edr\u00e1m<br \/>\nNikdy jsem t\u011b nem\u011bl nechat j\u00edt<br \/>\nJsi tak daleko<br \/>\nA prost\u011b bez tebe nedok\u00e1\u017eu \u017e\u00edt<br \/>\nNem\u016f\u017eu bez tebe d\u00fdchat<br \/>\nNikdy jsem t\u011b nem\u011bl nechat j\u00edt.<br \/>\nNa co mysl\u00ed\u0161 a \u0159ekni mi, co vid\u00ed\u0161<br \/>\nA \u0159ekni mi, na koho mysl\u00ed\u0161, kdy\u017e nem\u016f\u017ee\u0161 usnout<br \/>\nA v\u0161echny ty v\u011bci, kter\u00e9 jsem bral za samoz\u0159ejm\u00e9, jsou nav\u017edy ztraceny<br \/>\nV\u0161echny ty hloup\u00e9 v\u011bci, kter\u00e9 jsem ud\u011blal, bych te\u010f vzal zp\u00e1tky<\/center><\/p>\n<p><center>Tak mi \u0159ekni, co m\u00e1m ud\u011blat, aby jsi zm\u011bnila n\u00e1zor<br \/>\nP\u0159eju si, abych mohl vr\u00e1tit \u010das<br \/>\nProto\u017eecause I&#8217;m just not the same since you&#8217;ve been gone.<\/center><\/p>\n<p><center>Proto\u017ee bez tebe nen\u00ed m\u016fj \u017eivot, co b\u00fdval.<\/center><\/p>\n<p><center>Nikdy jsem t\u011b nem\u011bl nechat j\u00edt<br \/>\nProto\u017ee jsem te\u010f na dn\u011b<br \/>\nJen ti chci \u0159\u00edct<br \/>\n\u017de po\u0159\u00e1d p\u0159edst\u00edr\u00e1m<br \/>\nNikdy jsem t\u011b nem\u011bl nechat j\u00edt<br \/>\nJsi tak daleko<br \/>\nA prost\u011b bez tebe nedok\u00e1\u017eu \u017e\u00edt<br \/>\nNem\u016f\u017eu bez tebe d\u00fdchat<br \/>\nNikdy jsem t\u011b nem\u011bl nechat j\u00edt.<br \/>\nA te\u010f ka\u017ed\u00fd den, kter\u00fd str\u00e1v\u00edm bez tebe<br \/>\nP\u0159e\u017e\u00edt noc je ta nejt\u011b\u017e\u0161\u00ed v\u011bc na sv\u011bt\u011b<br \/>\nOd t\u00e9 doby, co si ode\u0161la<br \/>\nH\u00e1d\u00e1m, \u017ee nikdy nebude\u0161 v\u011bd\u011bt jak\u00e9 to je, kdy\u017e mi chyb\u00ed\u0161<br \/>\nSna\u017e\u00edm se navr\u00e1tit zp\u00e1tky do reality, ale nen\u00ed to to sam\u00e9.<\/center><\/p>\n<p><center>P\u0159ijdu dom\u016f, do pr\u00e1zdn\u00e9ho pokoje<br \/>\nHlava se mi to\u010d\u00ed v ned\u011bli odpoledne.<\/center><\/p>\n<p><center>Proto\u017ee te\u010f jsem na dn\u011b a chci ti jen \u0159\u00edct<br \/>\n\u017de po\u0159\u00e1d p\u0159edst\u00edr\u00e1m<br \/>\nNikdy jsem t\u011b nem\u011bl nechat j\u00edt<br \/>\nJsi tak daleko<br \/>\nA prost\u011b bez tebe nedok\u00e1\u017eu \u017e\u00edt<br \/>\nNem\u016f\u017eu bez tebe d\u00fdchat<br \/>\nNikdy jsem t\u011b nem\u011bl nechat j\u00edt.<br \/>\nNikdy se t\u011b nevzd\u00e1m.<br \/>\nNikdy jsem t\u011b nem\u011bl nechat j\u00edt.<br \/>\nNikdy se t\u011b nevzd\u00e1m.<br \/>\nNikdy jsem t\u011b nem\u011bl nechat j\u00edt.<br \/>\n<\/center>\n<\/div>\n<div class=\"fblikebutton_button\" style=\"float: left; padding-top: 20px; margin-right: 20px; padding-bottom: 20px; padding-left: 20px;\"><iframe src=\"http:\/\/www.facebook.com\/plugins\/like.php?href=https%3A%2F%2Fwww.simpleplan.cz%2Fcz%2Findex.php%2Flyricscenter%2Fnslyg%2F&amp;layout=standard&amp;show-faces=false&amp;width=450&amp;action=like&amp;colorscheme=light\" scrolling=\"no\" frameborder=\"0\" allowTransparency=\"true\" style=\"border:none; overflow:hidden; width:450px; height:26px\"><\/iframe><\/div>\n","protected":false},"excerpt":{"rendered":"<p>Z\u00e1kladn\u00ed info Album: Get Your Heart On! [bonusov\u00fd song] Auto\u0159i textu: Pierre Bouvier, Chuck Comeau<\/p>\n","protected":false},"author":5,"featured_media":0,"parent":15213,"menu_order":0,"comment_status":"open","ping_status":"open","template":"page-templates\/full-width.php","meta":{"footnotes":""},"yoast_head":"<!-- This site is optimized with the Yoast SEO plugin v20.9 - https:\/\/yoast.com\/wordpress\/plugins\/seo\/ -->\n<title>Never Should&#039;ve Let You Go | CZ: SimplePlan.cz<\/title>\n<meta name=\"robots\" content=\"index, follow, max-snippet:-1, max-image-preview:large, max-video-preview:-1\" \/>\n<link rel=\"canonical\" href=\"https:\/\/www.simpleplan.cz\/cz\/index.php\/lyricscenter\/nslyg\/\" \/>\n<meta property=\"og:locale\" content=\"cs_CZ\" \/>\n<meta property=\"og:type\" content=\"article\" \/>\n<meta property=\"og:title\" content=\"Never Should&#039;ve Let You Go | CZ: SimplePlan.cz\" \/>\n<meta property=\"og:description\" content=\"Z\u00e1kladn\u00ed info Album: Get Your Heart On! [bonusov\u00fd song] Auto\u0159i textu: Pierre Bouvier, Chuck Comeau\" \/>\n<meta property=\"og:url\" content=\"https:\/\/www.simpleplan.cz\/cz\/index.php\/lyricscenter\/nslyg\/\" \/>\n<meta property=\"og:site_name\" content=\"CZ: SimplePlan.cz\" \/>\n<meta property=\"article:publisher\" content=\"http:\/\/www.facebook.com\/simpleplancz\" \/>\n<meta property=\"article:modified_time\" content=\"2023-06-26T07:30:19+00:00\" \/>\n<meta property=\"og:image\" content=\"http:\/\/www.simpleplan.cz\/cz\/wp-content\/uploads\/logo.gif\" \/>\n<meta name=\"twitter:card\" content=\"summary_large_image\" \/>\n<meta name=\"twitter:site\" content=\"@simpleplancz\" \/>\n<meta name=\"twitter:label1\" content=\"Odhadovan\u00e1 doba \u010dten\u00ed\" \/>\n\t<meta name=\"twitter:data1\" content=\"4 minuty\" \/>\n<script type=\"application\/ld+json\" class=\"yoast-schema-graph\">{\"@context\":\"https:\/\/schema.org\",\"@graph\":[{\"@type\":\"WebPage\",\"@id\":\"https:\/\/www.simpleplan.cz\/cz\/index.php\/lyricscenter\/nslyg\/\",\"url\":\"https:\/\/www.simpleplan.cz\/cz\/index.php\/lyricscenter\/nslyg\/\",\"name\":\"Never Should've Let You Go | CZ: SimplePlan.cz\",\"isPartOf\":{\"@id\":\"https:\/\/www.simpleplan.cz\/cz\/#website\"},\"datePublished\":\"2014-08-10T10:39:05+00:00\",\"dateModified\":\"2023-06-26T07:30:19+00:00\",\"breadcrumb\":{\"@id\":\"https:\/\/www.simpleplan.cz\/cz\/index.php\/lyricscenter\/nslyg\/#breadcrumb\"},\"inLanguage\":\"cs\",\"potentialAction\":[{\"@type\":\"ReadAction\",\"target\":[\"https:\/\/www.simpleplan.cz\/cz\/index.php\/lyricscenter\/nslyg\/\"]}]},{\"@type\":\"BreadcrumbList\",\"@id\":\"https:\/\/www.simpleplan.cz\/cz\/index.php\/lyricscenter\/nslyg\/#breadcrumb\",\"itemListElement\":[{\"@type\":\"ListItem\",\"position\":1,\"name\":\"Dom\u016f\",\"item\":\"https:\/\/www.simpleplan.cz\/cz\/\"},{\"@type\":\"ListItem\",\"position\":2,\"name\":\"Texty p\u00edsn\u00ed\",\"item\":\"https:\/\/www.simpleplan.cz\/cz\/index.php\/lyricscenter\/\"},{\"@type\":\"ListItem\",\"position\":3,\"name\":\"Never Should&#8217;ve Let You Go\"}]},{\"@type\":\"WebSite\",\"@id\":\"https:\/\/www.simpleplan.cz\/cz\/#website\",\"url\":\"https:\/\/www.simpleplan.cz\/cz\/\",\"name\":\"CZ: SimplePlan.cz\",\"description\":\"Nejlep\u0161\u00ed zdroj informac\u00ed o kapele Simple Plan\",\"publisher\":{\"@id\":\"https:\/\/www.simpleplan.cz\/cz\/#organization\"},\"potentialAction\":[{\"@type\":\"SearchAction\",\"target\":{\"@type\":\"EntryPoint\",\"urlTemplate\":\"https:\/\/www.simpleplan.cz\/cz\/?s={search_term_string}\"},\"query-input\":\"required name=search_term_string\"}],\"inLanguage\":\"cs\"},{\"@type\":\"Organization\",\"@id\":\"https:\/\/www.simpleplan.cz\/cz\/#organization\",\"name\":\"CZ: SimplePlan.cz\",\"url\":\"https:\/\/www.simpleplan.cz\/cz\/\",\"logo\":{\"@type\":\"ImageObject\",\"inLanguage\":\"cs\",\"@id\":\"https:\/\/www.simpleplan.cz\/cz\/#\/schema\/logo\/image\/\",\"url\":\"https:\/\/www.simpleplan.cz\/cz\/wp-content\/uploads\/spczlogo.png\",\"contentUrl\":\"https:\/\/www.simpleplan.cz\/cz\/wp-content\/uploads\/spczlogo.png\",\"width\":250,\"height\":190,\"caption\":\"CZ: SimplePlan.cz\"},\"image\":{\"@id\":\"https:\/\/www.simpleplan.cz\/cz\/#\/schema\/logo\/image\/\"},\"sameAs\":[\"http:\/\/www.facebook.com\/simpleplancz\",\"https:\/\/twitter.com\/simpleplancz\",\"http:\/\/www.instagram.com\/simpleplancz\",\"http:\/\/www.youtube.com\/simpleplancz\"]}]}<\/script>\n<!-- \/ Yoast SEO plugin. -->","yoast_head_json":{"title":"Never Should've Let You Go | CZ: SimplePlan.cz","robots":{"index":"index","follow":"follow","max-snippet":"max-snippet:-1","max-image-preview":"max-image-preview:large","max-video-preview":"max-video-preview:-1"},"canonical":"https:\/\/www.simpleplan.cz\/cz\/index.php\/lyricscenter\/nslyg\/","og_locale":"cs_CZ","og_type":"article","og_title":"Never Should've Let You Go | CZ: SimplePlan.cz","og_description":"Z\u00e1kladn\u00ed info Album: Get Your Heart On! [bonusov\u00fd song] Auto\u0159i textu: Pierre Bouvier, Chuck Comeau","og_url":"https:\/\/www.simpleplan.cz\/cz\/index.php\/lyricscenter\/nslyg\/","og_site_name":"CZ: SimplePlan.cz","article_publisher":"http:\/\/www.facebook.com\/simpleplancz","article_modified_time":"2023-06-26T07:30:19+00:00","og_image":[{"url":"http:\/\/www.simpleplan.cz\/cz\/wp-content\/uploads\/logo.gif"}],"twitter_card":"summary_large_image","twitter_site":"@simpleplancz","twitter_misc":{"Odhadovan\u00e1 doba \u010dten\u00ed":"4 minuty"},"schema":{"@context":"https:\/\/schema.org","@graph":[{"@type":"WebPage","@id":"https:\/\/www.simpleplan.cz\/cz\/index.php\/lyricscenter\/nslyg\/","url":"https:\/\/www.simpleplan.cz\/cz\/index.php\/lyricscenter\/nslyg\/","name":"Never Should've Let You Go | CZ: SimplePlan.cz","isPartOf":{"@id":"https:\/\/www.simpleplan.cz\/cz\/#website"},"datePublished":"2014-08-10T10:39:05+00:00","dateModified":"2023-06-26T07:30:19+00:00","breadcrumb":{"@id":"https:\/\/www.simpleplan.cz\/cz\/index.php\/lyricscenter\/nslyg\/#breadcrumb"},"inLanguage":"cs","potentialAction":[{"@type":"ReadAction","target":["https:\/\/www.simpleplan.cz\/cz\/index.php\/lyricscenter\/nslyg\/"]}]},{"@type":"BreadcrumbList","@id":"https:\/\/www.simpleplan.cz\/cz\/index.php\/lyricscenter\/nslyg\/#breadcrumb","itemListElement":[{"@type":"ListItem","position":1,"name":"Dom\u016f","item":"https:\/\/www.simpleplan.cz\/cz\/"},{"@type":"ListItem","position":2,"name":"Texty p\u00edsn\u00ed","item":"https:\/\/www.simpleplan.cz\/cz\/index.php\/lyricscenter\/"},{"@type":"ListItem","position":3,"name":"Never Should&#8217;ve Let You Go"}]},{"@type":"WebSite","@id":"https:\/\/www.simpleplan.cz\/cz\/#website","url":"https:\/\/www.simpleplan.cz\/cz\/","name":"CZ: SimplePlan.cz","description":"Nejlep\u0161\u00ed zdroj informac\u00ed o kapele Simple Plan","publisher":{"@id":"https:\/\/www.simpleplan.cz\/cz\/#organization"},"potentialAction":[{"@type":"SearchAction","target":{"@type":"EntryPoint","urlTemplate":"https:\/\/www.simpleplan.cz\/cz\/?s={search_term_string}"},"query-input":"required name=search_term_string"}],"inLanguage":"cs"},{"@type":"Organization","@id":"https:\/\/www.simpleplan.cz\/cz\/#organization","name":"CZ: SimplePlan.cz","url":"https:\/\/www.simpleplan.cz\/cz\/","logo":{"@type":"ImageObject","inLanguage":"cs","@id":"https:\/\/www.simpleplan.cz\/cz\/#\/schema\/logo\/image\/","url":"https:\/\/www.simpleplan.cz\/cz\/wp-content\/uploads\/spczlogo.png","contentUrl":"https:\/\/www.simpleplan.cz\/cz\/wp-content\/uploads\/spczlogo.png","width":250,"height":190,"caption":"CZ: SimplePlan.cz"},"image":{"@id":"https:\/\/www.simpleplan.cz\/cz\/#\/schema\/logo\/image\/"},"sameAs":["http:\/\/www.facebook.com\/simpleplancz","https:\/\/twitter.com\/simpleplancz","http:\/\/www.instagram.com\/simpleplancz","http:\/\/www.youtube.com\/simpleplancz"]}]}},"_links":{"self":[{"href":"https:\/\/www.simpleplan.cz\/cz\/index.php\/wp-json\/wp\/v2\/pages\/15458"}],"collection":[{"href":"https:\/\/www.simpleplan.cz\/cz\/index.php\/wp-json\/wp\/v2\/pages"}],"about":[{"href":"https:\/\/www.simpleplan.cz\/cz\/index.php\/wp-json\/wp\/v2\/types\/page"}],"author":[{"embeddable":true,"href":"https:\/\/www.simpleplan.cz\/cz\/index.php\/wp-json\/wp\/v2\/users\/5"}],"replies":[{"embeddable":true,"href":"https:\/\/www.simpleplan.cz\/cz\/index.php\/wp-json\/wp\/v2\/comments?post=15458"}],"version-history":[{"count":3,"href":"https:\/\/www.simpleplan.cz\/cz\/index.php\/wp-json\/wp\/v2\/pages\/15458\/revisions"}],"predecessor-version":[{"id":23304,"href":"https:\/\/www.simpleplan.cz\/cz\/index.php\/wp-json\/wp\/v2\/pages\/15458\/revisions\/23304"}],"up":[{"embeddable":true,"href":"https:\/\/www.simpleplan.cz\/cz\/index.php\/wp-json\/wp\/v2\/pages\/15213"}],"wp:attachment":[{"href":"https:\/\/www.simpleplan.cz\/cz\/index.php\/wp-json\/wp\/v2\/media?parent=15458"}],"curies":[{"name":"wp","href":"https:\/\/api.w.org\/{rel}","templated":true}]}}