{"id":15465,"date":"2014-08-10T13:36:33","date_gmt":"2014-08-10T11:36:33","guid":{"rendered":"http:\/\/www.simpleplan.cz\/cz\/?page_id=15465"},"modified":"2023-06-26T09:29:52","modified_gmt":"2023-06-26T07:29:52","slug":"brushe","status":"publish","type":"page","link":"https:\/\/www.simpleplan.cz\/cz\/index.php\/download\/brushe\/","title":{"rendered":"Brushe"},"content":{"rendered":"<div class=\"pagecontent\">\n<div class=\"girls\" style=\"text-align: center;\">Simple Plan brushe<\/div>\n<p><center><img decoding=\"async\" src=\"http:\/\/www.simpleplan.cz\/download\/stuff\/brush_sp.gif\" \/><\/center><center>Obsahuje 9 brush\u016f<\/center><\/p>\n<div class=\"view-full-post3\"><a class=\"view-full-post3-btn\" href=\"http:\/\/www.simpleplan.cz\/download\/stuff\/sp.abr\" target=\"_blank\" rel=\"noopener\">DOWNLOAD<\/a><\/div>\n<p>&nbsp;<\/p>\n<p><center><img decoding=\"async\" src=\"http:\/\/www.simpleplan.cz\/download\/stuff\/brush_sy.gif\" \/><\/center><center>Obsahuje 3 brushe<\/center><\/p>\n<div class=\"view-full-post3\"><a class=\"view-full-post3-btn\" href=\"http:\/\/www.simpleplan.cz\/download\/stuff\/sym.abr\" target=\"_blank\" rel=\"noopener\">DOWNLOAD<\/a><\/div>\n<p>&nbsp;<\/p>\n<p><center><img decoding=\"async\" src=\"http:\/\/www.simpleplan.cz\/download\/stuff\/brush_np.gif\" \/><\/center><center>Obsahuje 4 brushe<\/center><\/p>\n<div class=\"view-full-post3\"><a class=\"view-full-post3-btn\" href=\"http:\/\/www.simpleplan.cz\/download\/stuff\/nopads.abr\" target=\"_blank\" rel=\"noopener\">DOWNLOAD<\/a><\/div>\n<p>&nbsp;<\/p>\n<p><center><img decoding=\"async\" src=\"http:\/\/www.simpleplan.cz\/download\/stuff\/brush_gyho.gif\" \/><\/center><center>Obsahuje 48 brush\u016f<\/center><\/p>\n<div class=\"view-full-post3\"><a class=\"view-full-post3-btn\" href=\"http:\/\/www.simpleplan.cz\/download\/stuff\/gyho.abr\" target=\"_blank\" rel=\"noopener\">DOWNLOAD<\/a><\/div>\n<p>&nbsp;<\/p>\n<p><center><img decoding=\"async\" src=\"http:\/\/www.simpleplan.cz\/download\/stuff\/brush_sign.gif\" \/><\/center><center>Obsahuje 5 brush\u016f<\/center><\/p>\n<div class=\"view-full-post3\"><a class=\"view-full-post3-btn\" href=\"http:\/\/www.simpleplan.cz\/download\/stuff\/sign.abr\" target=\"_blank\" rel=\"noopener\">DOWNLOAD<\/a><\/div>\n<p>&nbsp;<\/p>\n<div class=\"girls\" style=\"text-align: center;\">Role Model Clothing brushe<\/div>\n<p><center><img decoding=\"async\" src=\"http:\/\/www.simpleplan.cz\/download\/stuff\/brush_rm.gif\" \/><\/center><center>Obsahuje 2 brushe<\/center><\/p>\n<div class=\"view-full-post3\"><a class=\"view-full-post3-btn\" href=\"http:\/\/www.simpleplan.cz\/download\/stuff\/rm.abr\" target=\"_blank\" rel=\"noopener\">DOWNLOAD<\/a><\/div>\n<p>&nbsp;<\/p>\n<p><center><img decoding=\"async\" src=\"http:\/\/www.simpleplan.cz\/download\/stuff\/brush_rm2.gif\" \/><\/center><center>Obsahuje 11 brush\u016f<\/center><\/p>\n<div class=\"view-full-post3\"><a class=\"view-full-post3-btn\" href=\"http:\/\/www.simpleplan.cz\/download\/stuff\/rm2.abr\" target=\"_blank\" rel=\"noopener\">DOWNLOAD<\/a><\/div>\n<p>&nbsp;<\/p>\n<\/div>\n<div class=\"fblikebutton_button\" style=\"float: left; padding-top: 20px; margin-right: 20px; padding-bottom: 20px; padding-left: 20px;\"><iframe src=\"http:\/\/www.facebook.com\/plugins\/like.php?href=https%3A%2F%2Fwww.simpleplan.cz%2Fcz%2Findex.php%2Fdownload%2Fbrushe%2F&amp;layout=standard&amp;show-faces=false&amp;width=450&amp;action=like&amp;colorscheme=light\" scrolling=\"no\" frameborder=\"0\" allowTransparency=\"true\" style=\"border:none; overflow:hidden; width:450px; height:26px\"><\/iframe><\/div>\n","protected":false},"excerpt":{"rendered":"<p>Simple Plan brushe Obsahuje 9 brush\u016f DOWNLOAD &nbsp; Obsahuje 3 brushe DOWNLOAD &nbsp; Obsahuje 4<\/p>\n","protected":false},"author":5,"featured_media":0,"parent":15461,"menu_order":0,"comment_status":"open","ping_status":"open","template":"page-templates\/full-width.php","meta":{"footnotes":""},"yoast_head":"<!-- This site is optimized with the Yoast SEO plugin v20.9 - https:\/\/yoast.com\/wordpress\/plugins\/seo\/ -->\n<title>Brushe | CZ: SimplePlan.cz<\/title>\n<meta name=\"robots\" content=\"index, follow, max-snippet:-1, max-image-preview:large, max-video-preview:-1\" \/>\n<link rel=\"canonical\" href=\"https:\/\/www.simpleplan.cz\/cz\/index.php\/download\/brushe\/\" \/>\n<meta property=\"og:locale\" content=\"cs_CZ\" \/>\n<meta property=\"og:type\" content=\"article\" \/>\n<meta property=\"og:title\" content=\"Brushe | CZ: SimplePlan.cz\" \/>\n<meta property=\"og:description\" content=\"Simple Plan brushe Obsahuje 9 brush\u016f DOWNLOAD &nbsp; Obsahuje 3 brushe DOWNLOAD &nbsp; Obsahuje 4\" \/>\n<meta property=\"og:url\" content=\"https:\/\/www.simpleplan.cz\/cz\/index.php\/download\/brushe\/\" \/>\n<meta property=\"og:site_name\" content=\"CZ: SimplePlan.cz\" \/>\n<meta property=\"article:publisher\" content=\"http:\/\/www.facebook.com\/simpleplancz\" \/>\n<meta property=\"article:modified_time\" content=\"2023-06-26T07:29:52+00:00\" \/>\n<meta property=\"og:image\" content=\"http:\/\/www.simpleplan.cz\/download\/stuff\/brush_sp.gif\" \/>\n<meta name=\"twitter:card\" content=\"summary_large_image\" \/>\n<meta name=\"twitter:site\" content=\"@simpleplancz\" \/>\n<script type=\"application\/ld+json\" class=\"yoast-schema-graph\">{\"@context\":\"https:\/\/schema.org\",\"@graph\":[{\"@type\":\"WebPage\",\"@id\":\"https:\/\/www.simpleplan.cz\/cz\/index.php\/download\/brushe\/\",\"url\":\"https:\/\/www.simpleplan.cz\/cz\/index.php\/download\/brushe\/\",\"name\":\"Brushe | CZ: SimplePlan.cz\",\"isPartOf\":{\"@id\":\"https:\/\/www.simpleplan.cz\/cz\/#website\"},\"datePublished\":\"2014-08-10T11:36:33+00:00\",\"dateModified\":\"2023-06-26T07:29:52+00:00\",\"breadcrumb\":{\"@id\":\"https:\/\/www.simpleplan.cz\/cz\/index.php\/download\/brushe\/#breadcrumb\"},\"inLanguage\":\"cs\",\"potentialAction\":[{\"@type\":\"ReadAction\",\"target\":[\"https:\/\/www.simpleplan.cz\/cz\/index.php\/download\/brushe\/\"]}]},{\"@type\":\"BreadcrumbList\",\"@id\":\"https:\/\/www.simpleplan.cz\/cz\/index.php\/download\/brushe\/#breadcrumb\",\"itemListElement\":[{\"@type\":\"ListItem\",\"position\":1,\"name\":\"Dom\u016f\",\"item\":\"https:\/\/www.simpleplan.cz\/cz\/\"},{\"@type\":\"ListItem\",\"position\":2,\"name\":\"Download\",\"item\":\"https:\/\/www.simpleplan.cz\/cz\/index.php\/download\/\"},{\"@type\":\"ListItem\",\"position\":3,\"name\":\"Brushe\"}]},{\"@type\":\"WebSite\",\"@id\":\"https:\/\/www.simpleplan.cz\/cz\/#website\",\"url\":\"https:\/\/www.simpleplan.cz\/cz\/\",\"name\":\"CZ: SimplePlan.cz\",\"description\":\"Nejlep\u0161\u00ed zdroj informac\u00ed o kapele Simple Plan\",\"publisher\":{\"@id\":\"https:\/\/www.simpleplan.cz\/cz\/#organization\"},\"potentialAction\":[{\"@type\":\"SearchAction\",\"target\":{\"@type\":\"EntryPoint\",\"urlTemplate\":\"https:\/\/www.simpleplan.cz\/cz\/?s={search_term_string}\"},\"query-input\":\"required name=search_term_string\"}],\"inLanguage\":\"cs\"},{\"@type\":\"Organization\",\"@id\":\"https:\/\/www.simpleplan.cz\/cz\/#organization\",\"name\":\"CZ: SimplePlan.cz\",\"url\":\"https:\/\/www.simpleplan.cz\/cz\/\",\"logo\":{\"@type\":\"ImageObject\",\"inLanguage\":\"cs\",\"@id\":\"https:\/\/www.simpleplan.cz\/cz\/#\/schema\/logo\/image\/\",\"url\":\"https:\/\/www.simpleplan.cz\/cz\/wp-content\/uploads\/spczlogo.png\",\"contentUrl\":\"https:\/\/www.simpleplan.cz\/cz\/wp-content\/uploads\/spczlogo.png\",\"width\":250,\"height\":190,\"caption\":\"CZ: SimplePlan.cz\"},\"image\":{\"@id\":\"https:\/\/www.simpleplan.cz\/cz\/#\/schema\/logo\/image\/\"},\"sameAs\":[\"http:\/\/www.facebook.com\/simpleplancz\",\"https:\/\/twitter.com\/simpleplancz\",\"http:\/\/www.instagram.com\/simpleplancz\",\"http:\/\/www.youtube.com\/simpleplancz\"]}]}<\/script>\n<!-- \/ Yoast SEO plugin. -->","yoast_head_json":{"title":"Brushe | CZ: SimplePlan.cz","robots":{"index":"index","follow":"follow","max-snippet":"max-snippet:-1","max-image-preview":"max-image-preview:large","max-video-preview":"max-video-preview:-1"},"canonical":"https:\/\/www.simpleplan.cz\/cz\/index.php\/download\/brushe\/","og_locale":"cs_CZ","og_type":"article","og_title":"Brushe | CZ: SimplePlan.cz","og_description":"Simple Plan brushe Obsahuje 9 brush\u016f DOWNLOAD &nbsp; Obsahuje 3 brushe DOWNLOAD &nbsp; Obsahuje 4","og_url":"https:\/\/www.simpleplan.cz\/cz\/index.php\/download\/brushe\/","og_site_name":"CZ: SimplePlan.cz","article_publisher":"http:\/\/www.facebook.com\/simpleplancz","article_modified_time":"2023-06-26T07:29:52+00:00","og_image":[{"url":"http:\/\/www.simpleplan.cz\/download\/stuff\/brush_sp.gif"}],"twitter_card":"summary_large_image","twitter_site":"@simpleplancz","schema":{"@context":"https:\/\/schema.org","@graph":[{"@type":"WebPage","@id":"https:\/\/www.simpleplan.cz\/cz\/index.php\/download\/brushe\/","url":"https:\/\/www.simpleplan.cz\/cz\/index.php\/download\/brushe\/","name":"Brushe | CZ: SimplePlan.cz","isPartOf":{"@id":"https:\/\/www.simpleplan.cz\/cz\/#website"},"datePublished":"2014-08-10T11:36:33+00:00","dateModified":"2023-06-26T07:29:52+00:00","breadcrumb":{"@id":"https:\/\/www.simpleplan.cz\/cz\/index.php\/download\/brushe\/#breadcrumb"},"inLanguage":"cs","potentialAction":[{"@type":"ReadAction","target":["https:\/\/www.simpleplan.cz\/cz\/index.php\/download\/brushe\/"]}]},{"@type":"BreadcrumbList","@id":"https:\/\/www.simpleplan.cz\/cz\/index.php\/download\/brushe\/#breadcrumb","itemListElement":[{"@type":"ListItem","position":1,"name":"Dom\u016f","item":"https:\/\/www.simpleplan.cz\/cz\/"},{"@type":"ListItem","position":2,"name":"Download","item":"https:\/\/www.simpleplan.cz\/cz\/index.php\/download\/"},{"@type":"ListItem","position":3,"name":"Brushe"}]},{"@type":"WebSite","@id":"https:\/\/www.simpleplan.cz\/cz\/#website","url":"https:\/\/www.simpleplan.cz\/cz\/","name":"CZ: SimplePlan.cz","description":"Nejlep\u0161\u00ed zdroj informac\u00ed o kapele Simple Plan","publisher":{"@id":"https:\/\/www.simpleplan.cz\/cz\/#organization"},"potentialAction":[{"@type":"SearchAction","target":{"@type":"EntryPoint","urlTemplate":"https:\/\/www.simpleplan.cz\/cz\/?s={search_term_string}"},"query-input":"required name=search_term_string"}],"inLanguage":"cs"},{"@type":"Organization","@id":"https:\/\/www.simpleplan.cz\/cz\/#organization","name":"CZ: SimplePlan.cz","url":"https:\/\/www.simpleplan.cz\/cz\/","logo":{"@type":"ImageObject","inLanguage":"cs","@id":"https:\/\/www.simpleplan.cz\/cz\/#\/schema\/logo\/image\/","url":"https:\/\/www.simpleplan.cz\/cz\/wp-content\/uploads\/spczlogo.png","contentUrl":"https:\/\/www.simpleplan.cz\/cz\/wp-content\/uploads\/spczlogo.png","width":250,"height":190,"caption":"CZ: SimplePlan.cz"},"image":{"@id":"https:\/\/www.simpleplan.cz\/cz\/#\/schema\/logo\/image\/"},"sameAs":["http:\/\/www.facebook.com\/simpleplancz","https:\/\/twitter.com\/simpleplancz","http:\/\/www.instagram.com\/simpleplancz","http:\/\/www.youtube.com\/simpleplancz"]}]}},"_links":{"self":[{"href":"https:\/\/www.simpleplan.cz\/cz\/index.php\/wp-json\/wp\/v2\/pages\/15465"}],"collection":[{"href":"https:\/\/www.simpleplan.cz\/cz\/index.php\/wp-json\/wp\/v2\/pages"}],"about":[{"href":"https:\/\/www.simpleplan.cz\/cz\/index.php\/wp-json\/wp\/v2\/types\/page"}],"author":[{"embeddable":true,"href":"https:\/\/www.simpleplan.cz\/cz\/index.php\/wp-json\/wp\/v2\/users\/5"}],"replies":[{"embeddable":true,"href":"https:\/\/www.simpleplan.cz\/cz\/index.php\/wp-json\/wp\/v2\/comments?post=15465"}],"version-history":[{"count":3,"href":"https:\/\/www.simpleplan.cz\/cz\/index.php\/wp-json\/wp\/v2\/pages\/15465\/revisions"}],"predecessor-version":[{"id":24543,"href":"https:\/\/www.simpleplan.cz\/cz\/index.php\/wp-json\/wp\/v2\/pages\/15465\/revisions\/24543"}],"up":[{"embeddable":true,"href":"https:\/\/www.simpleplan.cz\/cz\/index.php\/wp-json\/wp\/v2\/pages\/15461"}],"wp:attachment":[{"href":"https:\/\/www.simpleplan.cz\/cz\/index.php\/wp-json\/wp\/v2\/media?parent=15465"}],"curies":[{"name":"wp","href":"https:\/\/api.w.org\/{rel}","templated":true}]}}