{"id":16030,"date":"2014-11-28T22:26:53","date_gmt":"2014-11-28T21:26:53","guid":{"rendered":"http:\/\/www.simpleplan.cz\/cz\/?page_id=16030"},"modified":"2023-06-26T09:29:55","modified_gmt":"2023-06-26T07:29:55","slug":"certifikace","status":"publish","type":"page","link":"https:\/\/www.simpleplan.cz\/cz\/index.php\/kapela\/certifikace\/","title":{"rendered":"Certifikace"},"content":{"rendered":"<div class=\"pagecontent\">\n<div class=\"girls\"><b><u>Alba<\/u><\/b><\/div>\n<div class=\"section-list5\">\n<div class=\"musichead\">No Pads, No Helmets&#8230; Just Balls<\/div>\n<p><center><img decoding=\"async\" src=\"https:\/\/i.imgur.com\/MqbEuTh.png\"\/><\/center><\/p>\n<p><img decoding=\"async\" src=\"http:\/\/www.simpleplan.cz\/flags\/can.png\" alt=\"Canada (CRIA)\" style=\"margin-right: 10px\"\/> Kanada (CRIA): <b>2x platinov\u00e9<\/b><br \/>\n<img decoding=\"async\" src=\"http:\/\/www.simpleplan.cz\/flags\/jap.png\" alt=\"Japan (RIAJ)\" style=\"margin-right: 10px\"\/> Japonsko (RIAJ): <b>2x platinov\u00e9<\/b><br \/>\n<img decoding=\"async\" src=\"http:\/\/www.simpleplan.cz\/flags\/usa.png\" alt=\"USA (RIAA)\" style=\"margin-right: 10px\"\/> USA (RIAA): <b>2x platinov\u00e9<\/b><br \/>\n<img decoding=\"async\" src=\"http:\/\/www.simpleplan.cz\/flags\/aus.png\" alt=\"Australia (ARIA)\" style=\"margin-right: 10px\"\/> Austr\u00e1lie (ARIA): <b>1x platinov\u00e9<\/b><br \/>\n<img decoding=\"async\" src=\"http:\/\/www.simpleplan.cz\/flags\/uk.png\" alt=\"United Kingdom (BPI)\" style=\" margin-right: 10px\"\/> Spojen\u00e9 kr\u00e1lovstv\u00ed (BPI): <b>1x zlat\u00e9<\/b><\/p>\n<\/div>\n<div class=\"section-list5\">\n<div class=\"musichead\">Still Not Getting Any<\/div>\n<p><center><img decoding=\"async\" src=\"https:\/\/i.imgur.com\/JUuGYQy.png\"\/><\/center><\/p>\n<p><img decoding=\"async\" src=\"http:\/\/www.simpleplan.cz\/flags\/can.png\" alt=\"Canada (CRIA)\" style=\"margin-right: 10px\"\/> Kanada (CRIA): <b>4x platinov\u00e9<\/b><br \/>\n<img decoding=\"async\" src=\"http:\/\/www.simpleplan.cz\/flags\/aus.png\" alt=\"Australia (ARIA)\" style=\"margin-right: 10px\"\/> Austr\u00e1lie (ARIA): <b>2x platinov\u00e9<\/b><br \/>\n<img decoding=\"async\" src=\"http:\/\/www.simpleplan.cz\/flags\/usa.png\" alt=\"USA (RIAA)\" style=\"margin-right: 10px\"\/> USA (RIAA): <b>1x platinov\u00e9<\/b><br \/>\n<img decoding=\"async\" src=\"http:\/\/www.simpleplan.cz\/flags\/fra.png\" alt=\"France (SNEP)\" style=\"margin-right: 10px\"\/> Francie (SNEP): <b>1x zlat\u00e9<\/b><\/p>\n<\/div>\n<div class=\"section-list5\">\n<div class=\"musichead\">Simple Plan<\/div>\n<p><center><img decoding=\"async\" src=\"https:\/\/i.imgur.com\/hlsc4yz.png\"\/><\/center><\/p>\n<p><img decoding=\"async\" src=\"http:\/\/www.simpleplan.cz\/flags\/can.png\" alt=\"Canada (CRIA)\" style=\"margin-right: 10px\"\/> Kanada (CRIA): <b>1x platinov\u00e9<\/b><\/p>\n<\/div>\n<div class=\"section-list5\">\n<div class=\"musichead\">Get Your Heart On!<\/div>\n<p><center><img decoding=\"async\" src=\"https:\/\/i.imgur.com\/iotVIb0.png\"\/><\/center><\/p>\n<p><img decoding=\"async\" src=\"http:\/\/www.simpleplan.cz\/flags\/can.png\" alt=\"Canada (CRIA)\" style=\"margin-right: 10px\"\/> Kanada (CRIA): <b>1x zlat\u00e9<\/b><br \/>\n<img decoding=\"async\" src=\"http:\/\/www.simpleplan.cz\/flags\/can.png\" alt=\"Canada (CRIA)\" style=\"margin-right: 10px\"\/> Austr\u00e1lie (ARIA): <b>1x zlat\u00e9<\/b>\n<\/p>\n<\/div>\n<div class=\"section-list5\">\n<div class=\"musichead\">Taking One For The Team<\/div>\n<p><center><img decoding=\"async\" src=\"https:\/\/i.imgur.com\/7Feajw5.png\"\/><\/center><\/p>\n<p><img decoding=\"async\" src=\"https:\/\/i.imgur.com\/05uURXq.png\" alt=\"Rusko\" style=\"margin-right: 10px\"\/> Rusko: <b>1x zlat\u00e9<\/b><\/p>\n<\/div>\n<div class=\"girls\"><b><u>DVDs<\/u><\/b><\/div>\n<div class=\"section-list5\">\n<div class=\"musichead\">A Big Package For You<\/div>\n<p><center><img decoding=\"async\" src=\"https:\/\/i.imgur.com\/y6mx7U0.png\"\/><\/center><\/p>\n<p><img decoding=\"async\" src=\"http:\/\/www.simpleplan.cz\/flags\/can.png\" alt=\"Canada\" style=\"margin-right: 10px\"\/> Kanada: <b>1x platinov\u00e9<\/b><br \/>\n<img decoding=\"async\" src=\"http:\/\/www.simpleplan.cz\/flags\/aus.png\" alt=\"Australia\" style=\"margin-right: 10px\"\/> Austr\u00e1lie: <b>1x zlat\u00e9<\/b><br \/>\n<img decoding=\"async\" src=\"http:\/\/www.simpleplan.cz\/flags\/usa.png\" alt=\"USA\" style=\"margin-right: 10px\"\/> USA: <b>1x zlat\u00e9<\/b><\/p>\n<\/div>\n<div class=\"girls\"><b><u>Live alba<\/u><\/b><\/div>\n<div class=\"section-list5\">\n<div class=\"musichead\">MTV Hard Rock Live<\/div>\n<p><center><img decoding=\"async\" src=\"https:\/\/i.imgur.com\/s1zQ3QM.png\"\/><\/center><\/p>\n<p><img decoding=\"async\" src=\"http:\/\/www.simpleplan.cz\/flags\/can.png\" alt=\"Canada (CRIA)\" style=\"margin-right: 10px\"\/> Kanada (CRIA): <b>4x platinov\u00e9<\/b><br \/>\n<img decoding=\"async\" src=\"http:\/\/www.simpleplan.cz\/flags\/aus.png\" alt=\"Australia (ARIA)\" style=\"margin-right: 10px\"\/> Austr\u00e1lie (ARIA): <b>2x platinov\u00e9<\/b><br \/>\n<img decoding=\"async\" src=\"http:\/\/www.simpleplan.cz\/flags\/usa.png\" alt=\"USA (RIAA)\" style=\"margin-right: 10px\"\/> USA (RIAA): <b>1x platinov\u00e9<\/b><\/p>\n<\/div>\n<div class=\"girls\"><b><u>Singly<\/u><\/b><\/div>\n<div class=\"section-list5\">\n<div class=\"musichead\">I&#8217;m Just A Kid<\/div>\n<p><center><img decoding=\"async\" src=\"https:\/\/i.imgur.com\/8pGGzd9.jpg\"\/><\/center><\/p>\n<p><img decoding=\"async\" src=\"http:\/\/www.simpleplan.cz\/flags\/usa.png\" alt=\"USA (RIAA)\" style=\"margin-right: 10px\"\/> USA (RIAA): <b>1x platinov\u00fd<\/b>\n<\/p>\n<\/div>\n<div class=\"section-list5\">\n<div class=\"musichead\">Addicted<\/div>\n<p><center><img decoding=\"async\" src=\"https:\/\/i.imgur.com\/2Q2voPf.png\"\/><\/center><\/p>\n<p><img decoding=\"async\" src=\"http:\/\/www.simpleplan.cz\/flags\/can.png\" alt=\"Canada (CRIA)\" style=\"margin-right: 10px\"\/> Kanada (CRIA): <b>4x platinov\u00fd<\/b><br \/>\n<img decoding=\"async\" src=\"http:\/\/www.simpleplan.cz\/flags\/aus.png\" alt=\"Australia (ARIA)\" style=\"margin-right: 10px\"\/> Austr\u00e1lie (ARIA): <b>1x zlat\u00fd<\/b>\n<\/p>\n<\/div>\n<div class=\"section-list5\">\n<div class=\"musichead\">Perfect<\/div>\n<p><center><img decoding=\"async\" src=\"https:\/\/i.imgur.com\/FhhYe70.png\"\/><\/center><\/p>\n<p><img decoding=\"async\" src=\"http:\/\/www.simpleplan.cz\/flags\/aus.png\" alt=\"Australia (ARIA)\" style=\"margin-right: 10px\"\/> Austr\u00e1lie (ARIA): <b>1x Platinum<\/b>\n<\/p>\n<\/div>\n<div class=\"section-list5\">\n<div class=\"musichead\">Welcome To My Life<\/div>\n<p><center><img decoding=\"async\" src=\"https:\/\/i.imgur.com\/8rHmtm0.png\"\/><\/center><\/p>\n<p><img decoding=\"async\" src=\"http:\/\/www.simpleplan.cz\/flags\/aus.png\" alt=\"Australia (ARIA)\" style=\"margin-right: 10px\"\/> Austr\u00e1lie (ARIA): <b>1x Platinum<\/b><br \/>\n<img decoding=\"async\" src=\"http:\/\/www.simpleplan.cz\/flags\/usa.png\" alt=\"USA (RIAA)\" style=\"margin-right: 10px\"\/> USA (RIAA): <b>1x zlat\u00fd<\/b>\n<\/p>\n<\/div>\n<div class=\"section-list5\">\n<div class=\"musichead\">Shut Up<\/div>\n<p><center><img decoding=\"async\" src=\"https:\/\/i.imgur.com\/86tNF0i.png\"\/><\/center><\/p>\n<p><img decoding=\"async\" src=\"http:\/\/www.simpleplan.cz\/flags\/aus.png\" alt=\"Australia (ARIA)\" style=\"margin-right: 10px\"\/> Australia (ARIA): <b>1x zlat\u00fd<\/b>\n<\/p>\n<\/div>\n<div class=\"section-list5\">\n<div class=\"musichead\">Untitled (How Could This Happen To Me?)<\/div>\n<p><center><img decoding=\"async\" src=\"https:\/\/i.imgur.com\/uYeLUy7.png\"\/><\/center><\/p>\n<p><img decoding=\"async\" src=\"http:\/\/www.simpleplan.cz\/flags\/aus.png\" alt=\"Australia (ARIA)\" style=\"margin-right: 10px\"\/> Austr\u00e1lie (ARIA): <b>1x zlat\u00fd<\/b><br \/>\n<img decoding=\"async\" src=\"http:\/\/www.simpleplan.cz\/flags\/can.png\" alt=\"Canada (RIAA)\" style=\"margin-right: 10px\"\/> Kanada (CRIA): <b>1x zlat\u00fd<\/b>\n<\/p>\n<\/div>\n<div class=\"section-list5\">\n<div class=\"musichead\">Jet Lag<\/div>\n<p><center><img decoding=\"async\" src=\"https:\/\/i.imgur.com\/XNcBU6R.png\"\/><\/center><\/p>\n<p><img decoding=\"async\" src=\"http:\/\/www.simpleplan.cz\/flags\/aus.png\" alt=\"Australia (ARIA)\" style=\"margin-right: 10px\"\/> Austr\u00e1lie (ARIA): <b>2x platinov\u00fd<\/b><br \/>\n<img decoding=\"async\" src=\"http:\/\/www.simpleplan.cz\/flags\/can.png\" alt=\"Canada (RIAA)\" style=\"margin-right: 10px\"\/> Kanada (CRIA): <b>1x platinov\u00fd<\/b>\n<\/p>\n<\/div>\n<div class=\"section-list5\">\n<div class=\"musichead\">Summer Paradise<\/div>\n<p><center><img decoding=\"async\" src=\"https:\/\/i.imgur.com\/zgOMJTF.png\"\/><\/center><\/p>\n<p><img decoding=\"async\" src=\"http:\/\/www.simpleplan.cz\/flags\/can.png\" alt=\"Canada (RIAA)\" style=\"margin-right: 10px\"\/> Kanada (CRIA): <b>3x platinov\u00fd<\/b><br \/>\n<img decoding=\"async\" src=\"http:\/\/www.simpleplan.cz\/flags\/aus.png\" alt=\"Australia (ARIA)\" style=\"margin-right: 10px\"\/> Austr\u00e1lie (ARIA): <b>2x platinov\u00fd<\/b><br \/>\n<img decoding=\"async\" src=\"http:\/\/www.simpleplan.cz\/flags\/ita.png\" alt=\"Italy (FIMI)\" style=\"margin-right: 10px\"\/> It\u00e1lie (FIMI): <b>1x platinov\u00fd<\/b><br \/>\n<img decoding=\"async\" src=\"http:\/\/www.simpleplan.cz\/flags\/den.png\" alt=\"Denmark (IFPI Denmark)\" style=\"margin-right: 10px\"\/> D\u00e1nsko (IFPI): <b>1x platinov\u00fd<\/b><br \/>\n<img decoding=\"async\" src=\"http:\/\/www.simpleplan.cz\/flags\/swi.png\" alt=\"Switzerland (IFPI Switzerland)\" style=\"margin-right: 10px\"\/> \u0160v\u00fdcarsko (IFPI): <b>1x platinov\u00fd<\/b><br \/>\n<img decoding=\"async\" src=\"http:\/\/www.simpleplan.cz\/flags\/ger.png\" alt=\"Germany (BVMI)\" style=\"margin-right: 10px\"\/> N\u011bmecko (BVMI): <b>1x zlat\u00fd<\/b><br \/>\n<img decoding=\"async\" src=\"http:\/\/www.simpleplan.cz\/flags\/ost.png\" alt=\"Austria (IFPI Austria)\" style=\"margin-right: 10px\"\/> Rakousko (IFPI): <b>1x zlat\u00fd<\/b>\n<\/p>\n<\/div>\n<div class=\"section-list5\">\n<div class=\"musichead\">I Don&#8217;t Wanna Go To Bed<\/div>\n<p><center><img decoding=\"async\" src=\"https:\/\/i.imgur.com\/gHN2eMa.png\"\/><\/center><\/p>\n<p><img decoding=\"async\" src=\"http:\/\/www.simpleplan.cz\/flags\/can.png\" alt=\"Canada (RIAA)\" style=\"margin-right: 10px\"\/> Kanada (CRIA): <b>1x zlat\u00fd<\/b>\n<\/p>\n<\/div>\n<\/div>\n<div class=\"fblikebutton_button\" style=\"float: left; padding-top: 20px; margin-right: 20px; padding-bottom: 20px; padding-left: 20px;\"><iframe src=\"http:\/\/www.facebook.com\/plugins\/like.php?href=https%3A%2F%2Fwww.simpleplan.cz%2Fcz%2Findex.php%2Fkapela%2Fcertifikace%2F&amp;layout=standard&amp;show-faces=false&amp;width=450&amp;action=like&amp;colorscheme=light\" scrolling=\"no\" frameborder=\"0\" allowTransparency=\"true\" style=\"border:none; overflow:hidden; width:450px; height:26px\"><\/iframe><\/div>\n","protected":false},"excerpt":{"rendered":"<p>Alba No Pads, No Helmets&#8230; Just Balls Kanada (CRIA): 2x platinov\u00e9 Japonsko (RIAJ): 2x platinov\u00e9<\/p>\n","protected":false},"author":5,"featured_media":0,"parent":5237,"menu_order":0,"comment_status":"open","ping_status":"open","template":"page-templates\/full-width.php","meta":{"footnotes":""},"yoast_head":"<!-- This site is optimized with the Yoast SEO plugin v20.9 - https:\/\/yoast.com\/wordpress\/plugins\/seo\/ -->\n<title>Certifikace | CZ: SimplePlan.cz<\/title>\n<meta name=\"robots\" content=\"index, follow, max-snippet:-1, max-image-preview:large, max-video-preview:-1\" \/>\n<link rel=\"canonical\" href=\"https:\/\/www.simpleplan.cz\/cz\/index.php\/kapela\/certifikace\/\" \/>\n<meta property=\"og:locale\" content=\"cs_CZ\" \/>\n<meta property=\"og:type\" content=\"article\" \/>\n<meta property=\"og:title\" content=\"Certifikace | CZ: SimplePlan.cz\" \/>\n<meta property=\"og:description\" content=\"Alba No Pads, No Helmets&#8230; Just Balls Kanada (CRIA): 2x platinov\u00e9 Japonsko (RIAJ): 2x platinov\u00e9\" \/>\n<meta property=\"og:url\" content=\"https:\/\/www.simpleplan.cz\/cz\/index.php\/kapela\/certifikace\/\" \/>\n<meta property=\"og:site_name\" content=\"CZ: SimplePlan.cz\" \/>\n<meta property=\"article:publisher\" content=\"http:\/\/www.facebook.com\/simpleplancz\" \/>\n<meta property=\"article:modified_time\" content=\"2023-06-26T07:29:55+00:00\" \/>\n<meta property=\"og:image\" content=\"https:\/\/i.imgur.com\/MqbEuTh.png\" \/>\n<meta name=\"twitter:card\" content=\"summary_large_image\" \/>\n<meta name=\"twitter:site\" content=\"@simpleplancz\" \/>\n<meta name=\"twitter:label1\" content=\"Odhadovan\u00e1 doba \u010dten\u00ed\" \/>\n\t<meta name=\"twitter:data1\" content=\"1 minuta\" \/>\n<script type=\"application\/ld+json\" class=\"yoast-schema-graph\">{\"@context\":\"https:\/\/schema.org\",\"@graph\":[{\"@type\":\"WebPage\",\"@id\":\"https:\/\/www.simpleplan.cz\/cz\/index.php\/kapela\/certifikace\/\",\"url\":\"https:\/\/www.simpleplan.cz\/cz\/index.php\/kapela\/certifikace\/\",\"name\":\"Certifikace | CZ: SimplePlan.cz\",\"isPartOf\":{\"@id\":\"https:\/\/www.simpleplan.cz\/cz\/#website\"},\"datePublished\":\"2014-11-28T21:26:53+00:00\",\"dateModified\":\"2023-06-26T07:29:55+00:00\",\"breadcrumb\":{\"@id\":\"https:\/\/www.simpleplan.cz\/cz\/index.php\/kapela\/certifikace\/#breadcrumb\"},\"inLanguage\":\"cs\",\"potentialAction\":[{\"@type\":\"ReadAction\",\"target\":[\"https:\/\/www.simpleplan.cz\/cz\/index.php\/kapela\/certifikace\/\"]}]},{\"@type\":\"BreadcrumbList\",\"@id\":\"https:\/\/www.simpleplan.cz\/cz\/index.php\/kapela\/certifikace\/#breadcrumb\",\"itemListElement\":[{\"@type\":\"ListItem\",\"position\":1,\"name\":\"Dom\u016f\",\"item\":\"https:\/\/www.simpleplan.cz\/cz\/\"},{\"@type\":\"ListItem\",\"position\":2,\"name\":\"Kapela\",\"item\":\"https:\/\/www.simpleplan.cz\/cz\/index.php\/kapela\/\"},{\"@type\":\"ListItem\",\"position\":3,\"name\":\"Certifikace\"}]},{\"@type\":\"WebSite\",\"@id\":\"https:\/\/www.simpleplan.cz\/cz\/#website\",\"url\":\"https:\/\/www.simpleplan.cz\/cz\/\",\"name\":\"CZ: SimplePlan.cz\",\"description\":\"Nejlep\u0161\u00ed zdroj informac\u00ed o kapele Simple Plan\",\"publisher\":{\"@id\":\"https:\/\/www.simpleplan.cz\/cz\/#organization\"},\"potentialAction\":[{\"@type\":\"SearchAction\",\"target\":{\"@type\":\"EntryPoint\",\"urlTemplate\":\"https:\/\/www.simpleplan.cz\/cz\/?s={search_term_string}\"},\"query-input\":\"required name=search_term_string\"}],\"inLanguage\":\"cs\"},{\"@type\":\"Organization\",\"@id\":\"https:\/\/www.simpleplan.cz\/cz\/#organization\",\"name\":\"CZ: SimplePlan.cz\",\"url\":\"https:\/\/www.simpleplan.cz\/cz\/\",\"logo\":{\"@type\":\"ImageObject\",\"inLanguage\":\"cs\",\"@id\":\"https:\/\/www.simpleplan.cz\/cz\/#\/schema\/logo\/image\/\",\"url\":\"https:\/\/www.simpleplan.cz\/cz\/wp-content\/uploads\/spczlogo.png\",\"contentUrl\":\"https:\/\/www.simpleplan.cz\/cz\/wp-content\/uploads\/spczlogo.png\",\"width\":250,\"height\":190,\"caption\":\"CZ: SimplePlan.cz\"},\"image\":{\"@id\":\"https:\/\/www.simpleplan.cz\/cz\/#\/schema\/logo\/image\/\"},\"sameAs\":[\"http:\/\/www.facebook.com\/simpleplancz\",\"https:\/\/twitter.com\/simpleplancz\",\"http:\/\/www.instagram.com\/simpleplancz\",\"http:\/\/www.youtube.com\/simpleplancz\"]}]}<\/script>\n<!-- \/ Yoast SEO plugin. -->","yoast_head_json":{"title":"Certifikace | CZ: SimplePlan.cz","robots":{"index":"index","follow":"follow","max-snippet":"max-snippet:-1","max-image-preview":"max-image-preview:large","max-video-preview":"max-video-preview:-1"},"canonical":"https:\/\/www.simpleplan.cz\/cz\/index.php\/kapela\/certifikace\/","og_locale":"cs_CZ","og_type":"article","og_title":"Certifikace | CZ: SimplePlan.cz","og_description":"Alba No Pads, No Helmets&#8230; Just Balls Kanada (CRIA): 2x platinov\u00e9 Japonsko (RIAJ): 2x platinov\u00e9","og_url":"https:\/\/www.simpleplan.cz\/cz\/index.php\/kapela\/certifikace\/","og_site_name":"CZ: SimplePlan.cz","article_publisher":"http:\/\/www.facebook.com\/simpleplancz","article_modified_time":"2023-06-26T07:29:55+00:00","og_image":[{"url":"https:\/\/i.imgur.com\/MqbEuTh.png"}],"twitter_card":"summary_large_image","twitter_site":"@simpleplancz","twitter_misc":{"Odhadovan\u00e1 doba \u010dten\u00ed":"1 minuta"},"schema":{"@context":"https:\/\/schema.org","@graph":[{"@type":"WebPage","@id":"https:\/\/www.simpleplan.cz\/cz\/index.php\/kapela\/certifikace\/","url":"https:\/\/www.simpleplan.cz\/cz\/index.php\/kapela\/certifikace\/","name":"Certifikace | CZ: SimplePlan.cz","isPartOf":{"@id":"https:\/\/www.simpleplan.cz\/cz\/#website"},"datePublished":"2014-11-28T21:26:53+00:00","dateModified":"2023-06-26T07:29:55+00:00","breadcrumb":{"@id":"https:\/\/www.simpleplan.cz\/cz\/index.php\/kapela\/certifikace\/#breadcrumb"},"inLanguage":"cs","potentialAction":[{"@type":"ReadAction","target":["https:\/\/www.simpleplan.cz\/cz\/index.php\/kapela\/certifikace\/"]}]},{"@type":"BreadcrumbList","@id":"https:\/\/www.simpleplan.cz\/cz\/index.php\/kapela\/certifikace\/#breadcrumb","itemListElement":[{"@type":"ListItem","position":1,"name":"Dom\u016f","item":"https:\/\/www.simpleplan.cz\/cz\/"},{"@type":"ListItem","position":2,"name":"Kapela","item":"https:\/\/www.simpleplan.cz\/cz\/index.php\/kapela\/"},{"@type":"ListItem","position":3,"name":"Certifikace"}]},{"@type":"WebSite","@id":"https:\/\/www.simpleplan.cz\/cz\/#website","url":"https:\/\/www.simpleplan.cz\/cz\/","name":"CZ: SimplePlan.cz","description":"Nejlep\u0161\u00ed zdroj informac\u00ed o kapele Simple Plan","publisher":{"@id":"https:\/\/www.simpleplan.cz\/cz\/#organization"},"potentialAction":[{"@type":"SearchAction","target":{"@type":"EntryPoint","urlTemplate":"https:\/\/www.simpleplan.cz\/cz\/?s={search_term_string}"},"query-input":"required name=search_term_string"}],"inLanguage":"cs"},{"@type":"Organization","@id":"https:\/\/www.simpleplan.cz\/cz\/#organization","name":"CZ: SimplePlan.cz","url":"https:\/\/www.simpleplan.cz\/cz\/","logo":{"@type":"ImageObject","inLanguage":"cs","@id":"https:\/\/www.simpleplan.cz\/cz\/#\/schema\/logo\/image\/","url":"https:\/\/www.simpleplan.cz\/cz\/wp-content\/uploads\/spczlogo.png","contentUrl":"https:\/\/www.simpleplan.cz\/cz\/wp-content\/uploads\/spczlogo.png","width":250,"height":190,"caption":"CZ: SimplePlan.cz"},"image":{"@id":"https:\/\/www.simpleplan.cz\/cz\/#\/schema\/logo\/image\/"},"sameAs":["http:\/\/www.facebook.com\/simpleplancz","https:\/\/twitter.com\/simpleplancz","http:\/\/www.instagram.com\/simpleplancz","http:\/\/www.youtube.com\/simpleplancz"]}]}},"_links":{"self":[{"href":"https:\/\/www.simpleplan.cz\/cz\/index.php\/wp-json\/wp\/v2\/pages\/16030"}],"collection":[{"href":"https:\/\/www.simpleplan.cz\/cz\/index.php\/wp-json\/wp\/v2\/pages"}],"about":[{"href":"https:\/\/www.simpleplan.cz\/cz\/index.php\/wp-json\/wp\/v2\/types\/page"}],"author":[{"embeddable":true,"href":"https:\/\/www.simpleplan.cz\/cz\/index.php\/wp-json\/wp\/v2\/users\/5"}],"replies":[{"embeddable":true,"href":"https:\/\/www.simpleplan.cz\/cz\/index.php\/wp-json\/wp\/v2\/comments?post=16030"}],"version-history":[{"count":17,"href":"https:\/\/www.simpleplan.cz\/cz\/index.php\/wp-json\/wp\/v2\/pages\/16030\/revisions"}],"predecessor-version":[{"id":29005,"href":"https:\/\/www.simpleplan.cz\/cz\/index.php\/wp-json\/wp\/v2\/pages\/16030\/revisions\/29005"}],"up":[{"embeddable":true,"href":"https:\/\/www.simpleplan.cz\/cz\/index.php\/wp-json\/wp\/v2\/pages\/5237"}],"wp:attachment":[{"href":"https:\/\/www.simpleplan.cz\/cz\/index.php\/wp-json\/wp\/v2\/media?parent=16030"}],"curies":[{"name":"wp","href":"https:\/\/api.w.org\/{rel}","templated":true}]}}