{"id":16982,"date":"2015-08-30T12:41:22","date_gmt":"2015-08-30T10:41:22","guid":{"rendered":"http:\/\/www.simpleplan.cz\/cz\/?page_id=16982"},"modified":"2023-06-26T09:29:56","modified_gmt":"2023-06-26T07:29:56","slug":"boom","status":"publish","type":"page","link":"https:\/\/www.simpleplan.cz\/cz\/index.php\/kapela\/diskografie\/boom\/","title":{"rendered":"Boom"},"content":{"rendered":"<div class=\"pagecontent\">\n<div class=\"girls\"><b><u>Z\u00e1kladn\u00ed info<\/u><\/b><\/div>\n<p><b>Album:<\/b> Taking One For The Team<br \/>\n<b>Auto\u0159i textu:<\/b> Pierre Bouvier, Chuck Comeau, Nick Bailey, Ryan Orgen<br \/>\n<b>D\u00e9lka p\u00edsn\u011b:<\/b> 3:10<br \/>\n<b>Datum vyd\u00e1n\u00ed videoklipu:<\/b> 28. srpna 2015<br \/>\n<b>Obal:<\/b> <a href=\"http:\/\/www.simpleplan.cz\/gallery\/thumbnails.php?album=2112\" target=\"_blank\" rel=\"noopener\">zde<\/a><\/p>\n<div class=\"girls\"><b><u>V\u00fdznam p\u00edsn\u011b<\/u><\/b><\/div>\n<blockquote><p><i>&#8222;Je to p\u00edse\u0148 o tom, kdy\u017e je \u010dlov\u011bk zamilovan\u00fd, kdy\u017e m\u00e1 ve sv\u00e9m \u017eivot\u011b d\u00edvku nebo kluka, ze kter\u00e9ho mu naprosto bu\u0161\u00ed srdce. Celkem jednoduch\u00e9.&#8220;<\/i><br \/>\n<center>&#8211; Pierre Bouvier &#8211;<\/center><\/p><\/blockquote>\n<div class=\"girls\"><b><u>Videoklip<\/u><\/b><\/div>\n<p><center><iframe width=\"480\" height=\"280\" src=\"https:\/\/www.youtube.com\/embed\/UpRxhcCAeVU\" frameborder=\"0\" allowfullscreen><\/iframe><\/center><\/p>\n<div class=\"girls\"><b><u>Text p\u00edsn\u011b<\/u><\/b><\/div>\n<p><center><br \/>\nIn a world full of heartache<br \/>\nSeems like everyone is burning out<br \/>\nYou and me, we did it our way<br \/>\nAnd this love ain\u2019t running out<br \/>\nWe got that fire, that glow<br \/>\nWhoa<br \/>\nAnd I just need you to know<\/center><\/p>\n<p><center>You\u2019re my favorite song<br \/>\nMy sing-along<br \/>\nYou shine bright like lighters in the dark<br \/>\nAnd you\u2019re my clarity, the best part of me<br \/>\nYou still make my crazy little heart go<br \/>\nBoom, boom, boom, boom, boom, boom, boom, boom<br \/>\nBoom, boom, boom, boom, boom, boom, boom, boom<br \/>\nBoom, boom, boom, boom, boom, boom, boom, boom<br \/>\nYou still make my crazy little heart go boom<\/center><\/p>\n<p><center>Don\u2019t worry about tomorrow<br \/>\n\u2018Cause these walls will never fall<br \/>\nI just wanna let the world know<br \/>\nWhat we got\u2019s unbreakable<br \/>\nWe got it under control<br \/>\nWhoa<br \/>\nWe\u2019re good, we\u2019re solid, we\u2019re gold<\/center><\/p>\n<p><center>You\u2019re my favorite song<br \/>\nMy sing-along<br \/>\nYou shine bright like lighters in the dark<br \/>\nAnd you\u2019re my clarity, the best part of me<br \/>\nYou still make my crazy little heart go<br \/>\nBoom, boom, boom, boom, boom, boom, boom, boom<br \/>\nBoom, boom, boom, boom, boom, boom, boom, boom<br \/>\nBoom, boom, boom, boom, boom, boom, boom, boom<br \/>\nYou still make my crazy little heart go boom<\/center><\/p>\n<p><center>You make my crazy little heart go boom<br \/>\n(Crazy little heart go, crazy little heart go\u2026)<br \/>\nAnd now I never wanna let go<br \/>\n(Crazy little crazy heart go, crazy little heart go\u2026)<br \/>\nYou make my crazy little heart go boom<br \/>\n(Crazy little heart go, crazy little heart go\u2026)<br \/>\nAnd now I never wanna let go<\/center><\/p>\n<p><center>You\u2019re my favorite song<br \/>\nMy sing-along<br \/>\nYou shine bright like lighters in the dark<br \/>\nAnd you\u2019re my clarity, best part of me<br \/>\nYou still make my crazy little heart go boom<\/center><\/p>\n<p><center>You\u2019re my favorite song<br \/>\nMy sing-along<br \/>\nYou shine bright like lighters in the dark<br \/>\nAnd you\u2019re my clarity, best part of me<br \/>\nYou still make my crazy little heart go<br \/>\nBoom, boom, boom, boom, boom, boom, boom, boom<br \/>\nBoom, boom, boom, boom, boom, boom, boom, boom<br \/>\nBoom, boom, boom, boom, boom, boom, boom, boom<br \/>\nYou still make my crazy little heart go boom<br \/>\nMy crazy little heart go boom<\/center><\/p>\n<p><center>You still make my crazy little heart go boom<\/p>\n<p><\/center><\/p>\n<div class=\"girls\"><b><u>\u010cesk\u00fd p\u0159eklad<\/u><\/b><\/div>\n<p><center><br \/>\nVe sv\u011bt\u011b pln\u00e9m \u017ealu<br \/>\nTo vypad\u00e1, \u017ee ka\u017ed\u00fd doho\u0159\u00edv\u00e1<br \/>\nTy a j\u00e1 jsme si ale na\u0161li vlastn\u00ed cestu<br \/>\nA na\u0161e l\u00e1ska se nevytr\u00e1c\u00ed<br \/>\nMy m\u00e1me ten ohe\u0148, tu z\u00e1\u0159<br \/>\nWhoa<br \/>\nA j\u00e1 jen chci, abys v\u011bd\u011bla<\/center><\/p>\n<p><center>Jsi mou nejobl\u00edben\u011bj\u0161\u00ed p\u00edsn\u00ed<br \/>\nM\u00fdm pop\u011bvkem<br \/>\nZ\u00e1\u0159\u00ed\u0161 jasn\u011bji, ne\u017e zapalova\u010de ve tm\u011b<br \/>\nA jsi mou jasnost\u00ed, nejlep\u0161\u00ed \u010d\u00e1st\u00ed mne samotn\u00e9ho<br \/>\nPo\u0159\u00e1d pro tebe m\u00e9 \u0161\u00edlen\u00e9 mal\u00e9 srdce d\u011bl\u00e1<br \/>\nBoom, boom, boom, boom, boom, boom, boom, boom<br \/>\nBoom, boom, boom, boom, boom, boom, boom, boom<br \/>\nBoom, boom, boom, boom, boom, boom, boom, boom<br \/>\nPo\u0159\u00e1d pro tebe m\u00e9 \u0161\u00edlen\u00e9 mal\u00e9 srdce d\u011bl\u00e1 boom<\/center><\/p>\n<p><center>Nemysli na z\u00edt\u0159ek<br \/>\nProto\u017ee tyhle zdi nikdy nespadnou<br \/>\nJen chci d\u00e1t cel\u00e9mu sv\u011btu v\u011bd\u011bt<br \/>\n\u017de to co my dva m\u00e1me, je nezni\u010diteln\u00e9<br \/>\nM\u00e1me to pod kontrolou<br \/>\nWhoa<br \/>\nJsme dob\u0159\u00ed, jsme pevn\u00ed, jsme perfektn\u00ed<\/center><\/p>\n<p><center>Jsi mou nejobl\u00edben\u011bj\u0161\u00ed p\u00edsn\u00ed<br \/>\nM\u00fdm pop\u011bvkem<br \/>\nZ\u00e1\u0159\u00ed\u0161 jasn\u011bji, ne\u017e zapalova\u010de ve tm\u011b<br \/>\nA jsi mou jasnost\u00ed, nejlep\u0161\u00ed \u010d\u00e1st\u00ed mne samotn\u00e9ho<br \/>\nPo\u0159\u00e1d pro tebe m\u00e9 \u0161\u00edlen\u00e9 mal\u00e9 srdce d\u011bl\u00e1<br \/>\nBoom, boom, boom, boom, boom, boom, boom, boom<br \/>\nBoom, boom, boom, boom, boom, boom, boom, boom<br \/>\nBoom, boom, boom, boom, boom, boom, boom, boom<br \/>\nPo\u0159\u00e1d pro tebe m\u00e9 \u0161\u00edlen\u00e9 mal\u00e9 srdce d\u011bl\u00e1 boom<\/center><\/p>\n<p><center>Po\u0159\u00e1d pro tebe m\u00e9 \u0161\u00edlen\u00e9 mal\u00e9 srdce d\u011bl\u00e1 boom<br \/>\n(\u0160\u00edlen\u00e9 mal\u00e9 srdce d\u011bl\u00e1, \u0161\u00edlen\u00e9 mal\u00e9 srdce d\u011bl\u00e1\u2026)<br \/>\nA te\u010f t\u011b nechci nechat j\u00edt<br \/>\n(\u0160\u00edlen\u00e9 mal\u00e9 srdce d\u011bl\u00e1, \u0161\u00edlen\u00e9 mal\u00e9 srdce d\u011bl\u00e1\u2026)<br \/>\nPo\u0159\u00e1d pro tebe m\u00e9 \u0161\u00edlen\u00e9 mal\u00e9 srdce d\u011bl\u00e1 boom<br \/>\n(\u0160\u00edlen\u00e9 mal\u00e9 srdce d\u011bl\u00e1, \u0161\u00edlen\u00e9 mal\u00e9 srdce d\u011bl\u00e1\u2026)<br \/>\nA te\u010f t\u011b nechci nechat j\u00edt<\/center><\/p>\n<p><center>Jsi mou nejobl\u00edben\u011bj\u0161\u00ed p\u00edsn\u00ed<br \/>\nM\u00fdm pop\u011bvkem<br \/>\nZ\u00e1\u0159\u00ed\u0161 jasn\u011bji, ne\u017e zapalova\u010de ve tm\u011b<br \/>\nA jsi mou jasnost\u00ed, nejlep\u0161\u00ed \u010d\u00e1st\u00ed mne samotn\u00e9ho<br \/>\nPo\u0159\u00e1d pro tebe m\u00e9 \u0161\u00edlen\u00e9 mal\u00e9 srdce d\u011bl\u00e1 boom<\/center><\/p>\n<p><center>Jsi mou nejobl\u00edben\u011bj\u0161\u00ed p\u00edsn\u00ed<br \/>\nM\u00fdm pop\u011bvkem<br \/>\nZ\u00e1\u0159\u00ed\u0161 jasn\u011bji, ne\u017e zapalova\u010de ve tm\u011b<br \/>\nA jsi mou jasnost\u00ed, nejlep\u0161\u00ed \u010d\u00e1st\u00ed mne samotn\u00e9ho<br \/>\nPo\u0159\u00e1d pro tebe m\u00e9 \u0161\u00edlen\u00e9 mal\u00e9 srdce d\u011bl\u00e1<br \/>\nBoom, boom, boom, boom, boom, boom, boom, boom<br \/>\nBoom, boom, boom, boom, boom, boom, boom, boom<br \/>\nBoom, boom, boom, boom, boom, boom, boom, boom<br \/>\nPo\u0159\u00e1d pro tebe m\u00e9 \u0161\u00edlen\u00e9 mal\u00e9 srdce d\u011bl\u00e1 boom<br \/>\nM\u00e9 \u0161\u00edlen\u00e9 mal\u00e9 srdce d\u011bl\u00e1 boom<\/center><\/p>\n<p><center>Po\u0159\u00e1d pro tebe m\u00e9 \u0161\u00edlen\u00e9 mal\u00e9 srdce d\u011bl\u00e1 boom<\/p>\n<p><\/center><\/p>\n<\/div>\n<div class=\"fblikebutton_button\" style=\"float: left; padding-top: 20px; margin-right: 20px; padding-bottom: 20px; padding-left: 20px;\"><iframe src=\"http:\/\/www.facebook.com\/plugins\/like.php?href=https%3A%2F%2Fwww.simpleplan.cz%2Fcz%2Findex.php%2Fkapela%2Fdiskografie%2Fboom%2F&amp;layout=standard&amp;show-faces=false&amp;width=450&amp;action=like&amp;colorscheme=light\" scrolling=\"no\" frameborder=\"0\" allowTransparency=\"true\" style=\"border:none; overflow:hidden; width:450px; height:26px\"><\/iframe><\/div>\n","protected":false},"excerpt":{"rendered":"<p>Z\u00e1kladn\u00ed info Album: Taking One For The Team Auto\u0159i textu: Pierre Bouvier, Chuck Comeau, Nick<\/p>\n","protected":false},"author":5,"featured_media":0,"parent":5273,"menu_order":0,"comment_status":"open","ping_status":"open","template":"page-templates\/full-width.php","meta":{"footnotes":""},"yoast_head":"<!-- This site is optimized with the Yoast SEO plugin v20.9 - https:\/\/yoast.com\/wordpress\/plugins\/seo\/ -->\n<title>Boom | CZ: SimplePlan.cz<\/title>\n<meta name=\"robots\" content=\"index, follow, max-snippet:-1, max-image-preview:large, max-video-preview:-1\" \/>\n<link rel=\"canonical\" href=\"https:\/\/www.simpleplan.cz\/cz\/index.php\/kapela\/diskografie\/boom\/\" \/>\n<meta property=\"og:locale\" content=\"cs_CZ\" \/>\n<meta property=\"og:type\" content=\"article\" \/>\n<meta property=\"og:title\" content=\"Boom | CZ: SimplePlan.cz\" \/>\n<meta property=\"og:description\" content=\"Z\u00e1kladn\u00ed info Album: Taking One For The Team Auto\u0159i textu: Pierre Bouvier, Chuck Comeau, Nick\" \/>\n<meta property=\"og:url\" content=\"https:\/\/www.simpleplan.cz\/cz\/index.php\/kapela\/diskografie\/boom\/\" \/>\n<meta property=\"og:site_name\" content=\"CZ: SimplePlan.cz\" \/>\n<meta property=\"article:publisher\" content=\"http:\/\/www.facebook.com\/simpleplancz\" \/>\n<meta property=\"article:modified_time\" content=\"2023-06-26T07:29:56+00:00\" \/>\n<meta property=\"og:image\" content=\"http:\/\/www.simpleplan.cz\/cz\/wp-content\/uploads\/logo.gif\" \/>\n<meta name=\"twitter:card\" content=\"summary_large_image\" \/>\n<meta name=\"twitter:site\" content=\"@simpleplancz\" \/>\n<meta name=\"twitter:label1\" content=\"Odhadovan\u00e1 doba \u010dten\u00ed\" \/>\n\t<meta name=\"twitter:data1\" content=\"4 minuty\" \/>\n<script type=\"application\/ld+json\" class=\"yoast-schema-graph\">{\"@context\":\"https:\/\/schema.org\",\"@graph\":[{\"@type\":\"WebPage\",\"@id\":\"https:\/\/www.simpleplan.cz\/cz\/index.php\/kapela\/diskografie\/boom\/\",\"url\":\"https:\/\/www.simpleplan.cz\/cz\/index.php\/kapela\/diskografie\/boom\/\",\"name\":\"Boom | CZ: SimplePlan.cz\",\"isPartOf\":{\"@id\":\"https:\/\/www.simpleplan.cz\/cz\/#website\"},\"datePublished\":\"2015-08-30T10:41:22+00:00\",\"dateModified\":\"2023-06-26T07:29:56+00:00\",\"breadcrumb\":{\"@id\":\"https:\/\/www.simpleplan.cz\/cz\/index.php\/kapela\/diskografie\/boom\/#breadcrumb\"},\"inLanguage\":\"cs\",\"potentialAction\":[{\"@type\":\"ReadAction\",\"target\":[\"https:\/\/www.simpleplan.cz\/cz\/index.php\/kapela\/diskografie\/boom\/\"]}]},{\"@type\":\"BreadcrumbList\",\"@id\":\"https:\/\/www.simpleplan.cz\/cz\/index.php\/kapela\/diskografie\/boom\/#breadcrumb\",\"itemListElement\":[{\"@type\":\"ListItem\",\"position\":1,\"name\":\"Dom\u016f\",\"item\":\"https:\/\/www.simpleplan.cz\/cz\/\"},{\"@type\":\"ListItem\",\"position\":2,\"name\":\"Kapela\",\"item\":\"https:\/\/www.simpleplan.cz\/cz\/index.php\/kapela\/\"},{\"@type\":\"ListItem\",\"position\":3,\"name\":\"Diskografie\",\"item\":\"https:\/\/www.simpleplan.cz\/cz\/index.php\/kapela\/diskografie\/\"},{\"@type\":\"ListItem\",\"position\":4,\"name\":\"Boom\"}]},{\"@type\":\"WebSite\",\"@id\":\"https:\/\/www.simpleplan.cz\/cz\/#website\",\"url\":\"https:\/\/www.simpleplan.cz\/cz\/\",\"name\":\"CZ: SimplePlan.cz\",\"description\":\"Nejlep\u0161\u00ed zdroj informac\u00ed o kapele Simple Plan\",\"publisher\":{\"@id\":\"https:\/\/www.simpleplan.cz\/cz\/#organization\"},\"potentialAction\":[{\"@type\":\"SearchAction\",\"target\":{\"@type\":\"EntryPoint\",\"urlTemplate\":\"https:\/\/www.simpleplan.cz\/cz\/?s={search_term_string}\"},\"query-input\":\"required name=search_term_string\"}],\"inLanguage\":\"cs\"},{\"@type\":\"Organization\",\"@id\":\"https:\/\/www.simpleplan.cz\/cz\/#organization\",\"name\":\"CZ: SimplePlan.cz\",\"url\":\"https:\/\/www.simpleplan.cz\/cz\/\",\"logo\":{\"@type\":\"ImageObject\",\"inLanguage\":\"cs\",\"@id\":\"https:\/\/www.simpleplan.cz\/cz\/#\/schema\/logo\/image\/\",\"url\":\"https:\/\/www.simpleplan.cz\/cz\/wp-content\/uploads\/spczlogo.png\",\"contentUrl\":\"https:\/\/www.simpleplan.cz\/cz\/wp-content\/uploads\/spczlogo.png\",\"width\":250,\"height\":190,\"caption\":\"CZ: SimplePlan.cz\"},\"image\":{\"@id\":\"https:\/\/www.simpleplan.cz\/cz\/#\/schema\/logo\/image\/\"},\"sameAs\":[\"http:\/\/www.facebook.com\/simpleplancz\",\"https:\/\/twitter.com\/simpleplancz\",\"http:\/\/www.instagram.com\/simpleplancz\",\"http:\/\/www.youtube.com\/simpleplancz\"]}]}<\/script>\n<!-- \/ Yoast SEO plugin. -->","yoast_head_json":{"title":"Boom | CZ: SimplePlan.cz","robots":{"index":"index","follow":"follow","max-snippet":"max-snippet:-1","max-image-preview":"max-image-preview:large","max-video-preview":"max-video-preview:-1"},"canonical":"https:\/\/www.simpleplan.cz\/cz\/index.php\/kapela\/diskografie\/boom\/","og_locale":"cs_CZ","og_type":"article","og_title":"Boom | CZ: SimplePlan.cz","og_description":"Z\u00e1kladn\u00ed info Album: Taking One For The Team Auto\u0159i textu: Pierre Bouvier, Chuck Comeau, Nick","og_url":"https:\/\/www.simpleplan.cz\/cz\/index.php\/kapela\/diskografie\/boom\/","og_site_name":"CZ: SimplePlan.cz","article_publisher":"http:\/\/www.facebook.com\/simpleplancz","article_modified_time":"2023-06-26T07:29:56+00:00","og_image":[{"url":"http:\/\/www.simpleplan.cz\/cz\/wp-content\/uploads\/logo.gif"}],"twitter_card":"summary_large_image","twitter_site":"@simpleplancz","twitter_misc":{"Odhadovan\u00e1 doba \u010dten\u00ed":"4 minuty"},"schema":{"@context":"https:\/\/schema.org","@graph":[{"@type":"WebPage","@id":"https:\/\/www.simpleplan.cz\/cz\/index.php\/kapela\/diskografie\/boom\/","url":"https:\/\/www.simpleplan.cz\/cz\/index.php\/kapela\/diskografie\/boom\/","name":"Boom | CZ: SimplePlan.cz","isPartOf":{"@id":"https:\/\/www.simpleplan.cz\/cz\/#website"},"datePublished":"2015-08-30T10:41:22+00:00","dateModified":"2023-06-26T07:29:56+00:00","breadcrumb":{"@id":"https:\/\/www.simpleplan.cz\/cz\/index.php\/kapela\/diskografie\/boom\/#breadcrumb"},"inLanguage":"cs","potentialAction":[{"@type":"ReadAction","target":["https:\/\/www.simpleplan.cz\/cz\/index.php\/kapela\/diskografie\/boom\/"]}]},{"@type":"BreadcrumbList","@id":"https:\/\/www.simpleplan.cz\/cz\/index.php\/kapela\/diskografie\/boom\/#breadcrumb","itemListElement":[{"@type":"ListItem","position":1,"name":"Dom\u016f","item":"https:\/\/www.simpleplan.cz\/cz\/"},{"@type":"ListItem","position":2,"name":"Kapela","item":"https:\/\/www.simpleplan.cz\/cz\/index.php\/kapela\/"},{"@type":"ListItem","position":3,"name":"Diskografie","item":"https:\/\/www.simpleplan.cz\/cz\/index.php\/kapela\/diskografie\/"},{"@type":"ListItem","position":4,"name":"Boom"}]},{"@type":"WebSite","@id":"https:\/\/www.simpleplan.cz\/cz\/#website","url":"https:\/\/www.simpleplan.cz\/cz\/","name":"CZ: SimplePlan.cz","description":"Nejlep\u0161\u00ed zdroj informac\u00ed o kapele Simple Plan","publisher":{"@id":"https:\/\/www.simpleplan.cz\/cz\/#organization"},"potentialAction":[{"@type":"SearchAction","target":{"@type":"EntryPoint","urlTemplate":"https:\/\/www.simpleplan.cz\/cz\/?s={search_term_string}"},"query-input":"required name=search_term_string"}],"inLanguage":"cs"},{"@type":"Organization","@id":"https:\/\/www.simpleplan.cz\/cz\/#organization","name":"CZ: SimplePlan.cz","url":"https:\/\/www.simpleplan.cz\/cz\/","logo":{"@type":"ImageObject","inLanguage":"cs","@id":"https:\/\/www.simpleplan.cz\/cz\/#\/schema\/logo\/image\/","url":"https:\/\/www.simpleplan.cz\/cz\/wp-content\/uploads\/spczlogo.png","contentUrl":"https:\/\/www.simpleplan.cz\/cz\/wp-content\/uploads\/spczlogo.png","width":250,"height":190,"caption":"CZ: SimplePlan.cz"},"image":{"@id":"https:\/\/www.simpleplan.cz\/cz\/#\/schema\/logo\/image\/"},"sameAs":["http:\/\/www.facebook.com\/simpleplancz","https:\/\/twitter.com\/simpleplancz","http:\/\/www.instagram.com\/simpleplancz","http:\/\/www.youtube.com\/simpleplancz"]}]}},"_links":{"self":[{"href":"https:\/\/www.simpleplan.cz\/cz\/index.php\/wp-json\/wp\/v2\/pages\/16982"}],"collection":[{"href":"https:\/\/www.simpleplan.cz\/cz\/index.php\/wp-json\/wp\/v2\/pages"}],"about":[{"href":"https:\/\/www.simpleplan.cz\/cz\/index.php\/wp-json\/wp\/v2\/types\/page"}],"author":[{"embeddable":true,"href":"https:\/\/www.simpleplan.cz\/cz\/index.php\/wp-json\/wp\/v2\/users\/5"}],"replies":[{"embeddable":true,"href":"https:\/\/www.simpleplan.cz\/cz\/index.php\/wp-json\/wp\/v2\/comments?post=16982"}],"version-history":[{"count":14,"href":"https:\/\/www.simpleplan.cz\/cz\/index.php\/wp-json\/wp\/v2\/pages\/16982\/revisions"}],"predecessor-version":[{"id":33060,"href":"https:\/\/www.simpleplan.cz\/cz\/index.php\/wp-json\/wp\/v2\/pages\/16982\/revisions\/33060"}],"up":[{"embeddable":true,"href":"https:\/\/www.simpleplan.cz\/cz\/index.php\/wp-json\/wp\/v2\/pages\/5273"}],"wp:attachment":[{"href":"https:\/\/www.simpleplan.cz\/cz\/index.php\/wp-json\/wp\/v2\/media?parent=16982"}],"curies":[{"name":"wp","href":"https:\/\/api.w.org\/{rel}","templated":true}]}}