{"id":17228,"date":"2015-10-19T19:20:48","date_gmt":"2015-10-19T17:20:48","guid":{"rendered":"http:\/\/www.simpleplan.cz\/cz\/?page_id=17228"},"modified":"2023-06-26T09:29:56","modified_gmt":"2023-06-26T07:29:56","slug":"i-dont-wanna-go-to-bed","status":"publish","type":"page","link":"https:\/\/www.simpleplan.cz\/cz\/index.php\/kapela\/diskografie\/i-dont-wanna-go-to-bed\/","title":{"rendered":"I Don&#8217;t Wanna Go To Bed"},"content":{"rendered":"<div class=\"pagecontent\">\n<div class=\"girls\"><b><u>Z\u00e1kladn\u00ed info<\/u><\/b><\/div>\n<p><b>Album:<\/b> Taking One For The Team<br \/>\n<b>Auto\u0159i textu:<\/b> Pierre Bouvier, Chuck Comeau<br \/>\n<b>Dodate\u010dn\u00e1 spolupr\u00e1ce:<\/b> Nelly (dodate\u010dn\u00fd zp\u011bv\/rap)<br \/>\n<b>D\u00e9lka p\u00edsn\u011b:<\/b> 3:15<br \/>\n<b>Datum vyd\u00e1n\u00ed singlu:<\/b> 16. \u0159\u00edjna 2015<br \/>\n<b>Datum vyd\u00e1n\u00ed videoklipu:<\/b> 15. \u0159\u00edjna 2015<br \/>\n<b>Obal singlu:<\/b> <a href=\"http:\/\/www.simpleplan.cz\/gallery\/thumbnails.php?album=2126\" target=\"_blank\" rel=\"noopener\">zde<\/a><\/p>\n<div class=\"girls\"><b><u>Videoklip<\/u><\/b><\/div>\n<p><center><iframe width=\"480\" height=\"280\" src=\"https:\/\/www.youtube.com\/embed\/Y9ovl3ixqHs\" frameborder=\"0\" allowfullscreen><\/iframe><\/center><\/p>\n<div class=\"girls\"><b><u>Text p\u00edsn\u011b<\/u><\/b><\/div>\n<p><center><\/p>\n<p><b>[anglick\u00e1 verze]<\/b><\/center><\/p>\n<p><center>(I don\u2019t wanna go to bed without you<br \/>\nIt\u2019s a Simple Plan<br \/>\nI don\u2019t wanna go to bed without you<br \/>\nCome to me)<\/center><\/p>\n<p><center>I gotta tell you the truth<br \/>\nI\u2019m full of broken pieces<br \/>\nAnd all my nights are sleepless<br \/>\nAnd I don\u2019t mean to intrude<br \/>\nThis secret can you keep it?<br \/>\nWon\u2019t give up even if it\u2026<\/center><\/p>\n<p><center>Takes me all night,<br \/>\nTakes my whole life,<br \/>\nJust won\u2019t feel right, (until I have you)<br \/>\nTired eyes burn,<br \/>\nWhen will I learn?<br \/>\nTell me what to do<\/center><\/p>\n<p><center>I don\u2019t want to go to bed<br \/>\nI don\u2019t want to go to bed (No)<br \/>\nI don\u2019t want to go to bed<br \/>\nI don\u2019t want to go to bed without you.<\/center><\/p>\n<p><center>I don\u2019t want to go to bed<br \/>\nI don\u2019t want to go to bed (No)<br \/>\nI don\u2019t want to go to bed<br \/>\nI don\u2019t want to go to bed without you.<\/center><\/p>\n<p><center>Let\u2019s get this out of the way<br \/>\nWhy should we wait forever?<br \/>\nWe\u2019re meant to be together.<\/center><\/p>\n<p><center>I\u2019m not ashamed to say (let me tell you one time)<br \/>\nYou don\u2019t remember my name<br \/>\nBut I still want you the same<\/center><\/p>\n<p><center>Love at first sight,<br \/>\nLeft me tongue tied,<br \/>\nJust won\u2019t feel right (until I have you)<br \/>\nTired eyes burn,<br \/>\nWhen will I learn?<br \/>\nTell me what to do\u2026 (tell me what to do)<\/center><\/p>\n<p><center>I don\u2019t want to go to bed<br \/>\nI don\u2019t want to go to bed (No)<br \/>\nI don\u2019t want to go to bed<br \/>\nI don\u2019t want to go to bed without you.<\/center><\/p>\n<p><center>I don\u2019t want to go to bed<br \/>\nI don\u2019t want to go to bed (No)<br \/>\nI don\u2019t want to go to bed<br \/>\nI don\u2019t want to go to bed without you.<\/center><\/p>\n<p><center>[Nelly]<br \/>\nI don\u2019t wanna go to bed without ya,<br \/>\nNo you no lie no sleep without ya,<br \/>\nGo crazy in the [*censored*],<br \/>\nI Go crazy without ya,<br \/>\nE\u2019ry dream, e\u2019ry nightmare\u2019s about ya.<br \/>\nI can\u2019t lie, got love at first sight,<br \/>\nLove the first night, I took my first bite.<br \/>\nI\u2019m, insane when I take aim, like,<br \/>\nKing James with the mid-range BANG!<\/center><\/p>\n<p><center>Love at first sight,<br \/>\nLeft me tongue tied,<br \/>\nJust won\u2019t feel right (until I have you)<br \/>\nTired eyes burn,<br \/>\nWhen will I learn?<br \/>\nTell me what to do\u2026<\/center><\/p>\n<p><center>I don\u2019t want to go to bed<br \/>\nI don\u2019t want to go to bed (No)<br \/>\nI don\u2019t want to go to bed<br \/>\nI don\u2019t want to go to bed without you.<\/center><\/p>\n<p><center>I don\u2019t want to go to bed<br \/>\nI don\u2019t want to go to bed (No)<br \/>\nI don\u2019t want to go to bed<br \/>\nI don\u2019t want to go to bed without you.<\/center><\/p>\n<p><center>I don\u2019t want to go to bed (I won\u2019t go)<br \/>\nI don\u2019t want to go to bed (I won\u2019t go)<br \/>\nI don\u2019t want to go to bed<br \/>\nI don\u2019t want to go to bed without you.<\/center><\/p>\n<p><center>I don\u2019t wanna go to bed without ya,<br \/>\nNo you no lie no sleep without ya,<br \/>\nThis is Simple Plan Shorty!<\/center><\/p>\n<p><center>I don\u2019t want to go to bed without you!<\/center><\/p>\n<p><center>I said<br \/>\nI don\u2019t wanna go to bed without ya,<br \/>\nNo you no lie no sleep without ya,<br \/>\nNo you no sleep!<\/center><\/p>\n<p><center>I don\u2019t want to go to bed without you.<\/center><\/p>\n<p><center><b>[francouzsk\u00e1 verze]<\/b><\/center><\/p>\n<p><center>\u00c7a peut sembler un peu fou,<br \/>\nmais une fois la nuit tomb\u00e9e<br \/>\nma t\u00eate ne cesse de tourner.<br \/>\nSecr\u00e8tement je pense \u00e0 nous.<br \/>\nDepuis qu\u2019on s\u2019est rencontr\u00e9s,<br \/>\nton visage hante mes journ\u00e9es.<\/center><\/p>\n<p><center>Matin au soir,<br \/>\nj\u2019\u00e9chappe de boire<br \/>\nau d\u00e9sespoir. (mais toi tu t\u2019en fous)<br \/>\nMes yeux se ferment,<br \/>\nmon \u00e2me en berne,<br \/>\nqu\u2019est-ce que je fais debout ?<\/center><\/p>\n<p><center>[Chorus:]<br \/>\nI don\u2019t want to go to bed<br \/>\nI don\u2019t want to go to bed (No)<br \/>\nI don\u2019t want to go to bed<br \/>\nI don\u2019t want to go to bed without you.<br \/>\n[x2]<\/center><\/p>\n<p><center>Si tu pouvais me laisser<br \/>\nun espoir, une lueur;<br \/>\ncesse de d\u00e9chirer mon coeur.<br \/>\nJe n\u2019ai plus rien \u00e0 cacher. (let me tell you one time)<br \/>\nM\u00eame si on se connait \u00e0 peine<br \/>\nton parfum coule dans mes veines.<\/center><\/p>\n<p><center>La nuit chez moi<br \/>\nj\u2019entends ta voix,<br \/>\nje ne pense qu\u2019\u00e0 toi (mais toi tu t\u2019en fous).<br \/>\nMes yeux se ferment,<br \/>\nmon \u00e2me en berne,<br \/>\nqu\u2019est-ce que je fais debout ? (tell me what to do)<\/center><\/p>\n<p><center>[Chorus x2]<\/center><\/p>\n<p><center>[Nelly:]<br \/>\nI don\u2019t wanna go to bed without ya,<br \/>\nNo you no lie no sleep without ya,<br \/>\nGo crazy in the&#8230;<br \/>\nI go crazy without ya,<br \/>\nE\u2019ry dream, e\u2019ry nightmare&#8217;s about ya.<br \/>\nI can\u2019t lie, got love at first sight,<br \/>\nLove the first night, I took my first bite.<br \/>\nI\u2019m, insane when I take aim, like,<br \/>\nKing James with the mid-range BANG!<\/center><\/p>\n<p><center>La nuit chez moi<br \/>\nj\u2019entends ta voix,<br \/>\nje ne pense qu\u2019\u00e0 toi (mais toi tu t\u2019en fous).<br \/>\nMes yeux se ferment,<br \/>\nmon \u00e2me en berne,<br \/>\nqu\u2019est-ce que je fais debout ?<\/center><\/p>\n<p><center>[Chorus x3]<\/center><\/p>\n<p><center>Matin au soir,<br \/>\nj\u2019\u00e9chappe de boire<br \/>\nau d\u00e9sespoir.<\/center><\/p>\n<p><center>I don\u2019t want to go to bed without you!<\/center><\/p>\n<p><center>I said<br \/>\nmes yeux se ferment,<br \/>\nmon \u00e2me en berne,<br \/>\nqu\u2019est-ce que je fais debout ?<\/center><\/p>\n<p><center>I don\u2019t want to go to bed without you.<br \/>\n<\/center><\/p>\n<div class=\"girls\"><b><u>\u010cesk\u00fd p\u0159eklad<\/u><\/b><\/div>\n<p><center><\/p>\n<p>(Bez tebe nechci j\u00edt do postele<br \/>\nTo je jednoduch\u00fd pl\u00e1n (Simple Plan)<br \/>\nBez tebe nechci j\u00edt do postele<br \/>\nPoj\u010f za mnou)<\/center><\/p>\n<p><center>Mus\u00edm ti \u0159\u00edct pravdu<br \/>\nJsem pln\u00fd rozbit\u00fdch st\u0159ep\u016f<br \/>\nA v\u0161echny m\u00e9 noci jsou bezesn\u00e9<br \/>\nA nechci b\u00fdt na obt\u00ed\u017e<br \/>\nAle dok\u00e1\u017ee\u0161 zachovat tajemstv\u00ed?<br \/>\nNevzd\u00e1m se, ani kdyby&#8230;<\/center><\/p>\n<p><center>Mi to trvalo celou noc,<br \/>\nAni kdyby mi to trvalo cel\u00fd \u017eivot,<br \/>\nProst\u011b to nebude ono (dokud t\u011b nebudu m\u00edt)<br \/>\nUnaven\u00e9 o\u010di bol\u00ed<br \/>\nKdy se kone\u010dn\u011b pou\u010d\u00edm?<br \/>\n\u0158ekni mi, co m\u00e1m d\u011blat<\/center><\/p>\n<p><center>Nechci j\u00edt do postele<br \/>\nNechci j\u00edt do postele (Ne)<br \/>\nNechci j\u00edt do postele<br \/>\nNechci j\u00edt do postele bez tebe.<\/center><\/p>\n<p><center>Nechci j\u00edt do postele<br \/>\nNechci j\u00edt do postele (Ne)<br \/>\nNechci j\u00edt do postele<br \/>\nNechci j\u00edt do postele bez tebe.<\/center><\/p>\n<p><center>Poj\u010fme si to \u0159\u00edct na rovinu<br \/>\nPro\u010d bychom m\u011bli \u010dekat nav\u011bky?<br \/>\nJsme si souzeni.<\/center><\/p>\n<p><center>Nestyd\u00edm se \u0159\u00edct (nech mi ti to jednou \u0159\u00edct)<br \/>\n\u017de si ani nepamatuje\u0161 m\u00e9 jm\u00e9no<br \/>\nAle j\u00e1 t\u011b stejn\u011b po\u0159\u00e1d chci<\/center><\/p>\n<p><center>L\u00e1ska na prvn\u00ed pohled<br \/>\nM\u011b zapletla jazyk<br \/>\nProst\u011b to nebude ono (dokud t\u011b nebudu m\u00edt)<br \/>\nUnaven\u00e9 o\u010di bol\u00ed<br \/>\nKdy se kone\u010dn\u011b pou\u010d\u00edm?<br \/>\n\u0158ekni mi, co m\u00e1m d\u011blat (\u0159ekni mi, co m\u00e1m d\u011blat)<\/center><\/p>\n<p><center>Nechci j\u00edt do postele<br \/>\nNechci j\u00edt do postele (Ne)<br \/>\nNechci j\u00edt do postele<br \/>\nNechci j\u00edt do postele bez tebe.<\/center><\/p>\n<p><center>Nechci j\u00edt do postele<br \/>\nNechci j\u00edt do postele (Ne)<br \/>\nNechci j\u00edt do postele<br \/>\nNechci j\u00edt do postele bez tebe.<\/center><\/p>\n<p><center>[Nelly]<br \/>\nBez tebe nechci j\u00edt do postele,<br \/>\nNel\u017eu &#8211; bez tebe nen\u00ed sp\u00e1nku,<br \/>\nJe to \u0161\u00edlen\u00fd kdy\u017e [*cenzura*],<br \/>\n\u0160\u00edl\u00edm, kdy\u017e nejsem s tebou,<br \/>\nKa\u017ed\u00fd sen, ka\u017ed\u00e1 no\u010dn\u00ed m\u016fra je o tob\u011b.<br \/>\nNem\u016f\u017eu lh\u00e1t, zamiloval jsem se na prvn\u00ed pohled,<br \/>\nHned b\u011bhem prvn\u00ed noci, jsem se poprv\u00e9 zakousl.<br \/>\nJsem \u0161\u00edlen\u00fd, kdy\u017e m\u00e1m v merku sv\u016fj c\u00edl,<br \/>\nJako kdy\u017e King James (pozn. James LeBron &#8211; basketbalista) st\u0159\u00edl\u00ed na ko\u0161!<\/center><\/p>\n<p><center>L\u00e1ska na prvn\u00ed pohled<br \/>\nM\u011b zapletla jazyk<br \/>\nProst\u011b to nebude ono (dokud t\u011b nebudu m\u00edt)<br \/>\nUnaven\u00e9 o\u010di bol\u00ed<br \/>\nKdy se kone\u010dn\u011b pou\u010d\u00edm?<br \/>\n\u0158ekni mi, co m\u00e1m d\u011blat (\u0159ekni mi, co m\u00e1m d\u011blat)<\/center><\/p>\n<p><center>Nechci j\u00edt do postele<br \/>\nNechci j\u00edt do postele (Ne)<br \/>\nNechci j\u00edt do postele<br \/>\nNechci j\u00edt do postele bez tebe.<\/center><\/p>\n<p><center>Nechci j\u00edt do postele<br \/>\nNechci j\u00edt do postele (Ne)<br \/>\nNechci j\u00edt do postele<br \/>\nNechci j\u00edt do postele bez tebe.<\/center><\/p>\n<p><center>Nechci j\u00edt do postele (Nep\u016fjdu)<br \/>\nNechci j\u00edt do postele (Nep\u016fjdu)<br \/>\nNechci j\u00edt do postele<br \/>\nNechci j\u00edt do postele bez tebe.<\/center><\/p>\n<p><center>Bez tebe nechci j\u00edt do postele,<br \/>\nNel\u017eu &#8211; bez tebe nen\u00ed sp\u00e1nku,<br \/>\nTohle jsou Simple Plan, zlato!<br \/>\nBez tebe nechci j\u00edt do postele!<\/center><\/p>\n<p><center>\u0158ekl jsem,<br \/>\nBez tebe nechci j\u00edt do postele,<br \/>\nNel\u017eu &#8211; bez tebe nen\u00ed sp\u00e1nku,<br \/>\nBez tebe nen\u00ed sp\u00e1nku.<\/center><\/p>\n<p><center>Bez tebe nechci j\u00edt do postele.<br \/>\n<\/center>\n<\/div>\n<div class=\"fblikebutton_button\" style=\"float: left; padding-top: 20px; margin-right: 20px; padding-bottom: 20px; padding-left: 20px;\"><iframe src=\"http:\/\/www.facebook.com\/plugins\/like.php?href=https%3A%2F%2Fwww.simpleplan.cz%2Fcz%2Findex.php%2Fkapela%2Fdiskografie%2Fi-dont-wanna-go-to-bed%2F&amp;layout=standard&amp;show-faces=false&amp;width=450&amp;action=like&amp;colorscheme=light\" scrolling=\"no\" frameborder=\"0\" allowTransparency=\"true\" style=\"border:none; overflow:hidden; width:450px; height:26px\"><\/iframe><\/div>\n","protected":false},"excerpt":{"rendered":"<p>Z\u00e1kladn\u00ed info Album: Taking One For The Team Auto\u0159i textu: Pierre Bouvier, Chuck Comeau Dodate\u010dn\u00e1<\/p>\n","protected":false},"author":5,"featured_media":0,"parent":5273,"menu_order":0,"comment_status":"open","ping_status":"open","template":"page-templates\/full-width.php","meta":{"footnotes":""},"yoast_head":"<!-- This site is optimized with the Yoast SEO plugin v20.9 - https:\/\/yoast.com\/wordpress\/plugins\/seo\/ -->\n<title>I Don&#039;t Wanna Go To Bed | CZ: SimplePlan.cz<\/title>\n<meta name=\"robots\" content=\"index, follow, max-snippet:-1, max-image-preview:large, max-video-preview:-1\" \/>\n<link rel=\"canonical\" href=\"https:\/\/www.simpleplan.cz\/cz\/index.php\/kapela\/diskografie\/i-dont-wanna-go-to-bed\/\" \/>\n<meta property=\"og:locale\" content=\"cs_CZ\" \/>\n<meta property=\"og:type\" content=\"article\" \/>\n<meta property=\"og:title\" content=\"I Don&#039;t Wanna Go To Bed | CZ: SimplePlan.cz\" \/>\n<meta property=\"og:description\" content=\"Z\u00e1kladn\u00ed info Album: Taking One For The Team Auto\u0159i textu: Pierre Bouvier, Chuck Comeau Dodate\u010dn\u00e1\" \/>\n<meta property=\"og:url\" content=\"https:\/\/www.simpleplan.cz\/cz\/index.php\/kapela\/diskografie\/i-dont-wanna-go-to-bed\/\" \/>\n<meta property=\"og:site_name\" content=\"CZ: SimplePlan.cz\" \/>\n<meta property=\"article:publisher\" content=\"http:\/\/www.facebook.com\/simpleplancz\" \/>\n<meta property=\"article:modified_time\" content=\"2023-06-26T07:29:56+00:00\" \/>\n<meta property=\"og:image\" content=\"http:\/\/www.simpleplan.cz\/cz\/wp-content\/uploads\/logo.gif\" \/>\n<meta name=\"twitter:card\" content=\"summary_large_image\" \/>\n<meta name=\"twitter:site\" content=\"@simpleplancz\" \/>\n<meta name=\"twitter:label1\" content=\"Odhadovan\u00e1 doba \u010dten\u00ed\" \/>\n\t<meta name=\"twitter:data1\" content=\"7 minut\" \/>\n<script type=\"application\/ld+json\" class=\"yoast-schema-graph\">{\"@context\":\"https:\/\/schema.org\",\"@graph\":[{\"@type\":\"WebPage\",\"@id\":\"https:\/\/www.simpleplan.cz\/cz\/index.php\/kapela\/diskografie\/i-dont-wanna-go-to-bed\/\",\"url\":\"https:\/\/www.simpleplan.cz\/cz\/index.php\/kapela\/diskografie\/i-dont-wanna-go-to-bed\/\",\"name\":\"I Don't Wanna Go To Bed | CZ: SimplePlan.cz\",\"isPartOf\":{\"@id\":\"https:\/\/www.simpleplan.cz\/cz\/#website\"},\"datePublished\":\"2015-10-19T17:20:48+00:00\",\"dateModified\":\"2023-06-26T07:29:56+00:00\",\"breadcrumb\":{\"@id\":\"https:\/\/www.simpleplan.cz\/cz\/index.php\/kapela\/diskografie\/i-dont-wanna-go-to-bed\/#breadcrumb\"},\"inLanguage\":\"cs\",\"potentialAction\":[{\"@type\":\"ReadAction\",\"target\":[\"https:\/\/www.simpleplan.cz\/cz\/index.php\/kapela\/diskografie\/i-dont-wanna-go-to-bed\/\"]}]},{\"@type\":\"BreadcrumbList\",\"@id\":\"https:\/\/www.simpleplan.cz\/cz\/index.php\/kapela\/diskografie\/i-dont-wanna-go-to-bed\/#breadcrumb\",\"itemListElement\":[{\"@type\":\"ListItem\",\"position\":1,\"name\":\"Dom\u016f\",\"item\":\"https:\/\/www.simpleplan.cz\/cz\/\"},{\"@type\":\"ListItem\",\"position\":2,\"name\":\"Kapela\",\"item\":\"https:\/\/www.simpleplan.cz\/cz\/index.php\/kapela\/\"},{\"@type\":\"ListItem\",\"position\":3,\"name\":\"Diskografie\",\"item\":\"https:\/\/www.simpleplan.cz\/cz\/index.php\/kapela\/diskografie\/\"},{\"@type\":\"ListItem\",\"position\":4,\"name\":\"I Don&#8217;t Wanna Go To Bed\"}]},{\"@type\":\"WebSite\",\"@id\":\"https:\/\/www.simpleplan.cz\/cz\/#website\",\"url\":\"https:\/\/www.simpleplan.cz\/cz\/\",\"name\":\"CZ: SimplePlan.cz\",\"description\":\"Nejlep\u0161\u00ed zdroj informac\u00ed o kapele Simple Plan\",\"publisher\":{\"@id\":\"https:\/\/www.simpleplan.cz\/cz\/#organization\"},\"potentialAction\":[{\"@type\":\"SearchAction\",\"target\":{\"@type\":\"EntryPoint\",\"urlTemplate\":\"https:\/\/www.simpleplan.cz\/cz\/?s={search_term_string}\"},\"query-input\":\"required name=search_term_string\"}],\"inLanguage\":\"cs\"},{\"@type\":\"Organization\",\"@id\":\"https:\/\/www.simpleplan.cz\/cz\/#organization\",\"name\":\"CZ: SimplePlan.cz\",\"url\":\"https:\/\/www.simpleplan.cz\/cz\/\",\"logo\":{\"@type\":\"ImageObject\",\"inLanguage\":\"cs\",\"@id\":\"https:\/\/www.simpleplan.cz\/cz\/#\/schema\/logo\/image\/\",\"url\":\"https:\/\/www.simpleplan.cz\/cz\/wp-content\/uploads\/spczlogo.png\",\"contentUrl\":\"https:\/\/www.simpleplan.cz\/cz\/wp-content\/uploads\/spczlogo.png\",\"width\":250,\"height\":190,\"caption\":\"CZ: SimplePlan.cz\"},\"image\":{\"@id\":\"https:\/\/www.simpleplan.cz\/cz\/#\/schema\/logo\/image\/\"},\"sameAs\":[\"http:\/\/www.facebook.com\/simpleplancz\",\"https:\/\/twitter.com\/simpleplancz\",\"http:\/\/www.instagram.com\/simpleplancz\",\"http:\/\/www.youtube.com\/simpleplancz\"]}]}<\/script>\n<!-- \/ Yoast SEO plugin. -->","yoast_head_json":{"title":"I Don't Wanna Go To Bed | CZ: SimplePlan.cz","robots":{"index":"index","follow":"follow","max-snippet":"max-snippet:-1","max-image-preview":"max-image-preview:large","max-video-preview":"max-video-preview:-1"},"canonical":"https:\/\/www.simpleplan.cz\/cz\/index.php\/kapela\/diskografie\/i-dont-wanna-go-to-bed\/","og_locale":"cs_CZ","og_type":"article","og_title":"I Don't Wanna Go To Bed | CZ: SimplePlan.cz","og_description":"Z\u00e1kladn\u00ed info Album: Taking One For The Team Auto\u0159i textu: Pierre Bouvier, Chuck Comeau Dodate\u010dn\u00e1","og_url":"https:\/\/www.simpleplan.cz\/cz\/index.php\/kapela\/diskografie\/i-dont-wanna-go-to-bed\/","og_site_name":"CZ: SimplePlan.cz","article_publisher":"http:\/\/www.facebook.com\/simpleplancz","article_modified_time":"2023-06-26T07:29:56+00:00","og_image":[{"url":"http:\/\/www.simpleplan.cz\/cz\/wp-content\/uploads\/logo.gif"}],"twitter_card":"summary_large_image","twitter_site":"@simpleplancz","twitter_misc":{"Odhadovan\u00e1 doba \u010dten\u00ed":"7 minut"},"schema":{"@context":"https:\/\/schema.org","@graph":[{"@type":"WebPage","@id":"https:\/\/www.simpleplan.cz\/cz\/index.php\/kapela\/diskografie\/i-dont-wanna-go-to-bed\/","url":"https:\/\/www.simpleplan.cz\/cz\/index.php\/kapela\/diskografie\/i-dont-wanna-go-to-bed\/","name":"I Don't Wanna Go To Bed | CZ: SimplePlan.cz","isPartOf":{"@id":"https:\/\/www.simpleplan.cz\/cz\/#website"},"datePublished":"2015-10-19T17:20:48+00:00","dateModified":"2023-06-26T07:29:56+00:00","breadcrumb":{"@id":"https:\/\/www.simpleplan.cz\/cz\/index.php\/kapela\/diskografie\/i-dont-wanna-go-to-bed\/#breadcrumb"},"inLanguage":"cs","potentialAction":[{"@type":"ReadAction","target":["https:\/\/www.simpleplan.cz\/cz\/index.php\/kapela\/diskografie\/i-dont-wanna-go-to-bed\/"]}]},{"@type":"BreadcrumbList","@id":"https:\/\/www.simpleplan.cz\/cz\/index.php\/kapela\/diskografie\/i-dont-wanna-go-to-bed\/#breadcrumb","itemListElement":[{"@type":"ListItem","position":1,"name":"Dom\u016f","item":"https:\/\/www.simpleplan.cz\/cz\/"},{"@type":"ListItem","position":2,"name":"Kapela","item":"https:\/\/www.simpleplan.cz\/cz\/index.php\/kapela\/"},{"@type":"ListItem","position":3,"name":"Diskografie","item":"https:\/\/www.simpleplan.cz\/cz\/index.php\/kapela\/diskografie\/"},{"@type":"ListItem","position":4,"name":"I Don&#8217;t Wanna Go To Bed"}]},{"@type":"WebSite","@id":"https:\/\/www.simpleplan.cz\/cz\/#website","url":"https:\/\/www.simpleplan.cz\/cz\/","name":"CZ: SimplePlan.cz","description":"Nejlep\u0161\u00ed zdroj informac\u00ed o kapele Simple Plan","publisher":{"@id":"https:\/\/www.simpleplan.cz\/cz\/#organization"},"potentialAction":[{"@type":"SearchAction","target":{"@type":"EntryPoint","urlTemplate":"https:\/\/www.simpleplan.cz\/cz\/?s={search_term_string}"},"query-input":"required name=search_term_string"}],"inLanguage":"cs"},{"@type":"Organization","@id":"https:\/\/www.simpleplan.cz\/cz\/#organization","name":"CZ: SimplePlan.cz","url":"https:\/\/www.simpleplan.cz\/cz\/","logo":{"@type":"ImageObject","inLanguage":"cs","@id":"https:\/\/www.simpleplan.cz\/cz\/#\/schema\/logo\/image\/","url":"https:\/\/www.simpleplan.cz\/cz\/wp-content\/uploads\/spczlogo.png","contentUrl":"https:\/\/www.simpleplan.cz\/cz\/wp-content\/uploads\/spczlogo.png","width":250,"height":190,"caption":"CZ: SimplePlan.cz"},"image":{"@id":"https:\/\/www.simpleplan.cz\/cz\/#\/schema\/logo\/image\/"},"sameAs":["http:\/\/www.facebook.com\/simpleplancz","https:\/\/twitter.com\/simpleplancz","http:\/\/www.instagram.com\/simpleplancz","http:\/\/www.youtube.com\/simpleplancz"]}]}},"_links":{"self":[{"href":"https:\/\/www.simpleplan.cz\/cz\/index.php\/wp-json\/wp\/v2\/pages\/17228"}],"collection":[{"href":"https:\/\/www.simpleplan.cz\/cz\/index.php\/wp-json\/wp\/v2\/pages"}],"about":[{"href":"https:\/\/www.simpleplan.cz\/cz\/index.php\/wp-json\/wp\/v2\/types\/page"}],"author":[{"embeddable":true,"href":"https:\/\/www.simpleplan.cz\/cz\/index.php\/wp-json\/wp\/v2\/users\/5"}],"replies":[{"embeddable":true,"href":"https:\/\/www.simpleplan.cz\/cz\/index.php\/wp-json\/wp\/v2\/comments?post=17228"}],"version-history":[{"count":6,"href":"https:\/\/www.simpleplan.cz\/cz\/index.php\/wp-json\/wp\/v2\/pages\/17228\/revisions"}],"predecessor-version":[{"id":33065,"href":"https:\/\/www.simpleplan.cz\/cz\/index.php\/wp-json\/wp\/v2\/pages\/17228\/revisions\/33065"}],"up":[{"embeddable":true,"href":"https:\/\/www.simpleplan.cz\/cz\/index.php\/wp-json\/wp\/v2\/pages\/5273"}],"wp:attachment":[{"href":"https:\/\/www.simpleplan.cz\/cz\/index.php\/wp-json\/wp\/v2\/media?parent=17228"}],"curies":[{"name":"wp","href":"https:\/\/api.w.org\/{rel}","templated":true}]}}