{"id":17481,"date":"2015-11-29T11:07:44","date_gmt":"2015-11-29T10:07:44","guid":{"rendered":"http:\/\/www.simpleplan.cz\/cz\/?page_id=17481"},"modified":"2023-06-26T09:30:19","modified_gmt":"2023-06-26T07:30:19","slug":"the-heroes","status":"publish","type":"page","link":"https:\/\/www.simpleplan.cz\/cz\/index.php\/lyricscenter\/the-heroes\/","title":{"rendered":"The Heroes"},"content":{"rendered":"<div class=\"pagecontent\">\n<div class=\"girls\"><b><u>Z\u00e1kladn\u00ed info<\/u><\/b><\/div>\n<p><b>Album:<\/b> Soundtrack k filmu &#8222;La Guerre Des Tuques 3D&#8220;<br \/>\n<b>Autor textu:<\/b> Jonathan Painchaud<br \/>\n<b>D\u00e9lka p\u00edsn\u011b:<\/b> 1:49<\/p>\n<div class=\"girls\"><b><u>Zaj\u00edmavosti<\/u><\/b><\/div>\n<p>P\u00edse\u0148 &#8222;The Heroes&#8220; v p\u016fvodn\u00ed francouzsk\u00e9 verzi slo\u017eil Jonathan Painchaud pro animovan\u00fd film <b>&#8222;La Guerre Des Tuques 3D&#8220;<\/b>. Jeho anglickou verzi, kter\u00e1 byla ve filmu tak\u00e9 pou\u017eita n\u00e1sledn\u011b nahr\u00e1li Simple Plan. Vzhledem k tomu, \u017ee Chuck byl v dob\u011b nahr\u00e1v\u00e1n\u00ed zanepr\u00e1zdn\u011bn narozen\u00edm syna Londona, nahr\u00e1v\u00e1n\u00ed bic\u00edch na p\u00edsni p\u0159evzal David Desrosiers.<\/p>\n<div class=\"girls\"><b><u>Video z nahr\u00e1v\u00e1n\u00ed<\/u><\/b><\/div>\n<p><center><iframe width=\"480\" height=\"280\" src=\"https:\/\/www.youtube.com\/embed\/oc1pJuwCfLc\" frameborder=\"0\" allowfullscreen><\/iframe><\/center><\/p>\n<div class=\"girls\"><b><u>Text p\u00edsn\u011b<\/u><\/b><\/div>\n<p><center><br \/>\n1 2 3 4<br \/>\nYou&#8217;re last and we come first<br \/>\nWe&#8217;re not scared of anyone<br \/>\nMasters of the universe<br \/>\nAnd we&#8217;re here to have fun<\/center><\/p>\n<p><center>Be advised and be afraid<br \/>\nWe&#8217;re here on a crusade<br \/>\nSo, just go crying to your mama<br \/>\nWe&#8217;re stronger than your papa<\/center><\/p>\n<p><center>Can&#8217;t you see we&#8217;re awesome?<br \/>\nInfinitely awesome<br \/>\nAbout now you should already know that<br \/>\nWe&#8217;re the heroes<br \/>\nWe&#8217;re the heroes<br \/>\nWe&#8217;re the heroes<\/center><\/p>\n<p><center>We will take over the loon<br \/>\nHave a cake and eat it too<br \/>\nWe&#8217;ll be victorious<br \/>\nCause we&#8217;re strong and glorious<\/center><\/p>\n<p><center>Can&#8217;t you see we&#8217;re awesome?<br \/>\nInfinitely awesome<br \/>\nAbout now you should already know that<br \/>\nWe&#8217;re the heroes<br \/>\nWe&#8217;re the heroes<br \/>\nWe&#8217;re the heroes<\/center><\/p>\n<p><center>Be advised and be afraid<br \/>\nWe&#8217;re here on a crusade<br \/>\nSo, just go crying to your mama<br \/>\nWe&#8217;re stronger than your papa<\/center><\/p>\n<p><center>Can&#8217;t you see we&#8217;re awesome?<br \/>\nInfinitely awesome<br \/>\nAbout now you should already know that<br \/>\nWe&#8217;re the heroes<br \/>\nWe&#8217;re the heroes<br \/>\nWe&#8217;re the heroes<br \/>\nWe&#8217;re the heroes<br \/>\n<\/center><\/p>\n<div class=\"girls\"><b><u>\u010cesk\u00fd p\u0159eklad<\/u><\/b><\/div>\n<p><center><br \/>\n1 2 3 4<br \/>\nTy jsi posledn\u00ed a my jsme prvn\u00ed<br \/>\nZ nikoho nem\u00e1me strach<br \/>\nJsme vl\u00e1dci vesm\u00edru<br \/>\nA jsme tu, abychom se bavili<\/center><\/p>\n<p><center>Varujeme t\u011b, boj se<br \/>\nT\u00e1hneme do boje<br \/>\nTak si jdi plakat k mamince<br \/>\nMy jsme siln\u011bj\u0161\u00ed ne\u017e tv\u016fj tat\u00ednek<\/center><\/p>\n<p><center>Nevid\u00ed\u0161, \u017ee jsme \u00fa\u017easn\u00ed?<br \/>\nNeskonale \u00fa\u017easn\u00ed<br \/>\nTe\u010f u\u017e bys to m\u011bl d\u00e1vno v\u011bd\u011bt<br \/>\nMy jsme hrdinov\u00e9<br \/>\nMy jsme hrdinov\u00e9<br \/>\nMy jsme hrdinov\u00e9<\/center><\/p>\n<p><center>P\u0159em\u016f\u017eeme toho \u0161\u00edlence<br \/>\nDej si dort a sn\u011bz ho<br \/>\nMy budeme v\u00edt\u011bzov\u00e9<br \/>\nProto\u017ee jsme siln\u00ed a \u00fa\u017easn\u00ed<\/center><\/p>\n<p><center>Nevid\u00ed\u0161, \u017ee jsme \u00fa\u017easn\u00ed?<br \/>\nNeskonale \u00fa\u017easn\u00ed<br \/>\nTe\u010f u\u017e bys to m\u011bl d\u00e1vno v\u011bd\u011bt<br \/>\nMy jsme hrdinov\u00e9<br \/>\nMy jsme hrdinov\u00e9<br \/>\nMy jsme hrdinov\u00e9<\/center><\/p>\n<p><center>Varujeme t\u011b, boj se<br \/>\nT\u00e1hneme do boje<br \/>\nTak si jdi plakat k mamince<br \/>\nMy jsme siln\u011bj\u0161\u00ed ne\u017e tv\u016fj tat\u00ednek<\/center><\/p>\n<p><center>Nevid\u00ed\u0161, \u017ee jsme \u00fa\u017easn\u00ed?<br \/>\nNeskonale \u00fa\u017easn\u00ed<br \/>\nTe\u010f u\u017e bys to m\u011bl d\u00e1vno v\u011bd\u011bt<br \/>\nMy jsme hrdinov\u00e9<br \/>\nMy jsme hrdinov\u00e9<br \/>\nMy jsme hrdinov\u00e9<br \/>\nMy jsme hrdinov\u00e9<br \/>\n<\/center>\n<\/div>\n<div class=\"fblikebutton_button\" style=\"float: left; padding-top: 20px; margin-right: 20px; padding-bottom: 20px; padding-left: 20px;\"><iframe src=\"http:\/\/www.facebook.com\/plugins\/like.php?href=https%3A%2F%2Fwww.simpleplan.cz%2Fcz%2Findex.php%2Flyricscenter%2Fthe-heroes%2F&amp;layout=standard&amp;show-faces=false&amp;width=450&amp;action=like&amp;colorscheme=light\" scrolling=\"no\" frameborder=\"0\" allowTransparency=\"true\" style=\"border:none; overflow:hidden; width:450px; height:26px\"><\/iframe><\/div>\n","protected":false},"excerpt":{"rendered":"<p>Z\u00e1kladn\u00ed info Album: Soundtrack k filmu &#8222;La Guerre Des Tuques 3D&#8220; Autor textu: Jonathan Painchaud<\/p>\n","protected":false},"author":5,"featured_media":0,"parent":15213,"menu_order":0,"comment_status":"open","ping_status":"open","template":"page-templates\/full-width.php","meta":{"footnotes":""},"yoast_head":"<!-- This site is optimized with the Yoast SEO plugin v20.9 - https:\/\/yoast.com\/wordpress\/plugins\/seo\/ -->\n<title>The Heroes | CZ: SimplePlan.cz<\/title>\n<meta name=\"robots\" content=\"index, follow, max-snippet:-1, max-image-preview:large, max-video-preview:-1\" \/>\n<link rel=\"canonical\" href=\"https:\/\/www.simpleplan.cz\/cz\/index.php\/lyricscenter\/the-heroes\/\" \/>\n<meta property=\"og:locale\" content=\"cs_CZ\" \/>\n<meta property=\"og:type\" content=\"article\" \/>\n<meta property=\"og:title\" content=\"The Heroes | CZ: SimplePlan.cz\" \/>\n<meta property=\"og:description\" content=\"Z\u00e1kladn\u00ed info Album: Soundtrack k filmu &#8222;La Guerre Des Tuques 3D&#8220; Autor textu: Jonathan Painchaud\" \/>\n<meta property=\"og:url\" content=\"https:\/\/www.simpleplan.cz\/cz\/index.php\/lyricscenter\/the-heroes\/\" \/>\n<meta property=\"og:site_name\" content=\"CZ: SimplePlan.cz\" \/>\n<meta property=\"article:publisher\" content=\"http:\/\/www.facebook.com\/simpleplancz\" \/>\n<meta property=\"article:modified_time\" content=\"2023-06-26T07:30:19+00:00\" \/>\n<meta property=\"og:image\" content=\"http:\/\/www.simpleplan.cz\/cz\/wp-content\/uploads\/logo.gif\" \/>\n<meta name=\"twitter:card\" content=\"summary_large_image\" \/>\n<meta name=\"twitter:site\" content=\"@simpleplancz\" \/>\n<meta name=\"twitter:label1\" content=\"Odhadovan\u00e1 doba \u010dten\u00ed\" \/>\n\t<meta name=\"twitter:data1\" content=\"2 minuty\" \/>\n<script type=\"application\/ld+json\" class=\"yoast-schema-graph\">{\"@context\":\"https:\/\/schema.org\",\"@graph\":[{\"@type\":\"WebPage\",\"@id\":\"https:\/\/www.simpleplan.cz\/cz\/index.php\/lyricscenter\/the-heroes\/\",\"url\":\"https:\/\/www.simpleplan.cz\/cz\/index.php\/lyricscenter\/the-heroes\/\",\"name\":\"The Heroes | CZ: SimplePlan.cz\",\"isPartOf\":{\"@id\":\"https:\/\/www.simpleplan.cz\/cz\/#website\"},\"datePublished\":\"2015-11-29T10:07:44+00:00\",\"dateModified\":\"2023-06-26T07:30:19+00:00\",\"breadcrumb\":{\"@id\":\"https:\/\/www.simpleplan.cz\/cz\/index.php\/lyricscenter\/the-heroes\/#breadcrumb\"},\"inLanguage\":\"cs\",\"potentialAction\":[{\"@type\":\"ReadAction\",\"target\":[\"https:\/\/www.simpleplan.cz\/cz\/index.php\/lyricscenter\/the-heroes\/\"]}]},{\"@type\":\"BreadcrumbList\",\"@id\":\"https:\/\/www.simpleplan.cz\/cz\/index.php\/lyricscenter\/the-heroes\/#breadcrumb\",\"itemListElement\":[{\"@type\":\"ListItem\",\"position\":1,\"name\":\"Dom\u016f\",\"item\":\"https:\/\/www.simpleplan.cz\/cz\/\"},{\"@type\":\"ListItem\",\"position\":2,\"name\":\"Texty p\u00edsn\u00ed\",\"item\":\"https:\/\/www.simpleplan.cz\/cz\/index.php\/lyricscenter\/\"},{\"@type\":\"ListItem\",\"position\":3,\"name\":\"The Heroes\"}]},{\"@type\":\"WebSite\",\"@id\":\"https:\/\/www.simpleplan.cz\/cz\/#website\",\"url\":\"https:\/\/www.simpleplan.cz\/cz\/\",\"name\":\"CZ: SimplePlan.cz\",\"description\":\"Nejlep\u0161\u00ed zdroj informac\u00ed o kapele Simple Plan\",\"publisher\":{\"@id\":\"https:\/\/www.simpleplan.cz\/cz\/#organization\"},\"potentialAction\":[{\"@type\":\"SearchAction\",\"target\":{\"@type\":\"EntryPoint\",\"urlTemplate\":\"https:\/\/www.simpleplan.cz\/cz\/?s={search_term_string}\"},\"query-input\":\"required name=search_term_string\"}],\"inLanguage\":\"cs\"},{\"@type\":\"Organization\",\"@id\":\"https:\/\/www.simpleplan.cz\/cz\/#organization\",\"name\":\"CZ: SimplePlan.cz\",\"url\":\"https:\/\/www.simpleplan.cz\/cz\/\",\"logo\":{\"@type\":\"ImageObject\",\"inLanguage\":\"cs\",\"@id\":\"https:\/\/www.simpleplan.cz\/cz\/#\/schema\/logo\/image\/\",\"url\":\"https:\/\/www.simpleplan.cz\/cz\/wp-content\/uploads\/spczlogo.png\",\"contentUrl\":\"https:\/\/www.simpleplan.cz\/cz\/wp-content\/uploads\/spczlogo.png\",\"width\":250,\"height\":190,\"caption\":\"CZ: SimplePlan.cz\"},\"image\":{\"@id\":\"https:\/\/www.simpleplan.cz\/cz\/#\/schema\/logo\/image\/\"},\"sameAs\":[\"http:\/\/www.facebook.com\/simpleplancz\",\"https:\/\/twitter.com\/simpleplancz\",\"http:\/\/www.instagram.com\/simpleplancz\",\"http:\/\/www.youtube.com\/simpleplancz\"]}]}<\/script>\n<!-- \/ Yoast SEO plugin. -->","yoast_head_json":{"title":"The Heroes | CZ: SimplePlan.cz","robots":{"index":"index","follow":"follow","max-snippet":"max-snippet:-1","max-image-preview":"max-image-preview:large","max-video-preview":"max-video-preview:-1"},"canonical":"https:\/\/www.simpleplan.cz\/cz\/index.php\/lyricscenter\/the-heroes\/","og_locale":"cs_CZ","og_type":"article","og_title":"The Heroes | CZ: SimplePlan.cz","og_description":"Z\u00e1kladn\u00ed info Album: Soundtrack k filmu &#8222;La Guerre Des Tuques 3D&#8220; Autor textu: Jonathan Painchaud","og_url":"https:\/\/www.simpleplan.cz\/cz\/index.php\/lyricscenter\/the-heroes\/","og_site_name":"CZ: SimplePlan.cz","article_publisher":"http:\/\/www.facebook.com\/simpleplancz","article_modified_time":"2023-06-26T07:30:19+00:00","og_image":[{"url":"http:\/\/www.simpleplan.cz\/cz\/wp-content\/uploads\/logo.gif"}],"twitter_card":"summary_large_image","twitter_site":"@simpleplancz","twitter_misc":{"Odhadovan\u00e1 doba \u010dten\u00ed":"2 minuty"},"schema":{"@context":"https:\/\/schema.org","@graph":[{"@type":"WebPage","@id":"https:\/\/www.simpleplan.cz\/cz\/index.php\/lyricscenter\/the-heroes\/","url":"https:\/\/www.simpleplan.cz\/cz\/index.php\/lyricscenter\/the-heroes\/","name":"The Heroes | CZ: SimplePlan.cz","isPartOf":{"@id":"https:\/\/www.simpleplan.cz\/cz\/#website"},"datePublished":"2015-11-29T10:07:44+00:00","dateModified":"2023-06-26T07:30:19+00:00","breadcrumb":{"@id":"https:\/\/www.simpleplan.cz\/cz\/index.php\/lyricscenter\/the-heroes\/#breadcrumb"},"inLanguage":"cs","potentialAction":[{"@type":"ReadAction","target":["https:\/\/www.simpleplan.cz\/cz\/index.php\/lyricscenter\/the-heroes\/"]}]},{"@type":"BreadcrumbList","@id":"https:\/\/www.simpleplan.cz\/cz\/index.php\/lyricscenter\/the-heroes\/#breadcrumb","itemListElement":[{"@type":"ListItem","position":1,"name":"Dom\u016f","item":"https:\/\/www.simpleplan.cz\/cz\/"},{"@type":"ListItem","position":2,"name":"Texty p\u00edsn\u00ed","item":"https:\/\/www.simpleplan.cz\/cz\/index.php\/lyricscenter\/"},{"@type":"ListItem","position":3,"name":"The Heroes"}]},{"@type":"WebSite","@id":"https:\/\/www.simpleplan.cz\/cz\/#website","url":"https:\/\/www.simpleplan.cz\/cz\/","name":"CZ: SimplePlan.cz","description":"Nejlep\u0161\u00ed zdroj informac\u00ed o kapele Simple Plan","publisher":{"@id":"https:\/\/www.simpleplan.cz\/cz\/#organization"},"potentialAction":[{"@type":"SearchAction","target":{"@type":"EntryPoint","urlTemplate":"https:\/\/www.simpleplan.cz\/cz\/?s={search_term_string}"},"query-input":"required name=search_term_string"}],"inLanguage":"cs"},{"@type":"Organization","@id":"https:\/\/www.simpleplan.cz\/cz\/#organization","name":"CZ: SimplePlan.cz","url":"https:\/\/www.simpleplan.cz\/cz\/","logo":{"@type":"ImageObject","inLanguage":"cs","@id":"https:\/\/www.simpleplan.cz\/cz\/#\/schema\/logo\/image\/","url":"https:\/\/www.simpleplan.cz\/cz\/wp-content\/uploads\/spczlogo.png","contentUrl":"https:\/\/www.simpleplan.cz\/cz\/wp-content\/uploads\/spczlogo.png","width":250,"height":190,"caption":"CZ: SimplePlan.cz"},"image":{"@id":"https:\/\/www.simpleplan.cz\/cz\/#\/schema\/logo\/image\/"},"sameAs":["http:\/\/www.facebook.com\/simpleplancz","https:\/\/twitter.com\/simpleplancz","http:\/\/www.instagram.com\/simpleplancz","http:\/\/www.youtube.com\/simpleplancz"]}]}},"_links":{"self":[{"href":"https:\/\/www.simpleplan.cz\/cz\/index.php\/wp-json\/wp\/v2\/pages\/17481"}],"collection":[{"href":"https:\/\/www.simpleplan.cz\/cz\/index.php\/wp-json\/wp\/v2\/pages"}],"about":[{"href":"https:\/\/www.simpleplan.cz\/cz\/index.php\/wp-json\/wp\/v2\/types\/page"}],"author":[{"embeddable":true,"href":"https:\/\/www.simpleplan.cz\/cz\/index.php\/wp-json\/wp\/v2\/users\/5"}],"replies":[{"embeddable":true,"href":"https:\/\/www.simpleplan.cz\/cz\/index.php\/wp-json\/wp\/v2\/comments?post=17481"}],"version-history":[{"count":3,"href":"https:\/\/www.simpleplan.cz\/cz\/index.php\/wp-json\/wp\/v2\/pages\/17481\/revisions"}],"predecessor-version":[{"id":23306,"href":"https:\/\/www.simpleplan.cz\/cz\/index.php\/wp-json\/wp\/v2\/pages\/17481\/revisions\/23306"}],"up":[{"embeddable":true,"href":"https:\/\/www.simpleplan.cz\/cz\/index.php\/wp-json\/wp\/v2\/pages\/15213"}],"wp:attachment":[{"href":"https:\/\/www.simpleplan.cz\/cz\/index.php\/wp-json\/wp\/v2\/media?parent=17481"}],"curies":[{"name":"wp","href":"https:\/\/api.w.org\/{rel}","templated":true}]}}