{"id":17532,"date":"2015-11-30T19:22:36","date_gmt":"2015-11-30T18:22:36","guid":{"rendered":"http:\/\/www.simpleplan.cz\/cz\/?page_id=17532"},"modified":"2023-06-26T09:29:53","modified_gmt":"2023-06-26T07:29:53","slug":"oficialni-tiskova-zprava","status":"publish","type":"page","link":"https:\/\/www.simpleplan.cz\/cz\/index.php\/extra\/praha2016\/oficialni-tiskova-zprava\/","title":{"rendered":"Ofici\u00e1ln\u00ed tiskov\u00e1 zpr\u00e1va"},"content":{"rendered":"<p><center><b><u>Simple Plan (Kanada)<\/u><\/b><\/p>\n<p><b>5. b\u0159ezna 2016, Mal\u00e1 sportovn\u00ed hala, Praha<\/b><\/p>\n<p>Kanad\u0161t\u00ed punk rocke\u0159i Simple Plan p\u0159edstav\u00ed 5. b\u0159ezna v Praze na\u017eivo novou desku<\/p>\n<p>Praha, 30. listopadu 2015 \u2013 Popul\u00e1rn\u00ed kanadsk\u00e1 punk rockov\u00e1 kapela Simple Plan p\u0159ijede 5. b\u0159ezna do pra\u017esk\u00e9 Mal\u00e9 sportovn\u00ed haly v r\u00e1mci turn\u00e9 k nov\u00e9 desce nazvan\u00e9 Taking One For The Team.<\/p>\n<p>Tahle p\u011btice poch\u00e1zej\u00edc\u00ed z Montrealu, kter\u00e1 ji\u017e na p\u0159ipravovan\u00e9 album upozornila singlem I Don\u00b4t Wanna Go To Bed, vzkazuje fanou\u0161k\u016fm: \u201cJsme nad\u0161eni, \u017ee m\u016f\u017eeme ozn\u00e1mit prvn\u00ed turn\u00e9 na podporu t\u00e9to desky, kter\u00e1 vych\u00e1z\u00ed 19. \u00fanora. Vystoupen\u00ed v Evrop\u011b jsou prvn\u00ed z mnoha zahrani\u010dn\u00edch koncert\u016f, kter\u00e9 je\u0161t\u011b zve\u0159ejn\u00edme. Nem\u016f\u017eeme se do\u010dkat, a\u017e na\u0161i fanou\u0161ci usly\u0161\u00ed nov\u00e9 p\u00edsn\u011b a a\u017e se vyd\u00e1me znovu na turn\u00e9.\u201d Simple Plan p\u0159i vzniku alba tentokr\u00e1t spolupracuj\u00ed s americk\u00fdm producentem Howardem Bensonem (nap\u0159\u00edklad My Chemical Romance, All-American Rejects).<\/p>\n<p>Simple Plan tvo\u0159\u00ed zp\u011bv\u00e1k Pierre Bouvier, buben\u00edk Chuck Comeau, baskytarista David Desrosiers a kytarist\u00e9 Sebastien Lefebvre a Jeff Stinco. Vydali \u010dty\u0159i \u0159adov\u00e9 desky &#8211; tu zat\u00edm posledn\u00ed Get Your Heart On! s hity Jetlag a Summer Paradise v roce 2011 &#8211; n\u011bkolik koncertn\u00edch z\u00e1znam\u016f a celkov\u011b po cel\u00e9m sv\u011bt\u011b prodali p\u0159es 9 mili\u00f3n\u016f kopi\u00ed. Simple Plan z\u00edskali tak\u00e9 \u0159adu cen &#8211; nap\u0159\u00edklad Teen Choice Award (2005), JUNO Fan Choice Award (2006), Allan Waters Humanitarian Award (2012), Yahoo! Canadian Impact Award (2012), NRJ award (2012) nebo Allan Slaight Humanitarian Spirit Award (2013). D\u00edky vlastn\u00ed nadaci Simple Plan Foundation kapela od roku 2005 v\u011bnovala p\u0159es 2 mili\u00f3ny dolar\u016f dal\u0161\u00edm organizac\u00edm zam\u011b\u0159en\u00fdm na pomoc mlad\u00fdm lidem v nouzi a d\u011btem ohro\u017een\u00fdm nevyl\u00e9\u010diteln\u00fdmi nemocemi v Kanad\u011b i zahrani\u010d\u00ed.<\/p>\n<p>Publikum na \u00favod zah\u0159ej\u00ed ameri\u010dt\u00ed Ghost Town, elektronicore kapela z Kalifornie, ve slo\u017een\u00ed Kevin &#8222;Ghost&#8220; McCullough, Alix &#8222;Monster&#8220; Koochaki a Manny &#8222;MannYtheDrummeR&#8220; Dominick.<\/p>\n<p>Vstupenky na pra\u017esk\u00fd koncert za 775 &#8211; 1015 K\u010d budou pro \u010dleny fan klubu v p\u0159edprodeji na str\u00e1nk\u00e1ch fan klubu kapely, a to od 2. prosince 10.00 do p\u00e1tku 4.prosince 10:00 na\u0161eho \u010dasu, pro \u0161irokou ve\u0159ejnost pak v s\u00edti Ticketpro a GoOut od 4. prosince 10.00 r\u00e1no na\u0161eho \u010dasu. Vstupn\u00e9 pro ZTP\/P 715 K\u010d v\u010detn\u011b doprovodu. 25 K\u010d z ka\u017ed\u00e9 prodan\u00e9 vstupenky bude v\u011bnov\u00e1no nadaci Simple Plan Foundation.<\/center><\/p>\n<div class=\"fblikebutton_button\" style=\"float: left; padding-top: 20px; margin-right: 20px; padding-bottom: 20px; padding-left: 20px;\"><iframe src=\"http:\/\/www.facebook.com\/plugins\/like.php?href=https%3A%2F%2Fwww.simpleplan.cz%2Fcz%2Findex.php%2Fextra%2Fpraha2016%2Foficialni-tiskova-zprava%2F&amp;layout=standard&amp;show-faces=false&amp;width=450&amp;action=like&amp;colorscheme=light\" scrolling=\"no\" frameborder=\"0\" allowTransparency=\"true\" style=\"border:none; overflow:hidden; width:450px; height:26px\"><\/iframe><\/div>\n","protected":false},"excerpt":{"rendered":"<p>Simple Plan (Kanada) 5. b\u0159ezna 2016, Mal\u00e1 sportovn\u00ed hala, Praha Kanad\u0161t\u00ed punk rocke\u0159i Simple Plan<\/p>\n","protected":false},"author":5,"featured_media":0,"parent":17526,"menu_order":0,"comment_status":"open","ping_status":"open","template":"page-templates\/full-width.php","meta":{"footnotes":""},"yoast_head":"<!-- This site is optimized with the Yoast SEO plugin v20.9 - https:\/\/yoast.com\/wordpress\/plugins\/seo\/ -->\n<title>Ofici\u00e1ln\u00ed tiskov\u00e1 zpr\u00e1va | CZ: SimplePlan.cz<\/title>\n<meta name=\"robots\" content=\"index, follow, max-snippet:-1, max-image-preview:large, max-video-preview:-1\" \/>\n<link rel=\"canonical\" href=\"https:\/\/www.simpleplan.cz\/cz\/index.php\/extra\/praha2016\/oficialni-tiskova-zprava\/\" \/>\n<meta property=\"og:locale\" content=\"cs_CZ\" \/>\n<meta property=\"og:type\" content=\"article\" \/>\n<meta property=\"og:title\" content=\"Ofici\u00e1ln\u00ed tiskov\u00e1 zpr\u00e1va | CZ: SimplePlan.cz\" \/>\n<meta property=\"og:description\" content=\"Simple Plan (Kanada) 5. b\u0159ezna 2016, Mal\u00e1 sportovn\u00ed hala, Praha Kanad\u0161t\u00ed punk rocke\u0159i Simple Plan\" \/>\n<meta property=\"og:url\" content=\"https:\/\/www.simpleplan.cz\/cz\/index.php\/extra\/praha2016\/oficialni-tiskova-zprava\/\" \/>\n<meta property=\"og:site_name\" content=\"CZ: SimplePlan.cz\" \/>\n<meta property=\"article:publisher\" content=\"http:\/\/www.facebook.com\/simpleplancz\" \/>\n<meta property=\"article:modified_time\" content=\"2023-06-26T07:29:53+00:00\" \/>\n<meta property=\"og:image\" content=\"http:\/\/www.simpleplan.cz\/cz\/wp-content\/uploads\/logo.gif\" \/>\n<meta name=\"twitter:card\" content=\"summary_large_image\" \/>\n<meta name=\"twitter:site\" content=\"@simpleplancz\" \/>\n<meta name=\"twitter:label1\" content=\"Odhadovan\u00e1 doba \u010dten\u00ed\" \/>\n\t<meta name=\"twitter:data1\" content=\"2 minuty\" \/>\n<script type=\"application\/ld+json\" class=\"yoast-schema-graph\">{\"@context\":\"https:\/\/schema.org\",\"@graph\":[{\"@type\":\"WebPage\",\"@id\":\"https:\/\/www.simpleplan.cz\/cz\/index.php\/extra\/praha2016\/oficialni-tiskova-zprava\/\",\"url\":\"https:\/\/www.simpleplan.cz\/cz\/index.php\/extra\/praha2016\/oficialni-tiskova-zprava\/\",\"name\":\"Ofici\u00e1ln\u00ed tiskov\u00e1 zpr\u00e1va | CZ: SimplePlan.cz\",\"isPartOf\":{\"@id\":\"https:\/\/www.simpleplan.cz\/cz\/#website\"},\"datePublished\":\"2015-11-30T18:22:36+00:00\",\"dateModified\":\"2023-06-26T07:29:53+00:00\",\"breadcrumb\":{\"@id\":\"https:\/\/www.simpleplan.cz\/cz\/index.php\/extra\/praha2016\/oficialni-tiskova-zprava\/#breadcrumb\"},\"inLanguage\":\"cs\",\"potentialAction\":[{\"@type\":\"ReadAction\",\"target\":[\"https:\/\/www.simpleplan.cz\/cz\/index.php\/extra\/praha2016\/oficialni-tiskova-zprava\/\"]}]},{\"@type\":\"BreadcrumbList\",\"@id\":\"https:\/\/www.simpleplan.cz\/cz\/index.php\/extra\/praha2016\/oficialni-tiskova-zprava\/#breadcrumb\",\"itemListElement\":[{\"@type\":\"ListItem\",\"position\":1,\"name\":\"Dom\u016f\",\"item\":\"https:\/\/www.simpleplan.cz\/cz\/\"},{\"@type\":\"ListItem\",\"position\":2,\"name\":\"Extra\",\"item\":\"https:\/\/www.simpleplan.cz\/cz\/index.php\/extra\/\"},{\"@type\":\"ListItem\",\"position\":3,\"name\":\"Koncert Simple Plan v Praze \u2013 05.03.2016\",\"item\":\"https:\/\/www.simpleplan.cz\/cz\/index.php\/extra\/praha2016\/\"},{\"@type\":\"ListItem\",\"position\":4,\"name\":\"Ofici\u00e1ln\u00ed tiskov\u00e1 zpr\u00e1va\"}]},{\"@type\":\"WebSite\",\"@id\":\"https:\/\/www.simpleplan.cz\/cz\/#website\",\"url\":\"https:\/\/www.simpleplan.cz\/cz\/\",\"name\":\"CZ: SimplePlan.cz\",\"description\":\"Nejlep\u0161\u00ed zdroj informac\u00ed o kapele Simple Plan\",\"publisher\":{\"@id\":\"https:\/\/www.simpleplan.cz\/cz\/#organization\"},\"potentialAction\":[{\"@type\":\"SearchAction\",\"target\":{\"@type\":\"EntryPoint\",\"urlTemplate\":\"https:\/\/www.simpleplan.cz\/cz\/?s={search_term_string}\"},\"query-input\":\"required name=search_term_string\"}],\"inLanguage\":\"cs\"},{\"@type\":\"Organization\",\"@id\":\"https:\/\/www.simpleplan.cz\/cz\/#organization\",\"name\":\"CZ: SimplePlan.cz\",\"url\":\"https:\/\/www.simpleplan.cz\/cz\/\",\"logo\":{\"@type\":\"ImageObject\",\"inLanguage\":\"cs\",\"@id\":\"https:\/\/www.simpleplan.cz\/cz\/#\/schema\/logo\/image\/\",\"url\":\"https:\/\/www.simpleplan.cz\/cz\/wp-content\/uploads\/spczlogo.png\",\"contentUrl\":\"https:\/\/www.simpleplan.cz\/cz\/wp-content\/uploads\/spczlogo.png\",\"width\":250,\"height\":190,\"caption\":\"CZ: SimplePlan.cz\"},\"image\":{\"@id\":\"https:\/\/www.simpleplan.cz\/cz\/#\/schema\/logo\/image\/\"},\"sameAs\":[\"http:\/\/www.facebook.com\/simpleplancz\",\"https:\/\/twitter.com\/simpleplancz\",\"http:\/\/www.instagram.com\/simpleplancz\",\"http:\/\/www.youtube.com\/simpleplancz\"]}]}<\/script>\n<!-- \/ Yoast SEO plugin. -->","yoast_head_json":{"title":"Ofici\u00e1ln\u00ed tiskov\u00e1 zpr\u00e1va | CZ: SimplePlan.cz","robots":{"index":"index","follow":"follow","max-snippet":"max-snippet:-1","max-image-preview":"max-image-preview:large","max-video-preview":"max-video-preview:-1"},"canonical":"https:\/\/www.simpleplan.cz\/cz\/index.php\/extra\/praha2016\/oficialni-tiskova-zprava\/","og_locale":"cs_CZ","og_type":"article","og_title":"Ofici\u00e1ln\u00ed tiskov\u00e1 zpr\u00e1va | CZ: SimplePlan.cz","og_description":"Simple Plan (Kanada) 5. b\u0159ezna 2016, Mal\u00e1 sportovn\u00ed hala, Praha Kanad\u0161t\u00ed punk rocke\u0159i Simple Plan","og_url":"https:\/\/www.simpleplan.cz\/cz\/index.php\/extra\/praha2016\/oficialni-tiskova-zprava\/","og_site_name":"CZ: SimplePlan.cz","article_publisher":"http:\/\/www.facebook.com\/simpleplancz","article_modified_time":"2023-06-26T07:29:53+00:00","og_image":[{"url":"http:\/\/www.simpleplan.cz\/cz\/wp-content\/uploads\/logo.gif"}],"twitter_card":"summary_large_image","twitter_site":"@simpleplancz","twitter_misc":{"Odhadovan\u00e1 doba \u010dten\u00ed":"2 minuty"},"schema":{"@context":"https:\/\/schema.org","@graph":[{"@type":"WebPage","@id":"https:\/\/www.simpleplan.cz\/cz\/index.php\/extra\/praha2016\/oficialni-tiskova-zprava\/","url":"https:\/\/www.simpleplan.cz\/cz\/index.php\/extra\/praha2016\/oficialni-tiskova-zprava\/","name":"Ofici\u00e1ln\u00ed tiskov\u00e1 zpr\u00e1va | CZ: SimplePlan.cz","isPartOf":{"@id":"https:\/\/www.simpleplan.cz\/cz\/#website"},"datePublished":"2015-11-30T18:22:36+00:00","dateModified":"2023-06-26T07:29:53+00:00","breadcrumb":{"@id":"https:\/\/www.simpleplan.cz\/cz\/index.php\/extra\/praha2016\/oficialni-tiskova-zprava\/#breadcrumb"},"inLanguage":"cs","potentialAction":[{"@type":"ReadAction","target":["https:\/\/www.simpleplan.cz\/cz\/index.php\/extra\/praha2016\/oficialni-tiskova-zprava\/"]}]},{"@type":"BreadcrumbList","@id":"https:\/\/www.simpleplan.cz\/cz\/index.php\/extra\/praha2016\/oficialni-tiskova-zprava\/#breadcrumb","itemListElement":[{"@type":"ListItem","position":1,"name":"Dom\u016f","item":"https:\/\/www.simpleplan.cz\/cz\/"},{"@type":"ListItem","position":2,"name":"Extra","item":"https:\/\/www.simpleplan.cz\/cz\/index.php\/extra\/"},{"@type":"ListItem","position":3,"name":"Koncert Simple Plan v Praze \u2013 05.03.2016","item":"https:\/\/www.simpleplan.cz\/cz\/index.php\/extra\/praha2016\/"},{"@type":"ListItem","position":4,"name":"Ofici\u00e1ln\u00ed tiskov\u00e1 zpr\u00e1va"}]},{"@type":"WebSite","@id":"https:\/\/www.simpleplan.cz\/cz\/#website","url":"https:\/\/www.simpleplan.cz\/cz\/","name":"CZ: SimplePlan.cz","description":"Nejlep\u0161\u00ed zdroj informac\u00ed o kapele Simple Plan","publisher":{"@id":"https:\/\/www.simpleplan.cz\/cz\/#organization"},"potentialAction":[{"@type":"SearchAction","target":{"@type":"EntryPoint","urlTemplate":"https:\/\/www.simpleplan.cz\/cz\/?s={search_term_string}"},"query-input":"required name=search_term_string"}],"inLanguage":"cs"},{"@type":"Organization","@id":"https:\/\/www.simpleplan.cz\/cz\/#organization","name":"CZ: SimplePlan.cz","url":"https:\/\/www.simpleplan.cz\/cz\/","logo":{"@type":"ImageObject","inLanguage":"cs","@id":"https:\/\/www.simpleplan.cz\/cz\/#\/schema\/logo\/image\/","url":"https:\/\/www.simpleplan.cz\/cz\/wp-content\/uploads\/spczlogo.png","contentUrl":"https:\/\/www.simpleplan.cz\/cz\/wp-content\/uploads\/spczlogo.png","width":250,"height":190,"caption":"CZ: SimplePlan.cz"},"image":{"@id":"https:\/\/www.simpleplan.cz\/cz\/#\/schema\/logo\/image\/"},"sameAs":["http:\/\/www.facebook.com\/simpleplancz","https:\/\/twitter.com\/simpleplancz","http:\/\/www.instagram.com\/simpleplancz","http:\/\/www.youtube.com\/simpleplancz"]}]}},"_links":{"self":[{"href":"https:\/\/www.simpleplan.cz\/cz\/index.php\/wp-json\/wp\/v2\/pages\/17532"}],"collection":[{"href":"https:\/\/www.simpleplan.cz\/cz\/index.php\/wp-json\/wp\/v2\/pages"}],"about":[{"href":"https:\/\/www.simpleplan.cz\/cz\/index.php\/wp-json\/wp\/v2\/types\/page"}],"author":[{"embeddable":true,"href":"https:\/\/www.simpleplan.cz\/cz\/index.php\/wp-json\/wp\/v2\/users\/5"}],"replies":[{"embeddable":true,"href":"https:\/\/www.simpleplan.cz\/cz\/index.php\/wp-json\/wp\/v2\/comments?post=17532"}],"version-history":[{"count":2,"href":"https:\/\/www.simpleplan.cz\/cz\/index.php\/wp-json\/wp\/v2\/pages\/17532\/revisions"}],"predecessor-version":[{"id":17536,"href":"https:\/\/www.simpleplan.cz\/cz\/index.php\/wp-json\/wp\/v2\/pages\/17532\/revisions\/17536"}],"up":[{"embeddable":true,"href":"https:\/\/www.simpleplan.cz\/cz\/index.php\/wp-json\/wp\/v2\/pages\/17526"}],"wp:attachment":[{"href":"https:\/\/www.simpleplan.cz\/cz\/index.php\/wp-json\/wp\/v2\/media?parent=17532"}],"curies":[{"name":"wp","href":"https:\/\/api.w.org\/{rel}","templated":true}]}}