{"id":17547,"date":"2015-12-01T20:55:03","date_gmt":"2015-12-01T19:55:03","guid":{"rendered":"http:\/\/www.simpleplan.cz\/cz\/?page_id=17547"},"modified":"2023-06-26T09:29:53","modified_gmt":"2023-06-26T07:29:53","slug":"czech-out-the-rest-of-us","status":"publish","type":"page","link":"https:\/\/www.simpleplan.cz\/cz\/index.php\/extra\/praha2016\/czech-out-the-rest-of-us\/","title":{"rendered":"Czech out the rest of us: p\u0159ekvapen\u00ed pro kapelu"},"content":{"rendered":"<p><center><img decoding=\"async\" src=\"http:\/\/www.simpleplan.cz\/gal\/4542.gif\"\/><\/center><\/p>\n<p><center><b>KONCERT SIMPLE PLAN V PRAZE 5. 3. 2016<\/b><\/center><\/p>\n<p>Jako v\u017edy, kdy\u017e Simple Plan hraj\u00ed v Praze, <b>SimplePlan.cz<\/b> i tentokr\u00e1t organizuje &#8222;glob\u00e1ln\u00ed akci&#8220; neboli <b>p\u0159ekvapen\u00ed pro kapelu<\/b> za pomoci V\u00c1S &#8211; fanou\u0161k\u016f! V minulosti se n\u00e1m velmi osv\u011bd\u010dily n\u00e1pisy THANK YOU &#8211; nicm\u00e9n\u011b je \u010das na zm\u011bnu, tak\u017ee je na \u010dase p\u0159edstavit nov\u00fd pl\u00e1n! Tentokr\u00e1t se zam\u011b\u0159\u00edme na p\u0159\u00edvlastky z textu k p\u00edsni &#8222;The Rest Of Us&#8220;, kter\u00e1 n\u00e1s nejv\u00edce vystihuj\u00ed!<\/p>\n<p>Klikn\u011bte na obr\u00e1zek pro zobrazen\u00ed PDF s pokyny! <\/p>\n<p><center><a href=\"https:\/\/drive.google.com\/file\/d\/0ByxqzxO_dVsBV3FJalZwYTk1Qmc\/view?usp=sharing\" target=\"_blank\" rel=\"noopener\"><img decoding=\"async\" src=\"http:\/\/www.simpleplan.cz\/globakce.gif\"><\/a><\/center><\/p>\n<p>Pokud byste se cht\u011bli st\u00e1t dobrovoln\u00edkem pro tuto akci, pros\u00edm ozv\u011bte se p\u0159es zpr\u00e1vy na <a href=\"http:\/\/www.facebook.com\/simpleplancz\">Facebooku SimplePlan.cz<\/a>, \u010di na <a href=\"mailto:Domulka@seznam.cz\">email<\/a>.<\/p>\n<p>Jde o to uk\u00e1zat, \u017ee se dok\u00e1\u017eeme vzep\u0159\u00edt ozna\u010den\u00edm, kter\u00e9 pro n\u00e1s spole\u010dnost (nebo my sami) m\u00e1me, jeliko\u017e v\u00edme, \u017ee v tom nejsme sami. Co\u017e bude naprosto jasn\u00e9 v moment\u011b, kdy v\u0161ichni z n\u00e1s vyzdvihnou n\u00e1pisy b\u011bhem p\u00edsn\u011b <b>&#8222;The Rest Of Us&#8220;<\/b>, a v\u0161ichni uvid\u00ed, kolik lid\u00ed kolem proch\u00e1z\u00ed t\u00edm stejn\u00fdm. A jak\u00e9 konkr\u00e9tn\u00ed p\u0159\u00edvlastky m\u016f\u017eete na sv\u00fdch n\u00e1pisech pou\u017e\u00edt? N\u00ed\u017ee p\u0159ikl\u00e1d\u00e1m jejich seznam i s \u010desk\u00fdm p\u0159ekladem. Vyberte si, co se k v\u00e1m nejv\u00edce hod\u00ed, s \u010d\u00edm se nejv\u00edce ztoto\u017e\u0148ujete &#8211; \u010di nap\u0159\u00edklad kter\u00e9 z t\u011bchto v\u00fdraz\u016f kdy o v\u00e1s pou\u017e\u00edvali lid\u00e9 ve va\u0161em okol\u00ed. <\/p>\n<p><center><\/p>\n<table class=\"stats\" cellspacing=\"0\">\n<thead>\n<tr>\n<td class=\"hed\" data-hide=\"phone,tablet\" data-class=\"expand\">P\u0159\u00edvlastky z &#8222;The Rest Of Us&#8220; do n\u00e1pis\u016f<\/td>\n<td class=\"hed\" data-hide=\"phone,tablet\">Voln\u00fd \u010desk\u00fd p\u0159eklad<\/td>\n<\/tr>\n<tr>\n<td><b>SOCIALLY AWKWARD<\/b><\/td>\n<td>Ve spole\u010dnosti rozpa\u010dit\u00fd, nesebev\u011bdom\u00fd, nejist\u00fd.<\/td>\n<\/tr>\n<tr>\n<td><b>GIRLS DON&#8217;T LOSE THEIR SHIT WHEN THEY LOOK AT ME<\/b><\/td>\n<td>Holky na m\u011b nelet\u00ed.<\/td>\n<\/tr>\n<tr>\n<td><b>NOT THAT GOOD AT ANYTHING<\/b><\/td>\n<td>V ni\u010dem nevynik\u00e1m.<\/td>\n<\/tr>\n<tr>\n<td><b>DON&#8217;T HIT THE NOTES PERFECTLY WHEN I TRY TO SING<\/b><\/td>\n<td>Neum\u00edm zp\u00edvat. &#8211; Neum\u00edm se po\u0159\u00e1dn\u011b se p\u0159i zp\u011bvu trefit do noty. &#8211; Kdy\u017e zp\u00edv\u00e1m, zp\u00edv\u00e1m fale\u0161n\u011b.<\/td>\n<\/tr>\n<tr>\n<td><b>NEVER FELT I WAS GOOD ENOUGH<\/b><\/td>\n<td>Nikdy jsem nebyl\/a pro nic\/nikoho dost dobr\u00fd\/\u00e1.<\/td>\n<\/tr>\n<tr>\n<td><b>CHASED<\/b><\/td>\n<td>Pron\u00e1sledovan\u00fd\/\u00e1.<\/td>\n<\/tr>\n<tr>\n<td><b>CONFUSED<\/b><\/td>\n<td>Zmaten\u00fd\/\u00e1.<\/td>\n<\/tr>\n<tr>\n<td><b>FREAK<\/b><\/td>\n<td>\u0160\u00edlenec, podiv\u00edn, exot, bl\u00e1zen.<\/td>\n<\/tr>\n<tr>\n<td><b>LOSER<\/b><\/td>\n<td>B\u0159\u00eddil, nula.<\/td>\n<\/tr>\n<tr>\n<td><b>MY TRUST FUND HOPES ARE LOOKING SAD<\/b><\/td>\n<td>\u0160ance, \u017ee budu m\u00edt vlastn\u00ed sv\u011b\u0159eneck\u00fd fond jsou na nule &#8211; Nepoch\u00e1z\u00edm z bohat\u00e9 rodiny.<\/td>\n<\/tr>\n<tr>\n<td><b>MESS<\/b><\/td>\n<td>\u010clov\u011bk, kter\u00fd nem\u00e1 v\u011bci srovnan\u00e9 &#8211; nap\u0159. v \u017eivot\u011b &#8211; je p\u0159\u00edli\u0161 roztr\u017eit\u00fd, nedok\u00e1\u017ee si nic v hlav\u011b srovnat, je &#8222;mimo&#8220;.<\/td>\n<\/tr>\n<tr>\n<td><b>PERFECTLY DYSFUNCTIONAL<\/b><\/td>\n<td>Perfektn\u011b nefunk\u010dn\u00ed.<\/td>\n<\/tr>\n<tr>\n<td><b>LOST<\/b><\/td>\n<td>Ztracen\u00fd\/\u00e1.<\/td>\n<\/tr>\n<tr>\n<td><b>GEEK<\/b><\/td>\n<td>Mimo\u0148, podiv\u00edn, maniak do ur\u010dit\u00fdch v\u011bc\u00ed (nap\u0159. hudby, po\u010d\u00edta\u010d\u016f, TV, knih atd.).<\/td>\n<\/tr>\n<tr>\n<td><b>REJECT<\/b><\/td>\n<td>Zmetek, spole\u010dnost\u00ed odm\u00edtnut\u00fd jedinec.<\/td>\n<\/tr>\n<tr>\n<td><b>WRONG<\/b><\/td>\n<td>\u010clov\u011bk, kter\u00fd neust\u00e1le d\u011bl\u00e1 v\u011bci \u0161patn\u011b.<\/td>\n<\/tr>\n<tr>\n<td><b>HOPELESS<\/b><\/td>\n<td>Beznad\u011bjn\u00fd (p\u0159\u00edpad).<\/td>\n<\/tr>\n<\/thead>\n<\/table>\n<p>Pokud budete pot\u0159ebovat n\u011bjakou inspiraci, m\u016f\u017eete se pod\u00edvat na fotografie fanou\u0161k\u016f, kte\u0159\u00ed ji\u017e sv\u00e9 n\u00e1pisy stihli vytvo\u0159it a podlit se o n\u011b s n\u00e1mi v albu na Facebooku SimplePlan.cz! Za\u0161lete n\u00e1m fotku sv\u00e9ho n\u00e1pisu i vy &#8211; skrze soukromou zpr\u00e1vu na Facebooku nebo ji nahrajte na Instagram a ozna\u010dte ofici\u00e1ln\u00edm hashtagem <b>#SPinPrague2016<\/b>!<\/p>\n<p><\/center><center><a href=\"https:\/\/www.facebook.com\/media\/set\/?set=a.10153835383589776.1073741829.173702224775&#038;type=3\" target=\"_blank\" rel=\"noopener\"><img decoding=\"async\" src=\"http:\/\/www.simpleplan.cz\/gal\/4541.gif\"\/><\/a><\/center><\/p>\n<div class=\"fblikebutton_button\" style=\"float: left; padding-top: 20px; margin-right: 20px; padding-bottom: 20px; padding-left: 20px;\"><iframe src=\"http:\/\/www.facebook.com\/plugins\/like.php?href=https%3A%2F%2Fwww.simpleplan.cz%2Fcz%2Findex.php%2Fextra%2Fpraha2016%2Fczech-out-the-rest-of-us%2F&amp;layout=standard&amp;show-faces=false&amp;width=450&amp;action=like&amp;colorscheme=light\" scrolling=\"no\" frameborder=\"0\" allowTransparency=\"true\" style=\"border:none; overflow:hidden; width:450px; height:26px\"><\/iframe><\/div>\n","protected":false},"excerpt":{"rendered":"<p>KONCERT SIMPLE PLAN V PRAZE 5. 3. 2016 Jako v\u017edy, kdy\u017e Simple Plan hraj\u00ed v<\/p>\n","protected":false},"author":5,"featured_media":0,"parent":17526,"menu_order":0,"comment_status":"open","ping_status":"open","template":"page-templates\/full-width.php","meta":{"footnotes":""},"yoast_head":"<!-- This site is optimized with the Yoast SEO plugin v20.9 - https:\/\/yoast.com\/wordpress\/plugins\/seo\/ -->\n<title>Czech out the rest of us: p\u0159ekvapen\u00ed pro kapelu | CZ: SimplePlan.cz<\/title>\n<meta name=\"robots\" content=\"index, follow, max-snippet:-1, max-image-preview:large, max-video-preview:-1\" \/>\n<link rel=\"canonical\" href=\"https:\/\/www.simpleplan.cz\/cz\/index.php\/extra\/praha2016\/czech-out-the-rest-of-us\/\" \/>\n<meta property=\"og:locale\" content=\"cs_CZ\" \/>\n<meta property=\"og:type\" content=\"article\" \/>\n<meta property=\"og:title\" content=\"Czech out the rest of us: p\u0159ekvapen\u00ed pro kapelu | CZ: SimplePlan.cz\" \/>\n<meta property=\"og:description\" content=\"KONCERT SIMPLE PLAN V PRAZE 5. 3. 2016 Jako v\u017edy, kdy\u017e Simple Plan hraj\u00ed v\" \/>\n<meta property=\"og:url\" content=\"https:\/\/www.simpleplan.cz\/cz\/index.php\/extra\/praha2016\/czech-out-the-rest-of-us\/\" \/>\n<meta property=\"og:site_name\" content=\"CZ: SimplePlan.cz\" \/>\n<meta property=\"article:publisher\" content=\"http:\/\/www.facebook.com\/simpleplancz\" \/>\n<meta property=\"article:modified_time\" content=\"2023-06-26T07:29:53+00:00\" \/>\n<meta property=\"og:image\" content=\"http:\/\/www.simpleplan.cz\/gal\/4542.gif\" \/>\n<meta name=\"twitter:card\" content=\"summary_large_image\" \/>\n<meta name=\"twitter:site\" content=\"@simpleplancz\" \/>\n<meta name=\"twitter:label1\" content=\"Odhadovan\u00e1 doba \u010dten\u00ed\" \/>\n\t<meta name=\"twitter:data1\" content=\"3 minuty\" \/>\n<script type=\"application\/ld+json\" class=\"yoast-schema-graph\">{\"@context\":\"https:\/\/schema.org\",\"@graph\":[{\"@type\":\"WebPage\",\"@id\":\"https:\/\/www.simpleplan.cz\/cz\/index.php\/extra\/praha2016\/czech-out-the-rest-of-us\/\",\"url\":\"https:\/\/www.simpleplan.cz\/cz\/index.php\/extra\/praha2016\/czech-out-the-rest-of-us\/\",\"name\":\"Czech out the rest of us: p\u0159ekvapen\u00ed pro kapelu | CZ: SimplePlan.cz\",\"isPartOf\":{\"@id\":\"https:\/\/www.simpleplan.cz\/cz\/#website\"},\"datePublished\":\"2015-12-01T19:55:03+00:00\",\"dateModified\":\"2023-06-26T07:29:53+00:00\",\"breadcrumb\":{\"@id\":\"https:\/\/www.simpleplan.cz\/cz\/index.php\/extra\/praha2016\/czech-out-the-rest-of-us\/#breadcrumb\"},\"inLanguage\":\"cs\",\"potentialAction\":[{\"@type\":\"ReadAction\",\"target\":[\"https:\/\/www.simpleplan.cz\/cz\/index.php\/extra\/praha2016\/czech-out-the-rest-of-us\/\"]}]},{\"@type\":\"BreadcrumbList\",\"@id\":\"https:\/\/www.simpleplan.cz\/cz\/index.php\/extra\/praha2016\/czech-out-the-rest-of-us\/#breadcrumb\",\"itemListElement\":[{\"@type\":\"ListItem\",\"position\":1,\"name\":\"Dom\u016f\",\"item\":\"https:\/\/www.simpleplan.cz\/cz\/\"},{\"@type\":\"ListItem\",\"position\":2,\"name\":\"Extra\",\"item\":\"https:\/\/www.simpleplan.cz\/cz\/index.php\/extra\/\"},{\"@type\":\"ListItem\",\"position\":3,\"name\":\"Koncert Simple Plan v Praze \u2013 05.03.2016\",\"item\":\"https:\/\/www.simpleplan.cz\/cz\/index.php\/extra\/praha2016\/\"},{\"@type\":\"ListItem\",\"position\":4,\"name\":\"Czech out the rest of us: p\u0159ekvapen\u00ed pro kapelu\"}]},{\"@type\":\"WebSite\",\"@id\":\"https:\/\/www.simpleplan.cz\/cz\/#website\",\"url\":\"https:\/\/www.simpleplan.cz\/cz\/\",\"name\":\"CZ: SimplePlan.cz\",\"description\":\"Nejlep\u0161\u00ed zdroj informac\u00ed o kapele Simple Plan\",\"publisher\":{\"@id\":\"https:\/\/www.simpleplan.cz\/cz\/#organization\"},\"potentialAction\":[{\"@type\":\"SearchAction\",\"target\":{\"@type\":\"EntryPoint\",\"urlTemplate\":\"https:\/\/www.simpleplan.cz\/cz\/?s={search_term_string}\"},\"query-input\":\"required name=search_term_string\"}],\"inLanguage\":\"cs\"},{\"@type\":\"Organization\",\"@id\":\"https:\/\/www.simpleplan.cz\/cz\/#organization\",\"name\":\"CZ: SimplePlan.cz\",\"url\":\"https:\/\/www.simpleplan.cz\/cz\/\",\"logo\":{\"@type\":\"ImageObject\",\"inLanguage\":\"cs\",\"@id\":\"https:\/\/www.simpleplan.cz\/cz\/#\/schema\/logo\/image\/\",\"url\":\"https:\/\/www.simpleplan.cz\/cz\/wp-content\/uploads\/spczlogo.png\",\"contentUrl\":\"https:\/\/www.simpleplan.cz\/cz\/wp-content\/uploads\/spczlogo.png\",\"width\":250,\"height\":190,\"caption\":\"CZ: SimplePlan.cz\"},\"image\":{\"@id\":\"https:\/\/www.simpleplan.cz\/cz\/#\/schema\/logo\/image\/\"},\"sameAs\":[\"http:\/\/www.facebook.com\/simpleplancz\",\"https:\/\/twitter.com\/simpleplancz\",\"http:\/\/www.instagram.com\/simpleplancz\",\"http:\/\/www.youtube.com\/simpleplancz\"]}]}<\/script>\n<!-- \/ Yoast SEO plugin. -->","yoast_head_json":{"title":"Czech out the rest of us: p\u0159ekvapen\u00ed pro kapelu | CZ: SimplePlan.cz","robots":{"index":"index","follow":"follow","max-snippet":"max-snippet:-1","max-image-preview":"max-image-preview:large","max-video-preview":"max-video-preview:-1"},"canonical":"https:\/\/www.simpleplan.cz\/cz\/index.php\/extra\/praha2016\/czech-out-the-rest-of-us\/","og_locale":"cs_CZ","og_type":"article","og_title":"Czech out the rest of us: p\u0159ekvapen\u00ed pro kapelu | CZ: SimplePlan.cz","og_description":"KONCERT SIMPLE PLAN V PRAZE 5. 3. 2016 Jako v\u017edy, kdy\u017e Simple Plan hraj\u00ed v","og_url":"https:\/\/www.simpleplan.cz\/cz\/index.php\/extra\/praha2016\/czech-out-the-rest-of-us\/","og_site_name":"CZ: SimplePlan.cz","article_publisher":"http:\/\/www.facebook.com\/simpleplancz","article_modified_time":"2023-06-26T07:29:53+00:00","og_image":[{"url":"http:\/\/www.simpleplan.cz\/gal\/4542.gif"}],"twitter_card":"summary_large_image","twitter_site":"@simpleplancz","twitter_misc":{"Odhadovan\u00e1 doba \u010dten\u00ed":"3 minuty"},"schema":{"@context":"https:\/\/schema.org","@graph":[{"@type":"WebPage","@id":"https:\/\/www.simpleplan.cz\/cz\/index.php\/extra\/praha2016\/czech-out-the-rest-of-us\/","url":"https:\/\/www.simpleplan.cz\/cz\/index.php\/extra\/praha2016\/czech-out-the-rest-of-us\/","name":"Czech out the rest of us: p\u0159ekvapen\u00ed pro kapelu | CZ: SimplePlan.cz","isPartOf":{"@id":"https:\/\/www.simpleplan.cz\/cz\/#website"},"datePublished":"2015-12-01T19:55:03+00:00","dateModified":"2023-06-26T07:29:53+00:00","breadcrumb":{"@id":"https:\/\/www.simpleplan.cz\/cz\/index.php\/extra\/praha2016\/czech-out-the-rest-of-us\/#breadcrumb"},"inLanguage":"cs","potentialAction":[{"@type":"ReadAction","target":["https:\/\/www.simpleplan.cz\/cz\/index.php\/extra\/praha2016\/czech-out-the-rest-of-us\/"]}]},{"@type":"BreadcrumbList","@id":"https:\/\/www.simpleplan.cz\/cz\/index.php\/extra\/praha2016\/czech-out-the-rest-of-us\/#breadcrumb","itemListElement":[{"@type":"ListItem","position":1,"name":"Dom\u016f","item":"https:\/\/www.simpleplan.cz\/cz\/"},{"@type":"ListItem","position":2,"name":"Extra","item":"https:\/\/www.simpleplan.cz\/cz\/index.php\/extra\/"},{"@type":"ListItem","position":3,"name":"Koncert Simple Plan v Praze \u2013 05.03.2016","item":"https:\/\/www.simpleplan.cz\/cz\/index.php\/extra\/praha2016\/"},{"@type":"ListItem","position":4,"name":"Czech out the rest of us: p\u0159ekvapen\u00ed pro kapelu"}]},{"@type":"WebSite","@id":"https:\/\/www.simpleplan.cz\/cz\/#website","url":"https:\/\/www.simpleplan.cz\/cz\/","name":"CZ: SimplePlan.cz","description":"Nejlep\u0161\u00ed zdroj informac\u00ed o kapele Simple Plan","publisher":{"@id":"https:\/\/www.simpleplan.cz\/cz\/#organization"},"potentialAction":[{"@type":"SearchAction","target":{"@type":"EntryPoint","urlTemplate":"https:\/\/www.simpleplan.cz\/cz\/?s={search_term_string}"},"query-input":"required name=search_term_string"}],"inLanguage":"cs"},{"@type":"Organization","@id":"https:\/\/www.simpleplan.cz\/cz\/#organization","name":"CZ: SimplePlan.cz","url":"https:\/\/www.simpleplan.cz\/cz\/","logo":{"@type":"ImageObject","inLanguage":"cs","@id":"https:\/\/www.simpleplan.cz\/cz\/#\/schema\/logo\/image\/","url":"https:\/\/www.simpleplan.cz\/cz\/wp-content\/uploads\/spczlogo.png","contentUrl":"https:\/\/www.simpleplan.cz\/cz\/wp-content\/uploads\/spczlogo.png","width":250,"height":190,"caption":"CZ: SimplePlan.cz"},"image":{"@id":"https:\/\/www.simpleplan.cz\/cz\/#\/schema\/logo\/image\/"},"sameAs":["http:\/\/www.facebook.com\/simpleplancz","https:\/\/twitter.com\/simpleplancz","http:\/\/www.instagram.com\/simpleplancz","http:\/\/www.youtube.com\/simpleplancz"]}]}},"_links":{"self":[{"href":"https:\/\/www.simpleplan.cz\/cz\/index.php\/wp-json\/wp\/v2\/pages\/17547"}],"collection":[{"href":"https:\/\/www.simpleplan.cz\/cz\/index.php\/wp-json\/wp\/v2\/pages"}],"about":[{"href":"https:\/\/www.simpleplan.cz\/cz\/index.php\/wp-json\/wp\/v2\/types\/page"}],"author":[{"embeddable":true,"href":"https:\/\/www.simpleplan.cz\/cz\/index.php\/wp-json\/wp\/v2\/users\/5"}],"replies":[{"embeddable":true,"href":"https:\/\/www.simpleplan.cz\/cz\/index.php\/wp-json\/wp\/v2\/comments?post=17547"}],"version-history":[{"count":10,"href":"https:\/\/www.simpleplan.cz\/cz\/index.php\/wp-json\/wp\/v2\/pages\/17547\/revisions"}],"predecessor-version":[{"id":33040,"href":"https:\/\/www.simpleplan.cz\/cz\/index.php\/wp-json\/wp\/v2\/pages\/17547\/revisions\/33040"}],"up":[{"embeddable":true,"href":"https:\/\/www.simpleplan.cz\/cz\/index.php\/wp-json\/wp\/v2\/pages\/17526"}],"wp:attachment":[{"href":"https:\/\/www.simpleplan.cz\/cz\/index.php\/wp-json\/wp\/v2\/media?parent=17547"}],"curies":[{"name":"wp","href":"https:\/\/api.w.org\/{rel}","templated":true}]}}