{"id":17886,"date":"2016-01-30T12:52:54","date_gmt":"2016-01-30T11:52:54","guid":{"rendered":"http:\/\/www.simpleplan.cz\/cz\/?page_id=17886"},"modified":"2023-06-26T09:30:19","modified_gmt":"2023-06-26T07:30:19","slug":"saturday","status":"publish","type":"page","link":"https:\/\/www.simpleplan.cz\/cz\/index.php\/lyricscenter\/saturday\/","title":{"rendered":"Saturday"},"content":{"rendered":"<div class=\"pagecontent\">\n<div class=\"girls\"><b><u>Z\u00e1kladn\u00ed info<\/u><\/b><\/div>\n<p><b>Auto\u0159i textu:<\/b> Pierre Bouvier, Chuck Comeau<br \/>\n<b>D\u00e9lka p\u00edsn\u011b:<\/b> 2>59<\/p>\n<div class=\"girls\"><b><u>Zaj\u00edmavosti<\/u><\/b><\/div>\n<p>&#8211; Skladba &#8218;Saturday&#8216; byla p\u016fvodn\u011b vyd\u00e1na jako p\u0159edpokl\u00e1dan\u00e1 prvn\u00ed ofici\u00e1ln\u00ed p\u00edse\u0148 z alba Taking One For The Team. Po jej\u00edm zve\u0159ejn\u011bn\u00ed a vln\u011b kritiky, kter\u00e1 se ze strany fanou\u0161k\u016f snesla, j\u00ed v\u0161ak Simple Plan nakonec rozhodli nezahrnout na fin\u00e1ln\u00ed verzi alba.<\/p>\n<div class=\"girls\"><b><u>Text p\u00edsn\u011b<\/u><\/b><\/div>\n<p><center><br \/>\nS-A-T-U-R-D-A-Y NIGHT<br \/>\nS-A-T-U-R-D-A-Y NIGHT<br \/>\nTicking like a time-bomb, Waiting for the weekend<br \/>\n(Saturday night, Saturday night)<br \/>\nPeople throw their hands up, Higher than the ceiling<br \/>\n(Saturday night, Saturday night)<\/center><\/p>\n<p><center>I can see the line up,<br \/>\nRunning round the whole block<br \/>\n(Saturday night, Saturday night)<br \/>\nComing through the window,<br \/>\nI can hear the bass drop<br \/>\n(Saturday night, Saturday night)<\/center><\/p>\n<p><center>We don\u2019t have to go,<br \/>\nWe can stay right here.<\/center><\/p>\n<p><center>We can go get drunk, staying up all night<br \/>\nSinging \u2018Don\u2019t Stop Believin\u2019 till the morning light<br \/>\nWe can line up shots till it all goes bad<br \/>\nAnd we\u2019re passed out and puking in a taxi cab.<\/center><\/p>\n<p><center>When your lying here by my side, nowhere else feels right.<br \/>\nI\u2019d rather be alone with you on Saturday night<\/center><\/p>\n<p><center>S-A-T-U-R-D-A-Y NIGHT<\/center><\/p>\n<p><center>This is gonna be a night so epic<br \/>\n(Saturday night, Saturday night)<br \/>\nYou and me baby nothing but Netflix<br \/>\n(Saturday night, Saturday night)<br \/>\nWe don\u2019t have to go,<br \/>\nWe can stay right here.<\/center><\/p>\n<p><center>We can go get drunk, staying up all night<br \/>\nSinging \u2018Don\u2019t Stop Believin\u2019 till the morning light<br \/>\nWe can line up shots till it all goes bad<br \/>\nAnd we\u2019re passed out and puking in a taxi cab.<\/center><\/p>\n<p><center>When your lying here by my side, nowhere else feels right<br \/>\nI\u2019d rather be alone with you on Saturday night<br \/>\n(Saturday night, Saturday night)<\/center><\/p>\n<p><center>If we ever get bored, if we get restless<br \/>\n(Saturday night, Saturday night)<br \/>\nWe can get dressed up, let\u2019s get epic<br \/>\nS-A-T-U-R-D-A-Y<\/center><\/p>\n<p><center>We can go get drunk, staying up all night<br \/>\nSinging \u2018Don\u2019t Stop Believin\u2019 till the morning light<br \/>\nWe can line up shots till it all goes bad<br \/>\nAnd we\u2019re passed out and puking in a taxi cab.<\/center><\/p>\n<p><center>We\u2019ll stop at every bar on the boulevard<br \/>\nTill we\u2019ve maxed out the limits on our credit cards.<br \/>\nCuz when I got you here by my side<br \/>\nEverything feels right,<br \/>\nAs long as it\u2019s me and you on Saturday night<br \/>\nS-A-T-U-R-D-A-Y<br \/>\n<\/center><\/p>\n<div class=\"girls\"><b><u>\u010cesk\u00fd p\u0159eklad<\/u><\/b><\/div>\n<p><center><br \/>\nS-O-B-O-T-N-\u00cd NOC<br \/>\nS-O-B-O-T-N-\u00cd NOC<br \/>\nTik\u00e1m jako \u010dasovan\u00e9 bomba, \u010dek\u00e1m na v\u00edkend<br \/>\n(Sobotn\u00ed noc, sobotn\u00ed noc)<br \/>\nLidi d\u00e1vaj\u00ed ruce vz\u016fru, v\u00fd\u0161 ne\u017e strop<br \/>\n(Sobotn\u00ed noc, sobotn\u00ed noc)<\/center><\/p>\n<p><center>U\u017e vid\u00edm lidi v \u0159ad\u011b<br \/>\nKter\u00e1 se nese v d\u00e9lce cel\u00e9 ulice<br \/>\n(Sobotn\u00ed noc, sobotn\u00ed noc)<br \/>\nA skrze okno<br \/>\nSly\u0161\u00edm jak zn\u00edt baskytary<br \/>\n(Sobotn\u00ed noc, sobotn\u00ed noc)<\/center><\/p>\n<p><center>Nemus\u00edme j\u00edt,<br \/>\nM\u016f\u017eeme z\u016fstat tady.<\/center><\/p>\n<p><center>Mohli bychom se op\u00edt a z\u016fstat vzh\u016fru celou noc,<br \/>\nZp\u00edvali bychom &#8222;Don&#8217;t Stop Believing&#8220; a\u017e do rann\u00edho \u00fasvitu<br \/>\nM\u016f\u017eeme d\u00e1vat pan\u00e1ky dokud n\u00e1m nebude \u0161patn\u011b<br \/>\nA dokud nevytuhneme nebo dokud nebudeme nebo zvracet v tax\u00edku.<\/center><\/p>\n<p><center>Ale kdy\u017e tu le\u017e\u00ed\u0161 vedle m\u011b, nikde jinde se nec\u00edt\u00edm v\u00edc doma.<br \/>\nRad\u011bji bych byl s tebou s\u00e1m o sobotn\u00ed noci.<\/center><\/p>\n<p><center>S-O-B-O-T-N-\u00cd NOC<\/center><\/p>\n<p><center>Bude to epick\u00e1 noc<br \/>\n(Sobotn\u00ed noc, sobotn\u00ed noc)<br \/>\nTy, j\u00e1, zlato, nic ne\u017e Netflix<br \/>\n(Sobotn\u00ed noc, sobotn\u00ed noc)<br \/>\nNemus\u00edme j\u00edt,<br \/>\nM\u016f\u017eeme z\u016fstat tady.<\/center><\/p>\n<p><center>Mohli bychom se op\u00edt a z\u016fstat vzh\u016fru celou noc,<br \/>\nZp\u00edvali bychom &#8222;Don&#8217;t Stop Believing&#8220; a\u017e do rann\u00edho \u00fasvitu<br \/>\nM\u016f\u017eeme d\u00e1vat pan\u00e1ky dokud n\u00e1m nebude \u0161patn\u011b<br \/>\nA dokud nevytuhneme nebo dokud nebudeme nebo zvracet v tax\u00edku.<\/center><\/p>\n<p><center>Ale kdy\u017e tu le\u017e\u00ed\u0161 vedle m\u011b, nikde jinde se nec\u00edt\u00edm v\u00edc doma.<br \/>\nRad\u011bji bych byl s tebou s\u00e1m o sobotn\u00ed noci.<\/center><\/p>\n<p><center>(Sobotn\u00ed noc, sobotn\u00ed noc)<\/center><\/p>\n<p><center>Pokud se budeme nudit, pokud budeme neposedn\u00ed,<br \/>\n(Sobotn\u00ed noc, sobotn\u00ed noc)<br \/>\nM\u016f\u017eeme se vyfiknout a j\u00edt se bavit.<br \/>\nS-O-B-O-T-A<\/center><\/p>\n<p><center>Mohli bychom se op\u00edt a z\u016fstat vzh\u016fru celou noc,<br \/>\nZp\u00edvali bychom &#8222;Don&#8217;t Stop Believing&#8220; a\u017e do rann\u00edho \u00fasvitu<br \/>\nM\u016f\u017eeme d\u00e1vat pan\u00e1ky dokud n\u00e1m nebude \u0161patn\u011b<br \/>\nA dokud nevytuhneme nebo dokud nebudeme nebo zvracet v tax\u00edku.<\/center><\/p>\n<p><center>Zastav\u00edme se v ka\u017ed\u00e9m baru na ulici<br \/>\nDokud nevy\u010derp\u00e1me na\u0161e kreditky,<br \/>\nProto\u017ee kdy\u017e t\u011b m\u00e1m vedle sebe<br \/>\nNikde jinde se nec\u00edt\u00edm v\u00edc doma.<br \/>\nA to dokud jsem ty a j\u00e1 o sobotn\u00ed noci spolu<br \/>\nS-O-B-O-T-A<\/p>\n<p><\/center><\/p>\n<\/div>\n<div class=\"fblikebutton_button\" style=\"float: left; padding-top: 20px; margin-right: 20px; padding-bottom: 20px; padding-left: 20px;\"><iframe src=\"http:\/\/www.facebook.com\/plugins\/like.php?href=https%3A%2F%2Fwww.simpleplan.cz%2Fcz%2Findex.php%2Flyricscenter%2Fsaturday%2F&amp;layout=standard&amp;show-faces=false&amp;width=450&amp;action=like&amp;colorscheme=light\" scrolling=\"no\" frameborder=\"0\" allowTransparency=\"true\" style=\"border:none; overflow:hidden; width:450px; height:26px\"><\/iframe><\/div>\n","protected":false},"excerpt":{"rendered":"<p>Z\u00e1kladn\u00ed info Auto\u0159i textu: Pierre Bouvier, Chuck Comeau D\u00e9lka p\u00edsn\u011b: 2>59 Zaj\u00edmavosti &#8211; Skladba &#8218;Saturday&#8216;<\/p>\n","protected":false},"author":5,"featured_media":0,"parent":15213,"menu_order":0,"comment_status":"closed","ping_status":"closed","template":"page-templates\/full-width.php","meta":{"footnotes":""},"yoast_head":"<!-- This site is optimized with the Yoast SEO plugin v20.9 - https:\/\/yoast.com\/wordpress\/plugins\/seo\/ -->\n<title>Saturday | CZ: SimplePlan.cz<\/title>\n<meta name=\"robots\" content=\"index, follow, max-snippet:-1, max-image-preview:large, max-video-preview:-1\" \/>\n<link rel=\"canonical\" href=\"https:\/\/www.simpleplan.cz\/cz\/index.php\/lyricscenter\/saturday\/\" \/>\n<meta property=\"og:locale\" content=\"cs_CZ\" \/>\n<meta property=\"og:type\" content=\"article\" \/>\n<meta property=\"og:title\" content=\"Saturday | CZ: SimplePlan.cz\" \/>\n<meta property=\"og:description\" content=\"Z\u00e1kladn\u00ed info Auto\u0159i textu: Pierre Bouvier, Chuck Comeau D\u00e9lka p\u00edsn\u011b: 2&gt;59 Zaj\u00edmavosti &#8211; Skladba &#8218;Saturday&#8216;\" \/>\n<meta property=\"og:url\" content=\"https:\/\/www.simpleplan.cz\/cz\/index.php\/lyricscenter\/saturday\/\" \/>\n<meta property=\"og:site_name\" content=\"CZ: SimplePlan.cz\" \/>\n<meta property=\"article:publisher\" content=\"http:\/\/www.facebook.com\/simpleplancz\" \/>\n<meta property=\"article:modified_time\" content=\"2023-06-26T07:30:19+00:00\" \/>\n<meta property=\"og:image\" content=\"http:\/\/www.simpleplan.cz\/cz\/wp-content\/uploads\/logo.gif\" \/>\n<meta name=\"twitter:card\" content=\"summary_large_image\" \/>\n<meta name=\"twitter:site\" content=\"@simpleplancz\" \/>\n<meta name=\"twitter:label1\" content=\"Odhadovan\u00e1 doba \u010dten\u00ed\" \/>\n\t<meta name=\"twitter:data1\" content=\"4 minuty\" \/>\n<script type=\"application\/ld+json\" class=\"yoast-schema-graph\">{\"@context\":\"https:\/\/schema.org\",\"@graph\":[{\"@type\":\"WebPage\",\"@id\":\"https:\/\/www.simpleplan.cz\/cz\/index.php\/lyricscenter\/saturday\/\",\"url\":\"https:\/\/www.simpleplan.cz\/cz\/index.php\/lyricscenter\/saturday\/\",\"name\":\"Saturday | CZ: SimplePlan.cz\",\"isPartOf\":{\"@id\":\"https:\/\/www.simpleplan.cz\/cz\/#website\"},\"datePublished\":\"2016-01-30T11:52:54+00:00\",\"dateModified\":\"2023-06-26T07:30:19+00:00\",\"breadcrumb\":{\"@id\":\"https:\/\/www.simpleplan.cz\/cz\/index.php\/lyricscenter\/saturday\/#breadcrumb\"},\"inLanguage\":\"cs\",\"potentialAction\":[{\"@type\":\"ReadAction\",\"target\":[\"https:\/\/www.simpleplan.cz\/cz\/index.php\/lyricscenter\/saturday\/\"]}]},{\"@type\":\"BreadcrumbList\",\"@id\":\"https:\/\/www.simpleplan.cz\/cz\/index.php\/lyricscenter\/saturday\/#breadcrumb\",\"itemListElement\":[{\"@type\":\"ListItem\",\"position\":1,\"name\":\"Dom\u016f\",\"item\":\"https:\/\/www.simpleplan.cz\/cz\/\"},{\"@type\":\"ListItem\",\"position\":2,\"name\":\"Texty p\u00edsn\u00ed\",\"item\":\"https:\/\/www.simpleplan.cz\/cz\/index.php\/lyricscenter\/\"},{\"@type\":\"ListItem\",\"position\":3,\"name\":\"Saturday\"}]},{\"@type\":\"WebSite\",\"@id\":\"https:\/\/www.simpleplan.cz\/cz\/#website\",\"url\":\"https:\/\/www.simpleplan.cz\/cz\/\",\"name\":\"CZ: SimplePlan.cz\",\"description\":\"Nejlep\u0161\u00ed zdroj informac\u00ed o kapele Simple Plan\",\"publisher\":{\"@id\":\"https:\/\/www.simpleplan.cz\/cz\/#organization\"},\"potentialAction\":[{\"@type\":\"SearchAction\",\"target\":{\"@type\":\"EntryPoint\",\"urlTemplate\":\"https:\/\/www.simpleplan.cz\/cz\/?s={search_term_string}\"},\"query-input\":\"required name=search_term_string\"}],\"inLanguage\":\"cs\"},{\"@type\":\"Organization\",\"@id\":\"https:\/\/www.simpleplan.cz\/cz\/#organization\",\"name\":\"CZ: SimplePlan.cz\",\"url\":\"https:\/\/www.simpleplan.cz\/cz\/\",\"logo\":{\"@type\":\"ImageObject\",\"inLanguage\":\"cs\",\"@id\":\"https:\/\/www.simpleplan.cz\/cz\/#\/schema\/logo\/image\/\",\"url\":\"https:\/\/www.simpleplan.cz\/cz\/wp-content\/uploads\/spczlogo.png\",\"contentUrl\":\"https:\/\/www.simpleplan.cz\/cz\/wp-content\/uploads\/spczlogo.png\",\"width\":250,\"height\":190,\"caption\":\"CZ: SimplePlan.cz\"},\"image\":{\"@id\":\"https:\/\/www.simpleplan.cz\/cz\/#\/schema\/logo\/image\/\"},\"sameAs\":[\"http:\/\/www.facebook.com\/simpleplancz\",\"https:\/\/twitter.com\/simpleplancz\",\"http:\/\/www.instagram.com\/simpleplancz\",\"http:\/\/www.youtube.com\/simpleplancz\"]}]}<\/script>\n<!-- \/ Yoast SEO plugin. -->","yoast_head_json":{"title":"Saturday | CZ: SimplePlan.cz","robots":{"index":"index","follow":"follow","max-snippet":"max-snippet:-1","max-image-preview":"max-image-preview:large","max-video-preview":"max-video-preview:-1"},"canonical":"https:\/\/www.simpleplan.cz\/cz\/index.php\/lyricscenter\/saturday\/","og_locale":"cs_CZ","og_type":"article","og_title":"Saturday | CZ: SimplePlan.cz","og_description":"Z\u00e1kladn\u00ed info Auto\u0159i textu: Pierre Bouvier, Chuck Comeau D\u00e9lka p\u00edsn\u011b: 2>59 Zaj\u00edmavosti &#8211; Skladba &#8218;Saturday&#8216;","og_url":"https:\/\/www.simpleplan.cz\/cz\/index.php\/lyricscenter\/saturday\/","og_site_name":"CZ: SimplePlan.cz","article_publisher":"http:\/\/www.facebook.com\/simpleplancz","article_modified_time":"2023-06-26T07:30:19+00:00","og_image":[{"url":"http:\/\/www.simpleplan.cz\/cz\/wp-content\/uploads\/logo.gif"}],"twitter_card":"summary_large_image","twitter_site":"@simpleplancz","twitter_misc":{"Odhadovan\u00e1 doba \u010dten\u00ed":"4 minuty"},"schema":{"@context":"https:\/\/schema.org","@graph":[{"@type":"WebPage","@id":"https:\/\/www.simpleplan.cz\/cz\/index.php\/lyricscenter\/saturday\/","url":"https:\/\/www.simpleplan.cz\/cz\/index.php\/lyricscenter\/saturday\/","name":"Saturday | CZ: SimplePlan.cz","isPartOf":{"@id":"https:\/\/www.simpleplan.cz\/cz\/#website"},"datePublished":"2016-01-30T11:52:54+00:00","dateModified":"2023-06-26T07:30:19+00:00","breadcrumb":{"@id":"https:\/\/www.simpleplan.cz\/cz\/index.php\/lyricscenter\/saturday\/#breadcrumb"},"inLanguage":"cs","potentialAction":[{"@type":"ReadAction","target":["https:\/\/www.simpleplan.cz\/cz\/index.php\/lyricscenter\/saturday\/"]}]},{"@type":"BreadcrumbList","@id":"https:\/\/www.simpleplan.cz\/cz\/index.php\/lyricscenter\/saturday\/#breadcrumb","itemListElement":[{"@type":"ListItem","position":1,"name":"Dom\u016f","item":"https:\/\/www.simpleplan.cz\/cz\/"},{"@type":"ListItem","position":2,"name":"Texty p\u00edsn\u00ed","item":"https:\/\/www.simpleplan.cz\/cz\/index.php\/lyricscenter\/"},{"@type":"ListItem","position":3,"name":"Saturday"}]},{"@type":"WebSite","@id":"https:\/\/www.simpleplan.cz\/cz\/#website","url":"https:\/\/www.simpleplan.cz\/cz\/","name":"CZ: SimplePlan.cz","description":"Nejlep\u0161\u00ed zdroj informac\u00ed o kapele Simple Plan","publisher":{"@id":"https:\/\/www.simpleplan.cz\/cz\/#organization"},"potentialAction":[{"@type":"SearchAction","target":{"@type":"EntryPoint","urlTemplate":"https:\/\/www.simpleplan.cz\/cz\/?s={search_term_string}"},"query-input":"required name=search_term_string"}],"inLanguage":"cs"},{"@type":"Organization","@id":"https:\/\/www.simpleplan.cz\/cz\/#organization","name":"CZ: SimplePlan.cz","url":"https:\/\/www.simpleplan.cz\/cz\/","logo":{"@type":"ImageObject","inLanguage":"cs","@id":"https:\/\/www.simpleplan.cz\/cz\/#\/schema\/logo\/image\/","url":"https:\/\/www.simpleplan.cz\/cz\/wp-content\/uploads\/spczlogo.png","contentUrl":"https:\/\/www.simpleplan.cz\/cz\/wp-content\/uploads\/spczlogo.png","width":250,"height":190,"caption":"CZ: SimplePlan.cz"},"image":{"@id":"https:\/\/www.simpleplan.cz\/cz\/#\/schema\/logo\/image\/"},"sameAs":["http:\/\/www.facebook.com\/simpleplancz","https:\/\/twitter.com\/simpleplancz","http:\/\/www.instagram.com\/simpleplancz","http:\/\/www.youtube.com\/simpleplancz"]}]}},"_links":{"self":[{"href":"https:\/\/www.simpleplan.cz\/cz\/index.php\/wp-json\/wp\/v2\/pages\/17886"}],"collection":[{"href":"https:\/\/www.simpleplan.cz\/cz\/index.php\/wp-json\/wp\/v2\/pages"}],"about":[{"href":"https:\/\/www.simpleplan.cz\/cz\/index.php\/wp-json\/wp\/v2\/types\/page"}],"author":[{"embeddable":true,"href":"https:\/\/www.simpleplan.cz\/cz\/index.php\/wp-json\/wp\/v2\/users\/5"}],"replies":[{"embeddable":true,"href":"https:\/\/www.simpleplan.cz\/cz\/index.php\/wp-json\/wp\/v2\/comments?post=17886"}],"version-history":[{"count":3,"href":"https:\/\/www.simpleplan.cz\/cz\/index.php\/wp-json\/wp\/v2\/pages\/17886\/revisions"}],"predecessor-version":[{"id":23305,"href":"https:\/\/www.simpleplan.cz\/cz\/index.php\/wp-json\/wp\/v2\/pages\/17886\/revisions\/23305"}],"up":[{"embeddable":true,"href":"https:\/\/www.simpleplan.cz\/cz\/index.php\/wp-json\/wp\/v2\/pages\/15213"}],"wp:attachment":[{"href":"https:\/\/www.simpleplan.cz\/cz\/index.php\/wp-json\/wp\/v2\/media?parent=17886"}],"curies":[{"name":"wp","href":"https:\/\/api.w.org\/{rel}","templated":true}]}}