{"id":18012,"date":"2016-02-07T18:56:15","date_gmt":"2016-02-07T17:56:15","guid":{"rendered":"http:\/\/www.simpleplan.cz\/cz\/?page_id=18012"},"modified":"2023-06-26T09:29:57","modified_gmt":"2023-06-26T07:29:57","slug":"opinion-overload","status":"publish","type":"page","link":"https:\/\/www.simpleplan.cz\/cz\/index.php\/kapela\/diskografie\/opinion-overload\/","title":{"rendered":"Opinion Overload"},"content":{"rendered":"<div class=\"pagecontent\">\n<div class=\"girls\"><b><u>Z\u00e1kladn\u00ed info<\/u><\/b><\/div>\n<p><b>Album:<\/b> Taking One For The Team<br \/>\n<b>Auto\u0159i textu:<\/b> Pierre Bouvier, Chuck Comeau, Nate Campany<br \/>\n<b>D\u00e9lka p\u00edsn\u011b:<\/b> 3:19<br \/>\n<b>Datum vyd\u00e1n\u00ed videoklipu:<\/b> 5. \u00fanora 2016<br \/>\n<b>Obal:<\/b> <a href=\"http:\/\/www.simpleplan.cz\/gallery\/thumbnails.php?album=2160\" target=\"_blank\" rel=\"noopener\">zde<\/a><\/p>\n<div class=\"girls\"><b><u>V\u00fdznam p\u00edsn\u011b<\/u><\/b><\/div>\n<p>Touto p\u00edsn\u00ed se kapela sna\u017eila vyj\u00e1d\u0159it sv\u016fj zp\u016fsob vypo\u0159\u00e1d\u00e1v\u00e1n\u00ed se s kriticismem, co\u017e je pro n\u011b v\u017edy n\u011bco velmi nesnadn\u00e9ho. P\u00edse\u0148 m\u011bla b\u00fdt <b>vyj\u00e1d\u0159en\u00edm vzdoru v\u016f\u010di slov\u016fm kritik\u016f, kte\u0159\u00ed jim \u0159\u00edkali, jak by m\u011bli nebo nem\u011bli jako kapela zn\u00edt.<\/b>. <\/p>\n<blockquote><p><i>&#8222;Je to p\u00edse\u0148, kter\u00e1 by \u010dlov\u011bka m\u011bla posilnit. Je o tom, kdy\u017e \u010dlov\u011bka ji\u017e unavuje poslouchat, co by m\u011bl nebo nem\u011bl d\u011blat, a rozhodne se, \u017ee nejlep\u0161\u00ed bude, kdy\u017e si bude st\u00e1t za sv\u00fdm, a bude si d\u011blat, co chce.&#8220;<\/i><br \/>\n<center>&#8211; Pierre Bouvier &#8211;<\/center><\/p><\/blockquote>\n<div class=\"girls\"><b><u>Videoklip<\/u><\/b><\/div>\n<p><center><iframe width=\"480\" height=\"280\" src=\"https:\/\/www.youtube.com\/embed\/HDklgJ3MCx0\" frameborder=\"0\" allowfullscreen><\/iframe><\/center><\/p>\n<div class=\"girls\"><b><u>Text p\u00edsn\u011b<\/u><\/b><\/div>\n<p><center><br \/>\nSo you think you got me figured out<br \/>\nWon&#8217;t you go ahead and tell me what I&#8217;m all about<br \/>\nYou know I&#8217;m dying to hear it<br \/>\nI&#8217;m getting sick of all the sticks and stones you throw<br \/>\nNow it feels like it&#8217;s opinion overload<br \/>\nI can take it but I&#8217;d rather leave it<\/center><\/p>\n<p><center>Get out of my face<br \/>\nQuit bringing me down<br \/>\nI don&#8217;t care what you say<\/center><\/p>\n<p><center>So what part of that don&#8217;t you understand?<\/center><\/p>\n<p><center>Hey!<\/center><\/p>\n<p><center>I&#8217;m doing things exactly like I want to<br \/>\nWhat part of that don&#8217;t understand?<\/center><\/p>\n<p><center>Hey!<\/center><\/p>\n<p><center>And I don&#8217;t give a damn if you don&#8217;t approve<br \/>\nWhat part of that don&#8217;t you understand?<\/center><\/p>\n<p><center>Hey!<\/center><\/p>\n<p><center>You&#8217;re so tough, throwing punches with your words<br \/>\nYou think you&#8217;re clever<br \/>\nLet me tell you you&#8217;re not the first<br \/>\nSay something I haven&#8217;t heard yet<\/center><\/p>\n<p><center>You&#8217;re disrespectful<br \/>\nAlways quick to judge<br \/>\nI kinda wonder if you&#8217;re doing it just because<br \/>\nIt must be nice being perfect<\/center><\/p>\n<p><center>Get out of my face<br \/>\nQuit bringing me down<br \/>\nI don&#8217;t care what you say<\/center><\/p>\n<p><center>So what part of that don&#8217;t you understand?<\/center><\/p>\n<p><center>Hey!<\/center><\/p>\n<p><center>I&#8217;m doing things exactly like I want to<br \/>\nWhat part of that don&#8217;t understand?<\/center><\/p>\n<p><center>Hey!<\/center><\/p>\n<p><center>And I don&#8217;t give a damn if you don&#8217;t approve<br \/>\nWhat part of that don&#8217;t you understand?<\/center><\/p>\n<p><center>Hey!<\/center><\/p>\n<p><center>I won&#8217;t apologize<br \/>\nFor what I feel inside<br \/>\nI won&#8217;t be pushed around<br \/>\nI won&#8217;t be backing down<br \/>\nNot doing what you say<br \/>\nI&#8217;ll never change my ways<br \/>\nGet out of my face<\/center><\/p>\n<p><center>Hey!<br \/>\nI&#8217;m doing things exactly like I want to<br \/>\nWhat part of that don&#8217;t you understand?<\/center><\/p>\n<p><center>Hey! <\/center><\/p>\n<p><center>And I don&#8217;t give a damn if you don&#8217;t approve<\/center><\/p>\n<p><center>What part of that don&#8217;t you understand?<br \/>\nHey!<\/center><\/p>\n<p><center>(I won&#8217;t apologize for what I feel inside)<\/center><\/p>\n<p><center>What part of that don&#8217;t you understand?<br \/>\nHey!<\/center><\/p>\n<p><center>(Not doing what you say, I&#8217;ll never change my ways)<\/center><\/p>\n<p><center>What part of that don&#8217;t you understand?<\/p>\n<p><\/center><\/p>\n<div class=\"girls\"><b><u>\u010cesk\u00fd p\u0159eklad<\/u><\/b><\/div>\n<p><center><br \/>\nTak ty si mysl\u00ed\u0161, \u017ee jsi m\u011b prokoukl?<br \/>\nPoj\u010f a \u0159ekni mi, co jsem vlastn\u011b za\u010d<br \/>\nTy v\u00ed\u0161, \u017ee um\u00edr\u00e1m touhou to sly\u0161et<br \/>\nJe mi zle z t\u011bch v\u0161ech klack\u016f, kter\u00e9 mi h\u00e1\u017ee\u0161 pod nohy<br \/>\nA te\u010f mi p\u0159ipad\u00e1, \u017ee jsem p\u0159et\u00ed\u017een t\u011bmi v\u0161emi n\u00e1zory<br \/>\nJ\u00e1 to beru, ale rad\u011bji bych to nechal b\u00fdt<\/center><\/p>\n<p><center>Neukazuj se mi<br \/>\nP\u0159esta\u0148 mi kazit n\u00e1ladu<br \/>\nNezaj\u00edm\u00e1 m\u011b, co \u0159\u00edk\u00e1\u0161<\/center><\/p>\n<p><center>Tak co na tom nech\u00e1pe\u0161?<\/center><\/p>\n<p><center>Hey!<\/center><\/p>\n<p><center>D\u011bl\u00e1m v\u0161e p\u0159esn\u011b tak, jak chci<br \/>\nTak co na tom nech\u00e1pe\u0161?<\/center><\/p>\n<p><center>Hey!<\/center><\/p>\n<p><center>Nezaj\u00edm\u00e1 m\u011b, jestli s t\u00edm souhlas\u00ed\u0161<br \/>\nTak co na tom nech\u00e1pe\u0161?<\/center><\/p>\n<p><center>Hey!<\/center><\/p>\n<p><center>Jsi takovej tvr\u010f\u00e1k a sv\u00fdmi slovy mi ud\u011bluje\u0161 r\u00e1ny<br \/>\nMysl\u00ed\u0161 si, \u017ee jsi chytr\u00fd<br \/>\nAle \u0159\u00edk\u00e1m ti, \u017ee nejsi prvn\u00ed<br \/>\nZkus mi \u0159\u00edct n\u011bco, co jsem je\u0161t\u011b nesly\u0161el<\/center><\/p>\n<p><center>Nedok\u00e1\u017ee\u0161 projevit \u017e\u00e1dn\u00fd respekt<br \/>\nV\u017edycky jen rychle soud\u00ed\u0161<br \/>\nTak n\u011bjak zva\u017euji, jestli to d\u011bl\u00e1\u0161 jen tak pro z\u00e1bavu<br \/>\nMus\u00ed b\u00fdt super b\u00fdt tak perfektn\u00ed<\/center><\/p>\n<p><center>Neukazuj se mi<br \/>\nP\u0159esta\u0148 mi kazit n\u00e1ladu<br \/>\nNezaj\u00edm\u00e1 m\u011b, co \u0159\u00edk\u00e1\u0161<\/center><\/p>\n<p><center>Tak co na tom nech\u00e1pe\u0161?<\/center><\/p>\n<p><center>Hey!<\/center><\/p>\n<p><center>D\u011bl\u00e1m v\u0161e p\u0159esn\u011b tak, jak chci<br \/>\nTak co na tom nech\u00e1pe\u0161?<\/center><\/p>\n<p><center>Hey!<\/center><\/p>\n<p><center>Nezaj\u00edm\u00e1 m\u011b, jestli s t\u00edm souhlas\u00ed\u0161<br \/>\nTak co na tom nech\u00e1pe\u0161?<\/center><\/p>\n<p><center>Hey!<\/center><\/p>\n<p><center>Nebudu se omlouvat<br \/>\nZa to, co c\u00edt\u00edm ve sv\u00e9m srdci<br \/>\nNebude\u0161 se mnou m\u00e1vat<br \/>\nNeustoup\u00edm<br \/>\nNebudu d\u011blat, co \u0159\u00edk\u00e1\u0161<br \/>\nNikdy se nezm\u011bn\u00edm<br \/>\nNeukazuj se mi<\/center><\/p>\n<p><center>Hey!<\/center><\/p>\n<p><center>D\u011bl\u00e1m v\u0161e p\u0159esn\u011b tak, jak chci<br \/>\nTak co na tom nech\u00e1pe\u0161?<\/center><\/p>\n<p><center>Hey!<\/center><\/p>\n<p><center>Nezaj\u00edm\u00e1 m\u011b, jestli s t\u00edm souhlas\u00ed\u0161<br \/>\nTak co na tom nech\u00e1pe\u0161?<\/center><\/p>\n<p><center>Hey!<\/center><\/p>\n<p><center>(Nebudu se omlouvat za to, co c\u00edt\u00edm ve sv\u00e9m srdci)<\/center><\/p>\n<p><center>Tak co na tom nech\u00e1pe\u0161?<br \/>\nHey!<\/center><\/p>\n<p><center>(Nebudu d\u011blat, co \u0159\u00edk\u00e1\u0161, nikdy se nezm\u011bn\u00edm)<\/center><\/p>\n<p><center>Tak co na tom nech\u00e1pe\u0161?<br \/>\n<\/center><\/p>\n<\/div>\n<div class=\"fblikebutton_button\" style=\"float: left; padding-top: 20px; margin-right: 20px; padding-bottom: 20px; padding-left: 20px;\"><iframe src=\"http:\/\/www.facebook.com\/plugins\/like.php?href=https%3A%2F%2Fwww.simpleplan.cz%2Fcz%2Findex.php%2Fkapela%2Fdiskografie%2Fopinion-overload%2F&amp;layout=standard&amp;show-faces=false&amp;width=450&amp;action=like&amp;colorscheme=light\" scrolling=\"no\" frameborder=\"0\" allowTransparency=\"true\" style=\"border:none; overflow:hidden; width:450px; height:26px\"><\/iframe><\/div>\n","protected":false},"excerpt":{"rendered":"<p>Z\u00e1kladn\u00ed info Album: Taking One For The Team Auto\u0159i textu: Pierre Bouvier, Chuck Comeau, Nate<\/p>\n","protected":false},"author":5,"featured_media":0,"parent":5273,"menu_order":0,"comment_status":"closed","ping_status":"closed","template":"page-templates\/full-width.php","meta":{"footnotes":""},"yoast_head":"<!-- This site is optimized with the Yoast SEO plugin v20.9 - https:\/\/yoast.com\/wordpress\/plugins\/seo\/ -->\n<title>Opinion Overload | CZ: SimplePlan.cz<\/title>\n<meta name=\"robots\" content=\"index, follow, max-snippet:-1, max-image-preview:large, max-video-preview:-1\" \/>\n<link rel=\"canonical\" href=\"https:\/\/www.simpleplan.cz\/cz\/index.php\/kapela\/diskografie\/opinion-overload\/\" \/>\n<meta property=\"og:locale\" content=\"cs_CZ\" \/>\n<meta property=\"og:type\" content=\"article\" \/>\n<meta property=\"og:title\" content=\"Opinion Overload | CZ: SimplePlan.cz\" \/>\n<meta property=\"og:description\" content=\"Z\u00e1kladn\u00ed info Album: Taking One For The Team Auto\u0159i textu: Pierre Bouvier, Chuck Comeau, Nate\" \/>\n<meta property=\"og:url\" content=\"https:\/\/www.simpleplan.cz\/cz\/index.php\/kapela\/diskografie\/opinion-overload\/\" \/>\n<meta property=\"og:site_name\" content=\"CZ: SimplePlan.cz\" \/>\n<meta property=\"article:publisher\" content=\"http:\/\/www.facebook.com\/simpleplancz\" \/>\n<meta property=\"article:modified_time\" content=\"2023-06-26T07:29:57+00:00\" \/>\n<meta property=\"og:image\" content=\"http:\/\/www.simpleplan.cz\/cz\/wp-content\/uploads\/logo.gif\" \/>\n<meta name=\"twitter:card\" content=\"summary_large_image\" \/>\n<meta name=\"twitter:site\" content=\"@simpleplancz\" \/>\n<meta name=\"twitter:label1\" content=\"Odhadovan\u00e1 doba \u010dten\u00ed\" \/>\n\t<meta name=\"twitter:data1\" content=\"4 minuty\" \/>\n<script type=\"application\/ld+json\" class=\"yoast-schema-graph\">{\"@context\":\"https:\/\/schema.org\",\"@graph\":[{\"@type\":\"WebPage\",\"@id\":\"https:\/\/www.simpleplan.cz\/cz\/index.php\/kapela\/diskografie\/opinion-overload\/\",\"url\":\"https:\/\/www.simpleplan.cz\/cz\/index.php\/kapela\/diskografie\/opinion-overload\/\",\"name\":\"Opinion Overload | CZ: SimplePlan.cz\",\"isPartOf\":{\"@id\":\"https:\/\/www.simpleplan.cz\/cz\/#website\"},\"datePublished\":\"2016-02-07T17:56:15+00:00\",\"dateModified\":\"2023-06-26T07:29:57+00:00\",\"breadcrumb\":{\"@id\":\"https:\/\/www.simpleplan.cz\/cz\/index.php\/kapela\/diskografie\/opinion-overload\/#breadcrumb\"},\"inLanguage\":\"cs\",\"potentialAction\":[{\"@type\":\"ReadAction\",\"target\":[\"https:\/\/www.simpleplan.cz\/cz\/index.php\/kapela\/diskografie\/opinion-overload\/\"]}]},{\"@type\":\"BreadcrumbList\",\"@id\":\"https:\/\/www.simpleplan.cz\/cz\/index.php\/kapela\/diskografie\/opinion-overload\/#breadcrumb\",\"itemListElement\":[{\"@type\":\"ListItem\",\"position\":1,\"name\":\"Dom\u016f\",\"item\":\"https:\/\/www.simpleplan.cz\/cz\/\"},{\"@type\":\"ListItem\",\"position\":2,\"name\":\"Kapela\",\"item\":\"https:\/\/www.simpleplan.cz\/cz\/index.php\/kapela\/\"},{\"@type\":\"ListItem\",\"position\":3,\"name\":\"Diskografie\",\"item\":\"https:\/\/www.simpleplan.cz\/cz\/index.php\/kapela\/diskografie\/\"},{\"@type\":\"ListItem\",\"position\":4,\"name\":\"Opinion Overload\"}]},{\"@type\":\"WebSite\",\"@id\":\"https:\/\/www.simpleplan.cz\/cz\/#website\",\"url\":\"https:\/\/www.simpleplan.cz\/cz\/\",\"name\":\"CZ: SimplePlan.cz\",\"description\":\"Nejlep\u0161\u00ed zdroj informac\u00ed o kapele Simple Plan\",\"publisher\":{\"@id\":\"https:\/\/www.simpleplan.cz\/cz\/#organization\"},\"potentialAction\":[{\"@type\":\"SearchAction\",\"target\":{\"@type\":\"EntryPoint\",\"urlTemplate\":\"https:\/\/www.simpleplan.cz\/cz\/?s={search_term_string}\"},\"query-input\":\"required name=search_term_string\"}],\"inLanguage\":\"cs\"},{\"@type\":\"Organization\",\"@id\":\"https:\/\/www.simpleplan.cz\/cz\/#organization\",\"name\":\"CZ: SimplePlan.cz\",\"url\":\"https:\/\/www.simpleplan.cz\/cz\/\",\"logo\":{\"@type\":\"ImageObject\",\"inLanguage\":\"cs\",\"@id\":\"https:\/\/www.simpleplan.cz\/cz\/#\/schema\/logo\/image\/\",\"url\":\"https:\/\/www.simpleplan.cz\/cz\/wp-content\/uploads\/spczlogo.png\",\"contentUrl\":\"https:\/\/www.simpleplan.cz\/cz\/wp-content\/uploads\/spczlogo.png\",\"width\":250,\"height\":190,\"caption\":\"CZ: SimplePlan.cz\"},\"image\":{\"@id\":\"https:\/\/www.simpleplan.cz\/cz\/#\/schema\/logo\/image\/\"},\"sameAs\":[\"http:\/\/www.facebook.com\/simpleplancz\",\"https:\/\/twitter.com\/simpleplancz\",\"http:\/\/www.instagram.com\/simpleplancz\",\"http:\/\/www.youtube.com\/simpleplancz\"]}]}<\/script>\n<!-- \/ Yoast SEO plugin. -->","yoast_head_json":{"title":"Opinion Overload | CZ: SimplePlan.cz","robots":{"index":"index","follow":"follow","max-snippet":"max-snippet:-1","max-image-preview":"max-image-preview:large","max-video-preview":"max-video-preview:-1"},"canonical":"https:\/\/www.simpleplan.cz\/cz\/index.php\/kapela\/diskografie\/opinion-overload\/","og_locale":"cs_CZ","og_type":"article","og_title":"Opinion Overload | CZ: SimplePlan.cz","og_description":"Z\u00e1kladn\u00ed info Album: Taking One For The Team Auto\u0159i textu: Pierre Bouvier, Chuck Comeau, Nate","og_url":"https:\/\/www.simpleplan.cz\/cz\/index.php\/kapela\/diskografie\/opinion-overload\/","og_site_name":"CZ: SimplePlan.cz","article_publisher":"http:\/\/www.facebook.com\/simpleplancz","article_modified_time":"2023-06-26T07:29:57+00:00","og_image":[{"url":"http:\/\/www.simpleplan.cz\/cz\/wp-content\/uploads\/logo.gif"}],"twitter_card":"summary_large_image","twitter_site":"@simpleplancz","twitter_misc":{"Odhadovan\u00e1 doba \u010dten\u00ed":"4 minuty"},"schema":{"@context":"https:\/\/schema.org","@graph":[{"@type":"WebPage","@id":"https:\/\/www.simpleplan.cz\/cz\/index.php\/kapela\/diskografie\/opinion-overload\/","url":"https:\/\/www.simpleplan.cz\/cz\/index.php\/kapela\/diskografie\/opinion-overload\/","name":"Opinion Overload | CZ: SimplePlan.cz","isPartOf":{"@id":"https:\/\/www.simpleplan.cz\/cz\/#website"},"datePublished":"2016-02-07T17:56:15+00:00","dateModified":"2023-06-26T07:29:57+00:00","breadcrumb":{"@id":"https:\/\/www.simpleplan.cz\/cz\/index.php\/kapela\/diskografie\/opinion-overload\/#breadcrumb"},"inLanguage":"cs","potentialAction":[{"@type":"ReadAction","target":["https:\/\/www.simpleplan.cz\/cz\/index.php\/kapela\/diskografie\/opinion-overload\/"]}]},{"@type":"BreadcrumbList","@id":"https:\/\/www.simpleplan.cz\/cz\/index.php\/kapela\/diskografie\/opinion-overload\/#breadcrumb","itemListElement":[{"@type":"ListItem","position":1,"name":"Dom\u016f","item":"https:\/\/www.simpleplan.cz\/cz\/"},{"@type":"ListItem","position":2,"name":"Kapela","item":"https:\/\/www.simpleplan.cz\/cz\/index.php\/kapela\/"},{"@type":"ListItem","position":3,"name":"Diskografie","item":"https:\/\/www.simpleplan.cz\/cz\/index.php\/kapela\/diskografie\/"},{"@type":"ListItem","position":4,"name":"Opinion Overload"}]},{"@type":"WebSite","@id":"https:\/\/www.simpleplan.cz\/cz\/#website","url":"https:\/\/www.simpleplan.cz\/cz\/","name":"CZ: SimplePlan.cz","description":"Nejlep\u0161\u00ed zdroj informac\u00ed o kapele Simple Plan","publisher":{"@id":"https:\/\/www.simpleplan.cz\/cz\/#organization"},"potentialAction":[{"@type":"SearchAction","target":{"@type":"EntryPoint","urlTemplate":"https:\/\/www.simpleplan.cz\/cz\/?s={search_term_string}"},"query-input":"required name=search_term_string"}],"inLanguage":"cs"},{"@type":"Organization","@id":"https:\/\/www.simpleplan.cz\/cz\/#organization","name":"CZ: SimplePlan.cz","url":"https:\/\/www.simpleplan.cz\/cz\/","logo":{"@type":"ImageObject","inLanguage":"cs","@id":"https:\/\/www.simpleplan.cz\/cz\/#\/schema\/logo\/image\/","url":"https:\/\/www.simpleplan.cz\/cz\/wp-content\/uploads\/spczlogo.png","contentUrl":"https:\/\/www.simpleplan.cz\/cz\/wp-content\/uploads\/spczlogo.png","width":250,"height":190,"caption":"CZ: SimplePlan.cz"},"image":{"@id":"https:\/\/www.simpleplan.cz\/cz\/#\/schema\/logo\/image\/"},"sameAs":["http:\/\/www.facebook.com\/simpleplancz","https:\/\/twitter.com\/simpleplancz","http:\/\/www.instagram.com\/simpleplancz","http:\/\/www.youtube.com\/simpleplancz"]}]}},"_links":{"self":[{"href":"https:\/\/www.simpleplan.cz\/cz\/index.php\/wp-json\/wp\/v2\/pages\/18012"}],"collection":[{"href":"https:\/\/www.simpleplan.cz\/cz\/index.php\/wp-json\/wp\/v2\/pages"}],"about":[{"href":"https:\/\/www.simpleplan.cz\/cz\/index.php\/wp-json\/wp\/v2\/types\/page"}],"author":[{"embeddable":true,"href":"https:\/\/www.simpleplan.cz\/cz\/index.php\/wp-json\/wp\/v2\/users\/5"}],"replies":[{"embeddable":true,"href":"https:\/\/www.simpleplan.cz\/cz\/index.php\/wp-json\/wp\/v2\/comments?post=18012"}],"version-history":[{"count":8,"href":"https:\/\/www.simpleplan.cz\/cz\/index.php\/wp-json\/wp\/v2\/pages\/18012\/revisions"}],"predecessor-version":[{"id":33069,"href":"https:\/\/www.simpleplan.cz\/cz\/index.php\/wp-json\/wp\/v2\/pages\/18012\/revisions\/33069"}],"up":[{"embeddable":true,"href":"https:\/\/www.simpleplan.cz\/cz\/index.php\/wp-json\/wp\/v2\/pages\/5273"}],"wp:attachment":[{"href":"https:\/\/www.simpleplan.cz\/cz\/index.php\/wp-json\/wp\/v2\/media?parent=18012"}],"curies":[{"name":"wp","href":"https:\/\/api.w.org\/{rel}","templated":true}]}}