{"id":18075,"date":"2016-02-13T15:40:58","date_gmt":"2016-02-13T14:40:58","guid":{"rendered":"http:\/\/www.simpleplan.cz\/cz\/?page_id=18075"},"modified":"2023-06-26T09:29:53","modified_gmt":"2023-06-26T07:29:53","slug":"soutez-o-3-cd-simple-plan-taking-one-for-the-team","status":"publish","type":"page","link":"https:\/\/www.simpleplan.cz\/cz\/index.php\/extra\/praha2016\/soutez-o-3-cd-simple-plan-taking-one-for-the-team\/","title":{"rendered":"Sout\u011b\u017e o 3 nov\u00e1 CD Simple Plan &#8211; &#8222;Taking One For The Team&#8220;"},"content":{"rendered":"<div class=\"pagecontent\">\n<p><center><b>SOUT\u011a\u017d UKON\u010cENA! V\u00fdherci se st\u00e1vaj\u00ed: Tereza M. (Fr\u00fddek-M\u00edstek), Vendula V. (Uhersk\u00fd Brod) a Evel\u00edna B. (P\u00edsek)! Gratuluji! <\/b><\/center><\/p>\n<p>V souvislosti s vyd\u00e1n\u00edm nov\u00e9ho alba Simple Plan <b><a href=\"http:\/\/www.simpleplan.cz\/cz\/index.php\/kapela\/diskografie\/info-o-patem-albu\/\">&#8222;Taking One For The Team&#8220;<\/a><\/b>, kter\u00e9 vyjde v p\u00e1tek, 19. \u00fanora, jsem si pro v\u00e1s ve spolupr\u00e1ci s vydavatelstv\u00edm <i>Warner Music<\/i> p\u0159ipravila kreativn\u00ed sout\u011b\u017e o <b>3 kusy pr\u00e1v\u011b tohoto CD<\/b>! A jak\u017ee se m\u016f\u017eete st\u00e1t jedn\u00edm ze t\u0159\u00ed v\u00fdherc\u016f? \u010ct\u011bte d\u00e1l!<\/p>\n<p><center><img decoding=\"async\" src=\"http:\/\/www.simpleplan.cz\/gal\/4568.gif\"><\/center><\/p>\n<div class=\"musichead\">\u00dakol:<\/div>\n<p>Cel\u00e9 nov\u00e9 album Simple Plan se nese ve stylu t\u00fdmov\u00e9ho ducha, fanou\u0161kovstv\u00ed a d\u016fle\u017eitosti dr\u017een\u00ed pohromad\u011b. A pr\u00e1v\u011b t\u00e9to tematiky se budeme dr\u017eet i v sout\u011b\u017ei o <b>3 CD &#8222;Taking One For The Team&#8220;!<\/b> Server SimplePlan.cz je na sc\u00e9n\u011b ji\u017e v\u00edce jak 8 let, a za tu dobu si tato str\u00e1nka z\u00edskala tis\u00edcovky \u010dten\u00e1\u0159\u016f, kte\u0159\u00ed j\u00ed st\u00e1le zachov\u00e1vaj\u00ed p\u0159\u00edze\u0148 &#8211; a to t\u011bmi nejr\u016fzn\u011bj\u0161\u00edmi zp\u016fsoby! Va\u0161\u00edm \u00fakolem je proto <b>vyfotografovat fotografii na t\u00e9ma: &#8222;Jak fand\u00edm SimplePlan.cz&#8220;<\/b>. Fantazii se meze nekladou! Hodnotit se bude kreativita, originalita a zp\u016fsob zapojen\u00ed SimplePlan.cz do v\u00fdsledn\u00e9 fotografie! D\u016fle\u017eit\u00e9 upozorn\u011bn\u00ed: \u00fakolem je vyfotit fotografii, ne p\u0159ipravit grafickou kol\u00e1\u017e. <\/p>\n<p>Inspirac\u00ed v\u00e1m mohou b\u00fdt tyto <a href=\"https:\/\/www.facebook.com\/media\/set\/?set=a.10150587986844776.403975.173702224775&#038;type=3\" target=\"_blank\" rel=\"noopener\">fotografie<\/a>, kter\u00e9 ji\u017e v minulosti n\u011bkte\u0159\u00ed fanou\u0161ci SimplePlan.cz zaslali &#8211; na kter\u00fdch uk\u00e1zali, z jak\u00e9ho pohledu si str\u00e1nky pro\u010d\u00edtaj\u00ed :)  <\/p>\n<div class=\"musichead\">Jak sout\u011b\u017eit:<\/div>\n<p>Na email <b>simpleplancz@seznam.cz<\/b> pod p\u0159edm\u011btem <b>&#8222;SOUT\u011a\u017d&#8220;<\/b> za\u0161lete sout\u011b\u017en\u00ed fotografii, a nezapome\u0148te p\u0159idat tak\u00e9 sv\u00e9 <b>jm\u00e9no, p\u0159\u00edjmen\u00ed, adresu bydli\u0161t\u011b a kontaktn\u00ed e-mail<\/b>. <\/p>\n<p><b>Sout\u011b\u017e trv\u00e1 od soboty 13. \u00fanora do p\u00e1tku 19. \u00fanora do 16 hodin<\/b>. V tu dobu bude z do\u0161l\u00fdch fotografi\u00ed vybr\u00e1no t\u011bch 10 nejkreativn\u011bj\u0161\u00edch (TOP 10), ze kter\u00fdch n\u00e1sledn\u011b vylosuji <b>t\u0159i \u0161\u0165astn\u00e9 v\u00fdherce<\/b>, kter\u00fd ka\u017ed\u00fd z\u00edsk\u00e1 jedno <b>CD &#8222;Taking One For The Team&#8220;<\/b>! Jm\u00e9na v\u00fdherc\u016f budou ozn\u00e1mena na str\u00e1nk\u00e1ch, p\u0159\u00edpadn\u011b i na Facebooku a z\u00e1rove\u0148 budou v\u00fdherci tak\u00e9 kontaktov\u00e1ni e-mailem.<\/p>\n<div class=\"musichead\">\u00dapln\u00e1 pravidla a podm\u00ednky sout\u011b\u017ee:<\/div>\n<p><font size=\"1\">1. Vyhla\u0161ovatelem sout\u011b\u017ee o CD Simple Plan &#8222;Taking One For The Team&#8220; (d\u00e1le jen &#8222;Sout\u011b\u017e&#8220;) je hudebn\u00ed server SimplePlan.cz. Ceny do sout\u011b\u017ee byly v\u011bnov\u00e1ny vydavatelstv\u00edm Warner Music. Sout\u011b\u017e prob\u00edh\u00e1 od 13. 2. do 19. 2. 2016 do 16 hodin.<\/p>\n<p>2. Sout\u011b\u017ee se m\u016f\u017ee za n\u00ed\u017ee uveden\u00fdch podm\u00ednek z\u00fa\u010dastnit ka\u017ed\u00e1 fyzick\u00e1 osoba s\u00eddl\u00edc\u00ed v \u010cesk\u00e9 republice, s v\u00fdjimkou osob, kter\u00e9 jsou v pracovn\u011b-pr\u00e1vn\u00edm \u010di jin\u00e9m obdobn\u00e9m pr\u00e1vn\u00edm vztahu k SimplePlan.cz, spolupracuj\u00edc\u00edch p\u0159\u00edmo \u010di nep\u0159\u00edmo na realizaci Sout\u011b\u017ee, nebo jejich p\u0159\u00edbuzn\u00fdch.<\/p>\n<p>3. \u00dakolem sout\u011b\u017e\u00edc\u00edch je po\u0159\u00eddit a zaslat na e-mailovou adresu simpleplancz@seznam.cz fotografii na t\u00e9ma: &#8222;Jak fand\u00edm SimplePlan.cz&#8220;, a to nejpozd\u011bji do 19. 2. 2016, do 16 hodin. Do p\u0159edm\u011btu zpr\u00e1vy je t\u0159eba uv\u00e9st heslo &#8222;SOUT\u011a\u017d&#8220;, do e-mailu zahrnout p\u0159\u00edm\u00fdm vlo\u017een\u00edm, pomoc\u00ed extern\u00edho odkazu, \u010di jako p\u0159\u00edlohy sout\u011b\u017en\u00ed fotografii, a v textu zpr\u00e1vy uv\u00e9st svoje jm\u00e9no, p\u0159\u00edjmen\u00ed, adresu bydli\u0161t\u011b a e-mailovou adresu. E-maily, kter\u00e9 nebudou obsahovat tyto \u00fadaje, nebudou do Sout\u011b\u017ee za\u0159azeny. Sout\u011b\u017e\u00edc\u00ed berou na v\u011bdom\u00ed a souhlas\u00ed s t\u00edm, \u017ee v p\u0159\u00edpad\u011b v\u00fdhry bude jejich identita v podob\u011b jm\u00e9na, p\u0159\u00edjmen\u00ed a m\u00edsta bydli\u0161t\u011b (m\u011bsta) zve\u0159ejn\u011bna na internetov\u00fdch str\u00e1nk\u00e1ch http:\/\/www.simpleplan.cz, p\u0159\u00edpadn\u011b na Facebooku (www.facebook.com\/simpleplancz). Ostatn\u00ed informace o sout\u011b\u017e\u00edc\u00edch z\u016fstanou d\u016fv\u011brn\u00e9 a nebudou zve\u0159ej\u0148ov\u00e1ny t\u0159et\u00edm osob\u00e1m.<\/p>\n<p>4. Ka\u017ed\u00fd sout\u011b\u017e\u00edc\u00ed m\u016f\u017ee do Sout\u011b\u017ee zaslat pouze jeden e-mail s jednou sout\u011b\u017en\u00ed fotografi\u00ed. Poru\u0161en\u00ed tohoto pravidla je d\u016fvodem pro vylou\u010den\u00ed sout\u011b\u017e\u00edc\u00edho ze Sout\u011b\u017ee.<\/p>\n<p>5. Zasl\u00e1n\u00edm fotografie sout\u011b\u017e\u00edc\u00ed potvrzuje, \u017ee je autorem zaslan\u00e9 fotografie, a \u017ee je tato fotografie p\u016fvodn\u00ed. Z\u00e1rove\u0148 zasl\u00e1n\u00edm fotografie sout\u011b\u017e\u00edc\u00ed d\u00e1v\u00e1 svolen\u00ed k jej\u00edmu p\u0159\u00edpadn\u00e9mu zve\u0159ejn\u011bn\u00ed v souvislosti se sout\u011b\u017e\u00ed a jej\u00edmi v\u00fdsledky na www.simpleplan.cz a na Facebooku (www.facebook.com\/simpleplancz).<\/p>\n<p>6. Ze v\u0161ech sout\u011b\u017e\u00edc\u00edch, kte\u0159\u00ed za\u0161lou sout\u011b\u017en\u00ed fotografii, jejich\u017e e-mail bude obsahovat po\u017eadovan\u00e9 \u00fadaje a bude na uvedenou e-mailovou adresu doru\u010den ve stanoven\u00e9 lh\u016ft\u011b, bude po skon\u010den\u00ed Sout\u011b\u017ee vybr\u00e1no 10 sout\u011b\u017e\u00edc\u00edch, jejich\u017e fotografie budou vyhodnoceny jako nejv\u00edce kreativn\u00ed a origin\u00e1ln\u00ed. Z TOP 10 budou n\u00e1hodn\u011b vylosov\u00e1ni 3 v\u00fdherci, z nich\u017e ka\u017ed\u00fd z\u00edsk\u00e1 CD Simple Plan \u201cTaking One For The Team\u201d. V\u00fdherci budou kontaktov\u00e1ni prost\u0159ednictv\u00edm e-mailu.<\/p>\n<p>7. Ceny budou v\u00fdherc\u016fm zasl\u00e1ny po\u0161tou na jimi uvedenou adresu (bydli\u0161t\u011b) po skon\u010den\u00ed sout\u011b\u017ee. Ceny budou zas\u00edl\u00e1ny pouze na adresy na \u00fazem\u00ed \u010cesk\u00e9 republiky. Nep\u0159evzat\u00e9 ceny propadaj\u00ed bez n\u00e1hrady.<\/p>\n<p>8. SimplePlan.cz si vyhrazuje pr\u00e1vo vylou\u010dit ze Sout\u011b\u017ee sout\u011b\u017e\u00edc\u00edho, u kter\u00e9ho zjist\u00ed nebo bude m\u00edt d\u016fvodn\u00e9 podez\u0159en\u00ed, \u017ee nespl\u0148uje podm\u00ednky \u00fa\u010dasti v Sout\u011b\u017ei stanoven\u00e9 t\u011bmito podm\u00ednkami Sout\u011b\u017ee.<\/p>\n<p>9. SimplePlan.cz si vyhrazuje pr\u00e1vo pravidla Sout\u011b\u017ee a tyto podm\u00ednky sout\u011b\u017ee dle pot\u0159eby m\u011bnit, upravit nebo doplnit, v\u010detn\u011b mo\u017enosti Sout\u011b\u017e prodlou\u017eit, zkr\u00e1tit nebo ji ze z\u00e1va\u017en\u00fdch d\u016fvod\u016f zcela odvolat, a to bez jak\u00fdchkoli n\u00e1rok\u016f sout\u011b\u017e\u00edc\u00edch v\u016f\u010di SimplePlan.cz<\/font><\/p>\n<\/div>\n<div class=\"fblikebutton_button\" style=\"float: left; padding-top: 20px; margin-right: 20px; padding-bottom: 20px; padding-left: 20px;\"><iframe src=\"http:\/\/www.facebook.com\/plugins\/like.php?href=https%3A%2F%2Fwww.simpleplan.cz%2Fcz%2Findex.php%2Fextra%2Fpraha2016%2Fsoutez-o-3-cd-simple-plan-taking-one-for-the-team%2F&amp;layout=standard&amp;show-faces=false&amp;width=450&amp;action=like&amp;colorscheme=light\" scrolling=\"no\" frameborder=\"0\" allowTransparency=\"true\" style=\"border:none; overflow:hidden; width:450px; height:26px\"><\/iframe><\/div>\n","protected":false},"excerpt":{"rendered":"<p>SOUT\u011a\u017d UKON\u010cENA! V\u00fdherci se st\u00e1vaj\u00ed: Tereza M. (Fr\u00fddek-M\u00edstek), Vendula V. (Uhersk\u00fd Brod) a Evel\u00edna B.<\/p>\n","protected":false},"author":5,"featured_media":0,"parent":17526,"menu_order":0,"comment_status":"closed","ping_status":"closed","template":"","meta":{"footnotes":""},"yoast_head":"<!-- This site is optimized with the Yoast SEO plugin v20.9 - https:\/\/yoast.com\/wordpress\/plugins\/seo\/ -->\n<title>Sout\u011b\u017e o 3 nov\u00e1 CD Simple Plan - &quot;Taking One For The Team&quot; | CZ: SimplePlan.cz<\/title>\n<meta name=\"robots\" content=\"index, follow, max-snippet:-1, max-image-preview:large, max-video-preview:-1\" \/>\n<link rel=\"canonical\" href=\"https:\/\/www.simpleplan.cz\/cz\/index.php\/extra\/praha2016\/soutez-o-3-cd-simple-plan-taking-one-for-the-team\/\" \/>\n<meta property=\"og:locale\" content=\"cs_CZ\" \/>\n<meta property=\"og:type\" content=\"article\" \/>\n<meta property=\"og:title\" content=\"Sout\u011b\u017e o 3 nov\u00e1 CD Simple Plan - &quot;Taking One For The Team&quot; | CZ: SimplePlan.cz\" \/>\n<meta property=\"og:description\" content=\"SOUT\u011a\u017d UKON\u010cENA! V\u00fdherci se st\u00e1vaj\u00ed: Tereza M. (Fr\u00fddek-M\u00edstek), Vendula V. (Uhersk\u00fd Brod) a Evel\u00edna B.\" \/>\n<meta property=\"og:url\" content=\"https:\/\/www.simpleplan.cz\/cz\/index.php\/extra\/praha2016\/soutez-o-3-cd-simple-plan-taking-one-for-the-team\/\" \/>\n<meta property=\"og:site_name\" content=\"CZ: SimplePlan.cz\" \/>\n<meta property=\"article:publisher\" content=\"http:\/\/www.facebook.com\/simpleplancz\" \/>\n<meta property=\"article:modified_time\" content=\"2023-06-26T07:29:53+00:00\" \/>\n<meta property=\"og:image\" content=\"http:\/\/www.simpleplan.cz\/gal\/4568.gif\" \/>\n<meta name=\"twitter:card\" content=\"summary_large_image\" \/>\n<meta name=\"twitter:site\" content=\"@simpleplancz\" \/>\n<meta name=\"twitter:label1\" content=\"Odhadovan\u00e1 doba \u010dten\u00ed\" \/>\n\t<meta name=\"twitter:data1\" content=\"5 minut\" \/>\n<script type=\"application\/ld+json\" class=\"yoast-schema-graph\">{\"@context\":\"https:\/\/schema.org\",\"@graph\":[{\"@type\":\"WebPage\",\"@id\":\"https:\/\/www.simpleplan.cz\/cz\/index.php\/extra\/praha2016\/soutez-o-3-cd-simple-plan-taking-one-for-the-team\/\",\"url\":\"https:\/\/www.simpleplan.cz\/cz\/index.php\/extra\/praha2016\/soutez-o-3-cd-simple-plan-taking-one-for-the-team\/\",\"name\":\"Sout\u011b\u017e o 3 nov\u00e1 CD Simple Plan - \\\"Taking One For The Team\\\" | CZ: SimplePlan.cz\",\"isPartOf\":{\"@id\":\"https:\/\/www.simpleplan.cz\/cz\/#website\"},\"datePublished\":\"2016-02-13T14:40:58+00:00\",\"dateModified\":\"2023-06-26T07:29:53+00:00\",\"breadcrumb\":{\"@id\":\"https:\/\/www.simpleplan.cz\/cz\/index.php\/extra\/praha2016\/soutez-o-3-cd-simple-plan-taking-one-for-the-team\/#breadcrumb\"},\"inLanguage\":\"cs\",\"potentialAction\":[{\"@type\":\"ReadAction\",\"target\":[\"https:\/\/www.simpleplan.cz\/cz\/index.php\/extra\/praha2016\/soutez-o-3-cd-simple-plan-taking-one-for-the-team\/\"]}]},{\"@type\":\"BreadcrumbList\",\"@id\":\"https:\/\/www.simpleplan.cz\/cz\/index.php\/extra\/praha2016\/soutez-o-3-cd-simple-plan-taking-one-for-the-team\/#breadcrumb\",\"itemListElement\":[{\"@type\":\"ListItem\",\"position\":1,\"name\":\"Dom\u016f\",\"item\":\"https:\/\/www.simpleplan.cz\/cz\/\"},{\"@type\":\"ListItem\",\"position\":2,\"name\":\"Extra\",\"item\":\"https:\/\/www.simpleplan.cz\/cz\/index.php\/extra\/\"},{\"@type\":\"ListItem\",\"position\":3,\"name\":\"Koncert Simple Plan v Praze \u2013 05.03.2016\",\"item\":\"https:\/\/www.simpleplan.cz\/cz\/index.php\/extra\/praha2016\/\"},{\"@type\":\"ListItem\",\"position\":4,\"name\":\"Sout\u011b\u017e o 3 nov\u00e1 CD Simple Plan &#8211; &#8222;Taking One For The Team&#8220;\"}]},{\"@type\":\"WebSite\",\"@id\":\"https:\/\/www.simpleplan.cz\/cz\/#website\",\"url\":\"https:\/\/www.simpleplan.cz\/cz\/\",\"name\":\"CZ: SimplePlan.cz\",\"description\":\"Nejlep\u0161\u00ed zdroj informac\u00ed o kapele Simple Plan\",\"publisher\":{\"@id\":\"https:\/\/www.simpleplan.cz\/cz\/#organization\"},\"potentialAction\":[{\"@type\":\"SearchAction\",\"target\":{\"@type\":\"EntryPoint\",\"urlTemplate\":\"https:\/\/www.simpleplan.cz\/cz\/?s={search_term_string}\"},\"query-input\":\"required name=search_term_string\"}],\"inLanguage\":\"cs\"},{\"@type\":\"Organization\",\"@id\":\"https:\/\/www.simpleplan.cz\/cz\/#organization\",\"name\":\"CZ: SimplePlan.cz\",\"url\":\"https:\/\/www.simpleplan.cz\/cz\/\",\"logo\":{\"@type\":\"ImageObject\",\"inLanguage\":\"cs\",\"@id\":\"https:\/\/www.simpleplan.cz\/cz\/#\/schema\/logo\/image\/\",\"url\":\"https:\/\/www.simpleplan.cz\/cz\/wp-content\/uploads\/spczlogo.png\",\"contentUrl\":\"https:\/\/www.simpleplan.cz\/cz\/wp-content\/uploads\/spczlogo.png\",\"width\":250,\"height\":190,\"caption\":\"CZ: SimplePlan.cz\"},\"image\":{\"@id\":\"https:\/\/www.simpleplan.cz\/cz\/#\/schema\/logo\/image\/\"},\"sameAs\":[\"http:\/\/www.facebook.com\/simpleplancz\",\"https:\/\/twitter.com\/simpleplancz\",\"http:\/\/www.instagram.com\/simpleplancz\",\"http:\/\/www.youtube.com\/simpleplancz\"]}]}<\/script>\n<!-- \/ Yoast SEO plugin. -->","yoast_head_json":{"title":"Sout\u011b\u017e o 3 nov\u00e1 CD Simple Plan - \"Taking One For The Team\" | CZ: SimplePlan.cz","robots":{"index":"index","follow":"follow","max-snippet":"max-snippet:-1","max-image-preview":"max-image-preview:large","max-video-preview":"max-video-preview:-1"},"canonical":"https:\/\/www.simpleplan.cz\/cz\/index.php\/extra\/praha2016\/soutez-o-3-cd-simple-plan-taking-one-for-the-team\/","og_locale":"cs_CZ","og_type":"article","og_title":"Sout\u011b\u017e o 3 nov\u00e1 CD Simple Plan - \"Taking One For The Team\" | CZ: SimplePlan.cz","og_description":"SOUT\u011a\u017d UKON\u010cENA! V\u00fdherci se st\u00e1vaj\u00ed: Tereza M. (Fr\u00fddek-M\u00edstek), Vendula V. (Uhersk\u00fd Brod) a Evel\u00edna B.","og_url":"https:\/\/www.simpleplan.cz\/cz\/index.php\/extra\/praha2016\/soutez-o-3-cd-simple-plan-taking-one-for-the-team\/","og_site_name":"CZ: SimplePlan.cz","article_publisher":"http:\/\/www.facebook.com\/simpleplancz","article_modified_time":"2023-06-26T07:29:53+00:00","og_image":[{"url":"http:\/\/www.simpleplan.cz\/gal\/4568.gif"}],"twitter_card":"summary_large_image","twitter_site":"@simpleplancz","twitter_misc":{"Odhadovan\u00e1 doba \u010dten\u00ed":"5 minut"},"schema":{"@context":"https:\/\/schema.org","@graph":[{"@type":"WebPage","@id":"https:\/\/www.simpleplan.cz\/cz\/index.php\/extra\/praha2016\/soutez-o-3-cd-simple-plan-taking-one-for-the-team\/","url":"https:\/\/www.simpleplan.cz\/cz\/index.php\/extra\/praha2016\/soutez-o-3-cd-simple-plan-taking-one-for-the-team\/","name":"Sout\u011b\u017e o 3 nov\u00e1 CD Simple Plan - \"Taking One For The Team\" | CZ: SimplePlan.cz","isPartOf":{"@id":"https:\/\/www.simpleplan.cz\/cz\/#website"},"datePublished":"2016-02-13T14:40:58+00:00","dateModified":"2023-06-26T07:29:53+00:00","breadcrumb":{"@id":"https:\/\/www.simpleplan.cz\/cz\/index.php\/extra\/praha2016\/soutez-o-3-cd-simple-plan-taking-one-for-the-team\/#breadcrumb"},"inLanguage":"cs","potentialAction":[{"@type":"ReadAction","target":["https:\/\/www.simpleplan.cz\/cz\/index.php\/extra\/praha2016\/soutez-o-3-cd-simple-plan-taking-one-for-the-team\/"]}]},{"@type":"BreadcrumbList","@id":"https:\/\/www.simpleplan.cz\/cz\/index.php\/extra\/praha2016\/soutez-o-3-cd-simple-plan-taking-one-for-the-team\/#breadcrumb","itemListElement":[{"@type":"ListItem","position":1,"name":"Dom\u016f","item":"https:\/\/www.simpleplan.cz\/cz\/"},{"@type":"ListItem","position":2,"name":"Extra","item":"https:\/\/www.simpleplan.cz\/cz\/index.php\/extra\/"},{"@type":"ListItem","position":3,"name":"Koncert Simple Plan v Praze \u2013 05.03.2016","item":"https:\/\/www.simpleplan.cz\/cz\/index.php\/extra\/praha2016\/"},{"@type":"ListItem","position":4,"name":"Sout\u011b\u017e o 3 nov\u00e1 CD Simple Plan &#8211; &#8222;Taking One For The Team&#8220;"}]},{"@type":"WebSite","@id":"https:\/\/www.simpleplan.cz\/cz\/#website","url":"https:\/\/www.simpleplan.cz\/cz\/","name":"CZ: SimplePlan.cz","description":"Nejlep\u0161\u00ed zdroj informac\u00ed o kapele Simple Plan","publisher":{"@id":"https:\/\/www.simpleplan.cz\/cz\/#organization"},"potentialAction":[{"@type":"SearchAction","target":{"@type":"EntryPoint","urlTemplate":"https:\/\/www.simpleplan.cz\/cz\/?s={search_term_string}"},"query-input":"required name=search_term_string"}],"inLanguage":"cs"},{"@type":"Organization","@id":"https:\/\/www.simpleplan.cz\/cz\/#organization","name":"CZ: SimplePlan.cz","url":"https:\/\/www.simpleplan.cz\/cz\/","logo":{"@type":"ImageObject","inLanguage":"cs","@id":"https:\/\/www.simpleplan.cz\/cz\/#\/schema\/logo\/image\/","url":"https:\/\/www.simpleplan.cz\/cz\/wp-content\/uploads\/spczlogo.png","contentUrl":"https:\/\/www.simpleplan.cz\/cz\/wp-content\/uploads\/spczlogo.png","width":250,"height":190,"caption":"CZ: SimplePlan.cz"},"image":{"@id":"https:\/\/www.simpleplan.cz\/cz\/#\/schema\/logo\/image\/"},"sameAs":["http:\/\/www.facebook.com\/simpleplancz","https:\/\/twitter.com\/simpleplancz","http:\/\/www.instagram.com\/simpleplancz","http:\/\/www.youtube.com\/simpleplancz"]}]}},"_links":{"self":[{"href":"https:\/\/www.simpleplan.cz\/cz\/index.php\/wp-json\/wp\/v2\/pages\/18075"}],"collection":[{"href":"https:\/\/www.simpleplan.cz\/cz\/index.php\/wp-json\/wp\/v2\/pages"}],"about":[{"href":"https:\/\/www.simpleplan.cz\/cz\/index.php\/wp-json\/wp\/v2\/types\/page"}],"author":[{"embeddable":true,"href":"https:\/\/www.simpleplan.cz\/cz\/index.php\/wp-json\/wp\/v2\/users\/5"}],"replies":[{"embeddable":true,"href":"https:\/\/www.simpleplan.cz\/cz\/index.php\/wp-json\/wp\/v2\/comments?post=18075"}],"version-history":[{"count":15,"href":"https:\/\/www.simpleplan.cz\/cz\/index.php\/wp-json\/wp\/v2\/pages\/18075\/revisions"}],"predecessor-version":[{"id":33042,"href":"https:\/\/www.simpleplan.cz\/cz\/index.php\/wp-json\/wp\/v2\/pages\/18075\/revisions\/33042"}],"up":[{"embeddable":true,"href":"https:\/\/www.simpleplan.cz\/cz\/index.php\/wp-json\/wp\/v2\/pages\/17526"}],"wp:attachment":[{"href":"https:\/\/www.simpleplan.cz\/cz\/index.php\/wp-json\/wp\/v2\/media?parent=18075"}],"curies":[{"name":"wp","href":"https:\/\/api.w.org\/{rel}","templated":true}]}}