{"id":18187,"date":"2016-02-19T09:01:47","date_gmt":"2016-02-19T08:01:47","guid":{"rendered":"http:\/\/www.simpleplan.cz\/cz\/?page_id=18187"},"modified":"2023-06-26T09:29:57","modified_gmt":"2023-06-26T07:29:57","slug":"kiss-me-like-nobodys-watching","status":"publish","type":"page","link":"https:\/\/www.simpleplan.cz\/cz\/index.php\/kapela\/diskografie\/kiss-me-like-nobodys-watching\/","title":{"rendered":"Kiss Me Like Nobody&#8217;s Watching"},"content":{"rendered":"<div class=\"pagecontent\">\n<div class=\"girls\"><b><u>Z\u00e1kladn\u00ed info<\/u><\/b><\/div>\n<p><b>Album:<\/b> Taking One For The Team<br \/>\n<b>Auto\u0159i textu:<\/b> Pierre Bouvier, Chuck Comeau<br \/>\n<b>D\u00e9lka p\u00edsn\u011b:<\/b> 3:23<\/p>\n<div class=\"girls\"><b><u>V\u00fdznam p\u00edsn\u011b<\/u><\/b><\/div>\n<blockquote><p><i>&#8222;Je to p\u00edse\u0148, kter\u00e1 byla tak trochu ovlivn\u011bna mou l\u00e1skou k hudb\u011b Toma Pettyho a je o tom, kdy\u017e je <b>\u010dlov\u011bk hrd\u00fd na to, koho miluje, a chce to uk\u00e1zat cel\u00e9mu sv\u011btu<\/b>. A pro m\u011b je tam je\u0161t\u011b jeden <b>skryt\u00fd v\u00fdznam<\/b>, a to, \u017ee tato p\u00edse\u0148 m\u016f\u017ee b\u00fdt tak\u00e9 o lidech, kte\u0159\u00ed jsou v trochu nekonven\u010dn\u00edch situac\u00edch co se t\u00fd\u010de l\u00e1sky &#8211; a\u0165 u\u017e z pohledu mezirasov\u00e9ho nebo odli\u0161n\u00fdch sexualit. Je to o tom, \u017ee si \u010dlov\u011bk \u0159ekne: &#8218;Je mi jedno, co si lid\u00e9 mysl\u00ed. J\u00e1 tohoto \u010dlov\u011bka miluju.'&#8220;<\/i><br \/>\n<center>&#8211; Pierre Bouvier &#8211; <\/center><\/p><\/blockquote>\n<div class=\"girls\"><b><u>Text p\u00edsn\u011b<\/u><\/b><\/div>\n<p><center><br \/>\nI wanna paint it on every wall<br \/>\n(Every wall)<br \/>\nAnd shout it out up and down the halls<br \/>\nWhoa-whoa-whoa<br \/>\nI wanna post it in shining lights<br \/>\n(Shining light)<br \/>\nCause I just can&#8217;t keep it bottled up inside<\/center><\/p>\n<p><center>I wanna call up every single person that I know<br \/>\nWrite a song and play it on the radio<br \/>\nStick a message in the bottle<br \/>\nThen I let it go<br \/>\nWhoa-whoa-whoa<\/center><\/p>\n<p><center>I don&#8217;t care what people might think<br \/>\nI got your name in permanent ink<br \/>\nCause baby this ship ain&#8217;t never gonna sink<br \/>\nWhoa-whoa<\/center><\/p>\n<p><center>So kiss me<br \/>\nLike nobody&#8217;s watching<br \/>\nYeah, people are talking<br \/>\nIt doesn&#8217;t matter what they say<\/center><\/p>\n<p><center>Just kiss me<br \/>\n(Just kiss me)<br \/>\nIn the middle of the street<br \/>\nTo let the whole world see<br \/>\nThat there&#8217;s nobody else for me<br \/>\nNa-na-na-na-na-na<br \/>\nNa-na-na-na-na-na<br \/>\nNa-na-na-na-na-na<br \/>\nThere&#8217;s nobody else for me<\/center><\/p>\n<p><center>People around us are cynical<br \/>\n(Cynical)<br \/>\nGo ahead and say that we&#8217;re typical<br \/>\nOh-oh-oh-oh-oh<\/center><\/p>\n<p><center>&#8222;True love is dead&#8220;<br \/>\nWell, that&#8217;s a lie<br \/>\n(That&#8217;s a lie)<br \/>\nCause we&#8217;ll be together till the end of time<\/center><\/p>\n<p><center>Now I&#8217;m burning up<br \/>\nI&#8217;m speaking in tongues<br \/>\nListen to my heart<br \/>\nIt&#8217;s beating like a drum<br \/>\nI&#8217;m screaming your name at the top of my lungs<br \/>\nWhoa-whoa-whoa<\/center><\/p>\n<p><center>I don&#8217;t care what people might think<br \/>\nI got your name in permanent ink<br \/>\nCause baby this ship ain&#8217;t never gonna sink<\/center><\/p>\n<p><center>So kiss me<br \/>\nLike nobody&#8217;s watching<br \/>\nYeah, people are talking<br \/>\nIt doesn&#8217;t matter what they say<\/center><\/p>\n<p><center>Just kiss me<br \/>\n(Just kiss me)<br \/>\nIn the middle of the street<br \/>\nTo let the whole world see<br \/>\nThat there&#8217;s nobody else for me<br \/>\nNa-na-na-na-na-na<br \/>\nNa-na-na-na-na-na<br \/>\nNa-na-na-na-na-na<br \/>\nThere&#8217;s nobody else for me<\/center><\/p>\n<p><center>I wanna call up every single person that I know<br \/>\nWrite a song and play it on the radio<br \/>\nI don&#8217;t care what people might think<br \/>\nI got your name in permanent ink<br \/>\nCause baby this ship ain&#8217;t never gonna sink<\/center><\/p>\n<p><center>So kiss me<br \/>\nLike nobody&#8217;s watching<br \/>\nYeah, people are talking<br \/>\nIt doesn&#8217;t matter what they say<\/center><\/p>\n<p><center>Just kiss me<br \/>\n(Just kiss me)<br \/>\nIn the middle of the street<br \/>\nTo let the whole world see<br \/>\nThat there&#8217;s nobody else for me<br \/>\nNa-na-na-na-na-na<br \/>\nNa-na-na-na-na-na<br \/>\nFor me<br \/>\nNa-na-na-na-na-na<\/center><\/p>\n<p><center>There&#8217;s nobody else for me<br \/>\nNa-na-na-na-na-na<br \/>\nNa-na-na-na-na-na<br \/>\nFor me<br \/>\nNa-na-na-na-na-na<br \/>\nThere&#8217;s nobody else for me<\/p>\n<p><\/center><\/p>\n<div class=\"girls\"><b><u>\u010cesk\u00fd p\u0159eklad<\/u><\/b><\/div>\n<p><center><br \/>\nChci to napsat na ka\u017eou ze\u010f<br \/>\n(Ka\u017edou ze\u010f)<br \/>\nA vyk\u0159i\u010det to do v\u0161ech pater<br \/>\nWhoa-whoa-whoa<br \/>\nChci to vyv\u011bsit na sv\u011bteln\u00e9m n\u00e1pise<br \/>\n(Sv\u011bteln\u00e9m n\u00e1pise)<br \/>\nProto\u017ee to u\u017e v sob\u011b nedok\u00e1\u017eu d\u00e9le udr\u017eet<\/center><\/p>\n<p><center>Chci zavolat ka\u017ed\u00e9mu, koho zn\u00e1m<br \/>\nSlo\u017eit p\u00edse\u0148 a nechat ji zahr\u00e1t v r\u00e1diu<br \/>\nVlo\u017eit zpr\u00e1vu do l\u00e1hve<br \/>\nA nechat ji plavat<br \/>\nWhoa-whoa-whoa<\/center><\/p>\n<p><center>Je mi jedno, co si lid\u00e9 pomysl\u00ed<br \/>\nM\u00e1m tv\u00e9 jm\u00e9no nav\u017edy vytetov\u00e1no<br \/>\nProto\u017ee l\u00e1sko, tahle lo\u010f se nikdy nepotop\u00ed<br \/>\nWhoa-whoa<\/center><\/p>\n<p><center>Tak m\u011b polib<br \/>\nJako kdyby se nikdo ned\u00edval<br \/>\nJo, lidi n\u00e1s budou pomlouvat<br \/>\nAle je jedno, co \u0159\u00edkaj\u00ed<\/center><\/p>\n<p><center>Prost\u011b m\u011b polib<br \/>\n(Prost\u011b m\u011b polib)<br \/>\nUprost\u0159ed ulice<br \/>\nAbychom dali cel\u00e9mu sv\u011btu najevo<br \/>\n\u017de tu pro m\u011b jin\u00e9 nen\u00ed<br \/>\nNa-na-na-na-na-na<br \/>\nNa-na-na-na-na-na<br \/>\nNa-na-na-na-na-na<br \/>\n\u017de tu pro m\u011b jin\u00e9 nen\u00ed<\/center><\/p>\n<p><center>Lid\u00e9 kolem m\u011b jsou cyni\u010dt\u00ed<br \/>\n(Cyni\u010dt\u00ed)<br \/>\nDo toho, \u0159ekni, \u017ee jsme typi\u010dt\u00ed<br \/>\nOh-oh-oh-oh-oh<\/center><\/p>\n<p><center>&#8222;Prav\u00e1 l\u00e1ska je mrtv\u00e1&#8220;<br \/>\nNo tak to je le\u017e<br \/>\n(To je le\u017e)<br \/>\nProto\u017ee my spolu budeme a\u017e do konce v\u011bk\u016f<\/center><\/p>\n<p><center>Te\u010f \u00fapln\u011b ho\u0159\u00edm<br \/>\nA mluv\u00edm nesmysly<br \/>\nPoslechni si m\u00e9 srdce<br \/>\nBije jako o z\u00e1vod<br \/>\nK\u0159i\u010d\u00edm tv\u00e9 jm\u00e9no z pln\u00fdch plic<br \/>\nWhoa-whoa-whoa<\/center><\/p>\n<p><center>Je mi jedno, co si lid\u00e9 pomysl\u00ed<br \/>\nM\u00e1m tv\u00e9 jm\u00e9no nav\u017edy vytetov\u00e1no<br \/>\nProto\u017ee l\u00e1sko, tahle lo\u010f se nikdy nepotop\u00ed<br \/>\nWhoa-whoa<\/center><\/p>\n<p><center>Tak m\u011b polib<br \/>\nJako kdyby se nikdo ned\u00edval<br \/>\nJo, lidi n\u00e1s budou pomlouvat<br \/>\nAle je jedno, co \u0159\u00edkaj\u00ed<\/center><\/p>\n<p><center>Prost\u011b m\u011b polib<br \/>\n(Prost\u011b m\u011b polib)<br \/>\nUprost\u0159ed ulice<br \/>\nAbychom dali cel\u00e9mu sv\u011btu najevo<br \/>\n\u017de tu pro m\u011b jin\u00e9 nen\u00ed<br \/>\nNa-na-na-na-na-na<br \/>\nNa-na-na-na-na-na<br \/>\nNa-na-na-na-na-na<br \/>\n\u017de tu pro m\u011b jin\u00e9 nen\u00ed<\/center><\/p>\n<p><center>Chci zavolat ka\u017ed\u00e9mu, koho zn\u00e1m<br \/>\nSlo\u017eit p\u00edse\u0148 a nechat ji zahr\u00e1t v r\u00e1diu<br \/>\nJe mi jedno, co si lid\u00e9 mysl\u00ed<br \/>\nM\u00e1m tv\u00e9 jm\u00e9no nav\u017edy vytetov\u00e1no<br \/>\nProto\u017ee l\u00e1sko, tahle lo\u010f se nikdy nepotop\u00ed<\/center><\/p>\n<p><center>Tak m\u011b polib<br \/>\nJako kdyby se nikdo ned\u00edval<br \/>\nJo, lidi n\u00e1s budou pomlouvat<br \/>\nAle je jedno, co \u0159\u00edkaj\u00ed<\/center><\/p>\n<p><center>Prost\u011b m\u011b polib<br \/>\n(Prost\u011b m\u011b polib)<br \/>\nUprost\u0159ed ulice<br \/>\nAbychom dali cel\u00e9mu sv\u011btu najevo<br \/>\n\u017de tu pro m\u011b jin\u00e9 nen\u00ed<br \/>\nNa-na-na-na-na-na<br \/>\nNa-na-na-na-na-na<br \/>\nNen\u00ed<br \/>\nNa-na-na-na-na-na<\/center><\/p>\n<p><center>Jin\u00e9 tu pro m\u011b nen\u00ed<br \/>\nNa-na-na-na-na-na<br \/>\nNa-na-na-na-na-na<br \/>\nNen\u00ed<br \/>\nNa-na-na-na-na-na<br \/>\nJin\u00e9 tu pro m\u011b nen\u00ed<\/p>\n<p><\/center><\/p>\n<\/div>\n<div class=\"fblikebutton_button\" style=\"float: left; padding-top: 20px; margin-right: 20px; padding-bottom: 20px; padding-left: 20px;\"><iframe src=\"http:\/\/www.facebook.com\/plugins\/like.php?href=https%3A%2F%2Fwww.simpleplan.cz%2Fcz%2Findex.php%2Fkapela%2Fdiskografie%2Fkiss-me-like-nobodys-watching%2F&amp;layout=standard&amp;show-faces=false&amp;width=450&amp;action=like&amp;colorscheme=light\" scrolling=\"no\" frameborder=\"0\" allowTransparency=\"true\" style=\"border:none; overflow:hidden; width:450px; height:26px\"><\/iframe><\/div>\n","protected":false},"excerpt":{"rendered":"<p>Z\u00e1kladn\u00ed info Album: Taking One For The Team Auto\u0159i textu: Pierre Bouvier, Chuck Comeau D\u00e9lka<\/p>\n","protected":false},"author":5,"featured_media":0,"parent":5273,"menu_order":0,"comment_status":"closed","ping_status":"closed","template":"page-templates\/full-width.php","meta":{"footnotes":""},"yoast_head":"<!-- This site is optimized with the Yoast SEO plugin v20.9 - https:\/\/yoast.com\/wordpress\/plugins\/seo\/ -->\n<title>Kiss Me Like Nobody&#039;s Watching | CZ: SimplePlan.cz<\/title>\n<meta name=\"robots\" content=\"index, follow, max-snippet:-1, max-image-preview:large, max-video-preview:-1\" \/>\n<link rel=\"canonical\" href=\"https:\/\/www.simpleplan.cz\/cz\/index.php\/kapela\/diskografie\/kiss-me-like-nobodys-watching\/\" \/>\n<meta property=\"og:locale\" content=\"cs_CZ\" \/>\n<meta property=\"og:type\" content=\"article\" \/>\n<meta property=\"og:title\" content=\"Kiss Me Like Nobody&#039;s Watching | CZ: SimplePlan.cz\" \/>\n<meta property=\"og:description\" content=\"Z\u00e1kladn\u00ed info Album: Taking One For The Team Auto\u0159i textu: Pierre Bouvier, Chuck Comeau D\u00e9lka\" \/>\n<meta property=\"og:url\" content=\"https:\/\/www.simpleplan.cz\/cz\/index.php\/kapela\/diskografie\/kiss-me-like-nobodys-watching\/\" \/>\n<meta property=\"og:site_name\" content=\"CZ: SimplePlan.cz\" \/>\n<meta property=\"article:publisher\" content=\"http:\/\/www.facebook.com\/simpleplancz\" \/>\n<meta property=\"article:modified_time\" content=\"2023-06-26T07:29:57+00:00\" \/>\n<meta property=\"og:image\" content=\"http:\/\/www.simpleplan.cz\/cz\/wp-content\/uploads\/logo.gif\" \/>\n<meta name=\"twitter:card\" content=\"summary_large_image\" \/>\n<meta name=\"twitter:site\" content=\"@simpleplancz\" \/>\n<meta name=\"twitter:label1\" content=\"Odhadovan\u00e1 doba \u010dten\u00ed\" \/>\n\t<meta name=\"twitter:data1\" content=\"5 minut\" \/>\n<script type=\"application\/ld+json\" class=\"yoast-schema-graph\">{\"@context\":\"https:\/\/schema.org\",\"@graph\":[{\"@type\":\"WebPage\",\"@id\":\"https:\/\/www.simpleplan.cz\/cz\/index.php\/kapela\/diskografie\/kiss-me-like-nobodys-watching\/\",\"url\":\"https:\/\/www.simpleplan.cz\/cz\/index.php\/kapela\/diskografie\/kiss-me-like-nobodys-watching\/\",\"name\":\"Kiss Me Like Nobody's Watching | CZ: SimplePlan.cz\",\"isPartOf\":{\"@id\":\"https:\/\/www.simpleplan.cz\/cz\/#website\"},\"datePublished\":\"2016-02-19T08:01:47+00:00\",\"dateModified\":\"2023-06-26T07:29:57+00:00\",\"breadcrumb\":{\"@id\":\"https:\/\/www.simpleplan.cz\/cz\/index.php\/kapela\/diskografie\/kiss-me-like-nobodys-watching\/#breadcrumb\"},\"inLanguage\":\"cs\",\"potentialAction\":[{\"@type\":\"ReadAction\",\"target\":[\"https:\/\/www.simpleplan.cz\/cz\/index.php\/kapela\/diskografie\/kiss-me-like-nobodys-watching\/\"]}]},{\"@type\":\"BreadcrumbList\",\"@id\":\"https:\/\/www.simpleplan.cz\/cz\/index.php\/kapela\/diskografie\/kiss-me-like-nobodys-watching\/#breadcrumb\",\"itemListElement\":[{\"@type\":\"ListItem\",\"position\":1,\"name\":\"Dom\u016f\",\"item\":\"https:\/\/www.simpleplan.cz\/cz\/\"},{\"@type\":\"ListItem\",\"position\":2,\"name\":\"Kapela\",\"item\":\"https:\/\/www.simpleplan.cz\/cz\/index.php\/kapela\/\"},{\"@type\":\"ListItem\",\"position\":3,\"name\":\"Diskografie\",\"item\":\"https:\/\/www.simpleplan.cz\/cz\/index.php\/kapela\/diskografie\/\"},{\"@type\":\"ListItem\",\"position\":4,\"name\":\"Kiss Me Like Nobody&#8217;s Watching\"}]},{\"@type\":\"WebSite\",\"@id\":\"https:\/\/www.simpleplan.cz\/cz\/#website\",\"url\":\"https:\/\/www.simpleplan.cz\/cz\/\",\"name\":\"CZ: SimplePlan.cz\",\"description\":\"Nejlep\u0161\u00ed zdroj informac\u00ed o kapele Simple Plan\",\"publisher\":{\"@id\":\"https:\/\/www.simpleplan.cz\/cz\/#organization\"},\"potentialAction\":[{\"@type\":\"SearchAction\",\"target\":{\"@type\":\"EntryPoint\",\"urlTemplate\":\"https:\/\/www.simpleplan.cz\/cz\/?s={search_term_string}\"},\"query-input\":\"required name=search_term_string\"}],\"inLanguage\":\"cs\"},{\"@type\":\"Organization\",\"@id\":\"https:\/\/www.simpleplan.cz\/cz\/#organization\",\"name\":\"CZ: SimplePlan.cz\",\"url\":\"https:\/\/www.simpleplan.cz\/cz\/\",\"logo\":{\"@type\":\"ImageObject\",\"inLanguage\":\"cs\",\"@id\":\"https:\/\/www.simpleplan.cz\/cz\/#\/schema\/logo\/image\/\",\"url\":\"https:\/\/www.simpleplan.cz\/cz\/wp-content\/uploads\/spczlogo.png\",\"contentUrl\":\"https:\/\/www.simpleplan.cz\/cz\/wp-content\/uploads\/spczlogo.png\",\"width\":250,\"height\":190,\"caption\":\"CZ: SimplePlan.cz\"},\"image\":{\"@id\":\"https:\/\/www.simpleplan.cz\/cz\/#\/schema\/logo\/image\/\"},\"sameAs\":[\"http:\/\/www.facebook.com\/simpleplancz\",\"https:\/\/twitter.com\/simpleplancz\",\"http:\/\/www.instagram.com\/simpleplancz\",\"http:\/\/www.youtube.com\/simpleplancz\"]}]}<\/script>\n<!-- \/ Yoast SEO plugin. -->","yoast_head_json":{"title":"Kiss Me Like Nobody's Watching | CZ: SimplePlan.cz","robots":{"index":"index","follow":"follow","max-snippet":"max-snippet:-1","max-image-preview":"max-image-preview:large","max-video-preview":"max-video-preview:-1"},"canonical":"https:\/\/www.simpleplan.cz\/cz\/index.php\/kapela\/diskografie\/kiss-me-like-nobodys-watching\/","og_locale":"cs_CZ","og_type":"article","og_title":"Kiss Me Like Nobody's Watching | CZ: SimplePlan.cz","og_description":"Z\u00e1kladn\u00ed info Album: Taking One For The Team Auto\u0159i textu: Pierre Bouvier, Chuck Comeau D\u00e9lka","og_url":"https:\/\/www.simpleplan.cz\/cz\/index.php\/kapela\/diskografie\/kiss-me-like-nobodys-watching\/","og_site_name":"CZ: SimplePlan.cz","article_publisher":"http:\/\/www.facebook.com\/simpleplancz","article_modified_time":"2023-06-26T07:29:57+00:00","og_image":[{"url":"http:\/\/www.simpleplan.cz\/cz\/wp-content\/uploads\/logo.gif"}],"twitter_card":"summary_large_image","twitter_site":"@simpleplancz","twitter_misc":{"Odhadovan\u00e1 doba \u010dten\u00ed":"5 minut"},"schema":{"@context":"https:\/\/schema.org","@graph":[{"@type":"WebPage","@id":"https:\/\/www.simpleplan.cz\/cz\/index.php\/kapela\/diskografie\/kiss-me-like-nobodys-watching\/","url":"https:\/\/www.simpleplan.cz\/cz\/index.php\/kapela\/diskografie\/kiss-me-like-nobodys-watching\/","name":"Kiss Me Like Nobody's Watching | CZ: SimplePlan.cz","isPartOf":{"@id":"https:\/\/www.simpleplan.cz\/cz\/#website"},"datePublished":"2016-02-19T08:01:47+00:00","dateModified":"2023-06-26T07:29:57+00:00","breadcrumb":{"@id":"https:\/\/www.simpleplan.cz\/cz\/index.php\/kapela\/diskografie\/kiss-me-like-nobodys-watching\/#breadcrumb"},"inLanguage":"cs","potentialAction":[{"@type":"ReadAction","target":["https:\/\/www.simpleplan.cz\/cz\/index.php\/kapela\/diskografie\/kiss-me-like-nobodys-watching\/"]}]},{"@type":"BreadcrumbList","@id":"https:\/\/www.simpleplan.cz\/cz\/index.php\/kapela\/diskografie\/kiss-me-like-nobodys-watching\/#breadcrumb","itemListElement":[{"@type":"ListItem","position":1,"name":"Dom\u016f","item":"https:\/\/www.simpleplan.cz\/cz\/"},{"@type":"ListItem","position":2,"name":"Kapela","item":"https:\/\/www.simpleplan.cz\/cz\/index.php\/kapela\/"},{"@type":"ListItem","position":3,"name":"Diskografie","item":"https:\/\/www.simpleplan.cz\/cz\/index.php\/kapela\/diskografie\/"},{"@type":"ListItem","position":4,"name":"Kiss Me Like Nobody&#8217;s Watching"}]},{"@type":"WebSite","@id":"https:\/\/www.simpleplan.cz\/cz\/#website","url":"https:\/\/www.simpleplan.cz\/cz\/","name":"CZ: SimplePlan.cz","description":"Nejlep\u0161\u00ed zdroj informac\u00ed o kapele Simple Plan","publisher":{"@id":"https:\/\/www.simpleplan.cz\/cz\/#organization"},"potentialAction":[{"@type":"SearchAction","target":{"@type":"EntryPoint","urlTemplate":"https:\/\/www.simpleplan.cz\/cz\/?s={search_term_string}"},"query-input":"required name=search_term_string"}],"inLanguage":"cs"},{"@type":"Organization","@id":"https:\/\/www.simpleplan.cz\/cz\/#organization","name":"CZ: SimplePlan.cz","url":"https:\/\/www.simpleplan.cz\/cz\/","logo":{"@type":"ImageObject","inLanguage":"cs","@id":"https:\/\/www.simpleplan.cz\/cz\/#\/schema\/logo\/image\/","url":"https:\/\/www.simpleplan.cz\/cz\/wp-content\/uploads\/spczlogo.png","contentUrl":"https:\/\/www.simpleplan.cz\/cz\/wp-content\/uploads\/spczlogo.png","width":250,"height":190,"caption":"CZ: SimplePlan.cz"},"image":{"@id":"https:\/\/www.simpleplan.cz\/cz\/#\/schema\/logo\/image\/"},"sameAs":["http:\/\/www.facebook.com\/simpleplancz","https:\/\/twitter.com\/simpleplancz","http:\/\/www.instagram.com\/simpleplancz","http:\/\/www.youtube.com\/simpleplancz"]}]}},"_links":{"self":[{"href":"https:\/\/www.simpleplan.cz\/cz\/index.php\/wp-json\/wp\/v2\/pages\/18187"}],"collection":[{"href":"https:\/\/www.simpleplan.cz\/cz\/index.php\/wp-json\/wp\/v2\/pages"}],"about":[{"href":"https:\/\/www.simpleplan.cz\/cz\/index.php\/wp-json\/wp\/v2\/types\/page"}],"author":[{"embeddable":true,"href":"https:\/\/www.simpleplan.cz\/cz\/index.php\/wp-json\/wp\/v2\/users\/5"}],"replies":[{"embeddable":true,"href":"https:\/\/www.simpleplan.cz\/cz\/index.php\/wp-json\/wp\/v2\/comments?post=18187"}],"version-history":[{"count":6,"href":"https:\/\/www.simpleplan.cz\/cz\/index.php\/wp-json\/wp\/v2\/pages\/18187\/revisions"}],"predecessor-version":[{"id":18189,"href":"https:\/\/www.simpleplan.cz\/cz\/index.php\/wp-json\/wp\/v2\/pages\/18187\/revisions\/18189"}],"up":[{"embeddable":true,"href":"https:\/\/www.simpleplan.cz\/cz\/index.php\/wp-json\/wp\/v2\/pages\/5273"}],"wp:attachment":[{"href":"https:\/\/www.simpleplan.cz\/cz\/index.php\/wp-json\/wp\/v2\/media?parent=18187"}],"curies":[{"name":"wp","href":"https:\/\/api.w.org\/{rel}","templated":true}]}}