{"id":18194,"date":"2016-02-19T10:36:16","date_gmt":"2016-02-19T09:36:16","guid":{"rendered":"http:\/\/www.simpleplan.cz\/cz\/?page_id=18194"},"modified":"2023-06-26T09:29:56","modified_gmt":"2023-06-26T07:29:56","slug":"everything-sucks","status":"publish","type":"page","link":"https:\/\/www.simpleplan.cz\/cz\/index.php\/kapela\/diskografie\/everything-sucks\/","title":{"rendered":"Everything Sucks"},"content":{"rendered":"<div class=\"pagecontent\">\n<div class=\"girls\"><b><u>Z\u00e1kladn\u00ed info<\/u><\/b><\/div>\n<p><b>Album:<\/b> Taking One For The Team<br \/>\n<b>Auto\u0159i textu:<\/b> Pierre Bouvier, Chuck Comeau<br \/>\n<b>D\u00e9lka p\u00edsn\u011b:<\/b> 3:32<\/p>\n<div class=\"girls\"><b><u>V\u00fdznam p\u00edsn\u011b<\/u><\/b><\/div>\n<blockquote><p><i>&#8222;Everything Sucks je p\u00edse\u0148 o tom jak je v\u0161echno na nic, kdy\u017e je v\u00e1s milovan\u00fd \u010di milovan\u00e1 pry\u010d.&#8220;<\/i><br \/>\n<center>&#8211; Pierre Bouvier &#8211;<\/center><\/p><\/blockquote>\n<div class=\"girls\"><b><u>Text p\u00edsn\u011b<\/u><\/b><\/div>\n<p><center><br \/>\nIt used to be fun now it&#8217;s bringing me down<br \/>\nIts like everything sucks cause you&#8217;re not around<br \/>\nWhoa-whoa-whoa-whoa<\/center><\/p>\n<p><center>Drive to the beach to watch the sunset<br \/>\nIt&#8217;s pointless I don&#8217;t even like it<br \/>\nDon&#8217;t wanna watch another movie<br \/>\nMy favorite song means nothing to me<br \/>\nI try to medicate, I try to numb the pain<br \/>\nNo matter what I do it&#8217;s all in vain<br \/>\nMy heart was full of love<br \/>\nNow all I do is hate<br \/>\nI fall apart when you&#8217;re so far away<\/center><\/p>\n<p><center>Please come back to me<\/center><\/p>\n<p><center>It used to be fun now it&#8217;s bringing me down<br \/>\nIt&#8217;s like everything sucks cause you&#8217;re not around<br \/>\nI never ever should have let you run out of town<br \/>\nNow everything sucks cause you\u2019re not around<\/center><\/p>\n<p><center>All my friends are asking me<br \/>\nWhy I&#8217;ve been acting crazy<br \/>\nIt used to be fun now it&#8217;s bringing me down<br \/>\nIt&#8217;s like everything sucks cause you\u2019re not around<\/center><\/p>\n<p><center>Whoa-whoa-whoa-whoa<\/center><\/p>\n<p><center>We used to go out till the morning<br \/>\nBut now the party&#8217;s kinda boring<br \/>\nWent back to where we had our first date<br \/>\nBut now I hate the way the food tastes<\/center><\/p>\n<p><center>Please come back to me<\/center><\/p>\n<p><center>It used to be fun now it&#8217;s bringing me down<br \/>\nIt&#8217;s like everything sucks cause you&#8217;re not around<br \/>\nI never ever should have let you run out of town<br \/>\nNow everything sucks cause you\u2019re not around<\/center><\/p>\n<p><center>All my friends are asking me<br \/>\nWhy I&#8217;ve been acting crazy<br \/>\nIt used to be fun now it&#8217;s bringing me down<br \/>\nIt&#8217;s like everything sucks cause you\u2019re not around<\/center><\/p>\n<p><center>Whoa-whoa-whoa-whoa<br \/>\nWhoa-whoa<br \/>\nEverything sucks cause you&#8217;re not around<\/center><\/p>\n<p><center>Please come back to me<br \/>\n(Please come back to me)<br \/>\nPlease I&#8217;m on my knees <\/center><\/p>\n<p><center>It used to be fun now it&#8217;s bringing me down<br \/>\nIt\u2019s like everything sucks cause you&#8217;re not around<br \/>\nI never ever should have let you run out of town<br \/>\nNow everything sucks cause you&#8217;re not around<\/center><\/p>\n<p><center>It used to be fun now it&#8217;s bringing me down<br \/>\nIt\u2019s like everything sucks cause you&#8217;re not around<br \/>\nI never ever should have let you run out of town<br \/>\nNow everything sucks cause you&#8217;re not around<\/center><\/p>\n<p><center>All my friends are asking me<br \/>\nWhy I&#8217;ve been acting crazy<br \/>\nIt used to be fun now it&#8217;s bringing me down<br \/>\nIt&#8217;s like everything sucks cause you\u2019re not around<\/center><\/p>\n<p><center>Whoa-whoa-whoa-whoa<br \/>\nWhoa-whoa<br \/>\nEverything sucks cause you&#8217;re not around<\/p>\n<p><\/center><\/p>\n<div class=\"girls\"><b><u>\u010cesk\u00fd p\u0159eklad<\/u><\/b><\/div>\n<p><center><br \/>\nB\u00fdvala to sranda, ale te\u010f z toho m\u00e1m \u0161patnou n\u00e1ladu<br \/>\nV\u0161echno je na nic, kdy\u017e tu nejsi<br \/>\nWhoa-whoa-whoa-whoa<\/center><\/p>\n<p><center>Jezdit na pl\u00e1\u017e a koukat na z\u00e1pad slunce<br \/>\nJe na nic a ani se mi to nel\u00edb\u00ed<br \/>\nNechci se d\u00edvat na dal\u0161\u00ed film<br \/>\nM\u00e1 nejobl\u00edben\u011bj\u0161\u00ed p\u00edse\u0148 pro m\u011b nic neznamen\u00e1<br \/>\nSna\u017eil jsem se br\u00e1t pr\u00e1\u0161ky, abych utlumil tu boles<br \/>\nAle a\u00b4t d\u011bl\u00e1m, co d\u011bl\u00e1m, je to v\u0161echno na nic<br \/>\nM\u00e9 srdce bylo pln\u00e9 l\u00e1sky<br \/>\nAle te\u010f jen v\u0161echno nen\u00e1vid\u00edm<br \/>\nJsem na zhroucen\u00ed, kdy\u017e jsi tak daleko<\/center><\/p>\n<p><center>Pros\u00edm, vra\u0165 se ke mn\u011b<\/center><\/p>\n<p><center>B\u00fdvala to sranda, ale te\u010f z toho m\u00e1m \u0161patnou n\u00e1ladu<br \/>\nV\u0161echno je na nic, kdy\u017e tu nejsi<br \/>\nNikdy jsem t\u011b nem\u011bl nechat z tohoto m\u011bsta odej\u00edt<br \/>\na te\u010f je v\u0161echno na nic, kdy\u017e tu nejsi<\/center><\/p>\n<p><center>V\u0161ichni m\u00ed p\u0159\u00e1tel\u00e9 se m\u011b ptaj\u00ed<br \/>\nPro\u010d se chov\u00e1m tak \u0161\u00edlen\u011b<br \/>\nB\u00fdvala to sranda, ale te\u010f z toho m\u00e1m \u0161patnou n\u00e1ladu<br \/>\nV\u0161echno je na nic, kdy\u017e tu nejsi<\/center><\/p>\n<p><center>Whoa-whoa-whoa-whoa<\/center><\/p>\n<p><center>Chod\u00edvali jsme spolu pa\u0159it a\u017e do r\u00e1na<br \/>\nAle te\u010f jsou v\u0161echny p\u00e1rty nudn\u00e9<br \/>\n\u0160el jsem se pod\u00edvat do toho podniku, kde jsme m\u011bli prvn\u00ed rande<br \/>\nAle te\u010f mi tam u\u017e v\u016fbec nechutn\u00e1<\/center><\/p>\n<p><center>Pros\u00edm, vra\u0165 se ke mn\u011b<\/center><\/p>\n<p><center>B\u00fdvala to sranda, ale te\u010f z toho m\u00e1m \u0161patnou n\u00e1ladu<br \/>\nV\u0161echno je na nic, kdy\u017e tu nejsi<br \/>\nNikdy jsem t\u011b nem\u011bl nechat z tohoto m\u011bsta odej\u00edt<br \/>\na te\u010f je v\u0161echno na nic, kdy\u017e tu nejsi<\/center><\/p>\n<p><center>V\u0161ichni m\u00ed p\u0159\u00e1tel\u00e9 se m\u011b ptaj\u00ed<br \/>\nPro\u010d se chov\u00e1m tak \u0161\u00edlen\u011b<br \/>\nB\u00fdvala to sranda, ale te\u010f z toho m\u00e1m \u0161patnou n\u00e1ladu<br \/>\nV\u0161echno je na nic, kdy\u017e tu nejsi<\/center><\/p>\n<p><center>Whoa-whoa-whoa-whoa<br \/>\nWhoa-whoa<br \/>\nEverything sucks cause you&#8217;re not around<\/center><\/p>\n<p><center>Pros\u00edm, vra\u0165 se ke mn\u011b<br \/>\n(Pros\u00edm, vra\u0165 se ke mn\u011b)<br \/>\nPros\u00edm t\u011b na kolenou <\/center><\/p>\n<p><center>B\u00fdvala to sranda, ale te\u010f z toho m\u00e1m \u0161patnou n\u00e1ladu<br \/>\nV\u0161echno je na nic, kdy\u017e tu nejsi<br \/>\nNikdy jsem t\u011b nem\u011bl nechat z tohoto m\u011bsta odej\u00edt<br \/>\na te\u010f je v\u0161echno na nic, kdy\u017e tu nejsi<\/center><\/p>\n<p><center>B\u00fdvala to sranda, ale te\u010f z toho m\u00e1m \u0161patnou n\u00e1ladu<br \/>\nV\u0161echno je na nic, kdy\u017e tu nejsi<br \/>\nNikdy jsem t\u011b nem\u011bl nechat z tohoto m\u011bsta odej\u00edt<br \/>\na te\u010f je v\u0161echno na nic, kdy\u017e tu nejsi<\/center><\/p>\n<p><center>V\u0161ichni m\u00ed p\u0159\u00e1tel\u00e9 se m\u011b ptaj\u00ed<br \/>\nPro\u010d se chov\u00e1m tak \u0161\u00edlen\u011b<br \/>\nB\u00fdvala to sranda, ale te\u010f z toho m\u00e1m \u0161patnou n\u00e1ladu<br \/>\nV\u0161echno je na nic, kdy\u017e tu nejsi<\/center><\/p>\n<p><center>Whoa-whoa-whoa-whoa<br \/>\nWhoa-whoa<br \/>\nV\u0161echno je na nic, kdy\u017e tu nejsi<br \/>\n<\/center>\n<\/div>\n<div class=\"fblikebutton_button\" style=\"float: left; padding-top: 20px; margin-right: 20px; padding-bottom: 20px; padding-left: 20px;\"><iframe src=\"http:\/\/www.facebook.com\/plugins\/like.php?href=https%3A%2F%2Fwww.simpleplan.cz%2Fcz%2Findex.php%2Fkapela%2Fdiskografie%2Feverything-sucks%2F&amp;layout=standard&amp;show-faces=false&amp;width=450&amp;action=like&amp;colorscheme=light\" scrolling=\"no\" frameborder=\"0\" allowTransparency=\"true\" style=\"border:none; overflow:hidden; width:450px; height:26px\"><\/iframe><\/div>\n","protected":false},"excerpt":{"rendered":"<p>Z\u00e1kladn\u00ed info Album: Taking One For The Team Auto\u0159i textu: Pierre Bouvier, Chuck Comeau D\u00e9lka<\/p>\n","protected":false},"author":5,"featured_media":0,"parent":5273,"menu_order":0,"comment_status":"closed","ping_status":"closed","template":"page-templates\/full-width.php","meta":{"footnotes":""},"yoast_head":"<!-- This site is optimized with the Yoast SEO plugin v20.9 - https:\/\/yoast.com\/wordpress\/plugins\/seo\/ -->\n<title>Everything Sucks | CZ: SimplePlan.cz<\/title>\n<meta name=\"robots\" content=\"index, follow, max-snippet:-1, max-image-preview:large, max-video-preview:-1\" \/>\n<link rel=\"canonical\" href=\"https:\/\/www.simpleplan.cz\/cz\/index.php\/kapela\/diskografie\/everything-sucks\/\" \/>\n<meta property=\"og:locale\" content=\"cs_CZ\" \/>\n<meta property=\"og:type\" content=\"article\" \/>\n<meta property=\"og:title\" content=\"Everything Sucks | CZ: SimplePlan.cz\" \/>\n<meta property=\"og:description\" content=\"Z\u00e1kladn\u00ed info Album: Taking One For The Team Auto\u0159i textu: Pierre Bouvier, Chuck Comeau D\u00e9lka\" \/>\n<meta property=\"og:url\" content=\"https:\/\/www.simpleplan.cz\/cz\/index.php\/kapela\/diskografie\/everything-sucks\/\" \/>\n<meta property=\"og:site_name\" content=\"CZ: SimplePlan.cz\" \/>\n<meta property=\"article:publisher\" content=\"http:\/\/www.facebook.com\/simpleplancz\" \/>\n<meta property=\"article:modified_time\" content=\"2023-06-26T07:29:56+00:00\" \/>\n<meta property=\"og:image\" content=\"http:\/\/www.simpleplan.cz\/cz\/wp-content\/uploads\/logo.gif\" \/>\n<meta name=\"twitter:card\" content=\"summary_large_image\" \/>\n<meta name=\"twitter:site\" content=\"@simpleplancz\" \/>\n<meta name=\"twitter:label1\" content=\"Odhadovan\u00e1 doba \u010dten\u00ed\" \/>\n\t<meta name=\"twitter:data1\" content=\"5 minut\" \/>\n<script type=\"application\/ld+json\" class=\"yoast-schema-graph\">{\"@context\":\"https:\/\/schema.org\",\"@graph\":[{\"@type\":\"WebPage\",\"@id\":\"https:\/\/www.simpleplan.cz\/cz\/index.php\/kapela\/diskografie\/everything-sucks\/\",\"url\":\"https:\/\/www.simpleplan.cz\/cz\/index.php\/kapela\/diskografie\/everything-sucks\/\",\"name\":\"Everything Sucks | CZ: SimplePlan.cz\",\"isPartOf\":{\"@id\":\"https:\/\/www.simpleplan.cz\/cz\/#website\"},\"datePublished\":\"2016-02-19T09:36:16+00:00\",\"dateModified\":\"2023-06-26T07:29:56+00:00\",\"breadcrumb\":{\"@id\":\"https:\/\/www.simpleplan.cz\/cz\/index.php\/kapela\/diskografie\/everything-sucks\/#breadcrumb\"},\"inLanguage\":\"cs\",\"potentialAction\":[{\"@type\":\"ReadAction\",\"target\":[\"https:\/\/www.simpleplan.cz\/cz\/index.php\/kapela\/diskografie\/everything-sucks\/\"]}]},{\"@type\":\"BreadcrumbList\",\"@id\":\"https:\/\/www.simpleplan.cz\/cz\/index.php\/kapela\/diskografie\/everything-sucks\/#breadcrumb\",\"itemListElement\":[{\"@type\":\"ListItem\",\"position\":1,\"name\":\"Dom\u016f\",\"item\":\"https:\/\/www.simpleplan.cz\/cz\/\"},{\"@type\":\"ListItem\",\"position\":2,\"name\":\"Kapela\",\"item\":\"https:\/\/www.simpleplan.cz\/cz\/index.php\/kapela\/\"},{\"@type\":\"ListItem\",\"position\":3,\"name\":\"Diskografie\",\"item\":\"https:\/\/www.simpleplan.cz\/cz\/index.php\/kapela\/diskografie\/\"},{\"@type\":\"ListItem\",\"position\":4,\"name\":\"Everything Sucks\"}]},{\"@type\":\"WebSite\",\"@id\":\"https:\/\/www.simpleplan.cz\/cz\/#website\",\"url\":\"https:\/\/www.simpleplan.cz\/cz\/\",\"name\":\"CZ: SimplePlan.cz\",\"description\":\"Nejlep\u0161\u00ed zdroj informac\u00ed o kapele Simple Plan\",\"publisher\":{\"@id\":\"https:\/\/www.simpleplan.cz\/cz\/#organization\"},\"potentialAction\":[{\"@type\":\"SearchAction\",\"target\":{\"@type\":\"EntryPoint\",\"urlTemplate\":\"https:\/\/www.simpleplan.cz\/cz\/?s={search_term_string}\"},\"query-input\":\"required name=search_term_string\"}],\"inLanguage\":\"cs\"},{\"@type\":\"Organization\",\"@id\":\"https:\/\/www.simpleplan.cz\/cz\/#organization\",\"name\":\"CZ: SimplePlan.cz\",\"url\":\"https:\/\/www.simpleplan.cz\/cz\/\",\"logo\":{\"@type\":\"ImageObject\",\"inLanguage\":\"cs\",\"@id\":\"https:\/\/www.simpleplan.cz\/cz\/#\/schema\/logo\/image\/\",\"url\":\"https:\/\/www.simpleplan.cz\/cz\/wp-content\/uploads\/spczlogo.png\",\"contentUrl\":\"https:\/\/www.simpleplan.cz\/cz\/wp-content\/uploads\/spczlogo.png\",\"width\":250,\"height\":190,\"caption\":\"CZ: SimplePlan.cz\"},\"image\":{\"@id\":\"https:\/\/www.simpleplan.cz\/cz\/#\/schema\/logo\/image\/\"},\"sameAs\":[\"http:\/\/www.facebook.com\/simpleplancz\",\"https:\/\/twitter.com\/simpleplancz\",\"http:\/\/www.instagram.com\/simpleplancz\",\"http:\/\/www.youtube.com\/simpleplancz\"]}]}<\/script>\n<!-- \/ Yoast SEO plugin. -->","yoast_head_json":{"title":"Everything Sucks | CZ: SimplePlan.cz","robots":{"index":"index","follow":"follow","max-snippet":"max-snippet:-1","max-image-preview":"max-image-preview:large","max-video-preview":"max-video-preview:-1"},"canonical":"https:\/\/www.simpleplan.cz\/cz\/index.php\/kapela\/diskografie\/everything-sucks\/","og_locale":"cs_CZ","og_type":"article","og_title":"Everything Sucks | CZ: SimplePlan.cz","og_description":"Z\u00e1kladn\u00ed info Album: Taking One For The Team Auto\u0159i textu: Pierre Bouvier, Chuck Comeau D\u00e9lka","og_url":"https:\/\/www.simpleplan.cz\/cz\/index.php\/kapela\/diskografie\/everything-sucks\/","og_site_name":"CZ: SimplePlan.cz","article_publisher":"http:\/\/www.facebook.com\/simpleplancz","article_modified_time":"2023-06-26T07:29:56+00:00","og_image":[{"url":"http:\/\/www.simpleplan.cz\/cz\/wp-content\/uploads\/logo.gif"}],"twitter_card":"summary_large_image","twitter_site":"@simpleplancz","twitter_misc":{"Odhadovan\u00e1 doba \u010dten\u00ed":"5 minut"},"schema":{"@context":"https:\/\/schema.org","@graph":[{"@type":"WebPage","@id":"https:\/\/www.simpleplan.cz\/cz\/index.php\/kapela\/diskografie\/everything-sucks\/","url":"https:\/\/www.simpleplan.cz\/cz\/index.php\/kapela\/diskografie\/everything-sucks\/","name":"Everything Sucks | CZ: SimplePlan.cz","isPartOf":{"@id":"https:\/\/www.simpleplan.cz\/cz\/#website"},"datePublished":"2016-02-19T09:36:16+00:00","dateModified":"2023-06-26T07:29:56+00:00","breadcrumb":{"@id":"https:\/\/www.simpleplan.cz\/cz\/index.php\/kapela\/diskografie\/everything-sucks\/#breadcrumb"},"inLanguage":"cs","potentialAction":[{"@type":"ReadAction","target":["https:\/\/www.simpleplan.cz\/cz\/index.php\/kapela\/diskografie\/everything-sucks\/"]}]},{"@type":"BreadcrumbList","@id":"https:\/\/www.simpleplan.cz\/cz\/index.php\/kapela\/diskografie\/everything-sucks\/#breadcrumb","itemListElement":[{"@type":"ListItem","position":1,"name":"Dom\u016f","item":"https:\/\/www.simpleplan.cz\/cz\/"},{"@type":"ListItem","position":2,"name":"Kapela","item":"https:\/\/www.simpleplan.cz\/cz\/index.php\/kapela\/"},{"@type":"ListItem","position":3,"name":"Diskografie","item":"https:\/\/www.simpleplan.cz\/cz\/index.php\/kapela\/diskografie\/"},{"@type":"ListItem","position":4,"name":"Everything Sucks"}]},{"@type":"WebSite","@id":"https:\/\/www.simpleplan.cz\/cz\/#website","url":"https:\/\/www.simpleplan.cz\/cz\/","name":"CZ: SimplePlan.cz","description":"Nejlep\u0161\u00ed zdroj informac\u00ed o kapele Simple Plan","publisher":{"@id":"https:\/\/www.simpleplan.cz\/cz\/#organization"},"potentialAction":[{"@type":"SearchAction","target":{"@type":"EntryPoint","urlTemplate":"https:\/\/www.simpleplan.cz\/cz\/?s={search_term_string}"},"query-input":"required name=search_term_string"}],"inLanguage":"cs"},{"@type":"Organization","@id":"https:\/\/www.simpleplan.cz\/cz\/#organization","name":"CZ: SimplePlan.cz","url":"https:\/\/www.simpleplan.cz\/cz\/","logo":{"@type":"ImageObject","inLanguage":"cs","@id":"https:\/\/www.simpleplan.cz\/cz\/#\/schema\/logo\/image\/","url":"https:\/\/www.simpleplan.cz\/cz\/wp-content\/uploads\/spczlogo.png","contentUrl":"https:\/\/www.simpleplan.cz\/cz\/wp-content\/uploads\/spczlogo.png","width":250,"height":190,"caption":"CZ: SimplePlan.cz"},"image":{"@id":"https:\/\/www.simpleplan.cz\/cz\/#\/schema\/logo\/image\/"},"sameAs":["http:\/\/www.facebook.com\/simpleplancz","https:\/\/twitter.com\/simpleplancz","http:\/\/www.instagram.com\/simpleplancz","http:\/\/www.youtube.com\/simpleplancz"]}]}},"_links":{"self":[{"href":"https:\/\/www.simpleplan.cz\/cz\/index.php\/wp-json\/wp\/v2\/pages\/18194"}],"collection":[{"href":"https:\/\/www.simpleplan.cz\/cz\/index.php\/wp-json\/wp\/v2\/pages"}],"about":[{"href":"https:\/\/www.simpleplan.cz\/cz\/index.php\/wp-json\/wp\/v2\/types\/page"}],"author":[{"embeddable":true,"href":"https:\/\/www.simpleplan.cz\/cz\/index.php\/wp-json\/wp\/v2\/users\/5"}],"replies":[{"embeddable":true,"href":"https:\/\/www.simpleplan.cz\/cz\/index.php\/wp-json\/wp\/v2\/comments?post=18194"}],"version-history":[{"count":6,"href":"https:\/\/www.simpleplan.cz\/cz\/index.php\/wp-json\/wp\/v2\/pages\/18194\/revisions"}],"predecessor-version":[{"id":23283,"href":"https:\/\/www.simpleplan.cz\/cz\/index.php\/wp-json\/wp\/v2\/pages\/18194\/revisions\/23283"}],"up":[{"embeddable":true,"href":"https:\/\/www.simpleplan.cz\/cz\/index.php\/wp-json\/wp\/v2\/pages\/5273"}],"wp:attachment":[{"href":"https:\/\/www.simpleplan.cz\/cz\/index.php\/wp-json\/wp\/v2\/media?parent=18194"}],"curies":[{"name":"wp","href":"https:\/\/api.w.org\/{rel}","templated":true}]}}