{"id":18204,"date":"2016-02-19T13:13:49","date_gmt":"2016-02-19T12:13:49","guid":{"rendered":"http:\/\/www.simpleplan.cz\/cz\/?page_id=18204"},"modified":"2023-06-26T09:29:57","modified_gmt":"2023-06-26T07:29:57","slug":"nostalgic","status":"publish","type":"page","link":"https:\/\/www.simpleplan.cz\/cz\/index.php\/kapela\/diskografie\/nostalgic\/","title":{"rendered":"Nostalgic"},"content":{"rendered":"<div class=\"pagecontent\">\n<div class=\"girls\"><b><u>Z\u00e1kladn\u00ed info<\/u><\/b><\/div>\n<p><b>Album:<\/b> Taking One For The Team<br \/>\n<b>Auto\u0159i textu:<\/b> Pierre Bouvier, Chuck Comeau, Nate Campany<br \/>\n<b>D\u00e9lka p\u00edsn\u011b:<\/b> 3:06<\/p>\n<div class=\"girls\"><b><u>V\u00fdznam p\u00edsn\u011b<\/u><\/b><\/div>\n<blockquote><p><i>&#8222;Je to o tom, kdy\u017e m\u00e1 \u010dlov\u011bk nostalgickou n\u00e1ladu a vzpom\u00edn\u00e1. Je to o tom, kdy\u017e v\u00e1m chyb\u00ed \u010dlov\u011bk, se kter\u00fdm jste d\u0159\u00edv n\u011bco za\u017eili a te\u010f si \u0159\u00edk\u00e1te: &#8218;Ah, to byly ale dobr\u00e9 \u010dasy!'&#8220;<\/i><br \/>\n<center>&#8211; Pierre Bouvier &#8211;<\/center><\/p><\/blockquote>\n<blockquote><p><i>&#8222;Trochu z toho m\u00e1m nostalgii na Warped Tour \u00e9ru roku 2004.&#8220;<\/i><br \/>\n<center>&#8211; Jeff Stinco<\/center><\/p><\/blockquote>\n<blockquote><p><i>&#8222;To je taky tak trochu skryt\u00fd v\u00fdznam v t\u00e9to p\u00edsni. Je to o tom, jak jin\u00e9 \u010dasy kdysi b\u00fdvaly, ale je to skryto v pozad\u00ed love-songu.&#8220;<\/i><br \/>\n<center>&#8211; Pierre Bouvier &#8211;<\/center><\/p><\/blockquote>\n<div class=\"girls\"><b><u>Text p\u00edsn\u011b<\/u><\/b><\/div>\n<p><center><br \/>\nI found your picture looking through a book<br \/>\nIt was the one I took<br \/>\nWhen we were driving on Sunset<br \/>\nDescendants\u2018 playing on a mixed CD<br \/>\nThat you just made for me<br \/>\nYou wrote \u201aFor when you miss me\u2018 on it<\/center><\/p>\n<p><center>Can\u2019t stop myself when I listen<br \/>\nI always sing-a-long<br \/>\nReliving every minute<br \/>\nAnd I just can\u2019t take it<br \/>\nI wish that I could<br \/>\nForget you even exist<br \/>\nAnd find a way to<br \/>\nBe without you<br \/>\nCause I miss you<br \/>\nAnd I hate feeling like this<br \/>\nIt\u2019s making me sick<br \/>\nFeeling nostalgic<\/center><\/p>\n<p><center>Every year when October comes around<br \/>\nAnd it gets colder out<br \/>\nI grab my favorite hoodie<br \/>\nThere\u2019s still a hole from when you borrowed it<br \/>\nYou used to sleep in it<br \/>\nCause it reminded you of me<\/center><\/p>\n<p><center>Can\u2019t stop myself when I\u2019m thinking<br \/>\nI only see your face<br \/>\nReliving every minute<br \/>\nAnd I just can\u2019t take it<\/center><\/p>\n<p><center>I wish that I could<br \/>\nForget you even exist<br \/>\nAnd find a way to<br \/>\nBe without you<br \/>\nCause I miss you<br \/>\nAnd I hate feeling like this<br \/>\nIt\u2019s making me sick<br \/>\nFeeling nostalgic<\/center><\/p>\n<p><center>I wish that I could<br \/>\nForget you even exist<br \/>\nAnd find a way to be without you<br \/>\nCause I miss you<br \/>\nAnd I hate feeling like this<br \/>\nIt\u2019s making me sick<br \/>\nFeeling nostalgic<\/center><\/p>\n<p><center>Maybe someday<br \/>\nMy heart will be over it<br \/>\nMaybe someday<br \/>\nI\u2019ll be okay<br \/>\nBut I miss you<br \/>\nAnd I hate feeling like this<br \/>\nIt\u2019s making me sick<br \/>\nFeeling nostalgic<\/center><\/p>\n<p><center>Feeling nostalgic<br \/>\nFeeling nostalgic<br \/>\n(It\u2019s making me sick)<br \/>\nFeeling nostalgic<\/p>\n<p><\/center><\/p>\n<div class=\"girls\"><b><u>\u010cesk\u00fd p\u0159eklad<\/u><\/b><\/div>\n<p><center><\/p>\n<p>Kdy\u017e jsem listoval kn\u00ed\u017ekou, na\u0161el jsem tvoji fotografii<br \/>\nByla to ta, kterou jsem po\u0159\u00eddil<br \/>\nKdy\u017e jsme proj\u00ed\u017ed\u011bli Sunset<br \/>\nDescendants n\u00e1m hr\u00e1li na CD\u010dku<br \/>\nKter\u00e9 jsi pro m\u011b namixovala<br \/>\nNapsala jsi na n\u011bj \u201aPro chv\u00edle, a\u017e ti budu chyb\u011bt\u2018<\/center><\/p>\n<p><center>Nem\u016f\u017eu p\u0159estat vzpom\u00ednat<br \/>\nV\u017edycky si prozp\u00edv\u00e1m<br \/>\nZnovu se sna\u017e\u00edm pro\u017e\u00edvat ka\u017edou na\u0161i spole\u010dnou chv\u00edli<br \/>\nA u\u017e to nem\u016f\u017eu vydr\u017eet<\/center><\/p>\n<p><center>P\u0159\u00e1l bych si, abych<br \/>\nMohl zapomenout, \u017ee existuje\u0161<br \/>\nA naj\u00edt zp\u016fsob<br \/>\nJak bez tebe \u017e\u00edt<br \/>\nProto\u017ee mi chyb\u00ed\u0161<br \/>\nA je hrozn\u00e9 se takhle c\u00edtit<br \/>\nJe mi z toho \u0161patn\u011b<br \/>\nZ toho, jakou m\u00e1m nostalgickou n\u00e1ladu<\/center><\/p>\n<p><center>Ka\u017ed\u00fd rok, kdy\u017e p\u0159ijde \u0159\u00edjen<br \/>\nA za\u010dne b\u00fdt chladn\u011bji<br \/>\nVyt\u00e1hnu svou obl\u00edbenou mikinu<br \/>\nV kter\u00e9 je je\u0161t\u011b st\u00e1le d\u00edra od t\u00e9 doby, co sis j\u00ed p\u016fj\u010dila<br \/>\nSp\u00e1vala jsi v n\u00ed<br \/>\nProto\u017ee ti m\u011b p\u0159ipom\u00ednala<\/center><\/p>\n<p><center>Nem\u016f\u017eu p\u0159estat vzpom\u00ednat<br \/>\nV\u017edycky si prozp\u00edv\u00e1m<br \/>\nZnovu se sna\u017e\u00edm pro\u017e\u00edvat ka\u017edou na\u0161i spole\u010dnou chv\u00edli<br \/>\nA u\u017e to nem\u016f\u017eu vydr\u017eet<\/center><\/p>\n<p><center>P\u0159\u00e1l bych si, abych<br \/>\nMohl zapomenout, \u017ee existuje\u0161<br \/>\nA naj\u00edt zp\u016fsob<br \/>\nJak bez tebe \u017e\u00edt<br \/>\nProto\u017ee mi chyb\u00ed\u0161<br \/>\nA je hrozn\u00e9 se takhle c\u00edtit<br \/>\nJe mi z toho \u0161patn\u011b<br \/>\nZ toho, jakou m\u00e1m nostalgickou n\u00e1ladu<\/center><\/p>\n<p><center>P\u0159\u00e1l bych si, abych<br \/>\nMohl zapomenout, \u017ee existuje\u0161<br \/>\nA naj\u00edt zp\u016fsob<br \/>\nJak bez tebe \u017e\u00edt<br \/>\nProto\u017ee mi chyb\u00ed\u0161<br \/>\nA je hrozn\u00e9 se takhle c\u00edtit<br \/>\nJe mi z toho \u0161patn\u011b<br \/>\nZ toho, jakou m\u00e1m nostalgickou n\u00e1ladu<\/center><\/p>\n<p><center>Mo\u017en\u00e1 jednou<br \/>\nTo m\u00e9 srdce p\u0159ekon\u00e1<br \/>\nMo\u017en\u00e1 jednou<br \/>\nBudu v pohod\u011b<br \/>\nAle chyb\u00ed\u0161 mi<br \/>\nA je hrozn\u00e9 se takhle c\u00edtit<br \/>\nJe mi z toho \u0161patn\u011b<br \/>\nZ toho, jakou m\u00e1m nostalgickou n\u00e1ladu<\/center><\/p>\n<p><center>M\u00e1m nostalgickou n\u00e1ladu<br \/>\nM\u00e1m nostalgickou n\u00e1ladu<br \/>\n(Je mi z toho \u0161patn\u011b)<br \/>\nM\u00e1m nostalgickou n\u00e1ladu<\/p>\n<p><\/center><\/p>\n<\/div>\n<div class=\"fblikebutton_button\" style=\"float: left; padding-top: 20px; margin-right: 20px; padding-bottom: 20px; padding-left: 20px;\"><iframe src=\"http:\/\/www.facebook.com\/plugins\/like.php?href=https%3A%2F%2Fwww.simpleplan.cz%2Fcz%2Findex.php%2Fkapela%2Fdiskografie%2Fnostalgic%2F&amp;layout=standard&amp;show-faces=false&amp;width=450&amp;action=like&amp;colorscheme=light\" scrolling=\"no\" frameborder=\"0\" allowTransparency=\"true\" style=\"border:none; overflow:hidden; width:450px; height:26px\"><\/iframe><\/div>\n","protected":false},"excerpt":{"rendered":"<p>Z\u00e1kladn\u00ed info Album: Taking One For The Team Auto\u0159i textu: Pierre Bouvier, Chuck Comeau, Nate<\/p>\n","protected":false},"author":5,"featured_media":0,"parent":5273,"menu_order":0,"comment_status":"closed","ping_status":"closed","template":"page-templates\/full-width.php","meta":{"footnotes":""},"yoast_head":"<!-- This site is optimized with the Yoast SEO plugin v20.9 - https:\/\/yoast.com\/wordpress\/plugins\/seo\/ -->\n<title>Nostalgic | CZ: SimplePlan.cz<\/title>\n<meta name=\"robots\" content=\"index, follow, max-snippet:-1, max-image-preview:large, max-video-preview:-1\" \/>\n<link rel=\"canonical\" href=\"https:\/\/www.simpleplan.cz\/cz\/index.php\/kapela\/diskografie\/nostalgic\/\" \/>\n<meta property=\"og:locale\" content=\"cs_CZ\" \/>\n<meta property=\"og:type\" content=\"article\" \/>\n<meta property=\"og:title\" content=\"Nostalgic | CZ: SimplePlan.cz\" \/>\n<meta property=\"og:description\" content=\"Z\u00e1kladn\u00ed info Album: Taking One For The Team Auto\u0159i textu: Pierre Bouvier, Chuck Comeau, Nate\" \/>\n<meta property=\"og:url\" content=\"https:\/\/www.simpleplan.cz\/cz\/index.php\/kapela\/diskografie\/nostalgic\/\" \/>\n<meta property=\"og:site_name\" content=\"CZ: SimplePlan.cz\" \/>\n<meta property=\"article:publisher\" content=\"http:\/\/www.facebook.com\/simpleplancz\" \/>\n<meta property=\"article:modified_time\" content=\"2023-06-26T07:29:57+00:00\" \/>\n<meta property=\"og:image\" content=\"http:\/\/www.simpleplan.cz\/cz\/wp-content\/uploads\/logo.gif\" \/>\n<meta name=\"twitter:card\" content=\"summary_large_image\" \/>\n<meta name=\"twitter:site\" content=\"@simpleplancz\" \/>\n<meta name=\"twitter:label1\" content=\"Odhadovan\u00e1 doba \u010dten\u00ed\" \/>\n\t<meta name=\"twitter:data1\" content=\"4 minuty\" \/>\n<script type=\"application\/ld+json\" class=\"yoast-schema-graph\">{\"@context\":\"https:\/\/schema.org\",\"@graph\":[{\"@type\":\"WebPage\",\"@id\":\"https:\/\/www.simpleplan.cz\/cz\/index.php\/kapela\/diskografie\/nostalgic\/\",\"url\":\"https:\/\/www.simpleplan.cz\/cz\/index.php\/kapela\/diskografie\/nostalgic\/\",\"name\":\"Nostalgic | CZ: SimplePlan.cz\",\"isPartOf\":{\"@id\":\"https:\/\/www.simpleplan.cz\/cz\/#website\"},\"datePublished\":\"2016-02-19T12:13:49+00:00\",\"dateModified\":\"2023-06-26T07:29:57+00:00\",\"breadcrumb\":{\"@id\":\"https:\/\/www.simpleplan.cz\/cz\/index.php\/kapela\/diskografie\/nostalgic\/#breadcrumb\"},\"inLanguage\":\"cs\",\"potentialAction\":[{\"@type\":\"ReadAction\",\"target\":[\"https:\/\/www.simpleplan.cz\/cz\/index.php\/kapela\/diskografie\/nostalgic\/\"]}]},{\"@type\":\"BreadcrumbList\",\"@id\":\"https:\/\/www.simpleplan.cz\/cz\/index.php\/kapela\/diskografie\/nostalgic\/#breadcrumb\",\"itemListElement\":[{\"@type\":\"ListItem\",\"position\":1,\"name\":\"Dom\u016f\",\"item\":\"https:\/\/www.simpleplan.cz\/cz\/\"},{\"@type\":\"ListItem\",\"position\":2,\"name\":\"Kapela\",\"item\":\"https:\/\/www.simpleplan.cz\/cz\/index.php\/kapela\/\"},{\"@type\":\"ListItem\",\"position\":3,\"name\":\"Diskografie\",\"item\":\"https:\/\/www.simpleplan.cz\/cz\/index.php\/kapela\/diskografie\/\"},{\"@type\":\"ListItem\",\"position\":4,\"name\":\"Nostalgic\"}]},{\"@type\":\"WebSite\",\"@id\":\"https:\/\/www.simpleplan.cz\/cz\/#website\",\"url\":\"https:\/\/www.simpleplan.cz\/cz\/\",\"name\":\"CZ: SimplePlan.cz\",\"description\":\"Nejlep\u0161\u00ed zdroj informac\u00ed o kapele Simple Plan\",\"publisher\":{\"@id\":\"https:\/\/www.simpleplan.cz\/cz\/#organization\"},\"potentialAction\":[{\"@type\":\"SearchAction\",\"target\":{\"@type\":\"EntryPoint\",\"urlTemplate\":\"https:\/\/www.simpleplan.cz\/cz\/?s={search_term_string}\"},\"query-input\":\"required name=search_term_string\"}],\"inLanguage\":\"cs\"},{\"@type\":\"Organization\",\"@id\":\"https:\/\/www.simpleplan.cz\/cz\/#organization\",\"name\":\"CZ: SimplePlan.cz\",\"url\":\"https:\/\/www.simpleplan.cz\/cz\/\",\"logo\":{\"@type\":\"ImageObject\",\"inLanguage\":\"cs\",\"@id\":\"https:\/\/www.simpleplan.cz\/cz\/#\/schema\/logo\/image\/\",\"url\":\"https:\/\/www.simpleplan.cz\/cz\/wp-content\/uploads\/spczlogo.png\",\"contentUrl\":\"https:\/\/www.simpleplan.cz\/cz\/wp-content\/uploads\/spczlogo.png\",\"width\":250,\"height\":190,\"caption\":\"CZ: SimplePlan.cz\"},\"image\":{\"@id\":\"https:\/\/www.simpleplan.cz\/cz\/#\/schema\/logo\/image\/\"},\"sameAs\":[\"http:\/\/www.facebook.com\/simpleplancz\",\"https:\/\/twitter.com\/simpleplancz\",\"http:\/\/www.instagram.com\/simpleplancz\",\"http:\/\/www.youtube.com\/simpleplancz\"]}]}<\/script>\n<!-- \/ Yoast SEO plugin. -->","yoast_head_json":{"title":"Nostalgic | CZ: SimplePlan.cz","robots":{"index":"index","follow":"follow","max-snippet":"max-snippet:-1","max-image-preview":"max-image-preview:large","max-video-preview":"max-video-preview:-1"},"canonical":"https:\/\/www.simpleplan.cz\/cz\/index.php\/kapela\/diskografie\/nostalgic\/","og_locale":"cs_CZ","og_type":"article","og_title":"Nostalgic | CZ: SimplePlan.cz","og_description":"Z\u00e1kladn\u00ed info Album: Taking One For The Team Auto\u0159i textu: Pierre Bouvier, Chuck Comeau, Nate","og_url":"https:\/\/www.simpleplan.cz\/cz\/index.php\/kapela\/diskografie\/nostalgic\/","og_site_name":"CZ: SimplePlan.cz","article_publisher":"http:\/\/www.facebook.com\/simpleplancz","article_modified_time":"2023-06-26T07:29:57+00:00","og_image":[{"url":"http:\/\/www.simpleplan.cz\/cz\/wp-content\/uploads\/logo.gif"}],"twitter_card":"summary_large_image","twitter_site":"@simpleplancz","twitter_misc":{"Odhadovan\u00e1 doba \u010dten\u00ed":"4 minuty"},"schema":{"@context":"https:\/\/schema.org","@graph":[{"@type":"WebPage","@id":"https:\/\/www.simpleplan.cz\/cz\/index.php\/kapela\/diskografie\/nostalgic\/","url":"https:\/\/www.simpleplan.cz\/cz\/index.php\/kapela\/diskografie\/nostalgic\/","name":"Nostalgic | CZ: SimplePlan.cz","isPartOf":{"@id":"https:\/\/www.simpleplan.cz\/cz\/#website"},"datePublished":"2016-02-19T12:13:49+00:00","dateModified":"2023-06-26T07:29:57+00:00","breadcrumb":{"@id":"https:\/\/www.simpleplan.cz\/cz\/index.php\/kapela\/diskografie\/nostalgic\/#breadcrumb"},"inLanguage":"cs","potentialAction":[{"@type":"ReadAction","target":["https:\/\/www.simpleplan.cz\/cz\/index.php\/kapela\/diskografie\/nostalgic\/"]}]},{"@type":"BreadcrumbList","@id":"https:\/\/www.simpleplan.cz\/cz\/index.php\/kapela\/diskografie\/nostalgic\/#breadcrumb","itemListElement":[{"@type":"ListItem","position":1,"name":"Dom\u016f","item":"https:\/\/www.simpleplan.cz\/cz\/"},{"@type":"ListItem","position":2,"name":"Kapela","item":"https:\/\/www.simpleplan.cz\/cz\/index.php\/kapela\/"},{"@type":"ListItem","position":3,"name":"Diskografie","item":"https:\/\/www.simpleplan.cz\/cz\/index.php\/kapela\/diskografie\/"},{"@type":"ListItem","position":4,"name":"Nostalgic"}]},{"@type":"WebSite","@id":"https:\/\/www.simpleplan.cz\/cz\/#website","url":"https:\/\/www.simpleplan.cz\/cz\/","name":"CZ: SimplePlan.cz","description":"Nejlep\u0161\u00ed zdroj informac\u00ed o kapele Simple Plan","publisher":{"@id":"https:\/\/www.simpleplan.cz\/cz\/#organization"},"potentialAction":[{"@type":"SearchAction","target":{"@type":"EntryPoint","urlTemplate":"https:\/\/www.simpleplan.cz\/cz\/?s={search_term_string}"},"query-input":"required name=search_term_string"}],"inLanguage":"cs"},{"@type":"Organization","@id":"https:\/\/www.simpleplan.cz\/cz\/#organization","name":"CZ: SimplePlan.cz","url":"https:\/\/www.simpleplan.cz\/cz\/","logo":{"@type":"ImageObject","inLanguage":"cs","@id":"https:\/\/www.simpleplan.cz\/cz\/#\/schema\/logo\/image\/","url":"https:\/\/www.simpleplan.cz\/cz\/wp-content\/uploads\/spczlogo.png","contentUrl":"https:\/\/www.simpleplan.cz\/cz\/wp-content\/uploads\/spczlogo.png","width":250,"height":190,"caption":"CZ: SimplePlan.cz"},"image":{"@id":"https:\/\/www.simpleplan.cz\/cz\/#\/schema\/logo\/image\/"},"sameAs":["http:\/\/www.facebook.com\/simpleplancz","https:\/\/twitter.com\/simpleplancz","http:\/\/www.instagram.com\/simpleplancz","http:\/\/www.youtube.com\/simpleplancz"]}]}},"_links":{"self":[{"href":"https:\/\/www.simpleplan.cz\/cz\/index.php\/wp-json\/wp\/v2\/pages\/18204"}],"collection":[{"href":"https:\/\/www.simpleplan.cz\/cz\/index.php\/wp-json\/wp\/v2\/pages"}],"about":[{"href":"https:\/\/www.simpleplan.cz\/cz\/index.php\/wp-json\/wp\/v2\/types\/page"}],"author":[{"embeddable":true,"href":"https:\/\/www.simpleplan.cz\/cz\/index.php\/wp-json\/wp\/v2\/users\/5"}],"replies":[{"embeddable":true,"href":"https:\/\/www.simpleplan.cz\/cz\/index.php\/wp-json\/wp\/v2\/comments?post=18204"}],"version-history":[{"count":5,"href":"https:\/\/www.simpleplan.cz\/cz\/index.php\/wp-json\/wp\/v2\/pages\/18204\/revisions"}],"predecessor-version":[{"id":23294,"href":"https:\/\/www.simpleplan.cz\/cz\/index.php\/wp-json\/wp\/v2\/pages\/18204\/revisions\/23294"}],"up":[{"embeddable":true,"href":"https:\/\/www.simpleplan.cz\/cz\/index.php\/wp-json\/wp\/v2\/pages\/5273"}],"wp:attachment":[{"href":"https:\/\/www.simpleplan.cz\/cz\/index.php\/wp-json\/wp\/v2\/media?parent=18204"}],"curies":[{"name":"wp","href":"https:\/\/api.w.org\/{rel}","templated":true}]}}