{"id":18217,"date":"2016-02-19T22:03:24","date_gmt":"2016-02-19T21:03:24","guid":{"rendered":"http:\/\/www.simpleplan.cz\/cz\/?page_id=18217"},"modified":"2023-06-26T09:29:57","modified_gmt":"2023-06-26T07:29:57","slug":"p-s-i-hate-you","status":"publish","type":"page","link":"https:\/\/www.simpleplan.cz\/cz\/index.php\/kapela\/diskografie\/p-s-i-hate-you\/","title":{"rendered":"P.S. I Hate You"},"content":{"rendered":"<div class=\"pagecontent\">\n<div class=\"girls\"><b><u>Z\u00e1kladn\u00ed info<\/u><\/b><\/div>\n<p><b>Album:<\/b> Taking One For The Team<br \/>\n<b>Auto\u0159i textu:<\/b> Pierre Bouvier, Chuck Comeau, Ryan Stewart<br \/>\n<b>D\u00e9lka p\u00edsn\u011b:<\/b> 3:03<\/p>\n<div class=\"girls\"><b><u>V\u00fdznam p\u00edsn\u011b<\/u><\/b><\/div>\n<p>Jm\u00e9no &#8218;Sophia&#8216;, kter\u00e9 bylo v t\u00e9to p\u00edsni pou\u017eito je symbolismem pro \u010dlov\u011bka, se kter\u00fdm m\u016f\u017eete b\u00fdt ve vztahu, a kter\u00fd tento vztah ni\u010d\u00ed sv\u00fdmi l\u017ei, \u010di podv\u00e1d\u011bn\u00edm. \u010clenov\u00e9 kapely p\u0159iznali, \u017ee mohli stejn\u011b tak pou\u017e\u00edt i jak\u00e9koliv jin\u00e9 d\u00edv\u010d\u00ed jm\u00e9no (nap\u0159. &#8218;Olivia&#8216;), a \u017ee to nen\u00ed nar\u00e1\u017eka na \u017e\u00e1dnou konkr\u00e9tn\u00ed Sophii, kterou znaj\u00ed.<\/p>\n<blockquote><p><i>&#8222;P.S. I Hate You je o toxick\u00e9m vztahu, kdy\u017e m\u00e1 \u010dlov\u011bk v \u017eivot\u011b n\u011bkoho p\u0159\u00edli\u0161 dlouho a pak, kdy\u017e se ti dva rozejdou, si najednou \u0159ekne &#8218;Wow! D\u00edky bohu! \u017divot je bez tebe o tolik lep\u0161\u00ed!&#8216; [&#8230;] Ka\u017ed\u00fd z n\u00e1s m\u011bl n\u011bkdy ve sv\u00e9m \u017eivot\u011b takovou osobu.&#8220;<\/i><br \/>\n<center>&#8211; Jeff Stinco &#8211;<\/center><\/p><\/blockquote>\n<blockquote><p><i>&#8222;V\u00edte, odkud jsme vzali jm\u00e9no Sophia? Hledali jsme jm\u00e9no, kter\u00e9 by zn\u011blo dob\u0159e, a m\u00e1 dcera se d\u00edv\u00e1 na jeden televizn\u00ed po\u0159ad, kter\u00fd se jmenuje &#8218;Princezna Sophia&#8217;&#8230;&#8220;<\/i><br \/>\n<center>&#8211; Pierre Bouvier &#8211;<\/center><\/p><\/blockquote>\n<div class=\"girls\"><b><u>Text p\u00edsn\u011b<\/u><\/b><\/div>\n<p><center><br \/>\nDear Sophia<br \/>\nI think I&#8217;m better off without you!<\/center><\/p>\n<p><center>Like a polaroid picture<br \/>\nI can still see you in my mind<br \/>\nIn your Def Leppard t-shirt<br \/>\nI said I was yours<br \/>\nYou said you were mine<br \/>\nWe started a fire<br \/>\nA fire like no-one&#8217;s ever seen before<br \/>\nThere was something about you<br \/>\nThere was something about you<\/center><\/p>\n<p><center>But then you beat my heart up<br \/>\nLeft it black and blue<br \/>\nNow I wish I never met you<\/center><\/p>\n<p><center>Dear Sophia<br \/>\nI think I&#8217;m better off without you!<br \/>\nI kinda miss ya<br \/>\nMaking out all night<br \/>\nLike we used to<br \/>\nWe were good together<br \/>\nBut now the things you\u2019ve done we can\u2019t undo<br \/>\nSo don&#8217;t write me back<br \/>\nP.S. I hate you<\/center><\/p>\n<p><center>You can spare me the fake tears<br \/>\nWe don&#8217;t even need one last goodbye<br \/>\nI&#8217;ll see you in 10 years<br \/>\nOr maybe we should make that 45<br \/>\nMy darling, it&#8217;s over<br \/>\nAnd now the fairytale is up in flames<br \/>\nI hope he was worth it<br \/>\nYeah, I hope he was worth it<\/center><\/p>\n<p><center>And if there&#8217;s one thing in this life I know it&#8217;s true<br \/>\nIt&#8217;s that I wish I never met you<\/center><\/p>\n<p><center>Dear Sophia<br \/>\nI think I&#8217;m better off without you!<br \/>\nI kinda miss ya<br \/>\nMaking out all night like we used to<br \/>\nWe were good together<br \/>\nBut now the things you\u2019ve done we can\u2019t undo<br \/>\nSo don&#8217;t write me back<br \/>\nP.S. I hate you<\/center><\/p>\n<p><center>I hope one day you&#8217;ll fall in love with someone new<br \/>\nJust when you think it\u2019s true<br \/>\nHe breaks your heart in two<br \/>\nJust like you did to me<br \/>\nJust like you did to me<\/center><\/p>\n<p><center>Dear Sophia<br \/>\nI think I&#8217;m better off without you!<br \/>\nI kinda miss ya<br \/>\nMaking out all night like we used to<br \/>\nWe were good together<br \/>\nBut now the things you\u2019ve done we can\u2019t undo<br \/>\nSo don&#8217;t write me back<br \/>\nP.S. I hate you<br \/>\nP.S. I hate you<\/center><\/p>\n<p><center>(Dear Sophia)<br \/>\nSo don&#8217;t write me back<br \/>\nP.S. I hate you<br \/>\n(Dear Sophia)<br \/>\nP.S. I hate you<br \/>\n(Dear Sophia)<br \/>\nDon&#8217;t write me back<br \/>\nP.S. I hate you<\/center><\/p>\n<p><\/center><\/p>\n<div class=\"girls\"><b><u>\u010cesk\u00fd p\u0159eklad<\/u><\/b><\/div>\n<p><center><\/p>\n<p>Mil\u00e1 Sophie<br \/>\nMysl\u00edm si, \u017ee jsem na tom bez tebe l\u00edp!<\/center><\/p>\n<p><center>Jako fotku z polaroidu<br \/>\nP\u0159esn\u011b tak t\u011b po\u0159\u00e1d vid\u00edm ve sv\u00e9 mysli<br \/>\nVe tv\u00e9m tri\u010dku Def Leppard<br \/>\nJ\u00e1 \u0159ekl, \u017ee jsem tv\u016fj<br \/>\nA ty jsi \u0159ekla, \u017ee jsi m\u00e1<br \/>\nByly mezi n\u00e1mi jikry<br \/>\nTakov\u00e9 jiskry, jak\u00e9 nikdy nikdo nevid\u011bl<br \/>\nN\u011bco na tob\u011b bylo<br \/>\nN\u011bco na tob\u011b bylo<\/center><\/p>\n<p><center>Ale pak jsi mi zlomila srdce<br \/>\nA nechala ho \u010derno-modr\u00e9<br \/>\nA te\u010f si p\u0159eju, abych t\u011b b\u00fdval nikdy nepotkal<\/center><\/p>\n<p><center>Mil\u00e1 Sophie<br \/>\nMysl\u00edm si, \u017ee jsem na tom bez tebe l\u00edp!<br \/>\nTrochu mi chyb\u00ed\u0161<br \/>\nTo, jak jsme se kdysi<br \/>\nL\u00edb\u00e1vali celou noc<br \/>\nB\u00fdvali jsme dobr\u00fd p\u00e1r<br \/>\nAle te\u010f ty v\u011bci, co jsi ud\u011blala, u\u017e nem\u016f\u017eeme zm\u011bnit<br \/>\nTak mi u\u017e nepi\u0161<br \/>\nP.S. Nesn\u00e1\u0161\u00edm t\u011b<\/center><\/p>\n<p><center>Schov si ty svoje fale\u0161n\u00e9 slzy<br \/>\nAni nepot\u0159ebujeme posledn\u00ed sbohem<br \/>\nNashle za 10 let<br \/>\nNebo bychom sp\u00ed\u0161 m\u011bli \u0159\u00edct a\u017e za 45<br \/>\nM\u00e1 drah\u00e1, je konec<br \/>\nA te\u010f je na\u0161e poh\u00e1dka v plamenech<br \/>\nDouf\u00e1m, \u017ee za to st\u00e1l<br \/>\nJo, douf\u00e1m, \u017ee za to st\u00e1l<\/center><\/p>\n<p><center>A jestli je n\u011bco v tomhle \u017eivot\u011b, o \u010dem v\u00edm, \u017ee je pravda<br \/>\nTak je to to, \u017ee si p\u0159eju, abych t\u011b b\u00fdval nikdy nepotkal<\/center><\/p>\n<p><center>Mil\u00e1 Sophie<br \/>\nMysl\u00edm si, \u017ee jsem na tom bez tebe l\u00edp!<br \/>\nTrochu mi chyb\u00ed\u0161<br \/>\nTo, jak jsme se kdysi<br \/>\nL\u00edb\u00e1vali celou noc<br \/>\nB\u00fdvali jsme dobr\u00fd p\u00e1r<br \/>\nAle te\u010f ty v\u011bci, co jsi ud\u011blala, u\u017e nem\u016f\u017eeme zm\u011bnit<br \/>\nTak mi u\u017e nepi\u0161<br \/>\nP.S. Nesn\u00e1\u0161\u00edm t\u011b<\/center><\/p>\n<p><center>Douf\u00e1m, \u017ee se jednou zamiluje\u0161 do n\u011bkoho nov\u00e9ho<br \/>\nA v moment\u011b, kdy si bude\u0161 myslet, \u017ee je to prav\u00e1 l\u00e1ska<br \/>\nTi on zlom\u00ed srdce vedv\u00ed<br \/>\nStejn\u011b jako jsi to ud\u011blala ty mn\u011b<br \/>\nStejn\u011b jako jsi to ud\u011blala ty mn\u011b<\/center><\/p>\n<p><center>Mil\u00e1 Sophie<br \/>\nMysl\u00edm si, \u017ee jsem na tom bez tebe l\u00edp!<br \/>\nTrochu mi chyb\u00ed\u0161<br \/>\nTo, jak jsme se kdysi<br \/>\nL\u00edb\u00e1vali celou noc<br \/>\nB\u00fdvali jsme dobr\u00fd p\u00e1r<br \/>\nAle te\u010f ty v\u011bci, co jsi ud\u011blala, u\u017e nem\u016f\u017eeme zm\u011bnit<br \/>\nTak mi u\u017e nepi\u0161<br \/>\nP.S. Nesn\u00e1\u0161\u00edm t\u011b<\/center><\/p>\n<p><center>(Mil\u00e1 Sophie)<br \/>\nTak mi u\u017e nepi\u0161<br \/>\nP.S. Nesn\u00e1\u0161\u00edm t\u011b<br \/>\n(Mil\u00e1 Sophie)<br \/>\nP.S. Nesn\u00e1\u0161\u00edm t\u011b<br \/>\n(Mil\u00e1 Sophie)<br \/>\nTak mi u\u017e nepi\u0161<br \/>\nP.S. Nesn\u00e1\u0161\u00edm t\u011b<\/p>\n<p><\/center><\/p>\n<\/div>\n<div class=\"fblikebutton_button\" style=\"float: left; padding-top: 20px; margin-right: 20px; padding-bottom: 20px; padding-left: 20px;\"><iframe src=\"http:\/\/www.facebook.com\/plugins\/like.php?href=https%3A%2F%2Fwww.simpleplan.cz%2Fcz%2Findex.php%2Fkapela%2Fdiskografie%2Fp-s-i-hate-you%2F&amp;layout=standard&amp;show-faces=false&amp;width=450&amp;action=like&amp;colorscheme=light\" scrolling=\"no\" frameborder=\"0\" allowTransparency=\"true\" style=\"border:none; overflow:hidden; width:450px; height:26px\"><\/iframe><\/div>\n","protected":false},"excerpt":{"rendered":"<p>Z\u00e1kladn\u00ed info Album: Taking One For The Team Auto\u0159i textu: Pierre Bouvier, Chuck Comeau, Ryan<\/p>\n","protected":false},"author":5,"featured_media":0,"parent":5273,"menu_order":0,"comment_status":"closed","ping_status":"closed","template":"page-templates\/full-width.php","meta":{"footnotes":""},"yoast_head":"<!-- This site is optimized with the Yoast SEO plugin v20.9 - https:\/\/yoast.com\/wordpress\/plugins\/seo\/ -->\n<title>P.S. I Hate You | CZ: SimplePlan.cz<\/title>\n<meta name=\"robots\" content=\"index, follow, max-snippet:-1, max-image-preview:large, max-video-preview:-1\" \/>\n<link rel=\"canonical\" href=\"https:\/\/www.simpleplan.cz\/cz\/index.php\/kapela\/diskografie\/p-s-i-hate-you\/\" \/>\n<meta property=\"og:locale\" content=\"cs_CZ\" \/>\n<meta property=\"og:type\" content=\"article\" \/>\n<meta property=\"og:title\" content=\"P.S. I Hate You | CZ: SimplePlan.cz\" \/>\n<meta property=\"og:description\" content=\"Z\u00e1kladn\u00ed info Album: Taking One For The Team Auto\u0159i textu: Pierre Bouvier, Chuck Comeau, Ryan\" \/>\n<meta property=\"og:url\" content=\"https:\/\/www.simpleplan.cz\/cz\/index.php\/kapela\/diskografie\/p-s-i-hate-you\/\" \/>\n<meta property=\"og:site_name\" content=\"CZ: SimplePlan.cz\" \/>\n<meta property=\"article:publisher\" content=\"http:\/\/www.facebook.com\/simpleplancz\" \/>\n<meta property=\"article:modified_time\" content=\"2023-06-26T07:29:57+00:00\" \/>\n<meta property=\"og:image\" content=\"http:\/\/www.simpleplan.cz\/cz\/wp-content\/uploads\/logo.gif\" \/>\n<meta name=\"twitter:card\" content=\"summary_large_image\" \/>\n<meta name=\"twitter:site\" content=\"@simpleplancz\" \/>\n<meta name=\"twitter:label1\" content=\"Odhadovan\u00e1 doba \u010dten\u00ed\" \/>\n\t<meta name=\"twitter:data1\" content=\"5 minut\" \/>\n<script type=\"application\/ld+json\" class=\"yoast-schema-graph\">{\"@context\":\"https:\/\/schema.org\",\"@graph\":[{\"@type\":\"WebPage\",\"@id\":\"https:\/\/www.simpleplan.cz\/cz\/index.php\/kapela\/diskografie\/p-s-i-hate-you\/\",\"url\":\"https:\/\/www.simpleplan.cz\/cz\/index.php\/kapela\/diskografie\/p-s-i-hate-you\/\",\"name\":\"P.S. I Hate You | CZ: SimplePlan.cz\",\"isPartOf\":{\"@id\":\"https:\/\/www.simpleplan.cz\/cz\/#website\"},\"datePublished\":\"2016-02-19T21:03:24+00:00\",\"dateModified\":\"2023-06-26T07:29:57+00:00\",\"breadcrumb\":{\"@id\":\"https:\/\/www.simpleplan.cz\/cz\/index.php\/kapela\/diskografie\/p-s-i-hate-you\/#breadcrumb\"},\"inLanguage\":\"cs\",\"potentialAction\":[{\"@type\":\"ReadAction\",\"target\":[\"https:\/\/www.simpleplan.cz\/cz\/index.php\/kapela\/diskografie\/p-s-i-hate-you\/\"]}]},{\"@type\":\"BreadcrumbList\",\"@id\":\"https:\/\/www.simpleplan.cz\/cz\/index.php\/kapela\/diskografie\/p-s-i-hate-you\/#breadcrumb\",\"itemListElement\":[{\"@type\":\"ListItem\",\"position\":1,\"name\":\"Dom\u016f\",\"item\":\"https:\/\/www.simpleplan.cz\/cz\/\"},{\"@type\":\"ListItem\",\"position\":2,\"name\":\"Kapela\",\"item\":\"https:\/\/www.simpleplan.cz\/cz\/index.php\/kapela\/\"},{\"@type\":\"ListItem\",\"position\":3,\"name\":\"Diskografie\",\"item\":\"https:\/\/www.simpleplan.cz\/cz\/index.php\/kapela\/diskografie\/\"},{\"@type\":\"ListItem\",\"position\":4,\"name\":\"P.S. I Hate You\"}]},{\"@type\":\"WebSite\",\"@id\":\"https:\/\/www.simpleplan.cz\/cz\/#website\",\"url\":\"https:\/\/www.simpleplan.cz\/cz\/\",\"name\":\"CZ: SimplePlan.cz\",\"description\":\"Nejlep\u0161\u00ed zdroj informac\u00ed o kapele Simple Plan\",\"publisher\":{\"@id\":\"https:\/\/www.simpleplan.cz\/cz\/#organization\"},\"potentialAction\":[{\"@type\":\"SearchAction\",\"target\":{\"@type\":\"EntryPoint\",\"urlTemplate\":\"https:\/\/www.simpleplan.cz\/cz\/?s={search_term_string}\"},\"query-input\":\"required name=search_term_string\"}],\"inLanguage\":\"cs\"},{\"@type\":\"Organization\",\"@id\":\"https:\/\/www.simpleplan.cz\/cz\/#organization\",\"name\":\"CZ: SimplePlan.cz\",\"url\":\"https:\/\/www.simpleplan.cz\/cz\/\",\"logo\":{\"@type\":\"ImageObject\",\"inLanguage\":\"cs\",\"@id\":\"https:\/\/www.simpleplan.cz\/cz\/#\/schema\/logo\/image\/\",\"url\":\"https:\/\/www.simpleplan.cz\/cz\/wp-content\/uploads\/spczlogo.png\",\"contentUrl\":\"https:\/\/www.simpleplan.cz\/cz\/wp-content\/uploads\/spczlogo.png\",\"width\":250,\"height\":190,\"caption\":\"CZ: SimplePlan.cz\"},\"image\":{\"@id\":\"https:\/\/www.simpleplan.cz\/cz\/#\/schema\/logo\/image\/\"},\"sameAs\":[\"http:\/\/www.facebook.com\/simpleplancz\",\"https:\/\/twitter.com\/simpleplancz\",\"http:\/\/www.instagram.com\/simpleplancz\",\"http:\/\/www.youtube.com\/simpleplancz\"]}]}<\/script>\n<!-- \/ Yoast SEO plugin. -->","yoast_head_json":{"title":"P.S. I Hate You | CZ: SimplePlan.cz","robots":{"index":"index","follow":"follow","max-snippet":"max-snippet:-1","max-image-preview":"max-image-preview:large","max-video-preview":"max-video-preview:-1"},"canonical":"https:\/\/www.simpleplan.cz\/cz\/index.php\/kapela\/diskografie\/p-s-i-hate-you\/","og_locale":"cs_CZ","og_type":"article","og_title":"P.S. I Hate You | CZ: SimplePlan.cz","og_description":"Z\u00e1kladn\u00ed info Album: Taking One For The Team Auto\u0159i textu: Pierre Bouvier, Chuck Comeau, Ryan","og_url":"https:\/\/www.simpleplan.cz\/cz\/index.php\/kapela\/diskografie\/p-s-i-hate-you\/","og_site_name":"CZ: SimplePlan.cz","article_publisher":"http:\/\/www.facebook.com\/simpleplancz","article_modified_time":"2023-06-26T07:29:57+00:00","og_image":[{"url":"http:\/\/www.simpleplan.cz\/cz\/wp-content\/uploads\/logo.gif"}],"twitter_card":"summary_large_image","twitter_site":"@simpleplancz","twitter_misc":{"Odhadovan\u00e1 doba \u010dten\u00ed":"5 minut"},"schema":{"@context":"https:\/\/schema.org","@graph":[{"@type":"WebPage","@id":"https:\/\/www.simpleplan.cz\/cz\/index.php\/kapela\/diskografie\/p-s-i-hate-you\/","url":"https:\/\/www.simpleplan.cz\/cz\/index.php\/kapela\/diskografie\/p-s-i-hate-you\/","name":"P.S. I Hate You | CZ: SimplePlan.cz","isPartOf":{"@id":"https:\/\/www.simpleplan.cz\/cz\/#website"},"datePublished":"2016-02-19T21:03:24+00:00","dateModified":"2023-06-26T07:29:57+00:00","breadcrumb":{"@id":"https:\/\/www.simpleplan.cz\/cz\/index.php\/kapela\/diskografie\/p-s-i-hate-you\/#breadcrumb"},"inLanguage":"cs","potentialAction":[{"@type":"ReadAction","target":["https:\/\/www.simpleplan.cz\/cz\/index.php\/kapela\/diskografie\/p-s-i-hate-you\/"]}]},{"@type":"BreadcrumbList","@id":"https:\/\/www.simpleplan.cz\/cz\/index.php\/kapela\/diskografie\/p-s-i-hate-you\/#breadcrumb","itemListElement":[{"@type":"ListItem","position":1,"name":"Dom\u016f","item":"https:\/\/www.simpleplan.cz\/cz\/"},{"@type":"ListItem","position":2,"name":"Kapela","item":"https:\/\/www.simpleplan.cz\/cz\/index.php\/kapela\/"},{"@type":"ListItem","position":3,"name":"Diskografie","item":"https:\/\/www.simpleplan.cz\/cz\/index.php\/kapela\/diskografie\/"},{"@type":"ListItem","position":4,"name":"P.S. I Hate You"}]},{"@type":"WebSite","@id":"https:\/\/www.simpleplan.cz\/cz\/#website","url":"https:\/\/www.simpleplan.cz\/cz\/","name":"CZ: SimplePlan.cz","description":"Nejlep\u0161\u00ed zdroj informac\u00ed o kapele Simple Plan","publisher":{"@id":"https:\/\/www.simpleplan.cz\/cz\/#organization"},"potentialAction":[{"@type":"SearchAction","target":{"@type":"EntryPoint","urlTemplate":"https:\/\/www.simpleplan.cz\/cz\/?s={search_term_string}"},"query-input":"required name=search_term_string"}],"inLanguage":"cs"},{"@type":"Organization","@id":"https:\/\/www.simpleplan.cz\/cz\/#organization","name":"CZ: SimplePlan.cz","url":"https:\/\/www.simpleplan.cz\/cz\/","logo":{"@type":"ImageObject","inLanguage":"cs","@id":"https:\/\/www.simpleplan.cz\/cz\/#\/schema\/logo\/image\/","url":"https:\/\/www.simpleplan.cz\/cz\/wp-content\/uploads\/spczlogo.png","contentUrl":"https:\/\/www.simpleplan.cz\/cz\/wp-content\/uploads\/spczlogo.png","width":250,"height":190,"caption":"CZ: SimplePlan.cz"},"image":{"@id":"https:\/\/www.simpleplan.cz\/cz\/#\/schema\/logo\/image\/"},"sameAs":["http:\/\/www.facebook.com\/simpleplancz","https:\/\/twitter.com\/simpleplancz","http:\/\/www.instagram.com\/simpleplancz","http:\/\/www.youtube.com\/simpleplancz"]}]}},"_links":{"self":[{"href":"https:\/\/www.simpleplan.cz\/cz\/index.php\/wp-json\/wp\/v2\/pages\/18217"}],"collection":[{"href":"https:\/\/www.simpleplan.cz\/cz\/index.php\/wp-json\/wp\/v2\/pages"}],"about":[{"href":"https:\/\/www.simpleplan.cz\/cz\/index.php\/wp-json\/wp\/v2\/types\/page"}],"author":[{"embeddable":true,"href":"https:\/\/www.simpleplan.cz\/cz\/index.php\/wp-json\/wp\/v2\/users\/5"}],"replies":[{"embeddable":true,"href":"https:\/\/www.simpleplan.cz\/cz\/index.php\/wp-json\/wp\/v2\/comments?post=18217"}],"version-history":[{"count":7,"href":"https:\/\/www.simpleplan.cz\/cz\/index.php\/wp-json\/wp\/v2\/pages\/18217\/revisions"}],"predecessor-version":[{"id":23287,"href":"https:\/\/www.simpleplan.cz\/cz\/index.php\/wp-json\/wp\/v2\/pages\/18217\/revisions\/23287"}],"up":[{"embeddable":true,"href":"https:\/\/www.simpleplan.cz\/cz\/index.php\/wp-json\/wp\/v2\/pages\/5273"}],"wp:attachment":[{"href":"https:\/\/www.simpleplan.cz\/cz\/index.php\/wp-json\/wp\/v2\/media?parent=18217"}],"curies":[{"name":"wp","href":"https:\/\/api.w.org\/{rel}","templated":true}]}}