{"id":18223,"date":"2016-02-19T22:18:01","date_gmt":"2016-02-19T21:18:01","guid":{"rendered":"http:\/\/www.simpleplan.cz\/cz\/?page_id=18223"},"modified":"2023-06-26T09:29:57","modified_gmt":"2023-06-26T07:29:57","slug":"problem-child","status":"publish","type":"page","link":"https:\/\/www.simpleplan.cz\/cz\/index.php\/kapela\/diskografie\/problem-child\/","title":{"rendered":"Problem Child"},"content":{"rendered":"<div class=\"pagecontent\">\n<div class=\"girls\"><b><u>Z\u00e1kladn\u00ed info<\/u><\/b><\/div>\n<p><b>Album:<\/b> Taking One For The Team<br \/>\n<b>Auto\u0159i textu:<\/b> Pierre Bouvier, Chuck Comeau, Justin Tranter<br \/>\n<b>D\u00e9lka p\u00edsn\u011b:<\/b> 3:41<\/p>\n<div class=\"girls\"><b><u>V\u00fdznam p\u00edsn\u011b<\/u><\/b><\/div>\n<blockquote><p><i>&#8222;Tato p\u00edse\u0148 byla inspirov\u00e1na <b>osobn\u00edm p\u0159\u00edb\u011bhem, ke kter\u00e9mu by asi mohl v\u00edc \u0159\u00edct Chuck<\/b>: jeho bratr m\u011bl hodn\u011b probl\u00e9m\u016f b\u011bhem dosp\u00edv\u00e1n\u00ed a sna\u017eil se nal\u00e9zt cestu s\u00e1m k sob\u011b a to mu trochu znesnad\u0148ovalo jeho d\u011btstv\u00ed. A to se tak\u00e9 odr\u00e1\u017eelo v tom, jak vyr\u016fstal u sv\u00fdch rodi\u010d\u016f. Je to opravdu z\u00e1v\u011b\u017en\u00e9 a trochu smutn\u00e9 t\u00e9ma.&#8220;<\/i><br \/>\n<center>&#8211; Pierre Bouvier &#8211;<\/center><\/p><\/blockquote>\n<div class=\"girls\"><b><u>Text p\u00edsn\u011b<\/u><\/b><\/div>\n<p><center><br \/>\nHere we are again awake at 5am<br \/>\nI didn&#8217;t mean a word I said<br \/>\nCan we just pretend I can take it back<br \/>\nChange the way the story ends<br \/>\nI remember when things were simple then<br \/>\nDidn&#8217;t always hurt this way<br \/>\nI would fall asleep you would carry me<br \/>\nYou would take my fears away<\/center><\/p>\n<p><center>Am I messed up?<br \/>\nForever flawed?<br \/>\nBeyond repair?<br \/>\nBut forever yours&#8230;<\/center><\/p>\n<p><center>All my life<br \/>\nAll I ever did was try and try<br \/>\nI never meant to be your problem child<br \/>\nYour problem child<br \/>\nYeah<\/center><\/p>\n<p><center>I don\u2019t know why<br \/>\nI always found a way to make you cry<br \/>\nI never meant to be your problem child<br \/>\nYour problem child<br \/>\nYeah<\/center><\/p>\n<p><center>When you look at me<br \/>\nI wonder if you see<br \/>\nAll the things you thought I could be<br \/>\nAll the crazy nights<br \/>\nAll the stupid fights<br \/>\nAll the tears that filled our eyes<\/center><\/p>\n<p><center>Am I messed up?<br \/>\nForever flawed?<br \/>\nBeyond repair?<br \/>\nBut forever yours&#8230;<\/center><\/p>\n<p><center>All my life<br \/>\nAll I ever did was try and try<br \/>\nI never meant to be your problem child<br \/>\nYour problem child<br \/>\nYeah <\/center><\/p>\n<p><center>I don\u2019t know why<br \/>\nI always found a way to make you cry<br \/>\nI never meant to be your problem child<br \/>\nYour problem child<br \/>\nYeah<\/center><\/p>\n<p><center>All my life<br \/>\nAll I ever did was try and try<br \/>\nI never meant to be your problem child<br \/>\nYour problem child<br \/>\nYeah <\/center><\/p>\n<p><center>I don\u2019t know why<br \/>\nI always found a way to make you cry<br \/>\nI never meant to be your problem child<br \/>\nYour problem child<br \/>\nYeah<br \/>\nWhoa-whoa<br \/>\nYeah<br \/>\nWhoa-whoa<br \/>\n<\/center><br \/>\n<center>Your problem child<br \/>\nYeah<br \/>\nWhoa-whoa<br \/>\nYeah<br \/>\nWhoa-whoa<br \/>\nYeah<br \/>\nWhoa-whoa<\/center><\/p>\n<p><center>Your problem child<br \/>\nYeah<\/center><\/p>\n<p><\/center><\/p>\n<div class=\"girls\"><b><u>\u010cesk\u00fd p\u0159eklad<\/u><\/b><\/div>\n<p><center><\/p>\n<p><center>Zase jsme tady, vzh\u016fru v 5 r\u00e1no<br \/>\nNemyslel jsem ani jedno slovo, co jsem \u0159ekl<br \/>\nNem\u016f\u017eeme prost\u011b p\u0159edst\u00edrat, \u017ee to m\u016f\u017eu vz\u00edt zp\u00e1tky?<br \/>\nZm\u011bnit, jak tenhle p\u0159\u00edb\u011bh kon\u010d\u00ed?<br \/>\nVzpom\u00edn\u00e1m si na ty doby, kdy bylo v\u0161e jednodu\u0161\u0161\u00ed<br \/>\nTehdy to tak nebolelo<br \/>\nUsnul bych, a ty bys m\u011b odnesla<br \/>\nA odehnala bys m\u00e9 strachy<\/center><\/p>\n<p><center>Jsem zka\u017een\u00fd?<br \/>\nNav\u017edy pln\u00fd chyb?<br \/>\nBez mo\u017enosti n\u00e1pravy?<br \/>\nAle napo\u0159\u00e1d tv\u016fj&#8230;<\/center><\/p>\n<p><center>Cel\u00fd sv\u016fj \u017eivot<br \/>\nJsem se jen sna\u017eil a sna\u017eil<br \/>\nNikdy jsem necht\u011bl b\u00fdt tv\u00e9 probl\u00e9mov\u00e9 d\u00edt\u011b<br \/>\nTv\u00e9 probl\u00e9mov\u00e9 d\u00edt\u011b<br \/>\nYeah<\/center><\/p>\n<p><center>Netu\u0161\u00edm pro\u010d<br \/>\nSe mi v\u017edycky poda\u0159ilo t\u011b rozplakat<br \/>\nNikdy jsem necht\u011bl b\u00fdt tv\u00e9 probl\u00e9mov\u00e9 d\u00edt\u011b<br \/>\nTv\u00e9 probl\u00e9mov\u00e9 d\u00edt\u011b<br \/>\nYeah<\/center><\/p>\n<p><center>Kdy\u017e se na m\u011b pod\u00edv\u00e1\u0161<br \/>\nZaj\u00edmalo by m\u011b, jestli vid\u00ed\u0161<br \/>\nV\u0161echny ty v\u011bci, kter\u00fdch sis myslela, \u017ee dos\u00e1hnu<br \/>\nV\u0161echny ty \u0161\u00edlen\u00e9 noci<br \/>\nV\u0161echny ty stupidn\u00ed h\u00e1dky<br \/>\nV\u0161echny ty slzy, kter\u00e9 naplnily na\u0161e o\u010di<\/center><\/p>\n<p><center>Jsem zka\u017een\u00fd?<br \/>\nNav\u017edy pln\u00fd chyb?<br \/>\nBez mo\u017enosti n\u00e1pravy?<br \/>\nAle napo\u0159\u00e1d tv\u016fj&#8230;<\/center><\/p>\n<p><center>Cel\u00fd sv\u016fj \u017eivot<br \/>\nJsem se jen sna\u017eil a sna\u017eil<br \/>\nNikdy jsem necht\u011bl b\u00fdt tv\u00e9 probl\u00e9mov\u00e9 d\u00edt\u011b<br \/>\nTv\u00e9 probl\u00e9mov\u00e9 d\u00edt\u011b<br \/>\nYeah<\/center><\/p>\n<p><center>Netu\u0161\u00edm pro\u010d<br \/>\nSe mi v\u017edycky poda\u0159ilo t\u011b rozplakat<br \/>\nNikdy jsem necht\u011bl b\u00fdt tv\u00e9 probl\u00e9mov\u00e9 d\u00edt\u011b<br \/>\nTv\u00e9 probl\u00e9mov\u00e9 d\u00edt\u011b<br \/>\nYeah<\/center><\/p>\n<p><center>Cel\u00fd sv\u016fj \u017eivot<br \/>\nJsem se jen sna\u017eil a sna\u017eil<br \/>\nNikdy jsem necht\u011bl b\u00fdt tv\u00e9 probl\u00e9mov\u00e9 d\u00edt\u011b<br \/>\nTv\u00e9 probl\u00e9mov\u00e9 d\u00edt\u011b<br \/>\nYeah<\/center><\/p>\n<p><center>All my life<br \/>\nAll I ever did was try and try<br \/>\nI never meant to be your problem child<br \/>\nYour problem child<br \/>\nYeah <\/center><\/p>\n<p><center>Netu\u0161\u00edm pro\u010d<br \/>\nSe mi v\u017edycky poda\u0159ilo t\u011b rozplakat<br \/>\nNikdy jsem necht\u011bl b\u00fdt tv\u00e9 probl\u00e9mov\u00e9 d\u00edt\u011b<br \/>\nTv\u00e9 probl\u00e9mov\u00e9 d\u00edt\u011b<br \/>\nYeah<br \/>\nWhoa-whoa<br \/>\nYeah<br \/>\nWhoa-whoa<\/center><\/p>\n<p><center>Tv\u00e9 probl\u00e9mov\u00e9 d\u00edt\u011b<br \/>\nYeah<br \/>\nWhoa-whoa<br \/>\nYeah<br \/>\nWhoa-whoa<br \/>\nYeah<br \/>\nWhoa-whoa<\/center><\/p>\n<p><center>Tv\u00e9 probl\u00e9mov\u00e9 d\u00edt\u011b<br \/>\nYeah<\/p>\n<p><\/center><\/p>\n<\/div>\n<div class=\"fblikebutton_button\" style=\"float: left; padding-top: 20px; margin-right: 20px; padding-bottom: 20px; padding-left: 20px;\"><iframe src=\"http:\/\/www.facebook.com\/plugins\/like.php?href=https%3A%2F%2Fwww.simpleplan.cz%2Fcz%2Findex.php%2Fkapela%2Fdiskografie%2Fproblem-child%2F&amp;layout=standard&amp;show-faces=false&amp;width=450&amp;action=like&amp;colorscheme=light\" scrolling=\"no\" frameborder=\"0\" allowTransparency=\"true\" style=\"border:none; overflow:hidden; width:450px; height:26px\"><\/iframe><\/div>\n","protected":false},"excerpt":{"rendered":"<p>Z\u00e1kladn\u00ed info Album: Taking One For The Team Auto\u0159i textu: Pierre Bouvier, Chuck Comeau, Justin<\/p>\n","protected":false},"author":5,"featured_media":0,"parent":5273,"menu_order":0,"comment_status":"closed","ping_status":"closed","template":"page-templates\/full-width.php","meta":{"footnotes":""},"yoast_head":"<!-- This site is optimized with the Yoast SEO plugin v20.9 - https:\/\/yoast.com\/wordpress\/plugins\/seo\/ -->\n<title>Problem Child | CZ: SimplePlan.cz<\/title>\n<meta name=\"robots\" content=\"index, follow, max-snippet:-1, max-image-preview:large, max-video-preview:-1\" \/>\n<link rel=\"canonical\" href=\"https:\/\/www.simpleplan.cz\/cz\/index.php\/kapela\/diskografie\/problem-child\/\" \/>\n<meta property=\"og:locale\" content=\"cs_CZ\" \/>\n<meta property=\"og:type\" content=\"article\" \/>\n<meta property=\"og:title\" content=\"Problem Child | CZ: SimplePlan.cz\" \/>\n<meta property=\"og:description\" content=\"Z\u00e1kladn\u00ed info Album: Taking One For The Team Auto\u0159i textu: Pierre Bouvier, Chuck Comeau, Justin\" \/>\n<meta property=\"og:url\" content=\"https:\/\/www.simpleplan.cz\/cz\/index.php\/kapela\/diskografie\/problem-child\/\" \/>\n<meta property=\"og:site_name\" content=\"CZ: SimplePlan.cz\" \/>\n<meta property=\"article:publisher\" content=\"http:\/\/www.facebook.com\/simpleplancz\" \/>\n<meta property=\"article:modified_time\" content=\"2023-06-26T07:29:57+00:00\" \/>\n<meta property=\"og:image\" content=\"http:\/\/www.simpleplan.cz\/cz\/wp-content\/uploads\/logo.gif\" \/>\n<meta name=\"twitter:card\" content=\"summary_large_image\" \/>\n<meta name=\"twitter:site\" content=\"@simpleplancz\" \/>\n<meta name=\"twitter:label1\" content=\"Odhadovan\u00e1 doba \u010dten\u00ed\" \/>\n\t<meta name=\"twitter:data1\" content=\"4 minuty\" \/>\n<script type=\"application\/ld+json\" class=\"yoast-schema-graph\">{\"@context\":\"https:\/\/schema.org\",\"@graph\":[{\"@type\":\"WebPage\",\"@id\":\"https:\/\/www.simpleplan.cz\/cz\/index.php\/kapela\/diskografie\/problem-child\/\",\"url\":\"https:\/\/www.simpleplan.cz\/cz\/index.php\/kapela\/diskografie\/problem-child\/\",\"name\":\"Problem Child | CZ: SimplePlan.cz\",\"isPartOf\":{\"@id\":\"https:\/\/www.simpleplan.cz\/cz\/#website\"},\"datePublished\":\"2016-02-19T21:18:01+00:00\",\"dateModified\":\"2023-06-26T07:29:57+00:00\",\"breadcrumb\":{\"@id\":\"https:\/\/www.simpleplan.cz\/cz\/index.php\/kapela\/diskografie\/problem-child\/#breadcrumb\"},\"inLanguage\":\"cs\",\"potentialAction\":[{\"@type\":\"ReadAction\",\"target\":[\"https:\/\/www.simpleplan.cz\/cz\/index.php\/kapela\/diskografie\/problem-child\/\"]}]},{\"@type\":\"BreadcrumbList\",\"@id\":\"https:\/\/www.simpleplan.cz\/cz\/index.php\/kapela\/diskografie\/problem-child\/#breadcrumb\",\"itemListElement\":[{\"@type\":\"ListItem\",\"position\":1,\"name\":\"Dom\u016f\",\"item\":\"https:\/\/www.simpleplan.cz\/cz\/\"},{\"@type\":\"ListItem\",\"position\":2,\"name\":\"Kapela\",\"item\":\"https:\/\/www.simpleplan.cz\/cz\/index.php\/kapela\/\"},{\"@type\":\"ListItem\",\"position\":3,\"name\":\"Diskografie\",\"item\":\"https:\/\/www.simpleplan.cz\/cz\/index.php\/kapela\/diskografie\/\"},{\"@type\":\"ListItem\",\"position\":4,\"name\":\"Problem Child\"}]},{\"@type\":\"WebSite\",\"@id\":\"https:\/\/www.simpleplan.cz\/cz\/#website\",\"url\":\"https:\/\/www.simpleplan.cz\/cz\/\",\"name\":\"CZ: SimplePlan.cz\",\"description\":\"Nejlep\u0161\u00ed zdroj informac\u00ed o kapele Simple Plan\",\"publisher\":{\"@id\":\"https:\/\/www.simpleplan.cz\/cz\/#organization\"},\"potentialAction\":[{\"@type\":\"SearchAction\",\"target\":{\"@type\":\"EntryPoint\",\"urlTemplate\":\"https:\/\/www.simpleplan.cz\/cz\/?s={search_term_string}\"},\"query-input\":\"required name=search_term_string\"}],\"inLanguage\":\"cs\"},{\"@type\":\"Organization\",\"@id\":\"https:\/\/www.simpleplan.cz\/cz\/#organization\",\"name\":\"CZ: SimplePlan.cz\",\"url\":\"https:\/\/www.simpleplan.cz\/cz\/\",\"logo\":{\"@type\":\"ImageObject\",\"inLanguage\":\"cs\",\"@id\":\"https:\/\/www.simpleplan.cz\/cz\/#\/schema\/logo\/image\/\",\"url\":\"https:\/\/www.simpleplan.cz\/cz\/wp-content\/uploads\/spczlogo.png\",\"contentUrl\":\"https:\/\/www.simpleplan.cz\/cz\/wp-content\/uploads\/spczlogo.png\",\"width\":250,\"height\":190,\"caption\":\"CZ: SimplePlan.cz\"},\"image\":{\"@id\":\"https:\/\/www.simpleplan.cz\/cz\/#\/schema\/logo\/image\/\"},\"sameAs\":[\"http:\/\/www.facebook.com\/simpleplancz\",\"https:\/\/twitter.com\/simpleplancz\",\"http:\/\/www.instagram.com\/simpleplancz\",\"http:\/\/www.youtube.com\/simpleplancz\"]}]}<\/script>\n<!-- \/ Yoast SEO plugin. -->","yoast_head_json":{"title":"Problem Child | CZ: SimplePlan.cz","robots":{"index":"index","follow":"follow","max-snippet":"max-snippet:-1","max-image-preview":"max-image-preview:large","max-video-preview":"max-video-preview:-1"},"canonical":"https:\/\/www.simpleplan.cz\/cz\/index.php\/kapela\/diskografie\/problem-child\/","og_locale":"cs_CZ","og_type":"article","og_title":"Problem Child | CZ: SimplePlan.cz","og_description":"Z\u00e1kladn\u00ed info Album: Taking One For The Team Auto\u0159i textu: Pierre Bouvier, Chuck Comeau, Justin","og_url":"https:\/\/www.simpleplan.cz\/cz\/index.php\/kapela\/diskografie\/problem-child\/","og_site_name":"CZ: SimplePlan.cz","article_publisher":"http:\/\/www.facebook.com\/simpleplancz","article_modified_time":"2023-06-26T07:29:57+00:00","og_image":[{"url":"http:\/\/www.simpleplan.cz\/cz\/wp-content\/uploads\/logo.gif"}],"twitter_card":"summary_large_image","twitter_site":"@simpleplancz","twitter_misc":{"Odhadovan\u00e1 doba \u010dten\u00ed":"4 minuty"},"schema":{"@context":"https:\/\/schema.org","@graph":[{"@type":"WebPage","@id":"https:\/\/www.simpleplan.cz\/cz\/index.php\/kapela\/diskografie\/problem-child\/","url":"https:\/\/www.simpleplan.cz\/cz\/index.php\/kapela\/diskografie\/problem-child\/","name":"Problem Child | CZ: SimplePlan.cz","isPartOf":{"@id":"https:\/\/www.simpleplan.cz\/cz\/#website"},"datePublished":"2016-02-19T21:18:01+00:00","dateModified":"2023-06-26T07:29:57+00:00","breadcrumb":{"@id":"https:\/\/www.simpleplan.cz\/cz\/index.php\/kapela\/diskografie\/problem-child\/#breadcrumb"},"inLanguage":"cs","potentialAction":[{"@type":"ReadAction","target":["https:\/\/www.simpleplan.cz\/cz\/index.php\/kapela\/diskografie\/problem-child\/"]}]},{"@type":"BreadcrumbList","@id":"https:\/\/www.simpleplan.cz\/cz\/index.php\/kapela\/diskografie\/problem-child\/#breadcrumb","itemListElement":[{"@type":"ListItem","position":1,"name":"Dom\u016f","item":"https:\/\/www.simpleplan.cz\/cz\/"},{"@type":"ListItem","position":2,"name":"Kapela","item":"https:\/\/www.simpleplan.cz\/cz\/index.php\/kapela\/"},{"@type":"ListItem","position":3,"name":"Diskografie","item":"https:\/\/www.simpleplan.cz\/cz\/index.php\/kapela\/diskografie\/"},{"@type":"ListItem","position":4,"name":"Problem Child"}]},{"@type":"WebSite","@id":"https:\/\/www.simpleplan.cz\/cz\/#website","url":"https:\/\/www.simpleplan.cz\/cz\/","name":"CZ: SimplePlan.cz","description":"Nejlep\u0161\u00ed zdroj informac\u00ed o kapele Simple Plan","publisher":{"@id":"https:\/\/www.simpleplan.cz\/cz\/#organization"},"potentialAction":[{"@type":"SearchAction","target":{"@type":"EntryPoint","urlTemplate":"https:\/\/www.simpleplan.cz\/cz\/?s={search_term_string}"},"query-input":"required name=search_term_string"}],"inLanguage":"cs"},{"@type":"Organization","@id":"https:\/\/www.simpleplan.cz\/cz\/#organization","name":"CZ: SimplePlan.cz","url":"https:\/\/www.simpleplan.cz\/cz\/","logo":{"@type":"ImageObject","inLanguage":"cs","@id":"https:\/\/www.simpleplan.cz\/cz\/#\/schema\/logo\/image\/","url":"https:\/\/www.simpleplan.cz\/cz\/wp-content\/uploads\/spczlogo.png","contentUrl":"https:\/\/www.simpleplan.cz\/cz\/wp-content\/uploads\/spczlogo.png","width":250,"height":190,"caption":"CZ: SimplePlan.cz"},"image":{"@id":"https:\/\/www.simpleplan.cz\/cz\/#\/schema\/logo\/image\/"},"sameAs":["http:\/\/www.facebook.com\/simpleplancz","https:\/\/twitter.com\/simpleplancz","http:\/\/www.instagram.com\/simpleplancz","http:\/\/www.youtube.com\/simpleplancz"]}]}},"_links":{"self":[{"href":"https:\/\/www.simpleplan.cz\/cz\/index.php\/wp-json\/wp\/v2\/pages\/18223"}],"collection":[{"href":"https:\/\/www.simpleplan.cz\/cz\/index.php\/wp-json\/wp\/v2\/pages"}],"about":[{"href":"https:\/\/www.simpleplan.cz\/cz\/index.php\/wp-json\/wp\/v2\/types\/page"}],"author":[{"embeddable":true,"href":"https:\/\/www.simpleplan.cz\/cz\/index.php\/wp-json\/wp\/v2\/users\/5"}],"replies":[{"embeddable":true,"href":"https:\/\/www.simpleplan.cz\/cz\/index.php\/wp-json\/wp\/v2\/comments?post=18223"}],"version-history":[{"count":7,"href":"https:\/\/www.simpleplan.cz\/cz\/index.php\/wp-json\/wp\/v2\/pages\/18223\/revisions"}],"predecessor-version":[{"id":23292,"href":"https:\/\/www.simpleplan.cz\/cz\/index.php\/wp-json\/wp\/v2\/pages\/18223\/revisions\/23292"}],"up":[{"embeddable":true,"href":"https:\/\/www.simpleplan.cz\/cz\/index.php\/wp-json\/wp\/v2\/pages\/5273"}],"wp:attachment":[{"href":"https:\/\/www.simpleplan.cz\/cz\/index.php\/wp-json\/wp\/v2\/media?parent=18223"}],"curies":[{"name":"wp","href":"https:\/\/api.w.org\/{rel}","templated":true}]}}