{"id":18266,"date":"2016-02-21T21:49:22","date_gmt":"2016-02-21T20:49:22","guid":{"rendered":"http:\/\/www.simpleplan.cz\/cz\/?page_id=18266"},"modified":"2023-06-26T09:29:53","modified_gmt":"2023-06-26T07:29:53","slug":"soutez-o-setkani-se-simple-plan-v-ramci-soundchecku","status":"publish","type":"page","link":"https:\/\/www.simpleplan.cz\/cz\/index.php\/extra\/praha2016\/soutez-o-setkani-se-simple-plan-v-ramci-soundchecku\/","title":{"rendered":"Sout\u011b\u017e o setk\u00e1n\u00ed se Simple Plan v r\u00e1mci soundchecku"},"content":{"rendered":"<div class=\"pagecontent\">\n<p><center><b>SOUT\u011a\u017d JE UKON\u010cENA! V\u00fdherci se st\u00e1vaj\u00ed: Lenka Hor\u00e1kov\u00e1 (\u0160umperk) a Tereza Niedobov\u00e1 (T\u0159inec)<\/b><\/center><\/p>\n<p>Ji\u017e 5. b\u0159ezna 2016 v Praze Simple Plan ji\u017e pot\u0159et\u00ed vystoup\u00ed na \u010desk\u00e9 p\u016fd\u011b, a to v r\u00e1mci koncertu v Mal\u00e9 sportovn\u00ed hale. <b>Pokud ji\u017e m\u00e1te vstupenku na tento koncert<\/b> (a pokud ne, okam\u017eit\u011b si ji po\u0159i\u010fte, u\u017e jich moc nezb\u00fdv\u00e1!), m\u00e1te mo\u017enost se na SimplePlan.cz d\u00edky spolupr\u00e1ci s <I>Warner Music Czech Republic<\/i> z\u00fa\u010dastnit <b>sout\u011b\u017ee o setk\u00e1n\u00ed se Simple Plan v r\u00e1mci soundchecku<\/b>! <\/p>\n<p>Dva v\u00fdherci t\u00e9to sout\u011b\u017ee budou vpu\u0161t\u011bni na zvukovou zkou\u0161ku kapely, kde se se \u010dleny Simple Plan budou tak\u00e9 moci setkat, vyfotit a prohodit p\u00e1r slov! Nav\u00edc dostanou oba v\u00fdherci nov\u00e9 album Simple Plan jako d\u00e1rek! A jak\u017ee se m\u016f\u017eete st\u00e1t jedn\u00edm ze dvou v\u00fdherc\u016f? Sta\u010d\u00ed odpov\u011bd\u011bt na 3 sout\u011b\u017en\u00ed ot\u00e1zky, jejich\u017e odpov\u011b\u010f najdete bu\u010f ve sv\u00e9 hlav\u011b, anebo na str\u00e1nk\u00e1ch SimplePlan.cz :)<\/p>\n<p><center><img decoding=\"async\" src=\"http:\/\/www.simpleplan.cz\/images\/soutez5.png\"><\/center><\/p>\n<div class=\"musichead\">Sout\u011b\u017en\u00ed ot\u00e1zky:<\/div>\n<p><b>1. Kterou p\u00edse\u0148, kter\u00e1 se nach\u00e1z\u00ed na nov\u00e9m albu Simple Plan &#8222;Taking One For The Team&#8220;, kapela fanou\u0161k\u016fm p\u0159edstavila v akustick\u00e9 podob\u011b jako prvn\u00ed ji\u017e na podzim roku 2014? <\/b> <i>(Ano, ot\u00e1zka spr\u00e1vn\u011b zmi\u0148uje rok 2014, ne 2015 &#8211; jen zap\u0159em\u00fd\u0161lejte ;))<\/i><\/p>\n<p><b>2. Kter\u00e1 z p\u00edsn\u00ed na desce &#8222;Taking One For The Team&#8220; vyjad\u0159uje to, jak se kapela vyrovn\u00e1vala s negativn\u00edmi kritikami?<\/b> <i>(2 mo\u017en\u00e9 odpov\u011bdi! Napi\u0161te pouze jednu)<\/i><\/p>\n<p><b>3. Kolik let fungov\u00e1n\u00ed letos v srpnu oslav\u00ed str\u00e1nky SimplePlan.cz?<\/b><\/p>\n<p>(Pozn\u00e1mka: Na v\u0161echny ot\u00e1zky naleznete odpov\u011bdi na SimplePlan.cz!)<\/p>\n<div class=\"musichead\">Jak sout\u011b\u017eit:<\/div>\n<p>Na email <b>simpleplancz@seznam.cz<\/b> pod p\u0159edm\u011btem <b>&#8222;SOUT\u011a\u017d&#8220;<\/b> za\u0161lete odpov\u011bdi na v\u0161echny 3 sout\u011b\u017en\u00ed ot\u00e1zky a nezapome\u0148te p\u0159idat tak\u00e9 sv\u00e9 <b>jm\u00e9no, p\u0159\u00edjmen\u00ed, adresu bydli\u0161t\u011b, kontaktn\u00ed telefon a kontaktn\u00ed e-mail<\/b>. Pozor &#8211; vstupenka na koncert nen\u00ed sou\u010d\u00e1st\u00ed v\u00fdhry &#8211; sout\u011b\u017e\u00edc\u00ed mus\u00ed m\u00edt p\u0159edem zakoupenou vstupenku, nebo nebudou v p\u0159\u00edpad\u011b v\u00fdhry na soundcheck vpu\u0161t\u011bni.<\/p>\n<p><b>Sout\u011b\u017e trv\u00e1 od pond\u011bl\u00ed 22. \u00fanora do p\u00e1tku 26. \u00fanora do 15 hodin<\/b>. Pot\u00e9 budou z do\u0161l\u00fdch spr\u00e1vn\u00fdch odpov\u011bd\u00ed vylosov\u00e1ni <b>dva \u0161\u0165astn\u00ed v\u00fdherci<\/b>, p\u0159i\u010dem\u017e ka\u017ed\u00fd z nich z\u00edsk\u00e1 <b>p\u0159\u00edstup na soundcheck<\/b> a tak\u00e9 jedno <b>CD &#8222;Taking One For The Team&#8220;<\/b>! Jm\u00e9na v\u00fdherc\u016f budou ozn\u00e1mena na str\u00e1nk\u00e1ch, p\u0159\u00edpadn\u011b i na Facebooku a z\u00e1rove\u0148 budou v\u00fdherci tak\u00e9 kontaktov\u00e1ni e-mailem (p\u0159\u00edpadn\u011b i telefonicky).<\/p>\n<div class=\"musichead\">\u00dapln\u00e1 pravidla a podm\u00ednky sout\u011b\u017ee:<\/div>\n<p><font size=\"1\">1. Vyhla\u0161ovatelem sout\u011b\u017ee o CD Simple Plan &#8222;Taking One For The Team&#8220; (d\u00e1le jen &#8222;Sout\u011b\u017e&#8220;) je hudebn\u00ed server SimplePlan.cz. Ceny do sout\u011b\u017ee byly v\u011bnov\u00e1ny vydavatelstv\u00edm Warner Music. Sout\u011b\u017e prob\u00edh\u00e1 od 22. 2. do 26. 2. 2016 do 15 hodin. V Sout\u011b\u017ei maj\u00ed dva sout\u011b\u017e\u00edc\u00ed mo\u017enost vyhr\u00e1t setk\u00e1n\u00ed s kapelou Simple Plan, vstup na soundcheck a CD &#8222;Taking One For The Team&#8220;.<\/p>\n<p>2. Sout\u011b\u017ee se m\u016f\u017ee za n\u00ed\u017ee uveden\u00fdch podm\u00ednek z\u00fa\u010dastnit ka\u017ed\u00e1 fyzick\u00e1 osoba s\u00eddl\u00edc\u00ed v \u010cesk\u00e9 republice, s v\u00fdjimkou osob, kter\u00e9 jsou v pracovn\u011b-pr\u00e1vn\u00edm \u010di jin\u00e9m obdobn\u00e9m pr\u00e1vn\u00edm vztahu k SimplePlan.cz, spolupracuj\u00edc\u00edch p\u0159\u00edmo \u010di nep\u0159\u00edmo na realizaci Sout\u011b\u017ee, nebo jejich p\u0159\u00edbuzn\u00fdch.<\/p>\n<p>3. \u00dakolem sout\u011b\u017e\u00edc\u00edch je spr\u00e1vn\u011b odpov\u011bd\u011bt na 3 sout\u011b\u017en\u00ed ot\u00e1zky a odpov\u011bdi zaslat na emailovou adresu simpleplancz@seznam.cz. Do p\u0159edm\u011btu zpr\u00e1vy je t\u0159eba uv\u00e9st heslo &#8222;SOUT\u011a\u017d&#8220; a v textu zpr\u00e1vy krom\u011b spr\u00e1vn\u00fdch odpov\u011bd\u00ed uv\u00e9st svoje jm\u00e9no, p\u0159\u00edjmen\u00ed, adresu bydli\u0161t\u011b, telefonn\u00ed \u010d\u00edslo a e-mailovou adresu. E-maily, kter\u00e9 nebudou obsahovat tyto \u00fadaje, nebudou do Sout\u011b\u017ee za\u0159azeny. Sout\u011b\u017e\u00edc\u00ed berou na v\u011bdom\u00ed a souhlas\u00ed s t\u00edm, \u017ee v p\u0159\u00edpad\u011b v\u00fdhry bude jejich identita v podob\u011b jm\u00e9na, p\u0159\u00edjmen\u00ed a m\u00edsta bydli\u0161t\u011b (m\u011bsta) zve\u0159ejn\u011bna na internetov\u00fdch str\u00e1nk\u00e1ch http:\/\/www.simpleplan.cz, p\u0159\u00edpadn\u011b na Facebooku (www.facebook.com\/simpleplancz). Ostatn\u00ed informace o sout\u011b\u017e\u00edc\u00edch z\u016fstanou d\u016fv\u011brn\u00e9 a nebudou zve\u0159ej\u0148ov\u00e1ny t\u0159et\u00edm osob\u00e1m.<\/p>\n<p>4. Ka\u017ed\u00fd sout\u011b\u017e\u00edc\u00ed m\u016f\u017ee do Sout\u011b\u017ee zaslat pouze jeden e-mail s odpov\u011b\u010fmi na sout\u011b\u017en\u00ed ot\u00e1zky. Poru\u0161en\u00ed tohoto pravidla je d\u016fvodem pro vylou\u010den\u00ed sout\u011b\u017e\u00edc\u00edho ze Sout\u011b\u017ee.<\/p>\n<p>5. Vstupenka na koncert nen\u00ed sou\u010d\u00e1st\u00ed v\u00fdhry &#8211; sout\u011b\u017e\u00edc\u00ed mus\u00ed m\u00edt ji\u017e p\u0159edem zakoupenou vstupenku, nebo nebudou v p\u0159\u00edpad\u011b v\u00fdhry na soundcheck vpu\u0161t\u011bni.<\/p>\n<p>6. Ze v\u0161ech sout\u011b\u017e\u00edc\u00edch, kte\u0159\u00ed za\u0161lou spr\u00e1vn\u00e9 odpov\u011bdi na sout\u011b\u017en\u00ed ot\u00e1zky, jejich\u017e e-mail bude obsahovat po\u017eadovan\u00e9 \u00fadaje a bude na uvedenou e-mailovou adresu doru\u010den ve stanoven\u00e9 lh\u016ft\u011b, budou po skon\u010den\u00ed Sout\u011b\u017ee n\u00e1hodn\u011b vylosov\u00e1ni 2 sout\u011b\u017e\u00edc\u00ed, kte\u0159\u00ed se stanou v\u00fdherci sout\u011b\u017ee. V\u00fdherci budou kontaktov\u00e1ni prost\u0159ednictv\u00edm e-mailu nebo telefonu.<\/p>\n<p>7. Ceny budou v\u00fdherc\u016fm p\u0159ed\u00e1ny na m\u00edst\u011b koncertu, p\u0159\u00edpadn\u011b zasl\u00e1ny po\u0161tou na jimi uvedenou adresu (bydli\u0161t\u011b). Ceny budou zas\u00edl\u00e1ny pouze na adresy na \u00fazem\u00ed \u010cesk\u00e9 republiky. Nep\u0159evzat\u00e9 ceny propadaj\u00ed bez n\u00e1hrady.<\/p>\n<p>8. SimplePlan.cz si vyhrazuje pr\u00e1vo vylou\u010dit ze Sout\u011b\u017ee sout\u011b\u017e\u00edc\u00edho, u kter\u00e9ho zjist\u00ed nebo bude m\u00edt d\u016fvodn\u00e9 podez\u0159en\u00ed, \u017ee nespl\u0148uje podm\u00ednky \u00fa\u010dasti v Sout\u011b\u017ei stanoven\u00e9 t\u011bmito podm\u00ednkami Sout\u011b\u017ee.<\/p>\n<p>9. SimplePlan.cz si vyhrazuje pr\u00e1vo pravidla Sout\u011b\u017ee a tyto podm\u00ednky sout\u011b\u017ee dle pot\u0159eby m\u011bnit, upravit nebo doplnit, v\u010detn\u011b mo\u017enosti Sout\u011b\u017e prodlou\u017eit, zkr\u00e1tit nebo ji ze z\u00e1va\u017en\u00fdch d\u016fvod\u016f zcela odvolat, a to bez jak\u00fdchkoli n\u00e1rok\u016f sout\u011b\u017e\u00edc\u00edch v\u016f\u010di SimplePlan.cz<\/font><\/p>\n<\/div>\n<div class=\"fblikebutton_button\" style=\"float: left; padding-top: 20px; margin-right: 20px; padding-bottom: 20px; padding-left: 20px;\"><iframe src=\"http:\/\/www.facebook.com\/plugins\/like.php?href=https%3A%2F%2Fwww.simpleplan.cz%2Fcz%2Findex.php%2Fextra%2Fpraha2016%2Fsoutez-o-setkani-se-simple-plan-v-ramci-soundchecku%2F&amp;layout=standard&amp;show-faces=false&amp;width=450&amp;action=like&amp;colorscheme=light\" scrolling=\"no\" frameborder=\"0\" allowTransparency=\"true\" style=\"border:none; overflow:hidden; width:450px; height:26px\"><\/iframe><\/div>\n","protected":false},"excerpt":{"rendered":"<p>SOUT\u011a\u017d JE UKON\u010cENA! V\u00fdherci se st\u00e1vaj\u00ed: Lenka Hor\u00e1kov\u00e1 (\u0160umperk) a Tereza Niedobov\u00e1 (T\u0159inec) Ji\u017e 5.<\/p>\n","protected":false},"author":5,"featured_media":0,"parent":17526,"menu_order":0,"comment_status":"closed","ping_status":"closed","template":"","meta":{"footnotes":""},"yoast_head":"<!-- This site is optimized with the Yoast SEO plugin v20.9 - https:\/\/yoast.com\/wordpress\/plugins\/seo\/ -->\n<title>Sout\u011b\u017e o setk\u00e1n\u00ed se Simple Plan v r\u00e1mci soundchecku | CZ: SimplePlan.cz<\/title>\n<meta name=\"robots\" content=\"index, follow, max-snippet:-1, max-image-preview:large, max-video-preview:-1\" \/>\n<link rel=\"canonical\" href=\"https:\/\/www.simpleplan.cz\/cz\/index.php\/extra\/praha2016\/soutez-o-setkani-se-simple-plan-v-ramci-soundchecku\/\" \/>\n<meta property=\"og:locale\" content=\"cs_CZ\" \/>\n<meta property=\"og:type\" content=\"article\" \/>\n<meta property=\"og:title\" content=\"Sout\u011b\u017e o setk\u00e1n\u00ed se Simple Plan v r\u00e1mci soundchecku | CZ: SimplePlan.cz\" \/>\n<meta property=\"og:description\" content=\"SOUT\u011a\u017d JE UKON\u010cENA! V\u00fdherci se st\u00e1vaj\u00ed: Lenka Hor\u00e1kov\u00e1 (\u0160umperk) a Tereza Niedobov\u00e1 (T\u0159inec) Ji\u017e 5.\" \/>\n<meta property=\"og:url\" content=\"https:\/\/www.simpleplan.cz\/cz\/index.php\/extra\/praha2016\/soutez-o-setkani-se-simple-plan-v-ramci-soundchecku\/\" \/>\n<meta property=\"og:site_name\" content=\"CZ: SimplePlan.cz\" \/>\n<meta property=\"article:publisher\" content=\"http:\/\/www.facebook.com\/simpleplancz\" \/>\n<meta property=\"article:modified_time\" content=\"2023-06-26T07:29:53+00:00\" \/>\n<meta property=\"og:image\" content=\"http:\/\/www.simpleplan.cz\/images\/soutez5.png\" \/>\n<meta name=\"twitter:card\" content=\"summary_large_image\" \/>\n<meta name=\"twitter:site\" content=\"@simpleplancz\" \/>\n<meta name=\"twitter:label1\" content=\"Odhadovan\u00e1 doba \u010dten\u00ed\" \/>\n\t<meta name=\"twitter:data1\" content=\"5 minut\" \/>\n<script type=\"application\/ld+json\" class=\"yoast-schema-graph\">{\"@context\":\"https:\/\/schema.org\",\"@graph\":[{\"@type\":\"WebPage\",\"@id\":\"https:\/\/www.simpleplan.cz\/cz\/index.php\/extra\/praha2016\/soutez-o-setkani-se-simple-plan-v-ramci-soundchecku\/\",\"url\":\"https:\/\/www.simpleplan.cz\/cz\/index.php\/extra\/praha2016\/soutez-o-setkani-se-simple-plan-v-ramci-soundchecku\/\",\"name\":\"Sout\u011b\u017e o setk\u00e1n\u00ed se Simple Plan v r\u00e1mci soundchecku | CZ: SimplePlan.cz\",\"isPartOf\":{\"@id\":\"https:\/\/www.simpleplan.cz\/cz\/#website\"},\"datePublished\":\"2016-02-21T20:49:22+00:00\",\"dateModified\":\"2023-06-26T07:29:53+00:00\",\"breadcrumb\":{\"@id\":\"https:\/\/www.simpleplan.cz\/cz\/index.php\/extra\/praha2016\/soutez-o-setkani-se-simple-plan-v-ramci-soundchecku\/#breadcrumb\"},\"inLanguage\":\"cs\",\"potentialAction\":[{\"@type\":\"ReadAction\",\"target\":[\"https:\/\/www.simpleplan.cz\/cz\/index.php\/extra\/praha2016\/soutez-o-setkani-se-simple-plan-v-ramci-soundchecku\/\"]}]},{\"@type\":\"BreadcrumbList\",\"@id\":\"https:\/\/www.simpleplan.cz\/cz\/index.php\/extra\/praha2016\/soutez-o-setkani-se-simple-plan-v-ramci-soundchecku\/#breadcrumb\",\"itemListElement\":[{\"@type\":\"ListItem\",\"position\":1,\"name\":\"Dom\u016f\",\"item\":\"https:\/\/www.simpleplan.cz\/cz\/\"},{\"@type\":\"ListItem\",\"position\":2,\"name\":\"Extra\",\"item\":\"https:\/\/www.simpleplan.cz\/cz\/index.php\/extra\/\"},{\"@type\":\"ListItem\",\"position\":3,\"name\":\"Koncert Simple Plan v Praze \u2013 05.03.2016\",\"item\":\"https:\/\/www.simpleplan.cz\/cz\/index.php\/extra\/praha2016\/\"},{\"@type\":\"ListItem\",\"position\":4,\"name\":\"Sout\u011b\u017e o setk\u00e1n\u00ed se Simple Plan v r\u00e1mci soundchecku\"}]},{\"@type\":\"WebSite\",\"@id\":\"https:\/\/www.simpleplan.cz\/cz\/#website\",\"url\":\"https:\/\/www.simpleplan.cz\/cz\/\",\"name\":\"CZ: SimplePlan.cz\",\"description\":\"Nejlep\u0161\u00ed zdroj informac\u00ed o kapele Simple Plan\",\"publisher\":{\"@id\":\"https:\/\/www.simpleplan.cz\/cz\/#organization\"},\"potentialAction\":[{\"@type\":\"SearchAction\",\"target\":{\"@type\":\"EntryPoint\",\"urlTemplate\":\"https:\/\/www.simpleplan.cz\/cz\/?s={search_term_string}\"},\"query-input\":\"required name=search_term_string\"}],\"inLanguage\":\"cs\"},{\"@type\":\"Organization\",\"@id\":\"https:\/\/www.simpleplan.cz\/cz\/#organization\",\"name\":\"CZ: SimplePlan.cz\",\"url\":\"https:\/\/www.simpleplan.cz\/cz\/\",\"logo\":{\"@type\":\"ImageObject\",\"inLanguage\":\"cs\",\"@id\":\"https:\/\/www.simpleplan.cz\/cz\/#\/schema\/logo\/image\/\",\"url\":\"https:\/\/www.simpleplan.cz\/cz\/wp-content\/uploads\/spczlogo.png\",\"contentUrl\":\"https:\/\/www.simpleplan.cz\/cz\/wp-content\/uploads\/spczlogo.png\",\"width\":250,\"height\":190,\"caption\":\"CZ: SimplePlan.cz\"},\"image\":{\"@id\":\"https:\/\/www.simpleplan.cz\/cz\/#\/schema\/logo\/image\/\"},\"sameAs\":[\"http:\/\/www.facebook.com\/simpleplancz\",\"https:\/\/twitter.com\/simpleplancz\",\"http:\/\/www.instagram.com\/simpleplancz\",\"http:\/\/www.youtube.com\/simpleplancz\"]}]}<\/script>\n<!-- \/ Yoast SEO plugin. -->","yoast_head_json":{"title":"Sout\u011b\u017e o setk\u00e1n\u00ed se Simple Plan v r\u00e1mci soundchecku | CZ: SimplePlan.cz","robots":{"index":"index","follow":"follow","max-snippet":"max-snippet:-1","max-image-preview":"max-image-preview:large","max-video-preview":"max-video-preview:-1"},"canonical":"https:\/\/www.simpleplan.cz\/cz\/index.php\/extra\/praha2016\/soutez-o-setkani-se-simple-plan-v-ramci-soundchecku\/","og_locale":"cs_CZ","og_type":"article","og_title":"Sout\u011b\u017e o setk\u00e1n\u00ed se Simple Plan v r\u00e1mci soundchecku | CZ: SimplePlan.cz","og_description":"SOUT\u011a\u017d JE UKON\u010cENA! V\u00fdherci se st\u00e1vaj\u00ed: Lenka Hor\u00e1kov\u00e1 (\u0160umperk) a Tereza Niedobov\u00e1 (T\u0159inec) Ji\u017e 5.","og_url":"https:\/\/www.simpleplan.cz\/cz\/index.php\/extra\/praha2016\/soutez-o-setkani-se-simple-plan-v-ramci-soundchecku\/","og_site_name":"CZ: SimplePlan.cz","article_publisher":"http:\/\/www.facebook.com\/simpleplancz","article_modified_time":"2023-06-26T07:29:53+00:00","og_image":[{"url":"http:\/\/www.simpleplan.cz\/images\/soutez5.png"}],"twitter_card":"summary_large_image","twitter_site":"@simpleplancz","twitter_misc":{"Odhadovan\u00e1 doba \u010dten\u00ed":"5 minut"},"schema":{"@context":"https:\/\/schema.org","@graph":[{"@type":"WebPage","@id":"https:\/\/www.simpleplan.cz\/cz\/index.php\/extra\/praha2016\/soutez-o-setkani-se-simple-plan-v-ramci-soundchecku\/","url":"https:\/\/www.simpleplan.cz\/cz\/index.php\/extra\/praha2016\/soutez-o-setkani-se-simple-plan-v-ramci-soundchecku\/","name":"Sout\u011b\u017e o setk\u00e1n\u00ed se Simple Plan v r\u00e1mci soundchecku | CZ: SimplePlan.cz","isPartOf":{"@id":"https:\/\/www.simpleplan.cz\/cz\/#website"},"datePublished":"2016-02-21T20:49:22+00:00","dateModified":"2023-06-26T07:29:53+00:00","breadcrumb":{"@id":"https:\/\/www.simpleplan.cz\/cz\/index.php\/extra\/praha2016\/soutez-o-setkani-se-simple-plan-v-ramci-soundchecku\/#breadcrumb"},"inLanguage":"cs","potentialAction":[{"@type":"ReadAction","target":["https:\/\/www.simpleplan.cz\/cz\/index.php\/extra\/praha2016\/soutez-o-setkani-se-simple-plan-v-ramci-soundchecku\/"]}]},{"@type":"BreadcrumbList","@id":"https:\/\/www.simpleplan.cz\/cz\/index.php\/extra\/praha2016\/soutez-o-setkani-se-simple-plan-v-ramci-soundchecku\/#breadcrumb","itemListElement":[{"@type":"ListItem","position":1,"name":"Dom\u016f","item":"https:\/\/www.simpleplan.cz\/cz\/"},{"@type":"ListItem","position":2,"name":"Extra","item":"https:\/\/www.simpleplan.cz\/cz\/index.php\/extra\/"},{"@type":"ListItem","position":3,"name":"Koncert Simple Plan v Praze \u2013 05.03.2016","item":"https:\/\/www.simpleplan.cz\/cz\/index.php\/extra\/praha2016\/"},{"@type":"ListItem","position":4,"name":"Sout\u011b\u017e o setk\u00e1n\u00ed se Simple Plan v r\u00e1mci soundchecku"}]},{"@type":"WebSite","@id":"https:\/\/www.simpleplan.cz\/cz\/#website","url":"https:\/\/www.simpleplan.cz\/cz\/","name":"CZ: SimplePlan.cz","description":"Nejlep\u0161\u00ed zdroj informac\u00ed o kapele Simple Plan","publisher":{"@id":"https:\/\/www.simpleplan.cz\/cz\/#organization"},"potentialAction":[{"@type":"SearchAction","target":{"@type":"EntryPoint","urlTemplate":"https:\/\/www.simpleplan.cz\/cz\/?s={search_term_string}"},"query-input":"required name=search_term_string"}],"inLanguage":"cs"},{"@type":"Organization","@id":"https:\/\/www.simpleplan.cz\/cz\/#organization","name":"CZ: SimplePlan.cz","url":"https:\/\/www.simpleplan.cz\/cz\/","logo":{"@type":"ImageObject","inLanguage":"cs","@id":"https:\/\/www.simpleplan.cz\/cz\/#\/schema\/logo\/image\/","url":"https:\/\/www.simpleplan.cz\/cz\/wp-content\/uploads\/spczlogo.png","contentUrl":"https:\/\/www.simpleplan.cz\/cz\/wp-content\/uploads\/spczlogo.png","width":250,"height":190,"caption":"CZ: SimplePlan.cz"},"image":{"@id":"https:\/\/www.simpleplan.cz\/cz\/#\/schema\/logo\/image\/"},"sameAs":["http:\/\/www.facebook.com\/simpleplancz","https:\/\/twitter.com\/simpleplancz","http:\/\/www.instagram.com\/simpleplancz","http:\/\/www.youtube.com\/simpleplancz"]}]}},"_links":{"self":[{"href":"https:\/\/www.simpleplan.cz\/cz\/index.php\/wp-json\/wp\/v2\/pages\/18266"}],"collection":[{"href":"https:\/\/www.simpleplan.cz\/cz\/index.php\/wp-json\/wp\/v2\/pages"}],"about":[{"href":"https:\/\/www.simpleplan.cz\/cz\/index.php\/wp-json\/wp\/v2\/types\/page"}],"author":[{"embeddable":true,"href":"https:\/\/www.simpleplan.cz\/cz\/index.php\/wp-json\/wp\/v2\/users\/5"}],"replies":[{"embeddable":true,"href":"https:\/\/www.simpleplan.cz\/cz\/index.php\/wp-json\/wp\/v2\/comments?post=18266"}],"version-history":[{"count":14,"href":"https:\/\/www.simpleplan.cz\/cz\/index.php\/wp-json\/wp\/v2\/pages\/18266\/revisions"}],"predecessor-version":[{"id":18364,"href":"https:\/\/www.simpleplan.cz\/cz\/index.php\/wp-json\/wp\/v2\/pages\/18266\/revisions\/18364"}],"up":[{"embeddable":true,"href":"https:\/\/www.simpleplan.cz\/cz\/index.php\/wp-json\/wp\/v2\/pages\/17526"}],"wp:attachment":[{"href":"https:\/\/www.simpleplan.cz\/cz\/index.php\/wp-json\/wp\/v2\/media?parent=18266"}],"curies":[{"name":"wp","href":"https:\/\/api.w.org\/{rel}","templated":true}]}}