{"id":18391,"date":"2016-02-28T13:57:33","date_gmt":"2016-02-28T12:57:33","guid":{"rendered":"http:\/\/www.simpleplan.cz\/cz\/?page_id=18391"},"modified":"2023-06-26T09:29:53","modified_gmt":"2023-06-26T07:29:53","slug":"party-medley","status":"publish","type":"page","link":"https:\/\/www.simpleplan.cz\/cz\/index.php\/extra\/praha2016\/party-medley\/","title":{"rendered":"Party medley"},"content":{"rendered":"<div class=\"pagecontent\">\n<p>V pr\u016fb\u011bhu koncertn\u00edho turn\u00e9 Simple Plan hraj\u00ed tzv. <b>&#8222;party medley&#8220;<\/b> &#8211; tedy n\u011bkolik cover\u016f slavn\u00fdch song\u016f, kter\u00fdmi ozvl\u00e1\u0161t\u0148uj\u00ed sv\u00e9 vystoupen\u00ed. Na leto\u0161n\u00edm Taking One For The Team turn\u00e9 se jedn\u00e1 o covery \u010d\u00e1st\u00ed song\u016f <b>&#8218;Uptown Funk&#8216;<\/b> od Marka Ronsona\/Bruno Marse a <b>&#8218;Can&#8217;t Feel My Face&#8216;<\/b> od The Weeknd.<\/p>\n<p>N\u00ed\u017ee se m\u016f\u017eete pod\u00edvat na uk\u00e1zku tohoto coveru z Barcelony:<\/p>\n<p><center><iframe src=\"https:\/\/www.youtube.com\/embed\/DZj4sh6JNwE\" width=\"480\" height=\"280\" frameborder=\"0\" allowfullscreen=\"allowfullscreen\"><\/iframe><\/center><\/p>\n<p>A p\u0159ipravit se na pra\u017esk\u00fd koncert a zdej\u0161\u00ed party medley nyn\u00ed m\u016f\u017eete d\u00edky tomuto textu:<\/p>\n<p><center><b>Uptown Funk (\u010d\u00e1st)<\/b><\/p>\n<p>This shit<br \/>\nThis ice cold<br \/>\nMichelle Pfeiffer<br \/>\nFor that white gold<br \/>\nThis one for them hood girls<br \/>\nThem good girls<br \/>\nStraight masterpieces<br \/>\nStylin&#8216;, wilin<br \/>\nLivin&#8216; in up in the city<br \/>\nGot chucks on with Saint Laurent<br \/>\nGotta kiss myself I&#8217;m so pretty<\/p>\n<p>I&#8217;m too hot (hot damn)<br \/>\nCall the police and the fireman<br \/>\nI&#8217;m too hot (hot damn)<br \/>\nMake a dragon wanna retire, man<br \/>\nI&#8217;m too hot (hot damn)<br \/>\nSay my name you know who I am<br \/>\nI&#8217;m too hot (hot damn)<br \/>\nAnd I&#8217;m bad &#8218;bout that money<br \/>\nBreak it down&#8230;<\/p>\n<p>Girls hit your hallelujah (ooh)<br \/>\nGirls hit your hallelujah (ooh)<br \/>\nGirls hit your hallelujah (ooh)<br \/>\nCause Uptown Funk gon&#8216; give it to ya<br \/>\nCause Uptown Funk gon&#8216; give it to ya<br \/>\nCause Uptown Funk gon&#8216; give it to ya<br \/>\nSaturday night and we in the spot<br \/>\nDon&#8217;t believe me just watch (Come on)<\/p>\n<p>Doh<br \/>\nDoh doh doh, doh doh doh, doh doh (Hah!)<\/p>\n<p>Don&#8217;t believe me just watch<\/p>\n<p>Doh<br \/>\nDoh doh doh, doh doh doh, doh doh (Hah!)<\/p>\n<p>Don&#8217;t believe me just watch<br \/>\nDon&#8217;t believe me just watch<br \/>\nDon&#8217;t believe me just watch<br \/>\nDon&#8217;t believe me just watch<br \/>\nHey, hey, hey<\/p>\n<p><b>Can&#8217;t Feel My Face (\u010d\u00e1st)<\/b><\/p>\n<p>And I know she&#8217;ll be the death of me, at least we&#8217;ll both be numb<br \/>\nAnd she&#8217;ll always get the best of me, the worst is yet to come<br \/>\nAll the misery was necessary when we&#8217;re deep in love<br \/>\nThis I know, this I know<\/p>\n<p>She told me, &#8222;Don&#8217;t worry about it&#8220;<br \/>\nShe told me, &#8222;Don&#8217;t worry no more&#8220;<br \/>\nWe both knew we can&#8217;t go without it<br \/>\nShe told me you&#8217;ll never be in love oh oh oooh<\/p>\n<p>I can&#8217;t feel my face when I&#8217;m with you, but I love it, but I love it<br \/>\nI can&#8217;t feel my face when I&#8217;m with you, but I love it, but I love it<\/p>\n<p>I can&#8217;t feel my face when I&#8217;m with you, but I love it, but I love it<br \/>\nI can&#8217;t feel my face when I&#8217;m with you, but I love it, but I love it<br \/>\n<\/center>\n<\/div>\n<div class=\"fblikebutton_button\" style=\"float: left; padding-top: 20px; margin-right: 20px; padding-bottom: 20px; padding-left: 20px;\"><iframe src=\"http:\/\/www.facebook.com\/plugins\/like.php?href=https%3A%2F%2Fwww.simpleplan.cz%2Fcz%2Findex.php%2Fextra%2Fpraha2016%2Fparty-medley%2F&amp;layout=standard&amp;show-faces=false&amp;width=450&amp;action=like&amp;colorscheme=light\" scrolling=\"no\" frameborder=\"0\" allowTransparency=\"true\" style=\"border:none; overflow:hidden; width:450px; height:26px\"><\/iframe><\/div>\n","protected":false},"excerpt":{"rendered":"<p>V pr\u016fb\u011bhu koncertn\u00edho turn\u00e9 Simple Plan hraj\u00ed tzv. &#8222;party medley&#8220; &#8211; tedy n\u011bkolik cover\u016f slavn\u00fdch<\/p>\n","protected":false},"author":5,"featured_media":0,"parent":17526,"menu_order":0,"comment_status":"closed","ping_status":"closed","template":"page-templates\/full-width.php","meta":{"footnotes":""},"yoast_head":"<!-- This site is optimized with the Yoast SEO plugin v20.9 - https:\/\/yoast.com\/wordpress\/plugins\/seo\/ -->\n<title>Party medley | CZ: SimplePlan.cz<\/title>\n<meta name=\"robots\" content=\"index, follow, max-snippet:-1, max-image-preview:large, max-video-preview:-1\" \/>\n<link rel=\"canonical\" href=\"https:\/\/www.simpleplan.cz\/cz\/index.php\/extra\/praha2016\/party-medley\/\" \/>\n<meta property=\"og:locale\" content=\"cs_CZ\" \/>\n<meta property=\"og:type\" content=\"article\" \/>\n<meta property=\"og:title\" content=\"Party medley | CZ: SimplePlan.cz\" \/>\n<meta property=\"og:description\" content=\"V pr\u016fb\u011bhu koncertn\u00edho turn\u00e9 Simple Plan hraj\u00ed tzv. &#8222;party medley&#8220; &#8211; tedy n\u011bkolik cover\u016f slavn\u00fdch\" \/>\n<meta property=\"og:url\" content=\"https:\/\/www.simpleplan.cz\/cz\/index.php\/extra\/praha2016\/party-medley\/\" \/>\n<meta property=\"og:site_name\" content=\"CZ: SimplePlan.cz\" \/>\n<meta property=\"article:publisher\" content=\"http:\/\/www.facebook.com\/simpleplancz\" \/>\n<meta property=\"article:modified_time\" content=\"2023-06-26T07:29:53+00:00\" \/>\n<meta property=\"og:image\" content=\"http:\/\/www.simpleplan.cz\/cz\/wp-content\/uploads\/logo.gif\" \/>\n<meta name=\"twitter:card\" content=\"summary_large_image\" \/>\n<meta name=\"twitter:site\" content=\"@simpleplancz\" \/>\n<meta name=\"twitter:label1\" content=\"Odhadovan\u00e1 doba \u010dten\u00ed\" \/>\n\t<meta name=\"twitter:data1\" content=\"2 minuty\" \/>\n<script type=\"application\/ld+json\" class=\"yoast-schema-graph\">{\"@context\":\"https:\/\/schema.org\",\"@graph\":[{\"@type\":\"WebPage\",\"@id\":\"https:\/\/www.simpleplan.cz\/cz\/index.php\/extra\/praha2016\/party-medley\/\",\"url\":\"https:\/\/www.simpleplan.cz\/cz\/index.php\/extra\/praha2016\/party-medley\/\",\"name\":\"Party medley | CZ: SimplePlan.cz\",\"isPartOf\":{\"@id\":\"https:\/\/www.simpleplan.cz\/cz\/#website\"},\"datePublished\":\"2016-02-28T12:57:33+00:00\",\"dateModified\":\"2023-06-26T07:29:53+00:00\",\"breadcrumb\":{\"@id\":\"https:\/\/www.simpleplan.cz\/cz\/index.php\/extra\/praha2016\/party-medley\/#breadcrumb\"},\"inLanguage\":\"cs\",\"potentialAction\":[{\"@type\":\"ReadAction\",\"target\":[\"https:\/\/www.simpleplan.cz\/cz\/index.php\/extra\/praha2016\/party-medley\/\"]}]},{\"@type\":\"BreadcrumbList\",\"@id\":\"https:\/\/www.simpleplan.cz\/cz\/index.php\/extra\/praha2016\/party-medley\/#breadcrumb\",\"itemListElement\":[{\"@type\":\"ListItem\",\"position\":1,\"name\":\"Dom\u016f\",\"item\":\"https:\/\/www.simpleplan.cz\/cz\/\"},{\"@type\":\"ListItem\",\"position\":2,\"name\":\"Extra\",\"item\":\"https:\/\/www.simpleplan.cz\/cz\/index.php\/extra\/\"},{\"@type\":\"ListItem\",\"position\":3,\"name\":\"Koncert Simple Plan v Praze \u2013 05.03.2016\",\"item\":\"https:\/\/www.simpleplan.cz\/cz\/index.php\/extra\/praha2016\/\"},{\"@type\":\"ListItem\",\"position\":4,\"name\":\"Party medley\"}]},{\"@type\":\"WebSite\",\"@id\":\"https:\/\/www.simpleplan.cz\/cz\/#website\",\"url\":\"https:\/\/www.simpleplan.cz\/cz\/\",\"name\":\"CZ: SimplePlan.cz\",\"description\":\"Nejlep\u0161\u00ed zdroj informac\u00ed o kapele Simple Plan\",\"publisher\":{\"@id\":\"https:\/\/www.simpleplan.cz\/cz\/#organization\"},\"potentialAction\":[{\"@type\":\"SearchAction\",\"target\":{\"@type\":\"EntryPoint\",\"urlTemplate\":\"https:\/\/www.simpleplan.cz\/cz\/?s={search_term_string}\"},\"query-input\":\"required name=search_term_string\"}],\"inLanguage\":\"cs\"},{\"@type\":\"Organization\",\"@id\":\"https:\/\/www.simpleplan.cz\/cz\/#organization\",\"name\":\"CZ: SimplePlan.cz\",\"url\":\"https:\/\/www.simpleplan.cz\/cz\/\",\"logo\":{\"@type\":\"ImageObject\",\"inLanguage\":\"cs\",\"@id\":\"https:\/\/www.simpleplan.cz\/cz\/#\/schema\/logo\/image\/\",\"url\":\"https:\/\/www.simpleplan.cz\/cz\/wp-content\/uploads\/spczlogo.png\",\"contentUrl\":\"https:\/\/www.simpleplan.cz\/cz\/wp-content\/uploads\/spczlogo.png\",\"width\":250,\"height\":190,\"caption\":\"CZ: SimplePlan.cz\"},\"image\":{\"@id\":\"https:\/\/www.simpleplan.cz\/cz\/#\/schema\/logo\/image\/\"},\"sameAs\":[\"http:\/\/www.facebook.com\/simpleplancz\",\"https:\/\/twitter.com\/simpleplancz\",\"http:\/\/www.instagram.com\/simpleplancz\",\"http:\/\/www.youtube.com\/simpleplancz\"]}]}<\/script>\n<!-- \/ Yoast SEO plugin. -->","yoast_head_json":{"title":"Party medley | CZ: SimplePlan.cz","robots":{"index":"index","follow":"follow","max-snippet":"max-snippet:-1","max-image-preview":"max-image-preview:large","max-video-preview":"max-video-preview:-1"},"canonical":"https:\/\/www.simpleplan.cz\/cz\/index.php\/extra\/praha2016\/party-medley\/","og_locale":"cs_CZ","og_type":"article","og_title":"Party medley | CZ: SimplePlan.cz","og_description":"V pr\u016fb\u011bhu koncertn\u00edho turn\u00e9 Simple Plan hraj\u00ed tzv. &#8222;party medley&#8220; &#8211; tedy n\u011bkolik cover\u016f slavn\u00fdch","og_url":"https:\/\/www.simpleplan.cz\/cz\/index.php\/extra\/praha2016\/party-medley\/","og_site_name":"CZ: SimplePlan.cz","article_publisher":"http:\/\/www.facebook.com\/simpleplancz","article_modified_time":"2023-06-26T07:29:53+00:00","og_image":[{"url":"http:\/\/www.simpleplan.cz\/cz\/wp-content\/uploads\/logo.gif"}],"twitter_card":"summary_large_image","twitter_site":"@simpleplancz","twitter_misc":{"Odhadovan\u00e1 doba \u010dten\u00ed":"2 minuty"},"schema":{"@context":"https:\/\/schema.org","@graph":[{"@type":"WebPage","@id":"https:\/\/www.simpleplan.cz\/cz\/index.php\/extra\/praha2016\/party-medley\/","url":"https:\/\/www.simpleplan.cz\/cz\/index.php\/extra\/praha2016\/party-medley\/","name":"Party medley | CZ: SimplePlan.cz","isPartOf":{"@id":"https:\/\/www.simpleplan.cz\/cz\/#website"},"datePublished":"2016-02-28T12:57:33+00:00","dateModified":"2023-06-26T07:29:53+00:00","breadcrumb":{"@id":"https:\/\/www.simpleplan.cz\/cz\/index.php\/extra\/praha2016\/party-medley\/#breadcrumb"},"inLanguage":"cs","potentialAction":[{"@type":"ReadAction","target":["https:\/\/www.simpleplan.cz\/cz\/index.php\/extra\/praha2016\/party-medley\/"]}]},{"@type":"BreadcrumbList","@id":"https:\/\/www.simpleplan.cz\/cz\/index.php\/extra\/praha2016\/party-medley\/#breadcrumb","itemListElement":[{"@type":"ListItem","position":1,"name":"Dom\u016f","item":"https:\/\/www.simpleplan.cz\/cz\/"},{"@type":"ListItem","position":2,"name":"Extra","item":"https:\/\/www.simpleplan.cz\/cz\/index.php\/extra\/"},{"@type":"ListItem","position":3,"name":"Koncert Simple Plan v Praze \u2013 05.03.2016","item":"https:\/\/www.simpleplan.cz\/cz\/index.php\/extra\/praha2016\/"},{"@type":"ListItem","position":4,"name":"Party medley"}]},{"@type":"WebSite","@id":"https:\/\/www.simpleplan.cz\/cz\/#website","url":"https:\/\/www.simpleplan.cz\/cz\/","name":"CZ: SimplePlan.cz","description":"Nejlep\u0161\u00ed zdroj informac\u00ed o kapele Simple Plan","publisher":{"@id":"https:\/\/www.simpleplan.cz\/cz\/#organization"},"potentialAction":[{"@type":"SearchAction","target":{"@type":"EntryPoint","urlTemplate":"https:\/\/www.simpleplan.cz\/cz\/?s={search_term_string}"},"query-input":"required name=search_term_string"}],"inLanguage":"cs"},{"@type":"Organization","@id":"https:\/\/www.simpleplan.cz\/cz\/#organization","name":"CZ: SimplePlan.cz","url":"https:\/\/www.simpleplan.cz\/cz\/","logo":{"@type":"ImageObject","inLanguage":"cs","@id":"https:\/\/www.simpleplan.cz\/cz\/#\/schema\/logo\/image\/","url":"https:\/\/www.simpleplan.cz\/cz\/wp-content\/uploads\/spczlogo.png","contentUrl":"https:\/\/www.simpleplan.cz\/cz\/wp-content\/uploads\/spczlogo.png","width":250,"height":190,"caption":"CZ: SimplePlan.cz"},"image":{"@id":"https:\/\/www.simpleplan.cz\/cz\/#\/schema\/logo\/image\/"},"sameAs":["http:\/\/www.facebook.com\/simpleplancz","https:\/\/twitter.com\/simpleplancz","http:\/\/www.instagram.com\/simpleplancz","http:\/\/www.youtube.com\/simpleplancz"]}]}},"_links":{"self":[{"href":"https:\/\/www.simpleplan.cz\/cz\/index.php\/wp-json\/wp\/v2\/pages\/18391"}],"collection":[{"href":"https:\/\/www.simpleplan.cz\/cz\/index.php\/wp-json\/wp\/v2\/pages"}],"about":[{"href":"https:\/\/www.simpleplan.cz\/cz\/index.php\/wp-json\/wp\/v2\/types\/page"}],"author":[{"embeddable":true,"href":"https:\/\/www.simpleplan.cz\/cz\/index.php\/wp-json\/wp\/v2\/users\/5"}],"replies":[{"embeddable":true,"href":"https:\/\/www.simpleplan.cz\/cz\/index.php\/wp-json\/wp\/v2\/comments?post=18391"}],"version-history":[{"count":10,"href":"https:\/\/www.simpleplan.cz\/cz\/index.php\/wp-json\/wp\/v2\/pages\/18391\/revisions"}],"predecessor-version":[{"id":18417,"href":"https:\/\/www.simpleplan.cz\/cz\/index.php\/wp-json\/wp\/v2\/pages\/18391\/revisions\/18417"}],"up":[{"embeddable":true,"href":"https:\/\/www.simpleplan.cz\/cz\/index.php\/wp-json\/wp\/v2\/pages\/17526"}],"wp:attachment":[{"href":"https:\/\/www.simpleplan.cz\/cz\/index.php\/wp-json\/wp\/v2\/media?parent=18391"}],"curies":[{"name":"wp","href":"https:\/\/api.w.org\/{rel}","templated":true}]}}