{"id":18542,"date":"2016-03-12T10:41:08","date_gmt":"2016-03-12T09:41:08","guid":{"rendered":"http:\/\/www.simpleplan.cz\/cz\/?page_id=18542"},"modified":"2023-06-26T09:30:19","modified_gmt":"2023-06-26T07:30:19","slug":"soutez-vyhrajte-1-simple-plan-hall-of-fame-balicek","status":"publish","type":"page","link":"https:\/\/www.simpleplan.cz\/cz\/index.php\/soutez-vyhrajte-1-simple-plan-hall-of-fame-balicek\/","title":{"rendered":"SOUT\u011a\u017d: Vyhrajte 1 Simple Plan &#8218;Hall Of Fame&#8216; bal\u00ed\u010dek"},"content":{"rendered":"<div class=\"pagecontent\">\n<p><center><font color=\"#ff0000\"><b>Sout\u011b\u017e byla ukon\u010dena. V\u00fdherkyn\u00ed se stala Mireia (Matar\u00f3, \u0160pan\u011blsko).<\/b><\/font><\/center><\/p>\n<p>SimplePlan.cz se spojilo s managementem Simple Plan <i>Coalition Music<\/i> a jejich nahr\u00e1vac\u00ed spole\u010dnost\u00ed <i>Atlantic Records<\/i> a spole\u010dn\u011b jsme si pro v\u00e1s p\u0159ipravili sout\u011b\u017e, ve kter\u00e9 m\u016f\u017eete vyhr\u00e1t <b>jeden z bal\u00ed\u010dk\u016f &#8218;Hall Of Fame&#8216;<\/b>, kter\u00fd jste si d\u0159\u00edve mohli zakoupit prost\u0159ednictv\u00edm p\u0159edobjedn\u00e1vek k nov\u00e9mu albu! Sout\u011b\u017e je v\u016fbec poprv\u00e9 v historii SimplePlan.cz otev\u0159ena mezin\u00e1rodn\u011b &#8211; tak\u017ee se j\u00ed m\u016f\u017ee z\u00fa\u010dastnit skute\u010dn\u011b ka\u017ed\u00fd!<\/p>\n<p><center><img decoding=\"async\" src=\"http:\/\/www.simpleplan.cz\/gal\/contestcz.jpg\"\/><\/center><\/p>\n<p><center>Bal\u00ed\u010dek &#8218;Hall Of Fame&#8216; obsahuje:<\/p>\n<p><b>1 x fyzick\u00e1 kopie CD Taking One For The Team<br \/>\n1x exkluzivn\u00ed tri\u010dko<br \/>\n1x podepsan\u00e1 fotografie (velikost 18 x 24 palc\u016f)<br \/>\n1x sb\u011bratelsk\u00e9 karty<br \/>\n1x Taking One For The Team vlaje\u010dka<\/b><\/center><\/p>\n<div class=\"musichead\">Sout\u011b\u017en\u00ed ot\u00e1zka:<\/div>\n<p><center><b>Kolik sport\u016f reprezentuj\u00ed Simple Plan ve photoshootu k obalu jejich alba &#8218;Taking One For The Team&#8216;?<\/p>\n<p>A) 4<br \/>\nB) 5<br \/>\nC) 6<\/b><\/center><\/p>\n<div class=\"musichead\">Jak sout\u011b\u017eit:<\/div>\n<p>Spr\u00e1vnou odpov\u011b\u010f za\u0161lete emailem na adresu <b>contest@simpleplan.cz<\/b>. Nezapome\u0148te p\u0159ipojit p\u0159edm\u011bt <b>&#8222;CONTEST&#8220;<\/b> spole\u010dn\u011b s va\u0161\u00edm pln\u00fdm jm\u00e9nem, adresou a kontaktn\u00edm e-mailem, abych V\u00e1s mohla v p\u0159\u00edpad\u011b v\u00fdhry kontaktovat.<\/p>\n<p><b>Sout\u011b\u017e za\u010d\u00edn\u00e1 12. b\u0159ezna a bude ukon\u010dena 18. b\u0159ezna v poledne (12 hodin) na\u0161eho \u010dasu<\/b>. Ze spr\u00e1vn\u00fdch do\u0161l\u00fdch odpov\u011bd\u00ed bude n\u00e1sledn\u011b n\u00e1hodn\u011b vylosov\u00e1n jeden v\u00edt\u011bz, kter\u00fd bude ozn\u00e1men na Facebooku a\/nebo Twitteru SimplePlan.cz.<\/p>\n<div class=\"musichead\">Pravidla a podm\u00ednky sout\u011b\u017ee:<\/div>\n<p><font size=\"1\">1. Organiz\u00e1torem sout\u011b\u017ee (d\u00e1le jen &#8218;Sout\u011b\u017e&#8216;) o bal\u00ed\u010dek &#8218;Hall Of Fame&#8216; je hudebn\u00ed novinkov\u00fd server SimplePlan.cz. Ceny do Sout\u011b\u017ee byly v\u011bnov\u00e1ny spole\u010dnostmi Coalition Music a Atlantic Records. Sout\u011b\u017e trv\u00e1 od 12. b\u0159ezna do 18. b\u0159ezna &#8211; do 12 hodin st\u0159edoevropsk\u00e9ho \u010dasu.<\/p>\n<p>2. Sout\u011b\u017e je otev\u0159ena mezin\u00e1rodn\u011b a m\u016f\u017ee se j\u00ed z\u00fa\u010dastnit kdokoliv, s v\u00fdjimkou sp\u0159\u00edzn\u011bn\u00fdch spole\u010dnost\u00ed, agentur, zam\u011bstnanc\u016f, rodin, \u010di jin\u00fdch osob v pracovn\u011b-pr\u00e1vn\u00edm \u010di jin\u00e9m pom\u011bru k SimplePlan.cz. \u00da\u010dastn\u00edci mlad\u0161\u00ed 18 let mus\u00ed m\u00edt k \u00fa\u010dasti v sout\u011b\u017ei povolen\u00ed od sv\u00fdch rodi\u010d\u016f \u010di z\u00e1konn\u00fdch z\u00e1stupc\u016f.<\/p>\n<p>3. \u00dakolem Sout\u011b\u017ee je spr\u00e1vn\u011b zvolit odpov\u011b\u010f na ot\u00e1zku &#8218;Kolik sport\u016f reprezentuj\u00ed Simple Plan ve photoshootu k obalu jejich alba &#8218;Taking One For The Team&#8216;?&#8216; ze 3 mo\u017enost\u00ed: A) 4, B) 5 nebo C) 6. Pouze jedna odpov\u011b\u010f je spr\u00e1vn\u00e1. Pro za\u0159azen\u00ed do Sout\u011b\u017ee mus\u00ed jej\u00ed \u00fa\u010dastn\u00edk zaslat spr\u00e1vnou odpov\u011b\u010f na email contest@simpleplan.cz pod p\u0159edm\u011btem &#8218;CONTEST&#8216; spole\u010dn\u011b se sv\u00fdm jm\u00e9nem, adresou a kontaktn\u00edm e-mailem. E-maily, kter\u00e9 nebudou obsahovat tyto informace, budou vy\u0159azeny ze sout\u011b\u017ee. Ka\u017ed\u00fd sout\u011b\u017e\u00edc\u00ed m\u016f\u017ee zaslat pouze jeden sout\u011b\u017en\u00ed e-mail.<\/p>\n<p>4. V\u00fdherce Sout\u011b\u017ee bude 18. b\u0159ezna na soci\u00e1ln\u00edch s\u00edt\u00edch SimplePlan.cz &#8211; na Facebooku (www.facebook.com\/simpleplancz) \u010di Twitteru (www.twitter.com\/simpleplancz) a z\u00e1rove\u0148 bude tak\u00e9 kontaktov\u00e1n prost\u0159ednictv\u00edm e-mailu. V\u00fdhercem bude pouze jedna osoba. Ceny budou zasl\u00e1ny v\u00fdherci prost\u0159ednictv\u00edm Atlantic Records. <\/p>\n<p>5. Ceny nelze vym\u011bnit za hotovost nebo jin\u00e9 p\u0159edm\u011bty \u010di slu\u017eby a nemohou b\u00fdt p\u0159evzaty po \u010d\u00e1stech. Pokud by z nep\u0159edv\u00eddateln\u00fdch p\u0159\u00ed\u010din nebyla \u010d\u00e1st ceny k dispozici, organiz\u00e1tor sout\u011b\u017ee si vyhrazuje pr\u00e1vo cenu nahradit jinou alternativou a v\u00fdherce souhlas\u00ed s t\u00edm, \u017ee v takov\u00e9m p\u0159\u00edpad\u011b nebude organiz\u00e1tor pr\u00e1vn\u011b st\u00edh\u00e1n.<\/font><\/div>\n<div class=\"fblikebutton_button\" style=\"float: left; padding-top: 20px; margin-right: 20px; padding-bottom: 20px; padding-left: 20px;\"><iframe src=\"http:\/\/www.facebook.com\/plugins\/like.php?href=https%3A%2F%2Fwww.simpleplan.cz%2Fcz%2Findex.php%2Fsoutez-vyhrajte-1-simple-plan-hall-of-fame-balicek%2F&amp;layout=standard&amp;show-faces=false&amp;width=450&amp;action=like&amp;colorscheme=light\" scrolling=\"no\" frameborder=\"0\" allowTransparency=\"true\" style=\"border:none; overflow:hidden; width:450px; height:26px\"><\/iframe><\/div>\n","protected":false},"excerpt":{"rendered":"<p>Sout\u011b\u017e byla ukon\u010dena. V\u00fdherkyn\u00ed se stala Mireia (Matar\u00f3, \u0160pan\u011blsko). SimplePlan.cz se spojilo s managementem Simple<\/p>\n","protected":false},"author":5,"featured_media":0,"parent":0,"menu_order":0,"comment_status":"closed","ping_status":"closed","template":"","meta":{"footnotes":""},"yoast_head":"<!-- This site is optimized with the Yoast SEO plugin v20.9 - https:\/\/yoast.com\/wordpress\/plugins\/seo\/ -->\n<title>SOUT\u011a\u017d: Vyhrajte 1 Simple Plan &#039;Hall Of Fame&#039; bal\u00ed\u010dek | CZ: SimplePlan.cz<\/title>\n<meta name=\"robots\" content=\"index, follow, max-snippet:-1, max-image-preview:large, max-video-preview:-1\" \/>\n<link rel=\"canonical\" href=\"https:\/\/www.simpleplan.cz\/cz\/index.php\/soutez-vyhrajte-1-simple-plan-hall-of-fame-balicek\/\" \/>\n<meta property=\"og:locale\" content=\"cs_CZ\" \/>\n<meta property=\"og:type\" content=\"article\" \/>\n<meta property=\"og:title\" content=\"SOUT\u011a\u017d: Vyhrajte 1 Simple Plan &#039;Hall Of Fame&#039; bal\u00ed\u010dek | CZ: SimplePlan.cz\" \/>\n<meta property=\"og:description\" content=\"Sout\u011b\u017e byla ukon\u010dena. V\u00fdherkyn\u00ed se stala Mireia (Matar\u00f3, \u0160pan\u011blsko). SimplePlan.cz se spojilo s managementem Simple\" \/>\n<meta property=\"og:url\" content=\"https:\/\/www.simpleplan.cz\/cz\/index.php\/soutez-vyhrajte-1-simple-plan-hall-of-fame-balicek\/\" \/>\n<meta property=\"og:site_name\" content=\"CZ: SimplePlan.cz\" \/>\n<meta property=\"article:publisher\" content=\"http:\/\/www.facebook.com\/simpleplancz\" \/>\n<meta property=\"article:modified_time\" content=\"2023-06-26T07:30:19+00:00\" \/>\n<meta property=\"og:image\" content=\"http:\/\/www.simpleplan.cz\/gal\/contestcz.jpg\" \/>\n<meta name=\"twitter:card\" content=\"summary_large_image\" \/>\n<meta name=\"twitter:site\" content=\"@simpleplancz\" \/>\n<meta name=\"twitter:label1\" content=\"Odhadovan\u00e1 doba \u010dten\u00ed\" \/>\n\t<meta name=\"twitter:data1\" content=\"3 minuty\" \/>\n<script type=\"application\/ld+json\" class=\"yoast-schema-graph\">{\"@context\":\"https:\/\/schema.org\",\"@graph\":[{\"@type\":\"WebPage\",\"@id\":\"https:\/\/www.simpleplan.cz\/cz\/index.php\/soutez-vyhrajte-1-simple-plan-hall-of-fame-balicek\/\",\"url\":\"https:\/\/www.simpleplan.cz\/cz\/index.php\/soutez-vyhrajte-1-simple-plan-hall-of-fame-balicek\/\",\"name\":\"SOUT\u011a\u017d: Vyhrajte 1 Simple Plan 'Hall Of Fame' bal\u00ed\u010dek | CZ: SimplePlan.cz\",\"isPartOf\":{\"@id\":\"https:\/\/www.simpleplan.cz\/cz\/#website\"},\"datePublished\":\"2016-03-12T09:41:08+00:00\",\"dateModified\":\"2023-06-26T07:30:19+00:00\",\"breadcrumb\":{\"@id\":\"https:\/\/www.simpleplan.cz\/cz\/index.php\/soutez-vyhrajte-1-simple-plan-hall-of-fame-balicek\/#breadcrumb\"},\"inLanguage\":\"cs\",\"potentialAction\":[{\"@type\":\"ReadAction\",\"target\":[\"https:\/\/www.simpleplan.cz\/cz\/index.php\/soutez-vyhrajte-1-simple-plan-hall-of-fame-balicek\/\"]}]},{\"@type\":\"BreadcrumbList\",\"@id\":\"https:\/\/www.simpleplan.cz\/cz\/index.php\/soutez-vyhrajte-1-simple-plan-hall-of-fame-balicek\/#breadcrumb\",\"itemListElement\":[{\"@type\":\"ListItem\",\"position\":1,\"name\":\"Dom\u016f\",\"item\":\"https:\/\/www.simpleplan.cz\/cz\/\"},{\"@type\":\"ListItem\",\"position\":2,\"name\":\"SOUT\u011a\u017d: Vyhrajte 1 Simple Plan &#8218;Hall Of Fame&#8216; bal\u00ed\u010dek\"}]},{\"@type\":\"WebSite\",\"@id\":\"https:\/\/www.simpleplan.cz\/cz\/#website\",\"url\":\"https:\/\/www.simpleplan.cz\/cz\/\",\"name\":\"CZ: SimplePlan.cz\",\"description\":\"Nejlep\u0161\u00ed zdroj informac\u00ed o kapele Simple Plan\",\"publisher\":{\"@id\":\"https:\/\/www.simpleplan.cz\/cz\/#organization\"},\"potentialAction\":[{\"@type\":\"SearchAction\",\"target\":{\"@type\":\"EntryPoint\",\"urlTemplate\":\"https:\/\/www.simpleplan.cz\/cz\/?s={search_term_string}\"},\"query-input\":\"required name=search_term_string\"}],\"inLanguage\":\"cs\"},{\"@type\":\"Organization\",\"@id\":\"https:\/\/www.simpleplan.cz\/cz\/#organization\",\"name\":\"CZ: SimplePlan.cz\",\"url\":\"https:\/\/www.simpleplan.cz\/cz\/\",\"logo\":{\"@type\":\"ImageObject\",\"inLanguage\":\"cs\",\"@id\":\"https:\/\/www.simpleplan.cz\/cz\/#\/schema\/logo\/image\/\",\"url\":\"https:\/\/www.simpleplan.cz\/cz\/wp-content\/uploads\/spczlogo.png\",\"contentUrl\":\"https:\/\/www.simpleplan.cz\/cz\/wp-content\/uploads\/spczlogo.png\",\"width\":250,\"height\":190,\"caption\":\"CZ: SimplePlan.cz\"},\"image\":{\"@id\":\"https:\/\/www.simpleplan.cz\/cz\/#\/schema\/logo\/image\/\"},\"sameAs\":[\"http:\/\/www.facebook.com\/simpleplancz\",\"https:\/\/twitter.com\/simpleplancz\",\"http:\/\/www.instagram.com\/simpleplancz\",\"http:\/\/www.youtube.com\/simpleplancz\"]}]}<\/script>\n<!-- \/ Yoast SEO plugin. -->","yoast_head_json":{"title":"SOUT\u011a\u017d: Vyhrajte 1 Simple Plan 'Hall Of Fame' bal\u00ed\u010dek | CZ: SimplePlan.cz","robots":{"index":"index","follow":"follow","max-snippet":"max-snippet:-1","max-image-preview":"max-image-preview:large","max-video-preview":"max-video-preview:-1"},"canonical":"https:\/\/www.simpleplan.cz\/cz\/index.php\/soutez-vyhrajte-1-simple-plan-hall-of-fame-balicek\/","og_locale":"cs_CZ","og_type":"article","og_title":"SOUT\u011a\u017d: Vyhrajte 1 Simple Plan 'Hall Of Fame' bal\u00ed\u010dek | CZ: SimplePlan.cz","og_description":"Sout\u011b\u017e byla ukon\u010dena. V\u00fdherkyn\u00ed se stala Mireia (Matar\u00f3, \u0160pan\u011blsko). SimplePlan.cz se spojilo s managementem Simple","og_url":"https:\/\/www.simpleplan.cz\/cz\/index.php\/soutez-vyhrajte-1-simple-plan-hall-of-fame-balicek\/","og_site_name":"CZ: SimplePlan.cz","article_publisher":"http:\/\/www.facebook.com\/simpleplancz","article_modified_time":"2023-06-26T07:30:19+00:00","og_image":[{"url":"http:\/\/www.simpleplan.cz\/gal\/contestcz.jpg"}],"twitter_card":"summary_large_image","twitter_site":"@simpleplancz","twitter_misc":{"Odhadovan\u00e1 doba \u010dten\u00ed":"3 minuty"},"schema":{"@context":"https:\/\/schema.org","@graph":[{"@type":"WebPage","@id":"https:\/\/www.simpleplan.cz\/cz\/index.php\/soutez-vyhrajte-1-simple-plan-hall-of-fame-balicek\/","url":"https:\/\/www.simpleplan.cz\/cz\/index.php\/soutez-vyhrajte-1-simple-plan-hall-of-fame-balicek\/","name":"SOUT\u011a\u017d: Vyhrajte 1 Simple Plan 'Hall Of Fame' bal\u00ed\u010dek | CZ: SimplePlan.cz","isPartOf":{"@id":"https:\/\/www.simpleplan.cz\/cz\/#website"},"datePublished":"2016-03-12T09:41:08+00:00","dateModified":"2023-06-26T07:30:19+00:00","breadcrumb":{"@id":"https:\/\/www.simpleplan.cz\/cz\/index.php\/soutez-vyhrajte-1-simple-plan-hall-of-fame-balicek\/#breadcrumb"},"inLanguage":"cs","potentialAction":[{"@type":"ReadAction","target":["https:\/\/www.simpleplan.cz\/cz\/index.php\/soutez-vyhrajte-1-simple-plan-hall-of-fame-balicek\/"]}]},{"@type":"BreadcrumbList","@id":"https:\/\/www.simpleplan.cz\/cz\/index.php\/soutez-vyhrajte-1-simple-plan-hall-of-fame-balicek\/#breadcrumb","itemListElement":[{"@type":"ListItem","position":1,"name":"Dom\u016f","item":"https:\/\/www.simpleplan.cz\/cz\/"},{"@type":"ListItem","position":2,"name":"SOUT\u011a\u017d: Vyhrajte 1 Simple Plan &#8218;Hall Of Fame&#8216; bal\u00ed\u010dek"}]},{"@type":"WebSite","@id":"https:\/\/www.simpleplan.cz\/cz\/#website","url":"https:\/\/www.simpleplan.cz\/cz\/","name":"CZ: SimplePlan.cz","description":"Nejlep\u0161\u00ed zdroj informac\u00ed o kapele Simple Plan","publisher":{"@id":"https:\/\/www.simpleplan.cz\/cz\/#organization"},"potentialAction":[{"@type":"SearchAction","target":{"@type":"EntryPoint","urlTemplate":"https:\/\/www.simpleplan.cz\/cz\/?s={search_term_string}"},"query-input":"required name=search_term_string"}],"inLanguage":"cs"},{"@type":"Organization","@id":"https:\/\/www.simpleplan.cz\/cz\/#organization","name":"CZ: SimplePlan.cz","url":"https:\/\/www.simpleplan.cz\/cz\/","logo":{"@type":"ImageObject","inLanguage":"cs","@id":"https:\/\/www.simpleplan.cz\/cz\/#\/schema\/logo\/image\/","url":"https:\/\/www.simpleplan.cz\/cz\/wp-content\/uploads\/spczlogo.png","contentUrl":"https:\/\/www.simpleplan.cz\/cz\/wp-content\/uploads\/spczlogo.png","width":250,"height":190,"caption":"CZ: SimplePlan.cz"},"image":{"@id":"https:\/\/www.simpleplan.cz\/cz\/#\/schema\/logo\/image\/"},"sameAs":["http:\/\/www.facebook.com\/simpleplancz","https:\/\/twitter.com\/simpleplancz","http:\/\/www.instagram.com\/simpleplancz","http:\/\/www.youtube.com\/simpleplancz"]}]}},"_links":{"self":[{"href":"https:\/\/www.simpleplan.cz\/cz\/index.php\/wp-json\/wp\/v2\/pages\/18542"}],"collection":[{"href":"https:\/\/www.simpleplan.cz\/cz\/index.php\/wp-json\/wp\/v2\/pages"}],"about":[{"href":"https:\/\/www.simpleplan.cz\/cz\/index.php\/wp-json\/wp\/v2\/types\/page"}],"author":[{"embeddable":true,"href":"https:\/\/www.simpleplan.cz\/cz\/index.php\/wp-json\/wp\/v2\/users\/5"}],"replies":[{"embeddable":true,"href":"https:\/\/www.simpleplan.cz\/cz\/index.php\/wp-json\/wp\/v2\/comments?post=18542"}],"version-history":[{"count":7,"href":"https:\/\/www.simpleplan.cz\/cz\/index.php\/wp-json\/wp\/v2\/pages\/18542\/revisions"}],"predecessor-version":[{"id":18608,"href":"https:\/\/www.simpleplan.cz\/cz\/index.php\/wp-json\/wp\/v2\/pages\/18542\/revisions\/18608"}],"wp:attachment":[{"href":"https:\/\/www.simpleplan.cz\/cz\/index.php\/wp-json\/wp\/v2\/media?parent=18542"}],"curies":[{"name":"wp","href":"https:\/\/api.w.org\/{rel}","templated":true}]}}