{"id":20206,"date":"2016-09-21T14:46:01","date_gmt":"2016-09-21T12:46:01","guid":{"rendered":"http:\/\/www.simpleplan.cz\/cz\/?page_id=20206"},"modified":"2023-06-26T09:30:18","modified_gmt":"2023-06-26T07:30:18","slug":"pravidla-souteze","status":"publish","type":"page","link":"https:\/\/www.simpleplan.cz\/cz\/index.php\/online\/pravidla-souteze\/","title":{"rendered":"Pravidla sout\u011b\u017ee"},"content":{"rendered":"<p><b>1.<\/b> Organiz\u00e1torem &#8218;Facebookov\u00e1 sout\u011b\u017e o placky 2018&#8216; (&#8218;Sout\u011b\u017e&#8216;) je str\u00e1nka SimplePlan.cz (&#8218;Organiz\u00e1tor&#8216;). Sout\u011b\u017en\u00ed cenou je 6 kus\u016f placek SimplePlan.cz. Sout\u011b\u017e trv\u00e1 v obdob\u00ed od 13. srpna (od 7 hodin r\u00e1no) do 15. srpna 2018 (do 16 hodin ve\u010der) (st\u0159edoevropsk\u00e9ho \u010dasu). V\u0161echny sout\u011b\u017en\u00ed koment\u00e1\u0159e mus\u00ed b\u00fdt zasl\u00e1ny v pr\u016fb\u011bhu tohoto \u010dasov\u00e9ho \u00faseku (ne d\u0159\u00edve, \u010di pozd\u011bji). Organiz\u00e1tor si vyhrazuje pr\u00e1vo z jak\u00e9hokoliv d\u016fvodu prodlou\u017eit, zkr\u00e1tit, \u010di \u00fapln\u011b zru\u0161it tuto Sout\u011b\u017e.<\/p>\n<p><b>2.<\/b> Sout\u011b\u017e je mezin\u00e1rodn\u00ed a m\u016f\u017ee se j\u00ed z\u00fa\u010dastnit ka\u017ed\u00fd krom\u011b zam\u011bstnanc\u016f, rodinn\u00fdch p\u0159\u00edslu\u0161n\u00edk\u016f \u010di spole\u010dnost\u00ed spojen\u00fdch s Organiz\u00e1torem. \u00da\u010dastn\u00edci pod 18 let mus\u00ed p\u0159edem po\u017e\u00e1dat o svolen\u00ed z\u00fa\u010dastnit se t\u00e9to Sout\u011b\u017ee sv\u00e9ho rodi\u010de nebo opatrovn\u00edka. Tato Sout\u011b\u017e nen\u00ed nikterak sponzorov\u00e1na nebo spojena se spole\u010dnost\u00ed Facebook. Jak\u00e9koliv dotazy \u010di p\u0159ipom\u00ednky mus\u00ed bt sm\u011b\u0159ov\u00e1ny Organiz\u00e1torovi, nikoliv spole\u010dnosti Facebook.<\/p>\n<p><b>3.<\/b> Pro za\u0159azen\u00ed do slosov\u00e1n\u00ed o v\u00fdherce Sout\u011b\u017ee, mus\u00ed sout\u011b\u017e\u00edc\u00ed okomentovat sout\u011b\u017en\u00ed p\u0159\u00edsp\u011bvek na facebookov\u00e9 str\u00e1nce Organiz\u00e1tora (p\u0159\u00edm\u00e1 URL adresa: <a href=\"#\" target=\"_blank\" rel=\"noopener\">zde<\/a>). Tento koment\u00e1\u0159 mus\u00ed zahrnovat odpov\u011b\u010f na sout\u011b\u017en\u00ed ot\u00e1zku: \u201ePro\u010d by jsi m\u011bl\/a zrovna ty vyhr\u00e1t placku SimplePlan.cz?\u201c. Sout\u011b\u017e\u00edc\u00ed sm\u00ed p\u0159\u00edsp\u011bvek okomentovat pouze jedenkr\u00e1t (tzn. ne v\u00edce ne\u017e 1 koment\u00e1\u0159 z jednoho facebookov\u00e9ho profilu). V p\u0159\u00edpad\u011b v\u00edce koment\u00e1\u0159\u016f z jednoho profilu bude za sout\u011b\u017en\u00ed koment\u00e1\u0159 pova\u017eov\u00e1n pouze prvn\u00ed zaslan\u00fd. V p\u0159\u00edpad\u011b v\u00fdhry mus\u00ed v\u00fdherce umo\u017enit Organiz\u00e1torovi jej kontaktovat \u2013 nap\u0159. odblokovat soukrom\u00e9 Facebookov\u00e9 zpr\u00e1vy, \u010di nab\u00eddnout emailovou adresu jako alternativn\u00ed formu komunikace o p\u0159ed\u00e1n\u00ed v\u00fdhry. P\u0159\u00edsp\u011bvky s koment\u00e1\u0159i mimo t\u00e9ma, chyb\u011bj\u00edc\u00edmi odpov\u011b\u010fmi, \u010di dal\u0161\u00ed koment\u00e1\u0159e, kter\u00e9 nejsou v soulasu s pravidly sout\u011b\u017ee budou diskvalifikov\u00e1ny. V p\u0159\u00edpad\u011b nedostate\u010dn\u00e9ho mno\u017estv\u00ed sout\u011b\u017en\u00edch koment\u00e1\u0159\u016f nemohou b\u00fdt ceny p\u0159ed\u00e1ny v pln\u00e9 v\u00fd\u0161i (nap\u0159. bude odm\u011bn\u011bno pouze 5 v\u00fdherc\u016f).<\/p>\n<p><b>4.<\/b> Po skon\u010den\u00ed Sout\u011b\u017ee bude Organiz\u00e1torem zvoleno \u0161est nejlep\u0161\u00edch odpov\u011bd\u00ed. V\u00fdherci budou o v\u00fdh\u0159e notifikov\u00e1ni Organiz\u00e1torem pod sv\u00fdm komet\u00e1\u0159em v sout\u011b\u017en\u00edm p\u0159\u00edsp\u011bvku. Kontaktn\u00ed informace z\u00edskan\u00e9 od v\u00fdherc\u016f t\u00fdkaj\u00edc\u00ed se doru\u010dovac\u00ed adresy nebudou p\u0159ed\u00e1ny t\u0159et\u00edm stran\u00e1m a budou pou\u017eity v\u00fdhradn\u011b k \u00fa\u010delu zasl\u00e1n\u00ed v\u00fdhry v\u00fdherci. Ceny budou zasl\u00e1ny v\u00fdherc\u016fm do 7 dn\u00ed po z\u00edsk\u00e1n\u00ed kontaktn\u00edch informac\u00ed pro zasl\u00e1n\u00ed v\u00fdhry v\u0161em sout\u011b\u017e\u00edc\u00edm. Organiz\u00e1tor nen\u00ed zodpov\u011bdn\u00fd za p\u0159\u00edpadnou ztr\u00e1tu ceny b\u011bhem po\u0161tovn\u00edho doru\u010dov\u00e1n\u00ed.<\/p>\n<p><b>5.<\/b> Ka\u017ed\u00fd \u00fa\u010dastn\u00edk sout\u011b\u017ee je zodpov\u011bdn\u00fd za monitorov\u00e1n\u00ed sout\u011b\u017en\u00edho p\u0159\u00edsp\u011bvku v p\u0159\u00edpad\u011b upozorn\u011bn\u00ed o v\u00fdh\u0159e. Pokud Organiz\u00e1tor nem\u016f\u017ee v\u00fdherce kontaktovat do 14 dn\u00ed, nebo je v\u00fdhra vr\u00e1cena jako nedoru\u010diteln\u00e1, v\u00fdhra v\u00fdherci propad\u00e1. Po\u0161tovn\u00e9 plat\u00ed Organiz\u00e1tor s\u00e1m p\u0159edem.<\/p>\n<p><b>6.<\/b> Cenu nelze prom\u011bnit za jinou a nelze ji prom\u011bnit ani za finan\u010dn\u00ed \u010d\u00e1stku nebo jin\u00e9 zbo\u017e\u00ed \u010di slu\u017eby a nelze ji tak\u00e9 z\u00edskat po \u010d\u00e1stech. Cenu tak\u00e9 nelze p\u0159edat jin\u00e9 osob\u011b &#8211; vstupenky budou k vyzvednut\u00ed na jm\u00e9no a identifika\u010dn\u00ed pr\u016fkaz v\u00fdherce. V p\u0159\u00edpad\u011b, \u017ee by jak\u00e1koliv \u010d\u00e1st ceny kv\u016fli nep\u0159edv\u00eddateln\u00fdm okolnostem nebyla dostupn\u00e1, si Organiz\u00e1tor vyhrazuje pr\u00e1vo Sout\u011b\u017e zru\u0161it. V\u00edt\u011bz souhlas\u00ed, \u017ee v tomto p\u0159\u00edpad\u011b nebude v\u016f\u010di Organiz\u00e1torovi, ani \u017e\u00e1dn\u00e9 ze stran s n\u00edm spojen\u00e9, podnikat \u017e\u00e1dn\u00e9 pr\u00e1vn\u00ed kroky. Jak\u00e9koliv dal\u0161\u00ed p\u0159\u00edpadn\u00e9 n\u00e1klady souvisej\u00edc\u00ed se z\u00edsk\u00e1n\u00edm \u010di pou\u017e\u00edv\u00e1n\u00edm ceny jsou zodpov\u011bdnost\u00ed pouze a v\u00fdhradn\u011b v\u00edt\u011bze sout\u011b\u017ee.<\/p>\n<p><b>7.<\/b> Organiz\u00e1tor si vyhrazuje pr\u00e1vo bez jak\u00e9hokoli d\u016fvodu Sout\u011b\u017e ukon\u010dit.<\/p>\n<div class=\"fblikebutton_button\" style=\"float: left; padding-top: 20px; margin-right: 20px; padding-bottom: 20px; padding-left: 20px;\"><iframe src=\"http:\/\/www.facebook.com\/plugins\/like.php?href=https%3A%2F%2Fwww.simpleplan.cz%2Fcz%2Findex.php%2Fonline%2Fpravidla-souteze%2F&amp;layout=standard&amp;show-faces=false&amp;width=450&amp;action=like&amp;colorscheme=light\" scrolling=\"no\" frameborder=\"0\" allowTransparency=\"true\" style=\"border:none; overflow:hidden; width:450px; height:26px\"><\/iframe><\/div>\n","protected":false},"excerpt":{"rendered":"<p>1. Organiz\u00e1torem &#8218;Facebookov\u00e1 sout\u011b\u017e o placky 2018&#8216; (&#8218;Sout\u011b\u017e&#8216;) je str\u00e1nka SimplePlan.cz (&#8218;Organiz\u00e1tor&#8216;). Sout\u011b\u017en\u00ed cenou je<\/p>\n","protected":false},"author":5,"featured_media":0,"parent":5263,"menu_order":0,"comment_status":"closed","ping_status":"closed","template":"","meta":{"footnotes":""},"yoast_head":"<!-- This site is optimized with the Yoast SEO plugin v20.9 - https:\/\/yoast.com\/wordpress\/plugins\/seo\/ -->\n<title>Pravidla sout\u011b\u017ee | CZ: SimplePlan.cz<\/title>\n<meta name=\"robots\" content=\"index, follow, max-snippet:-1, max-image-preview:large, max-video-preview:-1\" \/>\n<link rel=\"canonical\" href=\"https:\/\/www.simpleplan.cz\/cz\/index.php\/online\/pravidla-souteze\/\" \/>\n<meta property=\"og:locale\" content=\"cs_CZ\" \/>\n<meta property=\"og:type\" content=\"article\" \/>\n<meta property=\"og:title\" content=\"Pravidla sout\u011b\u017ee | CZ: SimplePlan.cz\" \/>\n<meta property=\"og:description\" content=\"1. Organiz\u00e1torem &#8218;Facebookov\u00e1 sout\u011b\u017e o placky 2018&#8216; (&#8218;Sout\u011b\u017e&#8216;) je str\u00e1nka SimplePlan.cz (&#8218;Organiz\u00e1tor&#8216;). Sout\u011b\u017en\u00ed cenou je\" \/>\n<meta property=\"og:url\" content=\"https:\/\/www.simpleplan.cz\/cz\/index.php\/online\/pravidla-souteze\/\" \/>\n<meta property=\"og:site_name\" content=\"CZ: SimplePlan.cz\" \/>\n<meta property=\"article:publisher\" content=\"http:\/\/www.facebook.com\/simpleplancz\" \/>\n<meta property=\"article:modified_time\" content=\"2023-06-26T07:30:18+00:00\" \/>\n<meta property=\"og:image\" content=\"http:\/\/www.simpleplan.cz\/cz\/wp-content\/uploads\/logo.gif\" \/>\n<meta name=\"twitter:card\" content=\"summary_large_image\" \/>\n<meta name=\"twitter:site\" content=\"@simpleplancz\" \/>\n<meta name=\"twitter:label1\" content=\"Odhadovan\u00e1 doba \u010dten\u00ed\" \/>\n\t<meta name=\"twitter:data1\" content=\"3 minuty\" \/>\n<script type=\"application\/ld+json\" class=\"yoast-schema-graph\">{\"@context\":\"https:\/\/schema.org\",\"@graph\":[{\"@type\":\"WebPage\",\"@id\":\"https:\/\/www.simpleplan.cz\/cz\/index.php\/online\/pravidla-souteze\/\",\"url\":\"https:\/\/www.simpleplan.cz\/cz\/index.php\/online\/pravidla-souteze\/\",\"name\":\"Pravidla sout\u011b\u017ee | CZ: SimplePlan.cz\",\"isPartOf\":{\"@id\":\"https:\/\/www.simpleplan.cz\/cz\/#website\"},\"datePublished\":\"2016-09-21T12:46:01+00:00\",\"dateModified\":\"2023-06-26T07:30:18+00:00\",\"breadcrumb\":{\"@id\":\"https:\/\/www.simpleplan.cz\/cz\/index.php\/online\/pravidla-souteze\/#breadcrumb\"},\"inLanguage\":\"cs\",\"potentialAction\":[{\"@type\":\"ReadAction\",\"target\":[\"https:\/\/www.simpleplan.cz\/cz\/index.php\/online\/pravidla-souteze\/\"]}]},{\"@type\":\"BreadcrumbList\",\"@id\":\"https:\/\/www.simpleplan.cz\/cz\/index.php\/online\/pravidla-souteze\/#breadcrumb\",\"itemListElement\":[{\"@type\":\"ListItem\",\"position\":1,\"name\":\"Dom\u016f\",\"item\":\"https:\/\/www.simpleplan.cz\/cz\/\"},{\"@type\":\"ListItem\",\"position\":2,\"name\":\"Online\",\"item\":\"https:\/\/www.simpleplan.cz\/cz\/index.php\/online\/\"},{\"@type\":\"ListItem\",\"position\":3,\"name\":\"Pravidla sout\u011b\u017ee\"}]},{\"@type\":\"WebSite\",\"@id\":\"https:\/\/www.simpleplan.cz\/cz\/#website\",\"url\":\"https:\/\/www.simpleplan.cz\/cz\/\",\"name\":\"CZ: SimplePlan.cz\",\"description\":\"Nejlep\u0161\u00ed zdroj informac\u00ed o kapele Simple Plan\",\"publisher\":{\"@id\":\"https:\/\/www.simpleplan.cz\/cz\/#organization\"},\"potentialAction\":[{\"@type\":\"SearchAction\",\"target\":{\"@type\":\"EntryPoint\",\"urlTemplate\":\"https:\/\/www.simpleplan.cz\/cz\/?s={search_term_string}\"},\"query-input\":\"required name=search_term_string\"}],\"inLanguage\":\"cs\"},{\"@type\":\"Organization\",\"@id\":\"https:\/\/www.simpleplan.cz\/cz\/#organization\",\"name\":\"CZ: SimplePlan.cz\",\"url\":\"https:\/\/www.simpleplan.cz\/cz\/\",\"logo\":{\"@type\":\"ImageObject\",\"inLanguage\":\"cs\",\"@id\":\"https:\/\/www.simpleplan.cz\/cz\/#\/schema\/logo\/image\/\",\"url\":\"https:\/\/www.simpleplan.cz\/cz\/wp-content\/uploads\/spczlogo.png\",\"contentUrl\":\"https:\/\/www.simpleplan.cz\/cz\/wp-content\/uploads\/spczlogo.png\",\"width\":250,\"height\":190,\"caption\":\"CZ: SimplePlan.cz\"},\"image\":{\"@id\":\"https:\/\/www.simpleplan.cz\/cz\/#\/schema\/logo\/image\/\"},\"sameAs\":[\"http:\/\/www.facebook.com\/simpleplancz\",\"https:\/\/twitter.com\/simpleplancz\",\"http:\/\/www.instagram.com\/simpleplancz\",\"http:\/\/www.youtube.com\/simpleplancz\"]}]}<\/script>\n<!-- \/ Yoast SEO plugin. -->","yoast_head_json":{"title":"Pravidla sout\u011b\u017ee | CZ: SimplePlan.cz","robots":{"index":"index","follow":"follow","max-snippet":"max-snippet:-1","max-image-preview":"max-image-preview:large","max-video-preview":"max-video-preview:-1"},"canonical":"https:\/\/www.simpleplan.cz\/cz\/index.php\/online\/pravidla-souteze\/","og_locale":"cs_CZ","og_type":"article","og_title":"Pravidla sout\u011b\u017ee | CZ: SimplePlan.cz","og_description":"1. Organiz\u00e1torem &#8218;Facebookov\u00e1 sout\u011b\u017e o placky 2018&#8216; (&#8218;Sout\u011b\u017e&#8216;) je str\u00e1nka SimplePlan.cz (&#8218;Organiz\u00e1tor&#8216;). Sout\u011b\u017en\u00ed cenou je","og_url":"https:\/\/www.simpleplan.cz\/cz\/index.php\/online\/pravidla-souteze\/","og_site_name":"CZ: SimplePlan.cz","article_publisher":"http:\/\/www.facebook.com\/simpleplancz","article_modified_time":"2023-06-26T07:30:18+00:00","og_image":[{"url":"http:\/\/www.simpleplan.cz\/cz\/wp-content\/uploads\/logo.gif"}],"twitter_card":"summary_large_image","twitter_site":"@simpleplancz","twitter_misc":{"Odhadovan\u00e1 doba \u010dten\u00ed":"3 minuty"},"schema":{"@context":"https:\/\/schema.org","@graph":[{"@type":"WebPage","@id":"https:\/\/www.simpleplan.cz\/cz\/index.php\/online\/pravidla-souteze\/","url":"https:\/\/www.simpleplan.cz\/cz\/index.php\/online\/pravidla-souteze\/","name":"Pravidla sout\u011b\u017ee | CZ: SimplePlan.cz","isPartOf":{"@id":"https:\/\/www.simpleplan.cz\/cz\/#website"},"datePublished":"2016-09-21T12:46:01+00:00","dateModified":"2023-06-26T07:30:18+00:00","breadcrumb":{"@id":"https:\/\/www.simpleplan.cz\/cz\/index.php\/online\/pravidla-souteze\/#breadcrumb"},"inLanguage":"cs","potentialAction":[{"@type":"ReadAction","target":["https:\/\/www.simpleplan.cz\/cz\/index.php\/online\/pravidla-souteze\/"]}]},{"@type":"BreadcrumbList","@id":"https:\/\/www.simpleplan.cz\/cz\/index.php\/online\/pravidla-souteze\/#breadcrumb","itemListElement":[{"@type":"ListItem","position":1,"name":"Dom\u016f","item":"https:\/\/www.simpleplan.cz\/cz\/"},{"@type":"ListItem","position":2,"name":"Online","item":"https:\/\/www.simpleplan.cz\/cz\/index.php\/online\/"},{"@type":"ListItem","position":3,"name":"Pravidla sout\u011b\u017ee"}]},{"@type":"WebSite","@id":"https:\/\/www.simpleplan.cz\/cz\/#website","url":"https:\/\/www.simpleplan.cz\/cz\/","name":"CZ: SimplePlan.cz","description":"Nejlep\u0161\u00ed zdroj informac\u00ed o kapele Simple Plan","publisher":{"@id":"https:\/\/www.simpleplan.cz\/cz\/#organization"},"potentialAction":[{"@type":"SearchAction","target":{"@type":"EntryPoint","urlTemplate":"https:\/\/www.simpleplan.cz\/cz\/?s={search_term_string}"},"query-input":"required name=search_term_string"}],"inLanguage":"cs"},{"@type":"Organization","@id":"https:\/\/www.simpleplan.cz\/cz\/#organization","name":"CZ: SimplePlan.cz","url":"https:\/\/www.simpleplan.cz\/cz\/","logo":{"@type":"ImageObject","inLanguage":"cs","@id":"https:\/\/www.simpleplan.cz\/cz\/#\/schema\/logo\/image\/","url":"https:\/\/www.simpleplan.cz\/cz\/wp-content\/uploads\/spczlogo.png","contentUrl":"https:\/\/www.simpleplan.cz\/cz\/wp-content\/uploads\/spczlogo.png","width":250,"height":190,"caption":"CZ: SimplePlan.cz"},"image":{"@id":"https:\/\/www.simpleplan.cz\/cz\/#\/schema\/logo\/image\/"},"sameAs":["http:\/\/www.facebook.com\/simpleplancz","https:\/\/twitter.com\/simpleplancz","http:\/\/www.instagram.com\/simpleplancz","http:\/\/www.youtube.com\/simpleplancz"]}]}},"_links":{"self":[{"href":"https:\/\/www.simpleplan.cz\/cz\/index.php\/wp-json\/wp\/v2\/pages\/20206"}],"collection":[{"href":"https:\/\/www.simpleplan.cz\/cz\/index.php\/wp-json\/wp\/v2\/pages"}],"about":[{"href":"https:\/\/www.simpleplan.cz\/cz\/index.php\/wp-json\/wp\/v2\/types\/page"}],"author":[{"embeddable":true,"href":"https:\/\/www.simpleplan.cz\/cz\/index.php\/wp-json\/wp\/v2\/users\/5"}],"replies":[{"embeddable":true,"href":"https:\/\/www.simpleplan.cz\/cz\/index.php\/wp-json\/wp\/v2\/comments?post=20206"}],"version-history":[{"count":22,"href":"https:\/\/www.simpleplan.cz\/cz\/index.php\/wp-json\/wp\/v2\/pages\/20206\/revisions"}],"predecessor-version":[{"id":33090,"href":"https:\/\/www.simpleplan.cz\/cz\/index.php\/wp-json\/wp\/v2\/pages\/20206\/revisions\/33090"}],"up":[{"embeddable":true,"href":"https:\/\/www.simpleplan.cz\/cz\/index.php\/wp-json\/wp\/v2\/pages\/5263"}],"wp:attachment":[{"href":"https:\/\/www.simpleplan.cz\/cz\/index.php\/wp-json\/wp\/v2\/media?parent=20206"}],"curies":[{"name":"wp","href":"https:\/\/api.w.org\/{rel}","templated":true}]}}