{"id":21023,"date":"2017-01-25T20:56:17","date_gmt":"2017-01-25T19:56:17","guid":{"rendered":"http:\/\/www.simpleplan.cz\/cz\/?page_id=21023"},"modified":"2023-06-26T09:29:53","modified_gmt":"2023-06-26T07:29:53","slug":"informace-o-koncertu","status":"publish","type":"page","link":"https:\/\/www.simpleplan.cz\/cz\/index.php\/extra\/praha2017\/informace-o-koncertu\/","title":{"rendered":"Informace o Aerodrome Festivalu"},"content":{"rendered":"<div class=\"pagecontent\"><center><img decoding=\"async\" src=\"http:\/\/i.imgur.com\/cNkZM4N.png\"><\/center><\/p>\n<p><center><br \/>\n<b>AERODROME FESTIVAL 2017<br \/>\n(11. 6. 2017 &#8211; ned\u011ble &#8211; Leti\u0161t\u011b Let\u0148any, Praha)<\/b><\/p>\n<p><b>Line-up:<\/b> Simple Plan, Linkin Park, Counterfeit, Machine Gun Kelly, Royal Republic, Enter Shikari a Mallory Knox<br \/>\n<b>Vstupn\u00e9:<\/b> St\u00e1n\u00ed pod p\u00f3diem &#8211; vyprod\u00e1no* \/\/\/ St\u00e1n\u00ed: 1990 K\u010d (<a href=\"http:\/\/www.ticketportal.cz\/performance.aspx?idp=1312763\" target=\"_blank\" rel=\"noopener\">TicketPortal<\/a>)<br \/>\n<b>Ofici\u00e1ln\u00ed web:<\/b> <a href=\"http:\/\/aerodrome-festival.eu\/\" target=\"_blank\" rel=\"noopener\">zde<\/a><br \/>\n<b>Ofici\u00e1ln\u00ed Facebook:<\/b> <a href=\"https:\/\/www.facebook.com\/aerodrome.festival\/\" target=\"_blank\" rel=\"noopener\">zde<\/a><\/center><\/p>\n<p><P><font size=\"1\"><b>*<\/b> Vstupenky ke st\u00e1n\u00ed pod p\u00f3diem byly vyprodan\u00e9 ji\u017e del\u0161\u00ed dobu po ozn\u00e1men\u00ed headlinera festivalu, kapely Linkin Park.<\/font> <\/p>\n<p>Pl\u00e1nek are\u00e1lu:<\/p>\n<p><center><a href=\"https:\/\/scontent-frx5-1.xx.fbcdn.net\/v\/t1.0-9\/18920135_1205855859518644_8227099802444316737_n.jpg?oh=02736185c1c3bf1e0cd80d792d350f23&#038;oe=599BAE22\" target=\"_blank\"  rel=\"lightbox[21023] noopener\"><img decoding=\"async\" src=\"http:\/\/i.imgur.com\/LOGXY1n.png\"><\/a><\/center>\n<\/div>\n<div class=\"fblikebutton_button\" style=\"float: left; padding-top: 20px; margin-right: 20px; padding-bottom: 20px; padding-left: 20px;\"><iframe src=\"http:\/\/www.facebook.com\/plugins\/like.php?href=https%3A%2F%2Fwww.simpleplan.cz%2Fcz%2Findex.php%2Fextra%2Fpraha2017%2Finformace-o-koncertu%2F&amp;layout=standard&amp;show-faces=false&amp;width=450&amp;action=like&amp;colorscheme=light\" scrolling=\"no\" frameborder=\"0\" allowTransparency=\"true\" style=\"border:none; overflow:hidden; width:450px; height:26px\"><\/iframe><\/div>\n","protected":false},"excerpt":{"rendered":"<p>AERODROME FESTIVAL 2017 (11. 6. 2017 &#8211; ned\u011ble &#8211; Leti\u0161t\u011b Let\u0148any, Praha) Line-up: Simple Plan,<\/p>\n","protected":false},"author":5,"featured_media":0,"parent":21019,"menu_order":0,"comment_status":"closed","ping_status":"closed","template":"page-templates\/full-width.php","meta":{"footnotes":""},"yoast_head":"<!-- This site is optimized with the Yoast SEO plugin v20.9 - https:\/\/yoast.com\/wordpress\/plugins\/seo\/ -->\n<title>Informace o Aerodrome Festivalu | CZ: SimplePlan.cz<\/title>\n<meta name=\"robots\" content=\"index, follow, max-snippet:-1, max-image-preview:large, max-video-preview:-1\" \/>\n<link rel=\"canonical\" href=\"https:\/\/www.simpleplan.cz\/cz\/index.php\/extra\/praha2017\/informace-o-koncertu\/\" \/>\n<meta property=\"og:locale\" content=\"cs_CZ\" \/>\n<meta property=\"og:type\" content=\"article\" \/>\n<meta property=\"og:title\" content=\"Informace o Aerodrome Festivalu | CZ: SimplePlan.cz\" \/>\n<meta property=\"og:description\" content=\"AERODROME FESTIVAL 2017 (11. 6. 2017 &#8211; ned\u011ble &#8211; Leti\u0161t\u011b Let\u0148any, Praha) Line-up: Simple Plan,\" \/>\n<meta property=\"og:url\" content=\"https:\/\/www.simpleplan.cz\/cz\/index.php\/extra\/praha2017\/informace-o-koncertu\/\" \/>\n<meta property=\"og:site_name\" content=\"CZ: SimplePlan.cz\" \/>\n<meta property=\"article:publisher\" content=\"http:\/\/www.facebook.com\/simpleplancz\" \/>\n<meta property=\"article:modified_time\" content=\"2023-06-26T07:29:53+00:00\" \/>\n<meta property=\"og:image\" content=\"http:\/\/i.imgur.com\/cNkZM4N.png\" \/>\n<meta name=\"twitter:card\" content=\"summary_large_image\" \/>\n<meta name=\"twitter:site\" content=\"@simpleplancz\" \/>\n<script type=\"application\/ld+json\" class=\"yoast-schema-graph\">{\"@context\":\"https:\/\/schema.org\",\"@graph\":[{\"@type\":\"WebPage\",\"@id\":\"https:\/\/www.simpleplan.cz\/cz\/index.php\/extra\/praha2017\/informace-o-koncertu\/\",\"url\":\"https:\/\/www.simpleplan.cz\/cz\/index.php\/extra\/praha2017\/informace-o-koncertu\/\",\"name\":\"Informace o Aerodrome Festivalu | CZ: SimplePlan.cz\",\"isPartOf\":{\"@id\":\"https:\/\/www.simpleplan.cz\/cz\/#website\"},\"datePublished\":\"2017-01-25T19:56:17+00:00\",\"dateModified\":\"2023-06-26T07:29:53+00:00\",\"breadcrumb\":{\"@id\":\"https:\/\/www.simpleplan.cz\/cz\/index.php\/extra\/praha2017\/informace-o-koncertu\/#breadcrumb\"},\"inLanguage\":\"cs\",\"potentialAction\":[{\"@type\":\"ReadAction\",\"target\":[\"https:\/\/www.simpleplan.cz\/cz\/index.php\/extra\/praha2017\/informace-o-koncertu\/\"]}]},{\"@type\":\"BreadcrumbList\",\"@id\":\"https:\/\/www.simpleplan.cz\/cz\/index.php\/extra\/praha2017\/informace-o-koncertu\/#breadcrumb\",\"itemListElement\":[{\"@type\":\"ListItem\",\"position\":1,\"name\":\"Dom\u016f\",\"item\":\"https:\/\/www.simpleplan.cz\/cz\/\"},{\"@type\":\"ListItem\",\"position\":2,\"name\":\"Extra\",\"item\":\"https:\/\/www.simpleplan.cz\/cz\/index.php\/extra\/\"},{\"@type\":\"ListItem\",\"position\":3,\"name\":\"Koncert Simple Plan v Praze &#8211; Aerodrome Festival &#8211; 11. 6. 2017\",\"item\":\"https:\/\/www.simpleplan.cz\/cz\/index.php\/extra\/praha2017\/\"},{\"@type\":\"ListItem\",\"position\":4,\"name\":\"Informace o Aerodrome Festivalu\"}]},{\"@type\":\"WebSite\",\"@id\":\"https:\/\/www.simpleplan.cz\/cz\/#website\",\"url\":\"https:\/\/www.simpleplan.cz\/cz\/\",\"name\":\"CZ: SimplePlan.cz\",\"description\":\"Nejlep\u0161\u00ed zdroj informac\u00ed o kapele Simple Plan\",\"publisher\":{\"@id\":\"https:\/\/www.simpleplan.cz\/cz\/#organization\"},\"potentialAction\":[{\"@type\":\"SearchAction\",\"target\":{\"@type\":\"EntryPoint\",\"urlTemplate\":\"https:\/\/www.simpleplan.cz\/cz\/?s={search_term_string}\"},\"query-input\":\"required name=search_term_string\"}],\"inLanguage\":\"cs\"},{\"@type\":\"Organization\",\"@id\":\"https:\/\/www.simpleplan.cz\/cz\/#organization\",\"name\":\"CZ: SimplePlan.cz\",\"url\":\"https:\/\/www.simpleplan.cz\/cz\/\",\"logo\":{\"@type\":\"ImageObject\",\"inLanguage\":\"cs\",\"@id\":\"https:\/\/www.simpleplan.cz\/cz\/#\/schema\/logo\/image\/\",\"url\":\"https:\/\/www.simpleplan.cz\/cz\/wp-content\/uploads\/spczlogo.png\",\"contentUrl\":\"https:\/\/www.simpleplan.cz\/cz\/wp-content\/uploads\/spczlogo.png\",\"width\":250,\"height\":190,\"caption\":\"CZ: SimplePlan.cz\"},\"image\":{\"@id\":\"https:\/\/www.simpleplan.cz\/cz\/#\/schema\/logo\/image\/\"},\"sameAs\":[\"http:\/\/www.facebook.com\/simpleplancz\",\"https:\/\/twitter.com\/simpleplancz\",\"http:\/\/www.instagram.com\/simpleplancz\",\"http:\/\/www.youtube.com\/simpleplancz\"]}]}<\/script>\n<!-- \/ Yoast SEO plugin. -->","yoast_head_json":{"title":"Informace o Aerodrome Festivalu | CZ: SimplePlan.cz","robots":{"index":"index","follow":"follow","max-snippet":"max-snippet:-1","max-image-preview":"max-image-preview:large","max-video-preview":"max-video-preview:-1"},"canonical":"https:\/\/www.simpleplan.cz\/cz\/index.php\/extra\/praha2017\/informace-o-koncertu\/","og_locale":"cs_CZ","og_type":"article","og_title":"Informace o Aerodrome Festivalu | CZ: SimplePlan.cz","og_description":"AERODROME FESTIVAL 2017 (11. 6. 2017 &#8211; ned\u011ble &#8211; Leti\u0161t\u011b Let\u0148any, Praha) Line-up: Simple Plan,","og_url":"https:\/\/www.simpleplan.cz\/cz\/index.php\/extra\/praha2017\/informace-o-koncertu\/","og_site_name":"CZ: SimplePlan.cz","article_publisher":"http:\/\/www.facebook.com\/simpleplancz","article_modified_time":"2023-06-26T07:29:53+00:00","og_image":[{"url":"http:\/\/i.imgur.com\/cNkZM4N.png"}],"twitter_card":"summary_large_image","twitter_site":"@simpleplancz","schema":{"@context":"https:\/\/schema.org","@graph":[{"@type":"WebPage","@id":"https:\/\/www.simpleplan.cz\/cz\/index.php\/extra\/praha2017\/informace-o-koncertu\/","url":"https:\/\/www.simpleplan.cz\/cz\/index.php\/extra\/praha2017\/informace-o-koncertu\/","name":"Informace o Aerodrome Festivalu | CZ: SimplePlan.cz","isPartOf":{"@id":"https:\/\/www.simpleplan.cz\/cz\/#website"},"datePublished":"2017-01-25T19:56:17+00:00","dateModified":"2023-06-26T07:29:53+00:00","breadcrumb":{"@id":"https:\/\/www.simpleplan.cz\/cz\/index.php\/extra\/praha2017\/informace-o-koncertu\/#breadcrumb"},"inLanguage":"cs","potentialAction":[{"@type":"ReadAction","target":["https:\/\/www.simpleplan.cz\/cz\/index.php\/extra\/praha2017\/informace-o-koncertu\/"]}]},{"@type":"BreadcrumbList","@id":"https:\/\/www.simpleplan.cz\/cz\/index.php\/extra\/praha2017\/informace-o-koncertu\/#breadcrumb","itemListElement":[{"@type":"ListItem","position":1,"name":"Dom\u016f","item":"https:\/\/www.simpleplan.cz\/cz\/"},{"@type":"ListItem","position":2,"name":"Extra","item":"https:\/\/www.simpleplan.cz\/cz\/index.php\/extra\/"},{"@type":"ListItem","position":3,"name":"Koncert Simple Plan v Praze &#8211; Aerodrome Festival &#8211; 11. 6. 2017","item":"https:\/\/www.simpleplan.cz\/cz\/index.php\/extra\/praha2017\/"},{"@type":"ListItem","position":4,"name":"Informace o Aerodrome Festivalu"}]},{"@type":"WebSite","@id":"https:\/\/www.simpleplan.cz\/cz\/#website","url":"https:\/\/www.simpleplan.cz\/cz\/","name":"CZ: SimplePlan.cz","description":"Nejlep\u0161\u00ed zdroj informac\u00ed o kapele Simple Plan","publisher":{"@id":"https:\/\/www.simpleplan.cz\/cz\/#organization"},"potentialAction":[{"@type":"SearchAction","target":{"@type":"EntryPoint","urlTemplate":"https:\/\/www.simpleplan.cz\/cz\/?s={search_term_string}"},"query-input":"required name=search_term_string"}],"inLanguage":"cs"},{"@type":"Organization","@id":"https:\/\/www.simpleplan.cz\/cz\/#organization","name":"CZ: SimplePlan.cz","url":"https:\/\/www.simpleplan.cz\/cz\/","logo":{"@type":"ImageObject","inLanguage":"cs","@id":"https:\/\/www.simpleplan.cz\/cz\/#\/schema\/logo\/image\/","url":"https:\/\/www.simpleplan.cz\/cz\/wp-content\/uploads\/spczlogo.png","contentUrl":"https:\/\/www.simpleplan.cz\/cz\/wp-content\/uploads\/spczlogo.png","width":250,"height":190,"caption":"CZ: SimplePlan.cz"},"image":{"@id":"https:\/\/www.simpleplan.cz\/cz\/#\/schema\/logo\/image\/"},"sameAs":["http:\/\/www.facebook.com\/simpleplancz","https:\/\/twitter.com\/simpleplancz","http:\/\/www.instagram.com\/simpleplancz","http:\/\/www.youtube.com\/simpleplancz"]}]}},"_links":{"self":[{"href":"https:\/\/www.simpleplan.cz\/cz\/index.php\/wp-json\/wp\/v2\/pages\/21023"}],"collection":[{"href":"https:\/\/www.simpleplan.cz\/cz\/index.php\/wp-json\/wp\/v2\/pages"}],"about":[{"href":"https:\/\/www.simpleplan.cz\/cz\/index.php\/wp-json\/wp\/v2\/types\/page"}],"author":[{"embeddable":true,"href":"https:\/\/www.simpleplan.cz\/cz\/index.php\/wp-json\/wp\/v2\/users\/5"}],"replies":[{"embeddable":true,"href":"https:\/\/www.simpleplan.cz\/cz\/index.php\/wp-json\/wp\/v2\/comments?post=21023"}],"version-history":[{"count":12,"href":"https:\/\/www.simpleplan.cz\/cz\/index.php\/wp-json\/wp\/v2\/pages\/21023\/revisions"}],"predecessor-version":[{"id":33039,"href":"https:\/\/www.simpleplan.cz\/cz\/index.php\/wp-json\/wp\/v2\/pages\/21023\/revisions\/33039"}],"up":[{"embeddable":true,"href":"https:\/\/www.simpleplan.cz\/cz\/index.php\/wp-json\/wp\/v2\/pages\/21019"}],"wp:attachment":[{"href":"https:\/\/www.simpleplan.cz\/cz\/index.php\/wp-json\/wp\/v2\/media?parent=21023"}],"curies":[{"name":"wp","href":"https:\/\/api.w.org\/{rel}","templated":true}]}}