{"id":23324,"date":"2017-11-14T20:06:57","date_gmt":"2017-11-14T19:06:57","guid":{"rendered":"http:\/\/www.simpleplan.cz\/cz\/?page_id=23324"},"modified":"2023-06-26T09:29:57","modified_gmt":"2023-06-26T07:29:57","slug":"no-pads-no-helmets-just-balls","status":"publish","type":"page","link":"https:\/\/www.simpleplan.cz\/cz\/index.php\/kapela\/diskografie\/no-pads-no-helmets-just-balls\/","title":{"rendered":"No Pads, No Helmets&#8230; Just Balls"},"content":{"rendered":"<p><img decoding=\"async\" style=\"margin: 30px;\" src=\"https:\/\/i.imgur.com\/MqbEuTh.png\" alt=\"\" align=\"left\" \/><\/p>\n<div style=\"padding-top:20px\"><\/div>\n<div class=\"musichead3\"><b>Datum vyd\u00e1n\u00ed:<\/b> 19. b\u0159ezna 2002<\/div>\n<div class=\"musichead3\"><b>Producent:<\/b> Arnold Lanni<\/div>\n<div class=\"musichead3\"><b>Studio:<\/b> Arnyard Studios, Toronto, ON, Kanada \/ Select Sound, Buffalo, NY, USA \/ Studio West, San Diego, CA, USA<\/div>\n<div class=\"musichead3\"><b>Skl\u00e1d\u00e1n\u00ed p\u00edsn\u00ed:<\/b> podzim 1999 &#8211; l\u00e9to 2001<\/div>\n<div class=\"musichead3\"><b>Nahr\u00e1v\u00e1n\u00ed:<\/b> l\u00e9to 2000 &#8211; podzim 2001<\/div>\n<div class=\"musichead3\"><b>Sou\u010dasn\u00fd stav:<\/b> vyd\u00e1no<\/div>\n<div style=\"padding-top:25px\"><\/div>\n<div class=\"musichead\">Tracklist:<\/div>\n<table class=\"stats2\" cellspacing=\"0\" padding-top=\"0px\">\n<tbody>\n<tr>\n<td class=\"hed\">NO PADS, NO HELMETS&#8230; JUST BALLS:<\/td>\n<\/tr>\n<tr>\n<td>1. <a href=\"http:\/\/www.simpleplan.cz\/cz\/index.php\/kapela\/diskografie\/id-do-anything\/\">I&#8217;d Do Anything<\/a> (feat. Mark Hoppus)<\/td>\n<\/tr>\n<tr>\n<td>2. <a href=\"http:\/\/www.simpleplan.cz\/cz\/index.php\/kapela\/diskografie\/the-worst-day-ever\/\">The Worst Day Ever<\/a><\/td>\n<\/tr>\n<tr>\n<td>3. <a href=\"http:\/\/www.simpleplan.cz\/cz\/index.php\/kapela\/diskografie\/you-dont-mean-anything\/\">You Don&#8217;t Mean Anything<\/a> (feat. Joel Madden)<\/td>\n<\/tr>\n<tr>\n<td>4. <a href=\"http:\/\/www.simpleplan.cz\/cz\/index.php\/kapela\/diskografie\/im-just-a-kid\/\">I&#8217;m Just A Kid<\/a><\/td>\n<\/tr>\n<tr>\n<td>5. <a href=\"http:\/\/www.simpleplan.cz\/cz\/index.php\/kapela\/diskografie\/when-im-with-you\/\">When I&#8217;m With You<\/a><\/td>\n<\/tr>\n<tr>\n<td>6. <a href=\"http:\/\/www.simpleplan.cz\/cz\/index.php\/kapela\/diskografie\/meet-you-there\/\">Meet You There<\/a><\/td>\n<\/tr>\n<tr>\n<td>7. <a href=\"http:\/\/www.simpleplan.cz\/cz\/index.php\/kapela\/diskografie\/addicted\/\">Addicted<\/a><\/td>\n<\/tr>\n<tr>\n<td>8. <a href=\"http:\/\/www.simpleplan.cz\/cz\/index.php\/kapela\/diskografie\/my-alien\/\">My Alien<\/a><\/td>\n<\/tr>\n<tr>\n<td>9. <a href=\"http:\/\/www.simpleplan.cz\/cz\/index.php\/kapela\/diskografie\/god-must-hate-me\/\">God Must Hate Me<\/a><\/td>\n<\/tr>\n<tr>\n<td>10. <a href=\"http:\/\/www.simpleplan.cz\/cz\/index.php\/kapela\/diskografie\/i-wont-be-there\/\">I Won&#8217;t Be There<\/a><\/td>\n<\/tr>\n<tr>\n<td>11. <a href=\"http:\/\/www.simpleplan.cz\/cz\/index.php\/kapela\/diskografie\/one-day\/\">One Day<\/a><\/td>\n<\/tr>\n<tr>\n<td>12. <a href=\"http:\/\/www.simpleplan.cz\/cz\/index.php\/kapela\/diskografie\/perfect\/\">Perfect<\/a><\/td>\n<\/tr>\n<\/tbody>\n<\/table>\n<div style=\"padding-top:15px\"><\/div>\n<div class=\"musichead\">Fyzick\u00e1 vyd\u00e1n\u00ed:<\/div>\n<p><center><img decoding=\"async\" src=\"http:\/\/i.imgur.com\/zyyHdhs.png\"\/ style=\"margin-right:50px\"\/><img decoding=\"async\" src=\"http:\/\/i.imgur.com\/Smizlnx.png\"\/ style=\"margin-right:50px\"\/><img decoding=\"async\" src=\"https:\/\/i.imgur.com\/QF3r2Cj.png\"\/><\/center><\/p>\n<p><strong> <\/strong><\/p>\n<div style=\"padding-top:15px\"><\/div>\n<div class=\"musichead\">Singly:<\/div>\n<div class=\"musichead\"><center><font color=\"#9999ff\">ofici\u00e1ln\u00ed singly<\/font><\/center><\/div>\n<p><center><a href=\"http:\/\/www.simpleplan.cz\/cz\/index.php\/kapela\/diskografie\/im-just-a-kid\/\" alt=\"I'm Just A Kid\" title=\"I'm Just A Kid\"><img decoding=\"async\" src=\"https:\/\/i.imgur.com\/3jLEunr.png\"\/><\/a> <a href=\"http:\/\/www.simpleplan.cz\/cz\/index.php\/kapela\/diskografie\/id-do-anything\/\" alt=\"I'd Do Anything\" title=\"I'd Do Anything\"><img decoding=\"async\" src=\"https:\/\/i.imgur.com\/PwIF1pv.png\"\/><\/a> <a href=\"http:\/\/www.simpleplan.cz\/cz\/index.php\/kapela\/diskografie\/addicted\/\" alt=\"Addicted\" title=\"Addicted\"><img decoding=\"async\" src=\"https:\/\/i.imgur.com\/2Q2voPf.png\"\/><\/a> <a href=\"http:\/\/www.simpleplan.cz\/cz\/index.php\/kapela\/diskografie\/perfect\/\" alt=\"Perfect\" title=\"Perfect\"><img decoding=\"async\" src=\"https:\/\/i.imgur.com\/FhhYe70.png\"\/><\/a><\/center><\/p>\n<div class=\"musichead\"><center><font color=\"#e75c6f\">buzz singly<\/font><\/center><\/div>\n<p><center><a href=\"http:\/\/www.simpleplan.cz\/cz\/index.php\/lyricscenter\/dwtay\" alt=\"Don't Wanna Think About You\" title=\"Don't Wanna Think About You\"><img decoding=\"async\" src=\"https:\/\/i.imgur.com\/YPeux2o.png\"\/><\/a><\/center><\/p>\n<p><strong> <\/strong><\/p>\n<div class=\"musichead\">Na tvorb\u011b alba se pod\u00edleli:<\/div>\n<p><center><\/p>\n<table class=\"stats2\" cellspacing=\"0\" padding-top=\"0px\">\n<tbody>\n<tr>\n<td class=\"hed\">No Pads, No Helmets&#8230; Just Balls:<\/td>\n<\/tr>\n<tr>\n<td><b>Producent, pi\u00e1no, mixing, audio in\u017een\u00fd\u0159 a skladatel:<\/b> Arnold Lanni<\/td>\n<\/tr>\n<tr>\n<td><b>Mastering:<\/b> George Marino<\/td>\n<\/tr>\n<tr>\n<td><b>Digit\u00e1ln\u00ed editing a audio:<\/b> Ziad Al-Hillal a Angelo Caruso<\/td>\n<\/tr>\n<tr>\n<td><b>A&#038;R:<\/b> Andy Karp<\/td>\n<\/tr>\n<tr>\n<td><b>Featuringy:<\/b> Mark Hoppus (Blink-182) a Joel Madden (Good Charlotte)<\/td>\n<\/tr>\n<tr>\n<td><b>Um\u011bleck\u00e1 \u0159editelka:<\/b> Lynn Kowalewski<\/td>\n<\/tr>\n<tr>\n<td><b>Fotografie:<\/b> F. Scott Schafer<\/td>\n<\/tr>\n<\/tbody>\n<\/table>\n<p><\/center><\/p>\n<div class=\"fblikebutton_button\" style=\"float: left; padding-top: 20px; margin-right: 20px; padding-bottom: 20px; padding-left: 20px;\"><iframe src=\"http:\/\/www.facebook.com\/plugins\/like.php?href=https%3A%2F%2Fwww.simpleplan.cz%2Fcz%2Findex.php%2Fkapela%2Fdiskografie%2Fno-pads-no-helmets-just-balls%2F&amp;layout=standard&amp;show-faces=false&amp;width=450&amp;action=like&amp;colorscheme=light\" scrolling=\"no\" frameborder=\"0\" allowTransparency=\"true\" style=\"border:none; overflow:hidden; width:450px; height:26px\"><\/iframe><\/div>\n","protected":false},"excerpt":{"rendered":"<p>Datum vyd\u00e1n\u00ed: 19. b\u0159ezna 2002 Producent: Arnold Lanni Studio: Arnyard Studios, Toronto, ON, Kanada \/<\/p>\n","protected":false},"author":5,"featured_media":0,"parent":5273,"menu_order":0,"comment_status":"closed","ping_status":"closed","template":"page-templates\/full-width.php","meta":{"footnotes":""},"yoast_head":"<!-- This site is optimized with the Yoast SEO plugin v20.9 - https:\/\/yoast.com\/wordpress\/plugins\/seo\/ -->\n<title>No Pads, No Helmets... Just Balls | CZ: SimplePlan.cz<\/title>\n<meta name=\"robots\" content=\"index, follow, max-snippet:-1, max-image-preview:large, max-video-preview:-1\" \/>\n<link rel=\"canonical\" href=\"https:\/\/www.simpleplan.cz\/cz\/index.php\/kapela\/diskografie\/no-pads-no-helmets-just-balls\/\" \/>\n<meta property=\"og:locale\" content=\"cs_CZ\" \/>\n<meta property=\"og:type\" content=\"article\" \/>\n<meta property=\"og:title\" content=\"No Pads, No Helmets... Just Balls | CZ: SimplePlan.cz\" \/>\n<meta property=\"og:description\" content=\"Datum vyd\u00e1n\u00ed: 19. b\u0159ezna 2002 Producent: Arnold Lanni Studio: Arnyard Studios, Toronto, ON, Kanada \/\" \/>\n<meta property=\"og:url\" content=\"https:\/\/www.simpleplan.cz\/cz\/index.php\/kapela\/diskografie\/no-pads-no-helmets-just-balls\/\" \/>\n<meta property=\"og:site_name\" content=\"CZ: SimplePlan.cz\" \/>\n<meta property=\"article:publisher\" content=\"http:\/\/www.facebook.com\/simpleplancz\" \/>\n<meta property=\"article:modified_time\" content=\"2023-06-26T07:29:57+00:00\" \/>\n<meta property=\"og:image\" content=\"https:\/\/i.imgur.com\/MqbEuTh.png\" \/>\n<meta name=\"twitter:card\" content=\"summary_large_image\" \/>\n<meta name=\"twitter:site\" content=\"@simpleplancz\" \/>\n<meta name=\"twitter:label1\" content=\"Odhadovan\u00e1 doba \u010dten\u00ed\" \/>\n\t<meta name=\"twitter:data1\" content=\"1 minuta\" \/>\n<script type=\"application\/ld+json\" class=\"yoast-schema-graph\">{\"@context\":\"https:\/\/schema.org\",\"@graph\":[{\"@type\":\"WebPage\",\"@id\":\"https:\/\/www.simpleplan.cz\/cz\/index.php\/kapela\/diskografie\/no-pads-no-helmets-just-balls\/\",\"url\":\"https:\/\/www.simpleplan.cz\/cz\/index.php\/kapela\/diskografie\/no-pads-no-helmets-just-balls\/\",\"name\":\"No Pads, No Helmets... Just Balls | CZ: SimplePlan.cz\",\"isPartOf\":{\"@id\":\"https:\/\/www.simpleplan.cz\/cz\/#website\"},\"datePublished\":\"2017-11-14T19:06:57+00:00\",\"dateModified\":\"2023-06-26T07:29:57+00:00\",\"breadcrumb\":{\"@id\":\"https:\/\/www.simpleplan.cz\/cz\/index.php\/kapela\/diskografie\/no-pads-no-helmets-just-balls\/#breadcrumb\"},\"inLanguage\":\"cs\",\"potentialAction\":[{\"@type\":\"ReadAction\",\"target\":[\"https:\/\/www.simpleplan.cz\/cz\/index.php\/kapela\/diskografie\/no-pads-no-helmets-just-balls\/\"]}]},{\"@type\":\"BreadcrumbList\",\"@id\":\"https:\/\/www.simpleplan.cz\/cz\/index.php\/kapela\/diskografie\/no-pads-no-helmets-just-balls\/#breadcrumb\",\"itemListElement\":[{\"@type\":\"ListItem\",\"position\":1,\"name\":\"Dom\u016f\",\"item\":\"https:\/\/www.simpleplan.cz\/cz\/\"},{\"@type\":\"ListItem\",\"position\":2,\"name\":\"Kapela\",\"item\":\"https:\/\/www.simpleplan.cz\/cz\/index.php\/kapela\/\"},{\"@type\":\"ListItem\",\"position\":3,\"name\":\"Diskografie\",\"item\":\"https:\/\/www.simpleplan.cz\/cz\/index.php\/kapela\/diskografie\/\"},{\"@type\":\"ListItem\",\"position\":4,\"name\":\"No Pads, No Helmets&#8230; Just Balls\"}]},{\"@type\":\"WebSite\",\"@id\":\"https:\/\/www.simpleplan.cz\/cz\/#website\",\"url\":\"https:\/\/www.simpleplan.cz\/cz\/\",\"name\":\"CZ: SimplePlan.cz\",\"description\":\"Nejlep\u0161\u00ed zdroj informac\u00ed o kapele Simple Plan\",\"publisher\":{\"@id\":\"https:\/\/www.simpleplan.cz\/cz\/#organization\"},\"potentialAction\":[{\"@type\":\"SearchAction\",\"target\":{\"@type\":\"EntryPoint\",\"urlTemplate\":\"https:\/\/www.simpleplan.cz\/cz\/?s={search_term_string}\"},\"query-input\":\"required name=search_term_string\"}],\"inLanguage\":\"cs\"},{\"@type\":\"Organization\",\"@id\":\"https:\/\/www.simpleplan.cz\/cz\/#organization\",\"name\":\"CZ: SimplePlan.cz\",\"url\":\"https:\/\/www.simpleplan.cz\/cz\/\",\"logo\":{\"@type\":\"ImageObject\",\"inLanguage\":\"cs\",\"@id\":\"https:\/\/www.simpleplan.cz\/cz\/#\/schema\/logo\/image\/\",\"url\":\"https:\/\/www.simpleplan.cz\/cz\/wp-content\/uploads\/spczlogo.png\",\"contentUrl\":\"https:\/\/www.simpleplan.cz\/cz\/wp-content\/uploads\/spczlogo.png\",\"width\":250,\"height\":190,\"caption\":\"CZ: SimplePlan.cz\"},\"image\":{\"@id\":\"https:\/\/www.simpleplan.cz\/cz\/#\/schema\/logo\/image\/\"},\"sameAs\":[\"http:\/\/www.facebook.com\/simpleplancz\",\"https:\/\/twitter.com\/simpleplancz\",\"http:\/\/www.instagram.com\/simpleplancz\",\"http:\/\/www.youtube.com\/simpleplancz\"]}]}<\/script>\n<!-- \/ Yoast SEO plugin. -->","yoast_head_json":{"title":"No Pads, No Helmets... Just Balls | CZ: SimplePlan.cz","robots":{"index":"index","follow":"follow","max-snippet":"max-snippet:-1","max-image-preview":"max-image-preview:large","max-video-preview":"max-video-preview:-1"},"canonical":"https:\/\/www.simpleplan.cz\/cz\/index.php\/kapela\/diskografie\/no-pads-no-helmets-just-balls\/","og_locale":"cs_CZ","og_type":"article","og_title":"No Pads, No Helmets... Just Balls | CZ: SimplePlan.cz","og_description":"Datum vyd\u00e1n\u00ed: 19. b\u0159ezna 2002 Producent: Arnold Lanni Studio: Arnyard Studios, Toronto, ON, Kanada \/","og_url":"https:\/\/www.simpleplan.cz\/cz\/index.php\/kapela\/diskografie\/no-pads-no-helmets-just-balls\/","og_site_name":"CZ: SimplePlan.cz","article_publisher":"http:\/\/www.facebook.com\/simpleplancz","article_modified_time":"2023-06-26T07:29:57+00:00","og_image":[{"url":"https:\/\/i.imgur.com\/MqbEuTh.png"}],"twitter_card":"summary_large_image","twitter_site":"@simpleplancz","twitter_misc":{"Odhadovan\u00e1 doba \u010dten\u00ed":"1 minuta"},"schema":{"@context":"https:\/\/schema.org","@graph":[{"@type":"WebPage","@id":"https:\/\/www.simpleplan.cz\/cz\/index.php\/kapela\/diskografie\/no-pads-no-helmets-just-balls\/","url":"https:\/\/www.simpleplan.cz\/cz\/index.php\/kapela\/diskografie\/no-pads-no-helmets-just-balls\/","name":"No Pads, No Helmets... Just Balls | CZ: SimplePlan.cz","isPartOf":{"@id":"https:\/\/www.simpleplan.cz\/cz\/#website"},"datePublished":"2017-11-14T19:06:57+00:00","dateModified":"2023-06-26T07:29:57+00:00","breadcrumb":{"@id":"https:\/\/www.simpleplan.cz\/cz\/index.php\/kapela\/diskografie\/no-pads-no-helmets-just-balls\/#breadcrumb"},"inLanguage":"cs","potentialAction":[{"@type":"ReadAction","target":["https:\/\/www.simpleplan.cz\/cz\/index.php\/kapela\/diskografie\/no-pads-no-helmets-just-balls\/"]}]},{"@type":"BreadcrumbList","@id":"https:\/\/www.simpleplan.cz\/cz\/index.php\/kapela\/diskografie\/no-pads-no-helmets-just-balls\/#breadcrumb","itemListElement":[{"@type":"ListItem","position":1,"name":"Dom\u016f","item":"https:\/\/www.simpleplan.cz\/cz\/"},{"@type":"ListItem","position":2,"name":"Kapela","item":"https:\/\/www.simpleplan.cz\/cz\/index.php\/kapela\/"},{"@type":"ListItem","position":3,"name":"Diskografie","item":"https:\/\/www.simpleplan.cz\/cz\/index.php\/kapela\/diskografie\/"},{"@type":"ListItem","position":4,"name":"No Pads, No Helmets&#8230; Just Balls"}]},{"@type":"WebSite","@id":"https:\/\/www.simpleplan.cz\/cz\/#website","url":"https:\/\/www.simpleplan.cz\/cz\/","name":"CZ: SimplePlan.cz","description":"Nejlep\u0161\u00ed zdroj informac\u00ed o kapele Simple Plan","publisher":{"@id":"https:\/\/www.simpleplan.cz\/cz\/#organization"},"potentialAction":[{"@type":"SearchAction","target":{"@type":"EntryPoint","urlTemplate":"https:\/\/www.simpleplan.cz\/cz\/?s={search_term_string}"},"query-input":"required name=search_term_string"}],"inLanguage":"cs"},{"@type":"Organization","@id":"https:\/\/www.simpleplan.cz\/cz\/#organization","name":"CZ: SimplePlan.cz","url":"https:\/\/www.simpleplan.cz\/cz\/","logo":{"@type":"ImageObject","inLanguage":"cs","@id":"https:\/\/www.simpleplan.cz\/cz\/#\/schema\/logo\/image\/","url":"https:\/\/www.simpleplan.cz\/cz\/wp-content\/uploads\/spczlogo.png","contentUrl":"https:\/\/www.simpleplan.cz\/cz\/wp-content\/uploads\/spczlogo.png","width":250,"height":190,"caption":"CZ: SimplePlan.cz"},"image":{"@id":"https:\/\/www.simpleplan.cz\/cz\/#\/schema\/logo\/image\/"},"sameAs":["http:\/\/www.facebook.com\/simpleplancz","https:\/\/twitter.com\/simpleplancz","http:\/\/www.instagram.com\/simpleplancz","http:\/\/www.youtube.com\/simpleplancz"]}]}},"_links":{"self":[{"href":"https:\/\/www.simpleplan.cz\/cz\/index.php\/wp-json\/wp\/v2\/pages\/23324"}],"collection":[{"href":"https:\/\/www.simpleplan.cz\/cz\/index.php\/wp-json\/wp\/v2\/pages"}],"about":[{"href":"https:\/\/www.simpleplan.cz\/cz\/index.php\/wp-json\/wp\/v2\/types\/page"}],"author":[{"embeddable":true,"href":"https:\/\/www.simpleplan.cz\/cz\/index.php\/wp-json\/wp\/v2\/users\/5"}],"replies":[{"embeddable":true,"href":"https:\/\/www.simpleplan.cz\/cz\/index.php\/wp-json\/wp\/v2\/comments?post=23324"}],"version-history":[{"count":7,"href":"https:\/\/www.simpleplan.cz\/cz\/index.php\/wp-json\/wp\/v2\/pages\/23324\/revisions"}],"predecessor-version":[{"id":29301,"href":"https:\/\/www.simpleplan.cz\/cz\/index.php\/wp-json\/wp\/v2\/pages\/23324\/revisions\/29301"}],"up":[{"embeddable":true,"href":"https:\/\/www.simpleplan.cz\/cz\/index.php\/wp-json\/wp\/v2\/pages\/5273"}],"wp:attachment":[{"href":"https:\/\/www.simpleplan.cz\/cz\/index.php\/wp-json\/wp\/v2\/media?parent=23324"}],"curies":[{"name":"wp","href":"https:\/\/api.w.org\/{rel}","templated":true}]}}