{"id":23330,"date":"2017-11-14T20:08:02","date_gmt":"2017-11-14T19:08:02","guid":{"rendered":"http:\/\/www.simpleplan.cz\/cz\/?page_id=23330"},"modified":"2023-06-26T09:29:57","modified_gmt":"2023-06-26T07:29:57","slug":"simple-plan","status":"publish","type":"page","link":"https:\/\/www.simpleplan.cz\/cz\/index.php\/kapela\/diskografie\/simple-plan\/","title":{"rendered":"Simple Plan"},"content":{"rendered":"<p><img decoding=\"async\" style=\"margin: 30px;\" src=\"https:\/\/i.imgur.com\/hlsc4yz.png\" alt=\"\" align=\"left\" \/><\/p>\n<div style=\"padding-top:15px\"><\/div>\n<div class=\"musichead3\"><b>Datum vyd\u00e1n\u00ed:<\/b> 12. \u00fanora 2008<\/div>\n<div class=\"musichead3\"><b>Producent:<\/b> Dave Fortman<\/div>\n<div class=\"musichead3\"><b>Studio:<\/b> Conway Studios (Los Angeles, USA), Hit Factory Criteria Studos (Miami, USA), Man of the Hour Studio (Montreal, Kanada), Maratone Studios (Stockholm, \u0160v\u00e9dsko), NRG Studios (Los Angeles, USA), Studio Piccolo (Montreal, Kanada)<\/div>\n<div class=\"musichead3\"><b>Skl\u00e1d\u00e1n\u00ed p\u00edsn\u00ed:<\/b> 2006-2007<\/div>\n<div class=\"musichead3\"><b>Nahr\u00e1vac\u00ed sessions:<\/b> l\u00e9to 2007<\/div>\n<div class=\"musichead3\"><b>Sou\u010dasn\u00fd stav:<\/b> vyd\u00e1no<\/div>\n<div style=\"padding-top:25px\"><\/div>\n<div class=\"musichead\">Tracklist:<\/div>\n<table class=\"stats2\" cellspacing=\"0\" padding-top=\"0px\">\n<tbody>\n<tr>\n<td class=\"hed\">SIMPLE PLAN:<\/td>\n<\/tr>\n<tr>\n<td>1. <a href=\"http:\/\/www.simpleplan.cz\/cz\/index.php\/kapela\/dikografie\/when-im-gone\/\">When I&#8217;m Gone<\/a><\/td>\n<\/tr>\n<tr>\n<td>2. <a href=\"http:\/\/www.simpleplan.cz\/cz\/index.php\/kapela\/diskografie\/take-my-hand\/\">Take My Hand<\/a><\/td>\n<\/tr>\n<tr>\n<td>3. <a href=\"http:\/\/www.simpleplan.cz\/cz\/index.php\/kapela\/diskografie\/the-end\/\">The End<\/a><\/td>\n<\/tr>\n<tr>\n<td>4. <a href=\"http:\/\/www.simpleplan.cz\/cz\/index.php\/kapela\/diskografie\/your-love-is-a-lie\/\">Your Love is A Lie<\/a><\/td>\n<\/tr>\n<tr>\n<td>5. <a href=\"http:\/\/www.simpleplan.cz\/cz\/index.php\/kapela\/diskografie\/save-you\/\">Save You<\/a><\/td>\n<\/tr>\n<tr>\n<td>6. <a href=\"http:\/\/www.simpleplan.cz\/cz\/index.php\/kapela\/diskografie\/generation\/\">Generation<\/a><\/td>\n<\/tr>\n<tr>\n<td>7. <a href=\"http:\/\/www.simpleplan.cz\/cz\/index.php\/kapela\/diskografie\/time-to-say-goodbye\/\">Time to Say Goodbye<\/a><\/td>\n<\/tr>\n<tr>\n<td>8. <a href=\"http:\/\/www.simpleplan.cz\/cz\/index.php\/kapela\/diskografie\/i-can-wait-forever\/\">I Can Wait Forever<\/a><\/td>\n<\/tr>\n<tr>\n<td>9. <a href=\"http:\/\/www.simpleplan.cz\/cz\/index.php\/kapela\/diskografie\/holding-on\/\">Holding On<\/a><\/td>\n<\/tr>\n<tr>\n<td>10. <a href=\"http:\/\/www.simpleplan.cz\/cz\/index.php\/kapela\/diskografiey\/no-love\/\">No Love<\/a><\/td>\n<\/tr>\n<tr>\n<td>11. <a href=\"http:\/\/www.simpleplan.cz\/cz\/index.php\/kapela\/diskografie\/what-if\/\">What If<\/a><\/td>\n<\/tr>\n<\/tbody>\n<\/table>\n<div style=\"padding-top:15px\"><\/div>\n<div class=\"musichead\">Fyzick\u00e1 vyd\u00e1n\u00ed:<\/div>\n<p><center><img decoding=\"async\" src=\"http:\/\/i.imgur.com\/zyyHdhs.png\"\/ style=\"margin-right:50px\"\/><img decoding=\"async\" src=\"http:\/\/i.imgur.com\/Smizlnx.png\"\/ style=\"margin-right:50px\"\/><img decoding=\"async\" src=\"https:\/\/i.imgur.com\/QF3r2Cj.png\"\/><\/center><\/p>\n<p><strong> <\/strong><\/p>\n<div style=\"padding-top:15px\"><\/div>\n<div class=\"musichead\">Singly:<\/div>\n<div class=\"musichead\"><center><font color=\"#9999ff\">ofici\u00e1ln\u00ed singly<\/font><\/center><\/div>\n<p><center><a href=\"http:\/\/www.simpleplan.cz\/cz\/index.php\/kapela\/diskografie\/when-im-gone\/\" alt=\"When I'm Gone\" title=\"When I'm Gone\"><img decoding=\"async\" src=\"https:\/\/i.imgur.com\/Lg98eYt.png\"\/><\/a> <a href=\"http:\/\/www.simpleplan.cz\/cz\/index.php\/kapela\/diskografie\/your-love-is-a-lie\/\" alt=\"Your Love Is A Lie\" title=\"Your Love Is A Lie\"><img decoding=\"async\" src=\"https:\/\/i.imgur.com\/HoGYUEi.png\"\/><\/a> <a href=\"http:\/\/www.simpleplan.cz\/cz\/index.php\/kapela\/diskografie\/save-you\/\" alt=\"Save You\" title=\"Save You\"><img decoding=\"async\" src=\"https:\/\/i.imgur.com\/2NtmLFT.png\"\/><\/a><\/center><\/p>\n<p><strong> <\/strong><\/p>\n<div class=\"musichead\">Na tvorb\u011b alba se pod\u00edleli:<\/div>\n<p><center><\/p>\n<table class=\"stats2\" cellspacing=\"0\" padding-top=\"0px\">\n<tbody>\n<tr>\n<td class=\"hed\">Simple Plan:<\/td>\n<\/tr>\n<tr>\n<td><b>Audio in\u017een\u00fdr a producent:<\/b> Dave Fortman<\/td>\n<\/tr>\n<tr>\n<td><b>Audio in\u017een\u00fd\u0159i:<\/b> Marcella Araica, Doug McKean, Seth Waldmann<\/td>\n<\/tr>\n<tr>\n<td><b>Mastering:<\/b> Ted Jensen<\/td>\n<\/tr>\n<tr>\n<td><b>Skladatel:<\/b> Arnold Lanni<\/td>\n<\/tr>\n<tr>\n<td><b>Mixing:<\/b> Chris Lord-Alge<\/td>\n<\/tr>\n<tr>\n<td><b>Skladatel, audio in\u017een\u00fdr a producent:<\/b> Max Martin<\/td>\n<\/tr>\n<tr>\n<td><b>Kl\u00e1vesy:<\/b> Liam O&#8217;Neil<\/td>\n<\/tr>\n<tr>\n<td><b>Digit\u00e1ln\u00ed editor &#038; audio in\u017een\u00fdr:<\/b> Jeremy Parker<\/td>\n<\/tr>\n<tr>\n<td><b>Dodate\u010dn\u00e9 programov\u00e1n\u00ed:<\/b> Nate Hills<\/td>\n<\/tr>\n<tr>\n<td><b>Aran\u017em\u00e1 strunn\u00fdch n\u00e1stroj\u016f:<\/b> Dave Campbell<\/td>\n<\/tr>\n<tr>\n<td><b>Um\u011bleck\u00e1 \u0159editelka:<\/b> Rachelle Dup\u00e9r\u00e9<\/td>\n<\/tr>\n<tr>\n<td><b>Drum loop:<\/b> DJ Lethal<\/td>\n<\/tr>\n<tr>\n<td><b>Fotografie:<\/b> Warwick Saint<\/td>\n<\/tr>\n<\/tbody>\n<\/table>\n<p><\/center><\/p>\n<div class=\"fblikebutton_button\" style=\"float: left; padding-top: 20px; margin-right: 20px; padding-bottom: 20px; padding-left: 20px;\"><iframe src=\"http:\/\/www.facebook.com\/plugins\/like.php?href=https%3A%2F%2Fwww.simpleplan.cz%2Fcz%2Findex.php%2Fkapela%2Fdiskografie%2Fsimple-plan%2F&amp;layout=standard&amp;show-faces=false&amp;width=450&amp;action=like&amp;colorscheme=light\" scrolling=\"no\" frameborder=\"0\" allowTransparency=\"true\" style=\"border:none; overflow:hidden; width:450px; height:26px\"><\/iframe><\/div>\n","protected":false},"excerpt":{"rendered":"<p>Datum vyd\u00e1n\u00ed: 12. \u00fanora 2008 Producent: Dave Fortman Studio: Conway Studios (Los Angeles, USA), Hit<\/p>\n","protected":false},"author":5,"featured_media":0,"parent":5273,"menu_order":0,"comment_status":"closed","ping_status":"closed","template":"page-templates\/full-width.php","meta":{"footnotes":""},"yoast_head":"<!-- This site is optimized with the Yoast SEO plugin v20.9 - https:\/\/yoast.com\/wordpress\/plugins\/seo\/ -->\n<title>Simple Plan | CZ: SimplePlan.cz<\/title>\n<meta name=\"robots\" content=\"index, follow, max-snippet:-1, max-image-preview:large, max-video-preview:-1\" \/>\n<link rel=\"canonical\" href=\"https:\/\/www.simpleplan.cz\/cz\/index.php\/kapela\/diskografie\/simple-plan\/\" \/>\n<meta property=\"og:locale\" content=\"cs_CZ\" \/>\n<meta property=\"og:type\" content=\"article\" \/>\n<meta property=\"og:title\" content=\"Simple Plan | CZ: SimplePlan.cz\" \/>\n<meta property=\"og:description\" content=\"Datum vyd\u00e1n\u00ed: 12. \u00fanora 2008 Producent: Dave Fortman Studio: Conway Studios (Los Angeles, USA), Hit\" \/>\n<meta property=\"og:url\" content=\"https:\/\/www.simpleplan.cz\/cz\/index.php\/kapela\/diskografie\/simple-plan\/\" \/>\n<meta property=\"og:site_name\" content=\"CZ: SimplePlan.cz\" \/>\n<meta property=\"article:publisher\" content=\"http:\/\/www.facebook.com\/simpleplancz\" \/>\n<meta property=\"article:modified_time\" content=\"2023-06-26T07:29:57+00:00\" \/>\n<meta property=\"og:image\" content=\"https:\/\/i.imgur.com\/hlsc4yz.png\" \/>\n<meta name=\"twitter:card\" content=\"summary_large_image\" \/>\n<meta name=\"twitter:site\" content=\"@simpleplancz\" \/>\n<meta name=\"twitter:label1\" content=\"Odhadovan\u00e1 doba \u010dten\u00ed\" \/>\n\t<meta name=\"twitter:data1\" content=\"1 minuta\" \/>\n<script type=\"application\/ld+json\" class=\"yoast-schema-graph\">{\"@context\":\"https:\/\/schema.org\",\"@graph\":[{\"@type\":\"WebPage\",\"@id\":\"https:\/\/www.simpleplan.cz\/cz\/index.php\/kapela\/diskografie\/simple-plan\/\",\"url\":\"https:\/\/www.simpleplan.cz\/cz\/index.php\/kapela\/diskografie\/simple-plan\/\",\"name\":\"Simple Plan | CZ: SimplePlan.cz\",\"isPartOf\":{\"@id\":\"https:\/\/www.simpleplan.cz\/cz\/#website\"},\"datePublished\":\"2017-11-14T19:08:02+00:00\",\"dateModified\":\"2023-06-26T07:29:57+00:00\",\"breadcrumb\":{\"@id\":\"https:\/\/www.simpleplan.cz\/cz\/index.php\/kapela\/diskografie\/simple-plan\/#breadcrumb\"},\"inLanguage\":\"cs\",\"potentialAction\":[{\"@type\":\"ReadAction\",\"target\":[\"https:\/\/www.simpleplan.cz\/cz\/index.php\/kapela\/diskografie\/simple-plan\/\"]}]},{\"@type\":\"BreadcrumbList\",\"@id\":\"https:\/\/www.simpleplan.cz\/cz\/index.php\/kapela\/diskografie\/simple-plan\/#breadcrumb\",\"itemListElement\":[{\"@type\":\"ListItem\",\"position\":1,\"name\":\"Dom\u016f\",\"item\":\"https:\/\/www.simpleplan.cz\/cz\/\"},{\"@type\":\"ListItem\",\"position\":2,\"name\":\"Kapela\",\"item\":\"https:\/\/www.simpleplan.cz\/cz\/index.php\/kapela\/\"},{\"@type\":\"ListItem\",\"position\":3,\"name\":\"Diskografie\",\"item\":\"https:\/\/www.simpleplan.cz\/cz\/index.php\/kapela\/diskografie\/\"},{\"@type\":\"ListItem\",\"position\":4,\"name\":\"Simple Plan\"}]},{\"@type\":\"WebSite\",\"@id\":\"https:\/\/www.simpleplan.cz\/cz\/#website\",\"url\":\"https:\/\/www.simpleplan.cz\/cz\/\",\"name\":\"CZ: SimplePlan.cz\",\"description\":\"Nejlep\u0161\u00ed zdroj informac\u00ed o kapele Simple Plan\",\"publisher\":{\"@id\":\"https:\/\/www.simpleplan.cz\/cz\/#organization\"},\"potentialAction\":[{\"@type\":\"SearchAction\",\"target\":{\"@type\":\"EntryPoint\",\"urlTemplate\":\"https:\/\/www.simpleplan.cz\/cz\/?s={search_term_string}\"},\"query-input\":\"required name=search_term_string\"}],\"inLanguage\":\"cs\"},{\"@type\":\"Organization\",\"@id\":\"https:\/\/www.simpleplan.cz\/cz\/#organization\",\"name\":\"CZ: SimplePlan.cz\",\"url\":\"https:\/\/www.simpleplan.cz\/cz\/\",\"logo\":{\"@type\":\"ImageObject\",\"inLanguage\":\"cs\",\"@id\":\"https:\/\/www.simpleplan.cz\/cz\/#\/schema\/logo\/image\/\",\"url\":\"https:\/\/www.simpleplan.cz\/cz\/wp-content\/uploads\/spczlogo.png\",\"contentUrl\":\"https:\/\/www.simpleplan.cz\/cz\/wp-content\/uploads\/spczlogo.png\",\"width\":250,\"height\":190,\"caption\":\"CZ: SimplePlan.cz\"},\"image\":{\"@id\":\"https:\/\/www.simpleplan.cz\/cz\/#\/schema\/logo\/image\/\"},\"sameAs\":[\"http:\/\/www.facebook.com\/simpleplancz\",\"https:\/\/twitter.com\/simpleplancz\",\"http:\/\/www.instagram.com\/simpleplancz\",\"http:\/\/www.youtube.com\/simpleplancz\"]}]}<\/script>\n<!-- \/ Yoast SEO plugin. -->","yoast_head_json":{"title":"Simple Plan | CZ: SimplePlan.cz","robots":{"index":"index","follow":"follow","max-snippet":"max-snippet:-1","max-image-preview":"max-image-preview:large","max-video-preview":"max-video-preview:-1"},"canonical":"https:\/\/www.simpleplan.cz\/cz\/index.php\/kapela\/diskografie\/simple-plan\/","og_locale":"cs_CZ","og_type":"article","og_title":"Simple Plan | CZ: SimplePlan.cz","og_description":"Datum vyd\u00e1n\u00ed: 12. \u00fanora 2008 Producent: Dave Fortman Studio: Conway Studios (Los Angeles, USA), Hit","og_url":"https:\/\/www.simpleplan.cz\/cz\/index.php\/kapela\/diskografie\/simple-plan\/","og_site_name":"CZ: SimplePlan.cz","article_publisher":"http:\/\/www.facebook.com\/simpleplancz","article_modified_time":"2023-06-26T07:29:57+00:00","og_image":[{"url":"https:\/\/i.imgur.com\/hlsc4yz.png"}],"twitter_card":"summary_large_image","twitter_site":"@simpleplancz","twitter_misc":{"Odhadovan\u00e1 doba \u010dten\u00ed":"1 minuta"},"schema":{"@context":"https:\/\/schema.org","@graph":[{"@type":"WebPage","@id":"https:\/\/www.simpleplan.cz\/cz\/index.php\/kapela\/diskografie\/simple-plan\/","url":"https:\/\/www.simpleplan.cz\/cz\/index.php\/kapela\/diskografie\/simple-plan\/","name":"Simple Plan | CZ: SimplePlan.cz","isPartOf":{"@id":"https:\/\/www.simpleplan.cz\/cz\/#website"},"datePublished":"2017-11-14T19:08:02+00:00","dateModified":"2023-06-26T07:29:57+00:00","breadcrumb":{"@id":"https:\/\/www.simpleplan.cz\/cz\/index.php\/kapela\/diskografie\/simple-plan\/#breadcrumb"},"inLanguage":"cs","potentialAction":[{"@type":"ReadAction","target":["https:\/\/www.simpleplan.cz\/cz\/index.php\/kapela\/diskografie\/simple-plan\/"]}]},{"@type":"BreadcrumbList","@id":"https:\/\/www.simpleplan.cz\/cz\/index.php\/kapela\/diskografie\/simple-plan\/#breadcrumb","itemListElement":[{"@type":"ListItem","position":1,"name":"Dom\u016f","item":"https:\/\/www.simpleplan.cz\/cz\/"},{"@type":"ListItem","position":2,"name":"Kapela","item":"https:\/\/www.simpleplan.cz\/cz\/index.php\/kapela\/"},{"@type":"ListItem","position":3,"name":"Diskografie","item":"https:\/\/www.simpleplan.cz\/cz\/index.php\/kapela\/diskografie\/"},{"@type":"ListItem","position":4,"name":"Simple Plan"}]},{"@type":"WebSite","@id":"https:\/\/www.simpleplan.cz\/cz\/#website","url":"https:\/\/www.simpleplan.cz\/cz\/","name":"CZ: SimplePlan.cz","description":"Nejlep\u0161\u00ed zdroj informac\u00ed o kapele Simple Plan","publisher":{"@id":"https:\/\/www.simpleplan.cz\/cz\/#organization"},"potentialAction":[{"@type":"SearchAction","target":{"@type":"EntryPoint","urlTemplate":"https:\/\/www.simpleplan.cz\/cz\/?s={search_term_string}"},"query-input":"required name=search_term_string"}],"inLanguage":"cs"},{"@type":"Organization","@id":"https:\/\/www.simpleplan.cz\/cz\/#organization","name":"CZ: SimplePlan.cz","url":"https:\/\/www.simpleplan.cz\/cz\/","logo":{"@type":"ImageObject","inLanguage":"cs","@id":"https:\/\/www.simpleplan.cz\/cz\/#\/schema\/logo\/image\/","url":"https:\/\/www.simpleplan.cz\/cz\/wp-content\/uploads\/spczlogo.png","contentUrl":"https:\/\/www.simpleplan.cz\/cz\/wp-content\/uploads\/spczlogo.png","width":250,"height":190,"caption":"CZ: SimplePlan.cz"},"image":{"@id":"https:\/\/www.simpleplan.cz\/cz\/#\/schema\/logo\/image\/"},"sameAs":["http:\/\/www.facebook.com\/simpleplancz","https:\/\/twitter.com\/simpleplancz","http:\/\/www.instagram.com\/simpleplancz","http:\/\/www.youtube.com\/simpleplancz"]}]}},"_links":{"self":[{"href":"https:\/\/www.simpleplan.cz\/cz\/index.php\/wp-json\/wp\/v2\/pages\/23330"}],"collection":[{"href":"https:\/\/www.simpleplan.cz\/cz\/index.php\/wp-json\/wp\/v2\/pages"}],"about":[{"href":"https:\/\/www.simpleplan.cz\/cz\/index.php\/wp-json\/wp\/v2\/types\/page"}],"author":[{"embeddable":true,"href":"https:\/\/www.simpleplan.cz\/cz\/index.php\/wp-json\/wp\/v2\/users\/5"}],"replies":[{"embeddable":true,"href":"https:\/\/www.simpleplan.cz\/cz\/index.php\/wp-json\/wp\/v2\/comments?post=23330"}],"version-history":[{"count":3,"href":"https:\/\/www.simpleplan.cz\/cz\/index.php\/wp-json\/wp\/v2\/pages\/23330\/revisions"}],"predecessor-version":[{"id":29300,"href":"https:\/\/www.simpleplan.cz\/cz\/index.php\/wp-json\/wp\/v2\/pages\/23330\/revisions\/29300"}],"up":[{"embeddable":true,"href":"https:\/\/www.simpleplan.cz\/cz\/index.php\/wp-json\/wp\/v2\/pages\/5273"}],"wp:attachment":[{"href":"https:\/\/www.simpleplan.cz\/cz\/index.php\/wp-json\/wp\/v2\/media?parent=23330"}],"curies":[{"name":"wp","href":"https:\/\/api.w.org\/{rel}","templated":true}]}}