{"id":28765,"date":"2019-12-23T17:53:50","date_gmt":"2019-12-23T16:53:50","guid":{"rendered":"http:\/\/www.simpleplan.cz\/cz\/?page_id=28765"},"modified":"2023-06-26T09:29:58","modified_gmt":"2023-06-26T07:29:58","slug":"where-i-belong","status":"publish","type":"page","link":"https:\/\/www.simpleplan.cz\/cz\/index.php\/kapela\/diskografie\/where-i-belong\/","title":{"rendered":"Where I Belong"},"content":{"rendered":"<div class=\"pagecontent\">\n<div class=\"girls\"><b><u>Z\u00e1kladn\u00ed info<\/u><\/b><\/div>\n<p><b>Album:<\/b> ???<br \/>\n<b>Skladatel\u00e9:<\/b> Pierre Bouvier, Chuck Comeau, Derek DiScanio, Andrew Goldstein, Zachary Joseph<br \/>\n<b>Dodate\u010dn\u00e9 vok\u00e1ly:<\/b> Derek DiScanio, Travis Clark, Andrew Goldstein, Chady Awad, Zakk Cervini<br \/>\n<b>Dodate\u010dn\u00e9 bic\u00ed:<\/b> Ilan Rubin<br \/>\n<b>D\u00e9lka p\u00edsn\u011b:<\/b> 3:10<br \/>\n<b>Datum vyd\u00e1n\u00ed singlu<\/b> 10. \u0159\u00edjna 2019<br \/>\n<b>Datum vyd\u00e1n\u00ed videoklipu:<\/b> 23. prosince 2019<br \/>\n<b>Obal singlu:<\/b> <a href=\"http:\/\/www.simpleplan.cz\/gallery\/thumbnails.php?album=2722\" target=\"_blank\" rel=\"noopener\">zde<\/a><\/p>\n<div class=\"girls\"><b><u>V\u00fdznam p\u00edsn\u011b<\/u><\/b><\/div>\n<p>Kdy\u017e se Simple Plan, State Champs a We The Kings rozhodli, \u017ee spolu na podzim 2019 vyjedou na spole\u010dn\u00e9 turn\u00e9, \u0159ekli si, \u017ee by bylo skv\u011bl\u00e9, kdyby je b\u011bhem turn\u00e9 spojovala tak\u00e9 spole\u010dn\u00e1 p\u00edse\u0148, na kter\u00e9 by se objevily v\u0161echny t\u0159i kapely. <\/p>\n<div class=\"quote\"><i>&#8222;Je to p\u00edse\u0148, na kter\u00e9 se m\u011bly objevit v\u0161echny t\u0159i kapely, kter\u00e9 spolu vyjely na turn\u00e9, tak\u017ee n\u00e1m d\u00e1valo smysl, \u017ee by to m\u011bla b\u00fdt p\u00edse\u0148 o muzice a o tom, co hudba pro lidi znamen\u00e1. Pro lidi, kte\u0159\u00ed poslouchaj\u00ed pop-punk, je hudba skute\u010dn\u011b velkou \u010d\u00e1st\u00ed jejich osobnosti, a vypad\u00e1 to, \u017ee s nimi rezonuje na skute\u010dn\u011b hlub\u0161\u00ed \u00farovni, ne\u017e je to u lid\u00ed, kte\u0159\u00ed poslouchaj\u00ed hudbu jen tak. A to jsme touto p\u00edsn\u00ed cht\u011bli vyj\u00e1d\u0159it &#8211; to, jak posv\u00e1tn\u00fdm m\u00edstem m\u016f\u017ee pro lidi b\u00fdt koncert nebo samotn\u00e1 hudba &#8211; kde se lidi skute\u010dn\u011b najdou. A pak kdy\u017e jsem p\u0159i\u0161el na [zp\u00edv\u00e1] \u201cThis is where I belong,\u201d opravdu to zn\u011blo tak, jak jsem cht\u011bl, aby tato p\u00edse\u0148 vyzn\u011bla &#8211; a aby vyjad\u0159ovala p\u0159est\u011b to, co koncerty znamenaj\u00ed pro v\u0161echny fanou\u0161ky &#8211; a co vlastn\u011b znamenaj\u00ed pro v\u0161echny z n\u00e1s.&#8220;<\/i><\/div>\n<p><center><font color=\"434277\"><b>&#8211; Pierre Bouvier &#8211;<\/b><\/font><\/center><\/p>\n<div class=\"girls\"><b><u>Zaj\u00edmavost<\/u><\/b><\/div>\n<p>Jak State Champs, tak i Simple Plan ve &#8218;Where I Belong&#8216; skryli mal\u00e9 odkazy na sv\u00e9 jin\u00e9 p\u00edsn\u011b. Zat\u00edmco Pierre zp\u00edv\u00e1 &#8218;I&#8217;m sorry that I can&#8217;t be perfect&#8216;, kde odkazuje na jeden z prvn\u00edch hit\u016f SP &#8218;Perfect&#8216;, Derek DiScanio pak odkazuje na p\u00edse\u0148 &#8218;Secrets&#8216; od State Champs v \u010d\u00e1sti &#8218;I&#8217;ll let you in on one of my secrets&#8216;.<\/p>\n<div class=\"girls\"><b><u>Videoklip<\/u><\/b><\/div>\n<p><center><iframe width=\"560\" height=\"315\" src=\"https:\/\/www.youtube.com\/embed\/yiAJFa26KKU\" frameborder=\"0\" allow=\"accelerometer; autoplay; encrypted-media; gyroscope; picture-in-picture\" allowfullscreen><\/iframe><\/center><\/p>\n<div class=\"girls\"><b><u>Text p\u00edsn\u011b<\/u><\/b><\/div>\n<p><center><br \/>\nI&#8217;m looking in the rearview mirror<br \/>\nEverything looks the same<br \/>\nThere&#8217;s nothing but broken streetlights<br \/>\nAnd I&#8217;m just trying to escape  <\/center><\/p>\n<p><center>I&#8217;m waiting on a distant feeling<br \/>\nI&#8217;m waiting for things to change<br \/>\nIt&#8217;s getting hard to run on empty<br \/>\nBut maybe I&#8217;m not so far away<br \/>\nCuz it feels like home <\/center><\/p>\n<p><center>I found a reason<br \/>\nAnd suddenly I&#8217;m not so alone<br \/>\nI&#8217;m finally breathing<br \/>\nLike I never could on my own<br \/>\nStart the countdown<br \/>\nLet&#8217;s get it on<br \/>\nScream my lungs out<br \/>\nTo our favourite song<br \/>\n&#8218;Cause this is where I belong <\/center><\/p>\n<p><center>I can tell you just don&#8217;t get it<br \/>\nAnd that you&#8217;ll never understand<br \/>\nI&#8217;m sorry that I can&#8217;t be perfect<br \/>\nBut I&#8217;m not changing who I am <\/center><\/p>\n<p><center>Maybe there&#8217;s no destination<br \/>\nMaybe I&#8217;m gonna make mistakes<br \/>\nI&#8217;ll let you in on one of my secrets<br \/>\nI\u2019m still just as lost as yesterday<br \/>\nBut it feels like home <\/center><\/p>\n<p><center>Look past the warning signs<br \/>\nThe same ones that told me<br \/>\nI should just turn back and run<br \/>\nPlay it safe before you come undone<br \/>\nIf you saw through my eyes<br \/>\nThis view was worth the climb<br \/>\nBelieve me when I say<br \/>\nThere&#8217;s no place in this world I&#8217;d rather be <\/center><\/p>\n<p style=\"text-align: center;\">\n<div class=\"girls\"><b><u>\u010cesk\u00fd p\u0159eklad<\/u><\/b><\/div>\n<p><center><br \/>\nD\u00edv\u00e1m se do zp\u011btn\u00e9ho zrc\u00e1tka<br \/>\nA v\u0161echno vypad\u00e1 stejn\u011b<br \/>\nNen\u00ed tu nic ne\u017e po\u0161kozen\u00e1 pouli\u010dn\u00ed sv\u011btla<br \/>\nA j\u00e1 se jen sna\u017e\u00edm ut\u00e9ct <\/center><\/p>\n<p><center>\u010cek\u00e1m na vz\u00e1len\u00fd pocit<br \/>\n\u010cek\u00e1m na to, a\u017e se v\u011bci zm\u011bn\u00ed<br \/>\nJe t\u011b\u017ek\u00e9 jet na pr\u00e1zdnou n\u00e1dr\u017e<br \/>\nAle mo\u017en\u00e1 nejsem tak daleko<br \/>\nProto\u017ee u\u017e se za\u010d\u00edn\u00e1m c\u00edtit jako doma<\/center><\/p>\n<p><center>Na\u0161em jsem sv\u016fj d\u016fvod pro\u010d \u017e\u00edt<br \/>\nA najednou si nep\u0159ipad\u00e1m tak s\u00e1m<br \/>\nKone\u010dn\u011b d\u00fdch\u00e1m<br \/>\nJako jsem d\u0159\u00edve s\u00e1m od sebe nemohl<br \/>\nZa\u010dn\u011bte odpo\u010det<br \/>\nJdeme na to<br \/>\nVyk\u0159\u0159i\u010d\u00edme si pl\u00edce<br \/>\nNa na\u0161e nejobl\u00edben\u011bj\u0161\u00ed p\u00edsn\u011b<br \/>\nProto\u017ee j\u00e1 pat\u0159\u00edm pr\u00e1v\u011b sem <\/center><\/p>\n<p><center>Je mi jasn\u00e9, \u017ee tomu prost\u011b nerozum\u00ed\u0161<br \/>\nA nikdy to nepochop\u00ed\u0161<br \/>\nJe mi l\u00edto, \u017ee nejsem dokonal\u00fd<br \/>\nAle j\u00e1 nezm\u011bn\u00edm to, k\u00fdm jsem <\/center><\/p>\n<p><center>Mo\u017en\u00e1 nen\u00ed \u017e\u00e1dn\u00e9 c\u00edlov\u00e9 stanice<br \/>\nMo\u017en\u00e1 budu d\u011blat chyby<br \/>\nD\u00e1m ti v\u011bd\u011bt jedno sv\u00e9 tajemstv\u00ed<br \/>\nJsem st\u00e1le tak ztracen jako v\u010dera<br \/>\nAle tady si p\u0159ipad\u00e1m jako doma <\/center><\/p>\n<p><center>P\u0159ehl\u00e9dni v\u0161echna ta varovn\u00e1 znamen\u00ed<br \/>\nTa sam\u00e1, kter\u00e1 mi d\u0159\u00edv \u0159\u00edkala,<br \/>\n\u017de se m\u00e1m oto\u010dit a ut\u00e9ct<br \/>\nHraj na jistotu, ne\u017e ztrat\u00ed\u0161 sebekontrolu<br \/>\nKdyby vid\u011bl to, co vid\u00edm j\u00e1<br \/>\nV\u011bd\u011bl bys, \u017ee ten v\u00fdhled za tu cestu st\u00e1l<br \/>\nV\u011b\u0159 mi, kdy\u017e ti \u0159eknu, \u017ee<br \/>\nNa sv\u011bt\u011b nen\u00ed m\u00edsto, kde bych byl rad\u011bji <\/center><\/p>\n<p style=\"text-align: center;\">\n<\/div>\n<div class=\"fblikebutton_button\" style=\"float: left; padding-top: 20px; margin-right: 20px; padding-bottom: 20px; padding-left: 20px;\"><iframe src=\"http:\/\/www.facebook.com\/plugins\/like.php?href=https%3A%2F%2Fwww.simpleplan.cz%2Fcz%2Findex.php%2Fkapela%2Fdiskografie%2Fwhere-i-belong%2F&amp;layout=standard&amp;show-faces=false&amp;width=450&amp;action=like&amp;colorscheme=light\" scrolling=\"no\" frameborder=\"0\" allowTransparency=\"true\" style=\"border:none; overflow:hidden; width:450px; height:26px\"><\/iframe><\/div>\n","protected":false},"excerpt":{"rendered":"<p>Z\u00e1kladn\u00ed info Album: ??? Skladatel\u00e9: Pierre Bouvier, Chuck Comeau, Derek DiScanio, Andrew Goldstein, Zachary Joseph<\/p>\n","protected":false},"author":5,"featured_media":0,"parent":5273,"menu_order":0,"comment_status":"closed","ping_status":"closed","template":"","meta":{"footnotes":""},"yoast_head":"<!-- This site is optimized with the Yoast SEO plugin v20.9 - https:\/\/yoast.com\/wordpress\/plugins\/seo\/ -->\n<title>Where I Belong | CZ: SimplePlan.cz<\/title>\n<meta name=\"robots\" content=\"index, follow, max-snippet:-1, max-image-preview:large, max-video-preview:-1\" \/>\n<link rel=\"canonical\" href=\"https:\/\/www.simpleplan.cz\/cz\/index.php\/kapela\/diskografie\/where-i-belong\/\" \/>\n<meta property=\"og:locale\" content=\"cs_CZ\" \/>\n<meta property=\"og:type\" content=\"article\" \/>\n<meta property=\"og:title\" content=\"Where I Belong | CZ: SimplePlan.cz\" \/>\n<meta property=\"og:description\" content=\"Z\u00e1kladn\u00ed info Album: ??? Skladatel\u00e9: Pierre Bouvier, Chuck Comeau, Derek DiScanio, Andrew Goldstein, Zachary Joseph\" \/>\n<meta property=\"og:url\" content=\"https:\/\/www.simpleplan.cz\/cz\/index.php\/kapela\/diskografie\/where-i-belong\/\" \/>\n<meta property=\"og:site_name\" content=\"CZ: SimplePlan.cz\" \/>\n<meta property=\"article:publisher\" content=\"http:\/\/www.facebook.com\/simpleplancz\" \/>\n<meta property=\"article:modified_time\" content=\"2023-06-26T07:29:58+00:00\" \/>\n<meta property=\"og:image\" content=\"http:\/\/www.simpleplan.cz\/cz\/wp-content\/uploads\/logo.gif\" \/>\n<meta name=\"twitter:card\" content=\"summary_large_image\" \/>\n<meta name=\"twitter:site\" content=\"@simpleplancz\" \/>\n<meta name=\"twitter:label1\" content=\"Odhadovan\u00e1 doba \u010dten\u00ed\" \/>\n\t<meta name=\"twitter:data1\" content=\"4 minuty\" \/>\n<script type=\"application\/ld+json\" class=\"yoast-schema-graph\">{\"@context\":\"https:\/\/schema.org\",\"@graph\":[{\"@type\":\"WebPage\",\"@id\":\"https:\/\/www.simpleplan.cz\/cz\/index.php\/kapela\/diskografie\/where-i-belong\/\",\"url\":\"https:\/\/www.simpleplan.cz\/cz\/index.php\/kapela\/diskografie\/where-i-belong\/\",\"name\":\"Where I Belong | CZ: SimplePlan.cz\",\"isPartOf\":{\"@id\":\"https:\/\/www.simpleplan.cz\/cz\/#website\"},\"datePublished\":\"2019-12-23T16:53:50+00:00\",\"dateModified\":\"2023-06-26T07:29:58+00:00\",\"breadcrumb\":{\"@id\":\"https:\/\/www.simpleplan.cz\/cz\/index.php\/kapela\/diskografie\/where-i-belong\/#breadcrumb\"},\"inLanguage\":\"cs\",\"potentialAction\":[{\"@type\":\"ReadAction\",\"target\":[\"https:\/\/www.simpleplan.cz\/cz\/index.php\/kapela\/diskografie\/where-i-belong\/\"]}]},{\"@type\":\"BreadcrumbList\",\"@id\":\"https:\/\/www.simpleplan.cz\/cz\/index.php\/kapela\/diskografie\/where-i-belong\/#breadcrumb\",\"itemListElement\":[{\"@type\":\"ListItem\",\"position\":1,\"name\":\"Dom\u016f\",\"item\":\"https:\/\/www.simpleplan.cz\/cz\/\"},{\"@type\":\"ListItem\",\"position\":2,\"name\":\"Kapela\",\"item\":\"https:\/\/www.simpleplan.cz\/cz\/index.php\/kapela\/\"},{\"@type\":\"ListItem\",\"position\":3,\"name\":\"Diskografie\",\"item\":\"https:\/\/www.simpleplan.cz\/cz\/index.php\/kapela\/diskografie\/\"},{\"@type\":\"ListItem\",\"position\":4,\"name\":\"Where I Belong\"}]},{\"@type\":\"WebSite\",\"@id\":\"https:\/\/www.simpleplan.cz\/cz\/#website\",\"url\":\"https:\/\/www.simpleplan.cz\/cz\/\",\"name\":\"CZ: SimplePlan.cz\",\"description\":\"Nejlep\u0161\u00ed zdroj informac\u00ed o kapele Simple Plan\",\"publisher\":{\"@id\":\"https:\/\/www.simpleplan.cz\/cz\/#organization\"},\"potentialAction\":[{\"@type\":\"SearchAction\",\"target\":{\"@type\":\"EntryPoint\",\"urlTemplate\":\"https:\/\/www.simpleplan.cz\/cz\/?s={search_term_string}\"},\"query-input\":\"required name=search_term_string\"}],\"inLanguage\":\"cs\"},{\"@type\":\"Organization\",\"@id\":\"https:\/\/www.simpleplan.cz\/cz\/#organization\",\"name\":\"CZ: SimplePlan.cz\",\"url\":\"https:\/\/www.simpleplan.cz\/cz\/\",\"logo\":{\"@type\":\"ImageObject\",\"inLanguage\":\"cs\",\"@id\":\"https:\/\/www.simpleplan.cz\/cz\/#\/schema\/logo\/image\/\",\"url\":\"https:\/\/www.simpleplan.cz\/cz\/wp-content\/uploads\/spczlogo.png\",\"contentUrl\":\"https:\/\/www.simpleplan.cz\/cz\/wp-content\/uploads\/spczlogo.png\",\"width\":250,\"height\":190,\"caption\":\"CZ: SimplePlan.cz\"},\"image\":{\"@id\":\"https:\/\/www.simpleplan.cz\/cz\/#\/schema\/logo\/image\/\"},\"sameAs\":[\"http:\/\/www.facebook.com\/simpleplancz\",\"https:\/\/twitter.com\/simpleplancz\",\"http:\/\/www.instagram.com\/simpleplancz\",\"http:\/\/www.youtube.com\/simpleplancz\"]}]}<\/script>\n<!-- \/ Yoast SEO plugin. -->","yoast_head_json":{"title":"Where I Belong | CZ: SimplePlan.cz","robots":{"index":"index","follow":"follow","max-snippet":"max-snippet:-1","max-image-preview":"max-image-preview:large","max-video-preview":"max-video-preview:-1"},"canonical":"https:\/\/www.simpleplan.cz\/cz\/index.php\/kapela\/diskografie\/where-i-belong\/","og_locale":"cs_CZ","og_type":"article","og_title":"Where I Belong | CZ: SimplePlan.cz","og_description":"Z\u00e1kladn\u00ed info Album: ??? Skladatel\u00e9: Pierre Bouvier, Chuck Comeau, Derek DiScanio, Andrew Goldstein, Zachary Joseph","og_url":"https:\/\/www.simpleplan.cz\/cz\/index.php\/kapela\/diskografie\/where-i-belong\/","og_site_name":"CZ: SimplePlan.cz","article_publisher":"http:\/\/www.facebook.com\/simpleplancz","article_modified_time":"2023-06-26T07:29:58+00:00","og_image":[{"url":"http:\/\/www.simpleplan.cz\/cz\/wp-content\/uploads\/logo.gif"}],"twitter_card":"summary_large_image","twitter_site":"@simpleplancz","twitter_misc":{"Odhadovan\u00e1 doba \u010dten\u00ed":"4 minuty"},"schema":{"@context":"https:\/\/schema.org","@graph":[{"@type":"WebPage","@id":"https:\/\/www.simpleplan.cz\/cz\/index.php\/kapela\/diskografie\/where-i-belong\/","url":"https:\/\/www.simpleplan.cz\/cz\/index.php\/kapela\/diskografie\/where-i-belong\/","name":"Where I Belong | CZ: SimplePlan.cz","isPartOf":{"@id":"https:\/\/www.simpleplan.cz\/cz\/#website"},"datePublished":"2019-12-23T16:53:50+00:00","dateModified":"2023-06-26T07:29:58+00:00","breadcrumb":{"@id":"https:\/\/www.simpleplan.cz\/cz\/index.php\/kapela\/diskografie\/where-i-belong\/#breadcrumb"},"inLanguage":"cs","potentialAction":[{"@type":"ReadAction","target":["https:\/\/www.simpleplan.cz\/cz\/index.php\/kapela\/diskografie\/where-i-belong\/"]}]},{"@type":"BreadcrumbList","@id":"https:\/\/www.simpleplan.cz\/cz\/index.php\/kapela\/diskografie\/where-i-belong\/#breadcrumb","itemListElement":[{"@type":"ListItem","position":1,"name":"Dom\u016f","item":"https:\/\/www.simpleplan.cz\/cz\/"},{"@type":"ListItem","position":2,"name":"Kapela","item":"https:\/\/www.simpleplan.cz\/cz\/index.php\/kapela\/"},{"@type":"ListItem","position":3,"name":"Diskografie","item":"https:\/\/www.simpleplan.cz\/cz\/index.php\/kapela\/diskografie\/"},{"@type":"ListItem","position":4,"name":"Where I Belong"}]},{"@type":"WebSite","@id":"https:\/\/www.simpleplan.cz\/cz\/#website","url":"https:\/\/www.simpleplan.cz\/cz\/","name":"CZ: SimplePlan.cz","description":"Nejlep\u0161\u00ed zdroj informac\u00ed o kapele Simple Plan","publisher":{"@id":"https:\/\/www.simpleplan.cz\/cz\/#organization"},"potentialAction":[{"@type":"SearchAction","target":{"@type":"EntryPoint","urlTemplate":"https:\/\/www.simpleplan.cz\/cz\/?s={search_term_string}"},"query-input":"required name=search_term_string"}],"inLanguage":"cs"},{"@type":"Organization","@id":"https:\/\/www.simpleplan.cz\/cz\/#organization","name":"CZ: SimplePlan.cz","url":"https:\/\/www.simpleplan.cz\/cz\/","logo":{"@type":"ImageObject","inLanguage":"cs","@id":"https:\/\/www.simpleplan.cz\/cz\/#\/schema\/logo\/image\/","url":"https:\/\/www.simpleplan.cz\/cz\/wp-content\/uploads\/spczlogo.png","contentUrl":"https:\/\/www.simpleplan.cz\/cz\/wp-content\/uploads\/spczlogo.png","width":250,"height":190,"caption":"CZ: SimplePlan.cz"},"image":{"@id":"https:\/\/www.simpleplan.cz\/cz\/#\/schema\/logo\/image\/"},"sameAs":["http:\/\/www.facebook.com\/simpleplancz","https:\/\/twitter.com\/simpleplancz","http:\/\/www.instagram.com\/simpleplancz","http:\/\/www.youtube.com\/simpleplancz"]}]}},"_links":{"self":[{"href":"https:\/\/www.simpleplan.cz\/cz\/index.php\/wp-json\/wp\/v2\/pages\/28765"}],"collection":[{"href":"https:\/\/www.simpleplan.cz\/cz\/index.php\/wp-json\/wp\/v2\/pages"}],"about":[{"href":"https:\/\/www.simpleplan.cz\/cz\/index.php\/wp-json\/wp\/v2\/types\/page"}],"author":[{"embeddable":true,"href":"https:\/\/www.simpleplan.cz\/cz\/index.php\/wp-json\/wp\/v2\/users\/5"}],"replies":[{"embeddable":true,"href":"https:\/\/www.simpleplan.cz\/cz\/index.php\/wp-json\/wp\/v2\/comments?post=28765"}],"version-history":[{"count":1,"href":"https:\/\/www.simpleplan.cz\/cz\/index.php\/wp-json\/wp\/v2\/pages\/28765\/revisions"}],"predecessor-version":[{"id":28767,"href":"https:\/\/www.simpleplan.cz\/cz\/index.php\/wp-json\/wp\/v2\/pages\/28765\/revisions\/28767"}],"up":[{"embeddable":true,"href":"https:\/\/www.simpleplan.cz\/cz\/index.php\/wp-json\/wp\/v2\/pages\/5273"}],"wp:attachment":[{"href":"https:\/\/www.simpleplan.cz\/cz\/index.php\/wp-json\/wp\/v2\/media?parent=28765"}],"curies":[{"name":"wp","href":"https:\/\/api.w.org\/{rel}","templated":true}]}}