{"id":5239,"date":"2010-07-15T19:14:07","date_gmt":"2010-07-15T17:14:07","guid":{"rendered":"http:\/\/www.simpleplan.cz\/wordpress\/?page_id=5239"},"modified":"2023-06-26T09:30:18","modified_gmt":"2023-06-26T07:30:18","slug":"vznik-nazvu","status":"publish","type":"page","link":"https:\/\/www.simpleplan.cz\/cz\/index.php\/kapela\/vznik-nazvu\/","title":{"rendered":"Vznik n\u00e1zvu"},"content":{"rendered":"<div class=\"pagecontent\">Ke vzniku n\u00e1zvu kapely &#8211; Simple Plan &#8211; se v\u00e1\u017ee hodn\u011b historek.<\/p>\n<p style=\"text-align: center;\"><img decoding=\"async\" class=\"aligncenter\" src=\"http:\/\/www.simpleplan.cz\/images\/name.gif\" alt=\"\" \/><\/p>\n<p>V roce 1998 vy\u0161el <b>film od re\u017eis\u00e9ra Sama Raimiho zvan\u00fd &#8222;A Simple Plan&#8220;<\/b> &#8211; a jeliko\u017e byli kluci ve sp\u011bchu rychle sehnat co nejlep\u0161\u00ed n\u00e1zev pro svou kapelu (jeliko\u017e m\u011bli zrovna p\u0159ed prvn\u00edm koncertem), kluci vynechali jen \u010dlen &#8222;A&#8220; nazvali se prost\u011b: &#8222;Simple Plan&#8220;.<\/p>\n<blockquote><p><i>Kluci po\u0159\u00e1d \u0159\u00edkali: \u201ePot\u0159ebujeme jm\u00e9no, kdy\u017e m\u00e1me p\u0159ed sebou koncert!\u201c a  <b>n\u00e1\u0161 producent zrovna vid\u011bl film \u201eA Simple Plan\u201c a \u0159ekl \u201eKluci, m\u011bli byste tohle jm\u00e9no zkusit!\u201c. A tak jsme jen vyhodili ten \u010dlen \u201eA\u201c a \u0161li jsme do toho jako \u201eSimple Plan a u\u017e n\u00e1m to z\u016fstalo.<\/b> Kdy\u017e jsme se upisovali nahr\u00e1vac\u00ed spole\u010dnosti, uva\u017eovali jsme o tom, jestli to jm\u00e9no je\u0161t\u011b nezm\u011bnit, ale nakonec jsme si \u0159ekli, \u017ee je to vlastn\u011b takov\u00fd jednoduch\u00fd pl\u00e1n (Simple Plan), kdy\u017e jsme dostali \u0161anci d\u011blat to, co jsme v\u017edycky cht\u011bli d\u011blat.&#8220;<\/i><br \/>\n<center> &#8211; David Desrosiers &#8211; <\/center><\/p><\/blockquote>\n<p>Dal\u0161\u00ed vysv\u011btlen\u00ed, kter\u00e9 kluci \u010dasto zmi\u0148uj\u00ed, je to, \u017ee u\u017e od mali\u010dka necht\u011bli b\u00fdt jen zav\u0159en\u00ed n\u011bkde v kancel\u00e1\u0159i, ale cht\u011bli b\u00fdt v kapele a pozn\u00e1vat sv\u011bt. Byl to takov\u00fd jejich jednoduch\u00fd pl\u00e1n (simple plan). <\/p>\n<p>Perli\u010dka na z\u00e1v\u011br: P\u0159i vym\u00fd\u0161len\u00ed n\u00e1zvu kapely pr\u00fd p\u0159i\u0161el Mark Hoppus z Blink 182 a navrhl n\u00e1zev &#8222;One legged duck&#8220; (v p\u0159ekladu &#8211; jednonoh\u00e1 kachna). Tento n\u00e1zev byl pr\u00fd ale ze strany kluk\u016f jednohlasn\u011b vetov\u00e1n.<\/p><\/div>\n<div class=\"fblikebutton_button\" style=\"float: left; padding-top: 20px; margin-right: 20px; padding-bottom: 20px; padding-left: 20px;\"><iframe src=\"http:\/\/www.facebook.com\/plugins\/like.php?href=https%3A%2F%2Fwww.simpleplan.cz%2Fcz%2Findex.php%2Fkapela%2Fvznik-nazvu%2F&amp;layout=standard&amp;show-faces=false&amp;width=450&amp;action=like&amp;colorscheme=light\" scrolling=\"no\" frameborder=\"0\" allowTransparency=\"true\" style=\"border:none; overflow:hidden; width:450px; height:26px\"><\/iframe><\/div>\n","protected":false},"excerpt":{"rendered":"<p>Ke vzniku n\u00e1zvu kapely &#8211; Simple Plan &#8211; se v\u00e1\u017ee hodn\u011b historek. V roce 1998<\/p>\n","protected":false},"author":5,"featured_media":0,"parent":5237,"menu_order":0,"comment_status":"closed","ping_status":"closed","template":"page-templates\/full-width.php","meta":{"footnotes":""},"yoast_head":"<!-- This site is optimized with the Yoast SEO plugin v20.9 - https:\/\/yoast.com\/wordpress\/plugins\/seo\/ -->\n<title>Vznik n\u00e1zvu | CZ: SimplePlan.cz<\/title>\n<meta name=\"robots\" content=\"index, follow, max-snippet:-1, max-image-preview:large, max-video-preview:-1\" \/>\n<link rel=\"canonical\" href=\"https:\/\/www.simpleplan.cz\/cz\/index.php\/kapela\/vznik-nazvu\/\" \/>\n<meta property=\"og:locale\" content=\"cs_CZ\" \/>\n<meta property=\"og:type\" content=\"article\" \/>\n<meta property=\"og:title\" content=\"Vznik n\u00e1zvu | CZ: SimplePlan.cz\" \/>\n<meta property=\"og:description\" content=\"Ke vzniku n\u00e1zvu kapely &#8211; Simple Plan &#8211; se v\u00e1\u017ee hodn\u011b historek. V roce 1998\" \/>\n<meta property=\"og:url\" content=\"https:\/\/www.simpleplan.cz\/cz\/index.php\/kapela\/vznik-nazvu\/\" \/>\n<meta property=\"og:site_name\" content=\"CZ: SimplePlan.cz\" \/>\n<meta property=\"article:publisher\" content=\"http:\/\/www.facebook.com\/simpleplancz\" \/>\n<meta property=\"article:modified_time\" content=\"2023-06-26T07:30:18+00:00\" \/>\n<meta property=\"og:image\" content=\"http:\/\/www.simpleplan.cz\/images\/name.gif\" \/>\n<meta name=\"twitter:card\" content=\"summary_large_image\" \/>\n<meta name=\"twitter:site\" content=\"@simpleplancz\" \/>\n<meta name=\"twitter:label1\" content=\"Odhadovan\u00e1 doba \u010dten\u00ed\" \/>\n\t<meta name=\"twitter:data1\" content=\"1 minuta\" \/>\n<script type=\"application\/ld+json\" class=\"yoast-schema-graph\">{\"@context\":\"https:\/\/schema.org\",\"@graph\":[{\"@type\":\"WebPage\",\"@id\":\"https:\/\/www.simpleplan.cz\/cz\/index.php\/kapela\/vznik-nazvu\/\",\"url\":\"https:\/\/www.simpleplan.cz\/cz\/index.php\/kapela\/vznik-nazvu\/\",\"name\":\"Vznik n\u00e1zvu | CZ: SimplePlan.cz\",\"isPartOf\":{\"@id\":\"https:\/\/www.simpleplan.cz\/cz\/#website\"},\"datePublished\":\"2010-07-15T17:14:07+00:00\",\"dateModified\":\"2023-06-26T07:30:18+00:00\",\"breadcrumb\":{\"@id\":\"https:\/\/www.simpleplan.cz\/cz\/index.php\/kapela\/vznik-nazvu\/#breadcrumb\"},\"inLanguage\":\"cs\",\"potentialAction\":[{\"@type\":\"ReadAction\",\"target\":[\"https:\/\/www.simpleplan.cz\/cz\/index.php\/kapela\/vznik-nazvu\/\"]}]},{\"@type\":\"BreadcrumbList\",\"@id\":\"https:\/\/www.simpleplan.cz\/cz\/index.php\/kapela\/vznik-nazvu\/#breadcrumb\",\"itemListElement\":[{\"@type\":\"ListItem\",\"position\":1,\"name\":\"Dom\u016f\",\"item\":\"https:\/\/www.simpleplan.cz\/cz\/\"},{\"@type\":\"ListItem\",\"position\":2,\"name\":\"Kapela\",\"item\":\"https:\/\/www.simpleplan.cz\/cz\/index.php\/kapela\/\"},{\"@type\":\"ListItem\",\"position\":3,\"name\":\"Vznik n\u00e1zvu\"}]},{\"@type\":\"WebSite\",\"@id\":\"https:\/\/www.simpleplan.cz\/cz\/#website\",\"url\":\"https:\/\/www.simpleplan.cz\/cz\/\",\"name\":\"CZ: SimplePlan.cz\",\"description\":\"Nejlep\u0161\u00ed zdroj informac\u00ed o kapele Simple Plan\",\"publisher\":{\"@id\":\"https:\/\/www.simpleplan.cz\/cz\/#organization\"},\"potentialAction\":[{\"@type\":\"SearchAction\",\"target\":{\"@type\":\"EntryPoint\",\"urlTemplate\":\"https:\/\/www.simpleplan.cz\/cz\/?s={search_term_string}\"},\"query-input\":\"required name=search_term_string\"}],\"inLanguage\":\"cs\"},{\"@type\":\"Organization\",\"@id\":\"https:\/\/www.simpleplan.cz\/cz\/#organization\",\"name\":\"CZ: SimplePlan.cz\",\"url\":\"https:\/\/www.simpleplan.cz\/cz\/\",\"logo\":{\"@type\":\"ImageObject\",\"inLanguage\":\"cs\",\"@id\":\"https:\/\/www.simpleplan.cz\/cz\/#\/schema\/logo\/image\/\",\"url\":\"https:\/\/www.simpleplan.cz\/cz\/wp-content\/uploads\/spczlogo.png\",\"contentUrl\":\"https:\/\/www.simpleplan.cz\/cz\/wp-content\/uploads\/spczlogo.png\",\"width\":250,\"height\":190,\"caption\":\"CZ: SimplePlan.cz\"},\"image\":{\"@id\":\"https:\/\/www.simpleplan.cz\/cz\/#\/schema\/logo\/image\/\"},\"sameAs\":[\"http:\/\/www.facebook.com\/simpleplancz\",\"https:\/\/twitter.com\/simpleplancz\",\"http:\/\/www.instagram.com\/simpleplancz\",\"http:\/\/www.youtube.com\/simpleplancz\"]}]}<\/script>\n<!-- \/ Yoast SEO plugin. -->","yoast_head_json":{"title":"Vznik n\u00e1zvu | CZ: SimplePlan.cz","robots":{"index":"index","follow":"follow","max-snippet":"max-snippet:-1","max-image-preview":"max-image-preview:large","max-video-preview":"max-video-preview:-1"},"canonical":"https:\/\/www.simpleplan.cz\/cz\/index.php\/kapela\/vznik-nazvu\/","og_locale":"cs_CZ","og_type":"article","og_title":"Vznik n\u00e1zvu | CZ: SimplePlan.cz","og_description":"Ke vzniku n\u00e1zvu kapely &#8211; Simple Plan &#8211; se v\u00e1\u017ee hodn\u011b historek. V roce 1998","og_url":"https:\/\/www.simpleplan.cz\/cz\/index.php\/kapela\/vznik-nazvu\/","og_site_name":"CZ: SimplePlan.cz","article_publisher":"http:\/\/www.facebook.com\/simpleplancz","article_modified_time":"2023-06-26T07:30:18+00:00","og_image":[{"url":"http:\/\/www.simpleplan.cz\/images\/name.gif"}],"twitter_card":"summary_large_image","twitter_site":"@simpleplancz","twitter_misc":{"Odhadovan\u00e1 doba \u010dten\u00ed":"1 minuta"},"schema":{"@context":"https:\/\/schema.org","@graph":[{"@type":"WebPage","@id":"https:\/\/www.simpleplan.cz\/cz\/index.php\/kapela\/vznik-nazvu\/","url":"https:\/\/www.simpleplan.cz\/cz\/index.php\/kapela\/vznik-nazvu\/","name":"Vznik n\u00e1zvu | CZ: SimplePlan.cz","isPartOf":{"@id":"https:\/\/www.simpleplan.cz\/cz\/#website"},"datePublished":"2010-07-15T17:14:07+00:00","dateModified":"2023-06-26T07:30:18+00:00","breadcrumb":{"@id":"https:\/\/www.simpleplan.cz\/cz\/index.php\/kapela\/vznik-nazvu\/#breadcrumb"},"inLanguage":"cs","potentialAction":[{"@type":"ReadAction","target":["https:\/\/www.simpleplan.cz\/cz\/index.php\/kapela\/vznik-nazvu\/"]}]},{"@type":"BreadcrumbList","@id":"https:\/\/www.simpleplan.cz\/cz\/index.php\/kapela\/vznik-nazvu\/#breadcrumb","itemListElement":[{"@type":"ListItem","position":1,"name":"Dom\u016f","item":"https:\/\/www.simpleplan.cz\/cz\/"},{"@type":"ListItem","position":2,"name":"Kapela","item":"https:\/\/www.simpleplan.cz\/cz\/index.php\/kapela\/"},{"@type":"ListItem","position":3,"name":"Vznik n\u00e1zvu"}]},{"@type":"WebSite","@id":"https:\/\/www.simpleplan.cz\/cz\/#website","url":"https:\/\/www.simpleplan.cz\/cz\/","name":"CZ: SimplePlan.cz","description":"Nejlep\u0161\u00ed zdroj informac\u00ed o kapele Simple Plan","publisher":{"@id":"https:\/\/www.simpleplan.cz\/cz\/#organization"},"potentialAction":[{"@type":"SearchAction","target":{"@type":"EntryPoint","urlTemplate":"https:\/\/www.simpleplan.cz\/cz\/?s={search_term_string}"},"query-input":"required name=search_term_string"}],"inLanguage":"cs"},{"@type":"Organization","@id":"https:\/\/www.simpleplan.cz\/cz\/#organization","name":"CZ: SimplePlan.cz","url":"https:\/\/www.simpleplan.cz\/cz\/","logo":{"@type":"ImageObject","inLanguage":"cs","@id":"https:\/\/www.simpleplan.cz\/cz\/#\/schema\/logo\/image\/","url":"https:\/\/www.simpleplan.cz\/cz\/wp-content\/uploads\/spczlogo.png","contentUrl":"https:\/\/www.simpleplan.cz\/cz\/wp-content\/uploads\/spczlogo.png","width":250,"height":190,"caption":"CZ: SimplePlan.cz"},"image":{"@id":"https:\/\/www.simpleplan.cz\/cz\/#\/schema\/logo\/image\/"},"sameAs":["http:\/\/www.facebook.com\/simpleplancz","https:\/\/twitter.com\/simpleplancz","http:\/\/www.instagram.com\/simpleplancz","http:\/\/www.youtube.com\/simpleplancz"]}]}},"_links":{"self":[{"href":"https:\/\/www.simpleplan.cz\/cz\/index.php\/wp-json\/wp\/v2\/pages\/5239"}],"collection":[{"href":"https:\/\/www.simpleplan.cz\/cz\/index.php\/wp-json\/wp\/v2\/pages"}],"about":[{"href":"https:\/\/www.simpleplan.cz\/cz\/index.php\/wp-json\/wp\/v2\/types\/page"}],"author":[{"embeddable":true,"href":"https:\/\/www.simpleplan.cz\/cz\/index.php\/wp-json\/wp\/v2\/users\/5"}],"replies":[{"embeddable":true,"href":"https:\/\/www.simpleplan.cz\/cz\/index.php\/wp-json\/wp\/v2\/comments?post=5239"}],"version-history":[{"count":7,"href":"https:\/\/www.simpleplan.cz\/cz\/index.php\/wp-json\/wp\/v2\/pages\/5239\/revisions"}],"predecessor-version":[{"id":21936,"href":"https:\/\/www.simpleplan.cz\/cz\/index.php\/wp-json\/wp\/v2\/pages\/5239\/revisions\/21936"}],"up":[{"embeddable":true,"href":"https:\/\/www.simpleplan.cz\/cz\/index.php\/wp-json\/wp\/v2\/pages\/5237"}],"wp:attachment":[{"href":"https:\/\/www.simpleplan.cz\/cz\/index.php\/wp-json\/wp\/v2\/media?parent=5239"}],"curies":[{"name":"wp","href":"https:\/\/api.w.org\/{rel}","templated":true}]}}