{"id":5263,"date":"2010-07-17T16:55:13","date_gmt":"2010-07-17T14:55:13","guid":{"rendered":"http:\/\/www.simpleplan.cz\/wordpress\/?page_id=5263"},"modified":"2023-06-26T09:30:18","modified_gmt":"2023-06-26T07:30:18","slug":"online","status":"publish","type":"page","link":"https:\/\/www.simpleplan.cz\/cz\/index.php\/online\/","title":{"rendered":"Online"},"content":{"rendered":"<div class=\"section\"><img decoding=\"async\" src=\"http:\/\/www.simpleplan.cz\/images\/arrow.gif\" alt=\"\" \/> <a href=\"http:\/\/www.simpleplan.cz\/cz\/index.php\/online\/internet\">Ofici\u00e1ln\u00ed odkazy<\/a><br \/>\nCht\u011bli byste nav\u0161t\u00edvit n\u011bjak\u00e9 ofici\u00e1ln\u00ed str\u00e1nky SP? Jejich seznam naleznete zde!<\/div>\n<div class=\"section\"><img decoding=\"async\" src=\"http:\/\/www.simpleplan.cz\/images\/arrow.gif\" alt=\"\" \/> <a href=\"http:\/\/www.simpleplan.cz\/cz\/index.php\/online\/kontaktujte-simpleplancz\">Kontaktujte SimplePlan.cz<\/a><br \/>\nM\u00e1te n\u011bjak\u00fd dotaz ohledn\u011b str\u00e1nek nebo Simple Plan? Sta\u010d\u00ed napsat!<\/div>\n<div class=\"section\"><img decoding=\"async\" src=\"http:\/\/www.simpleplan.cz\/images\/arrow.gif\" alt=\"\" \/> <a href=\"http:\/\/www.simpleplan.cz\/cz\/index.php\/online\/historie-stranky\">Historie str\u00e1nky<\/a><br \/>\nChcete v\u011bd\u011bt, jak to v\u0161echno za\u010dalo?<\/div>\n<div class=\"section\"><img decoding=\"async\" src=\"http:\/\/www.simpleplan.cz\/images\/arrow.gif\" alt=\"\" \/> <a href=\"http:\/\/www.simpleplan.cz\/cz\/index.php\/online\/reference\">Reference<\/a><br \/>\nKolekce v\u0161ech \u00fa\u017easn\u00fdch slov, kter\u00e9 o SimplePlan.cz \u0159ekla kapela, jej\u00ed crew, m\u00e9dia a fanou\u0161ci<\/div>\n<div class=\"section\"><img decoding=\"async\" src=\"http:\/\/www.simpleplan.cz\/images\/arrow.gif\" alt=\"\" \/> <a href=\"http:\/\/www.simpleplan.cz\/cz\/index.php\/online\/rozhovory-simpleplan-cz\/\">Rozhovory SimplePlan.cz<\/a><br \/>\nRozhovory, kter\u00e9 SimplePlan.cz po\u0159\u00eddilo se \u010dleny Simple Plan, s p\u0159edkapelami, re\u017eis\u00e9ry videoklip\u016f atd.<\/div>\n<div class=\"section\"><img decoding=\"async\" src=\"http:\/\/www.simpleplan.cz\/images\/arrow.gif\" alt=\"\" \/> <a href=\"http:\/\/www.simpleplan.cz\/cz\/index.php\/online\/ikonky-a-loga-simpleplan-cz\">Ikonky a logo SimplePlan.cz<\/a><br \/>\nIkonky a loga, kter\u00fdmi m\u016f\u017eete na na\u0161i str\u00e1nku odkazovat a tak ji propagovat<\/div>\n<div class=\"section\"><img decoding=\"async\" src=\"http:\/\/www.simpleplan.cz\/images\/arrow.gif\" alt=\"\" \/> <a href=\"http:\/\/www.simpleplan.cz\/cz\/index.php\/online\/mapa-stranky\">Mapa str\u00e1nky<\/a><br \/>\nNem\u016f\u017eete se na str\u00e1nce vyznat? Mapa str\u00e1nky v\u00e1m uk\u00e1\u017ee z\u00e1kladn\u00ed strukturu SimplePlan.cz<\/div>\n<div class=\"section\"><img decoding=\"async\" src=\"http:\/\/www.simpleplan.cz\/images\/arrow.gif\" alt=\"\" \/> <a href=\"http:\/\/www.simpleplan.cz\/cz\/index.php\/online\/minule-layouty\">Minul\u00e9 vzhledy str\u00e1nky<\/a><br \/>\nPod\u00edvejte se, jak tato str\u00e1nka b\u011bhem let vypadala<\/div>\n<div class=\"section\"><img decoding=\"async\" src=\"http:\/\/www.simpleplan.cz\/images\/arrow.gif\" alt=\"\" \/> <a href=\"http:\/\/www.simpleplan.cz\/cz\/index.php\/online\/webmiss\">Webmiss<\/a><br \/>\nZaj\u00edm\u00e1 v\u00e1s, kde vede tuto str\u00e1nku?<\/div>\n<div class=\"section\"><img decoding=\"async\" src=\"http:\/\/www.simpleplan.cz\/images\/arrow.gif\" alt=\"\" \/> <a href=\"http:\/\/www.simpleplan.cz\/cz\/index.php\/online\/srazy-fanousku-simple-plan\/\">Srazy fanou\u0161k\u016f Simple Plan<\/a><br \/>\nPod\u00edvejte se, jak to vypadalo na ka\u017ed\u00e9m ze sraz\u016f fanou\u0161k\u016f, kter\u00e9 SimplePlan.cz kdy organizovalo<\/div>\n<div class=\"section\"><img decoding=\"async\" src=\"http:\/\/www.simpleplan.cz\/images\/arrow.gif\" alt=\"\" \/> <a href=\"http:\/\/www.simpleplan.cz\/cz\/index.php\/online\/faq\">FAQ<\/a><br \/>\n\u010casto kladen\u00e9 dotazy<\/div>\n<div class=\"section\"><img decoding=\"async\" src=\"http:\/\/www.simpleplan.cz\/images\/arrow.gif\" alt=\"\" \/> <a href=\"http:\/\/www.simpleplan.cz\/cz\/index.php\/online\/simpleplan-cz-dekuje\">Pod\u011bkov\u00e1n\u00ed<\/a><br \/>\nPod\u011bkov\u00e1n\u00ed lidem, bez kter\u00fdch by tato str\u00e1nka nebyla takovou, jak\u00e1 je te\u010f<\/div>\n<div class=\"fblikebutton_button\" style=\"float: left; padding-top: 20px; margin-right: 20px; padding-bottom: 20px; padding-left: 20px;\"><iframe src=\"http:\/\/www.facebook.com\/plugins\/like.php?href=https%3A%2F%2Fwww.simpleplan.cz%2Fcz%2Findex.php%2Fonline%2F&amp;layout=standard&amp;show-faces=false&amp;width=450&amp;action=like&amp;colorscheme=light\" scrolling=\"no\" frameborder=\"0\" allowTransparency=\"true\" style=\"border:none; overflow:hidden; width:450px; height:26px\"><\/iframe><\/div>\n","protected":false},"excerpt":{"rendered":"<p>Ofici\u00e1ln\u00ed odkazy Cht\u011bli byste nav\u0161t\u00edvit n\u011bjak\u00e9 ofici\u00e1ln\u00ed str\u00e1nky SP? Jejich seznam naleznete zde! Kontaktujte SimplePlan.cz<\/p>\n","protected":false},"author":5,"featured_media":0,"parent":0,"menu_order":0,"comment_status":"closed","ping_status":"closed","template":"","meta":{"footnotes":""},"yoast_head":"<!-- This site is optimized with the Yoast SEO plugin v20.9 - https:\/\/yoast.com\/wordpress\/plugins\/seo\/ -->\n<title>Online | CZ: SimplePlan.cz<\/title>\n<meta name=\"robots\" content=\"index, follow, max-snippet:-1, max-image-preview:large, max-video-preview:-1\" \/>\n<link rel=\"canonical\" href=\"https:\/\/www.simpleplan.cz\/cz\/index.php\/online\/\" \/>\n<meta property=\"og:locale\" content=\"cs_CZ\" \/>\n<meta property=\"og:type\" content=\"article\" \/>\n<meta property=\"og:title\" content=\"Online | CZ: SimplePlan.cz\" \/>\n<meta property=\"og:description\" content=\"Ofici\u00e1ln\u00ed odkazy Cht\u011bli byste nav\u0161t\u00edvit n\u011bjak\u00e9 ofici\u00e1ln\u00ed str\u00e1nky SP? Jejich seznam naleznete zde! Kontaktujte SimplePlan.cz\" \/>\n<meta property=\"og:url\" content=\"https:\/\/www.simpleplan.cz\/cz\/index.php\/online\/\" \/>\n<meta property=\"og:site_name\" content=\"CZ: SimplePlan.cz\" \/>\n<meta property=\"article:publisher\" content=\"http:\/\/www.facebook.com\/simpleplancz\" \/>\n<meta property=\"article:modified_time\" content=\"2023-06-26T07:30:18+00:00\" \/>\n<meta property=\"og:image\" content=\"http:\/\/www.simpleplan.cz\/images\/arrow.gif\" \/>\n<meta name=\"twitter:card\" content=\"summary_large_image\" \/>\n<meta name=\"twitter:site\" content=\"@simpleplancz\" \/>\n<meta name=\"twitter:label1\" content=\"Odhadovan\u00e1 doba \u010dten\u00ed\" \/>\n\t<meta name=\"twitter:data1\" content=\"1 minuta\" \/>\n<script type=\"application\/ld+json\" class=\"yoast-schema-graph\">{\"@context\":\"https:\/\/schema.org\",\"@graph\":[{\"@type\":\"WebPage\",\"@id\":\"https:\/\/www.simpleplan.cz\/cz\/index.php\/online\/\",\"url\":\"https:\/\/www.simpleplan.cz\/cz\/index.php\/online\/\",\"name\":\"Online | CZ: SimplePlan.cz\",\"isPartOf\":{\"@id\":\"https:\/\/www.simpleplan.cz\/cz\/#website\"},\"datePublished\":\"2010-07-17T14:55:13+00:00\",\"dateModified\":\"2023-06-26T07:30:18+00:00\",\"breadcrumb\":{\"@id\":\"https:\/\/www.simpleplan.cz\/cz\/index.php\/online\/#breadcrumb\"},\"inLanguage\":\"cs\",\"potentialAction\":[{\"@type\":\"ReadAction\",\"target\":[\"https:\/\/www.simpleplan.cz\/cz\/index.php\/online\/\"]}]},{\"@type\":\"BreadcrumbList\",\"@id\":\"https:\/\/www.simpleplan.cz\/cz\/index.php\/online\/#breadcrumb\",\"itemListElement\":[{\"@type\":\"ListItem\",\"position\":1,\"name\":\"Dom\u016f\",\"item\":\"https:\/\/www.simpleplan.cz\/cz\/\"},{\"@type\":\"ListItem\",\"position\":2,\"name\":\"Online\"}]},{\"@type\":\"WebSite\",\"@id\":\"https:\/\/www.simpleplan.cz\/cz\/#website\",\"url\":\"https:\/\/www.simpleplan.cz\/cz\/\",\"name\":\"CZ: SimplePlan.cz\",\"description\":\"Nejlep\u0161\u00ed zdroj informac\u00ed o kapele Simple Plan\",\"publisher\":{\"@id\":\"https:\/\/www.simpleplan.cz\/cz\/#organization\"},\"potentialAction\":[{\"@type\":\"SearchAction\",\"target\":{\"@type\":\"EntryPoint\",\"urlTemplate\":\"https:\/\/www.simpleplan.cz\/cz\/?s={search_term_string}\"},\"query-input\":\"required name=search_term_string\"}],\"inLanguage\":\"cs\"},{\"@type\":\"Organization\",\"@id\":\"https:\/\/www.simpleplan.cz\/cz\/#organization\",\"name\":\"CZ: SimplePlan.cz\",\"url\":\"https:\/\/www.simpleplan.cz\/cz\/\",\"logo\":{\"@type\":\"ImageObject\",\"inLanguage\":\"cs\",\"@id\":\"https:\/\/www.simpleplan.cz\/cz\/#\/schema\/logo\/image\/\",\"url\":\"https:\/\/www.simpleplan.cz\/cz\/wp-content\/uploads\/spczlogo.png\",\"contentUrl\":\"https:\/\/www.simpleplan.cz\/cz\/wp-content\/uploads\/spczlogo.png\",\"width\":250,\"height\":190,\"caption\":\"CZ: SimplePlan.cz\"},\"image\":{\"@id\":\"https:\/\/www.simpleplan.cz\/cz\/#\/schema\/logo\/image\/\"},\"sameAs\":[\"http:\/\/www.facebook.com\/simpleplancz\",\"https:\/\/twitter.com\/simpleplancz\",\"http:\/\/www.instagram.com\/simpleplancz\",\"http:\/\/www.youtube.com\/simpleplancz\"]}]}<\/script>\n<!-- \/ Yoast SEO plugin. -->","yoast_head_json":{"title":"Online | CZ: SimplePlan.cz","robots":{"index":"index","follow":"follow","max-snippet":"max-snippet:-1","max-image-preview":"max-image-preview:large","max-video-preview":"max-video-preview:-1"},"canonical":"https:\/\/www.simpleplan.cz\/cz\/index.php\/online\/","og_locale":"cs_CZ","og_type":"article","og_title":"Online | CZ: SimplePlan.cz","og_description":"Ofici\u00e1ln\u00ed odkazy Cht\u011bli byste nav\u0161t\u00edvit n\u011bjak\u00e9 ofici\u00e1ln\u00ed str\u00e1nky SP? Jejich seznam naleznete zde! Kontaktujte SimplePlan.cz","og_url":"https:\/\/www.simpleplan.cz\/cz\/index.php\/online\/","og_site_name":"CZ: SimplePlan.cz","article_publisher":"http:\/\/www.facebook.com\/simpleplancz","article_modified_time":"2023-06-26T07:30:18+00:00","og_image":[{"url":"http:\/\/www.simpleplan.cz\/images\/arrow.gif"}],"twitter_card":"summary_large_image","twitter_site":"@simpleplancz","twitter_misc":{"Odhadovan\u00e1 doba \u010dten\u00ed":"1 minuta"},"schema":{"@context":"https:\/\/schema.org","@graph":[{"@type":"WebPage","@id":"https:\/\/www.simpleplan.cz\/cz\/index.php\/online\/","url":"https:\/\/www.simpleplan.cz\/cz\/index.php\/online\/","name":"Online | CZ: SimplePlan.cz","isPartOf":{"@id":"https:\/\/www.simpleplan.cz\/cz\/#website"},"datePublished":"2010-07-17T14:55:13+00:00","dateModified":"2023-06-26T07:30:18+00:00","breadcrumb":{"@id":"https:\/\/www.simpleplan.cz\/cz\/index.php\/online\/#breadcrumb"},"inLanguage":"cs","potentialAction":[{"@type":"ReadAction","target":["https:\/\/www.simpleplan.cz\/cz\/index.php\/online\/"]}]},{"@type":"BreadcrumbList","@id":"https:\/\/www.simpleplan.cz\/cz\/index.php\/online\/#breadcrumb","itemListElement":[{"@type":"ListItem","position":1,"name":"Dom\u016f","item":"https:\/\/www.simpleplan.cz\/cz\/"},{"@type":"ListItem","position":2,"name":"Online"}]},{"@type":"WebSite","@id":"https:\/\/www.simpleplan.cz\/cz\/#website","url":"https:\/\/www.simpleplan.cz\/cz\/","name":"CZ: SimplePlan.cz","description":"Nejlep\u0161\u00ed zdroj informac\u00ed o kapele Simple Plan","publisher":{"@id":"https:\/\/www.simpleplan.cz\/cz\/#organization"},"potentialAction":[{"@type":"SearchAction","target":{"@type":"EntryPoint","urlTemplate":"https:\/\/www.simpleplan.cz\/cz\/?s={search_term_string}"},"query-input":"required name=search_term_string"}],"inLanguage":"cs"},{"@type":"Organization","@id":"https:\/\/www.simpleplan.cz\/cz\/#organization","name":"CZ: SimplePlan.cz","url":"https:\/\/www.simpleplan.cz\/cz\/","logo":{"@type":"ImageObject","inLanguage":"cs","@id":"https:\/\/www.simpleplan.cz\/cz\/#\/schema\/logo\/image\/","url":"https:\/\/www.simpleplan.cz\/cz\/wp-content\/uploads\/spczlogo.png","contentUrl":"https:\/\/www.simpleplan.cz\/cz\/wp-content\/uploads\/spczlogo.png","width":250,"height":190,"caption":"CZ: SimplePlan.cz"},"image":{"@id":"https:\/\/www.simpleplan.cz\/cz\/#\/schema\/logo\/image\/"},"sameAs":["http:\/\/www.facebook.com\/simpleplancz","https:\/\/twitter.com\/simpleplancz","http:\/\/www.instagram.com\/simpleplancz","http:\/\/www.youtube.com\/simpleplancz"]}]}},"_links":{"self":[{"href":"https:\/\/www.simpleplan.cz\/cz\/index.php\/wp-json\/wp\/v2\/pages\/5263"}],"collection":[{"href":"https:\/\/www.simpleplan.cz\/cz\/index.php\/wp-json\/wp\/v2\/pages"}],"about":[{"href":"https:\/\/www.simpleplan.cz\/cz\/index.php\/wp-json\/wp\/v2\/types\/page"}],"author":[{"embeddable":true,"href":"https:\/\/www.simpleplan.cz\/cz\/index.php\/wp-json\/wp\/v2\/users\/5"}],"replies":[{"embeddable":true,"href":"https:\/\/www.simpleplan.cz\/cz\/index.php\/wp-json\/wp\/v2\/comments?post=5263"}],"version-history":[{"count":26,"href":"https:\/\/www.simpleplan.cz\/cz\/index.php\/wp-json\/wp\/v2\/pages\/5263\/revisions"}],"predecessor-version":[{"id":19174,"href":"https:\/\/www.simpleplan.cz\/cz\/index.php\/wp-json\/wp\/v2\/pages\/5263\/revisions\/19174"}],"wp:attachment":[{"href":"https:\/\/www.simpleplan.cz\/cz\/index.php\/wp-json\/wp\/v2\/media?parent=5263"}],"curies":[{"name":"wp","href":"https:\/\/api.w.org\/{rel}","templated":true}]}}