{"id":5265,"date":"2010-07-17T16:55:26","date_gmt":"2010-07-17T14:55:26","guid":{"rendered":"http:\/\/www.simpleplan.cz\/wordpress\/?page_id=5265"},"modified":"2023-06-26T09:30:18","modified_gmt":"2023-06-26T07:30:18","slug":"internet","status":"publish","type":"page","link":"https:\/\/www.simpleplan.cz\/cz\/index.php\/online\/internet\/","title":{"rendered":"Ofici\u00e1ln\u00ed odkazy"},"content":{"rendered":"<div class=\"pagecontent\">\n<div class=\"section-list\">\n<div class=\"girls\" style=\"padding-bottom:2px !important;\"><center><b><u>Ofici\u00e1ln\u00ed str\u00e1nky<\/u><\/b><\/center><\/div>\n<p><center><img decoding=\"async\" src=\"https:\/\/i.imgur.com\/MFQefUV.jpg\"\/><\/center><\/p>\n<div style=\"padding:20px !important;\"><\/div>\n<div class=\"awesome\"><center><a href=\"http:\/\/www.simpleplan.com\" target=\"_blank\" rel=\"noopener\">SimplePlan.com<\/a><\/center><\/div>\n<div class=\"girls\" style=\"padding-bottom:2px !important;\"><center><b><u>Merchandise<\/u><\/b><\/center><\/div>\n<p><center><img decoding=\"async\" src=\"https:\/\/i.imgur.com\/wikdIHG.jpg\"\/><\/center><\/p>\n<div style=\"padding:20px !important;\"><\/div>\n<div class=\"awesome\"><center>Ofici\u00e1ln\u00ed (z USA): <a href=\"https:\/\/www.simpleplanstore.com\/\" target=\"_blank\" rel=\"noopener\">Simple Plan Store<\/a><br \/>\nEvropa: <a href=\"http:\/\/simple-plan.tmstor.es\/\" target=\"_blank\" rel=\"noopener\">Simple-Plan.tmstor.es<\/a><br \/>\nAustr\u00e1lie: <a href=\"http:\/\/simpleplan.bandtshirts.com.au\/\" target=\"_blank\" rel=\"noopener\">Bandshirts.com.au<\/a><\/center><\/div>\n<div class=\"girls\" style=\"padding-bottom:2px !important;\"><center><b><u>Ofici\u00e1ln\u00ed fanklub &#8211; SP Crew<\/u><\/b><\/center><\/div>\n<p><center><img decoding=\"async\" src=\"https:\/\/i.imgur.com\/I1ZvUBF.jpg\"\/><\/center><\/p>\n<div style=\"padding:20px !important;\"><\/div>\n<div class=\"awesome\"><center><a href=\"http:\/\/www.spcrewofficial.com\" target=\"_blank\" rel=\"noopener\">SPCrewOfficial.com<\/a><\/center><\/div>\n<div class=\"girls\" style=\"padding-bottom:2px !important;\"><center><b><u>Simple Plan Foundation<\/u><\/b><\/center><\/div>\n<p><center><img decoding=\"async\" src=\"https:\/\/i.imgur.com\/fO7sHNe.jpg\"\/><\/center><\/p>\n<div style=\"padding:20px !important;\"><\/div>\n<div class=\"awesome\"><center><a href=\"http:\/\/www.simpleplanfoundation.org\" target=\"_blank\" rel=\"noopener\">SimplePlanFoundation.org<\/a><\/center><\/div>\n<div class=\"girls\" style=\"padding-bottom:2px !important;\"><center><b><u>Twitter<\/u><\/b><\/center><\/div>\n<p><center><img decoding=\"async\" src=\"https:\/\/i.imgur.com\/SH68Kzh.jpg\"\/><\/center><\/p>\n<div style=\"padding:20px !important;\"><\/div>\n<div class=\"awesome\"><center>Simple Plan: <a href=\"http:\/\/www.twitter.com\/simpleplan\" target=\"_blank\" rel=\"noopener\">@SimplePlan<\/a><br \/>\nChuck: <a href=\"http:\/\/www.twitter.com\/chuckcomeau\" target=\"_blank\" rel=\"noopener\">@ChuckComeau<\/a><br \/>\nPierre: <a href=\"http:\/\/www.twitter.com\/pierrebouvier\" target=\"_blank\" rel=\"noopener\">@PierreBouvier<\/a><br \/>\nSebastien: <a href=\"http:\/\/www.twitter.com\/seblefebvre\" target=\"_blank\" rel=\"noopener\">@SebLefebvre<\/a><br \/>\nJeff: <a href=\"http:\/\/www.twitter.com\/jeffstinco\" target=\"_blank\" rel=\"noopener\">@JeffStinco<\/a><\/center><\/div>\n<div class=\"girls\" style=\"padding-bottom:2px !important;\"><center><b><u>Instagram<\/u><\/b><\/center><\/div>\n<p><center><img decoding=\"async\" src=\"https:\/\/i.imgur.com\/rYjpLIl.jpg\"\/><\/center><\/p>\n<div style=\"padding:20px !important;\"><\/div>\n<div class=\"awesome\"><center>Simple Plan: <a href=\"http:\/\/www.instagram.com\/simpleplan\" target=\"_blank\" rel=\"noopener\">@SimplePlan<\/a><br \/>\nChuck: <a href=\"http:\/\/www.instagram.com\/chuckcomeau\" target=\"_blank\" rel=\"noopener\">@ChuckComeau<\/a><br \/>\nPierre: <a href=\"http:\/\/www.instagram.com\/pierrebouvier\" target=\"_blank\" rel=\"noopener\">@PierreBouvier<\/a><br \/>\nSebastien: <a href=\"http:\/\/www.instagram.com\/seblefebvre\" target=\"_blank\" rel=\"noopener\">@SebLefebvre<\/a><br \/>\nJeff: <a href=\"http:\/\/www.instagram.com\/jeffstinco\" target=\"_blank\" rel=\"noopener\">@JeffStinco<\/a><\/center><\/div>\n<div class=\"girls\" style=\"padding-bottom:2px !important;\"><center><b><u>Facebook<\/u><\/b><\/center><\/div>\n<p><center><img decoding=\"async\" src=\"https:\/\/i.imgur.com\/9wLdvpI.jpg\"\/><\/center><\/p>\n<div style=\"padding:20px !important;\"><\/div>\n<div class=\"awesome\"><center>Simple Plan: <a href=\"http:\/\/www.facebook.com\/simpleplan\" target=\"_blank\" rel=\"noopener\">\/SimplePlan<\/a><br \/>\nSebastien: <a href=\"http:\/\/www.facebook.com\/seblefebvremusic\" target=\"_blank\" rel=\"noopener\">\/SebLefebvreMusic<\/a><br \/>\nMan Of The Hour: <a href=\"http:\/\/www.facebook.com\/ManOfTheHourShow\" target=\"_blank\" rel=\"noopener\">\/ManOfTHeHourshow<\/a><\/center><\/div>\n<div class=\"girls\" style=\"padding-bottom:2px !important;\"><center><b><u>YouTube<\/u><\/b><\/center><\/div>\n<p><center><img decoding=\"async\" src=\"https:\/\/i.imgur.com\/qLzPPEk.jpg\"\/><\/center><\/p>\n<div style=\"padding:20px !important;\"><\/div>\n<div class=\"awesome\"><center>Simple Plan: <a href=\"http:\/\/www.youtube.com\/simpleplan\" target=\"_blank\" rel=\"noopener\">YouTube<\/a><br \/>\nSebastien: <a href=\"http:\/\/www.youtube.com\/sebastienlefebvre05\" target=\"_blank\" rel=\"noopener\">YouTube<\/a><br \/>\nPierre: <a href=\"http:\/\/www.youtube.com\/rockandrims\" target=\"_blank\" rel=\"noopener\">YouTube<\/a><br \/>\nMan Of The Hour: <a href=\"http:\/\/www.youtube.com\/manofthehourhour\" target=\"_blank\" rel=\"noopener\">YouTube<\/a><\/center><\/div>\n<\/div>\n<div class=\"girls\" style=\"padding-bottom:2px !important;\"><center><b><u>Cameo<\/u><\/b><\/center><\/div>\n<p><center><img decoding=\"async\" src=\"https:\/\/i.imgur.com\/ceuELxF.jpg\"\/><\/center><\/p>\n<div class=\"awesome\"><center>Pierre: <a href=\"http:\/\/www.cameo.com\/pierrebouvier\" target=\"_blank\" rel=\"noopener\">Cameo<\/a><br \/>\nChuck: <a href=\"http:\/\/www.cameo.com\/chuckcomeau\" target=\"_blank\" rel=\"noopener\">Cameo<\/a><br \/>\nSeb: <a href=\"http:\/\/www.cameo.com\/seblefebvre\" target=\"_blank\" rel=\"noopener\">Cameo<\/a><\/center><\/div>\n<\/div>\n<div class=\"fblikebutton_button\" style=\"float: left; padding-top: 20px; margin-right: 20px; padding-bottom: 20px; padding-left: 20px;\"><iframe src=\"http:\/\/www.facebook.com\/plugins\/like.php?href=https%3A%2F%2Fwww.simpleplan.cz%2Fcz%2Findex.php%2Fonline%2Finternet%2F&amp;layout=standard&amp;show-faces=false&amp;width=450&amp;action=like&amp;colorscheme=light\" scrolling=\"no\" frameborder=\"0\" allowTransparency=\"true\" style=\"border:none; overflow:hidden; width:450px; height:26px\"><\/iframe><\/div>\n","protected":false},"excerpt":{"rendered":"<p>Ofici\u00e1ln\u00ed str\u00e1nky SimplePlan.com Merchandise Ofici\u00e1ln\u00ed (z USA): Simple Plan Store Evropa: Simple-Plan.tmstor.es Austr\u00e1lie: Bandshirts.com.au Ofici\u00e1ln\u00ed<\/p>\n","protected":false},"author":5,"featured_media":0,"parent":5263,"menu_order":0,"comment_status":"closed","ping_status":"closed","template":"page-templates\/full-width.php","meta":{"footnotes":""},"yoast_head":"<!-- This site is optimized with the Yoast SEO plugin v20.9 - https:\/\/yoast.com\/wordpress\/plugins\/seo\/ -->\n<title>Ofici\u00e1ln\u00ed odkazy | CZ: SimplePlan.cz<\/title>\n<meta name=\"robots\" content=\"index, follow, max-snippet:-1, max-image-preview:large, max-video-preview:-1\" \/>\n<link rel=\"canonical\" href=\"https:\/\/www.simpleplan.cz\/cz\/index.php\/online\/internet\/\" \/>\n<meta property=\"og:locale\" content=\"cs_CZ\" \/>\n<meta property=\"og:type\" content=\"article\" \/>\n<meta property=\"og:title\" content=\"Ofici\u00e1ln\u00ed odkazy | CZ: SimplePlan.cz\" \/>\n<meta property=\"og:description\" content=\"Ofici\u00e1ln\u00ed str\u00e1nky SimplePlan.com Merchandise Ofici\u00e1ln\u00ed (z USA): Simple Plan Store Evropa: Simple-Plan.tmstor.es Austr\u00e1lie: Bandshirts.com.au Ofici\u00e1ln\u00ed\" \/>\n<meta property=\"og:url\" content=\"https:\/\/www.simpleplan.cz\/cz\/index.php\/online\/internet\/\" \/>\n<meta property=\"og:site_name\" content=\"CZ: SimplePlan.cz\" \/>\n<meta property=\"article:publisher\" content=\"http:\/\/www.facebook.com\/simpleplancz\" \/>\n<meta property=\"article:modified_time\" content=\"2023-06-26T07:30:18+00:00\" \/>\n<meta property=\"og:image\" content=\"https:\/\/i.imgur.com\/MFQefUV.jpg\" \/>\n<meta name=\"twitter:card\" content=\"summary_large_image\" \/>\n<meta name=\"twitter:site\" content=\"@simpleplancz\" \/>\n<script type=\"application\/ld+json\" class=\"yoast-schema-graph\">{\"@context\":\"https:\/\/schema.org\",\"@graph\":[{\"@type\":\"WebPage\",\"@id\":\"https:\/\/www.simpleplan.cz\/cz\/index.php\/online\/internet\/\",\"url\":\"https:\/\/www.simpleplan.cz\/cz\/index.php\/online\/internet\/\",\"name\":\"Ofici\u00e1ln\u00ed odkazy | CZ: SimplePlan.cz\",\"isPartOf\":{\"@id\":\"https:\/\/www.simpleplan.cz\/cz\/#website\"},\"datePublished\":\"2010-07-17T14:55:26+00:00\",\"dateModified\":\"2023-06-26T07:30:18+00:00\",\"breadcrumb\":{\"@id\":\"https:\/\/www.simpleplan.cz\/cz\/index.php\/online\/internet\/#breadcrumb\"},\"inLanguage\":\"cs\",\"potentialAction\":[{\"@type\":\"ReadAction\",\"target\":[\"https:\/\/www.simpleplan.cz\/cz\/index.php\/online\/internet\/\"]}]},{\"@type\":\"BreadcrumbList\",\"@id\":\"https:\/\/www.simpleplan.cz\/cz\/index.php\/online\/internet\/#breadcrumb\",\"itemListElement\":[{\"@type\":\"ListItem\",\"position\":1,\"name\":\"Dom\u016f\",\"item\":\"https:\/\/www.simpleplan.cz\/cz\/\"},{\"@type\":\"ListItem\",\"position\":2,\"name\":\"Online\",\"item\":\"https:\/\/www.simpleplan.cz\/cz\/index.php\/online\/\"},{\"@type\":\"ListItem\",\"position\":3,\"name\":\"Ofici\u00e1ln\u00ed odkazy\"}]},{\"@type\":\"WebSite\",\"@id\":\"https:\/\/www.simpleplan.cz\/cz\/#website\",\"url\":\"https:\/\/www.simpleplan.cz\/cz\/\",\"name\":\"CZ: SimplePlan.cz\",\"description\":\"Nejlep\u0161\u00ed zdroj informac\u00ed o kapele Simple Plan\",\"publisher\":{\"@id\":\"https:\/\/www.simpleplan.cz\/cz\/#organization\"},\"potentialAction\":[{\"@type\":\"SearchAction\",\"target\":{\"@type\":\"EntryPoint\",\"urlTemplate\":\"https:\/\/www.simpleplan.cz\/cz\/?s={search_term_string}\"},\"query-input\":\"required name=search_term_string\"}],\"inLanguage\":\"cs\"},{\"@type\":\"Organization\",\"@id\":\"https:\/\/www.simpleplan.cz\/cz\/#organization\",\"name\":\"CZ: SimplePlan.cz\",\"url\":\"https:\/\/www.simpleplan.cz\/cz\/\",\"logo\":{\"@type\":\"ImageObject\",\"inLanguage\":\"cs\",\"@id\":\"https:\/\/www.simpleplan.cz\/cz\/#\/schema\/logo\/image\/\",\"url\":\"https:\/\/www.simpleplan.cz\/cz\/wp-content\/uploads\/spczlogo.png\",\"contentUrl\":\"https:\/\/www.simpleplan.cz\/cz\/wp-content\/uploads\/spczlogo.png\",\"width\":250,\"height\":190,\"caption\":\"CZ: SimplePlan.cz\"},\"image\":{\"@id\":\"https:\/\/www.simpleplan.cz\/cz\/#\/schema\/logo\/image\/\"},\"sameAs\":[\"http:\/\/www.facebook.com\/simpleplancz\",\"https:\/\/twitter.com\/simpleplancz\",\"http:\/\/www.instagram.com\/simpleplancz\",\"http:\/\/www.youtube.com\/simpleplancz\"]}]}<\/script>\n<!-- \/ Yoast SEO plugin. -->","yoast_head_json":{"title":"Ofici\u00e1ln\u00ed odkazy | CZ: SimplePlan.cz","robots":{"index":"index","follow":"follow","max-snippet":"max-snippet:-1","max-image-preview":"max-image-preview:large","max-video-preview":"max-video-preview:-1"},"canonical":"https:\/\/www.simpleplan.cz\/cz\/index.php\/online\/internet\/","og_locale":"cs_CZ","og_type":"article","og_title":"Ofici\u00e1ln\u00ed odkazy | CZ: SimplePlan.cz","og_description":"Ofici\u00e1ln\u00ed str\u00e1nky SimplePlan.com Merchandise Ofici\u00e1ln\u00ed (z USA): Simple Plan Store Evropa: Simple-Plan.tmstor.es Austr\u00e1lie: Bandshirts.com.au Ofici\u00e1ln\u00ed","og_url":"https:\/\/www.simpleplan.cz\/cz\/index.php\/online\/internet\/","og_site_name":"CZ: SimplePlan.cz","article_publisher":"http:\/\/www.facebook.com\/simpleplancz","article_modified_time":"2023-06-26T07:30:18+00:00","og_image":[{"url":"https:\/\/i.imgur.com\/MFQefUV.jpg"}],"twitter_card":"summary_large_image","twitter_site":"@simpleplancz","schema":{"@context":"https:\/\/schema.org","@graph":[{"@type":"WebPage","@id":"https:\/\/www.simpleplan.cz\/cz\/index.php\/online\/internet\/","url":"https:\/\/www.simpleplan.cz\/cz\/index.php\/online\/internet\/","name":"Ofici\u00e1ln\u00ed odkazy | CZ: SimplePlan.cz","isPartOf":{"@id":"https:\/\/www.simpleplan.cz\/cz\/#website"},"datePublished":"2010-07-17T14:55:26+00:00","dateModified":"2023-06-26T07:30:18+00:00","breadcrumb":{"@id":"https:\/\/www.simpleplan.cz\/cz\/index.php\/online\/internet\/#breadcrumb"},"inLanguage":"cs","potentialAction":[{"@type":"ReadAction","target":["https:\/\/www.simpleplan.cz\/cz\/index.php\/online\/internet\/"]}]},{"@type":"BreadcrumbList","@id":"https:\/\/www.simpleplan.cz\/cz\/index.php\/online\/internet\/#breadcrumb","itemListElement":[{"@type":"ListItem","position":1,"name":"Dom\u016f","item":"https:\/\/www.simpleplan.cz\/cz\/"},{"@type":"ListItem","position":2,"name":"Online","item":"https:\/\/www.simpleplan.cz\/cz\/index.php\/online\/"},{"@type":"ListItem","position":3,"name":"Ofici\u00e1ln\u00ed odkazy"}]},{"@type":"WebSite","@id":"https:\/\/www.simpleplan.cz\/cz\/#website","url":"https:\/\/www.simpleplan.cz\/cz\/","name":"CZ: SimplePlan.cz","description":"Nejlep\u0161\u00ed zdroj informac\u00ed o kapele Simple Plan","publisher":{"@id":"https:\/\/www.simpleplan.cz\/cz\/#organization"},"potentialAction":[{"@type":"SearchAction","target":{"@type":"EntryPoint","urlTemplate":"https:\/\/www.simpleplan.cz\/cz\/?s={search_term_string}"},"query-input":"required name=search_term_string"}],"inLanguage":"cs"},{"@type":"Organization","@id":"https:\/\/www.simpleplan.cz\/cz\/#organization","name":"CZ: SimplePlan.cz","url":"https:\/\/www.simpleplan.cz\/cz\/","logo":{"@type":"ImageObject","inLanguage":"cs","@id":"https:\/\/www.simpleplan.cz\/cz\/#\/schema\/logo\/image\/","url":"https:\/\/www.simpleplan.cz\/cz\/wp-content\/uploads\/spczlogo.png","contentUrl":"https:\/\/www.simpleplan.cz\/cz\/wp-content\/uploads\/spczlogo.png","width":250,"height":190,"caption":"CZ: SimplePlan.cz"},"image":{"@id":"https:\/\/www.simpleplan.cz\/cz\/#\/schema\/logo\/image\/"},"sameAs":["http:\/\/www.facebook.com\/simpleplancz","https:\/\/twitter.com\/simpleplancz","http:\/\/www.instagram.com\/simpleplancz","http:\/\/www.youtube.com\/simpleplancz"]}]}},"_links":{"self":[{"href":"https:\/\/www.simpleplan.cz\/cz\/index.php\/wp-json\/wp\/v2\/pages\/5265"}],"collection":[{"href":"https:\/\/www.simpleplan.cz\/cz\/index.php\/wp-json\/wp\/v2\/pages"}],"about":[{"href":"https:\/\/www.simpleplan.cz\/cz\/index.php\/wp-json\/wp\/v2\/types\/page"}],"author":[{"embeddable":true,"href":"https:\/\/www.simpleplan.cz\/cz\/index.php\/wp-json\/wp\/v2\/users\/5"}],"replies":[{"embeddable":true,"href":"https:\/\/www.simpleplan.cz\/cz\/index.php\/wp-json\/wp\/v2\/comments?post=5265"}],"version-history":[{"count":23,"href":"https:\/\/www.simpleplan.cz\/cz\/index.php\/wp-json\/wp\/v2\/pages\/5265\/revisions"}],"predecessor-version":[{"id":33089,"href":"https:\/\/www.simpleplan.cz\/cz\/index.php\/wp-json\/wp\/v2\/pages\/5265\/revisions\/33089"}],"up":[{"embeddable":true,"href":"https:\/\/www.simpleplan.cz\/cz\/index.php\/wp-json\/wp\/v2\/pages\/5263"}],"wp:attachment":[{"href":"https:\/\/www.simpleplan.cz\/cz\/index.php\/wp-json\/wp\/v2\/media?parent=5265"}],"curies":[{"name":"wp","href":"https:\/\/api.w.org\/{rel}","templated":true}]}}