{"id":5271,"date":"2010-07-17T16:56:49","date_gmt":"2010-07-17T14:56:49","guid":{"rendered":"http:\/\/www.simpleplan.cz\/wordpress\/?page_id=5271"},"modified":"2023-06-26T09:29:58","modified_gmt":"2023-06-26T07:29:58","slug":"historie-kapely","status":"publish","type":"page","link":"https:\/\/www.simpleplan.cz\/cz\/index.php\/kapela\/historie-kapely\/","title":{"rendered":"Historie kapely"},"content":{"rendered":"<div class=\"pagecontent\">Historie kapely Simple Plan za\u010dala skoro v polovin\u011b devades\u00e1t\u00fdch let, kdy <b>se Chuck Comeau a Pierre Bouvier<\/b> potkali na st\u0159edn\u00ed \u0161kole a velmi rychle se sp\u0159\u00e1telili d\u00edky sv\u00e9 spole\u010dn\u00e9 l\u00e1sce k muzice. O n\u011bco pozd\u011bji k nim a jejich kamar\u00e1dovi Jeanu-Sebastienovi, p\u0159istoupil jejich u\u010ditel hudby, kter\u00fd jim doporu\u010dil, aby spole\u010dn\u011b vytvo\u0159ili kapelu. Po vytvo\u0159en\u00ed <b>Reset<\/b> <img decoding=\"async\" style=\"margin: 15px;\" src=\"http:\/\/www.simpleplan.cz\/images\/history1.gif\" alt=\"\" align=\"left\" \/>[v\u00edce o Reset se do\u010dtete <a href=\"http:\/\/www.simpleplan.cz\/cz\/index.php\/kapela\/reset\/\" target=\"_blank\" rel=\"noopener\">zde<\/a>] se t\u011bmto t\u0159em \u010dlen\u016fm poda\u0159ilo ve sv\u00e9m okol\u00ed relativn\u011b hodn\u011b proslavit, nahr\u00e1t prvn\u00ed desku (1997) a za\u010d\u00edt s koncertov\u00e1n\u00edm po cel\u00e9 Kanad\u011b jako p\u0159edkapela r\u016fzn\u00fdm kapel\u00e1m. <b>Kv\u016fli neust\u00e1l\u00fdm h\u00e1dk\u00e1m s Pierrem, se v\u0161ak Chuck rozhodl Reset opustit<\/b> a znovu se soust\u0159edit na sv\u00e1 studia. <\/p>\n<p>Po tom, co o tomto rozchodu sly\u0161el Chuck\u016fv star\u00fd kamar\u00e1d ze st\u0159edn\u00ed \u0161koly &#8211; <b>kytarista Jeff Stinco<\/b> &#8211; zkontaktoval jej, p\u0159esv\u011bd\u010dil ho, aby se muziky nevzd\u00e1val a spole\u010dn\u011b se rozhodli zalo\u017eit zbrusu nov\u00fd projekt. Kapela ale pot\u0159ebovala dal\u0161\u00edho kytaristu a n\u011bkoho, kdo by zp\u00edval zadn\u00ed vok\u00e1ly, tak\u017ee po mnoha zkou\u0161k\u00e1ch kluci <b>kontaktovali<\/b> dal\u0161\u00edho sv\u00e9ho kamar\u00e1da &#8211; <b>Sebastiena Lefebvre<\/b>, kter\u00fd s nimi tak\u00e9 chod\u00edval na st\u0159edn\u00ed, z\u00e1rove\u0148 byl velk\u00fdm fanou\u0161kem Reset, a bydlel hned za rohem &#8211; aby se k nim p\u0159idal. St\u00e1le ale nemohli naj\u00edt velmi d\u016fle\u017eitou osobu, a tou byl zp\u011bv\u00e1k.<\/p>\n<blockquote><p><i>&#8222;Hledali jsme&#8230; Vyzkou\u0161eli jsme mnoho zp\u011bv\u00e1k\u016f, ale \u010d\u00edm v\u00edc jsme o tom p\u0159em\u00fd\u0161leli, t\u00edm v\u00edc jsme p\u0159ich\u00e1zeli na to, \u017ee v kapele prost\u011b pot\u0159ebujeme Pierra.&#8220;<\/i><br \/>\n<center> &#8211; Chuck Comeau &#8211; <\/center><\/p><\/blockquote>\n<p>V t\u00e9 dob\u011b u\u017e za\u010dal b\u00fdt v Reset nespokojen pr\u00e1v\u011b i Pierre, kter\u00fd m\u011bl v t\u00e9to kapele v t\u00e9 dob\u011b p\u0159\u00edli\u0161 mnoho povinnost\u00ed. Jednoho ve\u010dera na koncert\u011b se n\u00e1hodou Pierre setkal se sv\u00fdm b\u00fdval\u00fdm kamar\u00e1dem Chuckem, a tento moment se stal chv\u00edl\u00ed, kdy se oba rozhodli nechat minulost minulost\u00ed a znovu o\u017eivit sv\u00e9 p\u0159\u00e1telstv\u00ed.<\/p>\n<blockquote><p><i>&#8222;Cht\u011bl jsem to vzd\u00e1t, j\u00edt zp\u00e1tky do \u0161koly a zapomenout na muziku. Pak jsem se jednu noc setkal s Chuckem na koncert\u011b Sugar Ray v Montrealu a on na m\u011b: &#8218;M\u00e1m tuhle novou kapelu a hled\u00e1me zp\u011bv\u00e1ka.&#8216; \u0160el jsem se pod\u00edvat na jejich zkou\u0161ku a jejich songy byly tak nov\u00e9 a modern\u00ed, \u017ee jsem si \u0159ek, \u017ee d\u00e1m hudb\u011b je\u0161t\u011b jednu \u0161anci.&#8220;<\/i><br \/>\n<center> &#8211; Pierre Bouvier &#8211; <\/center><\/p><\/blockquote>\n<p><b>Pierre nakonec souhlasil s t\u00edm, \u017ee se k nov\u00e9 kapele p\u0159id\u00e1.<\/b> V tu chv\u00edli v\u0161ak st\u00e1le je\u0161t\u011b byl ofici\u00e1ln\u011b sou\u010d\u00e1st\u00ed Reset a jeho kolegov\u00e9 z t\u00e9to kapely nem\u011bli ani pon\u011bt\u00ed, \u017ee je pl\u00e1nuje opustit &#8211; a u\u017e v\u016fbec ne, \u017ee chyst\u00e1 nov\u00fd projekt pr\u00e1v\u011b s Chuckem, kter\u00e9ho s\u00e1m z Reset vyhodil. Chv\u00edli tak chod\u00edval Pierre na n\u00e1cviky k vznikaj\u00edc\u00edm Simple Plan natajno, ale nakonec se v Reset ke v\u0161emu p\u0159iznal a ofici\u00e1ln\u011b od nich ode\u0161el. <\/p>\n<p><center><img decoding=\"async\" src=\"http:\/\/www.simpleplan.cz\/images\/history3.gif\"\/><\/center><\/p>\n<p><font size=\"2\"><center><i>Chuckovy prvn\u00ed pozn\u00e1mky k &#8222;Perfect&#8220;<\/i><\/center><\/font><\/p>\n<p>Kluci za\u010dali vytv\u00e1\u0159et pop-punkov\u00e9 songy a zas\u00edlat nahr\u00e1vac\u00edm spole\u010dnostem dopisy s \u017e\u00e1dostmi o zaps\u00e1n\u00ed k nim. <b>Chuck se toho chopil a kontaktoval na 55 nahr\u00e1vac\u00edch spole\u010dnost\u00ed ve Spojen\u00fdch st\u00e1tech a p\u0159edst\u00edral, \u017ee je mana\u017eerem Simple Plan<\/b> (p\u0159i\u010dem\u017e pou\u017e\u00edval p\u0159\u00edjmen\u00ed sv\u00e9 matky) a lhal jim o tom, jak velk\u00fd \u00fasp\u011bch u\u017e Simple Plan ve sv\u00e9m okol\u00ed maj\u00ed, jak vyprod\u00e1vaj\u00ed kluby atd. Po n\u011bkolika ne\u00fasp\u011b\u0161n\u00fdch telefon\u00e1tech byl <b>Chuck kone\u010dn\u011b p\u0159epojen k Andymu Karpovi, kter\u00fd pro Atlantic Records hledal nov\u00e9 talenty<\/b>. Andy si poslechl n\u011bkolik demo verz\u00ed Simple Plan, celkem se mu l\u00edbily, ale st\u00e1le o nich je\u0161t\u011b nebyl \u00fapln\u011b p\u0159esv\u011bd\u010den. 22. ledna 2000 kapela odehr\u00e1la sv\u016fj prvn\u00ed koncert pod n\u00e1zvem &#8222;Simple Plan&#8220;, st\u00e1le v\u0161ak jako kvartet. Pot\u00e9, co se p\u0159edvedli tak\u00e9 Andymu Karpovi z Atlantic Records, Andy jim doporu\u010dil, aby si na\u0161li p\u00e1t\u00e9ho \u010dlena &#8211; baskytaristu, d\u00edky kter\u00e9mu by se Pierre mohl v\u00edce soust\u0159edit na samotn\u00e9 zp\u00edv\u00e1n\u00ed, a nemusel by k tomu je\u0161t\u011b nav\u00edc hr\u00e1t na baskytaru. O n\u011bkolik m\u011bs\u00edc\u016f pozd\u011bji se \u010dlenov\u00e9 SP vydali pod\u00edvat na to, jak se Reset da\u0159\u00ed bez jejich p\u016fvodn\u00edch \u010dlen\u016f (nyn\u00ed v SP), a jak\u00fd je jejich nov\u00fd p\u0159\u00edr\u016fstek: <b>David Desrosiers<\/b>. \u010clenov\u00e9 Simple Plan hned v\u011bd\u011bli, \u017ee on je p\u0159esn\u011b tou osobou, kterou hledaj\u00ed. Potaj\u00ed se s Davidem dohodli, \u017ee se na n\u011b p\u0159ijde pod\u00edvat, a nab\u00eddli mu m\u00edsto ve sv\u00e9 kapele. David se nakonec k Simple Plan p\u0159idal kolem kv\u011btna roku 2000. Prvn\u00ed koncert Simple Plan s Davidem se konal 3. \u00fanora 2001.<\/p>\n<p>Pokra\u010duj\u00edc se sv\u00fdm honem po nahr\u00e1vac\u00ed spole\u010dnosti, se kapela rozhodla op\u011bt zam\u011b\u0159it na Andyho Karpa. D\u00edky jejich kamar\u00e1dovi, Patrickovi Langlois, kter\u00fd tehdy pracoval pro m\u00edstn\u00ed nahr\u00e1vac\u00ed spole\u010dnost Aquarius, Simple Plan zjistili, \u017ee Andy Karp brzy nav\u0161t\u00edv\u00ed Montreal, aby se pod\u00edval na kapelu &#8222;Rubberman&#8220;, <img decoding=\"async\" style=\"margin: 15px;\" src=\"http:\/\/www.simpleplan.cz\/images\/history2.gif\" alt=\"\" align=\"right\" \/>s t\u00edm, \u017ee ji\u017e bylo t\u00e9m\u011b\u0159 jist\u00e9, \u017ee dostanou smlouvu s Atlantic. \u010clenov\u00e9 Simple Plan si tuto p\u0159\u00edle\u017eitost necht\u011bli nechat uj\u00edt, a tak Andymu zavolali a pozvali ho, aby si na n\u011b ten ve\u010der tak\u00e9 ud\u011blal \u010das. <b>M\u011bli jenom n\u011bkolik dn\u00ed na to, aby rychle zimprovizovali a za\u0159idili si tajn\u00e9 vystoupen\u00ed v Montrealu stejn\u00fd ve\u010der, jako hr\u00e1li Rubberman (8. \u00fanora 2001) &#8211; a pro utajen\u00ed Chuck pro kapelu zvolil dokonce i fale\u0161n\u00e9 jm\u00e9no &#8211; &#8222;Touchdown&#8220;<\/b> &#8211; aby Rubberman nev\u011bd\u011bli, \u017ee to jsou oni, a aby se Patrick nedostal do pot\u00ed\u017e\u00ed. Patrick ten ve\u010der sehr\u00e1l dal\u0161\u00ed velkou roli v tom, \u017ee pr\u016fb\u011b\u017en\u011b informoval Chucka o ka\u017ed\u00e9m kroku Andyho Karpa a o tom, jak to s koncertem Rubberman vypad\u00e1. Po ne p\u0159\u00edli\u0161 p\u0159esv\u011bd\u010div\u00e9m vystoupen\u00ed Rubberman se Andy Karp vypravil pod\u00edvat se tak\u00e9 na Simple Plan, kte\u0159\u00ed ho p\u0159esv\u011bd\u010dili na 100%. <\/p>\n<blockquote><p><i>&#8222;\u0160li jsme se pod\u00edvat nejd\u0159\u00edv na tu prvn\u00ed kapelu. Byli dob\u0159\u00ed, ale nebylo to nic, o \u010dem bych m\u011bl d\u00e1t doma v\u011bd\u011bt. Tak\u017ee jsme za\u0161li za Simple Plan, a ti byli neuv\u011b\u0159iteln\u00ed. P\u0159id\u00e1n\u00edm Davida na baskytaru a t\u00edm p\u00e1dem dod\u00e1n\u00edm t\u0159et\u00edho hlasu dodali sv\u00e9 kapele naprosto profesion\u00e1ln\u00ed vzhled. Pamatuju si, jak jsem tam tehdy st\u00e1l je\u0161t\u011b s Andym [Shanem], a zeptal jsem se ho: <b>&#8218;P\u0159ijde to jenom mn\u011b, nebo jsou v\u00e1\u017en\u011b dob\u0159\u00ed?&#8216;<\/b> \u0158ekl, \u017ee m\u00e1m pravdu. Ode\u0161el jsem pak z toho klubu s my\u0161lenkou, \u017ee mus\u00edm p\u0159ij\u00edt na to, jak k n\u00e1m tyhle kluky zapsat.&#8220;<\/i><br \/>\n<center> &#8211; Andy Karp &#8211; <\/p>\n<div class=\"q2\">(Atlantic Records)<\/div>\n<p><\/center><\/p><\/blockquote>\n<p>Dal\u0161\u00ed den u\u017e Andy Karp managementu Simple Plan potvrdil, \u017ee s nimi Atlantic podep\u00ed\u0161\u00ed smlouvu. <\/p>\n<p><center><img decoding=\"async\" src=\"http:\/\/www.simpleplan.cz\/images\/history4.gif\"\/><\/center><\/p>\n<p><font size=\"2\"><center><i>2001 &#8211; Simple Plan s Andy Karpem ve studi\u00edch Arnyard v Torontu, p\u0159i nahr\u00e1v\u00e1n\u00ed prvn\u00edho alba Simple Plan &#8211; &#8222;No Pads, No Helmets&#8230; Just Balls&#8220;<\/i><\/font><\/center><br \/>\n<\/center><\/p>\n<p><center><img decoding=\"async\" src=\"http:\/\/www.simpleplan.cz\/cz\/wp-content\/themes\/2016\/images\/divider.png\"\/><\/center><\/p>\n<p>Od sv\u00e9ho vzniku v roce 2000 kapela vydala n\u00e1sleduj\u00edc\u00ed alba \u2013 prvn\u00ed v roce 2002 \u2013 <i><b>&#8222;No Pads, No Helmets&#8230; Just Balls&#8220;<\/i><\/b>, druh\u00e9 v roce 2004 \u2013 <i><b>&#8222;Still Not Getting Any&#8220;<\/i><\/b>, t\u0159et\u00ed v roce 2008 &#8211; <i><b>&#8222;Simple Plan&#8220;<\/i><\/b> (eponymn\u00ed album &#8211; jmenuje se stejn\u011b jako kapela), \u010dtvrt\u00e9 v roce 2011 &#8211; <i><b>&#8222;Get Your Heart On!&#8220;<\/i><\/b> a p\u00e1t\u00e9 v roce 2016 &#8211; <i><b>&#8222;Taking One For The Team&#8220;<\/i><\/b>. <\/p>\n<p><center><img decoding=\"async\" src=\"http:\/\/www.simpleplan.cz\/cz\/wp-content\/themes\/2016\/images\/divider.png\"\/><\/center><\/p>\n<p><center><img decoding=\"async\" src=\"http:\/\/i.imgur.com\/okR3zVd.png\"\/> <img decoding=\"async\" src=\"http:\/\/i.imgur.com\/9hbJgET.png\"\/> <img decoding=\"async\" src=\"http:\/\/i.imgur.com\/hwttmTO.png\"\/> <img decoding=\"async\" src=\"http:\/\/i.imgur.com\/AZeQs6C.png\"\/> <img decoding=\"async\" src=\"http:\/\/i.imgur.com\/pSYkFQE.png\"\/><br \/>\n<center><\/p>\n<div class=\"view-full-post2\" style=\"padding-top:5px\"><a href=\"http:\/\/www.simpleplan.cz\/cz\/index.php\/kapela\/diskografie\/\" target=\"_blank\" class=\"view-full-post-btn\" rel=\"noopener\">v\u00edce o diskografii Simple Plan<\/a><\/a><\/div>\n<p><\/center><\/center>\n<\/div>\n<div class=\"fblikebutton_button\" style=\"float: left; padding-top: 20px; margin-right: 20px; padding-bottom: 20px; padding-left: 20px;\"><iframe src=\"http:\/\/www.facebook.com\/plugins\/like.php?href=https%3A%2F%2Fwww.simpleplan.cz%2Fcz%2Findex.php%2Fkapela%2Fhistorie-kapely%2F&amp;layout=standard&amp;show-faces=false&amp;width=450&amp;action=like&amp;colorscheme=light\" scrolling=\"no\" frameborder=\"0\" allowTransparency=\"true\" style=\"border:none; overflow:hidden; width:450px; height:26px\"><\/iframe><\/div>\n","protected":false},"excerpt":{"rendered":"<p>Historie kapely Simple Plan za\u010dala skoro v polovin\u011b devades\u00e1t\u00fdch let, kdy se Chuck Comeau a<\/p>\n","protected":false},"author":5,"featured_media":0,"parent":5237,"menu_order":0,"comment_status":"closed","ping_status":"closed","template":"page-templates\/full-width.php","meta":{"footnotes":""},"yoast_head":"<!-- This site is optimized with the Yoast SEO plugin v20.9 - https:\/\/yoast.com\/wordpress\/plugins\/seo\/ -->\n<title>Historie kapely | CZ: SimplePlan.cz<\/title>\n<meta name=\"robots\" content=\"index, follow, max-snippet:-1, max-image-preview:large, max-video-preview:-1\" \/>\n<link rel=\"canonical\" href=\"https:\/\/www.simpleplan.cz\/cz\/index.php\/kapela\/historie-kapely\/\" \/>\n<meta property=\"og:locale\" content=\"cs_CZ\" \/>\n<meta property=\"og:type\" content=\"article\" \/>\n<meta property=\"og:title\" content=\"Historie kapely | CZ: SimplePlan.cz\" \/>\n<meta property=\"og:description\" content=\"Historie kapely Simple Plan za\u010dala skoro v polovin\u011b devades\u00e1t\u00fdch let, kdy se Chuck Comeau a\" \/>\n<meta property=\"og:url\" content=\"https:\/\/www.simpleplan.cz\/cz\/index.php\/kapela\/historie-kapely\/\" \/>\n<meta property=\"og:site_name\" content=\"CZ: SimplePlan.cz\" \/>\n<meta property=\"article:publisher\" content=\"http:\/\/www.facebook.com\/simpleplancz\" \/>\n<meta property=\"article:modified_time\" content=\"2023-06-26T07:29:58+00:00\" \/>\n<meta property=\"og:image\" content=\"http:\/\/www.simpleplan.cz\/images\/history1.gif\" \/>\n<meta name=\"twitter:card\" content=\"summary_large_image\" \/>\n<meta name=\"twitter:site\" content=\"@simpleplancz\" \/>\n<meta name=\"twitter:label1\" content=\"Odhadovan\u00e1 doba \u010dten\u00ed\" \/>\n\t<meta name=\"twitter:data1\" content=\"7 minut\" \/>\n<script type=\"application\/ld+json\" class=\"yoast-schema-graph\">{\"@context\":\"https:\/\/schema.org\",\"@graph\":[{\"@type\":\"WebPage\",\"@id\":\"https:\/\/www.simpleplan.cz\/cz\/index.php\/kapela\/historie-kapely\/\",\"url\":\"https:\/\/www.simpleplan.cz\/cz\/index.php\/kapela\/historie-kapely\/\",\"name\":\"Historie kapely | CZ: SimplePlan.cz\",\"isPartOf\":{\"@id\":\"https:\/\/www.simpleplan.cz\/cz\/#website\"},\"datePublished\":\"2010-07-17T14:56:49+00:00\",\"dateModified\":\"2023-06-26T07:29:58+00:00\",\"breadcrumb\":{\"@id\":\"https:\/\/www.simpleplan.cz\/cz\/index.php\/kapela\/historie-kapely\/#breadcrumb\"},\"inLanguage\":\"cs\",\"potentialAction\":[{\"@type\":\"ReadAction\",\"target\":[\"https:\/\/www.simpleplan.cz\/cz\/index.php\/kapela\/historie-kapely\/\"]}]},{\"@type\":\"BreadcrumbList\",\"@id\":\"https:\/\/www.simpleplan.cz\/cz\/index.php\/kapela\/historie-kapely\/#breadcrumb\",\"itemListElement\":[{\"@type\":\"ListItem\",\"position\":1,\"name\":\"Dom\u016f\",\"item\":\"https:\/\/www.simpleplan.cz\/cz\/\"},{\"@type\":\"ListItem\",\"position\":2,\"name\":\"Kapela\",\"item\":\"https:\/\/www.simpleplan.cz\/cz\/index.php\/kapela\/\"},{\"@type\":\"ListItem\",\"position\":3,\"name\":\"Historie kapely\"}]},{\"@type\":\"WebSite\",\"@id\":\"https:\/\/www.simpleplan.cz\/cz\/#website\",\"url\":\"https:\/\/www.simpleplan.cz\/cz\/\",\"name\":\"CZ: SimplePlan.cz\",\"description\":\"Nejlep\u0161\u00ed zdroj informac\u00ed o kapele Simple Plan\",\"publisher\":{\"@id\":\"https:\/\/www.simpleplan.cz\/cz\/#organization\"},\"potentialAction\":[{\"@type\":\"SearchAction\",\"target\":{\"@type\":\"EntryPoint\",\"urlTemplate\":\"https:\/\/www.simpleplan.cz\/cz\/?s={search_term_string}\"},\"query-input\":\"required name=search_term_string\"}],\"inLanguage\":\"cs\"},{\"@type\":\"Organization\",\"@id\":\"https:\/\/www.simpleplan.cz\/cz\/#organization\",\"name\":\"CZ: SimplePlan.cz\",\"url\":\"https:\/\/www.simpleplan.cz\/cz\/\",\"logo\":{\"@type\":\"ImageObject\",\"inLanguage\":\"cs\",\"@id\":\"https:\/\/www.simpleplan.cz\/cz\/#\/schema\/logo\/image\/\",\"url\":\"https:\/\/www.simpleplan.cz\/cz\/wp-content\/uploads\/spczlogo.png\",\"contentUrl\":\"https:\/\/www.simpleplan.cz\/cz\/wp-content\/uploads\/spczlogo.png\",\"width\":250,\"height\":190,\"caption\":\"CZ: SimplePlan.cz\"},\"image\":{\"@id\":\"https:\/\/www.simpleplan.cz\/cz\/#\/schema\/logo\/image\/\"},\"sameAs\":[\"http:\/\/www.facebook.com\/simpleplancz\",\"https:\/\/twitter.com\/simpleplancz\",\"http:\/\/www.instagram.com\/simpleplancz\",\"http:\/\/www.youtube.com\/simpleplancz\"]}]}<\/script>\n<!-- \/ Yoast SEO plugin. -->","yoast_head_json":{"title":"Historie kapely | CZ: SimplePlan.cz","robots":{"index":"index","follow":"follow","max-snippet":"max-snippet:-1","max-image-preview":"max-image-preview:large","max-video-preview":"max-video-preview:-1"},"canonical":"https:\/\/www.simpleplan.cz\/cz\/index.php\/kapela\/historie-kapely\/","og_locale":"cs_CZ","og_type":"article","og_title":"Historie kapely | CZ: SimplePlan.cz","og_description":"Historie kapely Simple Plan za\u010dala skoro v polovin\u011b devades\u00e1t\u00fdch let, kdy se Chuck Comeau a","og_url":"https:\/\/www.simpleplan.cz\/cz\/index.php\/kapela\/historie-kapely\/","og_site_name":"CZ: SimplePlan.cz","article_publisher":"http:\/\/www.facebook.com\/simpleplancz","article_modified_time":"2023-06-26T07:29:58+00:00","og_image":[{"url":"http:\/\/www.simpleplan.cz\/images\/history1.gif"}],"twitter_card":"summary_large_image","twitter_site":"@simpleplancz","twitter_misc":{"Odhadovan\u00e1 doba \u010dten\u00ed":"7 minut"},"schema":{"@context":"https:\/\/schema.org","@graph":[{"@type":"WebPage","@id":"https:\/\/www.simpleplan.cz\/cz\/index.php\/kapela\/historie-kapely\/","url":"https:\/\/www.simpleplan.cz\/cz\/index.php\/kapela\/historie-kapely\/","name":"Historie kapely | CZ: SimplePlan.cz","isPartOf":{"@id":"https:\/\/www.simpleplan.cz\/cz\/#website"},"datePublished":"2010-07-17T14:56:49+00:00","dateModified":"2023-06-26T07:29:58+00:00","breadcrumb":{"@id":"https:\/\/www.simpleplan.cz\/cz\/index.php\/kapela\/historie-kapely\/#breadcrumb"},"inLanguage":"cs","potentialAction":[{"@type":"ReadAction","target":["https:\/\/www.simpleplan.cz\/cz\/index.php\/kapela\/historie-kapely\/"]}]},{"@type":"BreadcrumbList","@id":"https:\/\/www.simpleplan.cz\/cz\/index.php\/kapela\/historie-kapely\/#breadcrumb","itemListElement":[{"@type":"ListItem","position":1,"name":"Dom\u016f","item":"https:\/\/www.simpleplan.cz\/cz\/"},{"@type":"ListItem","position":2,"name":"Kapela","item":"https:\/\/www.simpleplan.cz\/cz\/index.php\/kapela\/"},{"@type":"ListItem","position":3,"name":"Historie kapely"}]},{"@type":"WebSite","@id":"https:\/\/www.simpleplan.cz\/cz\/#website","url":"https:\/\/www.simpleplan.cz\/cz\/","name":"CZ: SimplePlan.cz","description":"Nejlep\u0161\u00ed zdroj informac\u00ed o kapele Simple Plan","publisher":{"@id":"https:\/\/www.simpleplan.cz\/cz\/#organization"},"potentialAction":[{"@type":"SearchAction","target":{"@type":"EntryPoint","urlTemplate":"https:\/\/www.simpleplan.cz\/cz\/?s={search_term_string}"},"query-input":"required name=search_term_string"}],"inLanguage":"cs"},{"@type":"Organization","@id":"https:\/\/www.simpleplan.cz\/cz\/#organization","name":"CZ: SimplePlan.cz","url":"https:\/\/www.simpleplan.cz\/cz\/","logo":{"@type":"ImageObject","inLanguage":"cs","@id":"https:\/\/www.simpleplan.cz\/cz\/#\/schema\/logo\/image\/","url":"https:\/\/www.simpleplan.cz\/cz\/wp-content\/uploads\/spczlogo.png","contentUrl":"https:\/\/www.simpleplan.cz\/cz\/wp-content\/uploads\/spczlogo.png","width":250,"height":190,"caption":"CZ: SimplePlan.cz"},"image":{"@id":"https:\/\/www.simpleplan.cz\/cz\/#\/schema\/logo\/image\/"},"sameAs":["http:\/\/www.facebook.com\/simpleplancz","https:\/\/twitter.com\/simpleplancz","http:\/\/www.instagram.com\/simpleplancz","http:\/\/www.youtube.com\/simpleplancz"]}]}},"_links":{"self":[{"href":"https:\/\/www.simpleplan.cz\/cz\/index.php\/wp-json\/wp\/v2\/pages\/5271"}],"collection":[{"href":"https:\/\/www.simpleplan.cz\/cz\/index.php\/wp-json\/wp\/v2\/pages"}],"about":[{"href":"https:\/\/www.simpleplan.cz\/cz\/index.php\/wp-json\/wp\/v2\/types\/page"}],"author":[{"embeddable":true,"href":"https:\/\/www.simpleplan.cz\/cz\/index.php\/wp-json\/wp\/v2\/users\/5"}],"replies":[{"embeddable":true,"href":"https:\/\/www.simpleplan.cz\/cz\/index.php\/wp-json\/wp\/v2\/comments?post=5271"}],"version-history":[{"count":49,"href":"https:\/\/www.simpleplan.cz\/cz\/index.php\/wp-json\/wp\/v2\/pages\/5271\/revisions"}],"predecessor-version":[{"id":33082,"href":"https:\/\/www.simpleplan.cz\/cz\/index.php\/wp-json\/wp\/v2\/pages\/5271\/revisions\/33082"}],"up":[{"embeddable":true,"href":"https:\/\/www.simpleplan.cz\/cz\/index.php\/wp-json\/wp\/v2\/pages\/5237"}],"wp:attachment":[{"href":"https:\/\/www.simpleplan.cz\/cz\/index.php\/wp-json\/wp\/v2\/media?parent=5271"}],"curies":[{"name":"wp","href":"https:\/\/api.w.org\/{rel}","templated":true}]}}