{"id":5276,"date":"2010-07-17T16:57:37","date_gmt":"2010-07-17T14:57:37","guid":{"rendered":"http:\/\/www.simpleplan.cz\/wordpress\/?page_id=5276"},"modified":"2023-06-26T09:30:17","modified_gmt":"2023-06-26T07:30:17","slug":"singly","status":"publish","type":"page","link":"https:\/\/www.simpleplan.cz\/cz\/index.php\/kapela\/singly\/","title":{"rendered":"Singly"},"content":{"rendered":"<div class=\"pagecontent\">\n<div class=\"musichead\">Co je to single?<\/div>\n<p><b>Single<\/b> je typem vyd\u00e1n\u00ed v hudebn\u00edm pr\u016fmyslu, kdy je dan\u00e1 p\u00edse\u0148 vyd\u00e1na i mimo album &#8211; ale z\u00e1rove\u0148 se na albu tak\u00e9 \u010dasto objevuje (ale nemus\u00ed). Singly mohou b\u00fdt vyd\u00e1ny jak digit\u00e1ln\u011b, tak i fyzicky. P\u00edsn\u011b, kter\u00e9 jsou zvoleny pro singlov\u00e9 vyd\u00e1n\u00ed se od ostatn\u00edch p\u00edsn\u00ed na albu kapely li\u0161\u00ed v tom, \u017ee jsou vyd\u00e1ny pro propaga\u010dn\u00ed \u00fa\u010dely (nap\u0159. do r\u00e1di\u00ed), a proto z\u00edsk\u00e1vaj\u00ed daleko v\u011bt\u0161\u00ed popularitu. Singly jsou nav\u00edc v\u011bt\u0161inou doprov\u00e1zeny <a href=\"http:\/\/www.simpleplan.cz\/cz\/index.php\/kapela\/videoklipy\/\">videoklipy<\/a>.<\/p>\n<p>Seznam v\u0161ech singl\u016f Simple Plan z ka\u017ed\u00e9ho jejich alba naleznete n\u00ed\u017ee &#8211; jsou ozna\u010deny <font color=\"#9999ff\"><b>modrou barvou<\/b><\/font>.<\/p>\n<div style=\"padding:20px;\"><\/div>\n<div class=\"musichead\">Co je to buzz single \/ promo single \/ nult\u00fd single \/ teaser track?<\/div>\n<p>Krom\u011b regul\u00e9rn\u00edch singl\u016f, kter\u00e9 jsou vyd\u00e1v\u00e1ny za \u00fa\u010delem jejich pou\u0161t\u011bn\u00ed v r\u00e1di\u00edch, existuje tak\u00e9 dal\u0161\u00ed typ vyd\u00e1n\u00ed, a to kdy je p\u00edse\u0148 vyd\u00e1na nahr\u00e1vac\u00ed spole\u010dnost\u00ed \u010di jinou entitou pouze za \u00fa\u010delem propagace a vytvo\u0159en\u00ed vzru\u0161en\u00ed (hukotu &#8211; v angli\u010dtin\u011b &#8222;buzz &#8211; odtud n\u00e1zev <b>buzz single<\/b>) (dal\u0161\u00edmi n\u00e1zvy tohoto typu vyd\u00e1n\u00ed jsou nap\u0159. promo single, nult\u00fd single nebo teaser track). Buzz singly v\u011bt\u0161inou nejsou zas\u00edl\u00e1ny r\u00e1di\u00edm, ale to jim nebr\u00e1n\u00ed v tom, aby tyto p\u00edsn\u011b ve sv\u00e9m vys\u00edl\u00e1n\u00ed pou\u0161t\u011bli. Nen\u00ed pravidlem, \u017ee by buzz singly byly v\u017edy obsa\u017eeny na albech.<\/p>\n<p>Seznam v\u0161ech buzz singl\u016f Simple Plan naleznete n\u00ed\u017ee &#8211; jsou ozna\u010deny <font color=\"#e75c6f\"><b>r\u016f\u017eovou barvou<\/b><\/font>.<\/p>\n<p>Click on each of the following singles to reveal more information about the songs, their meaning, lyrics and accompanying music videos:<\/p>\n<div style=\"padding:20px;\"><\/div>\n<div class=\"girls\"><b><u><center>No Pads, No Helmets&#8230; Just Balls<\/center><\/u><\/b><\/div>\n<div class=\"musichead\"><center><font color=\"#9999ff\">ofici\u00e1ln\u00ed singly<\/font><\/center><\/div>\n<p><center><a href=\"http:\/\/www.simpleplan.cz\/cz\/index.php\/kapela\/diskografie\/im-just-a-kid\/\" alt=\"I'm Just A Kid\" title=\"I'm Just A Kid\"><img decoding=\"async\" src=\"https:\/\/i.imgur.com\/3jLEunr.png\"><\/a> <a href=\"http:\/\/www.simpleplan.cz\/cz\/index.php\/kapela\/diskografie\/id-do-anything\/\" alt=\"I'd Do Anything\" title=\"I'd Do Anything\"><img decoding=\"async\" src=\"https:\/\/i.imgur.com\/PwIF1pv.png\"><\/a> <a href=\"http:\/\/www.simpleplan.cz\/cz\/index.php\/kapela\/diskografie\/addicted\/\" alt=\"Addicted\" title=\"Addicted\"><img decoding=\"async\" src=\"https:\/\/i.imgur.com\/2Q2voPf.png\"><\/a> <a href=\"http:\/\/www.simpleplan.cz\/cz\/index.php\/kapela\/diskografie\/perfect\/\" alt=\"Perfect\" title=\"Perfect\"><img decoding=\"async\" src=\"https:\/\/i.imgur.com\/FhhYe70.png\"><\/a><\/center><\/p>\n<div class=\"musichead\"><center><font color=\"#e75c6f\">buzz singly<\/font><\/center><\/div>\n<p><center><a href=\"http:\/\/www.simpleplan.cz\/cz\/index.php\/lyricscenter\/dwtay\" alt=\"Don't Wanna Think About You\" title=\"Don't Wanna Think About You\"><img decoding=\"async\" src=\"https:\/\/i.imgur.com\/YPeux2o.png\"><\/a><\/center><\/p>\n<p><center><img decoding=\"async\" src=\"http:\/\/www.simpleplan.cz\/cz\/wp-content\/themes\/2016\/images\/divider.png\"><\/center><\/p>\n<div class=\"girls\"><b><u><center>Still Not Getting Any<\/center><\/u><\/b><\/div>\n<div class=\"musichead\"><center><font color=\"#9999ff\">ofici\u00e1ln\u00ed singly<\/font><\/center><\/div>\n<p><center><a href=\"http:\/\/www.simpleplan.cz\/cz\/index.php\/kapela\/diskografie\/welcome-to-my-life\/\" alt=\"Welcome To My Life\" title=\"Welcome To My Life\"><img decoding=\"async\" src=\"https:\/\/i.imgur.com\/8rHmtm0.png\"><\/a> <a href=\"http:\/\/www.simpleplan.cz\/cz\/index.php\/kapela\/diskografie\/shut-up\/\" alt=\"Shut Up\" title=\"Shut Up\"><img decoding=\"async\" src=\"https:\/\/i.imgur.com\/86tNF0i.png\"><\/a> <a href=\"http:\/\/www.simpleplan.cz\/cz\/index.php\/kapela\/diskografie\/untitled-how-could-this-happen-to-me\/\" alt=\"Addicted\" title=\"Addicted\"><img decoding=\"async\" src=\"https:\/\/i.imgur.com\/uYeLUy7.png\"><\/a> <a href=\"http:\/\/www.simpleplan.cz\/cz\/index.php\/kapela\/diskografie\/crazy\/\" alt=\"Crazy\" title=\"Crazy\"><img decoding=\"async\" src=\"https:\/\/i.imgur.com\/8JPVEYC.png\"><\/a><\/center><\/p>\n<p><center><img decoding=\"async\" src=\"http:\/\/www.simpleplan.cz\/cz\/wp-content\/themes\/2016\/images\/divider.png\"><\/center><\/p>\n<div class=\"girls\"><b><u><center>Simple Plan<\/center><\/u><\/b><\/div>\n<div class=\"musichead\"><center><font color=\"#9999ff\">ofici\u00e1ln\u00ed singly<\/font><\/center><\/div>\n<p><center><a href=\"http:\/\/www.simpleplan.cz\/cz\/index.php\/kapela\/diskografie\/when-im-gone\/\" alt=\"When I'm Gone\" title=\"When I'm Gone\"><img decoding=\"async\" src=\"https:\/\/i.imgur.com\/Lg98eYt.png\"><\/a> <a href=\"http:\/\/www.simpleplan.cz\/cz\/index.php\/kapela\/diskografie\/your-love-is-a-lie\/\" alt=\"Your Love Is A Lie\" title=\"Your Love Is A Lie\"><img decoding=\"async\" src=\"https:\/\/i.imgur.com\/HoGYUEi.png\"><\/a> <a href=\"http:\/\/www.simpleplan.cz\/cz\/index.php\/kapela\/diskografie\/save-you\/\" alt=\"Save You\" title=\"Save You\"><img decoding=\"async\" src=\"https:\/\/i.imgur.com\/2NtmLFT.png\"><\/a><\/center><\/p>\n<p><center><img decoding=\"async\" src=\"http:\/\/www.simpleplan.cz\/cz\/wp-content\/themes\/2016\/images\/divider.png\"><\/center><\/p>\n<div class=\"girls\"><b><u><center>Get Your Heart On!<\/center><\/u><\/b><\/div>\n<div class=\"musichead\"><center><font color=\"#9999ff\">ofici\u00e1ln\u00ed singly<\/font><\/center><\/div>\n<p><center><a href=\"http:\/\/www.simpleplan.cz\/cz\/index.php\/kapela\/diskografie\/jet-lag\/\" alt=\"Jet Lag\" title=\"Jet Lag\"><img decoding=\"async\" src=\"https:\/\/i.imgur.com\/XNcBU6R.png\"><\/a> <a href=\"http:\/\/www.simpleplan.cz\/cz\/index.php\/kapela\/diskografie\/astronaut\/\" alt=\"Astronaut\" title=\"Astronaut\"><img decoding=\"async\" src=\"https:\/\/i.imgur.com\/4L54un7.png\"><\/a> <a href=\"http:\/\/www.simpleplan.cz\/cz\/index.php\/kapela\/diskografie\/summer-paradise\/\" alt=\"Summer Paradise\" title=\"Summer Paradise\"><img decoding=\"async\" src=\"https:\/\/i.imgur.com\/zgOMJTF.png\"><\/a><\/center><\/p>\n<div class=\"musichead\"><center><font color=\"#e75c6f\">buzz singly<\/font><\/center><\/div>\n<p><center><a href=\"http:\/\/www.simpleplan.cz\/cz\/index.php\/kapela\/diskografie\/cant-keep-my-hands-off-you\/\" alt=\"Can't Keep My Hands Off You\" title=\"Can't Keep My Hands Off You\"><img decoding=\"async\" src=\"https:\/\/i.imgur.com\/lciDq92.png\"><\/a> <a href=\"http:\/\/www.simpleplan.cz\/cz\/index.php\/kapela\/diskografie\/this-song-saved-my-life\/\" alt=\"This Song Saved My Life\" title=\"This Song Saved My Life\"><img decoding=\"async\" src=\"https:\/\/i.imgur.com\/Srnr35j.png\"><\/a><\/center><\/p>\n<p><center><img decoding=\"async\" src=\"http:\/\/www.simpleplan.cz\/cz\/wp-content\/themes\/2016\/images\/divider.png\"><\/center><\/p>\n<div class=\"girls\"><b><u><center>Taking One For The Team<\/center><\/u><\/b><\/div>\n<div class=\"musichead\"><center><font color=\"#9999ff\">ofici\u00e1ln\u00ed singly<\/font><\/center><\/div>\n<p><center><a href=\"http:\/\/www.simpleplan.cz\/cz\/index.php\/kapela\/diskografie\/i-dont-wanna-go-to-bed\/\" alt=\"I Don't Wanna Go To Bed\" title=\"I Don't Wanna Go To Bed\"><img decoding=\"async\" src=\"https:\/\/i.imgur.com\/gHN2eMa.png\"><\/a> <a href=\"http:\/\/www.simpleplan.cz\/cz\/index.php\/kapela\/diskografie\/singing-in-the-rain\/\" alt=\"Singing In The Rain\" title=\"Singing In The Rain\"><img decoding=\"async\" src=\"https:\/\/i.imgur.com\/fvULMSh.png\"><\/a> <a href=\"http:\/\/www.simpleplan.cz\/cz\/index.php\/kapela\/diskografie\/perfectly-perfect\/\" alt=\"Perfectly Perfect\" title=\"Perfectly Perfect\"><img decoding=\"async\" src=\"https:\/\/i.imgur.com\/Qnc6U0e.png\"><\/a><\/center><\/p>\n<div class=\"musichead\"><center><font color=\"#e75c6f\">buzz singly<\/font><\/center><\/div>\n<p><center><a href=\"http:\/\/www.simpleplan.cz\/cz\/index.php\/kapela\/diskografie\/saturday\" alt=\"Saturday\" title=\"Saturday\"><img decoding=\"async\" src=\"https:\/\/i.imgur.com\/47w6Vih.png\"><\/a> <a href=\"http:\/\/www.simpleplan.cz\/cz\/index.php\/kapela\/diskografie\/boom\/\" alt=\"Boom!\" title=\"Boom!\"><img decoding=\"async\" src=\"https:\/\/i.imgur.com\/yZJePKY.png\"><\/a> <a href=\"http:\/\/www.simpleplan.cz\/cz\/index.php\/kapela\/diskografie\/i-dont-wanna-be-sad\/\" alt=\"I Don't Wanna Be Sad\" title=\"I Don't Wanna Be Sad\"><img decoding=\"async\" src=\"https:\/\/i.imgur.com\/QIGXDch.png\"><\/a> <a href=\"http:\/\/www.simpleplan.cz\/cz\/index.php\/kapela\/diskografie\/opinion-overload\/\" alt=\"Opinion Overload\" title=\"Opinion Overload\"><img decoding=\"async\" src=\"https:\/\/i.imgur.com\/WlDmje6.png\"><\/a> <a href=\"http:\/\/www.simpleplan.cz\/cz\/index.php\/kapela\/diskografie\/christmas-every-day\/\" alt=\"Christmas Every Day\" title=\"Christmas Every Day\"><img decoding=\"async\" src=\"https:\/\/i.imgur.com\/g2ITaG5.png\"><\/a><\/center><\/p>\n<p><center><img decoding=\"async\" src=\"http:\/\/www.simpleplan.cz\/cz\/wp-content\/themes\/2016\/images\/divider.png\"><\/center><\/p>\n<div class=\"girls\"><b><u><center>Harder Than It Looks<\/center><\/u><\/b><\/div>\n<div class=\"musichead\"><center><font color=\"#9999ff\">ofici\u00e1ln\u00ed singly<\/font><\/center><\/div>\n<p><center><a href=\"http:\/\/www.simpleplan.cz\/cz\/index.php\/kapela\/diskografie\/the-antidote\/\" alt=\"The Antidote\" title=\"The Antidote\"><img decoding=\"async\" src=\"https:\/\/i.imgur.com\/Z9dp3Ar.png\"><\/a> <a href=\"http:\/\/www.simpleplan.cz\/cz\/index.php\/kapela\/diskografie\/ruin-my-life\/\" alt=\"Ruin My Life\" title=\"Ruin My Life\"><img decoding=\"async\" src=\"https:\/\/i.imgur.com\/cdt6aq9.png\"><\/a> <a href=\"http:\/\/www.simpleplan.cz\/cz\/index.php\/kapela\/diskografie\/wake-me-up-when-this-nightmares-over\/\" alt=\"Wake Me Up When This Nightmare's Over\" title=\"Wake Me Up When This Nightmare's Over\"><img decoding=\"async\" src=\"https:\/\/i.imgur.com\/n2c9hVn.png\"><\/a><\/center><\/p>\n<div class=\"musichead\"><center><font color=\"#e75c6f\">buzz singly<\/font><\/center><\/div>\n<p><center><a href=\"http:\/\/www.simpleplan.cz\/cz\/index.php\/kapela\/diskografie\/congratulations\" alt=\"Congratulations\" title=\"Congratulations\"><img decoding=\"async\" src=\"https:\/\/i.imgur.com\/peEOATR.png\"><\/a> <a href=\"http:\/\/www.simpleplan.cz\/cz\/index.php\/kapela\/diskografie\/iconic\/\" alt=\"Iconic\" title=\"Iconic\"><img decoding=\"async\" src=\"https:\/\/i.imgur.com\/1zGPOd8.png\"><\/a><\/center><\/div>\n<div class=\"fblikebutton_button\" style=\"float: left; padding-top: 20px; margin-right: 20px; padding-bottom: 20px; padding-left: 20px;\"><iframe src=\"http:\/\/www.facebook.com\/plugins\/like.php?href=https%3A%2F%2Fwww.simpleplan.cz%2Fcz%2Findex.php%2Fkapela%2Fsingly%2F&amp;layout=standard&amp;show-faces=false&amp;width=450&amp;action=like&amp;colorscheme=light\" scrolling=\"no\" frameborder=\"0\" allowTransparency=\"true\" style=\"border:none; overflow:hidden; width:450px; height:26px\"><\/iframe><\/div>\n","protected":false},"excerpt":{"rendered":"<p>Co je to single? Single je typem vyd\u00e1n\u00ed v hudebn\u00edm pr\u016fmyslu, kdy je dan\u00e1 p\u00edse\u0148<\/p>\n","protected":false},"author":5,"featured_media":0,"parent":5237,"menu_order":0,"comment_status":"closed","ping_status":"closed","template":"page-templates\/full-width.php","meta":{"footnotes":""},"yoast_head":"<!-- This site is optimized with the Yoast SEO plugin v20.9 - https:\/\/yoast.com\/wordpress\/plugins\/seo\/ -->\n<title>Singly | CZ: SimplePlan.cz<\/title>\n<meta name=\"robots\" content=\"index, follow, max-snippet:-1, max-image-preview:large, max-video-preview:-1\" \/>\n<link rel=\"canonical\" href=\"https:\/\/www.simpleplan.cz\/cz\/index.php\/kapela\/singly\/\" \/>\n<meta property=\"og:locale\" content=\"cs_CZ\" \/>\n<meta property=\"og:type\" content=\"article\" \/>\n<meta property=\"og:title\" content=\"Singly | CZ: SimplePlan.cz\" \/>\n<meta property=\"og:description\" content=\"Co je to single? Single je typem vyd\u00e1n\u00ed v hudebn\u00edm pr\u016fmyslu, kdy je dan\u00e1 p\u00edse\u0148\" \/>\n<meta property=\"og:url\" content=\"https:\/\/www.simpleplan.cz\/cz\/index.php\/kapela\/singly\/\" \/>\n<meta property=\"og:site_name\" content=\"CZ: SimplePlan.cz\" \/>\n<meta property=\"article:publisher\" content=\"http:\/\/www.facebook.com\/simpleplancz\" \/>\n<meta property=\"article:modified_time\" content=\"2023-06-26T07:30:17+00:00\" \/>\n<meta property=\"og:image\" content=\"https:\/\/i.imgur.com\/3jLEunr.png\" \/>\n<meta name=\"twitter:card\" content=\"summary_large_image\" \/>\n<meta name=\"twitter:site\" content=\"@simpleplancz\" \/>\n<meta name=\"twitter:label1\" content=\"Odhadovan\u00e1 doba \u010dten\u00ed\" \/>\n\t<meta name=\"twitter:data1\" content=\"9 minut\" \/>\n<script type=\"application\/ld+json\" class=\"yoast-schema-graph\">{\"@context\":\"https:\/\/schema.org\",\"@graph\":[{\"@type\":\"WebPage\",\"@id\":\"https:\/\/www.simpleplan.cz\/cz\/index.php\/kapela\/singly\/\",\"url\":\"https:\/\/www.simpleplan.cz\/cz\/index.php\/kapela\/singly\/\",\"name\":\"Singly | CZ: SimplePlan.cz\",\"isPartOf\":{\"@id\":\"https:\/\/www.simpleplan.cz\/cz\/#website\"},\"datePublished\":\"2010-07-17T14:57:37+00:00\",\"dateModified\":\"2023-06-26T07:30:17+00:00\",\"breadcrumb\":{\"@id\":\"https:\/\/www.simpleplan.cz\/cz\/index.php\/kapela\/singly\/#breadcrumb\"},\"inLanguage\":\"cs\",\"potentialAction\":[{\"@type\":\"ReadAction\",\"target\":[\"https:\/\/www.simpleplan.cz\/cz\/index.php\/kapela\/singly\/\"]}]},{\"@type\":\"BreadcrumbList\",\"@id\":\"https:\/\/www.simpleplan.cz\/cz\/index.php\/kapela\/singly\/#breadcrumb\",\"itemListElement\":[{\"@type\":\"ListItem\",\"position\":1,\"name\":\"Dom\u016f\",\"item\":\"https:\/\/www.simpleplan.cz\/cz\/\"},{\"@type\":\"ListItem\",\"position\":2,\"name\":\"Kapela\",\"item\":\"https:\/\/www.simpleplan.cz\/cz\/index.php\/kapela\/\"},{\"@type\":\"ListItem\",\"position\":3,\"name\":\"Singly\"}]},{\"@type\":\"WebSite\",\"@id\":\"https:\/\/www.simpleplan.cz\/cz\/#website\",\"url\":\"https:\/\/www.simpleplan.cz\/cz\/\",\"name\":\"CZ: SimplePlan.cz\",\"description\":\"Nejlep\u0161\u00ed zdroj informac\u00ed o kapele Simple Plan\",\"publisher\":{\"@id\":\"https:\/\/www.simpleplan.cz\/cz\/#organization\"},\"potentialAction\":[{\"@type\":\"SearchAction\",\"target\":{\"@type\":\"EntryPoint\",\"urlTemplate\":\"https:\/\/www.simpleplan.cz\/cz\/?s={search_term_string}\"},\"query-input\":\"required name=search_term_string\"}],\"inLanguage\":\"cs\"},{\"@type\":\"Organization\",\"@id\":\"https:\/\/www.simpleplan.cz\/cz\/#organization\",\"name\":\"CZ: SimplePlan.cz\",\"url\":\"https:\/\/www.simpleplan.cz\/cz\/\",\"logo\":{\"@type\":\"ImageObject\",\"inLanguage\":\"cs\",\"@id\":\"https:\/\/www.simpleplan.cz\/cz\/#\/schema\/logo\/image\/\",\"url\":\"https:\/\/www.simpleplan.cz\/cz\/wp-content\/uploads\/spczlogo.png\",\"contentUrl\":\"https:\/\/www.simpleplan.cz\/cz\/wp-content\/uploads\/spczlogo.png\",\"width\":250,\"height\":190,\"caption\":\"CZ: SimplePlan.cz\"},\"image\":{\"@id\":\"https:\/\/www.simpleplan.cz\/cz\/#\/schema\/logo\/image\/\"},\"sameAs\":[\"http:\/\/www.facebook.com\/simpleplancz\",\"https:\/\/twitter.com\/simpleplancz\",\"http:\/\/www.instagram.com\/simpleplancz\",\"http:\/\/www.youtube.com\/simpleplancz\"]}]}<\/script>\n<!-- \/ Yoast SEO plugin. -->","yoast_head_json":{"title":"Singly | CZ: SimplePlan.cz","robots":{"index":"index","follow":"follow","max-snippet":"max-snippet:-1","max-image-preview":"max-image-preview:large","max-video-preview":"max-video-preview:-1"},"canonical":"https:\/\/www.simpleplan.cz\/cz\/index.php\/kapela\/singly\/","og_locale":"cs_CZ","og_type":"article","og_title":"Singly | CZ: SimplePlan.cz","og_description":"Co je to single? Single je typem vyd\u00e1n\u00ed v hudebn\u00edm pr\u016fmyslu, kdy je dan\u00e1 p\u00edse\u0148","og_url":"https:\/\/www.simpleplan.cz\/cz\/index.php\/kapela\/singly\/","og_site_name":"CZ: SimplePlan.cz","article_publisher":"http:\/\/www.facebook.com\/simpleplancz","article_modified_time":"2023-06-26T07:30:17+00:00","og_image":[{"url":"https:\/\/i.imgur.com\/3jLEunr.png"}],"twitter_card":"summary_large_image","twitter_site":"@simpleplancz","twitter_misc":{"Odhadovan\u00e1 doba \u010dten\u00ed":"9 minut"},"schema":{"@context":"https:\/\/schema.org","@graph":[{"@type":"WebPage","@id":"https:\/\/www.simpleplan.cz\/cz\/index.php\/kapela\/singly\/","url":"https:\/\/www.simpleplan.cz\/cz\/index.php\/kapela\/singly\/","name":"Singly | CZ: SimplePlan.cz","isPartOf":{"@id":"https:\/\/www.simpleplan.cz\/cz\/#website"},"datePublished":"2010-07-17T14:57:37+00:00","dateModified":"2023-06-26T07:30:17+00:00","breadcrumb":{"@id":"https:\/\/www.simpleplan.cz\/cz\/index.php\/kapela\/singly\/#breadcrumb"},"inLanguage":"cs","potentialAction":[{"@type":"ReadAction","target":["https:\/\/www.simpleplan.cz\/cz\/index.php\/kapela\/singly\/"]}]},{"@type":"BreadcrumbList","@id":"https:\/\/www.simpleplan.cz\/cz\/index.php\/kapela\/singly\/#breadcrumb","itemListElement":[{"@type":"ListItem","position":1,"name":"Dom\u016f","item":"https:\/\/www.simpleplan.cz\/cz\/"},{"@type":"ListItem","position":2,"name":"Kapela","item":"https:\/\/www.simpleplan.cz\/cz\/index.php\/kapela\/"},{"@type":"ListItem","position":3,"name":"Singly"}]},{"@type":"WebSite","@id":"https:\/\/www.simpleplan.cz\/cz\/#website","url":"https:\/\/www.simpleplan.cz\/cz\/","name":"CZ: SimplePlan.cz","description":"Nejlep\u0161\u00ed zdroj informac\u00ed o kapele Simple Plan","publisher":{"@id":"https:\/\/www.simpleplan.cz\/cz\/#organization"},"potentialAction":[{"@type":"SearchAction","target":{"@type":"EntryPoint","urlTemplate":"https:\/\/www.simpleplan.cz\/cz\/?s={search_term_string}"},"query-input":"required name=search_term_string"}],"inLanguage":"cs"},{"@type":"Organization","@id":"https:\/\/www.simpleplan.cz\/cz\/#organization","name":"CZ: SimplePlan.cz","url":"https:\/\/www.simpleplan.cz\/cz\/","logo":{"@type":"ImageObject","inLanguage":"cs","@id":"https:\/\/www.simpleplan.cz\/cz\/#\/schema\/logo\/image\/","url":"https:\/\/www.simpleplan.cz\/cz\/wp-content\/uploads\/spczlogo.png","contentUrl":"https:\/\/www.simpleplan.cz\/cz\/wp-content\/uploads\/spczlogo.png","width":250,"height":190,"caption":"CZ: SimplePlan.cz"},"image":{"@id":"https:\/\/www.simpleplan.cz\/cz\/#\/schema\/logo\/image\/"},"sameAs":["http:\/\/www.facebook.com\/simpleplancz","https:\/\/twitter.com\/simpleplancz","http:\/\/www.instagram.com\/simpleplancz","http:\/\/www.youtube.com\/simpleplancz"]}]}},"_links":{"self":[{"href":"https:\/\/www.simpleplan.cz\/cz\/index.php\/wp-json\/wp\/v2\/pages\/5276"}],"collection":[{"href":"https:\/\/www.simpleplan.cz\/cz\/index.php\/wp-json\/wp\/v2\/pages"}],"about":[{"href":"https:\/\/www.simpleplan.cz\/cz\/index.php\/wp-json\/wp\/v2\/types\/page"}],"author":[{"embeddable":true,"href":"https:\/\/www.simpleplan.cz\/cz\/index.php\/wp-json\/wp\/v2\/users\/5"}],"replies":[{"embeddable":true,"href":"https:\/\/www.simpleplan.cz\/cz\/index.php\/wp-json\/wp\/v2\/comments?post=5276"}],"version-history":[{"count":30,"href":"https:\/\/www.simpleplan.cz\/cz\/index.php\/wp-json\/wp\/v2\/pages\/5276\/revisions"}],"predecessor-version":[{"id":29741,"href":"https:\/\/www.simpleplan.cz\/cz\/index.php\/wp-json\/wp\/v2\/pages\/5276\/revisions\/29741"}],"up":[{"embeddable":true,"href":"https:\/\/www.simpleplan.cz\/cz\/index.php\/wp-json\/wp\/v2\/pages\/5237"}],"wp:attachment":[{"href":"https:\/\/www.simpleplan.cz\/cz\/index.php\/wp-json\/wp\/v2\/media?parent=5276"}],"curies":[{"name":"wp","href":"https:\/\/api.w.org\/{rel}","templated":true}]}}