{"id":5294,"date":"2010-07-17T17:00:53","date_gmt":"2010-07-17T15:00:53","guid":{"rendered":"http:\/\/www.simpleplan.cz\/wordpress\/?page_id=5294"},"modified":"2023-06-26T09:29:56","modified_gmt":"2023-06-26T07:29:56","slug":"david-desrosiers","status":"publish","type":"page","link":"https:\/\/www.simpleplan.cz\/cz\/index.php\/kapela\/clenove\/david-desrosiers\/","title":{"rendered":"David Desrosiers"},"content":{"rendered":"<p><center><img decoding=\"async\" style=\"margin: 6px;\" src=\"http:\/\/i.imgur.com\/hLwNYd2.png\"><\/center><\/p>\n<div class=\"members\">DAVID PHILIPPE DESROSIERS, CSM<\/div>\n<p><center><\/p>\n<div class=\"membersinfo\"><i>baskytarista a zp\u011bv\u00e1k zadn\u00edch vok\u00e1l\u016f<\/i><br \/>\n<i>(narozen 29. srpna 1980)<\/i><\/div>\n<p><\/center><\/p>\n<p>Ji\u017e od sv\u00e9ho \u00fatl\u00e9ho ml\u00e1d\u00ed byl David velk\u00fdm hudebn\u00edm nad\u0161encem a hr\u00e1l pro velk\u00e9 mno\u017estv\u00ed kapel v oblasti Quebecu. K Simple Plan byl p\u0159izv\u00e1n jako posledn\u00ed \u010dl\u00e1nek pot\u00e9, co nahradil Pierra v jeho b\u00fdval\u00e9 kapele Reset &#8211; Simple Plan se v\u0161ak zamouval natolik, \u017ee se rozhodli Reset ochudit o dal\u0161\u00edho \u010dlena a p\u0159et\u00e1hnout jej k Simple Plan. Krom\u011b hran\u00ed na baskytaru a zp\u00edv\u00e1n\u00ed tak\u00e9 zbo\u017e\u0148uje hru na bic\u00ed &#8211; a kdy\u017e u\u017e mu to neumo\u017en\u00ed jeho vlastn\u00ed kapela, \u010dasto jej m\u016f\u017eeme za bic\u00edmi vid\u011bt b\u011bhem koncert\u016f jeho p\u0159\u00e1tel. V minulosti si proto zahr\u00e1l nap\u0159\u00edklad s The New Cities, Billy Talent \u010di Plain White T&#8217;s.    <\/p>\n<div style=\"margin:30px\"><\/div>\n<div class=\"members\" style=\"text-decoration:underline\">Z\u00e1kladn\u00ed informace:<\/div>\n<p><center><strong>Barva vlas\u016f<\/strong>: \u010dern\u00e1<br \/>\n<strong>Barva o\u010d\u00ed<\/strong>: hn\u011bd\u00e1<br \/>\n<strong>Velikost bot<\/strong>: 43<br \/>\n<strong>Velikost tri\u010dka<\/strong>: S (small)<\/center><\/p>\n<div style=\"margin:30px\"><\/div>\n<div class=\"members\" style=\"text-decoration:underline\">Obl\u00edben\u00e9:<\/div>\n<p><center><strong>Barva<\/strong>: b\u00edl\u00e1<br \/>\n<strong>Zem\u011b<\/strong>: \u0160v\u00e9dsko<br \/>\n<strong>P\u00edse\u0148<\/strong>: &#8222;Be Mine&#8220; od Robyn<br \/>\n<strong>J\u00eddlo<\/strong>: dobr\u00e9<br \/>\n<strong>Drink<\/strong>: voda<br \/>\n<strong>Film<\/strong>: \u00dat\u011bk do divo\u010diny<br \/>\n<strong>Knihy<\/strong>: Alchymista &#8211; Paolo Coelho<\/center><\/p>\n<div style=\"margin:30px\"><\/div>\n<div class=\"members\" style=\"text-decoration:underline\">Rodina:<\/div>\n<p><center><strong>Sestra<\/strong>: Julie Desrosiers<br \/>\n<strong>T\u00e1ta<\/strong>: Andr\u00e9 Desrosiers<br \/>\n<strong>M\u00e1ma<\/strong>: Charlotte Bernier<\/center><\/p>\n<div style=\"margin:30px\"><\/div>\n<div class=\"members\" style=\"text-decoration:underline\">Zaj\u00edmavosti:<\/div>\n<div style=\"padding-left:20px; padding-right: 20px\">\n<ul>\n<li>v kv\u011btnu roku 2017 bylo ozn\u00e1meno, \u017ee David ji\u017e l\u00e9ta bojuje s depresemi, kter\u00e9 jsou hlavn\u00edm d\u016fvodem pro\u010d n\u011bkdy David nem\u016f\u017ee s kapelou tourovat (pozn. David se na turn\u00e9 se Simple Plan neobjevil pr\u00e1v\u011b od kv\u011btna roku 2017 &#8211; b\u011bhem koncert\u016f proto kapela z \u010d\u00e1sti vyu\u017e\u00edv\u00e1 nahr\u00e1vek jeho hran\u00ed na baskytaru a z \u010d\u00e1sti jej na p\u00f3diu nahrazuje tak\u00e9 fotograf kapely Chady Awad<\/li>\n<li>David je velk\u00fdm milovn\u00edkem zv\u00ed\u0159at &#8211; shl\u00e9dnut\u00ed dokumentu Earthlings ho v roce 2015 p\u0159im\u011blo st\u00e1t se veganem<\/li>\n<li>p\u0159ed Simple Plan pracoval u McDonald&#8217;s<\/li>\n<li>je zn\u00e1m\u00fd t\u00edm, \u017ee z cel\u00e9 kapely nej\u010dast\u011bji m\u011bn\u00ed jak barv\u016f vlas\u016f, tak i jejich st\u0159ih<\/li>\n<li>je velk\u00fdm milovn\u00edkem motorek<\/li>\n<li>nejlep\u0161\u00ed vzpom\u00ednkou se Simple Plan je pro n\u011bj jejich pobyt v Ji\u017en\u00ed Africe<\/li>\n<\/ul>\n<\/div>\n<div class=\"fblikebutton_button\" style=\"float: left; padding-top: 20px; margin-right: 20px; padding-bottom: 20px; padding-left: 20px;\"><iframe src=\"http:\/\/www.facebook.com\/plugins\/like.php?href=https%3A%2F%2Fwww.simpleplan.cz%2Fcz%2Findex.php%2Fkapela%2Fclenove%2Fdavid-desrosiers%2F&amp;layout=standard&amp;show-faces=false&amp;width=450&amp;action=like&amp;colorscheme=light\" scrolling=\"no\" frameborder=\"0\" allowTransparency=\"true\" style=\"border:none; overflow:hidden; width:450px; height:26px\"><\/iframe><\/div>\n","protected":false},"excerpt":{"rendered":"<p>DAVID PHILIPPE DESROSIERS, CSM baskytarista a zp\u011bv\u00e1k zadn\u00edch vok\u00e1l\u016f (narozen 29. srpna 1980) Ji\u017e od<\/p>\n","protected":false},"author":5,"featured_media":0,"parent":5285,"menu_order":0,"comment_status":"closed","ping_status":"closed","template":"page-templates\/full-width.php","meta":{"footnotes":""},"yoast_head":"<!-- This site is optimized with the Yoast SEO plugin v20.9 - https:\/\/yoast.com\/wordpress\/plugins\/seo\/ -->\n<title>David Desrosiers | CZ: SimplePlan.cz<\/title>\n<meta name=\"robots\" content=\"index, follow, max-snippet:-1, max-image-preview:large, max-video-preview:-1\" \/>\n<link rel=\"canonical\" href=\"https:\/\/www.simpleplan.cz\/cz\/index.php\/kapela\/clenove\/david-desrosiers\/\" \/>\n<meta property=\"og:locale\" content=\"cs_CZ\" \/>\n<meta property=\"og:type\" content=\"article\" \/>\n<meta property=\"og:title\" content=\"David Desrosiers | CZ: SimplePlan.cz\" \/>\n<meta property=\"og:description\" content=\"DAVID PHILIPPE DESROSIERS, CSM baskytarista a zp\u011bv\u00e1k zadn\u00edch vok\u00e1l\u016f (narozen 29. srpna 1980) Ji\u017e od\" \/>\n<meta property=\"og:url\" content=\"https:\/\/www.simpleplan.cz\/cz\/index.php\/kapela\/clenove\/david-desrosiers\/\" \/>\n<meta property=\"og:site_name\" content=\"CZ: SimplePlan.cz\" \/>\n<meta property=\"article:publisher\" content=\"http:\/\/www.facebook.com\/simpleplancz\" \/>\n<meta property=\"article:modified_time\" content=\"2023-06-26T07:29:56+00:00\" \/>\n<meta property=\"og:image\" content=\"http:\/\/i.imgur.com\/hLwNYd2.png\" \/>\n<meta name=\"twitter:card\" content=\"summary_large_image\" \/>\n<meta name=\"twitter:site\" content=\"@simpleplancz\" \/>\n<meta name=\"twitter:label1\" content=\"Odhadovan\u00e1 doba \u010dten\u00ed\" \/>\n\t<meta name=\"twitter:data1\" content=\"2 minuty\" \/>\n<script type=\"application\/ld+json\" class=\"yoast-schema-graph\">{\"@context\":\"https:\/\/schema.org\",\"@graph\":[{\"@type\":\"WebPage\",\"@id\":\"https:\/\/www.simpleplan.cz\/cz\/index.php\/kapela\/clenove\/david-desrosiers\/\",\"url\":\"https:\/\/www.simpleplan.cz\/cz\/index.php\/kapela\/clenove\/david-desrosiers\/\",\"name\":\"David Desrosiers | CZ: SimplePlan.cz\",\"isPartOf\":{\"@id\":\"https:\/\/www.simpleplan.cz\/cz\/#website\"},\"datePublished\":\"2010-07-17T15:00:53+00:00\",\"dateModified\":\"2023-06-26T07:29:56+00:00\",\"breadcrumb\":{\"@id\":\"https:\/\/www.simpleplan.cz\/cz\/index.php\/kapela\/clenove\/david-desrosiers\/#breadcrumb\"},\"inLanguage\":\"cs\",\"potentialAction\":[{\"@type\":\"ReadAction\",\"target\":[\"https:\/\/www.simpleplan.cz\/cz\/index.php\/kapela\/clenove\/david-desrosiers\/\"]}]},{\"@type\":\"BreadcrumbList\",\"@id\":\"https:\/\/www.simpleplan.cz\/cz\/index.php\/kapela\/clenove\/david-desrosiers\/#breadcrumb\",\"itemListElement\":[{\"@type\":\"ListItem\",\"position\":1,\"name\":\"Dom\u016f\",\"item\":\"https:\/\/www.simpleplan.cz\/cz\/\"},{\"@type\":\"ListItem\",\"position\":2,\"name\":\"Kapela\",\"item\":\"https:\/\/www.simpleplan.cz\/cz\/index.php\/kapela\/\"},{\"@type\":\"ListItem\",\"position\":3,\"name\":\"\u010clenov\u00e9 kapely\",\"item\":\"https:\/\/www.simpleplan.cz\/cz\/index.php\/kapela\/clenove\/\"},{\"@type\":\"ListItem\",\"position\":4,\"name\":\"David Desrosiers\"}]},{\"@type\":\"WebSite\",\"@id\":\"https:\/\/www.simpleplan.cz\/cz\/#website\",\"url\":\"https:\/\/www.simpleplan.cz\/cz\/\",\"name\":\"CZ: SimplePlan.cz\",\"description\":\"Nejlep\u0161\u00ed zdroj informac\u00ed o kapele Simple Plan\",\"publisher\":{\"@id\":\"https:\/\/www.simpleplan.cz\/cz\/#organization\"},\"potentialAction\":[{\"@type\":\"SearchAction\",\"target\":{\"@type\":\"EntryPoint\",\"urlTemplate\":\"https:\/\/www.simpleplan.cz\/cz\/?s={search_term_string}\"},\"query-input\":\"required name=search_term_string\"}],\"inLanguage\":\"cs\"},{\"@type\":\"Organization\",\"@id\":\"https:\/\/www.simpleplan.cz\/cz\/#organization\",\"name\":\"CZ: SimplePlan.cz\",\"url\":\"https:\/\/www.simpleplan.cz\/cz\/\",\"logo\":{\"@type\":\"ImageObject\",\"inLanguage\":\"cs\",\"@id\":\"https:\/\/www.simpleplan.cz\/cz\/#\/schema\/logo\/image\/\",\"url\":\"https:\/\/www.simpleplan.cz\/cz\/wp-content\/uploads\/spczlogo.png\",\"contentUrl\":\"https:\/\/www.simpleplan.cz\/cz\/wp-content\/uploads\/spczlogo.png\",\"width\":250,\"height\":190,\"caption\":\"CZ: SimplePlan.cz\"},\"image\":{\"@id\":\"https:\/\/www.simpleplan.cz\/cz\/#\/schema\/logo\/image\/\"},\"sameAs\":[\"http:\/\/www.facebook.com\/simpleplancz\",\"https:\/\/twitter.com\/simpleplancz\",\"http:\/\/www.instagram.com\/simpleplancz\",\"http:\/\/www.youtube.com\/simpleplancz\"]}]}<\/script>\n<!-- \/ Yoast SEO plugin. -->","yoast_head_json":{"title":"David Desrosiers | CZ: SimplePlan.cz","robots":{"index":"index","follow":"follow","max-snippet":"max-snippet:-1","max-image-preview":"max-image-preview:large","max-video-preview":"max-video-preview:-1"},"canonical":"https:\/\/www.simpleplan.cz\/cz\/index.php\/kapela\/clenove\/david-desrosiers\/","og_locale":"cs_CZ","og_type":"article","og_title":"David Desrosiers | CZ: SimplePlan.cz","og_description":"DAVID PHILIPPE DESROSIERS, CSM baskytarista a zp\u011bv\u00e1k zadn\u00edch vok\u00e1l\u016f (narozen 29. srpna 1980) Ji\u017e od","og_url":"https:\/\/www.simpleplan.cz\/cz\/index.php\/kapela\/clenove\/david-desrosiers\/","og_site_name":"CZ: SimplePlan.cz","article_publisher":"http:\/\/www.facebook.com\/simpleplancz","article_modified_time":"2023-06-26T07:29:56+00:00","og_image":[{"url":"http:\/\/i.imgur.com\/hLwNYd2.png"}],"twitter_card":"summary_large_image","twitter_site":"@simpleplancz","twitter_misc":{"Odhadovan\u00e1 doba \u010dten\u00ed":"2 minuty"},"schema":{"@context":"https:\/\/schema.org","@graph":[{"@type":"WebPage","@id":"https:\/\/www.simpleplan.cz\/cz\/index.php\/kapela\/clenove\/david-desrosiers\/","url":"https:\/\/www.simpleplan.cz\/cz\/index.php\/kapela\/clenove\/david-desrosiers\/","name":"David Desrosiers | CZ: SimplePlan.cz","isPartOf":{"@id":"https:\/\/www.simpleplan.cz\/cz\/#website"},"datePublished":"2010-07-17T15:00:53+00:00","dateModified":"2023-06-26T07:29:56+00:00","breadcrumb":{"@id":"https:\/\/www.simpleplan.cz\/cz\/index.php\/kapela\/clenove\/david-desrosiers\/#breadcrumb"},"inLanguage":"cs","potentialAction":[{"@type":"ReadAction","target":["https:\/\/www.simpleplan.cz\/cz\/index.php\/kapela\/clenove\/david-desrosiers\/"]}]},{"@type":"BreadcrumbList","@id":"https:\/\/www.simpleplan.cz\/cz\/index.php\/kapela\/clenove\/david-desrosiers\/#breadcrumb","itemListElement":[{"@type":"ListItem","position":1,"name":"Dom\u016f","item":"https:\/\/www.simpleplan.cz\/cz\/"},{"@type":"ListItem","position":2,"name":"Kapela","item":"https:\/\/www.simpleplan.cz\/cz\/index.php\/kapela\/"},{"@type":"ListItem","position":3,"name":"\u010clenov\u00e9 kapely","item":"https:\/\/www.simpleplan.cz\/cz\/index.php\/kapela\/clenove\/"},{"@type":"ListItem","position":4,"name":"David Desrosiers"}]},{"@type":"WebSite","@id":"https:\/\/www.simpleplan.cz\/cz\/#website","url":"https:\/\/www.simpleplan.cz\/cz\/","name":"CZ: SimplePlan.cz","description":"Nejlep\u0161\u00ed zdroj informac\u00ed o kapele Simple Plan","publisher":{"@id":"https:\/\/www.simpleplan.cz\/cz\/#organization"},"potentialAction":[{"@type":"SearchAction","target":{"@type":"EntryPoint","urlTemplate":"https:\/\/www.simpleplan.cz\/cz\/?s={search_term_string}"},"query-input":"required name=search_term_string"}],"inLanguage":"cs"},{"@type":"Organization","@id":"https:\/\/www.simpleplan.cz\/cz\/#organization","name":"CZ: SimplePlan.cz","url":"https:\/\/www.simpleplan.cz\/cz\/","logo":{"@type":"ImageObject","inLanguage":"cs","@id":"https:\/\/www.simpleplan.cz\/cz\/#\/schema\/logo\/image\/","url":"https:\/\/www.simpleplan.cz\/cz\/wp-content\/uploads\/spczlogo.png","contentUrl":"https:\/\/www.simpleplan.cz\/cz\/wp-content\/uploads\/spczlogo.png","width":250,"height":190,"caption":"CZ: SimplePlan.cz"},"image":{"@id":"https:\/\/www.simpleplan.cz\/cz\/#\/schema\/logo\/image\/"},"sameAs":["http:\/\/www.facebook.com\/simpleplancz","https:\/\/twitter.com\/simpleplancz","http:\/\/www.instagram.com\/simpleplancz","http:\/\/www.youtube.com\/simpleplancz"]}]}},"_links":{"self":[{"href":"https:\/\/www.simpleplan.cz\/cz\/index.php\/wp-json\/wp\/v2\/pages\/5294"}],"collection":[{"href":"https:\/\/www.simpleplan.cz\/cz\/index.php\/wp-json\/wp\/v2\/pages"}],"about":[{"href":"https:\/\/www.simpleplan.cz\/cz\/index.php\/wp-json\/wp\/v2\/types\/page"}],"author":[{"embeddable":true,"href":"https:\/\/www.simpleplan.cz\/cz\/index.php\/wp-json\/wp\/v2\/users\/5"}],"replies":[{"embeddable":true,"href":"https:\/\/www.simpleplan.cz\/cz\/index.php\/wp-json\/wp\/v2\/comments?post=5294"}],"version-history":[{"count":18,"href":"https:\/\/www.simpleplan.cz\/cz\/index.php\/wp-json\/wp\/v2\/pages\/5294\/revisions"}],"predecessor-version":[{"id":27950,"href":"https:\/\/www.simpleplan.cz\/cz\/index.php\/wp-json\/wp\/v2\/pages\/5294\/revisions\/27950"}],"up":[{"embeddable":true,"href":"https:\/\/www.simpleplan.cz\/cz\/index.php\/wp-json\/wp\/v2\/pages\/5285"}],"wp:attachment":[{"href":"https:\/\/www.simpleplan.cz\/cz\/index.php\/wp-json\/wp\/v2\/media?parent=5294"}],"curies":[{"name":"wp","href":"https:\/\/api.w.org\/{rel}","templated":true}]}}