{"id":5300,"date":"2010-07-17T17:01:56","date_gmt":"2010-07-17T15:01:56","guid":{"rendered":"http:\/\/www.simpleplan.cz\/wordpress\/?page_id=5300"},"modified":"2023-06-26T09:30:17","modified_gmt":"2023-06-26T07:30:17","slug":"vedlejsi-projekty","status":"publish","type":"page","link":"https:\/\/www.simpleplan.cz\/cz\/index.php\/kapela\/vedlejsi-projekty\/","title":{"rendered":"Vedlej\u0161\u00ed projekty"},"content":{"rendered":"<div class=\"pagecontent\">\n<div class=\"section-list4\">\n<p><center><a href=\"http:\/\/www.simpleplan.cz\/cz\/index.php\/kapela\/vedlejsi-projekty\/role-model-clothing\"><img decoding=\"async\" src=\"https:\/\/i.imgur.com\/HSilmaA.png\"\/><\/a><\/center><\/p>\n<div class=\"musichead\" style=\"text-decoration:none;\"><center><a href=\"http:\/\/www.simpleplan.cz\/cz\/index.php\/kapela\/vedlejsi-projekty\/role-model-clothing\">Role Model Clothing<\/a><br \/>\nPierrova, Chuckova a Patrickova m\u00f3dn\u00ed zna\u010dka<\/center><\/div>\n<p><center><img decoding=\"async\" src=\"http:\/\/www.simpleplan.cz\/cz\/wp-content\/themes\/2016\/images\/divider.png\"\/><\/center><\/p>\n<p><center><a href=\"http:\/\/www.simpleplan.cz\/cz\/index.php\/kapela\/vedlejsi-projekty\/man-of-the-hour\"><img decoding=\"async\" src=\"https:\/\/i.imgur.com\/NLOZKiy.png\"\/><\/a><\/center><\/p>\n<div class=\"musichead\" style=\"text-decoration:none;\"><center><a href=\"http:\/\/www.simpleplan.cz\/cz\/index.php\/kapela\/vedlejsi-projekty\/man-of-the-hour\">Man Of The Hour<\/a><br \/>\nSebastien\u016fv a Patrick\u016fv r\u00e1diov\u00fd po\u0159ad<\/center><\/div>\n<p><center><img decoding=\"async\" src=\"http:\/\/www.simpleplan.cz\/cz\/wp-content\/themes\/2016\/images\/divider.png\"\/><\/center><\/p>\n<p><center><a href=\"http:\/\/www.simpleplan.cz\/cz\/index.php\/kapela\/vedlejsi-projekty\/sebastienova-hudba\"><img decoding=\"async\" src=\"https:\/\/i.imgur.com\/pcTMpr2.png\"\/><\/a><\/center><\/p>\n<div class=\"musichead\" style=\"text-decoration:none;\"><center><a href=\"http:\/\/www.simpleplan.cz\/cz\/index.php\/kapela\/vedlejsi-projekty\/sebastienova-hudba\">Sebastien Lefebvre<\/a><br \/>\nSebastienova hudba<\/center><\/div>\n<p><center><img decoding=\"async\" src=\"http:\/\/www.simpleplan.cz\/cz\/wp-content\/themes\/2016\/images\/divider.png\"\/><\/center><\/p>\n<p><center><a href=\"http:\/\/www.simpleplan.cz\/cz\/index.php\/kapela\/vedlejsi-projekty\/jeffovy-bary-a-restaurace\"><img decoding=\"async\" src=\"https:\/\/i.imgur.com\/DRfi5ha.png\"\/><\/a><\/center><\/p>\n<div class=\"musichead\" style=\"text-decoration:none;\"><center><a href=\"http:\/\/www.simpleplan.cz\/cz\/index.php\/kapela\/vedlejsi-projekty\/jeffovy-bary-a-restaurace\">Mangiafoco<\/a><br \/>\nJeffova restaurace<\/center><\/div>\n<\/div>\n<\/div>\n<div class=\"fblikebutton_button\" style=\"float: left; padding-top: 20px; margin-right: 20px; padding-bottom: 20px; padding-left: 20px;\"><iframe src=\"http:\/\/www.facebook.com\/plugins\/like.php?href=https%3A%2F%2Fwww.simpleplan.cz%2Fcz%2Findex.php%2Fkapela%2Fvedlejsi-projekty%2F&amp;layout=standard&amp;show-faces=false&amp;width=450&amp;action=like&amp;colorscheme=light\" scrolling=\"no\" frameborder=\"0\" allowTransparency=\"true\" style=\"border:none; overflow:hidden; width:450px; height:26px\"><\/iframe><\/div>\n","protected":false},"excerpt":{"rendered":"<p>Role Model Clothing Pierrova, Chuckova a Patrickova m\u00f3dn\u00ed zna\u010dka Man Of The Hour Sebastien\u016fv a<\/p>\n","protected":false},"author":5,"featured_media":0,"parent":5237,"menu_order":0,"comment_status":"closed","ping_status":"closed","template":"page-templates\/full-width.php","meta":{"footnotes":""},"yoast_head":"<!-- This site is optimized with the Yoast SEO plugin v20.9 - https:\/\/yoast.com\/wordpress\/plugins\/seo\/ -->\n<title>Vedlej\u0161\u00ed projekty | CZ: SimplePlan.cz<\/title>\n<meta name=\"robots\" content=\"index, follow, max-snippet:-1, max-image-preview:large, max-video-preview:-1\" \/>\n<link rel=\"canonical\" href=\"https:\/\/www.simpleplan.cz\/cz\/index.php\/kapela\/vedlejsi-projekty\/\" \/>\n<meta property=\"og:locale\" content=\"cs_CZ\" \/>\n<meta property=\"og:type\" content=\"article\" \/>\n<meta property=\"og:title\" content=\"Vedlej\u0161\u00ed projekty | CZ: SimplePlan.cz\" \/>\n<meta property=\"og:description\" content=\"Role Model Clothing Pierrova, Chuckova a Patrickova m\u00f3dn\u00ed zna\u010dka Man Of The Hour Sebastien\u016fv a\" \/>\n<meta property=\"og:url\" content=\"https:\/\/www.simpleplan.cz\/cz\/index.php\/kapela\/vedlejsi-projekty\/\" \/>\n<meta property=\"og:site_name\" content=\"CZ: SimplePlan.cz\" \/>\n<meta property=\"article:publisher\" content=\"http:\/\/www.facebook.com\/simpleplancz\" \/>\n<meta property=\"article:modified_time\" content=\"2023-06-26T07:30:17+00:00\" \/>\n<meta property=\"og:image\" content=\"https:\/\/i.imgur.com\/HSilmaA.png\" \/>\n<meta name=\"twitter:card\" content=\"summary_large_image\" \/>\n<meta name=\"twitter:site\" content=\"@simpleplancz\" \/>\n<script type=\"application\/ld+json\" class=\"yoast-schema-graph\">{\"@context\":\"https:\/\/schema.org\",\"@graph\":[{\"@type\":\"WebPage\",\"@id\":\"https:\/\/www.simpleplan.cz\/cz\/index.php\/kapela\/vedlejsi-projekty\/\",\"url\":\"https:\/\/www.simpleplan.cz\/cz\/index.php\/kapela\/vedlejsi-projekty\/\",\"name\":\"Vedlej\u0161\u00ed projekty | CZ: SimplePlan.cz\",\"isPartOf\":{\"@id\":\"https:\/\/www.simpleplan.cz\/cz\/#website\"},\"datePublished\":\"2010-07-17T15:01:56+00:00\",\"dateModified\":\"2023-06-26T07:30:17+00:00\",\"breadcrumb\":{\"@id\":\"https:\/\/www.simpleplan.cz\/cz\/index.php\/kapela\/vedlejsi-projekty\/#breadcrumb\"},\"inLanguage\":\"cs\",\"potentialAction\":[{\"@type\":\"ReadAction\",\"target\":[\"https:\/\/www.simpleplan.cz\/cz\/index.php\/kapela\/vedlejsi-projekty\/\"]}]},{\"@type\":\"BreadcrumbList\",\"@id\":\"https:\/\/www.simpleplan.cz\/cz\/index.php\/kapela\/vedlejsi-projekty\/#breadcrumb\",\"itemListElement\":[{\"@type\":\"ListItem\",\"position\":1,\"name\":\"Dom\u016f\",\"item\":\"https:\/\/www.simpleplan.cz\/cz\/\"},{\"@type\":\"ListItem\",\"position\":2,\"name\":\"Kapela\",\"item\":\"https:\/\/www.simpleplan.cz\/cz\/index.php\/kapela\/\"},{\"@type\":\"ListItem\",\"position\":3,\"name\":\"Vedlej\u0161\u00ed projekty\"}]},{\"@type\":\"WebSite\",\"@id\":\"https:\/\/www.simpleplan.cz\/cz\/#website\",\"url\":\"https:\/\/www.simpleplan.cz\/cz\/\",\"name\":\"CZ: SimplePlan.cz\",\"description\":\"Nejlep\u0161\u00ed zdroj informac\u00ed o kapele Simple Plan\",\"publisher\":{\"@id\":\"https:\/\/www.simpleplan.cz\/cz\/#organization\"},\"potentialAction\":[{\"@type\":\"SearchAction\",\"target\":{\"@type\":\"EntryPoint\",\"urlTemplate\":\"https:\/\/www.simpleplan.cz\/cz\/?s={search_term_string}\"},\"query-input\":\"required name=search_term_string\"}],\"inLanguage\":\"cs\"},{\"@type\":\"Organization\",\"@id\":\"https:\/\/www.simpleplan.cz\/cz\/#organization\",\"name\":\"CZ: SimplePlan.cz\",\"url\":\"https:\/\/www.simpleplan.cz\/cz\/\",\"logo\":{\"@type\":\"ImageObject\",\"inLanguage\":\"cs\",\"@id\":\"https:\/\/www.simpleplan.cz\/cz\/#\/schema\/logo\/image\/\",\"url\":\"https:\/\/www.simpleplan.cz\/cz\/wp-content\/uploads\/spczlogo.png\",\"contentUrl\":\"https:\/\/www.simpleplan.cz\/cz\/wp-content\/uploads\/spczlogo.png\",\"width\":250,\"height\":190,\"caption\":\"CZ: SimplePlan.cz\"},\"image\":{\"@id\":\"https:\/\/www.simpleplan.cz\/cz\/#\/schema\/logo\/image\/\"},\"sameAs\":[\"http:\/\/www.facebook.com\/simpleplancz\",\"https:\/\/twitter.com\/simpleplancz\",\"http:\/\/www.instagram.com\/simpleplancz\",\"http:\/\/www.youtube.com\/simpleplancz\"]}]}<\/script>\n<!-- \/ Yoast SEO plugin. -->","yoast_head_json":{"title":"Vedlej\u0161\u00ed projekty | CZ: SimplePlan.cz","robots":{"index":"index","follow":"follow","max-snippet":"max-snippet:-1","max-image-preview":"max-image-preview:large","max-video-preview":"max-video-preview:-1"},"canonical":"https:\/\/www.simpleplan.cz\/cz\/index.php\/kapela\/vedlejsi-projekty\/","og_locale":"cs_CZ","og_type":"article","og_title":"Vedlej\u0161\u00ed projekty | CZ: SimplePlan.cz","og_description":"Role Model Clothing Pierrova, Chuckova a Patrickova m\u00f3dn\u00ed zna\u010dka Man Of The Hour Sebastien\u016fv a","og_url":"https:\/\/www.simpleplan.cz\/cz\/index.php\/kapela\/vedlejsi-projekty\/","og_site_name":"CZ: SimplePlan.cz","article_publisher":"http:\/\/www.facebook.com\/simpleplancz","article_modified_time":"2023-06-26T07:30:17+00:00","og_image":[{"url":"https:\/\/i.imgur.com\/HSilmaA.png"}],"twitter_card":"summary_large_image","twitter_site":"@simpleplancz","schema":{"@context":"https:\/\/schema.org","@graph":[{"@type":"WebPage","@id":"https:\/\/www.simpleplan.cz\/cz\/index.php\/kapela\/vedlejsi-projekty\/","url":"https:\/\/www.simpleplan.cz\/cz\/index.php\/kapela\/vedlejsi-projekty\/","name":"Vedlej\u0161\u00ed projekty | CZ: SimplePlan.cz","isPartOf":{"@id":"https:\/\/www.simpleplan.cz\/cz\/#website"},"datePublished":"2010-07-17T15:01:56+00:00","dateModified":"2023-06-26T07:30:17+00:00","breadcrumb":{"@id":"https:\/\/www.simpleplan.cz\/cz\/index.php\/kapela\/vedlejsi-projekty\/#breadcrumb"},"inLanguage":"cs","potentialAction":[{"@type":"ReadAction","target":["https:\/\/www.simpleplan.cz\/cz\/index.php\/kapela\/vedlejsi-projekty\/"]}]},{"@type":"BreadcrumbList","@id":"https:\/\/www.simpleplan.cz\/cz\/index.php\/kapela\/vedlejsi-projekty\/#breadcrumb","itemListElement":[{"@type":"ListItem","position":1,"name":"Dom\u016f","item":"https:\/\/www.simpleplan.cz\/cz\/"},{"@type":"ListItem","position":2,"name":"Kapela","item":"https:\/\/www.simpleplan.cz\/cz\/index.php\/kapela\/"},{"@type":"ListItem","position":3,"name":"Vedlej\u0161\u00ed projekty"}]},{"@type":"WebSite","@id":"https:\/\/www.simpleplan.cz\/cz\/#website","url":"https:\/\/www.simpleplan.cz\/cz\/","name":"CZ: SimplePlan.cz","description":"Nejlep\u0161\u00ed zdroj informac\u00ed o kapele Simple Plan","publisher":{"@id":"https:\/\/www.simpleplan.cz\/cz\/#organization"},"potentialAction":[{"@type":"SearchAction","target":{"@type":"EntryPoint","urlTemplate":"https:\/\/www.simpleplan.cz\/cz\/?s={search_term_string}"},"query-input":"required name=search_term_string"}],"inLanguage":"cs"},{"@type":"Organization","@id":"https:\/\/www.simpleplan.cz\/cz\/#organization","name":"CZ: SimplePlan.cz","url":"https:\/\/www.simpleplan.cz\/cz\/","logo":{"@type":"ImageObject","inLanguage":"cs","@id":"https:\/\/www.simpleplan.cz\/cz\/#\/schema\/logo\/image\/","url":"https:\/\/www.simpleplan.cz\/cz\/wp-content\/uploads\/spczlogo.png","contentUrl":"https:\/\/www.simpleplan.cz\/cz\/wp-content\/uploads\/spczlogo.png","width":250,"height":190,"caption":"CZ: SimplePlan.cz"},"image":{"@id":"https:\/\/www.simpleplan.cz\/cz\/#\/schema\/logo\/image\/"},"sameAs":["http:\/\/www.facebook.com\/simpleplancz","https:\/\/twitter.com\/simpleplancz","http:\/\/www.instagram.com\/simpleplancz","http:\/\/www.youtube.com\/simpleplancz"]}]}},"_links":{"self":[{"href":"https:\/\/www.simpleplan.cz\/cz\/index.php\/wp-json\/wp\/v2\/pages\/5300"}],"collection":[{"href":"https:\/\/www.simpleplan.cz\/cz\/index.php\/wp-json\/wp\/v2\/pages"}],"about":[{"href":"https:\/\/www.simpleplan.cz\/cz\/index.php\/wp-json\/wp\/v2\/types\/page"}],"author":[{"embeddable":true,"href":"https:\/\/www.simpleplan.cz\/cz\/index.php\/wp-json\/wp\/v2\/users\/5"}],"replies":[{"embeddable":true,"href":"https:\/\/www.simpleplan.cz\/cz\/index.php\/wp-json\/wp\/v2\/comments?post=5300"}],"version-history":[{"count":11,"href":"https:\/\/www.simpleplan.cz\/cz\/index.php\/wp-json\/wp\/v2\/pages\/5300\/revisions"}],"predecessor-version":[{"id":24560,"href":"https:\/\/www.simpleplan.cz\/cz\/index.php\/wp-json\/wp\/v2\/pages\/5300\/revisions\/24560"}],"up":[{"embeddable":true,"href":"https:\/\/www.simpleplan.cz\/cz\/index.php\/wp-json\/wp\/v2\/pages\/5237"}],"wp:attachment":[{"href":"https:\/\/www.simpleplan.cz\/cz\/index.php\/wp-json\/wp\/v2\/media?parent=5300"}],"curies":[{"name":"wp","href":"https:\/\/api.w.org\/{rel}","templated":true}]}}