{"id":5304,"date":"2010-07-17T17:02:28","date_gmt":"2010-07-17T15:02:28","guid":{"rendered":"http:\/\/www.simpleplan.cz\/wordpress\/?page_id=5304"},"modified":"2023-06-26T09:29:58","modified_gmt":"2023-06-26T07:29:58","slug":"filmy-tv","status":"publish","type":"page","link":"https:\/\/www.simpleplan.cz\/cz\/index.php\/kapela\/filmy-tv\/","title":{"rendered":"Filmy &#038; TV"},"content":{"rendered":"<div class=\"pagecontent\">\n<div class=\"section-list\">\n    <img decoding=\"async\" src=\"http:\/\/www.simpleplan.cz\/images\/film_cs.gif\" alt=\"\" \/ \/><\/p>\n<div class=\"musichead\">CANADA SINGS<\/div>\n<p><b>\u017d\u00e1nr:<\/b> p\u011bveck\u00e1 sout\u011b\u017e<br \/>\n<b>Stanice:<\/b> Global TV<br \/>\n<b>Rok v\u00fdroby:<\/b> 2011<br \/>\n<b>Porotce:<\/b> Pierre Bouvier (spole\u010dn\u011b s Jann Arden a Vanilla Ice)<br \/>\n<b>Uk\u00e1zka:<\/b> <a href=\"http:\/\/www.youtube.com\/watch?v=pMGO6goFqF4\" target=\"_blank\" rel=\"noopener\">video 1<\/a><\/p>\n<\/div>\n<p>\u200b<\/p>\n<div class=\"section-list\">\n    <img decoding=\"async\" src=\"http:\/\/www.simpleplan.cz\/images\/film_naked.gif\" alt=\"\" \/ \/><\/p>\n<div class=\"musichead\">THE NAKED BROTHERS BAND<\/div>\n<p><b>\u017d\u00e1nr:<\/b> d\u011btsk\u00fd hudebn\u00ed sitkom<br \/>\n<b>Stanice:<\/b> Nickelodeon<br \/>\n<b>Epizoda:<\/b> 3&#215;07 &#8211; &#8222;Naked Idol&#8220;<br \/>\n<b>Rok v\u00fdroby:<\/b> 2008<br \/>\n<b>Hraje zde:<\/b> David Desrosiers<br \/>\n<b>Uk\u00e1zky:<\/b> <a href=\"http:\/\/www.youtube.com\/watch?v=C-hT1flu0C4\" target=\"_blank\" rel=\"noopener\">video 1<\/a>, <a href=\"http:\/\/www.youtube.com\/watch?v=X34HZvf7ugI\" target=\"_blank\" rel=\"noopener\">video 2<\/a><\/p>\n<\/div>\n<p>\u200b<\/p>\n<div class=\"section-list\">\n    <img decoding=\"async\" src=\"http:\/\/www.simpleplan.cz\/images\/film_lamb.gif\" alt=\"\" \/ \/><\/p>\n<div class=\"musichead\">LaMB<\/div>\n<p><b>\u017d\u00e1nr:<\/b> anime film<br \/>\n<b>Stanice:<\/b> Animax<br \/>\n<b>Rok v\u00fdroby:<\/b> 2008<br \/>\n<b>Hraje zde:<\/b> v\u0161ichni \u010dlenov\u00e9 Simple Plan (animovan\u00ed)<br \/>\n<b>Dal\u0161\u00ed info:<\/b> od anim\u00e1tor\u016f filmu byl tak\u00e9 vytvo\u0159en speci\u00e1ln\u00ed anime videoklip k p\u00edsni &#8222;I Can Wait Forever&#8220; od Simple Plan<br \/>\n<b>Uk\u00e1zky:<\/b> <a href=\"http:\/\/www.youtube.com\/watch?v=M0nlpHnwUsc\" target=\"_blank\" rel=\"noopener\">TV spot<\/a>, <a href=\"http:\/\/www.youtube.com\/watch?v=55eKXHsVSuQ\" target=\"_blank\" rel=\"noopener\">videoklip k ICWF<\/a><\/p>\n<\/div>\n<p>\u200b<\/p>\n<div class=\"section-list\">\n    <img decoding=\"async\" src=\"http:\/\/www.simpleplan.cz\/images\/film_nitro.gif\" alt=\"\" \/ \/><\/p>\n<div class=\"musichead\">NITRO<\/div>\n<p><b>\u017d\u00e1nr:<\/b> ak\u010dn\u00ed film<br \/>\n<b>Rok v\u00fdroby:<\/b> 2007<br \/>\n<b>Hraje zde:<\/b> Jeff Stinco<br \/>\n<b>Dal\u0161\u00ed info:<\/b> Jeff Stinco hraje &#8222;Vinyho&#8220;, kter\u00fd s hlavn\u00ed postavou Maxem z\u00e1vod\u00ed s autem<br \/>\n<b>Uk\u00e1zka:<\/b> <a href=\"http:\/\/www.youtube.com\/watch?v=0-4CwBoPAP4&#038;feature=relmfu\" target=\"_blank\" rel=\"noopener\">trailer<\/a><\/p>\n<\/div>\n<p>\u200b<\/p>\n<div class=\"section-list\">\n    <img decoding=\"async\" src=\"http:\/\/www.simpleplan.cz\/images\/film_dc.gif\" alt=\"\" \/ \/><\/p>\n<div class=\"musichead\">DAMAGE CONTROL<\/div>\n<p><b>\u017d\u00e1nr:<\/b> reality show<br \/>\n<b>Rok v\u00fdroby:<\/b> 2005<br \/>\n<b>Moderuje:<\/b> Pierre Bouvier<br \/>\n<b>Dal\u0161\u00ed info:<\/b> Damage Control byla reality show, kterou v roce 2005 produkovala MTV, v r\u00e1mci n\u00ed\u017e rodi\u010de nechali sv\u00e9 dosp\u00edvaj\u00edc\u00ed d\u011bti doma samotn\u00e9 a pot\u00e9 p\u0159es skryt\u00e9 kamery sledovali, jak si porad\u00ed s extr\u00e9mn\u00edmi situacemi, do kter\u00fdch se dostanou. Moder\u00e1torem po\u0159adu byl Pierre Bouvier a \u00favodn\u00ed zn\u011blkou po\u0159adu bylo &#8222;Me Against The World&#8220; od Simple Plan.<br \/>\n<b>Uk\u00e1zka:<\/b> <a href=\"http:\/\/www.youtube.com\/watch?v=MCgK4Ec0w44\" target=\"_blank\" rel=\"noopener\">s02e02<\/a><\/p>\n<\/div>\n<p>\u200b<\/p>\n<div class=\"section-list\">\n    <img decoding=\"async\" src=\"http:\/\/www.simpleplan.cz\/images\/film_nym.gif\" alt=\"\" \/ \/><\/p>\n<div class=\"musichead\">JEDEN DEN V NEW YORKU<\/div>\n<p><b>\u017d\u00e1nr:<\/b> komedie<br \/>\n<b>Rok v\u00fdroby:<\/b> 2004<br \/>\n<b>Hraj\u00ed zde:<\/b> v\u0161ichni \u010dlenov\u00e9 Simple Plan<br \/>\n<b>Dal\u0161\u00ed info:<\/b> Simple Plan hraj\u00ed sami sebe, jak vystupuj\u00ed uprost\u0159ed New Yorku se svou p\u00edsn\u00ed &#8222;Vacation&#8220; a nat\u00e1\u010dej\u00ed videoklip<br \/>\n<b>Uk\u00e1zky:<\/b> <a href=\"http:\/\/www.youtube.com\/watch?v=0Gq5U8rphqw\" target=\"_blank\" rel=\"noopener\">trailer<\/a>, <a href=\"http:\/\/www.youtube.com\/watch?v=v3jpPzhSk4c\" target=\"_blank\" rel=\"noopener\">vystoupen\u00ed Simple Plan<\/a><\/p>\n<\/div>\n<p>\u200b<\/p>\n<div class=\"section-list\">\n    <img decoding=\"async\" src=\"http:\/\/www.simpleplan.cz\/images\/film_scooby.gif\" alt=\"\" \/ \/><\/p>\n<div class=\"musichead\">CO JE NOV\u00c9HO, SCOOBY-DOO?<\/div>\n<p><b>\u017d\u00e1nr:<\/b> animovan\u00fd seri\u00e1l<br \/>\n<b>Stanice:<\/b> The WB, Cartoon Network<br \/>\n<b>Epizoda:<\/b> 2&#215;11 &#8211; &#8222;Simple Plan and the Invisible Madmen&#8220;<br \/>\n<b>Rok v\u00fdroby:<\/b> 2004<br \/>\n<b>Hraje zde:<\/b> v\u0161ichni \u010dlenov\u00e9 Simple Plan (animovan\u00ed)<br \/>\n<b>Dal\u0161\u00ed info:<\/b> Simple Plan zde namluvili sami sebe<br \/>\n<b>Cel\u00e1 epizoda:<\/b> <a href=\"http:\/\/www.youtube.com\/watch?v=Zp2pCZGHafo\" target=\"_blank\" rel=\"noopener\">\u010d\u00e1st 1<\/a>, <a href=\"http:\/\/www.youtube.com\/watch?v=MipeKaKfwvM\" target=\"_blank\" rel=\"noopener\">\u010d\u00e1st 2<\/a>, <a href=\"http:\/\/www.youtube.com\/watch?v=-y3qU7_I5Is\" target=\"_blank\" rel=\"noopener\">\u010d\u00e1st 3<\/a><\/p>\n<\/div>\n<p>\u200b<\/p>\n<\/div>\n<div class=\"fblikebutton_button\" style=\"float: left; padding-top: 20px; margin-right: 20px; padding-bottom: 20px; padding-left: 20px;\"><iframe src=\"http:\/\/www.facebook.com\/plugins\/like.php?href=https%3A%2F%2Fwww.simpleplan.cz%2Fcz%2Findex.php%2Fkapela%2Ffilmy-tv%2F&amp;layout=standard&amp;show-faces=false&amp;width=450&amp;action=like&amp;colorscheme=light\" scrolling=\"no\" frameborder=\"0\" allowTransparency=\"true\" style=\"border:none; overflow:hidden; width:450px; height:26px\"><\/iframe><\/div>\n","protected":false},"excerpt":{"rendered":"<p>CANADA SINGS \u017d\u00e1nr: p\u011bveck\u00e1 sout\u011b\u017e Stanice: Global TV Rok v\u00fdroby: 2011 Porotce: Pierre Bouvier (spole\u010dn\u011b<\/p>\n","protected":false},"author":5,"featured_media":0,"parent":5237,"menu_order":0,"comment_status":"closed","ping_status":"closed","template":"page-templates\/full-width.php","meta":{"footnotes":""},"yoast_head":"<!-- This site is optimized with the Yoast SEO plugin v20.9 - https:\/\/yoast.com\/wordpress\/plugins\/seo\/ -->\n<title>Filmy &amp; TV | CZ: SimplePlan.cz<\/title>\n<meta name=\"robots\" content=\"index, follow, max-snippet:-1, max-image-preview:large, max-video-preview:-1\" \/>\n<link rel=\"canonical\" href=\"https:\/\/www.simpleplan.cz\/cz\/index.php\/kapela\/filmy-tv\/\" \/>\n<meta property=\"og:locale\" content=\"cs_CZ\" \/>\n<meta property=\"og:type\" content=\"article\" \/>\n<meta property=\"og:title\" content=\"Filmy &amp; TV | CZ: SimplePlan.cz\" \/>\n<meta property=\"og:description\" content=\"CANADA SINGS \u017d\u00e1nr: p\u011bveck\u00e1 sout\u011b\u017e Stanice: Global TV Rok v\u00fdroby: 2011 Porotce: Pierre Bouvier (spole\u010dn\u011b\" \/>\n<meta property=\"og:url\" content=\"https:\/\/www.simpleplan.cz\/cz\/index.php\/kapela\/filmy-tv\/\" \/>\n<meta property=\"og:site_name\" content=\"CZ: SimplePlan.cz\" \/>\n<meta property=\"article:publisher\" content=\"http:\/\/www.facebook.com\/simpleplancz\" \/>\n<meta property=\"article:modified_time\" content=\"2023-06-26T07:29:58+00:00\" \/>\n<meta property=\"og:image\" content=\"http:\/\/www.simpleplan.cz\/images\/film_cs.gif\" \/>\n<meta name=\"twitter:card\" content=\"summary_large_image\" \/>\n<meta name=\"twitter:site\" content=\"@simpleplancz\" \/>\n<meta name=\"twitter:label1\" content=\"Odhadovan\u00e1 doba \u010dten\u00ed\" \/>\n\t<meta name=\"twitter:data1\" content=\"2 minuty\" \/>\n<script type=\"application\/ld+json\" class=\"yoast-schema-graph\">{\"@context\":\"https:\/\/schema.org\",\"@graph\":[{\"@type\":\"WebPage\",\"@id\":\"https:\/\/www.simpleplan.cz\/cz\/index.php\/kapela\/filmy-tv\/\",\"url\":\"https:\/\/www.simpleplan.cz\/cz\/index.php\/kapela\/filmy-tv\/\",\"name\":\"Filmy & TV | CZ: SimplePlan.cz\",\"isPartOf\":{\"@id\":\"https:\/\/www.simpleplan.cz\/cz\/#website\"},\"datePublished\":\"2010-07-17T15:02:28+00:00\",\"dateModified\":\"2023-06-26T07:29:58+00:00\",\"breadcrumb\":{\"@id\":\"https:\/\/www.simpleplan.cz\/cz\/index.php\/kapela\/filmy-tv\/#breadcrumb\"},\"inLanguage\":\"cs\",\"potentialAction\":[{\"@type\":\"ReadAction\",\"target\":[\"https:\/\/www.simpleplan.cz\/cz\/index.php\/kapela\/filmy-tv\/\"]}]},{\"@type\":\"BreadcrumbList\",\"@id\":\"https:\/\/www.simpleplan.cz\/cz\/index.php\/kapela\/filmy-tv\/#breadcrumb\",\"itemListElement\":[{\"@type\":\"ListItem\",\"position\":1,\"name\":\"Dom\u016f\",\"item\":\"https:\/\/www.simpleplan.cz\/cz\/\"},{\"@type\":\"ListItem\",\"position\":2,\"name\":\"Kapela\",\"item\":\"https:\/\/www.simpleplan.cz\/cz\/index.php\/kapela\/\"},{\"@type\":\"ListItem\",\"position\":3,\"name\":\"Filmy &#038; TV\"}]},{\"@type\":\"WebSite\",\"@id\":\"https:\/\/www.simpleplan.cz\/cz\/#website\",\"url\":\"https:\/\/www.simpleplan.cz\/cz\/\",\"name\":\"CZ: SimplePlan.cz\",\"description\":\"Nejlep\u0161\u00ed zdroj informac\u00ed o kapele Simple Plan\",\"publisher\":{\"@id\":\"https:\/\/www.simpleplan.cz\/cz\/#organization\"},\"potentialAction\":[{\"@type\":\"SearchAction\",\"target\":{\"@type\":\"EntryPoint\",\"urlTemplate\":\"https:\/\/www.simpleplan.cz\/cz\/?s={search_term_string}\"},\"query-input\":\"required name=search_term_string\"}],\"inLanguage\":\"cs\"},{\"@type\":\"Organization\",\"@id\":\"https:\/\/www.simpleplan.cz\/cz\/#organization\",\"name\":\"CZ: SimplePlan.cz\",\"url\":\"https:\/\/www.simpleplan.cz\/cz\/\",\"logo\":{\"@type\":\"ImageObject\",\"inLanguage\":\"cs\",\"@id\":\"https:\/\/www.simpleplan.cz\/cz\/#\/schema\/logo\/image\/\",\"url\":\"https:\/\/www.simpleplan.cz\/cz\/wp-content\/uploads\/spczlogo.png\",\"contentUrl\":\"https:\/\/www.simpleplan.cz\/cz\/wp-content\/uploads\/spczlogo.png\",\"width\":250,\"height\":190,\"caption\":\"CZ: SimplePlan.cz\"},\"image\":{\"@id\":\"https:\/\/www.simpleplan.cz\/cz\/#\/schema\/logo\/image\/\"},\"sameAs\":[\"http:\/\/www.facebook.com\/simpleplancz\",\"https:\/\/twitter.com\/simpleplancz\",\"http:\/\/www.instagram.com\/simpleplancz\",\"http:\/\/www.youtube.com\/simpleplancz\"]}]}<\/script>\n<!-- \/ Yoast SEO plugin. -->","yoast_head_json":{"title":"Filmy & TV | CZ: SimplePlan.cz","robots":{"index":"index","follow":"follow","max-snippet":"max-snippet:-1","max-image-preview":"max-image-preview:large","max-video-preview":"max-video-preview:-1"},"canonical":"https:\/\/www.simpleplan.cz\/cz\/index.php\/kapela\/filmy-tv\/","og_locale":"cs_CZ","og_type":"article","og_title":"Filmy & TV | CZ: SimplePlan.cz","og_description":"CANADA SINGS \u017d\u00e1nr: p\u011bveck\u00e1 sout\u011b\u017e Stanice: Global TV Rok v\u00fdroby: 2011 Porotce: Pierre Bouvier (spole\u010dn\u011b","og_url":"https:\/\/www.simpleplan.cz\/cz\/index.php\/kapela\/filmy-tv\/","og_site_name":"CZ: SimplePlan.cz","article_publisher":"http:\/\/www.facebook.com\/simpleplancz","article_modified_time":"2023-06-26T07:29:58+00:00","og_image":[{"url":"http:\/\/www.simpleplan.cz\/images\/film_cs.gif"}],"twitter_card":"summary_large_image","twitter_site":"@simpleplancz","twitter_misc":{"Odhadovan\u00e1 doba \u010dten\u00ed":"2 minuty"},"schema":{"@context":"https:\/\/schema.org","@graph":[{"@type":"WebPage","@id":"https:\/\/www.simpleplan.cz\/cz\/index.php\/kapela\/filmy-tv\/","url":"https:\/\/www.simpleplan.cz\/cz\/index.php\/kapela\/filmy-tv\/","name":"Filmy & TV | CZ: SimplePlan.cz","isPartOf":{"@id":"https:\/\/www.simpleplan.cz\/cz\/#website"},"datePublished":"2010-07-17T15:02:28+00:00","dateModified":"2023-06-26T07:29:58+00:00","breadcrumb":{"@id":"https:\/\/www.simpleplan.cz\/cz\/index.php\/kapela\/filmy-tv\/#breadcrumb"},"inLanguage":"cs","potentialAction":[{"@type":"ReadAction","target":["https:\/\/www.simpleplan.cz\/cz\/index.php\/kapela\/filmy-tv\/"]}]},{"@type":"BreadcrumbList","@id":"https:\/\/www.simpleplan.cz\/cz\/index.php\/kapela\/filmy-tv\/#breadcrumb","itemListElement":[{"@type":"ListItem","position":1,"name":"Dom\u016f","item":"https:\/\/www.simpleplan.cz\/cz\/"},{"@type":"ListItem","position":2,"name":"Kapela","item":"https:\/\/www.simpleplan.cz\/cz\/index.php\/kapela\/"},{"@type":"ListItem","position":3,"name":"Filmy &#038; TV"}]},{"@type":"WebSite","@id":"https:\/\/www.simpleplan.cz\/cz\/#website","url":"https:\/\/www.simpleplan.cz\/cz\/","name":"CZ: SimplePlan.cz","description":"Nejlep\u0161\u00ed zdroj informac\u00ed o kapele Simple Plan","publisher":{"@id":"https:\/\/www.simpleplan.cz\/cz\/#organization"},"potentialAction":[{"@type":"SearchAction","target":{"@type":"EntryPoint","urlTemplate":"https:\/\/www.simpleplan.cz\/cz\/?s={search_term_string}"},"query-input":"required name=search_term_string"}],"inLanguage":"cs"},{"@type":"Organization","@id":"https:\/\/www.simpleplan.cz\/cz\/#organization","name":"CZ: SimplePlan.cz","url":"https:\/\/www.simpleplan.cz\/cz\/","logo":{"@type":"ImageObject","inLanguage":"cs","@id":"https:\/\/www.simpleplan.cz\/cz\/#\/schema\/logo\/image\/","url":"https:\/\/www.simpleplan.cz\/cz\/wp-content\/uploads\/spczlogo.png","contentUrl":"https:\/\/www.simpleplan.cz\/cz\/wp-content\/uploads\/spczlogo.png","width":250,"height":190,"caption":"CZ: SimplePlan.cz"},"image":{"@id":"https:\/\/www.simpleplan.cz\/cz\/#\/schema\/logo\/image\/"},"sameAs":["http:\/\/www.facebook.com\/simpleplancz","https:\/\/twitter.com\/simpleplancz","http:\/\/www.instagram.com\/simpleplancz","http:\/\/www.youtube.com\/simpleplancz"]}]}},"_links":{"self":[{"href":"https:\/\/www.simpleplan.cz\/cz\/index.php\/wp-json\/wp\/v2\/pages\/5304"}],"collection":[{"href":"https:\/\/www.simpleplan.cz\/cz\/index.php\/wp-json\/wp\/v2\/pages"}],"about":[{"href":"https:\/\/www.simpleplan.cz\/cz\/index.php\/wp-json\/wp\/v2\/types\/page"}],"author":[{"embeddable":true,"href":"https:\/\/www.simpleplan.cz\/cz\/index.php\/wp-json\/wp\/v2\/users\/5"}],"replies":[{"embeddable":true,"href":"https:\/\/www.simpleplan.cz\/cz\/index.php\/wp-json\/wp\/v2\/comments?post=5304"}],"version-history":[{"count":31,"href":"https:\/\/www.simpleplan.cz\/cz\/index.php\/wp-json\/wp\/v2\/pages\/5304\/revisions"}],"predecessor-version":[{"id":33080,"href":"https:\/\/www.simpleplan.cz\/cz\/index.php\/wp-json\/wp\/v2\/pages\/5304\/revisions\/33080"}],"up":[{"embeddable":true,"href":"https:\/\/www.simpleplan.cz\/cz\/index.php\/wp-json\/wp\/v2\/pages\/5237"}],"wp:attachment":[{"href":"https:\/\/www.simpleplan.cz\/cz\/index.php\/wp-json\/wp\/v2\/media?parent=5304"}],"curies":[{"name":"wp","href":"https:\/\/api.w.org\/{rel}","templated":true}]}}