{"id":5307,"date":"2010-07-17T17:04:07","date_gmt":"2010-07-17T15:04:07","guid":{"rendered":"http:\/\/www.simpleplan.cz\/wordpress\/?page_id=5307"},"modified":"2023-06-26T09:29:56","modified_gmt":"2023-06-26T07:29:56","slug":"lide-okolo-sp","status":"publish","type":"page","link":"https:\/\/www.simpleplan.cz\/cz\/index.php\/kapela\/lide-okolo-sp\/","title":{"rendered":"Crew &#038; ostatn\u00ed"},"content":{"rendered":"<div class=\"pagecontent\">\n<div class=\"girls\"><center>Crew kapely na turn\u00e9<\/center><\/div>\n<div class=\"section-list\"><b>[Pozn\u00e1mka: medailonky ozna\u010den\u00e9 hv\u011bzdi\u010dkou (<b>*<\/b>) byly seps\u00e1ny a zasl\u00e1ny SimplePlan.cz p\u0159\u00edmo samotn\u00fdmi \u010dleny crew. Z toho d\u016fvodu pros\u00edm udr\u017eujte na pam\u011bti, \u017ee 0-100% t\u011bchto informac\u00ed m\u016f\u017ee b\u00fdt nepravdiv\u00e1. Ale byla by \u0161koda se s v\u00e1mi o n\u011b nepod\u011blit. Tak\u017ee, d\u00edky kluci.]<\/b><\/div>\n<div class=\"section-list\">\n    <img decoding=\"async\" src=\"http:\/\/i.imgur.com\/nmJXOeP.png\" alt=\"\" \/ \/><\/p>\n<div class=\"musichead\">DANNY VANCE<\/div>\n<p>    <b>Kdo je to?<\/b> Danny je tour mana\u017eerem Simple Plan.<br \/>\n<b>Odkud ho m\u016f\u017eete zn\u00e1t?<\/b> Tento sympa\u0165\u00e1k z Brit\u00e1nie se k turn\u00e9 Simple Plan poprv\u00e9 p\u0159ipojil na prvn\u00edm headlinov\u00e9m turn\u00e9 v Evrop\u011b v roce 2016, kde m\u011bl na starosti v\u0161echny t\u0159i kapely z\u00e1rove\u0148 &#8211; The Bottom Line, Ghost Town a Simple Plan. Vr\u00e1til se pot\u00e9 op\u011bt na evropsk\u00e9 turn\u00e9 v kv\u011btnu 2016, kdy se mu pr\u00e1ce trochu uleh\u010dila, nebo\u0165 se musel postarat u\u017e &#8222;jen&#8220; o dv\u011b kapely &#8211; The Bottom Line a Simple Plan. V roce 2017 se op\u011bt vr\u00e1til, a to jako tour mana\u017eer Simple Plan i mimo Evropu &#8211; a zat\u00edm to vypad\u00e1, \u017ee nast\u00e1lo.<br \/>\n<b>Na soci\u00e1ln\u00edch s\u00edt\u00edch:<\/b> <a href=\"http:\/\/www.instagram.com\/danny_vance\" target=\"_blank\" rel=\"noopener\"><span><i class=\"fa fa-instagram fa-2x\" aria-hidden=\"true\"><\/i><\/span><\/a>\n<\/div>\n<p>\u200b<\/p>\n<div class=\"section-list\">\n    <img decoding=\"async\" src=\"http:\/\/www.simpleplan.cz\/people\/sim.gif\" alt=\"\" \/ \/><\/p>\n<div class=\"musichead\" style=\"margin-top:10px;\">SIM KLUGERMAN <b>*<\/b><\/div>\n<p><b>Kdo je to?<\/b> Sim je merch guyem Simple Plan.<br \/>\n<b>Odkud ho m\u016f\u017eete zn\u00e1t?<\/b> Sima najdete v\u0161ude okolo, jak se star\u00e1 o kapelu a po\u010d\u00edt\u00e1 tri\u010dka. Sim v\u011b\u0159\u00ed v jednu univerz\u00e1ln\u00ed pravdu: vyprav\u00ed se kamkoliv, kam ho v\u00edtr zavane. To on vkl\u00e1d\u00e1 &#8222;Sim&#8220; do &#8222;Simple&#8220;. Sim se Simple Plan touroval n\u011bkolikr\u00e1t ji\u017e v minulosti, ale ofici\u00e1ln\u011b je \u010dlenem crew of roku 2010. Na kr\u00e1tk\u00fd \u010das byl tak\u00e9 tour mana\u017eerem a fotografem Simple Plan.<br \/>\n<b>Na soci\u00e1ln\u00edch s\u00edt\u00edch:<\/b> <a href=\"http:\/\/www.instagram.com\/arrowbox\" target=\"_blank\" rel=\"noopener\"><span><i class=\"fa fa-instagram fa-2x\" aria-hidden=\"true\"><\/i><\/span><\/a> <a href=\"http:\/\/www.twitter.com\/arrowbox\" target=\"_blank\" rel=\"noopener\"><span><i class=\"fa fa-twitter-square fa-2x\" aria-hidden=\"true\"><\/i><\/span><\/a>\n<\/div>\n<p>\u200b<\/p>\n<div class=\"section-list\">\n    <img decoding=\"async\" src=\"http:\/\/www.simpleplan.cz\/people\/chady.gif\" alt=\"\" \/ \/><\/p>\n<div class=\"musichead\" style=\"margin-top:10px;\">CHADY AWAD <b>*<\/b><\/div>\n<p><b>Kdo je to?<\/b> Chady je osobn\u00edm fotografem a kameramanem Simple Plan.<br \/>\n<b>Odkud ho m\u016f\u017eete zn\u00e1t?<\/b> Chady pob\u00edh\u00e1 po p\u00f3diu a sna\u017e\u00ed se zachytit perfektn\u00ed z\u00e1b\u011bry, kter\u00e9 by uk\u00e1zaly skute\u010dn\u00e9 talenty a um\u011bn\u00ed t\u00e9to kapely. Chady se narodil jako Olejov\u00fd princ v Saudsk\u00e9 ar\u00e1bii. Po h\u00e1dce se sv\u00fdm otcem, kr\u00e1lem, ohledn\u011b toho, co je lep\u0161\u00ed: Pop Tarts z toasteru nebo z mraz\u00e1ku, Chady urychlen\u011b opustil sv\u016fj mizern\u00fd domov a nalezl \u00fato\u010di\u0161t\u011b v Montrealu. Dnes je mistrn\u00fdm fotografem a tak\u00e9 mistrn\u00fdm lingvistou, jeliko\u017e hovo\u0159\u00ed v\u00edce jak 11 jazyky, v\u010detn\u011b jazyka Navajo, kter\u00fd se u\u010d\u00ed ka\u017ed\u00fd den ve sv\u00e9m l\u016f\u017eku v autobuse&#8230; s\u00e1m. Chady za\u010dal s SP tourovat v roce 2012 &#8211; od t\u00e9 doby se star\u00e1 o focen\u00ed a tak\u00e9 o organizaci meet&#038;greet.<br \/>\n<b>Follow him:<\/b> <a href=\"http:\/\/www.twitter.com\/goodguychady\" target=\"_blank\" rel=\"noopener\"><span><i class=\"fa fa-twitter-square fa-2x\" aria-hidden=\"true\"><\/i><\/span><\/a>\n<\/div>\n<p>\u200b<\/p>\n<div class=\"section-list\">\n    <img decoding=\"async\" src=\"http:\/\/i.imgur.com\/zXQemUd.png\" alt=\"\" \/ \/><\/p>\n<div class=\"musichead\" style=\"margin-top:10px;\">FRANK JOLY <b>*<\/b><\/div>\n<p>    <b>Kdo je to?<\/b> Frank je zvuka\u0159em Simple Plan a nejlep\u0161\u00edm kamar\u00e1dem kapely<br \/>\n<b>Odkud ho m\u016f\u017eete zn\u00e1t?<\/b> Franka najdete v FOH (front of house &#8211; pracovi\u0161t\u011b zvuka\u0159e p\u0159ed p\u00f3diem), kde mixuje \u017eiv\u00fd zvuk kapely b\u011bhem koncertu. Frank poch\u00e1z\u00ed z prost\u00e9ho prost\u0159ed\u00ed: byl vychov\u00e1n na farm\u011b &#8211; na tab\u00e1kov\u00e9 farm\u011b, abychom byli p\u0159esn\u00ed. Nikdy nekou\u0159il, ale miluje tuto v\u016fni. Frank tr\u00e9nuje, aby se stal olympionikem v rychl\u00e9 ch\u016fzi a na Olympi\u00e1d\u011b v roce 2020 bude sout\u011b\u017eit za Kanadu.<br \/>\n<b>Na soci\u00e1ln\u00edch s\u00edt\u00edch:<\/b> <a href=\"http:\/\/www.instagram.com\/frank_joly\" target=\"_blank\" rel=\"noopener\"><span><i class=\"fa fa-instagram fa-2x\" aria-hidden=\"true\"><\/i><\/span><\/a>\n<\/div>\n<p>\u200b<\/p>\n<div class=\"section-list\">\n    <img decoding=\"async\" src=\"http:\/\/i.imgur.com\/812mqbt.png\" alt=\"\" \/ \/><\/p>\n<div class=\"musichead\" style=\"margin-top:10px;\">DIDIER LACHANCE <b>*<\/b><\/div>\n<p>    <b>Kdo je to?<\/b> osv\u011btlova\u010d Simple Plan. Star\u00e1 se o celou sv\u011btelnou show. V\u010detn\u011b ost\u0159e blikaj\u00edc\u00edch sv\u011btel, kter\u00e9 tak moc miluje.<br \/>\n<b>Odkud ho m\u016f\u017eete zn\u00e1t?<\/b> Najdete ho ve Front of House spole\u010dn\u011b s jeho nejlep\u0161\u00edm k\u00e1mo\u0161em Frankem Joly. \u010casto vyd\u00e1v\u00e1 sv\u011bteln\u00e9 sign\u00e1ly pomoc\u00ed sv\u00e9ho nosu. Jeho schopnosti a dovednosti jsou nep\u0159ekonateln\u00e9. Je zn\u00e1m\u00fd jako nejlep\u0161\u00ed osv\u011btlova\u010d v Kanad\u011b. To potvrdil i s\u00e1m v\u016fdce Kanady, premi\u00e9r Justin Trudeau, v jeho\u017e dom\u011b v Ottaw\u011b si LaChance \u010dasto u\u017e\u00edv\u00e1 pozv\u00e1n\u00ed na ob\u011bd. Didier je skv\u011bl\u00fd chlap a v\u017edycky je \u0161\u0165astn\u00fd, a to i tehdy, kdy\u017e je ne\u0161\u0165astn\u00fd.<br \/>\n<b>Na soci\u00e1ln\u00edch s\u00edt\u00edch:<\/b> <a href=\"http:\/\/www.instagram.com\/didierlachance\" target=\"_blank\" rel=\"noopener\"><span><i class=\"fa fa-instagram fa-2x\" aria-hidden=\"true\"><\/i><\/span><\/a>\n<\/div>\n<p>\u200b<\/p>\n<div class=\"section-list\">\n    <img decoding=\"async\" src=\"http:\/\/i.imgur.com\/c5Begwj.png\" alt=\"\" \/ \/><\/p>\n<div class=\"musichead\" style=\"margin-top:10px;\">CHRIS ADOLPH<\/div>\n<p>    <b>Kdo je to?<\/b> kytarov\u00fd technik Seba a Pierra a technik bic\u00edch Chucka <br \/>\n<b>Odkud ho m\u016f\u017eete zn\u00e1t?<\/b> Je k vid\u011bn\u00ed na p\u00f3diu, jak se star\u00e1 o kytary a bic\u00ed. Poprv\u00e9 se na turn\u00e9 objev\u00ed na ja\u0159e 2017.<br \/>\n<b>Na soci\u00e1ln\u00edch s\u00edt\u00edch:<\/b> <a href=\"http:\/\/www.instagram.com\/chrisadolph\" target=\"_blank\" rel=\"noopener\"><span><i class=\"fa fa-instagram fa-2x\" aria-hidden=\"true\"><\/i><\/span><\/a>\n<\/div>\n<p>\u200b<\/p>\n<div class=\"girls\"><center>Dal\u0161\u00ed d\u016fle\u017eit\u00e9 osobnosti okolo Simple Plan<\/center><\/div>\n<div class=\"section-list\">\n    <img decoding=\"async\" src=\"http:\/\/www.simpleplan.cz\/people\/patrick.gif\" alt=\"\" \/ \/><\/p>\n<div class=\"musichead\" style=\"margin-top:10px;\">PATRICK LANGLOIS<\/div>\n<p>    <b>Kdo to je?<\/b> b\u00fdval\u00fd webmaster ofici\u00e1ln\u00ed str\u00e1nky \/ kameraman \/ fotograf \/ m\u00f3dn\u00ed n\u00e1vrh\u00e1\u0159 \/ model \/ spoluvlastn\u00edk Role Model Clothing \/ moder\u00e1tor Man Of The Hour Hour <br \/>\n<b>Kde jste ho mohli vid\u011bt?<\/b> Nejen\u017ee se vyskytuje ve v\u011bt\u0161in\u011b videoklip\u016f SP, ale je taky s nimi na v\u0161ech cest\u00e1ch, na koncertech a je to tak\u00e9 ten, kter\u00fd n\u00e1m p\u0159in\u00e1\u0161\u00ed novinky na simpleplan.com. Na DVD: A Big Package For You je mu v\u011bnov\u00e1na cel\u00e1 kapitola. Patrick se tak= objevil v mnoha vidoeklipech Simple Plan, a jako bl\u00edzk\u00fd p\u0159\u00edtel \u010dlen\u016f SP si vyslou\u017eil p\u0159ezd\u00edvku &#8222;\u0161est\u00fd \u010dlen Simple Plan&#8220;. Na DVD &#8222;A Big Package For You&#8220;, kter\u00e9 re\u017e\u00edroval, je mu dokonce v\u011bnov\u00e1a cel\u00e1 jedna kapitola. Od roku 2006 se Sebem moderuje r\u00e1diov\u00fd po\u0159ad Man Of The Hour. Po sv\u00e9m odchodu od Simple Plan v roce 2009 se v Kanad\u011b proslavil jako moder\u00e1tor televizn\u00edch a r\u00e1diov\u00fdch po\u0159ad\u016f.<br \/>\n<b>Na soci\u00e1ln\u00edch s\u00edt\u00edch:<\/b> <a href=\"http:\/\/www.instagram.com\/patricklanglois\" target=\"_blank\" rel=\"noopener\"><span><i class=\"fa fa-instagram fa-2x\" aria-hidden=\"true\"><\/i><\/span><\/a> <a href=\"http:\/\/www.twitter.com\/patricklanglois\" target=\"_blank\" rel=\"noopener\"><span><i class=\"fa fa-twitter-square fa-2x\" aria-hidden=\"true\"><\/i><\/span><\/a>\n<\/div>\n<p>\u200b<\/p>\n<div class=\"section-list\">\n    <img decoding=\"async\" src=\"http:\/\/i.imgur.com\/UvS7iXD.png\" alt=\"\" \/ \/><\/p>\n<div class=\"musichead\" style=\"margin-top:10px;\">ERIC LAWRENCE<\/div>\n<p>    <b>Kdo to je?<\/b> mana\u017eer SP (spoluvlastn\u00ed firmu Coalition Entertainment)<br \/>\n<b>Kde jste ho mohli vid\u011bt?<\/b> Erica jste mohli zahl\u00e9dnout t\u0159eba na DVD: ABPFY, kde o Jeffovi \u0159\u00edk\u00e1, \u017ee &#8222;m\u00e1 hodn\u011b vlas\u016f&#8220;. D\u00e1le je na n\u011bkolika <a href=\"http:\/\/www.simpleplan.cz\/gallery\/displayimage.php?pos=-5647\" target=\"_blank\" rel=\"noopener\">fotk\u00e1ch<\/a> (po Sebov\u011b lev\u00e9 ruce) i se \u010dleny SP.<br \/>\n<b>\u0158ekl o SP:<\/b> &#8222;Tato kapela pracuje tak tvrd\u011b. Za cel\u00e9 ty roky, co jsem v tomto byznysu jsem nepoznal kapelu, kter\u00e1 by takto tvrd\u011b d\u0159ela na sv\u00fdch kari\u00e9r\u00e1ch.&#8220;\n<\/div>\n<p>\u200b<\/p>\n<div class=\"section-list\">\n    <img decoding=\"async\" src=\"http:\/\/www.simpleplan.cz\/people\/fred.gif\" alt=\"\" \/ \/><\/p>\n<div class=\"musichead\" style=\"margin-top:10px;\">FRED &#8222;BARNIK&#8220; JEROME<\/div>\n<p>    <b>Kdo to je?<\/b> grafik Simple Plan<br \/>\n<b>Kde jste ho mohli vid\u011bt?<\/b> Fredovu grafickou pr\u00e1ci jist\u011b zn\u00e1te skoro ze v\u0161eho, co Simple Plan kdy vydali: alba, plak\u00e1ty, kniha nebo merchandise. Fred se tak\u00e9 objevil v n\u011bkolika epizod\u00e1ch MOTH (jako Fred &#8222;The Cheese Guy&#8220;) a v minulosti tak\u00e9 nap\u0159\u00edkald navrhoval tri\u010dka pro Role Model Clothing.<br \/>\n<b>Na soci\u00e1ln\u00edch s\u00edt\u00edch:<\/b> <a href=\"http:\/\/www.instagram.com\/fredbarnik\" target=\"_blank\" rel=\"noopener\"><span><i class=\"fa fa-instagram fa-2x\" aria-hidden=\"true\"><\/i><\/span><\/a> <a href=\"http:\/\/www.twitter.com\/fredbarnik\" target=\"_blank\" rel=\"noopener\"><span><i class=\"fa fa-twitter-square fa-2x\" aria-hidden=\"true\"><\/i><\/span><\/a>\n<\/div>\n<p>\u200b<\/p>\n<div class=\"section-list\">\n    <img decoding=\"async\" src=\"http:\/\/www.simpleplan.cz\/people\/frank1.gif\" alt=\"\" \/ \/><\/p>\n<div class=\"musichead\" style=\"margin-top:10px;\">FRANK BORIN<\/div>\n<p>    <b>Kdo to je?<\/b> re\u017eis\u00e9r hudebn\u00edch videoklip\u016f a reklam<br \/>\n<b>Kde jste ho mohli vid\u011bt?<\/b> Frank je velmi bl\u00edzk\u00fdm p\u0159\u00edtelem SP. Hlavn\u011b proto, \u017ee nat\u00e1\u010del n\u011bkolik jejich videoklip\u016f (I&#8217;d Do Anything, Addicted, I&#8217;m Just A Kid, Don&#8217;t Wanna Think About You, When I&#8217;m Gone, Jet Lag). Mohli jste ho tedy zahl\u00e9dnout na jejich nat\u00e1\u010den\u00edch. D\u00e1le jste ho mohli sly\u0161et v jednom d\u00edle Man Of the Hour Hour, kde mu Seb s Patrickem volali. Krom\u011b Simple Plan Frank nato\u010dil mnoho dal\u0161\u00edch v\u00fdznamn\u00fdch videoklip\u016f, nap\u0159\u00edklad pro Red Hot Chilli Peppers nebo 5 Seconds Of Summer.<br \/>\n<b>Na soci\u00e1ln\u00edch s\u00edt\u00edch:<\/b> <a href=\"http:\/\/www.instagram.com\/frankborin\" target=\"_blank\" rel=\"noopener\"><span><i class=\"fa fa-instagram fa-2x\" aria-hidden=\"true\"><\/i><\/span><\/a> <a href=\"http:\/\/www.twitter.com\/frankborin\" target=\"_blank\" rel=\"noopener\"><span><i class=\"fa fa-twitter-square fa-2x\" aria-hidden=\"true\"><\/i><\/span><\/a>\n<\/div>\n<p>\u200b<\/p>\n<div class=\"section-list\">\n    <img decoding=\"async\" src=\"http:\/\/www.simpleplan.cz\/people\/andy.gif\" alt=\"\" \/ \/><\/p>\n<div class=\"musichead\" style=\"margin-top:10px;\">ANDY KARP<\/div>\n<p>    <b>Kdo to je?<\/b> viceprezident A&#038;R pro Lava\/Atlantic (nahr\u00e1vac\u00ed spole\u010dnost SP)<br \/>\n<b>Kde jste ho mohli vid\u011bt?<\/b> Andyho jste mohli zahl\u00e9dnout t\u00e9m\u011b\u0159 na za\u010d\u00e1tku DVD: A Big Package For You, kde amat\u00e9rsky zp\u00edv\u00e1 &#8222;Addicted&#8220; od Simple Plan. <br \/>\n<b>\u0158ekl o SP:<\/b> \u201eJejich buben\u00edk mi zavolal a p\u0159edst\u00edral, \u017ee je jejich mana\u017eer. Poslal mi n\u011bjak\u00e9 jejich nahr\u00e1vky a za\u010dali jsme spolu mluvit a vyv\u00edjet na\u0161e vztahy.\u201c\n<\/div>\n<p>\u200b<\/p>\n<div class=\"section-list\">\n    <img decoding=\"async\" src=\"http:\/\/i.imgur.com\/kMEHmgO.png\" alt=\"\" \/ \/><\/p>\n<div class=\"musichead\" style=\"margin-top:10px;\">TOM CHENEY<\/div>\n<p>    <b>Kdo to je?<\/b> majitel a provozovatel Idobi r\u00e1dia<br \/>\n<b>Kde jste ho mohli vid\u011bt?<\/b> Tom pom\u00e1hal Sebovi a Patrickovi s jejich po\u0159adem Man Of The Hour, kter\u00e9 se vys\u00edl\u00e1 pr\u00e1v\u011b na Idobi r\u00e1diu. V sou\u010dasn\u00e9 dob\u011b spoluvlastn\u00ed Idobi r\u00e1dio po boku Chucka a Seba ze Simple Plan, Joela Maddena z Good Charlotte a Eddieho Barelly.<br \/>\n<b>Na soci\u00e1ln\u00edch s\u00edt\u00edch:<\/b> <a href=\"http:\/\/www.instagram.com\/idobitom\" target=\"_blank\" rel=\"noopener\"><span><i class=\"fa fa-instagram fa-2x\" aria-hidden=\"true\"><\/i><\/span><\/a> <a href=\"http:\/\/www.twitter.com\/idobitom\" target=\"_blank\" rel=\"noopener\"><span><i class=\"fa fa-twitter-square fa-2x\" aria-hidden=\"true\"><\/i><\/span><\/a>\n<\/div>\n<p>\u200b\n<\/p><\/div>\n<div class=\"fblikebutton_button\" style=\"float: left; padding-top: 20px; margin-right: 20px; padding-bottom: 20px; padding-left: 20px;\"><iframe src=\"http:\/\/www.facebook.com\/plugins\/like.php?href=https%3A%2F%2Fwww.simpleplan.cz%2Fcz%2Findex.php%2Fkapela%2Flide-okolo-sp%2F&amp;layout=standard&amp;show-faces=false&amp;width=450&amp;action=like&amp;colorscheme=light\" scrolling=\"no\" frameborder=\"0\" allowTransparency=\"true\" style=\"border:none; overflow:hidden; width:450px; height:26px\"><\/iframe><\/div>\n","protected":false},"excerpt":{"rendered":"<p>Crew kapely na turn\u00e9 [Pozn\u00e1mka: medailonky ozna\u010den\u00e9 hv\u011bzdi\u010dkou (*) byly seps\u00e1ny a zasl\u00e1ny SimplePlan.cz p\u0159\u00edmo<\/p>\n","protected":false},"author":5,"featured_media":0,"parent":5237,"menu_order":0,"comment_status":"closed","ping_status":"closed","template":"page-templates\/full-width.php","meta":{"footnotes":""},"yoast_head":"<!-- This site is optimized with the Yoast SEO plugin v20.9 - https:\/\/yoast.com\/wordpress\/plugins\/seo\/ -->\n<title>Crew &amp; ostatn\u00ed | CZ: SimplePlan.cz<\/title>\n<meta name=\"robots\" content=\"index, follow, max-snippet:-1, max-image-preview:large, max-video-preview:-1\" \/>\n<link rel=\"canonical\" href=\"https:\/\/www.simpleplan.cz\/cz\/index.php\/kapela\/lide-okolo-sp\/\" \/>\n<meta property=\"og:locale\" content=\"cs_CZ\" \/>\n<meta property=\"og:type\" content=\"article\" \/>\n<meta property=\"og:title\" content=\"Crew &amp; ostatn\u00ed | CZ: SimplePlan.cz\" \/>\n<meta property=\"og:description\" content=\"Crew kapely na turn\u00e9 [Pozn\u00e1mka: medailonky ozna\u010den\u00e9 hv\u011bzdi\u010dkou (*) byly seps\u00e1ny a zasl\u00e1ny SimplePlan.cz p\u0159\u00edmo\" \/>\n<meta property=\"og:url\" content=\"https:\/\/www.simpleplan.cz\/cz\/index.php\/kapela\/lide-okolo-sp\/\" \/>\n<meta property=\"og:site_name\" content=\"CZ: SimplePlan.cz\" \/>\n<meta property=\"article:publisher\" content=\"http:\/\/www.facebook.com\/simpleplancz\" \/>\n<meta property=\"article:modified_time\" content=\"2023-06-26T07:29:56+00:00\" \/>\n<meta property=\"og:image\" content=\"http:\/\/i.imgur.com\/nmJXOeP.png\" \/>\n<meta name=\"twitter:card\" content=\"summary_large_image\" \/>\n<meta name=\"twitter:site\" content=\"@simpleplancz\" \/>\n<meta name=\"twitter:label1\" content=\"Odhadovan\u00e1 doba \u010dten\u00ed\" \/>\n\t<meta name=\"twitter:data1\" content=\"7 minut\" \/>\n<script type=\"application\/ld+json\" class=\"yoast-schema-graph\">{\"@context\":\"https:\/\/schema.org\",\"@graph\":[{\"@type\":\"WebPage\",\"@id\":\"https:\/\/www.simpleplan.cz\/cz\/index.php\/kapela\/lide-okolo-sp\/\",\"url\":\"https:\/\/www.simpleplan.cz\/cz\/index.php\/kapela\/lide-okolo-sp\/\",\"name\":\"Crew & ostatn\u00ed | CZ: SimplePlan.cz\",\"isPartOf\":{\"@id\":\"https:\/\/www.simpleplan.cz\/cz\/#website\"},\"datePublished\":\"2010-07-17T15:04:07+00:00\",\"dateModified\":\"2023-06-26T07:29:56+00:00\",\"breadcrumb\":{\"@id\":\"https:\/\/www.simpleplan.cz\/cz\/index.php\/kapela\/lide-okolo-sp\/#breadcrumb\"},\"inLanguage\":\"cs\",\"potentialAction\":[{\"@type\":\"ReadAction\",\"target\":[\"https:\/\/www.simpleplan.cz\/cz\/index.php\/kapela\/lide-okolo-sp\/\"]}]},{\"@type\":\"BreadcrumbList\",\"@id\":\"https:\/\/www.simpleplan.cz\/cz\/index.php\/kapela\/lide-okolo-sp\/#breadcrumb\",\"itemListElement\":[{\"@type\":\"ListItem\",\"position\":1,\"name\":\"Dom\u016f\",\"item\":\"https:\/\/www.simpleplan.cz\/cz\/\"},{\"@type\":\"ListItem\",\"position\":2,\"name\":\"Kapela\",\"item\":\"https:\/\/www.simpleplan.cz\/cz\/index.php\/kapela\/\"},{\"@type\":\"ListItem\",\"position\":3,\"name\":\"Crew &#038; ostatn\u00ed\"}]},{\"@type\":\"WebSite\",\"@id\":\"https:\/\/www.simpleplan.cz\/cz\/#website\",\"url\":\"https:\/\/www.simpleplan.cz\/cz\/\",\"name\":\"CZ: SimplePlan.cz\",\"description\":\"Nejlep\u0161\u00ed zdroj informac\u00ed o kapele Simple Plan\",\"publisher\":{\"@id\":\"https:\/\/www.simpleplan.cz\/cz\/#organization\"},\"potentialAction\":[{\"@type\":\"SearchAction\",\"target\":{\"@type\":\"EntryPoint\",\"urlTemplate\":\"https:\/\/www.simpleplan.cz\/cz\/?s={search_term_string}\"},\"query-input\":\"required name=search_term_string\"}],\"inLanguage\":\"cs\"},{\"@type\":\"Organization\",\"@id\":\"https:\/\/www.simpleplan.cz\/cz\/#organization\",\"name\":\"CZ: SimplePlan.cz\",\"url\":\"https:\/\/www.simpleplan.cz\/cz\/\",\"logo\":{\"@type\":\"ImageObject\",\"inLanguage\":\"cs\",\"@id\":\"https:\/\/www.simpleplan.cz\/cz\/#\/schema\/logo\/image\/\",\"url\":\"https:\/\/www.simpleplan.cz\/cz\/wp-content\/uploads\/spczlogo.png\",\"contentUrl\":\"https:\/\/www.simpleplan.cz\/cz\/wp-content\/uploads\/spczlogo.png\",\"width\":250,\"height\":190,\"caption\":\"CZ: SimplePlan.cz\"},\"image\":{\"@id\":\"https:\/\/www.simpleplan.cz\/cz\/#\/schema\/logo\/image\/\"},\"sameAs\":[\"http:\/\/www.facebook.com\/simpleplancz\",\"https:\/\/twitter.com\/simpleplancz\",\"http:\/\/www.instagram.com\/simpleplancz\",\"http:\/\/www.youtube.com\/simpleplancz\"]}]}<\/script>\n<!-- \/ Yoast SEO plugin. -->","yoast_head_json":{"title":"Crew & ostatn\u00ed | CZ: SimplePlan.cz","robots":{"index":"index","follow":"follow","max-snippet":"max-snippet:-1","max-image-preview":"max-image-preview:large","max-video-preview":"max-video-preview:-1"},"canonical":"https:\/\/www.simpleplan.cz\/cz\/index.php\/kapela\/lide-okolo-sp\/","og_locale":"cs_CZ","og_type":"article","og_title":"Crew & ostatn\u00ed | CZ: SimplePlan.cz","og_description":"Crew kapely na turn\u00e9 [Pozn\u00e1mka: medailonky ozna\u010den\u00e9 hv\u011bzdi\u010dkou (*) byly seps\u00e1ny a zasl\u00e1ny SimplePlan.cz p\u0159\u00edmo","og_url":"https:\/\/www.simpleplan.cz\/cz\/index.php\/kapela\/lide-okolo-sp\/","og_site_name":"CZ: SimplePlan.cz","article_publisher":"http:\/\/www.facebook.com\/simpleplancz","article_modified_time":"2023-06-26T07:29:56+00:00","og_image":[{"url":"http:\/\/i.imgur.com\/nmJXOeP.png"}],"twitter_card":"summary_large_image","twitter_site":"@simpleplancz","twitter_misc":{"Odhadovan\u00e1 doba \u010dten\u00ed":"7 minut"},"schema":{"@context":"https:\/\/schema.org","@graph":[{"@type":"WebPage","@id":"https:\/\/www.simpleplan.cz\/cz\/index.php\/kapela\/lide-okolo-sp\/","url":"https:\/\/www.simpleplan.cz\/cz\/index.php\/kapela\/lide-okolo-sp\/","name":"Crew & ostatn\u00ed | CZ: SimplePlan.cz","isPartOf":{"@id":"https:\/\/www.simpleplan.cz\/cz\/#website"},"datePublished":"2010-07-17T15:04:07+00:00","dateModified":"2023-06-26T07:29:56+00:00","breadcrumb":{"@id":"https:\/\/www.simpleplan.cz\/cz\/index.php\/kapela\/lide-okolo-sp\/#breadcrumb"},"inLanguage":"cs","potentialAction":[{"@type":"ReadAction","target":["https:\/\/www.simpleplan.cz\/cz\/index.php\/kapela\/lide-okolo-sp\/"]}]},{"@type":"BreadcrumbList","@id":"https:\/\/www.simpleplan.cz\/cz\/index.php\/kapela\/lide-okolo-sp\/#breadcrumb","itemListElement":[{"@type":"ListItem","position":1,"name":"Dom\u016f","item":"https:\/\/www.simpleplan.cz\/cz\/"},{"@type":"ListItem","position":2,"name":"Kapela","item":"https:\/\/www.simpleplan.cz\/cz\/index.php\/kapela\/"},{"@type":"ListItem","position":3,"name":"Crew &#038; ostatn\u00ed"}]},{"@type":"WebSite","@id":"https:\/\/www.simpleplan.cz\/cz\/#website","url":"https:\/\/www.simpleplan.cz\/cz\/","name":"CZ: SimplePlan.cz","description":"Nejlep\u0161\u00ed zdroj informac\u00ed o kapele Simple Plan","publisher":{"@id":"https:\/\/www.simpleplan.cz\/cz\/#organization"},"potentialAction":[{"@type":"SearchAction","target":{"@type":"EntryPoint","urlTemplate":"https:\/\/www.simpleplan.cz\/cz\/?s={search_term_string}"},"query-input":"required name=search_term_string"}],"inLanguage":"cs"},{"@type":"Organization","@id":"https:\/\/www.simpleplan.cz\/cz\/#organization","name":"CZ: SimplePlan.cz","url":"https:\/\/www.simpleplan.cz\/cz\/","logo":{"@type":"ImageObject","inLanguage":"cs","@id":"https:\/\/www.simpleplan.cz\/cz\/#\/schema\/logo\/image\/","url":"https:\/\/www.simpleplan.cz\/cz\/wp-content\/uploads\/spczlogo.png","contentUrl":"https:\/\/www.simpleplan.cz\/cz\/wp-content\/uploads\/spczlogo.png","width":250,"height":190,"caption":"CZ: SimplePlan.cz"},"image":{"@id":"https:\/\/www.simpleplan.cz\/cz\/#\/schema\/logo\/image\/"},"sameAs":["http:\/\/www.facebook.com\/simpleplancz","https:\/\/twitter.com\/simpleplancz","http:\/\/www.instagram.com\/simpleplancz","http:\/\/www.youtube.com\/simpleplancz"]}]}},"_links":{"self":[{"href":"https:\/\/www.simpleplan.cz\/cz\/index.php\/wp-json\/wp\/v2\/pages\/5307"}],"collection":[{"href":"https:\/\/www.simpleplan.cz\/cz\/index.php\/wp-json\/wp\/v2\/pages"}],"about":[{"href":"https:\/\/www.simpleplan.cz\/cz\/index.php\/wp-json\/wp\/v2\/types\/page"}],"author":[{"embeddable":true,"href":"https:\/\/www.simpleplan.cz\/cz\/index.php\/wp-json\/wp\/v2\/users\/5"}],"replies":[{"embeddable":true,"href":"https:\/\/www.simpleplan.cz\/cz\/index.php\/wp-json\/wp\/v2\/comments?post=5307"}],"version-history":[{"count":120,"href":"https:\/\/www.simpleplan.cz\/cz\/index.php\/wp-json\/wp\/v2\/pages\/5307\/revisions"}],"predecessor-version":[{"id":33056,"href":"https:\/\/www.simpleplan.cz\/cz\/index.php\/wp-json\/wp\/v2\/pages\/5307\/revisions\/33056"}],"up":[{"embeddable":true,"href":"https:\/\/www.simpleplan.cz\/cz\/index.php\/wp-json\/wp\/v2\/pages\/5237"}],"wp:attachment":[{"href":"https:\/\/www.simpleplan.cz\/cz\/index.php\/wp-json\/wp\/v2\/media?parent=5307"}],"curies":[{"name":"wp","href":"https:\/\/api.w.org\/{rel}","templated":true}]}}