{"id":5330,"date":"2010-07-17T17:08:13","date_gmt":"2010-07-17T15:08:13","guid":{"rendered":"http:\/\/www.simpleplan.cz\/wordpress\/?page_id=5330"},"modified":"2023-06-26T09:29:54","modified_gmt":"2023-06-26T07:29:54","slug":"soundtracky","status":"publish","type":"page","link":"https:\/\/www.simpleplan.cz\/cz\/index.php\/extra\/soundtracky\/","title":{"rendered":"Soundtracky"},"content":{"rendered":"<div class=\"pagecontent\">\n<div class=\"girls\"><center>Films<\/center><\/div>\n<div class=\"group\">\n<div class=\"left\"><img decoding=\"async\" src=\"http:\/\/www.simpleplan.cz\/images\/sound1.gif\" alt=\"\" \/ \/>\n    <\/div>\n<div class=\"right\">\n<p><div class=\"musichead\">ZLOD\u011aJI \u010cASU<\/div>\n<p>Datum vyd\u00e1n\u00ed: 2002<br \/>\nP\u00edse\u0148: <b><a href=\"http:\/\/www.simpleplan.cz\/cz\/index.php\/kapela\/diskografie\/the-worst-day-ever\/\">The Worst Day Ever<\/a><\/b><\/p>\n<\/p><\/div>\n<\/div>\n<div class=\"group\">\n<div class=\"left\">\n        <img decoding=\"async\" src=\"http:\/\/www.simpleplan.cz\/images\/sound2.gif\" alt=\"\" \/ \/>\n    <\/div>\n<div class=\"right\">\n<p><div class=\"musichead\">Z NULY HRDINOU<\/div>\n<p>Datum vyd\u00e1n\u00ed: 2002<br \/>\nP\u00edse\u0148: <b><a href=\"http:\/\/www.simpleplan.cz\/cz\/index.php\/kapela\/diskografie\/im-just-a-kid\/\">I&#8217;m Just A Kid<\/a><\/b><\/p>\n<\/p><\/div>\n<\/div>\n<div class=\"group\">\n<div class=\"left\">\n        <img decoding=\"async\" src=\"http:\/\/www.simpleplan.cz\/images\/sound3.gif\" alt=\"\" \/ \/>\n    <\/div>\n<div class=\"right\">\n<p><div class=\"musichead\">SCOOBY-DOO<\/div>\n<p>Datum vyd\u00e1n\u00ed: 2002<br \/>\nP\u00edse\u0148: <b><a href=\"http:\/\/www.simpleplan.cz\/cz\/index.php\/lyricscenter\/grow-up\/\">Grow Up<\/a><\/b><\/p>\n<\/p><\/div>\n<\/div>\n<div class=\"group\">\n<div class=\"left\">\n        <img decoding=\"async\" src=\"http:\/\/www.simpleplan.cz\/images\/sound4.gif\" alt=\"\" \/ \/>\n    <\/div>\n<div class=\"right\">\n<p><div class=\"musichead\">\u017d\u00c1BA K ZUL\u00cdB\u00c1N\u00cd<\/div>\n<p>Datum vyd\u00e1n\u00ed: 2002<br \/>\nP\u00edse\u0148: <b><a href=\"http:\/\/www.simpleplan.cz\/cz\/index.php\/kapela\/diskografie\/id-do-anything\/\">I&#8217;d Do Anything<\/a><\/b><\/p>\n<\/p><\/div>\n<\/div>\n<div class=\"group\">\n<div class=\"left\">\n        <img decoding=\"async\" src=\"http:\/\/www.simpleplan.cz\/images\/sound5.gif\" alt=\"\" \/ \/>\n    <\/div>\n<div class=\"right\">\n<p><div class=\"musichead\">MEZI N\u00c1MI D\u011aV\u010cATY<\/div>\n<p>Datum vyd\u00e1n\u00ed: 2003<br \/>\nP\u00edse\u0148: <b><a href=\"http:\/\/www.simpleplan.cz\/cz\/index.php\/extra\/covery-od-simple-plan\/\">Happy Together<\/a><\/b><\/p>\n<\/p><\/div>\n<\/div>\n<div class=\"group\">\n<div class=\"left\">\n        <img decoding=\"async\" src=\"http:\/\/www.simpleplan.cz\/images\/sound6.gif\" alt=\"\" \/ \/>\n    <\/div>\n<div class=\"right\">\n<p><div class=\"musichead\">SK\u0158\u00cdP\u011aN\u00cd<\/div>\n<p>Datum vyd\u00e1n\u00ed: 2003<br \/>\nSong: <b><a href=\"http:\/\/www.simpleplan.cz\/cz\/index.php\/kapela\/diskografie\/im-just-a-kid\/\">I&#8217;m Just A Kid<\/a><\/b><\/p>\n<\/p><\/div>\n<\/div>\n<div class=\"group\">\n<div class=\"left\">\n        <img decoding=\"async\" src=\"http:\/\/www.simpleplan.cz\/images\/sound7.gif\" alt=\"\" \/ \/>\n    <\/div>\n<div class=\"right\">\n<p><div class=\"musichead\">DVAN\u00c1CT DO TUCTU<\/div>\n<p>Datum vyd\u00e1n\u00ed: 2003<br \/>\nP\u00edse\u0148: <b><a href=\"http:\/\/www.simpleplan.cz\/cz\/index.php\/kapela\/diskografie\/im-just-a-kid\/\">I&#8217;m Just A Kid<\/a><\/b><\/p>\n<\/p><\/div>\n<\/div>\n<div class=\"group\">\n<div class=\"left\">\n        <img decoding=\"async\" src=\"http:\/\/www.simpleplan.cz\/images\/sound8.gif\" alt=\"\" \/ \/>\n    <\/div>\n<div class=\"right\">\n<p><div class=\"musichead\">PERFEKTN\u00cd SK\u00d3RE<\/div>\n<p>Datum vyd\u00e1n\u00ed: 2004<br \/>\nP\u00edse\u0143: <b><a href=\"http:\/\/www.simpleplan.cz\/cz\/index.php\/lyricscenter\/crush-and-burn\/\">Crash And Burn<\/a><\/b><\/p>\n<\/p><\/div>\n<\/div>\n<div class=\"group\">\n<div class=\"left\">\n        <img decoding=\"async\" src=\"http:\/\/www.simpleplan.cz\/images\/sound9.gif\" alt=\"\" \/ \/>\n    <\/div>\n<div class=\"right\">\n<p><div class=\"musichead\">ZPOV\u011a\u010e KR\u00c1LOVNY ST\u0158EDN\u00cd \u0160KOLY<\/div>\n<p>Datum vyd\u00e1n\u00ed: 2004<br \/>\nP\u00edse\u0148: <b><a href=\"http:\/\/www.simpleplan.cz\/cz\/index.php\/kapela\/diskografie\/perfect\/\">Perfect<\/a><\/b><\/p>\n<\/p><\/div>\n<\/div>\n<div class=\"group\">\n<div class=\"left\">\n        <img decoding=\"async\" src=\"http:\/\/www.simpleplan.cz\/images\/sound10.gif\" alt=\"\" \/ \/>\n    <\/div>\n<div class=\"right\">\n<p><div class=\"musichead\">SCOOBY-DOO 2: NESPOUTAN\u00c9 P\u0158\u00cd\u0160ERY<\/div>\n<p>Datum vyd\u00e1n\u00ed: 2004<br \/>\nP\u00edse\u0148: <b><a href=\"http:\/\/www.simpleplan.cz\/cz\/index.php\/lyricscenter\/dwtay\/\">Don&#8217;t Wanna Think About You<\/a><\/b><\/p>\n<\/p><\/div>\n<\/div>\n<div class=\"group\">\n<div class=\"left\">\n        <img decoding=\"async\" src=\"http:\/\/www.simpleplan.cz\/images\/sound11.gif\" alt=\"\" \/ \/>\n    <\/div>\n<div class=\"right\">\n<p><div class=\"musichead\">JEDEN DEN V NEW YORKU<\/div>\n<p>Datum vyd\u00e1n\u00ed: 2004<br \/>\nP\u00edse\u0148: <b><a href=\"http:\/\/www.simpleplan.cz\/cz\/index.php\/lyricscenter\/vacation\/\">Vacation<\/a><\/b><\/p>\n<\/p><\/div>\n<\/div>\n<div class=\"group\">\n<div class=\"left\">\n        <img decoding=\"async\" src=\"http:\/\/www.simpleplan.cz\/images\/sound12.gif\" alt=\"\" \/ \/>\n    <\/div>\n<div class=\"right\">\n<p><div class=\"musichead\">\u0160PATN\u00c9 ZPR\u00c1VY PRO MEDV\u011aDY<\/div>\n<p>Datum vyd\u00e1n\u00ed: 2005<br \/>\nP\u00edse\u0148: <b><a href=\"http:\/\/www.simpleplan.cz\/cz\/index.php\/kapela\/diskografie\/promise\/\">Promise<\/a><\/b><\/p>\n<\/p><\/div>\n<\/div>\n<div class=\"group\">\n<div class=\"left\">\n        <img decoding=\"async\" src=\"http:\/\/www.simpleplan.cz\/images\/sound18.gif\" alt=\"\" \/ \/>\n    <\/div>\n<div class=\"right\">\n<p><div class=\"musichead\">FANTASTICK\u00c1 \u010cTY\u0158KA<\/div>\n<p>Datum vyd\u00e1n\u00ed: 2005<br \/>\nP\u00edse\u0148: <b><a href=\"http:\/\/www.simpleplan.cz\/cz\/index.php\/extra\/covery-od-simple-plan\/\">Surrender<\/a><\/b><\/p>\n<\/p><\/div>\n<\/div>\n<div class=\"group\">\n<div class=\"left\">\n        <img decoding=\"async\" src=\"http:\/\/www.simpleplan.cz\/images\/sound13.gif\" alt=\"\" \/ \/>\n    <\/div>\n<div class=\"right\">\n<p><div class=\"musichead\">MAL\u00cd RO\u0160\u0164\u00c1CI<\/div>\n<p>Datum vyd\u00e1n\u00ed: 2006<br \/>\nP\u00edse\u0148: <b><a href=\"http:\/\/www.simpleplan.cz\/cz\/index.php\/lyricscenter\/my-christmas-list\/\">My Christmas List<\/a><\/b><\/p>\n<\/p><\/div>\n<\/div>\n<div class=\"group\">\n<div class=\"left\">\n        <img decoding=\"async\" src=\"http:\/\/www.simpleplan.cz\/images\/sound14.gif\" alt=\"\" \/ \/>\n    <\/div>\n<div class=\"right\">\n<p><div class=\"musichead\">LAMB<\/div>\n<p>Datum vyd\u00e1n\u00ed: 2008<br \/>\nP\u00edse\u0148: <b><a href=\"http:\/\/www.simpleplan.cz\/cz\/index.php\/kapela\/diskografie\/i-can-wait-forever\/\">I Can&#8217;t Wait Forever<\/a><\/b><\/p>\n<\/p><\/div>\n<\/div>\n<div class=\"group\">\n<div class=\"left\">\n        <img decoding=\"async\" src=\"http:\/\/www.simpleplan.cz\/images\/sound15.gif\" alt=\"\" \/ \/>\n    <\/div>\n<div class=\"right\">\n<p><div class=\"musichead\">MATURI\u0164\u00c1K<\/div>\n<p>Datum vyd\u00e1n\u00ed: 2011<br \/>\nP\u00edse\u0148: <b><a href=\"http:\/\/www.simpleplan.cz\/cz\/index.php\/kapela\/diskografie\/cant-keep-my-hands-off-you\/\">Can&#8217;t Keep My Hands Off You<\/a><\/b><\/p>\n<\/p><\/div>\n<\/div>\n<div class=\"group\">\n<div class=\"left\">\n        <img decoding=\"async\" src=\"http:\/\/www.simpleplan.cz\/images\/sound16.gif\" alt=\"\" \/ \/>\n    <\/div>\n<div class=\"right\">\n<p><div class=\"musichead\">MAMI!<\/div>\n<p>Datum vyd\u00e1n\u00ed: 2014<br \/>\nP\u00edse\u0148: <b><a href=\"http:\/\/www.simpleplan.cz\/cz\/index.php\/kapela\/diskografie\/welcome-to-my-life\/\">Welcome To My Life<\/a><\/b><\/p>\n<\/p><\/div>\n<\/div>\n<div class=\"group\">\n<div class=\"left\">\n        <img decoding=\"async\" src=\"http:\/\/www.simpleplan.cz\/images\/sound17.gif\" alt=\"\" \/ \/>\n    <\/div>\n<div class=\"right\">\n<p><div class=\"musichead\">SNOWTIME!<\/div>\n<p>Datum vyd\u00e1n\u00ed: 2015<br \/>\nP\u00edse\u0148: <b><a href=\"http:\/\/www.simpleplan.cz\/cz\/index.php\/lyricscenter\/the-heroes\">The Heroes<\/a><\/b><\/p>\n<\/p><\/div>\n<\/div>\n<div class=\"girls\"><center>TV seri\u00e1ly<\/center><\/div>\n<div class=\"group\">\n<div class=\"left\">\n        <img decoding=\"async\" src=\"http:\/\/www.simpleplan.cz\/images\/sound21.gif\" alt=\"\" \/ \/>\n    <\/div>\n<div class=\"right\">\n<p><div class=\"musichead\">MAYBE IT&#8217;S ME<\/div>\n<p>Datum vyd\u00e1n\u00ed: 2002<br \/>\nP\u00edse\u0148: <b><a href=\"http:\/\/www.simpleplan.cz\/cz\/index.php\/kapela\/diskografie\/id-do-anything\/\">I&#8217;d Do Anything<\/a><\/b><\/p>\n<\/p><\/div>\n<\/div>\n<div class=\"group\">\n<div class=\"left\">\n        <img decoding=\"async\" src=\"http:\/\/www.simpleplan.cz\/images\/sound19.gif\" alt=\"\" \/ \/>\n    <\/div>\n<div class=\"right\">\n<p><div class=\"musichead\">CO JE NOV\u00c9HO, SCOOBY-DOO?<\/div>\n<p>Datum vyd\u00e1n\u00ed: 2002<br \/>\nP\u00edsn\u011b: <b><a href=\"http:\/\/www.simpleplan.cz\/cz\/index.php\/lyricscenter\/whats-new-scooby-doo\/\">What&#8217;s New Scooby-Doo?<\/a><\/b>, <b><a href=\"http:\/\/www.simpleplan.cz\/cz\/index.php\/kapela\/diskografie\/the-worst-day-ever\/\">The Worst Day Ever<\/a><\/b>, <b><a href=\"http:\/\/www.simpleplan.cz\/cz\/index.php\/kapela\/diskografie\/id-do-anything\/\">I&#8217;d Do Anything<\/a><\/b>, <b><a href=\"http:\/\/www.simpleplan.cz\/cz\/index.php\/kapela\/diskografie\/you-dont-mean-anything\/\">You Don&#8217;t Mean Anything<\/a><\/b><\/p>\n<\/p><\/div>\n<\/div>\n<div class=\"group\">\n<div class=\"left\">\n        <img decoding=\"async\" src=\"http:\/\/www.simpleplan.cz\/images\/sound20.gif\" alt=\"\" \/ \/>\n    <\/div>\n<div class=\"right\">\n<p><div class=\"musichead\">SMALLVILLE<\/div>\n<p>Datum vyd\u00e1n\u00ed: 2002, 2005<br \/>\nP\u00edsn\u011b: <b><a href=\"http:\/\/www.simpleplan.cz\/cz\/index.php\/kapela\/diskografie\/untitled-how-could-this-happen-to-me\/\">Untitled<\/a><\/b>, <b><a href=\"http:\/\/www.simpleplan.cz\/cz\/index.php\/kapela\/diskografie\/welcome-to-my-life\/\">Welcome To My Life<\/a><\/b>, <b><a href=\"http:\/\/www.simpleplan.cz\/cz\/index.php\/kapela\/diskografie\/when-im-with-you\">When I&#8217;m With You<\/a><\/b><\/p>\n<\/p><\/div>\n<\/div>\n<div class=\"group\">\n<div class=\"left\">\n        <img decoding=\"async\" src=\"http:\/\/www.simpleplan.cz\/images\/sound22.gif\" alt=\"\" \/ \/>\n    <\/div>\n<div class=\"right\">\n<p><div class=\"musichead\">\u010cAROD\u011aJKY<\/div>\n<p>Datum vyd\u00e1n\u00ed: 2005<br \/>\nP\u00edse\u0148: <b><a href=\"http:\/\/www.simpleplan.cz\/cz\/index.php\/kapela\/diskografie\/me-against-the-world\">Me Against The World<\/a><\/b><\/p>\n<\/p><\/div>\n<\/div>\n<div class=\"group\">\n<div class=\"left\">\n        <img decoding=\"async\" src=\"http:\/\/www.simpleplan.cz\/images\/sound25.gif\" alt=\"\" \/ \/>\n    <\/div>\n<div class=\"right\">\n<p><div class=\"musichead\">ZOUFAL\u00c9 MAN\u017dELKY<\/div>\n<p>Datum vyd\u00e1n\u00ed: 2005<br \/>\nP\u00edse\u0148: <b><a href=\"http:\/\/www.simpleplan.cz\/cz\/index.php\/kapela\/diskografie\/me-against-the-world\">Me Against The World<\/a><\/b><\/p>\n<\/p><\/div>\n<\/div>\n<div class=\"group\">\n<div class=\"left\">\n        <img decoding=\"async\" src=\"http:\/\/www.simpleplan.cz\/images\/sound23.gif\" alt=\"\" \/ \/>\n    <\/div>\n<div class=\"right\">\n<p><div class=\"musichead\">MALCOLM V NESN\u00c1Z\u00cdCH<\/div>\n<p>Datum vyd\u00e1n\u00ed: 2005<br \/>\nP\u00edse\u0148: <b><a href=\"http:\/\/www.simpleplan.cz\/cz\/index.php\/kapela\/diskografie\/shut-up\">Shut Up<\/a><\/b><\/p>\n<\/p><\/div>\n<\/div>\n<div class=\"group\">\n<div class=\"left\">\n        <img decoding=\"async\" src=\"http:\/\/www.simpleplan.cz\/images\/sound24.gif\" alt=\"\" \/ \/>\n    <\/div>\n<div class=\"right\">\n<p><div class=\"musichead\">NED&#8217;S DECLASSIFIED SCHOOL SURVIVAL GUIDE<\/div>\n<p>Datum vyd\u00e1n\u00ed: 2005<br \/>\nP\u00edse\u0148: <b><a href=\"http:\/\/www.simpleplan.cz\/cz\/index.php\/kapela\/diskografie\/im-just-a-kid\/\">I&#8217;m Just A Kid<\/a><\/b><\/p>\n<\/p><\/div>\n<\/div>\n<\/div>\n<div class=\"fblikebutton_button\" style=\"float: left; padding-top: 20px; margin-right: 20px; padding-bottom: 20px; padding-left: 20px;\"><iframe src=\"http:\/\/www.facebook.com\/plugins\/like.php?href=https%3A%2F%2Fwww.simpleplan.cz%2Fcz%2Findex.php%2Fextra%2Fsoundtracky%2F&amp;layout=standard&amp;show-faces=false&amp;width=450&amp;action=like&amp;colorscheme=light\" scrolling=\"no\" frameborder=\"0\" allowTransparency=\"true\" style=\"border:none; overflow:hidden; width:450px; height:26px\"><\/iframe><\/div>\n","protected":false},"excerpt":{"rendered":"<p>Films ZLOD\u011aJI \u010cASU Datum vyd\u00e1n\u00ed: 2002 P\u00edse\u0148: The Worst Day Ever Z NULY HRDINOU Datum<\/p>\n","protected":false},"author":5,"featured_media":0,"parent":5259,"menu_order":0,"comment_status":"closed","ping_status":"closed","template":"page-templates\/full-width.php","meta":{"footnotes":""},"yoast_head":"<!-- This site is optimized with the Yoast SEO plugin v20.9 - https:\/\/yoast.com\/wordpress\/plugins\/seo\/ -->\n<title>Soundtracky | CZ: SimplePlan.cz<\/title>\n<meta name=\"robots\" content=\"index, follow, max-snippet:-1, max-image-preview:large, max-video-preview:-1\" \/>\n<link rel=\"canonical\" href=\"https:\/\/www.simpleplan.cz\/cz\/index.php\/extra\/soundtracky\/\" \/>\n<meta property=\"og:locale\" content=\"cs_CZ\" \/>\n<meta property=\"og:type\" content=\"article\" \/>\n<meta property=\"og:title\" content=\"Soundtracky | CZ: SimplePlan.cz\" \/>\n<meta property=\"og:description\" content=\"Films ZLOD\u011aJI \u010cASU Datum vyd\u00e1n\u00ed: 2002 P\u00edse\u0148: The Worst Day Ever Z NULY HRDINOU Datum\" \/>\n<meta property=\"og:url\" content=\"https:\/\/www.simpleplan.cz\/cz\/index.php\/extra\/soundtracky\/\" \/>\n<meta property=\"og:site_name\" content=\"CZ: SimplePlan.cz\" \/>\n<meta property=\"article:publisher\" content=\"http:\/\/www.facebook.com\/simpleplancz\" \/>\n<meta property=\"article:modified_time\" content=\"2023-06-26T07:29:54+00:00\" \/>\n<meta property=\"og:image\" content=\"http:\/\/www.simpleplan.cz\/images\/sound1.gif\" \/>\n<meta name=\"twitter:card\" content=\"summary_large_image\" \/>\n<meta name=\"twitter:site\" content=\"@simpleplancz\" \/>\n<meta name=\"twitter:label1\" content=\"Odhadovan\u00e1 doba \u010dten\u00ed\" \/>\n\t<meta name=\"twitter:data1\" content=\"2 minuty\" \/>\n<script type=\"application\/ld+json\" class=\"yoast-schema-graph\">{\"@context\":\"https:\/\/schema.org\",\"@graph\":[{\"@type\":\"WebPage\",\"@id\":\"https:\/\/www.simpleplan.cz\/cz\/index.php\/extra\/soundtracky\/\",\"url\":\"https:\/\/www.simpleplan.cz\/cz\/index.php\/extra\/soundtracky\/\",\"name\":\"Soundtracky | CZ: SimplePlan.cz\",\"isPartOf\":{\"@id\":\"https:\/\/www.simpleplan.cz\/cz\/#website\"},\"datePublished\":\"2010-07-17T15:08:13+00:00\",\"dateModified\":\"2023-06-26T07:29:54+00:00\",\"breadcrumb\":{\"@id\":\"https:\/\/www.simpleplan.cz\/cz\/index.php\/extra\/soundtracky\/#breadcrumb\"},\"inLanguage\":\"cs\",\"potentialAction\":[{\"@type\":\"ReadAction\",\"target\":[\"https:\/\/www.simpleplan.cz\/cz\/index.php\/extra\/soundtracky\/\"]}]},{\"@type\":\"BreadcrumbList\",\"@id\":\"https:\/\/www.simpleplan.cz\/cz\/index.php\/extra\/soundtracky\/#breadcrumb\",\"itemListElement\":[{\"@type\":\"ListItem\",\"position\":1,\"name\":\"Dom\u016f\",\"item\":\"https:\/\/www.simpleplan.cz\/cz\/\"},{\"@type\":\"ListItem\",\"position\":2,\"name\":\"Extra\",\"item\":\"https:\/\/www.simpleplan.cz\/cz\/index.php\/extra\/\"},{\"@type\":\"ListItem\",\"position\":3,\"name\":\"Soundtracky\"}]},{\"@type\":\"WebSite\",\"@id\":\"https:\/\/www.simpleplan.cz\/cz\/#website\",\"url\":\"https:\/\/www.simpleplan.cz\/cz\/\",\"name\":\"CZ: SimplePlan.cz\",\"description\":\"Nejlep\u0161\u00ed zdroj informac\u00ed o kapele Simple Plan\",\"publisher\":{\"@id\":\"https:\/\/www.simpleplan.cz\/cz\/#organization\"},\"potentialAction\":[{\"@type\":\"SearchAction\",\"target\":{\"@type\":\"EntryPoint\",\"urlTemplate\":\"https:\/\/www.simpleplan.cz\/cz\/?s={search_term_string}\"},\"query-input\":\"required name=search_term_string\"}],\"inLanguage\":\"cs\"},{\"@type\":\"Organization\",\"@id\":\"https:\/\/www.simpleplan.cz\/cz\/#organization\",\"name\":\"CZ: SimplePlan.cz\",\"url\":\"https:\/\/www.simpleplan.cz\/cz\/\",\"logo\":{\"@type\":\"ImageObject\",\"inLanguage\":\"cs\",\"@id\":\"https:\/\/www.simpleplan.cz\/cz\/#\/schema\/logo\/image\/\",\"url\":\"https:\/\/www.simpleplan.cz\/cz\/wp-content\/uploads\/spczlogo.png\",\"contentUrl\":\"https:\/\/www.simpleplan.cz\/cz\/wp-content\/uploads\/spczlogo.png\",\"width\":250,\"height\":190,\"caption\":\"CZ: SimplePlan.cz\"},\"image\":{\"@id\":\"https:\/\/www.simpleplan.cz\/cz\/#\/schema\/logo\/image\/\"},\"sameAs\":[\"http:\/\/www.facebook.com\/simpleplancz\",\"https:\/\/twitter.com\/simpleplancz\",\"http:\/\/www.instagram.com\/simpleplancz\",\"http:\/\/www.youtube.com\/simpleplancz\"]}]}<\/script>\n<!-- \/ Yoast SEO plugin. -->","yoast_head_json":{"title":"Soundtracky | CZ: SimplePlan.cz","robots":{"index":"index","follow":"follow","max-snippet":"max-snippet:-1","max-image-preview":"max-image-preview:large","max-video-preview":"max-video-preview:-1"},"canonical":"https:\/\/www.simpleplan.cz\/cz\/index.php\/extra\/soundtracky\/","og_locale":"cs_CZ","og_type":"article","og_title":"Soundtracky | CZ: SimplePlan.cz","og_description":"Films ZLOD\u011aJI \u010cASU Datum vyd\u00e1n\u00ed: 2002 P\u00edse\u0148: The Worst Day Ever Z NULY HRDINOU Datum","og_url":"https:\/\/www.simpleplan.cz\/cz\/index.php\/extra\/soundtracky\/","og_site_name":"CZ: SimplePlan.cz","article_publisher":"http:\/\/www.facebook.com\/simpleplancz","article_modified_time":"2023-06-26T07:29:54+00:00","og_image":[{"url":"http:\/\/www.simpleplan.cz\/images\/sound1.gif"}],"twitter_card":"summary_large_image","twitter_site":"@simpleplancz","twitter_misc":{"Odhadovan\u00e1 doba \u010dten\u00ed":"2 minuty"},"schema":{"@context":"https:\/\/schema.org","@graph":[{"@type":"WebPage","@id":"https:\/\/www.simpleplan.cz\/cz\/index.php\/extra\/soundtracky\/","url":"https:\/\/www.simpleplan.cz\/cz\/index.php\/extra\/soundtracky\/","name":"Soundtracky | CZ: SimplePlan.cz","isPartOf":{"@id":"https:\/\/www.simpleplan.cz\/cz\/#website"},"datePublished":"2010-07-17T15:08:13+00:00","dateModified":"2023-06-26T07:29:54+00:00","breadcrumb":{"@id":"https:\/\/www.simpleplan.cz\/cz\/index.php\/extra\/soundtracky\/#breadcrumb"},"inLanguage":"cs","potentialAction":[{"@type":"ReadAction","target":["https:\/\/www.simpleplan.cz\/cz\/index.php\/extra\/soundtracky\/"]}]},{"@type":"BreadcrumbList","@id":"https:\/\/www.simpleplan.cz\/cz\/index.php\/extra\/soundtracky\/#breadcrumb","itemListElement":[{"@type":"ListItem","position":1,"name":"Dom\u016f","item":"https:\/\/www.simpleplan.cz\/cz\/"},{"@type":"ListItem","position":2,"name":"Extra","item":"https:\/\/www.simpleplan.cz\/cz\/index.php\/extra\/"},{"@type":"ListItem","position":3,"name":"Soundtracky"}]},{"@type":"WebSite","@id":"https:\/\/www.simpleplan.cz\/cz\/#website","url":"https:\/\/www.simpleplan.cz\/cz\/","name":"CZ: SimplePlan.cz","description":"Nejlep\u0161\u00ed zdroj informac\u00ed o kapele Simple Plan","publisher":{"@id":"https:\/\/www.simpleplan.cz\/cz\/#organization"},"potentialAction":[{"@type":"SearchAction","target":{"@type":"EntryPoint","urlTemplate":"https:\/\/www.simpleplan.cz\/cz\/?s={search_term_string}"},"query-input":"required name=search_term_string"}],"inLanguage":"cs"},{"@type":"Organization","@id":"https:\/\/www.simpleplan.cz\/cz\/#organization","name":"CZ: SimplePlan.cz","url":"https:\/\/www.simpleplan.cz\/cz\/","logo":{"@type":"ImageObject","inLanguage":"cs","@id":"https:\/\/www.simpleplan.cz\/cz\/#\/schema\/logo\/image\/","url":"https:\/\/www.simpleplan.cz\/cz\/wp-content\/uploads\/spczlogo.png","contentUrl":"https:\/\/www.simpleplan.cz\/cz\/wp-content\/uploads\/spczlogo.png","width":250,"height":190,"caption":"CZ: SimplePlan.cz"},"image":{"@id":"https:\/\/www.simpleplan.cz\/cz\/#\/schema\/logo\/image\/"},"sameAs":["http:\/\/www.facebook.com\/simpleplancz","https:\/\/twitter.com\/simpleplancz","http:\/\/www.instagram.com\/simpleplancz","http:\/\/www.youtube.com\/simpleplancz"]}]}},"_links":{"self":[{"href":"https:\/\/www.simpleplan.cz\/cz\/index.php\/wp-json\/wp\/v2\/pages\/5330"}],"collection":[{"href":"https:\/\/www.simpleplan.cz\/cz\/index.php\/wp-json\/wp\/v2\/pages"}],"about":[{"href":"https:\/\/www.simpleplan.cz\/cz\/index.php\/wp-json\/wp\/v2\/types\/page"}],"author":[{"embeddable":true,"href":"https:\/\/www.simpleplan.cz\/cz\/index.php\/wp-json\/wp\/v2\/users\/5"}],"replies":[{"embeddable":true,"href":"https:\/\/www.simpleplan.cz\/cz\/index.php\/wp-json\/wp\/v2\/comments?post=5330"}],"version-history":[{"count":16,"href":"https:\/\/www.simpleplan.cz\/cz\/index.php\/wp-json\/wp\/v2\/pages\/5330\/revisions"}],"predecessor-version":[{"id":23139,"href":"https:\/\/www.simpleplan.cz\/cz\/index.php\/wp-json\/wp\/v2\/pages\/5330\/revisions\/23139"}],"up":[{"embeddable":true,"href":"https:\/\/www.simpleplan.cz\/cz\/index.php\/wp-json\/wp\/v2\/pages\/5259"}],"wp:attachment":[{"href":"https:\/\/www.simpleplan.cz\/cz\/index.php\/wp-json\/wp\/v2\/media?parent=5330"}],"curies":[{"name":"wp","href":"https:\/\/api.w.org\/{rel}","templated":true}]}}