{"id":5337,"date":"2010-07-18T13:10:15","date_gmt":"2010-07-18T11:10:15","guid":{"rendered":"http:\/\/www.simpleplan.cz\/wordpress\/?page_id=5337"},"modified":"2023-06-26T09:29:54","modified_gmt":"2023-06-26T07:29:54","slug":"moudra-slova","status":"publish","type":"page","link":"https:\/\/www.simpleplan.cz\/cz\/index.php\/extra\/moudra-slova\/","title":{"rendered":"Moudr\u00e1 slova"},"content":{"rendered":"<div class=\"pagecontent\">\n<div class=\"disco\">Pierre:<\/div>\n<p><center><img decoding=\"async\" src=\"http:\/\/www.simpleplan.cz\/images\/quotes_pierre.gif\"\/><\/center><\/p>\n<div class=\"section\">\n&#8222;Bu\u010fte v\u017edycky sv\u00ed a n\u00e1sledujte sv\u00e9 sny a kdy\u017e v\u00e1s lid\u00e9 nebudou m\u00edt r\u00e1di, vyka\u0161lete se na n\u011b. Oni nemaj\u00ed b\u00fdt v\u00e1mi, vy ano! Tak\u017ee d\u011blejte to, co chcete d\u011blat a pro nikoho se nem\u011b\u0148te. Jo, a b\u00fdt single nen\u00ed v\u017edycky zas a\u017e tak moc \u0161patn\u00e9.&#8220;<\/div>\n<div class=\"section\">\n&#8222;Zav\u0159i o\u010di a zeptej se s\u00e1m sebe: pr\u00e1v\u011b te\u010f, v tuto chv\u00edli, jsem v po\u0159\u00e1dku? A to je v\u0161e, na \u010dem z\u00e1le\u017e\u00ed. Ostatn\u00ed je fuk.&#8220;<\/p>\n<p align=\"right\"><font color=\"#49368c\"><a href=\"https:\/\/twitter.com\/pierrebouvier\/status\/198223460546265088\" target=\"_blank\" rel=\"noopener\">Twitter<\/a> &#8211; kv\u011bten 2012<\/font><\/p>\n<\/div>\n<div class=\"section\">\n&#8222;Tato dal\u0161\u00ed p\u00edsni\u010dka je o tom, \u017ee bys m\u011bl d\u011blat cokoliv, co chce\u0161 a m\u011blo by ti b\u00fdt jedno, co ti na to \u0159eknou ostatn\u00ed! Chci, abyste mi tady v\u0161ichni n\u011bco sl\u00edbili&#8230; slibte mi toto&#8230; Je jedno, jak jste sta\u0159\u00ed nebo odkud jste, ale nikdy nikdy nikdy nikdy nikdy NEDOSP\u011aJTE!&#8220;&#8220;\n<\/div>\n<div class=\"section\">\n&#8222;Nebojte se smrti, ale p\u0159edev\u0161\u00edm, nebojte se \u017e\u00edt.&#8220;\n<\/div>\n<div class=\"section\">\n&#8222;Sv\u011bt je \u0161\u00edlen\u00e9 m\u00edsto. Neberte si nic osobn\u011b. Nenechte se ni\u010d\u00edm rozesmutn\u011bt. Na ni\u010dem z toho nakonec v\u016fbec nez\u00e1le\u017e\u00ed.&#8220;<\/p>\n<p align=\"right\"><font color=\"#49368c\"><a href=\"https:\/\/twitter.com\/pierrebouvier\/status\/198223187140558848\" target=\"_blank\" rel=\"noopener\">Twitter<\/a> &#8211; kv\u011bten 2012<\/font><\/p>\n<\/div>\n<div class=\"disco\">Chuck:<\/div>\n<p><center><img decoding=\"async\" src=\"http:\/\/www.simpleplan.cz\/images\/quotes_chuck.gif\"\/><\/center><\/p>\n<div class=\"section\">\n&#8222;Nikdy se nevzd\u00e1vejte: n\u00e1m to trvalo dost dlouho dopracovat se tam, kde jsme te\u010f a hr\u00e1li jsme v r\u016fzn\u00fdch kapel\u00e1ch u\u017e asi 10, 11 let a te\u010f se to d\u011bje. Je to trochu tak, jak jsme si to v\u017edycky p\u0159edstavovali. Jenom proto, \u017ee n\u011bco vypad\u00e1 jako nemo\u017en\u00e9, to hned nemus\u00ed b\u00fdt nemo\u017en\u00e9 &#8211; v\u00e1\u017en\u011b! Jen jd\u011bte a ud\u011blejte to.&#8220;\n<\/div>\n<div class=\"section\">\n&#8222;Homofobie je odporn\u00e1 a tak trapn\u00e1. Jak se jen mohou lid\u00e9 sn\u00ed\u017eit k tomu, aby nen\u00e1vid\u011bli n\u011bkoho kv\u016fli jeho sexu\u00e1ln\u00ed orientaci? Trapn\u00e9.&#8220;\n<\/div>\n<div class=\"section\">\n&#8222;L\u00e1ska je lep\u0161\u00ed ne\u017e zlost. Nad\u011bje je lep\u0161\u00ed ne\u017e strach. Optimismus je lep\u0161\u00ed ne\u017e zoufalstv\u00ed. Tak\u017ee milujte, m\u011bjte nad\u011bje a bu\u010fte optimisti\u010dt\u00ed a spole\u010dn\u011b zm\u011bn\u00edme sv\u011bt.&#8220;<\/div>\n<div class=\"section\">\n&#8222;Kdy\u017e mi za\u010dn\u011b b\u00fdt \u00fazko, nasad\u00edm si sluch\u00e1tka a poslouch\u00e1m sv\u00e9 obl\u00edben\u00e9 p\u00edsn\u011b. Hudba m\u011b odn\u00e1\u0161\u00ed na mnohem lep\u0161\u00ed m\u00edsto. Douf\u00e1m, \u017ee m\u016f\u017ee pomoci i v\u00e1m.&#8220; <\/p>\n<p align=\"right\"><font color=\"#49368c\"><a href=\"https:\/\/twitter.com\/chuckcomeau\/status\/143417222616989696\" target=\"_blank\" rel=\"noopener\">Twitter<\/a> &#8211; prosinec 2011<\/font><\/p>\n<\/div>\n<div class=\"section\">\n&#8222;Najdi svou v\u00e1\u0161e\u0148, n\u011bco, co t\u011b v\u00e1\u017en\u011b \u010din\u00ed \u0161\u0165astn\u00fdm a jdi za t\u00edm. Jestli\u017ee miluje\u0161 to, co d\u011bl\u00e1\u0161, pr\u00e1ce ti nikdy nebude p\u0159ipadat jako pr\u00e1ce a stane\u0161 se \u00fasp\u011b\u0161n\u00fdm. Nenech nikoho ti do toho kecat, neber &#8222;ne&#8220; jako odpov\u011b\u010f a pracuj tvrd\u011bji ne\u017e kdokoliv jin\u00fd. V\u0161echno je mo\u017en\u00e9, pokud to opravdu chce\u0161.&#8220;<\/p>\n<p align=\"right\"><font color=\"#49368c\"><a href=\"https:\/\/twitter.com\/chuckcomeau\/status\/293804336079847424\" target=\"_blank\" rel=\"noopener\">Twitter<\/a> [<a href=\"https:\/\/twitter.com\/chuckcomeau\/status\/293802869440794624\" target=\"_blank\" rel=\"noopener\">2. \u010d\u00e1st<\/a>] &#8211; leden 2013<\/font><\/p>\n<\/div>\n<div class=\"disco\">Jeff:<\/div>\n<p><center><img decoding=\"async\" src=\"http:\/\/www.simpleplan.cz\/images\/quotes_jeff.gif\"\/><\/center><\/p>\n<div class=\"section\">\n&#8222;\u0158ekl bych, \u017ee mottem kapely je &#8222;pro\u010d \u010dekat&#8220;. Kdy\u017e n\u011bco vypad\u00e1, jak m\u00e1 b\u00fdt, ud\u011blej to hned.&#8220;\n<\/div>\n<div class=\"section\">\n&#8222;Kdy\u017e si pro\u010d\u00edt\u00e1m tweety o SP, p\u0159ipom\u00edn\u00e1 mi to, jak jsem j\u00e1 s\u00e1m pro\u017e\u00edval sv\u00e9 nejobl\u00edben\u011bj\u0161\u00ed kapely: byly to MOJE kapely. Jsem velmi hrd\u00fd, \u017ee to taky c\u00edt\u00edte i vy se SP.&#8220;<\/div>\n<div class=\"section\">\n&#8222;Jestli\u017ee t\u011b n\u011bco opravdu hodn\u011b zaj\u00edm\u00e1, mus\u00ed\u0161 do toho zapojit ka\u017edou bu\u0148ku sv\u00e9ho t\u011bla, aby jsi dos\u00e1hl toho, co chce\u0161. Nad\u011bje, sn\u011bn\u00ed, vd\u011b\u010dnosti.&#8220;\n<\/div>\n<div class=\"section\">\n&#8222;To, \u017ee jsi slavn\u00fd pozn\u00e1\u0161 v moment\u011b, kdy se t\u011b bezdomovec na ulici zept\u00e1, jestli n\u00e1hodou nehraje\u0161 na kytaru v Simple Plan&#8230;&#8220;\n<\/div>\n<div class=\"section\">\n&#8222;\u017divot bez hudby by byl jako \u017eivot v \u010dernob\u00edl\u00e9.&#8220;\n<\/div>\n<div class=\"section\">\n&#8222;N\u011bkdy mus\u00ed\u0161 nechat v\u011bc\u00ed, kter\u00e9 chce\u0161 nejv\u00edc, aby jsi v\u011bd\u011bl, \u017ee jsou pro tebe ty prav\u00e9.&#8220;\n<\/div>\n<div class=\"section\">\n&#8222;Vyber si n\u011bco, co miluje\u0161 a jdi to d\u011blat jako kdyby to byl posledn\u00ed den tv\u00e9ho \u017eivota. A\u0165 ka\u017ed\u00fd den stoj\u00ed za to.&#8220;<\/p>\n<p align=\"right\"><font color=\"#49368c\"><a href=\"https:\/\/twitter.com\/jeffstinco\/status\/476360982764085248\" target=\"_blank\" rel=\"noopener\">Twitter<\/a> &#8211; \u010derven 2014<\/font><\/p>\n<\/div>\n<div class=\"disco\">David:<\/div>\n<p><center><img decoding=\"async\" src=\"http:\/\/www.simpleplan.cz\/images\/quotes_david.gif\"\/><\/center><\/p>\n<div class=\"section\">\n&#8222;D\u011blej cokoliv chce\u0161 a nestarej se, co si lid\u00e9 mysl\u00ed. Kdybys to ud\u011blal, byl bys ne\u0161\u0165astn\u00fd.&#8220;\n<\/div>\n<div class=\"section\">\n&#8222;Jestli\u017ee si to neza\u0159\u00edd\u00ed\u0161 s\u00e1m pro sebe, nikdo jin\u00fd to za tebe neud\u011bl\u00e1!&#8220;\n<\/div>\n<div class=\"disco\">Sebastien:<\/div>\n<p><center><img decoding=\"async\" src=\"http:\/\/www.simpleplan.cz\/images\/quotes_seb.gif\"\/><\/center><\/p>\n<div class=\"section\">\n&#8222;Je n\u00e1m jedno, jestli n\u00e1s nem\u00e1te r\u00e1di, my jsme tu pro ty, co n\u00e1s maj\u00ed r\u00e1di, jsme tady pro n\u011b, ne pro v\u00e1s.&#8220;<\/p>\n<p align=\"right\"><font color=\"#49368c\">A Big Package For You DVD &#8211; 2003<\/font><\/p>\n<\/div>\n<div class=\"section\">\n&#8222;N\u011bkdy \u010dlov\u011bk hled\u00e1 odpov\u011bdi, ani\u017e by dop\u0159edu znal ot\u00e1zku.&#8220;<\/p>\n<div>\n<\/div>\n<\/div>\n<\/div>\n<div class=\"fblikebutton_button\" style=\"float: left; padding-top: 20px; margin-right: 20px; padding-bottom: 20px; padding-left: 20px;\"><iframe src=\"http:\/\/www.facebook.com\/plugins\/like.php?href=https%3A%2F%2Fwww.simpleplan.cz%2Fcz%2Findex.php%2Fextra%2Fmoudra-slova%2F&amp;layout=standard&amp;show-faces=false&amp;width=450&amp;action=like&amp;colorscheme=light\" scrolling=\"no\" frameborder=\"0\" allowTransparency=\"true\" style=\"border:none; overflow:hidden; width:450px; height:26px\"><\/iframe><\/div>\n","protected":false},"excerpt":{"rendered":"<p>Pierre: &#8222;Bu\u010fte v\u017edycky sv\u00ed a n\u00e1sledujte sv\u00e9 sny a kdy\u017e v\u00e1s lid\u00e9 nebudou m\u00edt r\u00e1di,<\/p>\n","protected":false},"author":5,"featured_media":0,"parent":5259,"menu_order":0,"comment_status":"closed","ping_status":"closed","template":"page-templates\/full-width.php","meta":{"footnotes":""},"yoast_head":"<!-- This site is optimized with the Yoast SEO plugin v20.9 - https:\/\/yoast.com\/wordpress\/plugins\/seo\/ -->\n<title>Moudr\u00e1 slova | CZ: SimplePlan.cz<\/title>\n<meta name=\"robots\" content=\"index, follow, max-snippet:-1, max-image-preview:large, max-video-preview:-1\" \/>\n<link rel=\"canonical\" href=\"https:\/\/www.simpleplan.cz\/cz\/index.php\/extra\/moudra-slova\/\" \/>\n<meta property=\"og:locale\" content=\"cs_CZ\" \/>\n<meta property=\"og:type\" content=\"article\" \/>\n<meta property=\"og:title\" content=\"Moudr\u00e1 slova | CZ: SimplePlan.cz\" \/>\n<meta property=\"og:description\" content=\"Pierre: &#8222;Bu\u010fte v\u017edycky sv\u00ed a n\u00e1sledujte sv\u00e9 sny a kdy\u017e v\u00e1s lid\u00e9 nebudou m\u00edt r\u00e1di,\" \/>\n<meta property=\"og:url\" content=\"https:\/\/www.simpleplan.cz\/cz\/index.php\/extra\/moudra-slova\/\" \/>\n<meta property=\"og:site_name\" content=\"CZ: SimplePlan.cz\" \/>\n<meta property=\"article:publisher\" content=\"http:\/\/www.facebook.com\/simpleplancz\" \/>\n<meta property=\"article:modified_time\" content=\"2023-06-26T07:29:54+00:00\" \/>\n<meta property=\"og:image\" content=\"http:\/\/www.simpleplan.cz\/images\/quotes_pierre.gif\" \/>\n<meta name=\"twitter:card\" content=\"summary_large_image\" \/>\n<meta name=\"twitter:site\" content=\"@simpleplancz\" \/>\n<meta name=\"twitter:label1\" content=\"Odhadovan\u00e1 doba \u010dten\u00ed\" \/>\n\t<meta name=\"twitter:data1\" content=\"4 minuty\" \/>\n<script type=\"application\/ld+json\" class=\"yoast-schema-graph\">{\"@context\":\"https:\/\/schema.org\",\"@graph\":[{\"@type\":\"WebPage\",\"@id\":\"https:\/\/www.simpleplan.cz\/cz\/index.php\/extra\/moudra-slova\/\",\"url\":\"https:\/\/www.simpleplan.cz\/cz\/index.php\/extra\/moudra-slova\/\",\"name\":\"Moudr\u00e1 slova | CZ: SimplePlan.cz\",\"isPartOf\":{\"@id\":\"https:\/\/www.simpleplan.cz\/cz\/#website\"},\"datePublished\":\"2010-07-18T11:10:15+00:00\",\"dateModified\":\"2023-06-26T07:29:54+00:00\",\"breadcrumb\":{\"@id\":\"https:\/\/www.simpleplan.cz\/cz\/index.php\/extra\/moudra-slova\/#breadcrumb\"},\"inLanguage\":\"cs\",\"potentialAction\":[{\"@type\":\"ReadAction\",\"target\":[\"https:\/\/www.simpleplan.cz\/cz\/index.php\/extra\/moudra-slova\/\"]}]},{\"@type\":\"BreadcrumbList\",\"@id\":\"https:\/\/www.simpleplan.cz\/cz\/index.php\/extra\/moudra-slova\/#breadcrumb\",\"itemListElement\":[{\"@type\":\"ListItem\",\"position\":1,\"name\":\"Dom\u016f\",\"item\":\"https:\/\/www.simpleplan.cz\/cz\/\"},{\"@type\":\"ListItem\",\"position\":2,\"name\":\"Extra\",\"item\":\"https:\/\/www.simpleplan.cz\/cz\/index.php\/extra\/\"},{\"@type\":\"ListItem\",\"position\":3,\"name\":\"Moudr\u00e1 slova\"}]},{\"@type\":\"WebSite\",\"@id\":\"https:\/\/www.simpleplan.cz\/cz\/#website\",\"url\":\"https:\/\/www.simpleplan.cz\/cz\/\",\"name\":\"CZ: SimplePlan.cz\",\"description\":\"Nejlep\u0161\u00ed zdroj informac\u00ed o kapele Simple Plan\",\"publisher\":{\"@id\":\"https:\/\/www.simpleplan.cz\/cz\/#organization\"},\"potentialAction\":[{\"@type\":\"SearchAction\",\"target\":{\"@type\":\"EntryPoint\",\"urlTemplate\":\"https:\/\/www.simpleplan.cz\/cz\/?s={search_term_string}\"},\"query-input\":\"required name=search_term_string\"}],\"inLanguage\":\"cs\"},{\"@type\":\"Organization\",\"@id\":\"https:\/\/www.simpleplan.cz\/cz\/#organization\",\"name\":\"CZ: SimplePlan.cz\",\"url\":\"https:\/\/www.simpleplan.cz\/cz\/\",\"logo\":{\"@type\":\"ImageObject\",\"inLanguage\":\"cs\",\"@id\":\"https:\/\/www.simpleplan.cz\/cz\/#\/schema\/logo\/image\/\",\"url\":\"https:\/\/www.simpleplan.cz\/cz\/wp-content\/uploads\/spczlogo.png\",\"contentUrl\":\"https:\/\/www.simpleplan.cz\/cz\/wp-content\/uploads\/spczlogo.png\",\"width\":250,\"height\":190,\"caption\":\"CZ: SimplePlan.cz\"},\"image\":{\"@id\":\"https:\/\/www.simpleplan.cz\/cz\/#\/schema\/logo\/image\/\"},\"sameAs\":[\"http:\/\/www.facebook.com\/simpleplancz\",\"https:\/\/twitter.com\/simpleplancz\",\"http:\/\/www.instagram.com\/simpleplancz\",\"http:\/\/www.youtube.com\/simpleplancz\"]}]}<\/script>\n<!-- \/ Yoast SEO plugin. -->","yoast_head_json":{"title":"Moudr\u00e1 slova | CZ: SimplePlan.cz","robots":{"index":"index","follow":"follow","max-snippet":"max-snippet:-1","max-image-preview":"max-image-preview:large","max-video-preview":"max-video-preview:-1"},"canonical":"https:\/\/www.simpleplan.cz\/cz\/index.php\/extra\/moudra-slova\/","og_locale":"cs_CZ","og_type":"article","og_title":"Moudr\u00e1 slova | CZ: SimplePlan.cz","og_description":"Pierre: &#8222;Bu\u010fte v\u017edycky sv\u00ed a n\u00e1sledujte sv\u00e9 sny a kdy\u017e v\u00e1s lid\u00e9 nebudou m\u00edt r\u00e1di,","og_url":"https:\/\/www.simpleplan.cz\/cz\/index.php\/extra\/moudra-slova\/","og_site_name":"CZ: SimplePlan.cz","article_publisher":"http:\/\/www.facebook.com\/simpleplancz","article_modified_time":"2023-06-26T07:29:54+00:00","og_image":[{"url":"http:\/\/www.simpleplan.cz\/images\/quotes_pierre.gif"}],"twitter_card":"summary_large_image","twitter_site":"@simpleplancz","twitter_misc":{"Odhadovan\u00e1 doba \u010dten\u00ed":"4 minuty"},"schema":{"@context":"https:\/\/schema.org","@graph":[{"@type":"WebPage","@id":"https:\/\/www.simpleplan.cz\/cz\/index.php\/extra\/moudra-slova\/","url":"https:\/\/www.simpleplan.cz\/cz\/index.php\/extra\/moudra-slova\/","name":"Moudr\u00e1 slova | CZ: SimplePlan.cz","isPartOf":{"@id":"https:\/\/www.simpleplan.cz\/cz\/#website"},"datePublished":"2010-07-18T11:10:15+00:00","dateModified":"2023-06-26T07:29:54+00:00","breadcrumb":{"@id":"https:\/\/www.simpleplan.cz\/cz\/index.php\/extra\/moudra-slova\/#breadcrumb"},"inLanguage":"cs","potentialAction":[{"@type":"ReadAction","target":["https:\/\/www.simpleplan.cz\/cz\/index.php\/extra\/moudra-slova\/"]}]},{"@type":"BreadcrumbList","@id":"https:\/\/www.simpleplan.cz\/cz\/index.php\/extra\/moudra-slova\/#breadcrumb","itemListElement":[{"@type":"ListItem","position":1,"name":"Dom\u016f","item":"https:\/\/www.simpleplan.cz\/cz\/"},{"@type":"ListItem","position":2,"name":"Extra","item":"https:\/\/www.simpleplan.cz\/cz\/index.php\/extra\/"},{"@type":"ListItem","position":3,"name":"Moudr\u00e1 slova"}]},{"@type":"WebSite","@id":"https:\/\/www.simpleplan.cz\/cz\/#website","url":"https:\/\/www.simpleplan.cz\/cz\/","name":"CZ: SimplePlan.cz","description":"Nejlep\u0161\u00ed zdroj informac\u00ed o kapele Simple Plan","publisher":{"@id":"https:\/\/www.simpleplan.cz\/cz\/#organization"},"potentialAction":[{"@type":"SearchAction","target":{"@type":"EntryPoint","urlTemplate":"https:\/\/www.simpleplan.cz\/cz\/?s={search_term_string}"},"query-input":"required name=search_term_string"}],"inLanguage":"cs"},{"@type":"Organization","@id":"https:\/\/www.simpleplan.cz\/cz\/#organization","name":"CZ: SimplePlan.cz","url":"https:\/\/www.simpleplan.cz\/cz\/","logo":{"@type":"ImageObject","inLanguage":"cs","@id":"https:\/\/www.simpleplan.cz\/cz\/#\/schema\/logo\/image\/","url":"https:\/\/www.simpleplan.cz\/cz\/wp-content\/uploads\/spczlogo.png","contentUrl":"https:\/\/www.simpleplan.cz\/cz\/wp-content\/uploads\/spczlogo.png","width":250,"height":190,"caption":"CZ: SimplePlan.cz"},"image":{"@id":"https:\/\/www.simpleplan.cz\/cz\/#\/schema\/logo\/image\/"},"sameAs":["http:\/\/www.facebook.com\/simpleplancz","https:\/\/twitter.com\/simpleplancz","http:\/\/www.instagram.com\/simpleplancz","http:\/\/www.youtube.com\/simpleplancz"]}]}},"_links":{"self":[{"href":"https:\/\/www.simpleplan.cz\/cz\/index.php\/wp-json\/wp\/v2\/pages\/5337"}],"collection":[{"href":"https:\/\/www.simpleplan.cz\/cz\/index.php\/wp-json\/wp\/v2\/pages"}],"about":[{"href":"https:\/\/www.simpleplan.cz\/cz\/index.php\/wp-json\/wp\/v2\/types\/page"}],"author":[{"embeddable":true,"href":"https:\/\/www.simpleplan.cz\/cz\/index.php\/wp-json\/wp\/v2\/users\/5"}],"replies":[{"embeddable":true,"href":"https:\/\/www.simpleplan.cz\/cz\/index.php\/wp-json\/wp\/v2\/comments?post=5337"}],"version-history":[{"count":20,"href":"https:\/\/www.simpleplan.cz\/cz\/index.php\/wp-json\/wp\/v2\/pages\/5337\/revisions"}],"predecessor-version":[{"id":33043,"href":"https:\/\/www.simpleplan.cz\/cz\/index.php\/wp-json\/wp\/v2\/pages\/5337\/revisions\/33043"}],"up":[{"embeddable":true,"href":"https:\/\/www.simpleplan.cz\/cz\/index.php\/wp-json\/wp\/v2\/pages\/5259"}],"wp:attachment":[{"href":"https:\/\/www.simpleplan.cz\/cz\/index.php\/wp-json\/wp\/v2\/media?parent=5337"}],"curies":[{"name":"wp","href":"https:\/\/api.w.org\/{rel}","templated":true}]}}