{"id":5344,"date":"2010-07-17T17:11:13","date_gmt":"2010-07-17T15:11:13","guid":{"rendered":"http:\/\/www.simpleplan.cz\/wordpress\/?page_id=5344"},"modified":"2023-06-26T09:30:18","modified_gmt":"2023-06-26T07:30:18","slug":"webmiss","status":"publish","type":"page","link":"https:\/\/www.simpleplan.cz\/cz\/index.php\/online\/webmiss\/","title":{"rendered":"O autorce str\u00e1nek"},"content":{"rendered":"<div class=\"pagecontent\"><img decoding=\"async\" style=\"margin: 20px;\" src=\"https:\/\/i.imgur.com\/PYoRFsq.png\" alt=\"\" align=\"left\" \/> <b>Dominika Marsov\u00e1<\/b> (*23.08.1990) je hlavn\u00edm (a jedin\u00fdm) spr\u00e1vcem t\u00e9to str\u00e1nky, p\u0159i\u010dem\u017e str\u00e1nk\u00e1m o Simple Plan se v\u011bnuje ji\u017e od roku 2005. V tomto roce vznikl tak\u00e9 jej\u00ed prvn\u00ed v\u00fdznamn\u00fd blog o Simple Plan, kter\u00fd v roce 2007 p\u0159etvo\u0159ila v <b>SimplePlan.cz<\/b>. Dominika vystudovala Masarykovu univerzitu, kde v oboru medi\u00e1ln\u00ed studia z\u00edskala v roce 2015 magistersk\u00fd titul a v sou\u010dasn\u00e9 dob\u011b pracuje v oblasti marketingu.<\/p>\n<p>Jej\u00ed prvn\u00ed setk\u00e1n\u00ed se Simple Plan se konalo v dubnu 2008, kdy Simple Plan poprv\u00e9 nav\u0161t\u00edvili \u010ceskou republiku. Od t\u00e9 doby se Dominika z\u00fa\u010dastnila celkem <b>27 koncert\u016f Simple Plan<\/b> v r\u016fzn\u00fdch m\u011bstech Evropy a Kanady (Praha, V\u00edde\u0148, Mnichov, Frankfurt, Stuttgart, Bologna, Var\u0161ava, Antverpy, Amsterdam, Nottingham, Manchester, Lond\u00fdn, \u0158\u00edm, Berl\u00edn, Hamburk, Toronto, Montreal a Quebec), kde se tak\u00e9 poka\u017ed\u00e9 s kapelou setkala. Tak\u00e9 st\u00e1la za organizac\u00ed n\u00e1pisov\u00fdch p\u0159ekvapen\u00ed fanou\u0161k\u016f pro kapelu na v\u0161ech headlinov\u00fdch koncertech v Praze &#8211; tedy v letech <a href=\"http:\/\/www.simpleplan.cz\/gallery\/displayimage.php?pos=-16248\" target=\"_blank\" rel=\"noopener\">2008<\/a>, <a href=\"http:\/\/www.simpleplan.cz\/cz\/index.php\/fotografie-thank-you-napisu-z-prahy-ve-vysoke-kvalite\/\/\" target=\"_blank\" rel=\"noopener\">2011<\/a> and <a href=\"http:\/\/www.simpleplan.cz\/cz\/index.php\/simple-plan-ohromili-prahu-zatimco-praha-ohromila-simple-plan\/\" target=\"_blank\" rel=\"noopener\">2016<\/a>.<\/p>\n<p><center><img decoding=\"async\" src=\"http:\/\/i.imgur.com\/3XjE8hv.png\"><\/center><\/p>\n<p>Dominika tak\u00e9 po\u0159\u00eddila n\u011bkolik <b>rozhovor\u016f se \u010dleny Simple Plan<\/b> &#8211; poka\u017ed\u00e9, kdy\u017e nav\u0161t\u00edvili \u010ceskou republiku &#8211; v roce 2008 (<a href=\"http:\/\/www.simpleplan.cz\/cz\/index.php\/extra\/praha\/rozhovor-simpleplan-cz-se-simple-plan\/\" title=\"Rozhovor SimplePlan.cz se Simple Plan\">audio rozhovor<\/a>), 2011 (<a href=\"http:\/\/www.simpleplan.cz\/cz\/index.php\/extra\/praha2011\/rozhovor-simpleplancz-se-simple-plan\/\" title=\"Rozhovor SimplePlan.cz se Simple Plan v Praze\">video rozhovor<\/a>), 2016 (<a href=\"http:\/\/www.simpleplan.cz\/cz\/index.php\/rozhovor-simpleplan-cz-s-chuckem-a-sebem-z-prahy\/\" target=\"_blank\" rel=\"noopener\">video rozhovor<\/a>) a 2017 (<a href=\"http:\/\/www.simpleplan.cz\/cz\/index.php\/novy-rozhovor-simpleplan-cz-chuckem-sebem-aerodrome-festivalu\/\" target=\"_blank\" rel=\"noopener\">video rozhovor<\/a>); a tak\u00e9 p\u0159es Skype v roce 2013 (<a href=\"http:\/\/www.simpleplan.cz\/cz\/index.php\/rozhovor-simpleplan-cz-s-chuckem-comeau\/\" title=\"Rozhovor SimplePlan.cz s Chuckem Comeau\">Skype rozhovor<\/a>) a v Antverp\u00e1ch v roce 2015 (<a href=\"http:\/\/www.simpleplan.cz\/cz\/index.php\/exkluzivni-rozhovor-simpleplan-cz-s-pierrem-chuckem-a-sebem\/\" target=\"_blank\" rel=\"noopener\">video rozhovor<\/a>). Krom\u011b rozhovor\u016f Dominika organizuje tak\u00e9 <b><a href=\"http:\/\/www.simpleplan.cz\/cz\/index.php\/online\/srazy-fanousku-simple-plan\/\" title=\"Srazy fanou\u0161k\u016f Simple Plan\">srazy fanou\u0161k\u016f<\/a> Simple Plan v \u010cesk\u00e9 republice<\/b> &#8211; a to ji\u017e od roku 2007.<\/p>\n<p><span style=\"text-decoration: underline;\"><strong><center>Kontaktujte Dominiku:<\/center><\/strong><\/span><\/p>\n<p><center><strong>E-mail:<\/strong> <a href=\"mailto:dominikamars@gmail.com\">dominikamars@gmail.com<\/a> \/ <a href=\"mailto:info@simpleplan.cz\">info@simpleplan.cz<\/a><\/center><\/p>\n<p><center><a href=\"http:\/\/www.facebook.com\/Domulka\" style=\"margin-left: 5px;\"><i class=\"fa fa-facebook-square fa-3x\" aria-hidden=\"true\"><\/i><\/a> <a href=\"http:\/\/www.twitter.com\/Domulka\" style=\"margin-left: 5px;\"><span><i class=\"fa fa-twitter-square fa-3x\" aria-hidden=\"true\"><\/i><\/span><\/a> <a href=\"http:\/\/www.instagram.com\/dominikamars\" style=\"margin-left: 5px;\"><span><i class=\"fa fa-instagram fa-3x\" aria-hidden=\"true\"><\/i><\/span><\/a><\/center><\/p>\n<\/div>\n<div class=\"fblikebutton_button\" style=\"float: left; padding-top: 20px; margin-right: 20px; padding-bottom: 20px; padding-left: 20px;\"><iframe src=\"http:\/\/www.facebook.com\/plugins\/like.php?href=https%3A%2F%2Fwww.simpleplan.cz%2Fcz%2Findex.php%2Fonline%2Fwebmiss%2F&amp;layout=standard&amp;show-faces=false&amp;width=450&amp;action=like&amp;colorscheme=light\" scrolling=\"no\" frameborder=\"0\" allowTransparency=\"true\" style=\"border:none; overflow:hidden; width:450px; height:26px\"><\/iframe><\/div>\n","protected":false},"excerpt":{"rendered":"<p>Dominika Marsov\u00e1 (*23.08.1990) je hlavn\u00edm (a jedin\u00fdm) spr\u00e1vcem t\u00e9to str\u00e1nky, p\u0159i\u010dem\u017e str\u00e1nk\u00e1m o Simple Plan<\/p>\n","protected":false},"author":5,"featured_media":0,"parent":5263,"menu_order":0,"comment_status":"closed","ping_status":"closed","template":"page-templates\/full-width.php","meta":{"footnotes":""},"yoast_head":"<!-- This site is optimized with the Yoast SEO plugin v20.9 - https:\/\/yoast.com\/wordpress\/plugins\/seo\/ -->\n<title>O autorce str\u00e1nek | CZ: SimplePlan.cz<\/title>\n<meta name=\"robots\" content=\"index, follow, max-snippet:-1, max-image-preview:large, max-video-preview:-1\" \/>\n<link rel=\"canonical\" href=\"https:\/\/www.simpleplan.cz\/cz\/index.php\/online\/webmiss\/\" \/>\n<meta property=\"og:locale\" content=\"cs_CZ\" \/>\n<meta property=\"og:type\" content=\"article\" \/>\n<meta property=\"og:title\" content=\"O autorce str\u00e1nek | CZ: SimplePlan.cz\" \/>\n<meta property=\"og:description\" content=\"Dominika Marsov\u00e1 (*23.08.1990) je hlavn\u00edm (a jedin\u00fdm) spr\u00e1vcem t\u00e9to str\u00e1nky, p\u0159i\u010dem\u017e str\u00e1nk\u00e1m o Simple Plan\" \/>\n<meta property=\"og:url\" content=\"https:\/\/www.simpleplan.cz\/cz\/index.php\/online\/webmiss\/\" \/>\n<meta property=\"og:site_name\" content=\"CZ: SimplePlan.cz\" \/>\n<meta property=\"article:publisher\" content=\"http:\/\/www.facebook.com\/simpleplancz\" \/>\n<meta property=\"article:modified_time\" content=\"2023-06-26T07:30:18+00:00\" \/>\n<meta property=\"og:image\" content=\"https:\/\/i.imgur.com\/PYoRFsq.png\" \/>\n<meta name=\"twitter:card\" content=\"summary_large_image\" \/>\n<meta name=\"twitter:site\" content=\"@simpleplancz\" \/>\n<meta name=\"twitter:label1\" content=\"Odhadovan\u00e1 doba \u010dten\u00ed\" \/>\n\t<meta name=\"twitter:data1\" content=\"1 minuta\" \/>\n<script type=\"application\/ld+json\" class=\"yoast-schema-graph\">{\"@context\":\"https:\/\/schema.org\",\"@graph\":[{\"@type\":\"WebPage\",\"@id\":\"https:\/\/www.simpleplan.cz\/cz\/index.php\/online\/webmiss\/\",\"url\":\"https:\/\/www.simpleplan.cz\/cz\/index.php\/online\/webmiss\/\",\"name\":\"O autorce str\u00e1nek | CZ: SimplePlan.cz\",\"isPartOf\":{\"@id\":\"https:\/\/www.simpleplan.cz\/cz\/#website\"},\"datePublished\":\"2010-07-17T15:11:13+00:00\",\"dateModified\":\"2023-06-26T07:30:18+00:00\",\"breadcrumb\":{\"@id\":\"https:\/\/www.simpleplan.cz\/cz\/index.php\/online\/webmiss\/#breadcrumb\"},\"inLanguage\":\"cs\",\"potentialAction\":[{\"@type\":\"ReadAction\",\"target\":[\"https:\/\/www.simpleplan.cz\/cz\/index.php\/online\/webmiss\/\"]}]},{\"@type\":\"BreadcrumbList\",\"@id\":\"https:\/\/www.simpleplan.cz\/cz\/index.php\/online\/webmiss\/#breadcrumb\",\"itemListElement\":[{\"@type\":\"ListItem\",\"position\":1,\"name\":\"Dom\u016f\",\"item\":\"https:\/\/www.simpleplan.cz\/cz\/\"},{\"@type\":\"ListItem\",\"position\":2,\"name\":\"Online\",\"item\":\"https:\/\/www.simpleplan.cz\/cz\/index.php\/online\/\"},{\"@type\":\"ListItem\",\"position\":3,\"name\":\"O autorce str\u00e1nek\"}]},{\"@type\":\"WebSite\",\"@id\":\"https:\/\/www.simpleplan.cz\/cz\/#website\",\"url\":\"https:\/\/www.simpleplan.cz\/cz\/\",\"name\":\"CZ: SimplePlan.cz\",\"description\":\"Nejlep\u0161\u00ed zdroj informac\u00ed o kapele Simple Plan\",\"publisher\":{\"@id\":\"https:\/\/www.simpleplan.cz\/cz\/#organization\"},\"potentialAction\":[{\"@type\":\"SearchAction\",\"target\":{\"@type\":\"EntryPoint\",\"urlTemplate\":\"https:\/\/www.simpleplan.cz\/cz\/?s={search_term_string}\"},\"query-input\":\"required name=search_term_string\"}],\"inLanguage\":\"cs\"},{\"@type\":\"Organization\",\"@id\":\"https:\/\/www.simpleplan.cz\/cz\/#organization\",\"name\":\"CZ: SimplePlan.cz\",\"url\":\"https:\/\/www.simpleplan.cz\/cz\/\",\"logo\":{\"@type\":\"ImageObject\",\"inLanguage\":\"cs\",\"@id\":\"https:\/\/www.simpleplan.cz\/cz\/#\/schema\/logo\/image\/\",\"url\":\"https:\/\/www.simpleplan.cz\/cz\/wp-content\/uploads\/spczlogo.png\",\"contentUrl\":\"https:\/\/www.simpleplan.cz\/cz\/wp-content\/uploads\/spczlogo.png\",\"width\":250,\"height\":190,\"caption\":\"CZ: SimplePlan.cz\"},\"image\":{\"@id\":\"https:\/\/www.simpleplan.cz\/cz\/#\/schema\/logo\/image\/\"},\"sameAs\":[\"http:\/\/www.facebook.com\/simpleplancz\",\"https:\/\/twitter.com\/simpleplancz\",\"http:\/\/www.instagram.com\/simpleplancz\",\"http:\/\/www.youtube.com\/simpleplancz\"]}]}<\/script>\n<!-- \/ Yoast SEO plugin. -->","yoast_head_json":{"title":"O autorce str\u00e1nek | CZ: SimplePlan.cz","robots":{"index":"index","follow":"follow","max-snippet":"max-snippet:-1","max-image-preview":"max-image-preview:large","max-video-preview":"max-video-preview:-1"},"canonical":"https:\/\/www.simpleplan.cz\/cz\/index.php\/online\/webmiss\/","og_locale":"cs_CZ","og_type":"article","og_title":"O autorce str\u00e1nek | CZ: SimplePlan.cz","og_description":"Dominika Marsov\u00e1 (*23.08.1990) je hlavn\u00edm (a jedin\u00fdm) spr\u00e1vcem t\u00e9to str\u00e1nky, p\u0159i\u010dem\u017e str\u00e1nk\u00e1m o Simple Plan","og_url":"https:\/\/www.simpleplan.cz\/cz\/index.php\/online\/webmiss\/","og_site_name":"CZ: SimplePlan.cz","article_publisher":"http:\/\/www.facebook.com\/simpleplancz","article_modified_time":"2023-06-26T07:30:18+00:00","og_image":[{"url":"https:\/\/i.imgur.com\/PYoRFsq.png"}],"twitter_card":"summary_large_image","twitter_site":"@simpleplancz","twitter_misc":{"Odhadovan\u00e1 doba \u010dten\u00ed":"1 minuta"},"schema":{"@context":"https:\/\/schema.org","@graph":[{"@type":"WebPage","@id":"https:\/\/www.simpleplan.cz\/cz\/index.php\/online\/webmiss\/","url":"https:\/\/www.simpleplan.cz\/cz\/index.php\/online\/webmiss\/","name":"O autorce str\u00e1nek | CZ: SimplePlan.cz","isPartOf":{"@id":"https:\/\/www.simpleplan.cz\/cz\/#website"},"datePublished":"2010-07-17T15:11:13+00:00","dateModified":"2023-06-26T07:30:18+00:00","breadcrumb":{"@id":"https:\/\/www.simpleplan.cz\/cz\/index.php\/online\/webmiss\/#breadcrumb"},"inLanguage":"cs","potentialAction":[{"@type":"ReadAction","target":["https:\/\/www.simpleplan.cz\/cz\/index.php\/online\/webmiss\/"]}]},{"@type":"BreadcrumbList","@id":"https:\/\/www.simpleplan.cz\/cz\/index.php\/online\/webmiss\/#breadcrumb","itemListElement":[{"@type":"ListItem","position":1,"name":"Dom\u016f","item":"https:\/\/www.simpleplan.cz\/cz\/"},{"@type":"ListItem","position":2,"name":"Online","item":"https:\/\/www.simpleplan.cz\/cz\/index.php\/online\/"},{"@type":"ListItem","position":3,"name":"O autorce str\u00e1nek"}]},{"@type":"WebSite","@id":"https:\/\/www.simpleplan.cz\/cz\/#website","url":"https:\/\/www.simpleplan.cz\/cz\/","name":"CZ: SimplePlan.cz","description":"Nejlep\u0161\u00ed zdroj informac\u00ed o kapele Simple Plan","publisher":{"@id":"https:\/\/www.simpleplan.cz\/cz\/#organization"},"potentialAction":[{"@type":"SearchAction","target":{"@type":"EntryPoint","urlTemplate":"https:\/\/www.simpleplan.cz\/cz\/?s={search_term_string}"},"query-input":"required name=search_term_string"}],"inLanguage":"cs"},{"@type":"Organization","@id":"https:\/\/www.simpleplan.cz\/cz\/#organization","name":"CZ: SimplePlan.cz","url":"https:\/\/www.simpleplan.cz\/cz\/","logo":{"@type":"ImageObject","inLanguage":"cs","@id":"https:\/\/www.simpleplan.cz\/cz\/#\/schema\/logo\/image\/","url":"https:\/\/www.simpleplan.cz\/cz\/wp-content\/uploads\/spczlogo.png","contentUrl":"https:\/\/www.simpleplan.cz\/cz\/wp-content\/uploads\/spczlogo.png","width":250,"height":190,"caption":"CZ: SimplePlan.cz"},"image":{"@id":"https:\/\/www.simpleplan.cz\/cz\/#\/schema\/logo\/image\/"},"sameAs":["http:\/\/www.facebook.com\/simpleplancz","https:\/\/twitter.com\/simpleplancz","http:\/\/www.instagram.com\/simpleplancz","http:\/\/www.youtube.com\/simpleplancz"]}]}},"_links":{"self":[{"href":"https:\/\/www.simpleplan.cz\/cz\/index.php\/wp-json\/wp\/v2\/pages\/5344"}],"collection":[{"href":"https:\/\/www.simpleplan.cz\/cz\/index.php\/wp-json\/wp\/v2\/pages"}],"about":[{"href":"https:\/\/www.simpleplan.cz\/cz\/index.php\/wp-json\/wp\/v2\/types\/page"}],"author":[{"embeddable":true,"href":"https:\/\/www.simpleplan.cz\/cz\/index.php\/wp-json\/wp\/v2\/users\/5"}],"replies":[{"embeddable":true,"href":"https:\/\/www.simpleplan.cz\/cz\/index.php\/wp-json\/wp\/v2\/comments?post=5344"}],"version-history":[{"count":67,"href":"https:\/\/www.simpleplan.cz\/cz\/index.php\/wp-json\/wp\/v2\/pages\/5344\/revisions"}],"predecessor-version":[{"id":29442,"href":"https:\/\/www.simpleplan.cz\/cz\/index.php\/wp-json\/wp\/v2\/pages\/5344\/revisions\/29442"}],"up":[{"embeddable":true,"href":"https:\/\/www.simpleplan.cz\/cz\/index.php\/wp-json\/wp\/v2\/pages\/5263"}],"wp:attachment":[{"href":"https:\/\/www.simpleplan.cz\/cz\/index.php\/wp-json\/wp\/v2\/media?parent=5344"}],"curies":[{"name":"wp","href":"https:\/\/api.w.org\/{rel}","templated":true}]}}