{"id":5354,"date":"2010-07-17T17:13:21","date_gmt":"2010-07-17T15:13:21","guid":{"rendered":"http:\/\/www.simpleplan.cz\/wordpress\/?page_id=5354"},"modified":"2023-06-26T09:30:18","modified_gmt":"2023-06-26T07:30:18","slug":"kontaktujte-simpleplancz","status":"publish","type":"page","link":"https:\/\/www.simpleplan.cz\/cz\/index.php\/online\/kontaktujte-simpleplancz\/","title":{"rendered":"Kontaktujte SimplePlan.cz"},"content":{"rendered":"<p><center>M\u00e1te n\u011bjak\u00e9 <b>dotazy<\/b>, p\u0159ipom\u00ednky nebo <b>n\u00e1pady na vylep\u0161en\u00ed str\u00e1nky<\/b>? Sly\u0161eli jste o n\u011bjak\u00e9 <b>novince ohledn\u011b SP<\/b>, kter\u00e1 je\u0161t\u011b nebyla zve\u0159ejn\u011bna? Chcete <b>p\u0159isp\u011bt se sv\u00fdmi fotkami SP<\/b>?<\/center><\/p>\n<p><center><b>Dejte n\u00e1m v\u011bd\u011bt!<\/b><\/center><\/p>\n<p><center>Jednodu\u0161e napi\u0161te na <b>info@simpleplan.cz<\/b> nebo pou\u017eijte tento formul\u00e1\u0159:<\/center><\/p>\n<div class=\"wpforms-container wpforms-container-full\" id=\"wpforms-25492\"><form id=\"wpforms-form-25492\" class=\"wpforms-validate wpforms-form\" data-formid=\"25492\" method=\"post\" enctype=\"multipart\/form-data\" action=\"\/cz\/index.php\/wp-json\/wp\/v2\/pages\/5354\" data-token=\"314cf935f7e737e77f565caad3cead7e\" data-token-time=\"1776995412\"><noscript class=\"wpforms-error-noscript\">Chcete-li vyplnit tento formul\u00e1\u0159, pros\u00edm povolte v prohl\u00ed\u017ee\u010di JavaScript.<\/noscript><div class=\"wpforms-field-container\"><div id=\"wpforms-25492-field_4-container\" class=\"wpforms-field wpforms-field-text wpforms-one-half wpforms-first\" data-field-id=\"4\"><label class=\"wpforms-field-label\" for=\"wpforms-25492-field_4\">JM\u00c9NO <span class=\"wpforms-required-label\">*<\/span><\/label><input type=\"text\" id=\"wpforms-25492-field_4\" class=\"wpforms-field-medium wpforms-field-required\" name=\"wpforms[fields][4]\" required><\/div><div id=\"wpforms-25492-field_1-container\" class=\"wpforms-field wpforms-field-email wpforms-one-half wpforms-firstwpforms-one-half\" data-field-id=\"1\"><label class=\"wpforms-field-label\" for=\"wpforms-25492-field_1\">EMAIL <span class=\"wpforms-required-label\">*<\/span><\/label><input type=\"email\" id=\"wpforms-25492-field_1\" class=\"wpforms-field-medium wpforms-field-required\" name=\"wpforms[fields][1]\" spellcheck=\"false\" required><\/div><div id=\"wpforms-25492-field_2-container\" class=\"wpforms-field wpforms-field-textarea\" data-field-id=\"2\"><label class=\"wpforms-field-label\" for=\"wpforms-25492-field_2\">VA\u0160E ZPR\u00c1VA <span class=\"wpforms-required-label\">*<\/span><\/label><textarea id=\"wpforms-25492-field_2\" class=\"wpforms-field-medium wpforms-field-required\" name=\"wpforms[fields][2]\" required><\/textarea><\/div><div id=\"wpforms-25492-field_5-container\" class=\"wpforms-field wpforms-field-checkbox\" data-field-id=\"5\"><label class=\"wpforms-field-label\">Va\u0161e jm\u00e9no a e-mail budeme vyu\u017e\u00edvat pouze k dal\u0161\u00ed komunikaci s v\u00e1mi. <span class=\"wpforms-required-label\">*<\/span><\/label><ul id=\"wpforms-25492-field_5\" class=\"wpforms-field-required\"><li class=\"choice-1 depth-1\"><input type=\"checkbox\" id=\"wpforms-25492-field_5_1\" name=\"wpforms[fields][5][]\" value=\"Ud\u011bluji souhlas, \u017ee SimplePlan.cz m\u00e9 informace m\u016f\u017ee vyu\u017e\u00edvat ke komunikaci s moj\u00ed osobou.\" required ><label class=\"wpforms-field-label-inline\" for=\"wpforms-25492-field_5_1\">Ud\u011bluji souhlas, \u017ee SimplePlan.cz m\u00e9 informace m\u016f\u017ee vyu\u017e\u00edvat ke komunikaci s moj\u00ed osobou.<\/label><\/li><\/ul><div class=\"wpforms-field-description\">(V p\u0159\u00edpad\u011b, \u017ee budete cht\u00edt va\u0161e informace z na\u0161\u00ed datab\u00e1ze smazat, m\u016f\u017eete kdykoliv kontaktovat SimplePlan.cz na info@simpleplan.cz).<\/div><\/div><\/div><!-- .wpforms-field-container --><div class=\"wpforms-field wpforms-field-hp\"><label for=\"wpforms-25492-field-hp\" class=\"wpforms-field-label\">Email<\/label><input type=\"text\" name=\"wpforms[hp]\" id=\"wpforms-25492-field-hp\" class=\"wpforms-field-medium\"><\/div><div class=\"wpforms-submit-container\" ><input type=\"hidden\" name=\"wpforms[id]\" value=\"25492\"><input type=\"hidden\" name=\"page_title\" value=\"\"><input type=\"hidden\" name=\"page_url\" value=\"https:\/\/www.simpleplan.cz\/cz\/index.php\/wp-json\/wp\/v2\/pages\/5354\"><input type=\"hidden\" name=\"url_referer\" value=\"\"><button type=\"submit\" name=\"wpforms[submit]\" id=\"wpforms-submit-25492\" class=\"wpforms-submit\" data-alt-text=\"ODES\u00cdL\u00c1M...\" data-submit-text=\"ODESLAT\" aria-live=\"assertive\" value=\"wpforms-submit\">ODESLAT<\/button><\/div><\/form><\/div>  <!-- .wpforms-container -->\n<div class=\"fblikebutton_button\" style=\"float: left; padding-top: 20px; margin-right: 20px; padding-bottom: 20px; padding-left: 20px;\"><iframe src=\"http:\/\/www.facebook.com\/plugins\/like.php?href=https%3A%2F%2Fwww.simpleplan.cz%2Fcz%2Findex.php%2Fonline%2Fkontaktujte-simpleplancz%2F&amp;layout=standard&amp;show-faces=false&amp;width=450&amp;action=like&amp;colorscheme=light\" scrolling=\"no\" frameborder=\"0\" allowTransparency=\"true\" style=\"border:none; overflow:hidden; width:450px; height:26px\"><\/iframe><\/div>\n","protected":false},"excerpt":{"rendered":"<p>M\u00e1te n\u011bjak\u00e9 dotazy, p\u0159ipom\u00ednky nebo n\u00e1pady na vylep\u0161en\u00ed str\u00e1nky? Sly\u0161eli jste o n\u011bjak\u00e9 novince ohledn\u011b<\/p>\n","protected":false},"author":5,"featured_media":0,"parent":5263,"menu_order":0,"comment_status":"closed","ping_status":"closed","template":"page-templates\/full-width.php","meta":{"footnotes":""},"yoast_head":"<!-- This site is optimized with the Yoast SEO plugin v20.9 - https:\/\/yoast.com\/wordpress\/plugins\/seo\/ -->\n<title>Kontaktujte SimplePlan.cz | CZ: SimplePlan.cz<\/title>\n<meta name=\"robots\" content=\"index, follow, max-snippet:-1, max-image-preview:large, max-video-preview:-1\" \/>\n<link rel=\"canonical\" href=\"https:\/\/www.simpleplan.cz\/cz\/index.php\/online\/kontaktujte-simpleplancz\/\" \/>\n<meta property=\"og:locale\" content=\"cs_CZ\" \/>\n<meta property=\"og:type\" content=\"article\" \/>\n<meta property=\"og:title\" content=\"Kontaktujte SimplePlan.cz | CZ: SimplePlan.cz\" \/>\n<meta property=\"og:description\" content=\"M\u00e1te n\u011bjak\u00e9 dotazy, p\u0159ipom\u00ednky nebo n\u00e1pady na vylep\u0161en\u00ed str\u00e1nky? Sly\u0161eli jste o n\u011bjak\u00e9 novince ohledn\u011b\" \/>\n<meta property=\"og:url\" content=\"https:\/\/www.simpleplan.cz\/cz\/index.php\/online\/kontaktujte-simpleplancz\/\" \/>\n<meta property=\"og:site_name\" content=\"CZ: SimplePlan.cz\" \/>\n<meta property=\"article:publisher\" content=\"http:\/\/www.facebook.com\/simpleplancz\" \/>\n<meta property=\"article:modified_time\" content=\"2023-06-26T07:30:18+00:00\" \/>\n<meta property=\"og:image\" content=\"http:\/\/www.simpleplan.cz\/cz\/wp-content\/uploads\/logo.gif\" \/>\n<meta name=\"twitter:card\" content=\"summary_large_image\" \/>\n<meta name=\"twitter:site\" content=\"@simpleplancz\" \/>\n<script type=\"application\/ld+json\" class=\"yoast-schema-graph\">{\"@context\":\"https:\/\/schema.org\",\"@graph\":[{\"@type\":\"WebPage\",\"@id\":\"https:\/\/www.simpleplan.cz\/cz\/index.php\/online\/kontaktujte-simpleplancz\/\",\"url\":\"https:\/\/www.simpleplan.cz\/cz\/index.php\/online\/kontaktujte-simpleplancz\/\",\"name\":\"Kontaktujte SimplePlan.cz | CZ: SimplePlan.cz\",\"isPartOf\":{\"@id\":\"https:\/\/www.simpleplan.cz\/cz\/#website\"},\"datePublished\":\"2010-07-17T15:13:21+00:00\",\"dateModified\":\"2023-06-26T07:30:18+00:00\",\"breadcrumb\":{\"@id\":\"https:\/\/www.simpleplan.cz\/cz\/index.php\/online\/kontaktujte-simpleplancz\/#breadcrumb\"},\"inLanguage\":\"cs\",\"potentialAction\":[{\"@type\":\"ReadAction\",\"target\":[\"https:\/\/www.simpleplan.cz\/cz\/index.php\/online\/kontaktujte-simpleplancz\/\"]}]},{\"@type\":\"BreadcrumbList\",\"@id\":\"https:\/\/www.simpleplan.cz\/cz\/index.php\/online\/kontaktujte-simpleplancz\/#breadcrumb\",\"itemListElement\":[{\"@type\":\"ListItem\",\"position\":1,\"name\":\"Dom\u016f\",\"item\":\"https:\/\/www.simpleplan.cz\/cz\/\"},{\"@type\":\"ListItem\",\"position\":2,\"name\":\"Online\",\"item\":\"https:\/\/www.simpleplan.cz\/cz\/index.php\/online\/\"},{\"@type\":\"ListItem\",\"position\":3,\"name\":\"Kontaktujte SimplePlan.cz\"}]},{\"@type\":\"WebSite\",\"@id\":\"https:\/\/www.simpleplan.cz\/cz\/#website\",\"url\":\"https:\/\/www.simpleplan.cz\/cz\/\",\"name\":\"CZ: SimplePlan.cz\",\"description\":\"Nejlep\u0161\u00ed zdroj informac\u00ed o kapele Simple Plan\",\"publisher\":{\"@id\":\"https:\/\/www.simpleplan.cz\/cz\/#organization\"},\"potentialAction\":[{\"@type\":\"SearchAction\",\"target\":{\"@type\":\"EntryPoint\",\"urlTemplate\":\"https:\/\/www.simpleplan.cz\/cz\/?s={search_term_string}\"},\"query-input\":\"required name=search_term_string\"}],\"inLanguage\":\"cs\"},{\"@type\":\"Organization\",\"@id\":\"https:\/\/www.simpleplan.cz\/cz\/#organization\",\"name\":\"CZ: SimplePlan.cz\",\"url\":\"https:\/\/www.simpleplan.cz\/cz\/\",\"logo\":{\"@type\":\"ImageObject\",\"inLanguage\":\"cs\",\"@id\":\"https:\/\/www.simpleplan.cz\/cz\/#\/schema\/logo\/image\/\",\"url\":\"https:\/\/www.simpleplan.cz\/cz\/wp-content\/uploads\/spczlogo.png\",\"contentUrl\":\"https:\/\/www.simpleplan.cz\/cz\/wp-content\/uploads\/spczlogo.png\",\"width\":250,\"height\":190,\"caption\":\"CZ: SimplePlan.cz\"},\"image\":{\"@id\":\"https:\/\/www.simpleplan.cz\/cz\/#\/schema\/logo\/image\/\"},\"sameAs\":[\"http:\/\/www.facebook.com\/simpleplancz\",\"https:\/\/twitter.com\/simpleplancz\",\"http:\/\/www.instagram.com\/simpleplancz\",\"http:\/\/www.youtube.com\/simpleplancz\"]}]}<\/script>\n<!-- \/ Yoast SEO plugin. -->","yoast_head_json":{"title":"Kontaktujte SimplePlan.cz | CZ: SimplePlan.cz","robots":{"index":"index","follow":"follow","max-snippet":"max-snippet:-1","max-image-preview":"max-image-preview:large","max-video-preview":"max-video-preview:-1"},"canonical":"https:\/\/www.simpleplan.cz\/cz\/index.php\/online\/kontaktujte-simpleplancz\/","og_locale":"cs_CZ","og_type":"article","og_title":"Kontaktujte SimplePlan.cz | CZ: SimplePlan.cz","og_description":"M\u00e1te n\u011bjak\u00e9 dotazy, p\u0159ipom\u00ednky nebo n\u00e1pady na vylep\u0161en\u00ed str\u00e1nky? Sly\u0161eli jste o n\u011bjak\u00e9 novince ohledn\u011b","og_url":"https:\/\/www.simpleplan.cz\/cz\/index.php\/online\/kontaktujte-simpleplancz\/","og_site_name":"CZ: SimplePlan.cz","article_publisher":"http:\/\/www.facebook.com\/simpleplancz","article_modified_time":"2023-06-26T07:30:18+00:00","og_image":[{"url":"http:\/\/www.simpleplan.cz\/cz\/wp-content\/uploads\/logo.gif"}],"twitter_card":"summary_large_image","twitter_site":"@simpleplancz","schema":{"@context":"https:\/\/schema.org","@graph":[{"@type":"WebPage","@id":"https:\/\/www.simpleplan.cz\/cz\/index.php\/online\/kontaktujte-simpleplancz\/","url":"https:\/\/www.simpleplan.cz\/cz\/index.php\/online\/kontaktujte-simpleplancz\/","name":"Kontaktujte SimplePlan.cz | CZ: SimplePlan.cz","isPartOf":{"@id":"https:\/\/www.simpleplan.cz\/cz\/#website"},"datePublished":"2010-07-17T15:13:21+00:00","dateModified":"2023-06-26T07:30:18+00:00","breadcrumb":{"@id":"https:\/\/www.simpleplan.cz\/cz\/index.php\/online\/kontaktujte-simpleplancz\/#breadcrumb"},"inLanguage":"cs","potentialAction":[{"@type":"ReadAction","target":["https:\/\/www.simpleplan.cz\/cz\/index.php\/online\/kontaktujte-simpleplancz\/"]}]},{"@type":"BreadcrumbList","@id":"https:\/\/www.simpleplan.cz\/cz\/index.php\/online\/kontaktujte-simpleplancz\/#breadcrumb","itemListElement":[{"@type":"ListItem","position":1,"name":"Dom\u016f","item":"https:\/\/www.simpleplan.cz\/cz\/"},{"@type":"ListItem","position":2,"name":"Online","item":"https:\/\/www.simpleplan.cz\/cz\/index.php\/online\/"},{"@type":"ListItem","position":3,"name":"Kontaktujte SimplePlan.cz"}]},{"@type":"WebSite","@id":"https:\/\/www.simpleplan.cz\/cz\/#website","url":"https:\/\/www.simpleplan.cz\/cz\/","name":"CZ: SimplePlan.cz","description":"Nejlep\u0161\u00ed zdroj informac\u00ed o kapele Simple Plan","publisher":{"@id":"https:\/\/www.simpleplan.cz\/cz\/#organization"},"potentialAction":[{"@type":"SearchAction","target":{"@type":"EntryPoint","urlTemplate":"https:\/\/www.simpleplan.cz\/cz\/?s={search_term_string}"},"query-input":"required name=search_term_string"}],"inLanguage":"cs"},{"@type":"Organization","@id":"https:\/\/www.simpleplan.cz\/cz\/#organization","name":"CZ: SimplePlan.cz","url":"https:\/\/www.simpleplan.cz\/cz\/","logo":{"@type":"ImageObject","inLanguage":"cs","@id":"https:\/\/www.simpleplan.cz\/cz\/#\/schema\/logo\/image\/","url":"https:\/\/www.simpleplan.cz\/cz\/wp-content\/uploads\/spczlogo.png","contentUrl":"https:\/\/www.simpleplan.cz\/cz\/wp-content\/uploads\/spczlogo.png","width":250,"height":190,"caption":"CZ: SimplePlan.cz"},"image":{"@id":"https:\/\/www.simpleplan.cz\/cz\/#\/schema\/logo\/image\/"},"sameAs":["http:\/\/www.facebook.com\/simpleplancz","https:\/\/twitter.com\/simpleplancz","http:\/\/www.instagram.com\/simpleplancz","http:\/\/www.youtube.com\/simpleplancz"]}]}},"_links":{"self":[{"href":"https:\/\/www.simpleplan.cz\/cz\/index.php\/wp-json\/wp\/v2\/pages\/5354"}],"collection":[{"href":"https:\/\/www.simpleplan.cz\/cz\/index.php\/wp-json\/wp\/v2\/pages"}],"about":[{"href":"https:\/\/www.simpleplan.cz\/cz\/index.php\/wp-json\/wp\/v2\/types\/page"}],"author":[{"embeddable":true,"href":"https:\/\/www.simpleplan.cz\/cz\/index.php\/wp-json\/wp\/v2\/users\/5"}],"replies":[{"embeddable":true,"href":"https:\/\/www.simpleplan.cz\/cz\/index.php\/wp-json\/wp\/v2\/comments?post=5354"}],"version-history":[{"count":33,"href":"https:\/\/www.simpleplan.cz\/cz\/index.php\/wp-json\/wp\/v2\/pages\/5354\/revisions"}],"predecessor-version":[{"id":27339,"href":"https:\/\/www.simpleplan.cz\/cz\/index.php\/wp-json\/wp\/v2\/pages\/5354\/revisions\/27339"}],"up":[{"embeddable":true,"href":"https:\/\/www.simpleplan.cz\/cz\/index.php\/wp-json\/wp\/v2\/pages\/5263"}],"wp:attachment":[{"href":"https:\/\/www.simpleplan.cz\/cz\/index.php\/wp-json\/wp\/v2\/media?parent=5354"}],"curies":[{"name":"wp","href":"https:\/\/api.w.org\/{rel}","templated":true}]}}