{"id":5363,"date":"2010-07-17T17:15:49","date_gmt":"2010-07-17T15:15:49","guid":{"rendered":"http:\/\/www.simpleplan.cz\/wordpress\/?page_id=5363"},"modified":"2023-06-26T09:30:18","modified_gmt":"2023-06-26T07:30:18","slug":"ikonky-a-loga-simpleplan-cz","status":"publish","type":"page","link":"https:\/\/www.simpleplan.cz\/cz\/index.php\/online\/ikonky-a-loga-simpleplan-cz\/","title":{"rendered":"Ikonky a logo SimplePlan.cz"},"content":{"rendered":"<div class=\"pagecontent\">\n<p>Zde najdete n\u011bkolik ikonek, pomoc\u00ed nich\u017e m\u016f\u017eete na SimplePlan.cz odk\u00e1zat. Ulo\u017ete si je pros\u00edm na vlastn\u00ed server. NEHOTLINKUJTE!<\/p>\n<p style=\"text-align: center;\"><img decoding=\"async\" src=\"http:\/\/www.simpleplan.cz\/images\/ic7.jpg\" alt=\"\" \/>\u00a0<img decoding=\"async\" src=\"http:\/\/www.simpleplan.cz\/images\/ic8.gif\" alt=\"\" \/>\u00a0<img decoding=\"async\" src=\"http:\/\/www.simpleplan.cz\/images\/ic9.gif\" alt=\"\" \/><br \/>\n<img decoding=\"async\" src=\"http:\/\/www.simpleplan.cz\/images\/ic10.gif\" alt=\"\" \/>\u00a0<img decoding=\"async\" src=\"http:\/\/www.simpleplan.cz\/images\/ic1.gif\" alt=\"\" \/>\u00a0<img decoding=\"async\" src=\"http:\/\/www.simpleplan.cz\/images\/ic2.gif\" alt=\"\" \/><br \/>\n<img decoding=\"async\" src=\"http:\/\/www.simpleplan.cz\/images\/ic3.gif\" alt=\"\" \/>\u00a0<img decoding=\"async\" src=\"http:\/\/www.simpleplan.cz\/images\/ic4.gif\" alt=\"\" \/>\u00a0<img decoding=\"async\" src=\"http:\/\/www.simpleplan.cz\/images\/ic6.gif\" alt=\"\" \/><br \/>\n<img decoding=\"async\" src=\"http:\/\/www.simpleplan.cz\/images\/ic5.gif\" alt=\"\" \/>\u00a0<img decoding=\"async\" src=\"http:\/\/www.simpleplan.cz\/images\/ic11.gif\" alt=\"\" \/>\u00a0<img decoding=\"async\" src=\"http:\/\/www.simpleplan.cz\/images\/ic12.gif\" alt=\"\" \/><br \/>\n<img decoding=\"async\" src=\"http:\/\/www.simpleplan.cz\/images\/ic13.gif\" alt=\"\" \/> <img decoding=\"async\" src=\"http:\/\/www.simpleplan.cz\/images\/ic14.gif\" alt=\"\" \/><\/p>\n<p>Logo SimplePlan.cz:<\/p>\n<p style=\"text-align: center;\">\u00a0<img decoding=\"async\" src=\"http:\/\/i.imgur.com\/LT7IQ3A.png\" alt=\"\" \/><\/p>\n<\/div>\n<div class=\"fblikebutton_button\" style=\"float: left; padding-top: 20px; margin-right: 20px; padding-bottom: 20px; padding-left: 20px;\"><iframe src=\"http:\/\/www.facebook.com\/plugins\/like.php?href=https%3A%2F%2Fwww.simpleplan.cz%2Fcz%2Findex.php%2Fonline%2Fikonky-a-loga-simpleplan-cz%2F&amp;layout=standard&amp;show-faces=false&amp;width=450&amp;action=like&amp;colorscheme=light\" scrolling=\"no\" frameborder=\"0\" allowTransparency=\"true\" style=\"border:none; overflow:hidden; width:450px; height:26px\"><\/iframe><\/div>\n","protected":false},"excerpt":{"rendered":"<p>Zde najdete n\u011bkolik ikonek, pomoc\u00ed nich\u017e m\u016f\u017eete na SimplePlan.cz odk\u00e1zat. Ulo\u017ete si je pros\u00edm na<\/p>\n","protected":false},"author":5,"featured_media":0,"parent":5263,"menu_order":0,"comment_status":"closed","ping_status":"closed","template":"page-templates\/full-width.php","meta":{"footnotes":""},"yoast_head":"<!-- This site is optimized with the Yoast SEO plugin v20.9 - https:\/\/yoast.com\/wordpress\/plugins\/seo\/ -->\n<title>Ikonky a logo SimplePlan.cz | CZ: SimplePlan.cz<\/title>\n<meta name=\"robots\" content=\"index, follow, max-snippet:-1, max-image-preview:large, max-video-preview:-1\" \/>\n<link rel=\"canonical\" href=\"https:\/\/www.simpleplan.cz\/cz\/index.php\/online\/ikonky-a-loga-simpleplan-cz\/\" \/>\n<meta property=\"og:locale\" content=\"cs_CZ\" \/>\n<meta property=\"og:type\" content=\"article\" \/>\n<meta property=\"og:title\" content=\"Ikonky a logo SimplePlan.cz | CZ: SimplePlan.cz\" \/>\n<meta property=\"og:description\" content=\"Zde najdete n\u011bkolik ikonek, pomoc\u00ed nich\u017e m\u016f\u017eete na SimplePlan.cz odk\u00e1zat. Ulo\u017ete si je pros\u00edm na\" \/>\n<meta property=\"og:url\" content=\"https:\/\/www.simpleplan.cz\/cz\/index.php\/online\/ikonky-a-loga-simpleplan-cz\/\" \/>\n<meta property=\"og:site_name\" content=\"CZ: SimplePlan.cz\" \/>\n<meta property=\"article:publisher\" content=\"http:\/\/www.facebook.com\/simpleplancz\" \/>\n<meta property=\"article:modified_time\" content=\"2023-06-26T07:30:18+00:00\" \/>\n<meta property=\"og:image\" content=\"http:\/\/www.simpleplan.cz\/images\/ic7.jpg\" \/>\n<meta name=\"twitter:card\" content=\"summary_large_image\" \/>\n<meta name=\"twitter:site\" content=\"@simpleplancz\" \/>\n<script type=\"application\/ld+json\" class=\"yoast-schema-graph\">{\"@context\":\"https:\/\/schema.org\",\"@graph\":[{\"@type\":\"WebPage\",\"@id\":\"https:\/\/www.simpleplan.cz\/cz\/index.php\/online\/ikonky-a-loga-simpleplan-cz\/\",\"url\":\"https:\/\/www.simpleplan.cz\/cz\/index.php\/online\/ikonky-a-loga-simpleplan-cz\/\",\"name\":\"Ikonky a logo SimplePlan.cz | CZ: SimplePlan.cz\",\"isPartOf\":{\"@id\":\"https:\/\/www.simpleplan.cz\/cz\/#website\"},\"datePublished\":\"2010-07-17T15:15:49+00:00\",\"dateModified\":\"2023-06-26T07:30:18+00:00\",\"breadcrumb\":{\"@id\":\"https:\/\/www.simpleplan.cz\/cz\/index.php\/online\/ikonky-a-loga-simpleplan-cz\/#breadcrumb\"},\"inLanguage\":\"cs\",\"potentialAction\":[{\"@type\":\"ReadAction\",\"target\":[\"https:\/\/www.simpleplan.cz\/cz\/index.php\/online\/ikonky-a-loga-simpleplan-cz\/\"]}]},{\"@type\":\"BreadcrumbList\",\"@id\":\"https:\/\/www.simpleplan.cz\/cz\/index.php\/online\/ikonky-a-loga-simpleplan-cz\/#breadcrumb\",\"itemListElement\":[{\"@type\":\"ListItem\",\"position\":1,\"name\":\"Dom\u016f\",\"item\":\"https:\/\/www.simpleplan.cz\/cz\/\"},{\"@type\":\"ListItem\",\"position\":2,\"name\":\"Online\",\"item\":\"https:\/\/www.simpleplan.cz\/cz\/index.php\/online\/\"},{\"@type\":\"ListItem\",\"position\":3,\"name\":\"Ikonky a logo SimplePlan.cz\"}]},{\"@type\":\"WebSite\",\"@id\":\"https:\/\/www.simpleplan.cz\/cz\/#website\",\"url\":\"https:\/\/www.simpleplan.cz\/cz\/\",\"name\":\"CZ: SimplePlan.cz\",\"description\":\"Nejlep\u0161\u00ed zdroj informac\u00ed o kapele Simple Plan\",\"publisher\":{\"@id\":\"https:\/\/www.simpleplan.cz\/cz\/#organization\"},\"potentialAction\":[{\"@type\":\"SearchAction\",\"target\":{\"@type\":\"EntryPoint\",\"urlTemplate\":\"https:\/\/www.simpleplan.cz\/cz\/?s={search_term_string}\"},\"query-input\":\"required name=search_term_string\"}],\"inLanguage\":\"cs\"},{\"@type\":\"Organization\",\"@id\":\"https:\/\/www.simpleplan.cz\/cz\/#organization\",\"name\":\"CZ: SimplePlan.cz\",\"url\":\"https:\/\/www.simpleplan.cz\/cz\/\",\"logo\":{\"@type\":\"ImageObject\",\"inLanguage\":\"cs\",\"@id\":\"https:\/\/www.simpleplan.cz\/cz\/#\/schema\/logo\/image\/\",\"url\":\"https:\/\/www.simpleplan.cz\/cz\/wp-content\/uploads\/spczlogo.png\",\"contentUrl\":\"https:\/\/www.simpleplan.cz\/cz\/wp-content\/uploads\/spczlogo.png\",\"width\":250,\"height\":190,\"caption\":\"CZ: SimplePlan.cz\"},\"image\":{\"@id\":\"https:\/\/www.simpleplan.cz\/cz\/#\/schema\/logo\/image\/\"},\"sameAs\":[\"http:\/\/www.facebook.com\/simpleplancz\",\"https:\/\/twitter.com\/simpleplancz\",\"http:\/\/www.instagram.com\/simpleplancz\",\"http:\/\/www.youtube.com\/simpleplancz\"]}]}<\/script>\n<!-- \/ Yoast SEO plugin. -->","yoast_head_json":{"title":"Ikonky a logo SimplePlan.cz | CZ: SimplePlan.cz","robots":{"index":"index","follow":"follow","max-snippet":"max-snippet:-1","max-image-preview":"max-image-preview:large","max-video-preview":"max-video-preview:-1"},"canonical":"https:\/\/www.simpleplan.cz\/cz\/index.php\/online\/ikonky-a-loga-simpleplan-cz\/","og_locale":"cs_CZ","og_type":"article","og_title":"Ikonky a logo SimplePlan.cz | CZ: SimplePlan.cz","og_description":"Zde najdete n\u011bkolik ikonek, pomoc\u00ed nich\u017e m\u016f\u017eete na SimplePlan.cz odk\u00e1zat. Ulo\u017ete si je pros\u00edm na","og_url":"https:\/\/www.simpleplan.cz\/cz\/index.php\/online\/ikonky-a-loga-simpleplan-cz\/","og_site_name":"CZ: SimplePlan.cz","article_publisher":"http:\/\/www.facebook.com\/simpleplancz","article_modified_time":"2023-06-26T07:30:18+00:00","og_image":[{"url":"http:\/\/www.simpleplan.cz\/images\/ic7.jpg"}],"twitter_card":"summary_large_image","twitter_site":"@simpleplancz","schema":{"@context":"https:\/\/schema.org","@graph":[{"@type":"WebPage","@id":"https:\/\/www.simpleplan.cz\/cz\/index.php\/online\/ikonky-a-loga-simpleplan-cz\/","url":"https:\/\/www.simpleplan.cz\/cz\/index.php\/online\/ikonky-a-loga-simpleplan-cz\/","name":"Ikonky a logo SimplePlan.cz | CZ: SimplePlan.cz","isPartOf":{"@id":"https:\/\/www.simpleplan.cz\/cz\/#website"},"datePublished":"2010-07-17T15:15:49+00:00","dateModified":"2023-06-26T07:30:18+00:00","breadcrumb":{"@id":"https:\/\/www.simpleplan.cz\/cz\/index.php\/online\/ikonky-a-loga-simpleplan-cz\/#breadcrumb"},"inLanguage":"cs","potentialAction":[{"@type":"ReadAction","target":["https:\/\/www.simpleplan.cz\/cz\/index.php\/online\/ikonky-a-loga-simpleplan-cz\/"]}]},{"@type":"BreadcrumbList","@id":"https:\/\/www.simpleplan.cz\/cz\/index.php\/online\/ikonky-a-loga-simpleplan-cz\/#breadcrumb","itemListElement":[{"@type":"ListItem","position":1,"name":"Dom\u016f","item":"https:\/\/www.simpleplan.cz\/cz\/"},{"@type":"ListItem","position":2,"name":"Online","item":"https:\/\/www.simpleplan.cz\/cz\/index.php\/online\/"},{"@type":"ListItem","position":3,"name":"Ikonky a logo SimplePlan.cz"}]},{"@type":"WebSite","@id":"https:\/\/www.simpleplan.cz\/cz\/#website","url":"https:\/\/www.simpleplan.cz\/cz\/","name":"CZ: SimplePlan.cz","description":"Nejlep\u0161\u00ed zdroj informac\u00ed o kapele Simple Plan","publisher":{"@id":"https:\/\/www.simpleplan.cz\/cz\/#organization"},"potentialAction":[{"@type":"SearchAction","target":{"@type":"EntryPoint","urlTemplate":"https:\/\/www.simpleplan.cz\/cz\/?s={search_term_string}"},"query-input":"required name=search_term_string"}],"inLanguage":"cs"},{"@type":"Organization","@id":"https:\/\/www.simpleplan.cz\/cz\/#organization","name":"CZ: SimplePlan.cz","url":"https:\/\/www.simpleplan.cz\/cz\/","logo":{"@type":"ImageObject","inLanguage":"cs","@id":"https:\/\/www.simpleplan.cz\/cz\/#\/schema\/logo\/image\/","url":"https:\/\/www.simpleplan.cz\/cz\/wp-content\/uploads\/spczlogo.png","contentUrl":"https:\/\/www.simpleplan.cz\/cz\/wp-content\/uploads\/spczlogo.png","width":250,"height":190,"caption":"CZ: SimplePlan.cz"},"image":{"@id":"https:\/\/www.simpleplan.cz\/cz\/#\/schema\/logo\/image\/"},"sameAs":["http:\/\/www.facebook.com\/simpleplancz","https:\/\/twitter.com\/simpleplancz","http:\/\/www.instagram.com\/simpleplancz","http:\/\/www.youtube.com\/simpleplancz"]}]}},"_links":{"self":[{"href":"https:\/\/www.simpleplan.cz\/cz\/index.php\/wp-json\/wp\/v2\/pages\/5363"}],"collection":[{"href":"https:\/\/www.simpleplan.cz\/cz\/index.php\/wp-json\/wp\/v2\/pages"}],"about":[{"href":"https:\/\/www.simpleplan.cz\/cz\/index.php\/wp-json\/wp\/v2\/types\/page"}],"author":[{"embeddable":true,"href":"https:\/\/www.simpleplan.cz\/cz\/index.php\/wp-json\/wp\/v2\/users\/5"}],"replies":[{"embeddable":true,"href":"https:\/\/www.simpleplan.cz\/cz\/index.php\/wp-json\/wp\/v2\/comments?post=5363"}],"version-history":[{"count":16,"href":"https:\/\/www.simpleplan.cz\/cz\/index.php\/wp-json\/wp\/v2\/pages\/5363\/revisions"}],"predecessor-version":[{"id":23381,"href":"https:\/\/www.simpleplan.cz\/cz\/index.php\/wp-json\/wp\/v2\/pages\/5363\/revisions\/23381"}],"up":[{"embeddable":true,"href":"https:\/\/www.simpleplan.cz\/cz\/index.php\/wp-json\/wp\/v2\/pages\/5263"}],"wp:attachment":[{"href":"https:\/\/www.simpleplan.cz\/cz\/index.php\/wp-json\/wp\/v2\/media?parent=5363"}],"curies":[{"name":"wp","href":"https:\/\/api.w.org\/{rel}","templated":true}]}}