{"id":5375,"date":"2010-07-17T17:19:54","date_gmt":"2010-07-17T15:19:54","guid":{"rendered":"http:\/\/www.simpleplan.cz\/wordpress\/?page_id=5375"},"modified":"2023-06-26T09:29:53","modified_gmt":"2023-06-26T07:29:53","slug":"im-in-praho-aneb-song-o-praze","status":"publish","type":"page","link":"https:\/\/www.simpleplan.cz\/cz\/index.php\/extra\/praha\/im-in-praho-aneb-song-o-praze\/","title":{"rendered":"&#8222;I&#8217;m in Praho&#8220; aneb song o Praze"},"content":{"rendered":"<div class=\"pagecontent\">Stejn\u011b jako v n\u011bkolika dal\u0161\u00edch zem\u00edch, i v \u010cesk\u00e9 republice kluci stvo\u0159ili p\u0159\u00edmo na m\u00edst\u011b improvizovanou p\u00edse\u0148 speci\u00e1ln\u011b v\u011bnovanou dan\u00e9mu m\u011bstu, ve kter\u00e9m hr\u00e1li &#8211; tedy Praze. Tady se m\u016f\u017eete pod\u00edvat na jeden celkem zda\u0159il\u00fd videoz\u00e1znam t\u00e9to p\u00edsn\u011b a hned pod n\u00edm si m\u016f\u017eete p\u0159e\u010d\u00edst text (v angli\u010dtin\u011b + jeho p\u0159eklad).\u00a0Omluvte pros\u00edm Pierrovo &#8222;Praho&#8220; m\u00edsto &#8222;Praha&#8220;.<\/p>\n<p style=\"text-align: center;\"><object classid=\"clsid:d27cdb6e-ae6d-11cf-96b8-444553540000\" width=\"480\" height=\"280\" codebase=\"http:\/\/download.macromedia.com\/pub\/shockwave\/cabs\/flash\/swflash.cab#version=6,0,40,0\"><param name=\"wmode\" value=\"transparent\" \/><param name=\"src\" value=\"http:\/\/www.youtube.com\/v\/IiLt4bXpx9c&amp;hl=en\" \/><embed type=\"application\/x-shockwave-flash\" width=\"480\" height=\"280\" src=\"http:\/\/www.youtube.com\/v\/IiLt4bXpx9c&amp;hl=en\" wmode=\"transparent\"><\/embed><\/object><\/p>\n<p style=\"text-align: center;\"><em>I&#8217;m in Praho,<br \/>\nAnd the girls are really hot!<br \/>\nAnd we would like to party,<br \/>\nwith all you guys tonight!<br \/>\nThe drinks are on Sebastien&#8230;<br \/>\nso the drinks are on me&#8230;!<br \/>\nAll of you are invited to the party with Simple Plan!<br \/>\nI&#8217;m in Praho!<br \/>\nI&#8217;m in Praho!<br \/>\nI wanna party!<br \/>\nI&#8217;m in Praho!<br \/>\nI wanna party!<\/em><\/p>\n<p style=\"text-align: center;\">p\u0159eklad:<\/p>\n<p style=\"text-align: center;\">J\u00e1 jsem v Praze,<br \/>\nA holky jsou opravdu sexy!<br \/>\nA my bychom cht\u011bli pa\u0159it<br \/>\nse v\u0161emi z v\u00e1s dnes ve\u010der!<br \/>\nDrinky jdou na Sebastiena&#8230;<br \/>\n<em>(po velk\u00e9m protestu Seba)<\/em> tak\u017ee drinky jdou na m\u011b&#8230;!<br \/>\nV\u0161ichni jste zvan\u00ed na p\u00e1rty se Simple Plan!<br \/>\nJ\u00e1 jsem v Praze!<br \/>\nJ\u00e1 jsem v Praze!<br \/>\nJ\u00e1 chci pa\u0159it!<br \/>\nJ\u00e1 jsem v Praze!<br \/>\nJ\u00e1 chci pa\u0159it!<\/p>\n<\/div>\n<div class=\"fblikebutton_button\" style=\"float: left; padding-top: 20px; margin-right: 20px; padding-bottom: 20px; padding-left: 20px;\"><iframe src=\"http:\/\/www.facebook.com\/plugins\/like.php?href=https%3A%2F%2Fwww.simpleplan.cz%2Fcz%2Findex.php%2Fextra%2Fpraha%2Fim-in-praho-aneb-song-o-praze%2F&amp;layout=standard&amp;show-faces=false&amp;width=450&amp;action=like&amp;colorscheme=light\" scrolling=\"no\" frameborder=\"0\" allowTransparency=\"true\" style=\"border:none; overflow:hidden; width:450px; height:26px\"><\/iframe><\/div>\n","protected":false},"excerpt":{"rendered":"<p>Stejn\u011b jako v n\u011bkolika dal\u0161\u00edch zem\u00edch, i v \u010cesk\u00e9 republice kluci stvo\u0159ili p\u0159\u00edmo na m\u00edst\u011b<\/p>\n","protected":false},"author":5,"featured_media":0,"parent":5267,"menu_order":0,"comment_status":"closed","ping_status":"closed","template":"page-templates\/full-width.php","meta":{"footnotes":""},"yoast_head":"<!-- This site is optimized with the Yoast SEO plugin v20.9 - https:\/\/yoast.com\/wordpress\/plugins\/seo\/ -->\n<title>&quot;I&#039;m in Praho&quot; aneb song o Praze | CZ: SimplePlan.cz<\/title>\n<meta name=\"robots\" content=\"index, follow, max-snippet:-1, max-image-preview:large, max-video-preview:-1\" \/>\n<link rel=\"canonical\" href=\"https:\/\/www.simpleplan.cz\/cz\/index.php\/extra\/praha\/im-in-praho-aneb-song-o-praze\/\" \/>\n<meta property=\"og:locale\" content=\"cs_CZ\" \/>\n<meta property=\"og:type\" content=\"article\" \/>\n<meta property=\"og:title\" content=\"&quot;I&#039;m in Praho&quot; aneb song o Praze | CZ: SimplePlan.cz\" \/>\n<meta property=\"og:description\" content=\"Stejn\u011b jako v n\u011bkolika dal\u0161\u00edch zem\u00edch, i v \u010cesk\u00e9 republice kluci stvo\u0159ili p\u0159\u00edmo na m\u00edst\u011b\" \/>\n<meta property=\"og:url\" content=\"https:\/\/www.simpleplan.cz\/cz\/index.php\/extra\/praha\/im-in-praho-aneb-song-o-praze\/\" \/>\n<meta property=\"og:site_name\" content=\"CZ: SimplePlan.cz\" \/>\n<meta property=\"article:publisher\" content=\"http:\/\/www.facebook.com\/simpleplancz\" \/>\n<meta property=\"article:modified_time\" content=\"2023-06-26T07:29:53+00:00\" \/>\n<meta property=\"og:image\" content=\"http:\/\/www.simpleplan.cz\/cz\/wp-content\/uploads\/logo.gif\" \/>\n<meta name=\"twitter:card\" content=\"summary_large_image\" \/>\n<meta name=\"twitter:site\" content=\"@simpleplancz\" \/>\n<meta name=\"twitter:label1\" content=\"Odhadovan\u00e1 doba \u010dten\u00ed\" \/>\n\t<meta name=\"twitter:data1\" content=\"1 minuta\" \/>\n<script type=\"application\/ld+json\" class=\"yoast-schema-graph\">{\"@context\":\"https:\/\/schema.org\",\"@graph\":[{\"@type\":\"WebPage\",\"@id\":\"https:\/\/www.simpleplan.cz\/cz\/index.php\/extra\/praha\/im-in-praho-aneb-song-o-praze\/\",\"url\":\"https:\/\/www.simpleplan.cz\/cz\/index.php\/extra\/praha\/im-in-praho-aneb-song-o-praze\/\",\"name\":\"\\\"I'm in Praho\\\" aneb song o Praze | CZ: SimplePlan.cz\",\"isPartOf\":{\"@id\":\"https:\/\/www.simpleplan.cz\/cz\/#website\"},\"datePublished\":\"2010-07-17T15:19:54+00:00\",\"dateModified\":\"2023-06-26T07:29:53+00:00\",\"breadcrumb\":{\"@id\":\"https:\/\/www.simpleplan.cz\/cz\/index.php\/extra\/praha\/im-in-praho-aneb-song-o-praze\/#breadcrumb\"},\"inLanguage\":\"cs\",\"potentialAction\":[{\"@type\":\"ReadAction\",\"target\":[\"https:\/\/www.simpleplan.cz\/cz\/index.php\/extra\/praha\/im-in-praho-aneb-song-o-praze\/\"]}]},{\"@type\":\"BreadcrumbList\",\"@id\":\"https:\/\/www.simpleplan.cz\/cz\/index.php\/extra\/praha\/im-in-praho-aneb-song-o-praze\/#breadcrumb\",\"itemListElement\":[{\"@type\":\"ListItem\",\"position\":1,\"name\":\"Dom\u016f\",\"item\":\"https:\/\/www.simpleplan.cz\/cz\/\"},{\"@type\":\"ListItem\",\"position\":2,\"name\":\"Extra\",\"item\":\"https:\/\/www.simpleplan.cz\/cz\/index.php\/extra\/\"},{\"@type\":\"ListItem\",\"position\":3,\"name\":\"Koncert Simple Plan v Praze &#8211; 27.04.2008\",\"item\":\"https:\/\/www.simpleplan.cz\/cz\/index.php\/extra\/praha\/\"},{\"@type\":\"ListItem\",\"position\":4,\"name\":\"&#8222;I&#8217;m in Praho&#8220; aneb song o Praze\"}]},{\"@type\":\"WebSite\",\"@id\":\"https:\/\/www.simpleplan.cz\/cz\/#website\",\"url\":\"https:\/\/www.simpleplan.cz\/cz\/\",\"name\":\"CZ: SimplePlan.cz\",\"description\":\"Nejlep\u0161\u00ed zdroj informac\u00ed o kapele Simple Plan\",\"publisher\":{\"@id\":\"https:\/\/www.simpleplan.cz\/cz\/#organization\"},\"potentialAction\":[{\"@type\":\"SearchAction\",\"target\":{\"@type\":\"EntryPoint\",\"urlTemplate\":\"https:\/\/www.simpleplan.cz\/cz\/?s={search_term_string}\"},\"query-input\":\"required name=search_term_string\"}],\"inLanguage\":\"cs\"},{\"@type\":\"Organization\",\"@id\":\"https:\/\/www.simpleplan.cz\/cz\/#organization\",\"name\":\"CZ: SimplePlan.cz\",\"url\":\"https:\/\/www.simpleplan.cz\/cz\/\",\"logo\":{\"@type\":\"ImageObject\",\"inLanguage\":\"cs\",\"@id\":\"https:\/\/www.simpleplan.cz\/cz\/#\/schema\/logo\/image\/\",\"url\":\"https:\/\/www.simpleplan.cz\/cz\/wp-content\/uploads\/spczlogo.png\",\"contentUrl\":\"https:\/\/www.simpleplan.cz\/cz\/wp-content\/uploads\/spczlogo.png\",\"width\":250,\"height\":190,\"caption\":\"CZ: SimplePlan.cz\"},\"image\":{\"@id\":\"https:\/\/www.simpleplan.cz\/cz\/#\/schema\/logo\/image\/\"},\"sameAs\":[\"http:\/\/www.facebook.com\/simpleplancz\",\"https:\/\/twitter.com\/simpleplancz\",\"http:\/\/www.instagram.com\/simpleplancz\",\"http:\/\/www.youtube.com\/simpleplancz\"]}]}<\/script>\n<!-- \/ Yoast SEO plugin. -->","yoast_head_json":{"title":"\"I'm in Praho\" aneb song o Praze | CZ: SimplePlan.cz","robots":{"index":"index","follow":"follow","max-snippet":"max-snippet:-1","max-image-preview":"max-image-preview:large","max-video-preview":"max-video-preview:-1"},"canonical":"https:\/\/www.simpleplan.cz\/cz\/index.php\/extra\/praha\/im-in-praho-aneb-song-o-praze\/","og_locale":"cs_CZ","og_type":"article","og_title":"\"I'm in Praho\" aneb song o Praze | CZ: SimplePlan.cz","og_description":"Stejn\u011b jako v n\u011bkolika dal\u0161\u00edch zem\u00edch, i v \u010cesk\u00e9 republice kluci stvo\u0159ili p\u0159\u00edmo na m\u00edst\u011b","og_url":"https:\/\/www.simpleplan.cz\/cz\/index.php\/extra\/praha\/im-in-praho-aneb-song-o-praze\/","og_site_name":"CZ: SimplePlan.cz","article_publisher":"http:\/\/www.facebook.com\/simpleplancz","article_modified_time":"2023-06-26T07:29:53+00:00","og_image":[{"url":"http:\/\/www.simpleplan.cz\/cz\/wp-content\/uploads\/logo.gif"}],"twitter_card":"summary_large_image","twitter_site":"@simpleplancz","twitter_misc":{"Odhadovan\u00e1 doba \u010dten\u00ed":"1 minuta"},"schema":{"@context":"https:\/\/schema.org","@graph":[{"@type":"WebPage","@id":"https:\/\/www.simpleplan.cz\/cz\/index.php\/extra\/praha\/im-in-praho-aneb-song-o-praze\/","url":"https:\/\/www.simpleplan.cz\/cz\/index.php\/extra\/praha\/im-in-praho-aneb-song-o-praze\/","name":"\"I'm in Praho\" aneb song o Praze | CZ: SimplePlan.cz","isPartOf":{"@id":"https:\/\/www.simpleplan.cz\/cz\/#website"},"datePublished":"2010-07-17T15:19:54+00:00","dateModified":"2023-06-26T07:29:53+00:00","breadcrumb":{"@id":"https:\/\/www.simpleplan.cz\/cz\/index.php\/extra\/praha\/im-in-praho-aneb-song-o-praze\/#breadcrumb"},"inLanguage":"cs","potentialAction":[{"@type":"ReadAction","target":["https:\/\/www.simpleplan.cz\/cz\/index.php\/extra\/praha\/im-in-praho-aneb-song-o-praze\/"]}]},{"@type":"BreadcrumbList","@id":"https:\/\/www.simpleplan.cz\/cz\/index.php\/extra\/praha\/im-in-praho-aneb-song-o-praze\/#breadcrumb","itemListElement":[{"@type":"ListItem","position":1,"name":"Dom\u016f","item":"https:\/\/www.simpleplan.cz\/cz\/"},{"@type":"ListItem","position":2,"name":"Extra","item":"https:\/\/www.simpleplan.cz\/cz\/index.php\/extra\/"},{"@type":"ListItem","position":3,"name":"Koncert Simple Plan v Praze &#8211; 27.04.2008","item":"https:\/\/www.simpleplan.cz\/cz\/index.php\/extra\/praha\/"},{"@type":"ListItem","position":4,"name":"&#8222;I&#8217;m in Praho&#8220; aneb song o Praze"}]},{"@type":"WebSite","@id":"https:\/\/www.simpleplan.cz\/cz\/#website","url":"https:\/\/www.simpleplan.cz\/cz\/","name":"CZ: SimplePlan.cz","description":"Nejlep\u0161\u00ed zdroj informac\u00ed o kapele Simple Plan","publisher":{"@id":"https:\/\/www.simpleplan.cz\/cz\/#organization"},"potentialAction":[{"@type":"SearchAction","target":{"@type":"EntryPoint","urlTemplate":"https:\/\/www.simpleplan.cz\/cz\/?s={search_term_string}"},"query-input":"required name=search_term_string"}],"inLanguage":"cs"},{"@type":"Organization","@id":"https:\/\/www.simpleplan.cz\/cz\/#organization","name":"CZ: SimplePlan.cz","url":"https:\/\/www.simpleplan.cz\/cz\/","logo":{"@type":"ImageObject","inLanguage":"cs","@id":"https:\/\/www.simpleplan.cz\/cz\/#\/schema\/logo\/image\/","url":"https:\/\/www.simpleplan.cz\/cz\/wp-content\/uploads\/spczlogo.png","contentUrl":"https:\/\/www.simpleplan.cz\/cz\/wp-content\/uploads\/spczlogo.png","width":250,"height":190,"caption":"CZ: SimplePlan.cz"},"image":{"@id":"https:\/\/www.simpleplan.cz\/cz\/#\/schema\/logo\/image\/"},"sameAs":["http:\/\/www.facebook.com\/simpleplancz","https:\/\/twitter.com\/simpleplancz","http:\/\/www.instagram.com\/simpleplancz","http:\/\/www.youtube.com\/simpleplancz"]}]}},"_links":{"self":[{"href":"https:\/\/www.simpleplan.cz\/cz\/index.php\/wp-json\/wp\/v2\/pages\/5375"}],"collection":[{"href":"https:\/\/www.simpleplan.cz\/cz\/index.php\/wp-json\/wp\/v2\/pages"}],"about":[{"href":"https:\/\/www.simpleplan.cz\/cz\/index.php\/wp-json\/wp\/v2\/types\/page"}],"author":[{"embeddable":true,"href":"https:\/\/www.simpleplan.cz\/cz\/index.php\/wp-json\/wp\/v2\/users\/5"}],"replies":[{"embeddable":true,"href":"https:\/\/www.simpleplan.cz\/cz\/index.php\/wp-json\/wp\/v2\/comments?post=5375"}],"version-history":[{"count":10,"href":"https:\/\/www.simpleplan.cz\/cz\/index.php\/wp-json\/wp\/v2\/pages\/5375\/revisions"}],"predecessor-version":[{"id":14912,"href":"https:\/\/www.simpleplan.cz\/cz\/index.php\/wp-json\/wp\/v2\/pages\/5375\/revisions\/14912"}],"up":[{"embeddable":true,"href":"https:\/\/www.simpleplan.cz\/cz\/index.php\/wp-json\/wp\/v2\/pages\/5267"}],"wp:attachment":[{"href":"https:\/\/www.simpleplan.cz\/cz\/index.php\/wp-json\/wp\/v2\/media?parent=5375"}],"curies":[{"name":"wp","href":"https:\/\/api.w.org\/{rel}","templated":true}]}}