{"id":5864,"date":"2010-07-27T12:19:42","date_gmt":"2010-07-27T10:19:42","guid":{"rendered":"http:\/\/www.simpleplan.cz\/wordpress\/?page_id=5864"},"modified":"2023-12-15T18:02:45","modified_gmt":"2023-12-15T17:02:45","slug":"turne","status":"publish","type":"page","link":"https:\/\/www.simpleplan.cz\/cz\/index.php\/turne\/","title":{"rendered":"Turn\u00e9"},"content":{"rendered":"<div class=\"pagecontent\"><strong>18\/01\/2024<\/strong> &#8211; Hard As Rock tour &#8211; Pa\u0159\u00ed\u017e, Francie &#8211; <span style=\"color: #ff0000;\"><strong>VYPROD\u00c1NO<\/strong><\/span><\/div>\n<div class=\"pagecontent\">\n<p><strong>19\/01\/2024<\/strong> &#8211; Hard As Rock tour &#8211; Pa\u0159\u00ed\u017e, Francie &#8211; <span style=\"color: #ff0000;\"><strong>VYPROD\u00c1NO<\/strong><\/span><\/p>\n<p><strong>20\/01\/2024<\/strong> &#8211; Hard As Rock tour &#8211; Pa\u0159\u00ed\u017e, Francie &#8211; <span style=\"color: #ff0000;\"><strong>VYPROD\u00c1NO<\/strong><\/span><\/p>\n<p><strong>22\/01\/2024<\/strong> &#8211; Hard As Rock tour &#8211; Barcelona, \u0160pan\u011blsko<\/p>\n<p><strong>24\/01\/2024<\/strong> &#8211; Hard As Rock tour &#8211; Lausanne, \u0160v\u00fdcarsko &#8211; <span style=\"color: #ff0000;\"><strong>VYPROD\u00c1NO<\/strong><\/span><\/p>\n<p><strong>25\/01\/2024<\/strong> &#8211; Hard As Rock tour &#8211; Mil\u00e1n, It\u00e1lie &#8211; <span style=\"color: #ff0000;\"><strong>VYPROD\u00c1NO<\/strong><\/span><\/p>\n<p><strong>26\/01\/2024<\/strong> &#8211; Hard As Rock tour &#8211; Mnichov, N\u011bmecko &#8211; <span style=\"color: #ff0000;\"><strong>VYPROD\u00c1NO<\/strong><\/span><\/p>\n<p><strong>28\/01\/2024<\/strong> &#8211; Hard As Rock tour &#8211; Praha, \u010cesk\u00e1 republika<\/p>\n<p><strong>29\/01\/2024<\/strong> &#8211; Hard As Rock tour &#8211; Var\u0161ava, Polsko<\/p>\n<p><strong>30\/01\/2024<\/strong> &#8211; Hard As Rock tour &#8211; V\u00edde\u0148, Rakousko &#8211; <span style=\"color: #ff0000;\"><strong>VYPROD\u00c1NO<\/strong><\/span><\/p>\n<p><strong>01\/02\/2024<\/strong> &#8211; Hard As Rock tour &#8211; Berl\u00edn, N\u011bmecko<\/p>\n<p><strong>02\/02\/2024<\/strong> &#8211; Hard As Rock tour &#8211; Hamburk, N\u011bmecko<\/p>\n<p><strong>04\/02\/2024<\/strong> &#8211; Hard As Rock tour &#8211; Kol\u00edn nad R\u00fdnem, N\u011bmecko<\/p>\n<p><strong>05\/02\/2024<\/strong> &#8211; Hard As Rock tour &#8211; Tilburg, Nizozem\u00ed &#8211; <span style=\"color: #ff0000;\"><strong>VYPROD\u00c1NO<\/strong><\/span><\/p>\n<p><strong>07\/02\/2024<\/strong> &#8211; Hard As Rock tour &#8211; Antverpy, Belgie &#8211; <span style=\"color: #ff0000;\"><strong>VYPROD\u00c1NO<\/strong><\/span><\/p>\n<p><strong>09\/02\/2024<\/strong> &#8211; Hard As Rock tour &#8211; Manchester, Velk\u00e1 Brit\u00e1nie<\/p>\n<p><strong>10\/02\/2024<\/strong> &#8211; Hard As Rock tour &#8211; Glasgow, Velk\u00e1 Brit\u00e1nie<\/p>\n<p><strong>11\/02\/2024<\/strong> &#8211; Hard As Rock tour &#8211; Birmingham, Velk\u00e1 Brit\u00e1nie<\/p>\n<p><strong>13\/02\/2024<\/strong> &#8211; Hard As Rock tour &#8211; Bristol, Velk\u00e1 Brit\u00e1nie &#8211; <span style=\"color: #ff0000;\"><strong>VYPROD\u00c1NO<\/strong><\/span><\/p>\n<p><strong>15\/02\/2024<\/strong> &#8211; Hard As Rock tour &#8211; Leeds, Velk\u00e1 Brit\u00e1nie<\/p>\n<p><strong>16\/02\/2024<\/strong> &#8211; Hard As Rock tour &#8211; Lond\u00fdn, Velk\u00e1 Brit\u00e1nie &#8211; <span style=\"color: #ff0000;\"><strong>VYPROD\u00c1NO<\/strong><\/span><\/p>\n<p><strong>1\/03\/2024<\/strong> &#8211; I Wanna Be tour &#8211; Sao Paulo, Braz\u00edlie<\/p>\n<p><strong>2\/03\/2024<\/strong> &#8211; I Wanna Be tour &#8211; Sao Paulo, Braz\u00edlie &#8211; <span style=\"color: #ff0000;\"><strong>VYPROD\u00c1NO<\/strong><\/span><\/p>\n<p><strong>3\/03\/2024<\/strong> &#8211; I Wanna Be tour &#8211; Curitiba, Braz\u00edlie<\/p>\n<p><strong>6\/03\/2024<\/strong> &#8211; I Wanna Be tour &#8211; Recife, Braz\u00edlie<\/p>\n<p><strong>9\/03\/2024<\/strong> &#8211; I Wanna Be tour &#8211; Rio De Janeiro, Braz\u00edlie<\/p>\n<p><strong>10\/03\/2024<\/strong> &#8211; I Wanna Be tour &#8211; Belo Horizonte, Braz\u00edlie<\/p>\n<p><strong>13\/03\/2024<\/strong> &#8211; Glory Dayz Festival &#8211; Bogot\u00e1, Kolumbie<\/p>\n<p><strong>6\/04\/2024<\/strong> &#8211; Australian tour &#8211; Perth, Austr\u00e1lie<\/p>\n<p><strong>7\/04\/2024<\/strong> &#8211; Australian tour &#8211; Perth, Austr\u00e1lie &#8211; <span style=\"color: #ff0000;\"><strong>VYPROD\u00c1NO<\/strong><\/span><\/p>\n<p><strong>9\/04\/2024<\/strong> &#8211; Australian tour &#8211; Adelaide, Austr\u00e1lie<\/p>\n<p><strong>11\/04\/2024<\/strong> &#8211; Australian tour &#8211; Melbourne, Austr\u00e1lie<\/p>\n<p><strong>13\/04\/2024<\/strong> &#8211; Australian tour &#8211; Sydney, Austr\u00e1lie &#8211; <span style=\"color: #ff0000;\"><strong>VYPROD\u00c1NO<\/strong><\/span><\/p>\n<p><strong>14\/04\/2024<\/strong> &#8211; Australian tour &#8211; Brisbane, Austr\u00e1lie &#8211; <span style=\"color: #ff0000;\"><strong>VYPROD\u00c1NO<\/strong><\/span><\/p>\n<p><strong>15\/04\/2024<\/strong> &#8211; Australian tour &#8211; Brisbane, Austr\u00e1lie<\/p>\n<p><strong>18\/04\/2024<\/strong> &#8211; Australian tour &#8211; Sydney, Austr\u00e1lie<\/p>\n<p><strong>22\/06\/2024<\/strong> &#8211; Hurricane Festival &#8211; Schnee, N\u011bmecko<\/p>\n<p><strong>23\/06\/2024<\/strong> &#8211; Southside Festival &#8211; Neuhausen Ob Eck, N\u011bmecko<\/p>\n<p><strong>26\/06\/2024<\/strong> &#8211; Festival de N\u00eemes &#8211; N\u00eemes, Francie<\/p>\n<p><strong>28\/06\/2024<\/strong> &#8211; Jera On Air Festival &#8211; Ysselsteyn, Nizozem\u00ed<\/p>\n<p><strong>30\/JUN\/2024<\/strong> &#8211; Hellfest 2024 &#8211; Clisson, Francie<\/p>\n<p><strong style=\"font-size: revert; color: initial; font-family: -apple-system, BlinkMacSystemFont, 'Segoe UI', Roboto, Oxygen-Sans, Ubuntu, Cantarell, 'Helvetica Neue', sans-serif;\">02\/JUL\/2024<\/strong><span style=\"font-size: revert; color: initial; font-family: -apple-system, BlinkMacSystemFont, 'Segoe UI', Roboto, Oxygen-Sans, Ubuntu, Cantarell, 'Helvetica Neue', sans-serif;\"> &#8211; Cardiff Castle, Cardiff, Velk\u00e1 Brit\u00e1nie<\/span><\/p>\n<p><strong style=\"font-size: revert; color: initial; font-family: -apple-system, BlinkMacSystemFont, 'Segoe UI', Roboto, Oxygen-Sans, Ubuntu, Cantarell, 'Helvetica Neue', sans-serif;\">03\/JUL\/2024<\/strong><span style=\"font-size: revert; color: initial; font-family: -apple-system, BlinkMacSystemFont, 'Segoe UI', Roboto, Oxygen-Sans, Ubuntu, Cantarell, 'Helvetica Neue', sans-serif;\"> &#8211; Castlefield Bowl, Manchester, Velk\u00e1 Brit\u00e1nie<\/span><\/p>\n<p><strong style=\"font-size: revert; color: initial; font-family: -apple-system, BlinkMacSystemFont, 'Segoe UI', Roboto, Oxygen-Sans, Ubuntu, Cantarell, 'Helvetica Neue', sans-serif;\">05\/JUL\/2024<\/strong><span style=\"font-size: revert; color: initial; font-family: -apple-system, BlinkMacSystemFont, 'Segoe UI', Roboto, Oxygen-Sans, Ubuntu, Cantarell, 'Helvetica Neue', sans-serif;\"> &#8211; Rock Werchter Festival &#8211; Rotselaar, Nizozem\u00ed<\/span><\/p>\n<p><strong>09\/07\/2024<\/strong> &#8211; I-Days &#8211; Milan, It\u00e1lie<\/p>\n<p><strong>19\/10\/2024<\/strong> &#8211; When We Were Young &#8211; Las Vegas, NV, USA &#8211; <span style=\"color: #ff0000;\"><strong>VYPROD\u00c1NO<\/strong><\/span><\/p>\n<p><strong>20\/10\/2024<\/strong> &#8211; When We Were Young &#8211; Las Vegas, NV, USA<\/p>\n<\/div>\n<div class=\"fblikebutton_button\" style=\"float: left; padding-top: 20px; margin-right: 20px; padding-bottom: 20px; padding-left: 20px;\"><iframe src=\"http:\/\/www.facebook.com\/plugins\/like.php?href=https%3A%2F%2Fwww.simpleplan.cz%2Fcz%2Findex.php%2Fturne%2F&amp;layout=standard&amp;show-faces=false&amp;width=450&amp;action=like&amp;colorscheme=light\" scrolling=\"no\" frameborder=\"0\" allowTransparency=\"true\" style=\"border:none; overflow:hidden; width:450px; height:26px\"><\/iframe><\/div>\n","protected":false},"excerpt":{"rendered":"<p>18\/01\/2024 &#8211; Hard As Rock tour &#8211; Pa\u0159\u00ed\u017e, Francie &#8211; VYPROD\u00c1NO 19\/01\/2024 &#8211; Hard As<\/p>\n","protected":false},"author":5,"featured_media":0,"parent":0,"menu_order":0,"comment_status":"closed","ping_status":"closed","template":"page-templates\/full-width.php","meta":{"footnotes":""},"yoast_head":"<!-- This site is optimized with the Yoast SEO plugin v20.9 - https:\/\/yoast.com\/wordpress\/plugins\/seo\/ -->\n<title>Turn\u00e9 | CZ: SimplePlan.cz<\/title>\n<meta name=\"robots\" content=\"index, follow, max-snippet:-1, max-image-preview:large, max-video-preview:-1\" \/>\n<link rel=\"canonical\" href=\"https:\/\/www.simpleplan.cz\/cz\/index.php\/turne\/\" \/>\n<meta property=\"og:locale\" content=\"cs_CZ\" \/>\n<meta property=\"og:type\" content=\"article\" \/>\n<meta property=\"og:title\" content=\"Turn\u00e9 | CZ: SimplePlan.cz\" \/>\n<meta property=\"og:description\" content=\"18\/01\/2024 &#8211; Hard As Rock tour &#8211; Pa\u0159\u00ed\u017e, Francie &#8211; VYPROD\u00c1NO 19\/01\/2024 &#8211; Hard As\" \/>\n<meta property=\"og:url\" content=\"https:\/\/www.simpleplan.cz\/cz\/index.php\/turne\/\" \/>\n<meta property=\"og:site_name\" content=\"CZ: SimplePlan.cz\" \/>\n<meta property=\"article:publisher\" content=\"http:\/\/www.facebook.com\/simpleplancz\" \/>\n<meta property=\"article:modified_time\" content=\"2023-12-15T17:02:45+00:00\" \/>\n<meta property=\"og:image\" content=\"http:\/\/www.simpleplan.cz\/cz\/wp-content\/uploads\/logo.gif\" \/>\n<meta name=\"twitter:card\" content=\"summary_large_image\" \/>\n<meta name=\"twitter:site\" content=\"@simpleplancz\" \/>\n<meta name=\"twitter:label1\" content=\"Odhadovan\u00e1 doba \u010dten\u00ed\" \/>\n\t<meta name=\"twitter:data1\" content=\"2 minuty\" \/>\n<script type=\"application\/ld+json\" class=\"yoast-schema-graph\">{\"@context\":\"https:\/\/schema.org\",\"@graph\":[{\"@type\":\"WebPage\",\"@id\":\"https:\/\/www.simpleplan.cz\/cz\/index.php\/turne\/\",\"url\":\"https:\/\/www.simpleplan.cz\/cz\/index.php\/turne\/\",\"name\":\"Turn\u00e9 | CZ: SimplePlan.cz\",\"isPartOf\":{\"@id\":\"https:\/\/www.simpleplan.cz\/cz\/#website\"},\"datePublished\":\"2010-07-27T10:19:42+00:00\",\"dateModified\":\"2023-12-15T17:02:45+00:00\",\"breadcrumb\":{\"@id\":\"https:\/\/www.simpleplan.cz\/cz\/index.php\/turne\/#breadcrumb\"},\"inLanguage\":\"cs\",\"potentialAction\":[{\"@type\":\"ReadAction\",\"target\":[\"https:\/\/www.simpleplan.cz\/cz\/index.php\/turne\/\"]}]},{\"@type\":\"BreadcrumbList\",\"@id\":\"https:\/\/www.simpleplan.cz\/cz\/index.php\/turne\/#breadcrumb\",\"itemListElement\":[{\"@type\":\"ListItem\",\"position\":1,\"name\":\"Dom\u016f\",\"item\":\"https:\/\/www.simpleplan.cz\/cz\/\"},{\"@type\":\"ListItem\",\"position\":2,\"name\":\"Turn\u00e9\"}]},{\"@type\":\"WebSite\",\"@id\":\"https:\/\/www.simpleplan.cz\/cz\/#website\",\"url\":\"https:\/\/www.simpleplan.cz\/cz\/\",\"name\":\"CZ: SimplePlan.cz\",\"description\":\"Nejlep\u0161\u00ed zdroj informac\u00ed o kapele Simple Plan\",\"publisher\":{\"@id\":\"https:\/\/www.simpleplan.cz\/cz\/#organization\"},\"potentialAction\":[{\"@type\":\"SearchAction\",\"target\":{\"@type\":\"EntryPoint\",\"urlTemplate\":\"https:\/\/www.simpleplan.cz\/cz\/?s={search_term_string}\"},\"query-input\":\"required name=search_term_string\"}],\"inLanguage\":\"cs\"},{\"@type\":\"Organization\",\"@id\":\"https:\/\/www.simpleplan.cz\/cz\/#organization\",\"name\":\"CZ: SimplePlan.cz\",\"url\":\"https:\/\/www.simpleplan.cz\/cz\/\",\"logo\":{\"@type\":\"ImageObject\",\"inLanguage\":\"cs\",\"@id\":\"https:\/\/www.simpleplan.cz\/cz\/#\/schema\/logo\/image\/\",\"url\":\"https:\/\/www.simpleplan.cz\/cz\/wp-content\/uploads\/spczlogo.png\",\"contentUrl\":\"https:\/\/www.simpleplan.cz\/cz\/wp-content\/uploads\/spczlogo.png\",\"width\":250,\"height\":190,\"caption\":\"CZ: SimplePlan.cz\"},\"image\":{\"@id\":\"https:\/\/www.simpleplan.cz\/cz\/#\/schema\/logo\/image\/\"},\"sameAs\":[\"http:\/\/www.facebook.com\/simpleplancz\",\"https:\/\/twitter.com\/simpleplancz\",\"http:\/\/www.instagram.com\/simpleplancz\",\"http:\/\/www.youtube.com\/simpleplancz\"]}]}<\/script>\n<!-- \/ Yoast SEO plugin. -->","yoast_head_json":{"title":"Turn\u00e9 | CZ: SimplePlan.cz","robots":{"index":"index","follow":"follow","max-snippet":"max-snippet:-1","max-image-preview":"max-image-preview:large","max-video-preview":"max-video-preview:-1"},"canonical":"https:\/\/www.simpleplan.cz\/cz\/index.php\/turne\/","og_locale":"cs_CZ","og_type":"article","og_title":"Turn\u00e9 | CZ: SimplePlan.cz","og_description":"18\/01\/2024 &#8211; Hard As Rock tour &#8211; Pa\u0159\u00ed\u017e, Francie &#8211; VYPROD\u00c1NO 19\/01\/2024 &#8211; Hard As","og_url":"https:\/\/www.simpleplan.cz\/cz\/index.php\/turne\/","og_site_name":"CZ: SimplePlan.cz","article_publisher":"http:\/\/www.facebook.com\/simpleplancz","article_modified_time":"2023-12-15T17:02:45+00:00","og_image":[{"url":"http:\/\/www.simpleplan.cz\/cz\/wp-content\/uploads\/logo.gif"}],"twitter_card":"summary_large_image","twitter_site":"@simpleplancz","twitter_misc":{"Odhadovan\u00e1 doba \u010dten\u00ed":"2 minuty"},"schema":{"@context":"https:\/\/schema.org","@graph":[{"@type":"WebPage","@id":"https:\/\/www.simpleplan.cz\/cz\/index.php\/turne\/","url":"https:\/\/www.simpleplan.cz\/cz\/index.php\/turne\/","name":"Turn\u00e9 | CZ: SimplePlan.cz","isPartOf":{"@id":"https:\/\/www.simpleplan.cz\/cz\/#website"},"datePublished":"2010-07-27T10:19:42+00:00","dateModified":"2023-12-15T17:02:45+00:00","breadcrumb":{"@id":"https:\/\/www.simpleplan.cz\/cz\/index.php\/turne\/#breadcrumb"},"inLanguage":"cs","potentialAction":[{"@type":"ReadAction","target":["https:\/\/www.simpleplan.cz\/cz\/index.php\/turne\/"]}]},{"@type":"BreadcrumbList","@id":"https:\/\/www.simpleplan.cz\/cz\/index.php\/turne\/#breadcrumb","itemListElement":[{"@type":"ListItem","position":1,"name":"Dom\u016f","item":"https:\/\/www.simpleplan.cz\/cz\/"},{"@type":"ListItem","position":2,"name":"Turn\u00e9"}]},{"@type":"WebSite","@id":"https:\/\/www.simpleplan.cz\/cz\/#website","url":"https:\/\/www.simpleplan.cz\/cz\/","name":"CZ: SimplePlan.cz","description":"Nejlep\u0161\u00ed zdroj informac\u00ed o kapele Simple Plan","publisher":{"@id":"https:\/\/www.simpleplan.cz\/cz\/#organization"},"potentialAction":[{"@type":"SearchAction","target":{"@type":"EntryPoint","urlTemplate":"https:\/\/www.simpleplan.cz\/cz\/?s={search_term_string}"},"query-input":"required name=search_term_string"}],"inLanguage":"cs"},{"@type":"Organization","@id":"https:\/\/www.simpleplan.cz\/cz\/#organization","name":"CZ: SimplePlan.cz","url":"https:\/\/www.simpleplan.cz\/cz\/","logo":{"@type":"ImageObject","inLanguage":"cs","@id":"https:\/\/www.simpleplan.cz\/cz\/#\/schema\/logo\/image\/","url":"https:\/\/www.simpleplan.cz\/cz\/wp-content\/uploads\/spczlogo.png","contentUrl":"https:\/\/www.simpleplan.cz\/cz\/wp-content\/uploads\/spczlogo.png","width":250,"height":190,"caption":"CZ: SimplePlan.cz"},"image":{"@id":"https:\/\/www.simpleplan.cz\/cz\/#\/schema\/logo\/image\/"},"sameAs":["http:\/\/www.facebook.com\/simpleplancz","https:\/\/twitter.com\/simpleplancz","http:\/\/www.instagram.com\/simpleplancz","http:\/\/www.youtube.com\/simpleplancz"]}]}},"_links":{"self":[{"href":"https:\/\/www.simpleplan.cz\/cz\/index.php\/wp-json\/wp\/v2\/pages\/5864"}],"collection":[{"href":"https:\/\/www.simpleplan.cz\/cz\/index.php\/wp-json\/wp\/v2\/pages"}],"about":[{"href":"https:\/\/www.simpleplan.cz\/cz\/index.php\/wp-json\/wp\/v2\/types\/page"}],"author":[{"embeddable":true,"href":"https:\/\/www.simpleplan.cz\/cz\/index.php\/wp-json\/wp\/v2\/users\/5"}],"replies":[{"embeddable":true,"href":"https:\/\/www.simpleplan.cz\/cz\/index.php\/wp-json\/wp\/v2\/comments?post=5864"}],"version-history":[{"count":489,"href":"https:\/\/www.simpleplan.cz\/cz\/index.php\/wp-json\/wp\/v2\/pages\/5864\/revisions"}],"predecessor-version":[{"id":33185,"href":"https:\/\/www.simpleplan.cz\/cz\/index.php\/wp-json\/wp\/v2\/pages\/5864\/revisions\/33185"}],"wp:attachment":[{"href":"https:\/\/www.simpleplan.cz\/cz\/index.php\/wp-json\/wp\/v2\/media?parent=5864"}],"curies":[{"name":"wp","href":"https:\/\/api.w.org\/{rel}","templated":true}]}}