{"id":7693,"date":"2011-07-06T15:27:41","date_gmt":"2011-07-06T13:27:41","guid":{"rendered":"http:\/\/www.simpleplan.cz\/cz\/?page_id=7693"},"modified":"2023-06-26T09:29:53","modified_gmt":"2023-06-26T07:29:53","slug":"praha2011","status":"publish","type":"page","link":"https:\/\/www.simpleplan.cz\/cz\/index.php\/extra\/praha2011\/","title":{"rendered":"Koncert Simple Plan v Praze &#8211; 2.9.2011"},"content":{"rendered":"<div class=\"section\"><img decoding=\"async\" src=\"http:\/\/www.simpleplan.cz\/images\/arrow.gif\" alt=\"\" \/> <a href=\"http:\/\/www.simpleplan.cz\/cz\/index.php\/extra\/praha2011\/informace-o-koncertu\">Informace o koncertu<\/a><br \/>\nP\u0159e\u010dt\u011bte si z\u00e1kladn\u00ed informace o druh\u00e9m koncertu Simple Plan v \u010cR<\/div>\n<div class=\"section\"><img decoding=\"async\" src=\"http:\/\/www.simpleplan.cz\/images\/arrow.gif\" alt=\"\" \/> <a href=\"http:\/\/www.simpleplan.cz\/cz\/index.php\/extra\/praha2011\/oficialni-tiskova-zprava\">Ofici\u00e1ln\u00ed tiskov\u00e1 zpr\u00e1va<\/a><br \/>\nTiskov\u00e1 zpr\u00e1va, kter\u00e1 propaguje tento koncert Simple Plan v Praze v m\u00e9di\u00edch<\/div>\n<div class=\"section\"><img decoding=\"async\" src=\"http:\/\/www.simpleplan.cz\/images\/arrow.gif\" alt=\"\" \/> <a href=\"http:\/\/www.simpleplan.cz\/cz\/index.php\/extra\/praha2011\/darek-od-fanousku\">D\u00e1rek od fanou\u0161k\u016f pro Simple Plan<\/a><br \/>\nFotografick\u00e1 dokumentace d\u00e1rku, kter\u00e9ho se z\u00fa\u010dastnily stovky \u010desk\u00fdch fanou\u0161k\u016f a kter\u00fd byl na koncert\u011b p\u0159ed\u00e1n kapele <\/div>\n<div class=\"section\"><img decoding=\"async\" src=\"http:\/\/www.simpleplan.cz\/images\/arrow.gif\" alt=\"\" \/> <a href=\"http:\/\/www.simpleplan.cz\/cz\/index.php\/extra\/praha2011\/rozhovor-simpleplancz-se-simple-plan\">Rozhovor SimplePlan.cz se Simple Plan<\/a><br \/>\nPod\u00edvejte se rozhovor SimplePlan.cz s Chuckem, Sebem a Jeffem, kter\u00fd byl nato\u010den odpoledne, t\u011bsn\u011b p\u0159ed koncertem Simple Plan v Praze <\/div>\n<div class=\"fblikebutton_button\" style=\"float: left; padding-top: 20px; margin-right: 20px; padding-bottom: 20px; padding-left: 20px;\"><iframe src=\"http:\/\/www.facebook.com\/plugins\/like.php?href=https%3A%2F%2Fwww.simpleplan.cz%2Fcz%2Findex.php%2Fextra%2Fpraha2011%2F&amp;layout=standard&amp;show-faces=false&amp;width=450&amp;action=like&amp;colorscheme=light\" scrolling=\"no\" frameborder=\"0\" allowTransparency=\"true\" style=\"border:none; overflow:hidden; width:450px; height:26px\"><\/iframe><\/div>\n","protected":false},"excerpt":{"rendered":"<p>Informace o koncertu P\u0159e\u010dt\u011bte si z\u00e1kladn\u00ed informace o druh\u00e9m koncertu Simple Plan v \u010cR Ofici\u00e1ln\u00ed<\/p>\n","protected":false},"author":5,"featured_media":0,"parent":5259,"menu_order":0,"comment_status":"open","ping_status":"open","template":"page-templates\/full-width.php","meta":{"footnotes":""},"yoast_head":"<!-- This site is optimized with the Yoast SEO plugin v20.9 - https:\/\/yoast.com\/wordpress\/plugins\/seo\/ -->\n<title>Koncert Simple Plan v Praze - 2.9.2011 | CZ: SimplePlan.cz<\/title>\n<meta name=\"robots\" content=\"index, follow, max-snippet:-1, max-image-preview:large, max-video-preview:-1\" \/>\n<link rel=\"canonical\" href=\"https:\/\/www.simpleplan.cz\/cz\/index.php\/extra\/praha2011\/\" \/>\n<meta property=\"og:locale\" content=\"cs_CZ\" \/>\n<meta property=\"og:type\" content=\"article\" \/>\n<meta property=\"og:title\" content=\"Koncert Simple Plan v Praze - 2.9.2011 | CZ: SimplePlan.cz\" \/>\n<meta property=\"og:description\" content=\"Informace o koncertu P\u0159e\u010dt\u011bte si z\u00e1kladn\u00ed informace o druh\u00e9m koncertu Simple Plan v \u010cR Ofici\u00e1ln\u00ed\" \/>\n<meta property=\"og:url\" content=\"https:\/\/www.simpleplan.cz\/cz\/index.php\/extra\/praha2011\/\" \/>\n<meta property=\"og:site_name\" content=\"CZ: SimplePlan.cz\" \/>\n<meta property=\"article:publisher\" content=\"http:\/\/www.facebook.com\/simpleplancz\" \/>\n<meta property=\"article:modified_time\" content=\"2023-06-26T07:29:53+00:00\" \/>\n<meta property=\"og:image\" content=\"http:\/\/www.simpleplan.cz\/images\/arrow.gif\" \/>\n<meta name=\"twitter:card\" content=\"summary_large_image\" \/>\n<meta name=\"twitter:site\" content=\"@simpleplancz\" \/>\n<meta name=\"twitter:label1\" content=\"Odhadovan\u00e1 doba \u010dten\u00ed\" \/>\n\t<meta name=\"twitter:data1\" content=\"1 minuta\" \/>\n<script type=\"application\/ld+json\" class=\"yoast-schema-graph\">{\"@context\":\"https:\/\/schema.org\",\"@graph\":[{\"@type\":\"WebPage\",\"@id\":\"https:\/\/www.simpleplan.cz\/cz\/index.php\/extra\/praha2011\/\",\"url\":\"https:\/\/www.simpleplan.cz\/cz\/index.php\/extra\/praha2011\/\",\"name\":\"Koncert Simple Plan v Praze - 2.9.2011 | CZ: SimplePlan.cz\",\"isPartOf\":{\"@id\":\"https:\/\/www.simpleplan.cz\/cz\/#website\"},\"datePublished\":\"2011-07-06T13:27:41+00:00\",\"dateModified\":\"2023-06-26T07:29:53+00:00\",\"breadcrumb\":{\"@id\":\"https:\/\/www.simpleplan.cz\/cz\/index.php\/extra\/praha2011\/#breadcrumb\"},\"inLanguage\":\"cs\",\"potentialAction\":[{\"@type\":\"ReadAction\",\"target\":[\"https:\/\/www.simpleplan.cz\/cz\/index.php\/extra\/praha2011\/\"]}]},{\"@type\":\"BreadcrumbList\",\"@id\":\"https:\/\/www.simpleplan.cz\/cz\/index.php\/extra\/praha2011\/#breadcrumb\",\"itemListElement\":[{\"@type\":\"ListItem\",\"position\":1,\"name\":\"Dom\u016f\",\"item\":\"https:\/\/www.simpleplan.cz\/cz\/\"},{\"@type\":\"ListItem\",\"position\":2,\"name\":\"Extra\",\"item\":\"https:\/\/www.simpleplan.cz\/cz\/index.php\/extra\/\"},{\"@type\":\"ListItem\",\"position\":3,\"name\":\"Koncert Simple Plan v Praze &#8211; 2.9.2011\"}]},{\"@type\":\"WebSite\",\"@id\":\"https:\/\/www.simpleplan.cz\/cz\/#website\",\"url\":\"https:\/\/www.simpleplan.cz\/cz\/\",\"name\":\"CZ: SimplePlan.cz\",\"description\":\"Nejlep\u0161\u00ed zdroj informac\u00ed o kapele Simple Plan\",\"publisher\":{\"@id\":\"https:\/\/www.simpleplan.cz\/cz\/#organization\"},\"potentialAction\":[{\"@type\":\"SearchAction\",\"target\":{\"@type\":\"EntryPoint\",\"urlTemplate\":\"https:\/\/www.simpleplan.cz\/cz\/?s={search_term_string}\"},\"query-input\":\"required name=search_term_string\"}],\"inLanguage\":\"cs\"},{\"@type\":\"Organization\",\"@id\":\"https:\/\/www.simpleplan.cz\/cz\/#organization\",\"name\":\"CZ: SimplePlan.cz\",\"url\":\"https:\/\/www.simpleplan.cz\/cz\/\",\"logo\":{\"@type\":\"ImageObject\",\"inLanguage\":\"cs\",\"@id\":\"https:\/\/www.simpleplan.cz\/cz\/#\/schema\/logo\/image\/\",\"url\":\"https:\/\/www.simpleplan.cz\/cz\/wp-content\/uploads\/spczlogo.png\",\"contentUrl\":\"https:\/\/www.simpleplan.cz\/cz\/wp-content\/uploads\/spczlogo.png\",\"width\":250,\"height\":190,\"caption\":\"CZ: SimplePlan.cz\"},\"image\":{\"@id\":\"https:\/\/www.simpleplan.cz\/cz\/#\/schema\/logo\/image\/\"},\"sameAs\":[\"http:\/\/www.facebook.com\/simpleplancz\",\"https:\/\/twitter.com\/simpleplancz\",\"http:\/\/www.instagram.com\/simpleplancz\",\"http:\/\/www.youtube.com\/simpleplancz\"]}]}<\/script>\n<!-- \/ Yoast SEO plugin. -->","yoast_head_json":{"title":"Koncert Simple Plan v Praze - 2.9.2011 | CZ: SimplePlan.cz","robots":{"index":"index","follow":"follow","max-snippet":"max-snippet:-1","max-image-preview":"max-image-preview:large","max-video-preview":"max-video-preview:-1"},"canonical":"https:\/\/www.simpleplan.cz\/cz\/index.php\/extra\/praha2011\/","og_locale":"cs_CZ","og_type":"article","og_title":"Koncert Simple Plan v Praze - 2.9.2011 | CZ: SimplePlan.cz","og_description":"Informace o koncertu P\u0159e\u010dt\u011bte si z\u00e1kladn\u00ed informace o druh\u00e9m koncertu Simple Plan v \u010cR Ofici\u00e1ln\u00ed","og_url":"https:\/\/www.simpleplan.cz\/cz\/index.php\/extra\/praha2011\/","og_site_name":"CZ: SimplePlan.cz","article_publisher":"http:\/\/www.facebook.com\/simpleplancz","article_modified_time":"2023-06-26T07:29:53+00:00","og_image":[{"url":"http:\/\/www.simpleplan.cz\/images\/arrow.gif"}],"twitter_card":"summary_large_image","twitter_site":"@simpleplancz","twitter_misc":{"Odhadovan\u00e1 doba \u010dten\u00ed":"1 minuta"},"schema":{"@context":"https:\/\/schema.org","@graph":[{"@type":"WebPage","@id":"https:\/\/www.simpleplan.cz\/cz\/index.php\/extra\/praha2011\/","url":"https:\/\/www.simpleplan.cz\/cz\/index.php\/extra\/praha2011\/","name":"Koncert Simple Plan v Praze - 2.9.2011 | CZ: SimplePlan.cz","isPartOf":{"@id":"https:\/\/www.simpleplan.cz\/cz\/#website"},"datePublished":"2011-07-06T13:27:41+00:00","dateModified":"2023-06-26T07:29:53+00:00","breadcrumb":{"@id":"https:\/\/www.simpleplan.cz\/cz\/index.php\/extra\/praha2011\/#breadcrumb"},"inLanguage":"cs","potentialAction":[{"@type":"ReadAction","target":["https:\/\/www.simpleplan.cz\/cz\/index.php\/extra\/praha2011\/"]}]},{"@type":"BreadcrumbList","@id":"https:\/\/www.simpleplan.cz\/cz\/index.php\/extra\/praha2011\/#breadcrumb","itemListElement":[{"@type":"ListItem","position":1,"name":"Dom\u016f","item":"https:\/\/www.simpleplan.cz\/cz\/"},{"@type":"ListItem","position":2,"name":"Extra","item":"https:\/\/www.simpleplan.cz\/cz\/index.php\/extra\/"},{"@type":"ListItem","position":3,"name":"Koncert Simple Plan v Praze &#8211; 2.9.2011"}]},{"@type":"WebSite","@id":"https:\/\/www.simpleplan.cz\/cz\/#website","url":"https:\/\/www.simpleplan.cz\/cz\/","name":"CZ: SimplePlan.cz","description":"Nejlep\u0161\u00ed zdroj informac\u00ed o kapele Simple Plan","publisher":{"@id":"https:\/\/www.simpleplan.cz\/cz\/#organization"},"potentialAction":[{"@type":"SearchAction","target":{"@type":"EntryPoint","urlTemplate":"https:\/\/www.simpleplan.cz\/cz\/?s={search_term_string}"},"query-input":"required name=search_term_string"}],"inLanguage":"cs"},{"@type":"Organization","@id":"https:\/\/www.simpleplan.cz\/cz\/#organization","name":"CZ: SimplePlan.cz","url":"https:\/\/www.simpleplan.cz\/cz\/","logo":{"@type":"ImageObject","inLanguage":"cs","@id":"https:\/\/www.simpleplan.cz\/cz\/#\/schema\/logo\/image\/","url":"https:\/\/www.simpleplan.cz\/cz\/wp-content\/uploads\/spczlogo.png","contentUrl":"https:\/\/www.simpleplan.cz\/cz\/wp-content\/uploads\/spczlogo.png","width":250,"height":190,"caption":"CZ: SimplePlan.cz"},"image":{"@id":"https:\/\/www.simpleplan.cz\/cz\/#\/schema\/logo\/image\/"},"sameAs":["http:\/\/www.facebook.com\/simpleplancz","https:\/\/twitter.com\/simpleplancz","http:\/\/www.instagram.com\/simpleplancz","http:\/\/www.youtube.com\/simpleplancz"]}]}},"_links":{"self":[{"href":"https:\/\/www.simpleplan.cz\/cz\/index.php\/wp-json\/wp\/v2\/pages\/7693"}],"collection":[{"href":"https:\/\/www.simpleplan.cz\/cz\/index.php\/wp-json\/wp\/v2\/pages"}],"about":[{"href":"https:\/\/www.simpleplan.cz\/cz\/index.php\/wp-json\/wp\/v2\/types\/page"}],"author":[{"embeddable":true,"href":"https:\/\/www.simpleplan.cz\/cz\/index.php\/wp-json\/wp\/v2\/users\/5"}],"replies":[{"embeddable":true,"href":"https:\/\/www.simpleplan.cz\/cz\/index.php\/wp-json\/wp\/v2\/comments?post=7693"}],"version-history":[{"count":8,"href":"https:\/\/www.simpleplan.cz\/cz\/index.php\/wp-json\/wp\/v2\/pages\/7693\/revisions"}],"predecessor-version":[{"id":23373,"href":"https:\/\/www.simpleplan.cz\/cz\/index.php\/wp-json\/wp\/v2\/pages\/7693\/revisions\/23373"}],"up":[{"embeddable":true,"href":"https:\/\/www.simpleplan.cz\/cz\/index.php\/wp-json\/wp\/v2\/pages\/5259"}],"wp:attachment":[{"href":"https:\/\/www.simpleplan.cz\/cz\/index.php\/wp-json\/wp\/v2\/media?parent=7693"}],"curies":[{"name":"wp","href":"https:\/\/api.w.org\/{rel}","templated":true}]}}