{"id":7703,"date":"2011-07-06T16:11:12","date_gmt":"2011-07-06T14:11:12","guid":{"rendered":"http:\/\/www.simpleplan.cz\/cz\/?page_id=7703"},"modified":"2023-06-26T09:29:53","modified_gmt":"2023-06-26T07:29:53","slug":"darek-od-fanousku","status":"publish","type":"page","link":"https:\/\/www.simpleplan.cz\/cz\/index.php\/extra\/praha2011\/darek-od-fanousku\/","title":{"rendered":"D\u00e1rek od fanou\u0161k\u016f"},"content":{"rendered":"<div class=\"pagecontent\"><img decoding=\"async\" style=\"margin: 6px;\" src=\"http:\/\/www.simpleplan.cz\/praha2011\/000.gif\" alt=\"\" align=\"right\" \/><br \/>\nJeliko\u017e <a href=\"http:\/\/www.simpleplan.cz\/cz\/index.php\/extra\/praha\/darek-of-fanousku\/\" target=\"_blank\" rel=\"noopener\">d\u00e1rek<\/a>, kter\u00fd jsem za \u010desk\u00e9 fanou\u0161ky p\u0159ed 3 lety v Praze na koncertu Simple Plan p\u0159edala kapele, dos\u00e1hl velk\u00e9ho ohlasu (a kapela na n\u011bj vzpom\u00edn\u00e1 a\u017e dote\u010f), bylo rozhodn\u011b na m\u00edst\u011b za\u010d\u00edt chystat <b>d\u00e1rek, kter\u00fd jim byl n\u00e1sledn\u011b p\u0159ed\u00e1n na koncert\u011b v roce 2011 (na jejich druh\u00e9m koncert\u011b v \u010cesk\u00e9 republice, 2. z\u00e1\u0159\u00ed 2011)<\/b>. Z va\u0161ich koment\u00e1\u0159\u016f, zpr\u00e1v, a p\u0159edev\u0161\u00edm ze srazu fanou\u0161k\u016f vze\u0161l projekt s n\u00e1zvem &#8222;A Big Package For You: Czech (Travel) Edition&#8220;. Jak u\u017e vid\u00edte podle n\u00e1zvu, jedn\u00e1 se o referenci na prvn\u00ed DVD kluk\u016f, ale tak trochu v jin\u00e9m smyslu. Kluk\u016fm byl p\u0159ed\u00e1n kuf\u0159\u00edk (takov\u00fd ten typick\u00fd d\u011btsk\u00fd, ale \u0159ekn\u011bme, \u017ee je to ten &#8222;typick\u00fd cestovn\u00ed&#8220;), kter\u00fd obsahoval v\u011bci, kter\u00e9 se kluk\u016fm b\u011bhem cestov\u00e1n\u00ed (a obzvl\u00e1\u0161\u0165 do \u010cR) m\u016f\u017eou hodit. <\/p>\n<p><u><b>Co &#8222;A Big Package For You: Czech (Travel) Edition&#8220; obsahovalo?<\/b><\/u><\/p>\n<p>&#8211; anglicko-\u010desk\u00fd fr\u00e1zov\u00fd slovn\u00edk<br \/>\n&#8211; mapu \u010cesk\u00e9 republiky (resp. \u010desk\u00fdch fanou\u0161k\u016f)<br \/>\n&#8211; <strike>cheque book<\/strike> (\u0161ekov\u00e1 kn\u00ed\u017eka) => Czech Book<br \/>\n&#8211; samolepky \u010desk\u00e9 vlajky (nebo\u0165 to je d\u00e1rek, o kter\u00fd si po\u017e\u00e1dali p\u0159i posledn\u00ed n\u00e1v\u0161t\u011bv\u011b \u010cR \/ kter\u00fd si mohou nalepit na kytary, jin\u00e9 n\u00e1stroje, nebo vybaven\u00ed)<br \/>\n&#8211; informativn\u00ed kn\u00ed\u017eku o \u010cesk\u00e9 republice<\/p>\n<p><u><b>Jak se do &#8222;A Big Package For You: Czech (Travel) Edition&#8220; projektu mohli zapojit i \u010de\u0161t\u00ed fanou\u0161ci?<\/b><\/u><\/p>\n<p>Fanou\u0161ci se mohli zapojit hned do dvou sou\u010d\u00e1st\u00ed projektu: do mapy a do Czech booku (ten m\u00e1 nav\u00edc 2 \u010d\u00e1sti).<\/p>\n<p><b>1) Mapa \u010cR<\/b><\/p>\n<p>Mapa \u010cR je tak trochu speci\u00e1ln\u00ed mapou, kterou pokr\u00fdvaj\u00ed fotky fanou\u0161k\u016f (resp. jejich hlavy) &#8211; podle toho, ze kter\u00e9ho m\u00edsta poch\u00e1zej\u00ed. Nap\u0159\u00edklad Hanka z Prahy bude m\u00edt svou hlavi\u010dku na m\u00edst\u011b na\u0161eho hlavn\u00edho m\u011bsta. <\/p>\n<p><b>2) Czech Book<\/b><\/p>\n<p>Czech Book nevypad\u00e1 jako klasick\u00e1 \u0161ekov\u00e1 kn\u00ed\u017eka, ale p\u0159ipom\u00edn\u00e1 tak trochu knihu, kterou jsme SP dali minule. Tentokr\u00e1t v\u0161ak byla m\u00edsto dopis\u016f od fanou\u0161k\u016f slo\u017eena ze dvou hlavn\u00edch \u010d\u00e1st\u00ed, do kter\u00fdch se mohou fanou\u0161ci zapojit:<\/p>\n<p><i><b>A) Jedna vzpom\u00ednka na koncert SP v Praze v roce 2008<\/b><\/i><\/p>\n<p>Do t\u00e9to \u010d\u00e1sti Czech Booku mohl ka\u017ed\u00fd fanou\u0161ek zaslat vzpom\u00ednku popisuj\u00edc\u00ed to, co mu na prvn\u00edm koncert\u011b Simple Plan v \u010cR nejv\u00edce utkv\u011blo v pam\u011bti. Do Czech Booku se pot\u00e9 v\u0161echny vzpom\u00ednky p\u0159ekl\u00e1daly do angli\u010dtiny a byly dopln\u011bny o r\u016fzn\u00e9 fotky z koncertu<\/p>\n<p><i><b>B) These Songs Saved Our Lives<\/b><\/i><\/p>\n<p>Druh\u00e1 \u010d\u00e1st Czech Booku byla vytvo\u0159ena hlavn\u011b z toho d\u016fvodu, aby se do d\u00e1rku mohli zapojit i ti, kte\u0159\u00ed se posledn\u00edho koncertu SP v \u010cR nez\u00fa\u010dastnili. Hlavn\u00ed inspirac\u00ed pro tuto \u010d\u00e1st Czech Booku byla p\u00edse\u0148 This Song Saved My Life z nov\u00e9ho alba SP, kter\u00e1 pojedn\u00e1v\u00e1 o tom, jak ur\u010dit\u00e1 p\u00edse\u0148 dok\u00e1\u017ee v \u010dlov\u011bku vyvolat r\u016fzn\u00e9 pocity, m\u016f\u017ee mu pomoci ve \u0161patn\u00fdch \u010dasech, m\u016f\u017ee mu \u00fapln\u011b zm\u011bnit \u017eivot, nebo mu jej dokonce i sv\u00fdm zp\u016fsobem zachr\u00e1nit.<\/p>\n<p>\u00dakolem pro tuto \u010d\u00e1st knihy bylo poslat n\u00e1zev p\u00edsn\u011b Simple Plan, kter\u00e1 p\u0159\u00edmo v\u00e1m osobn\u011b zachr\u00e1nila \u017eivot a hlavn\u011b PRO\u010c. &#8222;Zachr\u00e1nit&#8220; \u017eivot se d\u00e1 r\u016fzn\u00fdmi zp\u016fsoby &#8211; m\u016f\u017ee \u010dlov\u011bka nav\u00e9st jin\u00fdm sm\u011brem, m\u016f\u017ee mu \u017eivot zm\u011bnit.<\/p>\n<p>Fin\u00e1ln\u00ed verze t\u00e9to \u010d\u00e1sti Czech Booku obsahuje kolekci t\u011bch p\u00edsn\u00ed Simple Plan, kter\u00e9 se objevovaly ve zpr\u00e1v\u00e1ch fanou\u0161k\u016f, spole\u010dn\u011b s jejich od\u016fvodn\u011bn\u00edmi.<\/p>\n<p><b><u>FOTODOKUMENTACE:<\/u><\/b><\/p>\n<p><center><b>Cel\u00fd d\u00e1rek:<\/b><\/p>\n<p><a href=\"http:\/\/i51.tinypic.com\/2aetjyu.jpg\" target=\"_blank\"  rel=\"lightbox[7703] noopener\"><img decoding=\"async\" src=\"http:\/\/www.simpleplan.cz\/praha2011\/001.gif\"><\/a> <a href=\"http:\/\/i51.tinypic.com\/xf7qxg.jpg\" target=\"_blank\"  rel=\"lightbox[7703] noopener\"><img decoding=\"async\" src=\"http:\/\/www.simpleplan.cz\/praha2011\/002.gif\"><\/a> <\/p>\n<p><b>Mapa \u010cesk\u00e9 Republiky \/ \u010desk\u00fdch fanou\u0161k\u016f:<\/b><\/p>\n<p><a href=\"http:\/\/i55.tinypic.com\/eund42.jpg\" target=\"_blank\"  rel=\"lightbox[7703] noopener\"><img decoding=\"async\" src=\"http:\/\/www.simpleplan.cz\/praha2011\/003.gif\"><\/a> <a href=\"http:\/\/i55.tinypic.com\/2duk0td.jpg\" target=\"_blank\"  rel=\"lightbox[7703] noopener\"><img decoding=\"async\" src=\"http:\/\/www.simpleplan.cz\/praha2011\/004.gif\"><\/a> <a href=\"http:\/\/i54.tinypic.com\/2w6c37k.jpg\" target=\"_blank\"  rel=\"lightbox[7703] noopener\"><img decoding=\"async\" src=\"http:\/\/www.simpleplan.cz\/praha2011\/005.gif\"><\/a> <a href=\"http:\/\/i53.tinypic.com\/5a4bgi.jpg\" target=\"_blank\"  rel=\"lightbox[7703] noopener\"><img decoding=\"async\" src=\"http:\/\/www.simpleplan.cz\/praha2011\/006.gif\"><\/a> <\/p>\n<p><b>Czech Book:<\/b><\/p>\n<p>(fin\u00e1ln\u00ed verze)<br \/>\n<a href=\"http:\/\/i52.tinypic.com\/2gvoffn.jpg\" target=\"_blank\"  rel=\"lightbox[7703] noopener\"><img decoding=\"async\" src=\"http:\/\/www.simpleplan.cz\/praha2011\/007.gif\"><\/a> <a href=\"http:\/\/i51.tinypic.com\/21bq1hf.jpg\" target=\"_blank\"  rel=\"lightbox[7703] noopener\"><img decoding=\"async\" src=\"http:\/\/www.simpleplan.cz\/praha2011\/008.gif\"><\/a> <a href=\"http:\/\/i52.tinypic.com\/2vx0wvd.jpg\" target=\"_blank\"  rel=\"lightbox[7703] noopener\"><img decoding=\"async\" src=\"http:\/\/www.simpleplan.cz\/praha2011\/009.gif\"><\/a> <a href=\"http:\/\/i52.tinypic.com\/2qbuetc.jpg\" target=\"_blank\"  rel=\"lightbox[7703] noopener\"><img decoding=\"async\" src=\"http:\/\/www.simpleplan.cz\/praha2011\/010.gif\"><\/a><br \/>\n<a href=\"http:\/\/i56.tinypic.com\/2nscd3s.jpg\" target=\"_blank\"  rel=\"lightbox[7703] noopener\"><img decoding=\"async\" src=\"http:\/\/www.simpleplan.cz\/praha2011\/011.gif\"><\/a> <a href=\"http:\/\/i52.tinypic.com\/2i1h2z4.jpg\" target=\"_blank\"  rel=\"lightbox[7703] noopener\"><img decoding=\"async\" src=\"http:\/\/www.simpleplan.cz\/praha2011\/012.gif\"><\/a> <a href=\"http:\/\/i54.tinypic.com\/10prcdj.jpg\" target=\"_blank\"  rel=\"lightbox[7703] noopener\"><img decoding=\"async\" src=\"http:\/\/www.simpleplan.cz\/praha2011\/013.gif\"><\/a> <a href=\"http:\/\/i52.tinypic.com\/ayxflc.jpg\" target=\"_blank\"  rel=\"lightbox[7703] noopener\"><img decoding=\"async\" src=\"http:\/\/www.simpleplan.cz\/praha2011\/014.gif\"><\/a><br \/>\n<a href=\"http:\/\/i52.tinypic.com\/282kq48.jpg\" target=\"_blank\"  rel=\"lightbox[7703] noopener\"><img decoding=\"async\" src=\"http:\/\/www.simpleplan.cz\/praha2011\/015.gif\"><\/a> <a href=\"http:\/\/i56.tinypic.com\/1z5rf36.jpg\" target=\"_blank\"  rel=\"lightbox[7703] noopener\"><img decoding=\"async\" src=\"http:\/\/www.simpleplan.cz\/praha2011\/016.gif\"><\/a> <a href=\"http:\/\/i56.tinypic.com\/30iz3tv.jpg\" target=\"_blank\"  rel=\"lightbox[7703] noopener\"><img decoding=\"async\" src=\"http:\/\/www.simpleplan.cz\/praha2011\/017.gif\"><\/a> <a href=\"http:\/\/i53.tinypic.com\/9rrua8.jpg\" target=\"_blank\"  rel=\"lightbox[7703] noopener\"><img decoding=\"async\" src=\"http:\/\/www.simpleplan.cz\/praha2011\/018.gif\"><\/a><br \/>\n<a href=\"http:\/\/i53.tinypic.com\/zlbs42.jpg\" target=\"_blank\"  rel=\"lightbox[7703] noopener\"><img decoding=\"async\" src=\"http:\/\/www.simpleplan.cz\/praha2011\/019.gif\"><\/a> <a href=\"http:\/\/i56.tinypic.com\/raykn8.jpg\" target=\"_blank\"  rel=\"lightbox[7703] noopener\"><img decoding=\"async\" src=\"http:\/\/www.simpleplan.cz\/praha2011\/020.gif\"><\/a> <a href=\"http:\/\/i51.tinypic.com\/25h20es.jpg\" target=\"_blank\"  rel=\"lightbox[7703] noopener\"><img decoding=\"async\" src=\"http:\/\/www.simpleplan.cz\/praha2011\/021.gif\"><\/a> <a href=\"http:\/\/i56.tinypic.com\/13ydkbn.jpg\" target=\"_blank\"  rel=\"lightbox[7703] noopener\"><img decoding=\"async\" src=\"http:\/\/www.simpleplan.cz\/praha2011\/022.gif\"><\/a><br \/>\n<a href=\"http:\/\/i56.tinypic.com\/2127cqs.jpg\" target=\"_blank\"  rel=\"lightbox[7703] noopener\"><img decoding=\"async\" src=\"http:\/\/www.simpleplan.cz\/praha2011\/023.gif\"><\/a> <a href=\"http:\/\/i53.tinypic.com\/f03eiu.jpg\" target=\"_blank\"  rel=\"lightbox[7703] noopener\"><img decoding=\"async\" src=\"http:\/\/www.simpleplan.cz\/praha2011\/024.gif\"><\/a> <a href=\"http:\/\/i51.tinypic.com\/2i9o9wm.jpg\" target=\"_blank\"  rel=\"lightbox[7703] noopener\"><img decoding=\"async\" src=\"http:\/\/www.simpleplan.cz\/praha2011\/025.gif\"><\/a> <a href=\"http:\/\/i53.tinypic.com\/2ex55qc.jpg\" target=\"_blank\"  rel=\"lightbox[7703] noopener\"><img decoding=\"async\" src=\"http:\/\/www.simpleplan.cz\/praha2011\/026.gif\"><\/a> <\/p>\n<p>(jednotliv\u00e9 str\u00e1nky)<br \/>\n<a href=\"http:\/\/i55.tinypic.com\/1441tv5.jpg\" target=\"_blank\"  rel=\"lightbox[7703] noopener\"><img decoding=\"async\" src=\"http:\/\/www.simpleplan.cz\/praha2011\/027.gif\"><\/a> <a href=\"http:\/\/i54.tinypic.com\/24pavsk.jpg\" target=\"_blank\"  rel=\"lightbox[7703] noopener\"><img decoding=\"async\" src=\"http:\/\/www.simpleplan.cz\/praha2011\/028.gif\"><\/a> <a href=\"http:\/\/i52.tinypic.com\/10mn5l0.jpg\" target=\"_blank\"  rel=\"lightbox[7703] noopener\"><img decoding=\"async\" src=\"http:\/\/www.simpleplan.cz\/praha2011\/029.gif\"><\/a> <a href=\"http:\/\/i52.tinypic.com\/29ymcrt.jpg\" target=\"_blank\"  rel=\"lightbox[7703] noopener\"><img decoding=\"async\" src=\"http:\/\/www.simpleplan.cz\/praha2011\/030.gif\"><\/a><br \/>\n<a href=\"http:\/\/i51.tinypic.com\/2100soh.jpg\" target=\"_blank\"  rel=\"lightbox[7703] noopener\"><img decoding=\"async\" src=\"http:\/\/www.simpleplan.cz\/praha2011\/031.gif\"><\/a> <a href=\"http:\/\/i54.tinypic.com\/ig9cv9.jpg\" target=\"_blank\"  rel=\"lightbox[7703] noopener\"><img decoding=\"async\" src=\"http:\/\/www.simpleplan.cz\/praha2011\/032.gif\"><\/a> <a href=\"http:\/\/i56.tinypic.com\/ab4b9s.jpg\" target=\"_blank\"  rel=\"lightbox[7703] noopener\"><img decoding=\"async\" src=\"http:\/\/www.simpleplan.cz\/praha2011\/033.gif\"><\/a> <a href=\"http:\/\/i52.tinypic.com\/1265qar.jpg\" target=\"_blank\"  rel=\"lightbox[7703] noopener\"><img decoding=\"async\" src=\"http:\/\/www.simpleplan.cz\/praha2011\/034.gif\"><\/a><br \/>\n<a href=\"http:\/\/i54.tinypic.com\/r7rdid.jpg\" target=\"_blank\"  rel=\"lightbox[7703] noopener\"><img decoding=\"async\" src=\"http:\/\/www.simpleplan.cz\/praha2011\/035.gif\"><\/a> <a href=\"http:\/\/i54.tinypic.com\/fjnh2o.jpg\" target=\"_blank\"  rel=\"lightbox[7703] noopener\"><img decoding=\"async\" src=\"http:\/\/www.simpleplan.cz\/praha2011\/036.gif\"><\/a> <a href=\"http:\/\/i51.tinypic.com\/24wujvc.jpg\" target=\"_blank\"  rel=\"lightbox[7703] noopener\"><img decoding=\"async\" src=\"http:\/\/www.simpleplan.cz\/praha2011\/037.gif\"><\/a> <a href=\"http:\/\/i54.tinypic.com\/3bqyc.jpg\" target=\"_blank\"  rel=\"lightbox[7703] noopener\"><img decoding=\"async\" src=\"http:\/\/www.simpleplan.cz\/praha2011\/038.gif\"><\/a><br \/>\n<a href=\"http:\/\/i53.tinypic.com\/qwzyxc.jpg\" target=\"_blank\"  rel=\"lightbox[7703] noopener\"><img decoding=\"async\" src=\"http:\/\/www.simpleplan.cz\/praha2011\/039.gif\"><\/a> <a href=\"http:\/\/i56.tinypic.com\/25z4hnt.jpg\" target=\"_blank\"  rel=\"lightbox[7703] noopener\"><img decoding=\"async\" src=\"http:\/\/www.simpleplan.cz\/praha2011\/040.gif\"><\/a> <a href=\"http:\/\/i52.tinypic.com\/30vcbwk.jpg\" target=\"_blank\"  rel=\"lightbox[7703] noopener\"><img decoding=\"async\" src=\"http:\/\/www.simpleplan.cz\/praha2011\/041.gif\"><\/a> <a href=\"http:\/\/i51.tinypic.com\/mh3nme.jpg\" target=\"_blank\"  rel=\"lightbox[7703] noopener\"><img decoding=\"async\" src=\"http:\/\/www.simpleplan.cz\/praha2011\/042.gif\"><\/a><br \/>\n<a href=\"http:\/\/i51.tinypic.com\/2eolibr.jpg\" target=\"_blank\"  rel=\"lightbox[7703] noopener\"><img decoding=\"async\" src=\"http:\/\/www.simpleplan.cz\/praha2011\/043.gif\"><\/a> <a href=\"http:\/\/i51.tinypic.com\/2s9zm3c.jpg\" target=\"_blank\"  rel=\"lightbox[7703] noopener\"><img decoding=\"async\" src=\"http:\/\/www.simpleplan.cz\/praha2011\/044.gif\"><\/a> <a href=\"http:\/\/i55.tinypic.com\/21d3gc4.jpg\" target=\"_blank\"  rel=\"lightbox[7703] noopener\"><img decoding=\"async\" src=\"http:\/\/www.simpleplan.cz\/praha2011\/045.gif\"><\/a> <a href=\"http:\/\/i53.tinypic.com\/309his3.jpg\" target=\"_blank\"  rel=\"lightbox[7703] noopener\"><img decoding=\"async\" src=\"http:\/\/www.simpleplan.cz\/praha2011\/046.gif\"><\/a><br \/>\n<a href=\"http:\/\/i52.tinypic.com\/afenvt.jpg\" target=\"_blank\"  rel=\"lightbox[7703] noopener\"><img decoding=\"async\" src=\"http:\/\/www.simpleplan.cz\/praha2011\/047.gif\"><\/a> <a href=\"http:\/\/i54.tinypic.com\/zxky69.jpg\" target=\"_blank\"  rel=\"lightbox[7703] noopener\"><img decoding=\"async\" src=\"http:\/\/www.simpleplan.cz\/praha2011\/048.gif\"><\/a> <a href=\"http:\/\/i55.tinypic.com\/wisdo3.jpg\" target=\"_blank\"  rel=\"lightbox[7703] noopener\"><img decoding=\"async\" src=\"http:\/\/www.simpleplan.cz\/praha2011\/049.gif\"><\/a> <a href=\"http:\/\/i53.tinypic.com\/2my2maa.jpg\" target=\"_blank\"  rel=\"lightbox[7703] noopener\"><img decoding=\"async\" src=\"http:\/\/www.simpleplan.cz\/praha2011\/050.gif\"><\/a><br \/>\n<a href=\"http:\/\/i55.tinypic.com\/11i3hc5.jpg\" target=\"_blank\"  rel=\"lightbox[7703] noopener\"><img decoding=\"async\" src=\"http:\/\/www.simpleplan.cz\/praha2011\/051.gif\"><\/a> <a href=\"http:\/\/i56.tinypic.com\/35jf6si.jpg\" target=\"_blank\"  rel=\"lightbox[7703] noopener\"><img decoding=\"async\" src=\"http:\/\/www.simpleplan.cz\/praha2011\/052.gif\"><\/a> <a href=\"http:\/\/i54.tinypic.com\/302qjbp.jpg\" target=\"_blank\"  rel=\"lightbox[7703] noopener\"><img decoding=\"async\" src=\"http:\/\/www.simpleplan.cz\/praha2011\/053.gif\"><\/a> <a href=\"http:\/\/i55.tinypic.com\/23k7n06.jpg\" target=\"_blank\"  rel=\"lightbox[7703] noopener\"><img decoding=\"async\" src=\"http:\/\/www.simpleplan.cz\/praha2011\/054.gif\"><\/a><br \/>\n<a href=\"http:\/\/i55.tinypic.com\/293jeif.jpg\" target=\"_blank\"  rel=\"lightbox[7703] noopener\"><img decoding=\"async\" src=\"http:\/\/www.simpleplan.cz\/praha2011\/055.gif\"><\/a> <a href=\"http:\/\/i52.tinypic.com\/2mdm3h0.jpg\" target=\"_blank\"  rel=\"lightbox[7703] noopener\"><img decoding=\"async\" src=\"http:\/\/www.simpleplan.cz\/praha2011\/056.gif\"><\/a> <a href=\"http:\/\/i53.tinypic.com\/2z5kw1h.jpg\" target=\"_blank\"  rel=\"lightbox[7703] noopener\"><img decoding=\"async\" src=\"http:\/\/www.simpleplan.cz\/praha2011\/057.gif\"><\/a> <a href=\"http:\/\/i54.tinypic.com\/2ec0jr6.jpg\" target=\"_blank\"  rel=\"lightbox[7703] noopener\"><img decoding=\"async\" src=\"http:\/\/www.simpleplan.cz\/praha2011\/058.gif\"><\/a><br \/>\n<a href=\"http:\/\/i51.tinypic.com\/9pmgea.jpg\" target=\"_blank\"  rel=\"lightbox[7703] noopener\"><img decoding=\"async\" src=\"http:\/\/www.simpleplan.cz\/praha2011\/059.gif\"><\/a> <\/p>\n<p><\/center>\n<\/div>\n<div class=\"fblikebutton_button\" style=\"float: left; padding-top: 20px; margin-right: 20px; padding-bottom: 20px; padding-left: 20px;\"><iframe src=\"http:\/\/www.facebook.com\/plugins\/like.php?href=https%3A%2F%2Fwww.simpleplan.cz%2Fcz%2Findex.php%2Fextra%2Fpraha2011%2Fdarek-od-fanousku%2F&amp;layout=standard&amp;show-faces=false&amp;width=450&amp;action=like&amp;colorscheme=light\" scrolling=\"no\" frameborder=\"0\" allowTransparency=\"true\" style=\"border:none; overflow:hidden; width:450px; height:26px\"><\/iframe><\/div>\n","protected":false},"excerpt":{"rendered":"<p>Jeliko\u017e d\u00e1rek, kter\u00fd jsem za \u010desk\u00e9 fanou\u0161ky p\u0159ed 3 lety v Praze na koncertu Simple<\/p>\n","protected":false},"author":5,"featured_media":0,"parent":7693,"menu_order":0,"comment_status":"open","ping_status":"open","template":"page-templates\/full-width.php","meta":{"footnotes":""},"yoast_head":"<!-- This site is optimized with the Yoast SEO plugin v20.9 - https:\/\/yoast.com\/wordpress\/plugins\/seo\/ -->\n<title>D\u00e1rek od fanou\u0161k\u016f | CZ: SimplePlan.cz<\/title>\n<meta name=\"robots\" content=\"index, follow, max-snippet:-1, max-image-preview:large, max-video-preview:-1\" \/>\n<link rel=\"canonical\" href=\"https:\/\/www.simpleplan.cz\/cz\/index.php\/extra\/praha2011\/darek-od-fanousku\/\" \/>\n<meta property=\"og:locale\" content=\"cs_CZ\" \/>\n<meta property=\"og:type\" content=\"article\" \/>\n<meta property=\"og:title\" content=\"D\u00e1rek od fanou\u0161k\u016f | CZ: SimplePlan.cz\" \/>\n<meta property=\"og:description\" content=\"Jeliko\u017e d\u00e1rek, kter\u00fd jsem za \u010desk\u00e9 fanou\u0161ky p\u0159ed 3 lety v Praze na koncertu Simple\" \/>\n<meta property=\"og:url\" content=\"https:\/\/www.simpleplan.cz\/cz\/index.php\/extra\/praha2011\/darek-od-fanousku\/\" \/>\n<meta property=\"og:site_name\" content=\"CZ: SimplePlan.cz\" \/>\n<meta property=\"article:publisher\" content=\"http:\/\/www.facebook.com\/simpleplancz\" \/>\n<meta property=\"article:modified_time\" content=\"2023-06-26T07:29:53+00:00\" \/>\n<meta property=\"og:image\" content=\"http:\/\/www.simpleplan.cz\/praha2011\/000.gif\" \/>\n<meta name=\"twitter:card\" content=\"summary_large_image\" \/>\n<meta name=\"twitter:site\" content=\"@simpleplancz\" \/>\n<meta name=\"twitter:label1\" content=\"Odhadovan\u00e1 doba \u010dten\u00ed\" \/>\n\t<meta name=\"twitter:data1\" content=\"3 minuty\" \/>\n<script type=\"application\/ld+json\" class=\"yoast-schema-graph\">{\"@context\":\"https:\/\/schema.org\",\"@graph\":[{\"@type\":\"WebPage\",\"@id\":\"https:\/\/www.simpleplan.cz\/cz\/index.php\/extra\/praha2011\/darek-od-fanousku\/\",\"url\":\"https:\/\/www.simpleplan.cz\/cz\/index.php\/extra\/praha2011\/darek-od-fanousku\/\",\"name\":\"D\u00e1rek od fanou\u0161k\u016f | CZ: SimplePlan.cz\",\"isPartOf\":{\"@id\":\"https:\/\/www.simpleplan.cz\/cz\/#website\"},\"datePublished\":\"2011-07-06T14:11:12+00:00\",\"dateModified\":\"2023-06-26T07:29:53+00:00\",\"breadcrumb\":{\"@id\":\"https:\/\/www.simpleplan.cz\/cz\/index.php\/extra\/praha2011\/darek-od-fanousku\/#breadcrumb\"},\"inLanguage\":\"cs\",\"potentialAction\":[{\"@type\":\"ReadAction\",\"target\":[\"https:\/\/www.simpleplan.cz\/cz\/index.php\/extra\/praha2011\/darek-od-fanousku\/\"]}]},{\"@type\":\"BreadcrumbList\",\"@id\":\"https:\/\/www.simpleplan.cz\/cz\/index.php\/extra\/praha2011\/darek-od-fanousku\/#breadcrumb\",\"itemListElement\":[{\"@type\":\"ListItem\",\"position\":1,\"name\":\"Dom\u016f\",\"item\":\"https:\/\/www.simpleplan.cz\/cz\/\"},{\"@type\":\"ListItem\",\"position\":2,\"name\":\"Extra\",\"item\":\"https:\/\/www.simpleplan.cz\/cz\/index.php\/extra\/\"},{\"@type\":\"ListItem\",\"position\":3,\"name\":\"Koncert Simple Plan v Praze &#8211; 2.9.2011\",\"item\":\"https:\/\/www.simpleplan.cz\/cz\/index.php\/extra\/praha2011\/\"},{\"@type\":\"ListItem\",\"position\":4,\"name\":\"D\u00e1rek od fanou\u0161k\u016f\"}]},{\"@type\":\"WebSite\",\"@id\":\"https:\/\/www.simpleplan.cz\/cz\/#website\",\"url\":\"https:\/\/www.simpleplan.cz\/cz\/\",\"name\":\"CZ: SimplePlan.cz\",\"description\":\"Nejlep\u0161\u00ed zdroj informac\u00ed o kapele Simple Plan\",\"publisher\":{\"@id\":\"https:\/\/www.simpleplan.cz\/cz\/#organization\"},\"potentialAction\":[{\"@type\":\"SearchAction\",\"target\":{\"@type\":\"EntryPoint\",\"urlTemplate\":\"https:\/\/www.simpleplan.cz\/cz\/?s={search_term_string}\"},\"query-input\":\"required name=search_term_string\"}],\"inLanguage\":\"cs\"},{\"@type\":\"Organization\",\"@id\":\"https:\/\/www.simpleplan.cz\/cz\/#organization\",\"name\":\"CZ: SimplePlan.cz\",\"url\":\"https:\/\/www.simpleplan.cz\/cz\/\",\"logo\":{\"@type\":\"ImageObject\",\"inLanguage\":\"cs\",\"@id\":\"https:\/\/www.simpleplan.cz\/cz\/#\/schema\/logo\/image\/\",\"url\":\"https:\/\/www.simpleplan.cz\/cz\/wp-content\/uploads\/spczlogo.png\",\"contentUrl\":\"https:\/\/www.simpleplan.cz\/cz\/wp-content\/uploads\/spczlogo.png\",\"width\":250,\"height\":190,\"caption\":\"CZ: SimplePlan.cz\"},\"image\":{\"@id\":\"https:\/\/www.simpleplan.cz\/cz\/#\/schema\/logo\/image\/\"},\"sameAs\":[\"http:\/\/www.facebook.com\/simpleplancz\",\"https:\/\/twitter.com\/simpleplancz\",\"http:\/\/www.instagram.com\/simpleplancz\",\"http:\/\/www.youtube.com\/simpleplancz\"]}]}<\/script>\n<!-- \/ Yoast SEO plugin. -->","yoast_head_json":{"title":"D\u00e1rek od fanou\u0161k\u016f | CZ: SimplePlan.cz","robots":{"index":"index","follow":"follow","max-snippet":"max-snippet:-1","max-image-preview":"max-image-preview:large","max-video-preview":"max-video-preview:-1"},"canonical":"https:\/\/www.simpleplan.cz\/cz\/index.php\/extra\/praha2011\/darek-od-fanousku\/","og_locale":"cs_CZ","og_type":"article","og_title":"D\u00e1rek od fanou\u0161k\u016f | CZ: SimplePlan.cz","og_description":"Jeliko\u017e d\u00e1rek, kter\u00fd jsem za \u010desk\u00e9 fanou\u0161ky p\u0159ed 3 lety v Praze na koncertu Simple","og_url":"https:\/\/www.simpleplan.cz\/cz\/index.php\/extra\/praha2011\/darek-od-fanousku\/","og_site_name":"CZ: SimplePlan.cz","article_publisher":"http:\/\/www.facebook.com\/simpleplancz","article_modified_time":"2023-06-26T07:29:53+00:00","og_image":[{"url":"http:\/\/www.simpleplan.cz\/praha2011\/000.gif"}],"twitter_card":"summary_large_image","twitter_site":"@simpleplancz","twitter_misc":{"Odhadovan\u00e1 doba \u010dten\u00ed":"3 minuty"},"schema":{"@context":"https:\/\/schema.org","@graph":[{"@type":"WebPage","@id":"https:\/\/www.simpleplan.cz\/cz\/index.php\/extra\/praha2011\/darek-od-fanousku\/","url":"https:\/\/www.simpleplan.cz\/cz\/index.php\/extra\/praha2011\/darek-od-fanousku\/","name":"D\u00e1rek od fanou\u0161k\u016f | CZ: SimplePlan.cz","isPartOf":{"@id":"https:\/\/www.simpleplan.cz\/cz\/#website"},"datePublished":"2011-07-06T14:11:12+00:00","dateModified":"2023-06-26T07:29:53+00:00","breadcrumb":{"@id":"https:\/\/www.simpleplan.cz\/cz\/index.php\/extra\/praha2011\/darek-od-fanousku\/#breadcrumb"},"inLanguage":"cs","potentialAction":[{"@type":"ReadAction","target":["https:\/\/www.simpleplan.cz\/cz\/index.php\/extra\/praha2011\/darek-od-fanousku\/"]}]},{"@type":"BreadcrumbList","@id":"https:\/\/www.simpleplan.cz\/cz\/index.php\/extra\/praha2011\/darek-od-fanousku\/#breadcrumb","itemListElement":[{"@type":"ListItem","position":1,"name":"Dom\u016f","item":"https:\/\/www.simpleplan.cz\/cz\/"},{"@type":"ListItem","position":2,"name":"Extra","item":"https:\/\/www.simpleplan.cz\/cz\/index.php\/extra\/"},{"@type":"ListItem","position":3,"name":"Koncert Simple Plan v Praze &#8211; 2.9.2011","item":"https:\/\/www.simpleplan.cz\/cz\/index.php\/extra\/praha2011\/"},{"@type":"ListItem","position":4,"name":"D\u00e1rek od fanou\u0161k\u016f"}]},{"@type":"WebSite","@id":"https:\/\/www.simpleplan.cz\/cz\/#website","url":"https:\/\/www.simpleplan.cz\/cz\/","name":"CZ: SimplePlan.cz","description":"Nejlep\u0161\u00ed zdroj informac\u00ed o kapele Simple Plan","publisher":{"@id":"https:\/\/www.simpleplan.cz\/cz\/#organization"},"potentialAction":[{"@type":"SearchAction","target":{"@type":"EntryPoint","urlTemplate":"https:\/\/www.simpleplan.cz\/cz\/?s={search_term_string}"},"query-input":"required name=search_term_string"}],"inLanguage":"cs"},{"@type":"Organization","@id":"https:\/\/www.simpleplan.cz\/cz\/#organization","name":"CZ: SimplePlan.cz","url":"https:\/\/www.simpleplan.cz\/cz\/","logo":{"@type":"ImageObject","inLanguage":"cs","@id":"https:\/\/www.simpleplan.cz\/cz\/#\/schema\/logo\/image\/","url":"https:\/\/www.simpleplan.cz\/cz\/wp-content\/uploads\/spczlogo.png","contentUrl":"https:\/\/www.simpleplan.cz\/cz\/wp-content\/uploads\/spczlogo.png","width":250,"height":190,"caption":"CZ: SimplePlan.cz"},"image":{"@id":"https:\/\/www.simpleplan.cz\/cz\/#\/schema\/logo\/image\/"},"sameAs":["http:\/\/www.facebook.com\/simpleplancz","https:\/\/twitter.com\/simpleplancz","http:\/\/www.instagram.com\/simpleplancz","http:\/\/www.youtube.com\/simpleplancz"]}]}},"_links":{"self":[{"href":"https:\/\/www.simpleplan.cz\/cz\/index.php\/wp-json\/wp\/v2\/pages\/7703"}],"collection":[{"href":"https:\/\/www.simpleplan.cz\/cz\/index.php\/wp-json\/wp\/v2\/pages"}],"about":[{"href":"https:\/\/www.simpleplan.cz\/cz\/index.php\/wp-json\/wp\/v2\/types\/page"}],"author":[{"embeddable":true,"href":"https:\/\/www.simpleplan.cz\/cz\/index.php\/wp-json\/wp\/v2\/users\/5"}],"replies":[{"embeddable":true,"href":"https:\/\/www.simpleplan.cz\/cz\/index.php\/wp-json\/wp\/v2\/comments?post=7703"}],"version-history":[{"count":45,"href":"https:\/\/www.simpleplan.cz\/cz\/index.php\/wp-json\/wp\/v2\/pages\/7703\/revisions"}],"predecessor-version":[{"id":33032,"href":"https:\/\/www.simpleplan.cz\/cz\/index.php\/wp-json\/wp\/v2\/pages\/7703\/revisions\/33032"}],"up":[{"embeddable":true,"href":"https:\/\/www.simpleplan.cz\/cz\/index.php\/wp-json\/wp\/v2\/pages\/7693"}],"wp:attachment":[{"href":"https:\/\/www.simpleplan.cz\/cz\/index.php\/wp-json\/wp\/v2\/media?parent=7703"}],"curies":[{"name":"wp","href":"https:\/\/api.w.org\/{rel}","templated":true}]}}