{"id":8552,"date":"2011-12-09T22:30:07","date_gmt":"2011-12-09T21:30:07","guid":{"rendered":"http:\/\/www.simpleplan.cz\/cz\/?page_id=8552"},"modified":"2023-06-26T09:29:54","modified_gmt":"2023-06-26T07:29:54","slug":"zpevacky-v-jet-lag","status":"publish","type":"page","link":"https:\/\/www.simpleplan.cz\/cz\/index.php\/extra\/zpevacky-v-jet-lag\/","title":{"rendered":"Zp\u011bva\u010dky v Jet Lag"},"content":{"rendered":"<div class=\"pagecontent\">\n<div class=\"section-list4\">Simple Plan v roce 2011 vzdali sv\u00e9 \u010dtvrt\u00e9 studiov\u00e9 album &#8222;Get Your Heart On!&#8220;, na kter\u00e9m <b>poprv\u00e9 za svou kari\u00e9ru nazp\u00edvali p\u00edsni\u010dku s \u017eenou<\/b>, respektive hned se dv\u011bma: p\u00edse\u0148 Jet Lag, kter\u00e1 vy\u0161la hned ve dvou verz\u00edch, na t\u00e9 anglick\u00e9 obsahuje britskou zp\u011bva\u010dku Natashu Bedingfield, a na francouzsk\u00e9 kanadskou Marie-Mai. B\u011bhem v\u011bt\u0161iny koncert\u016f na turn\u00e9 ov\u0161em kluci nemaj\u00ed v\u011bt\u0161inou k dispozici \u017e\u00e1dnou z t\u011bchto dam, aby jim na jejich singlu na\u017eivo zazp\u00edvala, tak si mus\u00ed vysta\u010dit s Davidem. Pokud ale k dispozici n\u011bjak\u00e1 ta d\u00edvka je, kluci ze Simple Plan rozhodn\u011b dvakr\u00e1t nev\u00e1haj\u00ed a hned j\u00ed zam\u011bstnaj\u00ed do role Pierrovy zp\u011bv\u00e1ck\u00e9 partnerky. <b>B\u011bhem \u010dasu se v t\u00e9to roli vyst\u0159\u00eddala u\u017e p\u011bkn\u00e1 \u0159\u00e1dka d\u00edvek<\/b>, a tady je jejich seznam, ve kter\u00e9m m\u016f\u017eete v\u00fdkony jednotliv\u00fdch sle\u010den porovnat:<\/p>\n<div class=\"girls\"><b><u>Natasha Bedingfield<\/u><\/b><\/div>\n<p><center><img decoding=\"async\" src=\"http:\/\/www.simpleplan.cz\/images\/fem_01.gif\"><\/center><\/p>\n<p>Britsk\u00e1 zp\u011bva\u010dka Natasha Bedingfield je spole\u010dn\u011b s Marie-Mai ofici\u00e1ln\u00ed d\u00e1mskou kolaborac\u00ed na p\u00edsni Jet Lag. Natasha na albu zp\u00edvala na anglick\u00e9 verzi p\u00edsn\u011b a tak\u00e9 se objevila v jej\u00edm <a href=\"http:\/\/www.youtube.com\/watch?v=ntSBKPkk4m4&#038;ob=av2e\" target=\"_blank\" rel=\"noopener\">ofici\u00e1ln\u00edm videoklipu<\/a>.<\/p>\n<div class=\"girls\"><b><u>Marie-Mai<\/u><\/b><\/div>\n<p><center><img decoding=\"async\" src=\"http:\/\/www.simpleplan.cz\/images\/fem_02.gif\"><\/center><\/p>\n<p>Kanadsk\u00e1 frankofonn\u00ed zp\u011bva\u010dka Marie-Mai je po boku Natashy dal\u0161\u00ed ofici\u00e1ln\u00ed d\u00e1mskou kolaborac\u00ed na p\u00edsni Jet Lag. Marie-Mai na albu zp\u00edvala na francouzsk\u00e9 verzi p\u00edsn\u011b a tak\u00e9 se objevila v jej\u00edm ofic\u00e1ln\u00edm videoklipu. Krom\u011b toho se Simple Plan velmi \u010dasto vystupuje na jejich koncertech jak v Kanad\u011b, tak i v Evrop\u011b, a to p\u0159edev\u0161\u00edm <a href=\"http:\/\/youtu.be\/PGgZhcXWQR4\" target=\"_blank\" rel=\"noopener\">ve Francii<\/a>. Ob\u010das tak\u00e9 vystupuje s anglickou verz\u00ed p\u00edsn\u011b.<\/p>\n<div class=\"girls\"><b><u>Coeur De Pirate<\/u><\/b><\/div>\n<p><center><img decoding=\"async\" src=\"http:\/\/www.simpleplan.cz\/images\/fem_14.gif\"><\/center><\/p>\n<p>Kanadsk\u00e1 zp\u011bva\u010dka, kter\u00e1 je spoluautorkou textu Jet Lag byla prvn\u00ed volbou Simple Plan k nazp\u00edv\u00e1n\u00ed <a href=\"http:\/\/www.youtube.com\/watch?feature=player_embedded&#038;v=ox8SDU23Tec\" target=\"_blank\" rel=\"noopener\">francouzsk\u00e9 verze<\/a> t\u00e9to p\u00edsn\u011b, nicm\u00e9n\u011b v\u0161ak byla nakonec pro ofici\u00e1ln\u00ed vyd\u00e1n\u00ed na francouzsk\u00fd trh uvedena verze s Marie-Mai. Poprv\u00e9 si Coeur de Pirate na\u017eivo se Simple Plan <a href=\"http:\/\/www.simpleplan.cz\/cz\/index.php\/video-simple-plan-jet-lag-feat-coeur-de-pirate-zive-na-akci-spf\/\" title=\"VIDEO: Simple Plan \u2013 Jet Lag (feat. Coeur de Pirate) \u017eiv\u011b na akci SPF\" target=\"_blank\" rel=\"noopener\">zazp\u00edvala<\/a> Jet Lag na benefi\u010dn\u00ed akci Simple Plan Foundation v listopadu 2013.<\/p>\n<div class=\"girls\"><b><u>Saidah Baba Talibah<\/u><\/b><\/div>\n<p><center><img decoding=\"async\" src=\"http:\/\/www.simpleplan.cz\/images\/fem_06.gif\"><\/center><\/p>\n<p>Kanadsk\u00e1 zp\u011bva\u010dka Saidah Baba Talibah je pravd\u011bpodobn\u011b prvn\u00ed &#8222;neofici\u00e1ln\u00ed&#8220; zp\u011bva\u010dkou na p\u00edsni Jet Lag. Se Simple Plan vystoupila v kv\u011btnu 2011 na konferenci <a href=\"http:\/\/www.youtube.com\/watch?v=k4FegBLS0Ls\" target=\"_blank\" rel=\"noopener\">Music Matters<\/a> v Singapuru.<\/p>\n<div class=\"girls\"><b><u>SOFI<\/u><\/b><\/div>\n<p><center><img decoding=\"async\" src=\"http:\/\/www.simpleplan.cz\/images\/fem_11.gif\"><\/center><\/p>\n<p>Zp\u011bva\u010dka SOFI, pln\u00fdm jm\u00e9nem Sofia Toufa, kter\u00e1 \u010dasto zp\u00edv\u00e1 s Deadmau5, se Simple Plan vystoupila pouze jako doprovod v &#8222;Jet Lag&#8220; b\u011bhem festivalu <a href=\"http:\/\/www.youtube.com\/watch?v=k9JinAye1eg\" target=\"_blank\" rel=\"noopener\">Rock Im Park<\/a> v N\u011bmecku, v \u010dervnu 2011.<\/p>\n<div class=\"girls\"><b><u>Sierra Kusterbeck<\/u><\/b><\/div>\n<p><center><img decoding=\"async\" src=\"http:\/\/www.simpleplan.cz\/images\/fem_07.gif\"><\/center><\/p>\n<p>Americk\u00e1 zp\u011bva\u010dka Sierra Kusterbeck z kapely VersaEmerge si se Simple Plan zazp\u00edvala p\u00edse\u0148 Jet Lag na festivalu <a href=\"http:\/\/www.youtube.com\/watch?v=bQatPx0byH0\" target=\"_blank\" rel=\"noopener\">Rock Am Ring<\/a> v N\u011bmecku v \u010dervnu 2011.<\/p>\n<div class=\"girls\"><b><u>Fefe Dobson<\/u><\/b><\/div>\n<p><center><img decoding=\"async\" src=\"http:\/\/www.simpleplan.cz\/images\/fem_04.gif\"><\/center><\/p>\n<p>Kanadsk\u00e1 zp\u011bva\u010dka Fefe Dobson podpo\u0159ila Simple Plan v p\u00edsni Jet Lag na p\u0159ed\u00e1v\u00e1n\u00ed ocen\u011bn\u00ed <a href=\"http:\/\/www.youtube.com\/watch?v=lgoxLsXLA0E\" target=\"_blank\" rel=\"noopener\">MuchMusic Video Awards<\/a> v Kanad\u011b v \u010dervnu 2011.<\/p>\n<div class=\"girls\"><b><u>Vanessa Amorosi<\/u><\/b><\/div>\n<p><center><img decoding=\"async\" src=\"http:\/\/www.simpleplan.cz\/images\/fem_03.gif\"><\/center><\/p>\n<p>Australsk\u00e1 zp\u011bva\u010dka Vanessa Amorosi si zazp\u00edvala se Simple Plan v Austr\u00e1lii jak na jejich vystoupen\u00ed v po\u0159adu <a href=\"http:\/\/www.youtube.com\/watch?v=YY9-Wx_Ag9M\" target=\"_blank\" rel=\"noopener\">The Footy Show<\/a> v z\u00e1\u0159\u00ed 2011, tak tak\u00e9 na mal\u00e9m studiov\u00e9m koncertu v r\u00e1mci Sunrise Festival of Music v \u0159\u00edjnu t\u00e9ho\u017e roku.<\/p>\n<div class=\"girls\"><b><u>Jenna McDougall<\/u><\/b><\/div>\n<p><center><img decoding=\"async\" src=\"http:\/\/www.simpleplan.cz\/images\/fem_05.gif\"><\/center><\/p>\n<p>Australsk\u00e1 zp\u011bva\u010dka Jenna McDougall z kapely Tonight Alive, kter\u00e1 se Simple Plan p\u0159edkakovala na jejich australsk\u00e9m turn\u00e9 v \u0159\u00edjnu 2011, byla pozv\u00e1na, aby si s nimi tak\u00e9 zazp\u00edvala na p\u00edsni Jet Lag, a to b\u011bhem cel\u00e9ho jejich zdej\u0161\u00edho turn\u00e9. Krom\u011b toho se Simple Plan vystoupila i s <a href=\"http:\/\/www.youtube.com\/watch?v=CyJEgd4u2dE\" target=\"_blank\" rel=\"noopener\">akustickou verz\u00ed p\u00edsn\u011b<\/a> v r\u00e1diu Today.<\/p>\n<div class=\"girls\"><b><u>Chantal Kreviazuk<\/u><\/b><\/div>\n<p><center><img decoding=\"async\" src=\"http:\/\/www.simpleplan.cz\/images\/fem_08.gif\"><\/center><\/p>\n<p>Kanadsk\u00e1 zp\u011bva\u010dka a skladatelka Chantal Kreviazuk se p\u0159ipojila k Simple Plan v r\u00e1mci Jet Lag b\u011bhem jejich silvestrovsk\u00e9ho <a href=\"http:\/\/youtu.be\/QZeNh-gqf4w\" target=\"_blank\" rel=\"noopener\">vystoupen\u00ed<\/a> u Niagarsk\u00fdch vodop\u00e1d\u016f na konci roku 2011. <\/p>\n<div class=\"girls\"><b><u>Kelly Cha<\/u><\/b><\/div>\n<p><center><img decoding=\"async\" src=\"http:\/\/www.simpleplan.cz\/images\/fem_09.gif\"><\/center><\/p>\n<p>\u010c\u00ednsk\u00e1 zp\u011bva\u010dka Kelly Cha se poprv\u00e9 objevila v dal\u0161\u00ed verzi <a href=\"http:\/\/www.youtube.com\/watch?v=H4-pBfp64hg\" target=\"_blank\" rel=\"noopener\">ofici\u00e1ln\u00edho videoklipu<\/a> k Jet Lag. Pot\u00e9 tak\u00e9 b\u011bhem turn\u00e9 Simple Plan v Asii v lednu 2012 Kelly Cha zazp\u00edvala Jet Lag \u017eiv\u011b se Simple Plan na \u00f3diu jejich koncertu v Pekingu. <\/p>\n<div class=\"girls\"><b><u>Tantri Kotak<\/u><\/b><\/div>\n<p><center><img decoding=\"async\" src=\"http:\/\/www.simpleplan.cz\/images\/fem_10.gif\"><\/center><\/p>\n<p>Jakmile byla indon\u00e9sk\u00e1 kapela Kotak ozn\u00e1mena jako p\u0159edkapela Simple Plan na jejich koncertech v Indon\u00e9sii v lednu 2012, byla tak\u00e9 vyd\u00e1na dal\u0161\u00ed verze jejich ofici\u00e1ln\u00edho <a href=\"http:\/\/www.youtube.com\/watch?v=H4-pBfp64hg\" target=\"_blank\" rel=\"noopener\">videoklipu<\/a> k Jet Lag, tentork\u00e1t v\u0161ak obsahovala pr\u00e1v\u011b \u010dleny kapely Kotak nam\u00edsto p\u016fvodn\u00edch  sc\u00e9n s Natashou Bedingfield\/Marie-Mai. Zp\u011bva\u010dka kapely &#8211; Tantri Kotak &#8211; si pot\u00e9 zazp\u00edvala Jet Lag \u017eiv\u011b se Simple Plan na obou jejich koncertech v Indon\u00e9sii.<\/p>\n<div class=\"girls\"><b><u>My Tam<\/u><\/b><\/div>\n<p><center><img decoding=\"async\" src=\"http:\/\/www.simpleplan.cz\/images\/fem_12.gif\"\/><\/center><\/p>\n<p>Vietnamsk\u00e1 zp\u011bva\u010dka My Tam byla po\u017e\u00e1d\u00e1na, aby se Simple Plan zazp\u00edvala &#8222;Jet Lag&#8220; b\u011bhem jejich vyswtoupen\u00ed na <a href=\"http:\/\/www.youtube.com\/watch?v=S_NwmTRCYQk&#038;feature=fvst\" target=\"_blank\" rel=\"noopener\">MTV EXIT<\/a> koncert\u011b v Hanoji, ve Vietnamu na konci kv\u011btna 2012.<\/p>\n<div class=\"girls\"><b><u>Christina Parie<\/u><\/b><\/div>\n<p><center><img decoding=\"async\" src=\"http:\/\/www.simpleplan.cz\/images\/fem_13.gif\"\/><\/center><\/p>\n<p>Christina poprv\u00e9 zaujala Simple Plan pot\u00e9, co se na YouTube objevila jej\u00ed cover verze p\u00edsn\u011b &#8222;Jet Lag&#8220;. Tato australsk\u00e1 zp\u011bva\u010dka, kterou proslavila \u00fa\u010dast v sout\u011b\u017ei X-Factor byla n\u00e1sledn\u011b kontaktov\u00e1na \u010dleny Simple Plan, kte\u0159\u00ed ji po\u017e\u00e1dali, aby je doprovodila na jejich turn\u00e9 po Austr\u00e1lii (v \u010dervnu 2012) a ka\u017edou noc s nimi zazp\u00edvala &#8222;Jet Lag&#8220;. <a href=\"http:\/\/www.youtube.com\/watch?v=3GuRmzQZ8hY\" target=\"_blank\" rel=\"noopener\">Zde<\/a> se m\u016f\u017eete pod\u00edvat na jedno z vide\u00ed z Melbourne, v Austr\u00e1lii. <\/p>\n<div class=\"girls\"><b><u>Andee Leclerc<\/u><\/b><\/div>\n<p><center><img decoding=\"async\" src=\"http:\/\/www.simpleplan.cz\/images\/fem_15.gif\"\/><\/center><\/p>\n<p>Andee si fanou\u0161ci Simple Plan poprv\u00e9 v\u0161imli pot\u00e9, co za\u010dala pracovat na sv\u00e9m nov\u00e9m albu se Sebastienem Lefebvre jako jej\u00edm producentem. B\u011bhem oslav Canada Day v Bramptonu, v Kanad\u011b, kde v \u010dervenci 2014 vystoupili jak Simple Plan, tak i Andee, nejprve Sebastien zahr\u00e1l na kytaru v pr\u016fb\u011bhu setu Andee, co\u017e Andee pot\u00e9 oplatila v pr\u016fb\u011bhu <a href=\"https:\/\/www.youtube.com\/watch?v=_qZvzQJlr0s\" target=\"_blank\" rel=\"noopener\">vystoupen\u00ed<\/a> Simple Plan, a zazp\u00edvala si s nimi p\u00edse\u0148 &#8222;Jet Lag&#8220;.<\/p>\n<\/div>\n<\/div>\n<div class=\"fblikebutton_button\" style=\"float: left; padding-top: 20px; margin-right: 20px; padding-bottom: 20px; padding-left: 20px;\"><iframe src=\"http:\/\/www.facebook.com\/plugins\/like.php?href=https%3A%2F%2Fwww.simpleplan.cz%2Fcz%2Findex.php%2Fextra%2Fzpevacky-v-jet-lag%2F&amp;layout=standard&amp;show-faces=false&amp;width=450&amp;action=like&amp;colorscheme=light\" scrolling=\"no\" frameborder=\"0\" allowTransparency=\"true\" style=\"border:none; overflow:hidden; width:450px; height:26px\"><\/iframe><\/div>\n","protected":false},"excerpt":{"rendered":"<p>Simple Plan v roce 2011 vzdali sv\u00e9 \u010dtvrt\u00e9 studiov\u00e9 album &#8222;Get Your Heart On!&#8220;, na<\/p>\n","protected":false},"author":5,"featured_media":0,"parent":5259,"menu_order":0,"comment_status":"open","ping_status":"open","template":"page-templates\/full-width.php","meta":{"footnotes":""},"yoast_head":"<!-- This site is optimized with the Yoast SEO plugin v20.9 - https:\/\/yoast.com\/wordpress\/plugins\/seo\/ -->\n<title>Zp\u011bva\u010dky v Jet Lag | CZ: SimplePlan.cz<\/title>\n<meta name=\"robots\" content=\"index, follow, max-snippet:-1, max-image-preview:large, max-video-preview:-1\" \/>\n<link rel=\"canonical\" href=\"https:\/\/www.simpleplan.cz\/cz\/index.php\/extra\/zpevacky-v-jet-lag\/\" \/>\n<meta property=\"og:locale\" content=\"cs_CZ\" \/>\n<meta property=\"og:type\" content=\"article\" \/>\n<meta property=\"og:title\" content=\"Zp\u011bva\u010dky v Jet Lag | CZ: SimplePlan.cz\" \/>\n<meta property=\"og:description\" content=\"Simple Plan v roce 2011 vzdali sv\u00e9 \u010dtvrt\u00e9 studiov\u00e9 album &#8222;Get Your Heart On!&#8220;, na\" \/>\n<meta property=\"og:url\" content=\"https:\/\/www.simpleplan.cz\/cz\/index.php\/extra\/zpevacky-v-jet-lag\/\" \/>\n<meta property=\"og:site_name\" content=\"CZ: SimplePlan.cz\" \/>\n<meta property=\"article:publisher\" content=\"http:\/\/www.facebook.com\/simpleplancz\" \/>\n<meta property=\"article:modified_time\" content=\"2023-06-26T07:29:54+00:00\" \/>\n<meta property=\"og:image\" content=\"http:\/\/www.simpleplan.cz\/images\/fem_01.gif\" \/>\n<meta name=\"twitter:card\" content=\"summary_large_image\" \/>\n<meta name=\"twitter:site\" content=\"@simpleplancz\" \/>\n<meta name=\"twitter:label1\" content=\"Odhadovan\u00e1 doba \u010dten\u00ed\" \/>\n\t<meta name=\"twitter:data1\" content=\"5 minut\" \/>\n<script type=\"application\/ld+json\" class=\"yoast-schema-graph\">{\"@context\":\"https:\/\/schema.org\",\"@graph\":[{\"@type\":\"WebPage\",\"@id\":\"https:\/\/www.simpleplan.cz\/cz\/index.php\/extra\/zpevacky-v-jet-lag\/\",\"url\":\"https:\/\/www.simpleplan.cz\/cz\/index.php\/extra\/zpevacky-v-jet-lag\/\",\"name\":\"Zp\u011bva\u010dky v Jet Lag | CZ: SimplePlan.cz\",\"isPartOf\":{\"@id\":\"https:\/\/www.simpleplan.cz\/cz\/#website\"},\"datePublished\":\"2011-12-09T21:30:07+00:00\",\"dateModified\":\"2023-06-26T07:29:54+00:00\",\"breadcrumb\":{\"@id\":\"https:\/\/www.simpleplan.cz\/cz\/index.php\/extra\/zpevacky-v-jet-lag\/#breadcrumb\"},\"inLanguage\":\"cs\",\"potentialAction\":[{\"@type\":\"ReadAction\",\"target\":[\"https:\/\/www.simpleplan.cz\/cz\/index.php\/extra\/zpevacky-v-jet-lag\/\"]}]},{\"@type\":\"BreadcrumbList\",\"@id\":\"https:\/\/www.simpleplan.cz\/cz\/index.php\/extra\/zpevacky-v-jet-lag\/#breadcrumb\",\"itemListElement\":[{\"@type\":\"ListItem\",\"position\":1,\"name\":\"Dom\u016f\",\"item\":\"https:\/\/www.simpleplan.cz\/cz\/\"},{\"@type\":\"ListItem\",\"position\":2,\"name\":\"Extra\",\"item\":\"https:\/\/www.simpleplan.cz\/cz\/index.php\/extra\/\"},{\"@type\":\"ListItem\",\"position\":3,\"name\":\"Zp\u011bva\u010dky v Jet Lag\"}]},{\"@type\":\"WebSite\",\"@id\":\"https:\/\/www.simpleplan.cz\/cz\/#website\",\"url\":\"https:\/\/www.simpleplan.cz\/cz\/\",\"name\":\"CZ: SimplePlan.cz\",\"description\":\"Nejlep\u0161\u00ed zdroj informac\u00ed o kapele Simple Plan\",\"publisher\":{\"@id\":\"https:\/\/www.simpleplan.cz\/cz\/#organization\"},\"potentialAction\":[{\"@type\":\"SearchAction\",\"target\":{\"@type\":\"EntryPoint\",\"urlTemplate\":\"https:\/\/www.simpleplan.cz\/cz\/?s={search_term_string}\"},\"query-input\":\"required name=search_term_string\"}],\"inLanguage\":\"cs\"},{\"@type\":\"Organization\",\"@id\":\"https:\/\/www.simpleplan.cz\/cz\/#organization\",\"name\":\"CZ: SimplePlan.cz\",\"url\":\"https:\/\/www.simpleplan.cz\/cz\/\",\"logo\":{\"@type\":\"ImageObject\",\"inLanguage\":\"cs\",\"@id\":\"https:\/\/www.simpleplan.cz\/cz\/#\/schema\/logo\/image\/\",\"url\":\"https:\/\/www.simpleplan.cz\/cz\/wp-content\/uploads\/spczlogo.png\",\"contentUrl\":\"https:\/\/www.simpleplan.cz\/cz\/wp-content\/uploads\/spczlogo.png\",\"width\":250,\"height\":190,\"caption\":\"CZ: SimplePlan.cz\"},\"image\":{\"@id\":\"https:\/\/www.simpleplan.cz\/cz\/#\/schema\/logo\/image\/\"},\"sameAs\":[\"http:\/\/www.facebook.com\/simpleplancz\",\"https:\/\/twitter.com\/simpleplancz\",\"http:\/\/www.instagram.com\/simpleplancz\",\"http:\/\/www.youtube.com\/simpleplancz\"]}]}<\/script>\n<!-- \/ Yoast SEO plugin. -->","yoast_head_json":{"title":"Zp\u011bva\u010dky v Jet Lag | CZ: SimplePlan.cz","robots":{"index":"index","follow":"follow","max-snippet":"max-snippet:-1","max-image-preview":"max-image-preview:large","max-video-preview":"max-video-preview:-1"},"canonical":"https:\/\/www.simpleplan.cz\/cz\/index.php\/extra\/zpevacky-v-jet-lag\/","og_locale":"cs_CZ","og_type":"article","og_title":"Zp\u011bva\u010dky v Jet Lag | CZ: SimplePlan.cz","og_description":"Simple Plan v roce 2011 vzdali sv\u00e9 \u010dtvrt\u00e9 studiov\u00e9 album &#8222;Get Your Heart On!&#8220;, na","og_url":"https:\/\/www.simpleplan.cz\/cz\/index.php\/extra\/zpevacky-v-jet-lag\/","og_site_name":"CZ: SimplePlan.cz","article_publisher":"http:\/\/www.facebook.com\/simpleplancz","article_modified_time":"2023-06-26T07:29:54+00:00","og_image":[{"url":"http:\/\/www.simpleplan.cz\/images\/fem_01.gif"}],"twitter_card":"summary_large_image","twitter_site":"@simpleplancz","twitter_misc":{"Odhadovan\u00e1 doba \u010dten\u00ed":"5 minut"},"schema":{"@context":"https:\/\/schema.org","@graph":[{"@type":"WebPage","@id":"https:\/\/www.simpleplan.cz\/cz\/index.php\/extra\/zpevacky-v-jet-lag\/","url":"https:\/\/www.simpleplan.cz\/cz\/index.php\/extra\/zpevacky-v-jet-lag\/","name":"Zp\u011bva\u010dky v Jet Lag | CZ: SimplePlan.cz","isPartOf":{"@id":"https:\/\/www.simpleplan.cz\/cz\/#website"},"datePublished":"2011-12-09T21:30:07+00:00","dateModified":"2023-06-26T07:29:54+00:00","breadcrumb":{"@id":"https:\/\/www.simpleplan.cz\/cz\/index.php\/extra\/zpevacky-v-jet-lag\/#breadcrumb"},"inLanguage":"cs","potentialAction":[{"@type":"ReadAction","target":["https:\/\/www.simpleplan.cz\/cz\/index.php\/extra\/zpevacky-v-jet-lag\/"]}]},{"@type":"BreadcrumbList","@id":"https:\/\/www.simpleplan.cz\/cz\/index.php\/extra\/zpevacky-v-jet-lag\/#breadcrumb","itemListElement":[{"@type":"ListItem","position":1,"name":"Dom\u016f","item":"https:\/\/www.simpleplan.cz\/cz\/"},{"@type":"ListItem","position":2,"name":"Extra","item":"https:\/\/www.simpleplan.cz\/cz\/index.php\/extra\/"},{"@type":"ListItem","position":3,"name":"Zp\u011bva\u010dky v Jet Lag"}]},{"@type":"WebSite","@id":"https:\/\/www.simpleplan.cz\/cz\/#website","url":"https:\/\/www.simpleplan.cz\/cz\/","name":"CZ: SimplePlan.cz","description":"Nejlep\u0161\u00ed zdroj informac\u00ed o kapele Simple Plan","publisher":{"@id":"https:\/\/www.simpleplan.cz\/cz\/#organization"},"potentialAction":[{"@type":"SearchAction","target":{"@type":"EntryPoint","urlTemplate":"https:\/\/www.simpleplan.cz\/cz\/?s={search_term_string}"},"query-input":"required name=search_term_string"}],"inLanguage":"cs"},{"@type":"Organization","@id":"https:\/\/www.simpleplan.cz\/cz\/#organization","name":"CZ: SimplePlan.cz","url":"https:\/\/www.simpleplan.cz\/cz\/","logo":{"@type":"ImageObject","inLanguage":"cs","@id":"https:\/\/www.simpleplan.cz\/cz\/#\/schema\/logo\/image\/","url":"https:\/\/www.simpleplan.cz\/cz\/wp-content\/uploads\/spczlogo.png","contentUrl":"https:\/\/www.simpleplan.cz\/cz\/wp-content\/uploads\/spczlogo.png","width":250,"height":190,"caption":"CZ: SimplePlan.cz"},"image":{"@id":"https:\/\/www.simpleplan.cz\/cz\/#\/schema\/logo\/image\/"},"sameAs":["http:\/\/www.facebook.com\/simpleplancz","https:\/\/twitter.com\/simpleplancz","http:\/\/www.instagram.com\/simpleplancz","http:\/\/www.youtube.com\/simpleplancz"]}]}},"_links":{"self":[{"href":"https:\/\/www.simpleplan.cz\/cz\/index.php\/wp-json\/wp\/v2\/pages\/8552"}],"collection":[{"href":"https:\/\/www.simpleplan.cz\/cz\/index.php\/wp-json\/wp\/v2\/pages"}],"about":[{"href":"https:\/\/www.simpleplan.cz\/cz\/index.php\/wp-json\/wp\/v2\/types\/page"}],"author":[{"embeddable":true,"href":"https:\/\/www.simpleplan.cz\/cz\/index.php\/wp-json\/wp\/v2\/users\/5"}],"replies":[{"embeddable":true,"href":"https:\/\/www.simpleplan.cz\/cz\/index.php\/wp-json\/wp\/v2\/comments?post=8552"}],"version-history":[{"count":32,"href":"https:\/\/www.simpleplan.cz\/cz\/index.php\/wp-json\/wp\/v2\/pages\/8552\/revisions"}],"predecessor-version":[{"id":33054,"href":"https:\/\/www.simpleplan.cz\/cz\/index.php\/wp-json\/wp\/v2\/pages\/8552\/revisions\/33054"}],"up":[{"embeddable":true,"href":"https:\/\/www.simpleplan.cz\/cz\/index.php\/wp-json\/wp\/v2\/pages\/5259"}],"wp:attachment":[{"href":"https:\/\/www.simpleplan.cz\/cz\/index.php\/wp-json\/wp\/v2\/media?parent=8552"}],"curies":[{"name":"wp","href":"https:\/\/api.w.org\/{rel}","templated":true}]}}