{"id":9164,"date":"2012-02-14T13:23:17","date_gmt":"2012-02-14T12:23:17","guid":{"rendered":"http:\/\/www.simpleplan.cz\/cz\/?page_id=9164"},"modified":"2023-06-26T09:29:54","modified_gmt":"2023-06-26T07:29:54","slug":"praha2012","status":"publish","type":"page","link":"https:\/\/www.simpleplan.cz\/cz\/index.php\/extra\/praha2012\/","title":{"rendered":"Simple Plan na Prague City Festivalu &#8211; 29.6.2012 &#8211; ZRU\u0160ENO"},"content":{"rendered":"<div class=\"pagecontent\"><center><img decoding=\"async\" src=\"http:\/\/www.simpleplan.cz\/gal\/2746.gif\"><\/center><\/p>\n<p><b>Po\u0159adatel\u00e9 Prague City Festivalu, na n\u011bm\u017e m\u011bli 29.\u010dervna vystoupit krom\u011b jin\u00fdch kapel tak\u00e9 Simple Plan, dnes ozn\u00e1mili jeho definitivn\u00ed zru\u0161en\u00ed, a to z finan\u010dn\u00edch d\u016fvod\u016f.<\/b><\/p>\n<p>N\u00ed\u017ee si m\u016f\u017eete p\u0159e\u010d\u00edst cel\u00e9 ofici\u00e1ln\u00ed vyj\u00e1d\u0159en\u00ed po\u0159adatele Borka Ji\u0159\u00edka:<\/p>\n<blockquote><p> V Praze dne 15.6.2012: S hlubokou l\u00edtost\u00ed jsme nuceni ozn\u00e1mit, \u017ee druh\u00fd ro\u010dn\u00edk Prague City Festivalu, kter\u00fd se m\u011bl konat 29.-30.6. na pra\u017esk\u00e9m V\u00fdstavi\u0161ti, se neuskute\u010dn\u00ed. Nenad\u00e1l\u00fd a \u0161okuj\u00edc\u00ed v\u00fdpadek z\u00e1sadn\u00edho mno\u017estv\u00ed d\u016fvodn\u011b o\u010dek\u00e1van\u00fdch finan\u010dn\u00edch prost\u0159edk\u016f n\u00e1m znemo\u017enil festival realizovat v pln\u00e9m rozsahu. I p\u0159es nadlidskou snahu jsme uspokojuj\u00edc\u00ed \u0159e\u0161en\u00ed, kter\u00e9 by festival v jeho p\u016fvodn\u011b pl\u00e1novan\u00e9 podob\u011b zachr\u00e1nilo, nena\u0161li.<\/p>\n<p>Redukovat program na jeden den, slevovat z technick\u00e9ho zaji\u0161t\u011bn\u00ed festivalu \u010di ub\u00edrat z \u010dehokoliv, co bylo n\u00e1v\u0161t\u011bvn\u00edk\u016fm sl\u00edbeno a za co si zaplatili, jsme vyhodnotili jako nep\u0159\u00edpustn\u00e9. Proto jsme se dnes rozhodli, i za cenu t\u011b\u017ek\u00fdch ztr\u00e1t, cel\u00fd festival odvolat.<\/p>\n<p>V\u0161em fanou\u0161k\u016fm a um\u011blc\u016fm se omlouv\u00e1me a pln\u011b sd\u00edl\u00edme jejich roz\u010darov\u00e1n\u00ed z dan\u00e9 situace.<\/p>\n<p>Vstupn\u00e9 ze s\u00edt\u00ed Tickets.de a Eventim bude n\u00e1v\u0161t\u011bvn\u00edk\u016fm vr\u00e1ceno v m\u00edst\u011b, kde si vstupenku zakoupili. Podrobnosti vr\u00e1cen\u00ed vstupn\u00e9ho v s\u00edti Ticketportal budou zn\u00e1my v pr\u016fb\u011bhu n\u00e1sleduj\u00edc\u00edch sedmi pracovn\u00edch dn\u016f.<\/p><\/blockquote>\n<p>Ofici\u00e1ln\u00ed vyj\u00e1d\u0159en\u00ed po\u0159adatel\u016f ohledn\u011b jejich nucen\u00e9ho insolven\u010dn\u00edho \u0159\u00edzen\u00ed a toho, jak se fanou\u0161ci mohou dom\u00e1hat vr\u00e1cen\u00e9ho vstupn\u00e9ho, kter\u00e9 Ticketportal nevrac\u00ed, nebo\u0165 ji\u017e pen\u00edze vr\u00e1til po\u0159adatel\u016fm, si m\u016f\u017eete p\u0159e\u010d\u00edst <a href=\"http:\/\/www.simpleplan.cz\/cz\/index.php\/oficialni-vyjadreni-poradatelu-prague-city-festivalu-k-vraceni-vstupneho\/\" target=\"_blank\" rel=\"noopener\">zde<\/a>.\n<\/div>\n<div class=\"fblikebutton_button\" style=\"float: left; padding-top: 20px; margin-right: 20px; padding-bottom: 20px; padding-left: 20px;\"><iframe src=\"http:\/\/www.facebook.com\/plugins\/like.php?href=https%3A%2F%2Fwww.simpleplan.cz%2Fcz%2Findex.php%2Fextra%2Fpraha2012%2F&amp;layout=standard&amp;show-faces=false&amp;width=450&amp;action=like&amp;colorscheme=light\" scrolling=\"no\" frameborder=\"0\" allowTransparency=\"true\" style=\"border:none; overflow:hidden; width:450px; height:26px\"><\/iframe><\/div>\n","protected":false},"excerpt":{"rendered":"<p>Po\u0159adatel\u00e9 Prague City Festivalu, na n\u011bm\u017e m\u011bli 29.\u010dervna vystoupit krom\u011b jin\u00fdch kapel tak\u00e9 Simple Plan,<\/p>\n","protected":false},"author":5,"featured_media":0,"parent":5259,"menu_order":0,"comment_status":"open","ping_status":"open","template":"","meta":{"footnotes":""},"yoast_head":"<!-- This site is optimized with the Yoast SEO plugin v20.9 - https:\/\/yoast.com\/wordpress\/plugins\/seo\/ -->\n<title>Simple Plan na Prague City Festivalu - 29.6.2012 - ZRU\u0160ENO | CZ: SimplePlan.cz<\/title>\n<meta name=\"robots\" content=\"index, follow, max-snippet:-1, max-image-preview:large, max-video-preview:-1\" \/>\n<link rel=\"canonical\" href=\"https:\/\/www.simpleplan.cz\/cz\/index.php\/extra\/praha2012\/\" \/>\n<meta property=\"og:locale\" content=\"cs_CZ\" \/>\n<meta property=\"og:type\" content=\"article\" \/>\n<meta property=\"og:title\" content=\"Simple Plan na Prague City Festivalu - 29.6.2012 - ZRU\u0160ENO | CZ: SimplePlan.cz\" \/>\n<meta property=\"og:description\" content=\"Po\u0159adatel\u00e9 Prague City Festivalu, na n\u011bm\u017e m\u011bli 29.\u010dervna vystoupit krom\u011b jin\u00fdch kapel tak\u00e9 Simple Plan,\" \/>\n<meta property=\"og:url\" content=\"https:\/\/www.simpleplan.cz\/cz\/index.php\/extra\/praha2012\/\" \/>\n<meta property=\"og:site_name\" content=\"CZ: SimplePlan.cz\" \/>\n<meta property=\"article:publisher\" content=\"http:\/\/www.facebook.com\/simpleplancz\" \/>\n<meta property=\"article:modified_time\" content=\"2023-06-26T07:29:54+00:00\" \/>\n<meta property=\"og:image\" content=\"http:\/\/www.simpleplan.cz\/gal\/2746.gif\" \/>\n<meta name=\"twitter:card\" content=\"summary_large_image\" \/>\n<meta name=\"twitter:site\" content=\"@simpleplancz\" \/>\n<meta name=\"twitter:label1\" content=\"Odhadovan\u00e1 doba \u010dten\u00ed\" \/>\n\t<meta name=\"twitter:data1\" content=\"2 minuty\" \/>\n<script type=\"application\/ld+json\" class=\"yoast-schema-graph\">{\"@context\":\"https:\/\/schema.org\",\"@graph\":[{\"@type\":\"WebPage\",\"@id\":\"https:\/\/www.simpleplan.cz\/cz\/index.php\/extra\/praha2012\/\",\"url\":\"https:\/\/www.simpleplan.cz\/cz\/index.php\/extra\/praha2012\/\",\"name\":\"Simple Plan na Prague City Festivalu - 29.6.2012 - ZRU\u0160ENO | CZ: SimplePlan.cz\",\"isPartOf\":{\"@id\":\"https:\/\/www.simpleplan.cz\/cz\/#website\"},\"datePublished\":\"2012-02-14T12:23:17+00:00\",\"dateModified\":\"2023-06-26T07:29:54+00:00\",\"breadcrumb\":{\"@id\":\"https:\/\/www.simpleplan.cz\/cz\/index.php\/extra\/praha2012\/#breadcrumb\"},\"inLanguage\":\"cs\",\"potentialAction\":[{\"@type\":\"ReadAction\",\"target\":[\"https:\/\/www.simpleplan.cz\/cz\/index.php\/extra\/praha2012\/\"]}]},{\"@type\":\"BreadcrumbList\",\"@id\":\"https:\/\/www.simpleplan.cz\/cz\/index.php\/extra\/praha2012\/#breadcrumb\",\"itemListElement\":[{\"@type\":\"ListItem\",\"position\":1,\"name\":\"Dom\u016f\",\"item\":\"https:\/\/www.simpleplan.cz\/cz\/\"},{\"@type\":\"ListItem\",\"position\":2,\"name\":\"Extra\",\"item\":\"https:\/\/www.simpleplan.cz\/cz\/index.php\/extra\/\"},{\"@type\":\"ListItem\",\"position\":3,\"name\":\"Simple Plan na Prague City Festivalu &#8211; 29.6.2012 &#8211; ZRU\u0160ENO\"}]},{\"@type\":\"WebSite\",\"@id\":\"https:\/\/www.simpleplan.cz\/cz\/#website\",\"url\":\"https:\/\/www.simpleplan.cz\/cz\/\",\"name\":\"CZ: SimplePlan.cz\",\"description\":\"Nejlep\u0161\u00ed zdroj informac\u00ed o kapele Simple Plan\",\"publisher\":{\"@id\":\"https:\/\/www.simpleplan.cz\/cz\/#organization\"},\"potentialAction\":[{\"@type\":\"SearchAction\",\"target\":{\"@type\":\"EntryPoint\",\"urlTemplate\":\"https:\/\/www.simpleplan.cz\/cz\/?s={search_term_string}\"},\"query-input\":\"required name=search_term_string\"}],\"inLanguage\":\"cs\"},{\"@type\":\"Organization\",\"@id\":\"https:\/\/www.simpleplan.cz\/cz\/#organization\",\"name\":\"CZ: SimplePlan.cz\",\"url\":\"https:\/\/www.simpleplan.cz\/cz\/\",\"logo\":{\"@type\":\"ImageObject\",\"inLanguage\":\"cs\",\"@id\":\"https:\/\/www.simpleplan.cz\/cz\/#\/schema\/logo\/image\/\",\"url\":\"https:\/\/www.simpleplan.cz\/cz\/wp-content\/uploads\/spczlogo.png\",\"contentUrl\":\"https:\/\/www.simpleplan.cz\/cz\/wp-content\/uploads\/spczlogo.png\",\"width\":250,\"height\":190,\"caption\":\"CZ: SimplePlan.cz\"},\"image\":{\"@id\":\"https:\/\/www.simpleplan.cz\/cz\/#\/schema\/logo\/image\/\"},\"sameAs\":[\"http:\/\/www.facebook.com\/simpleplancz\",\"https:\/\/twitter.com\/simpleplancz\",\"http:\/\/www.instagram.com\/simpleplancz\",\"http:\/\/www.youtube.com\/simpleplancz\"]}]}<\/script>\n<!-- \/ Yoast SEO plugin. -->","yoast_head_json":{"title":"Simple Plan na Prague City Festivalu - 29.6.2012 - ZRU\u0160ENO | CZ: SimplePlan.cz","robots":{"index":"index","follow":"follow","max-snippet":"max-snippet:-1","max-image-preview":"max-image-preview:large","max-video-preview":"max-video-preview:-1"},"canonical":"https:\/\/www.simpleplan.cz\/cz\/index.php\/extra\/praha2012\/","og_locale":"cs_CZ","og_type":"article","og_title":"Simple Plan na Prague City Festivalu - 29.6.2012 - ZRU\u0160ENO | CZ: SimplePlan.cz","og_description":"Po\u0159adatel\u00e9 Prague City Festivalu, na n\u011bm\u017e m\u011bli 29.\u010dervna vystoupit krom\u011b jin\u00fdch kapel tak\u00e9 Simple Plan,","og_url":"https:\/\/www.simpleplan.cz\/cz\/index.php\/extra\/praha2012\/","og_site_name":"CZ: SimplePlan.cz","article_publisher":"http:\/\/www.facebook.com\/simpleplancz","article_modified_time":"2023-06-26T07:29:54+00:00","og_image":[{"url":"http:\/\/www.simpleplan.cz\/gal\/2746.gif"}],"twitter_card":"summary_large_image","twitter_site":"@simpleplancz","twitter_misc":{"Odhadovan\u00e1 doba \u010dten\u00ed":"2 minuty"},"schema":{"@context":"https:\/\/schema.org","@graph":[{"@type":"WebPage","@id":"https:\/\/www.simpleplan.cz\/cz\/index.php\/extra\/praha2012\/","url":"https:\/\/www.simpleplan.cz\/cz\/index.php\/extra\/praha2012\/","name":"Simple Plan na Prague City Festivalu - 29.6.2012 - ZRU\u0160ENO | CZ: SimplePlan.cz","isPartOf":{"@id":"https:\/\/www.simpleplan.cz\/cz\/#website"},"datePublished":"2012-02-14T12:23:17+00:00","dateModified":"2023-06-26T07:29:54+00:00","breadcrumb":{"@id":"https:\/\/www.simpleplan.cz\/cz\/index.php\/extra\/praha2012\/#breadcrumb"},"inLanguage":"cs","potentialAction":[{"@type":"ReadAction","target":["https:\/\/www.simpleplan.cz\/cz\/index.php\/extra\/praha2012\/"]}]},{"@type":"BreadcrumbList","@id":"https:\/\/www.simpleplan.cz\/cz\/index.php\/extra\/praha2012\/#breadcrumb","itemListElement":[{"@type":"ListItem","position":1,"name":"Dom\u016f","item":"https:\/\/www.simpleplan.cz\/cz\/"},{"@type":"ListItem","position":2,"name":"Extra","item":"https:\/\/www.simpleplan.cz\/cz\/index.php\/extra\/"},{"@type":"ListItem","position":3,"name":"Simple Plan na Prague City Festivalu &#8211; 29.6.2012 &#8211; ZRU\u0160ENO"}]},{"@type":"WebSite","@id":"https:\/\/www.simpleplan.cz\/cz\/#website","url":"https:\/\/www.simpleplan.cz\/cz\/","name":"CZ: SimplePlan.cz","description":"Nejlep\u0161\u00ed zdroj informac\u00ed o kapele Simple Plan","publisher":{"@id":"https:\/\/www.simpleplan.cz\/cz\/#organization"},"potentialAction":[{"@type":"SearchAction","target":{"@type":"EntryPoint","urlTemplate":"https:\/\/www.simpleplan.cz\/cz\/?s={search_term_string}"},"query-input":"required name=search_term_string"}],"inLanguage":"cs"},{"@type":"Organization","@id":"https:\/\/www.simpleplan.cz\/cz\/#organization","name":"CZ: SimplePlan.cz","url":"https:\/\/www.simpleplan.cz\/cz\/","logo":{"@type":"ImageObject","inLanguage":"cs","@id":"https:\/\/www.simpleplan.cz\/cz\/#\/schema\/logo\/image\/","url":"https:\/\/www.simpleplan.cz\/cz\/wp-content\/uploads\/spczlogo.png","contentUrl":"https:\/\/www.simpleplan.cz\/cz\/wp-content\/uploads\/spczlogo.png","width":250,"height":190,"caption":"CZ: SimplePlan.cz"},"image":{"@id":"https:\/\/www.simpleplan.cz\/cz\/#\/schema\/logo\/image\/"},"sameAs":["http:\/\/www.facebook.com\/simpleplancz","https:\/\/twitter.com\/simpleplancz","http:\/\/www.instagram.com\/simpleplancz","http:\/\/www.youtube.com\/simpleplancz"]}]}},"_links":{"self":[{"href":"https:\/\/www.simpleplan.cz\/cz\/index.php\/wp-json\/wp\/v2\/pages\/9164"}],"collection":[{"href":"https:\/\/www.simpleplan.cz\/cz\/index.php\/wp-json\/wp\/v2\/pages"}],"about":[{"href":"https:\/\/www.simpleplan.cz\/cz\/index.php\/wp-json\/wp\/v2\/types\/page"}],"author":[{"embeddable":true,"href":"https:\/\/www.simpleplan.cz\/cz\/index.php\/wp-json\/wp\/v2\/users\/5"}],"replies":[{"embeddable":true,"href":"https:\/\/www.simpleplan.cz\/cz\/index.php\/wp-json\/wp\/v2\/comments?post=9164"}],"version-history":[{"count":8,"href":"https:\/\/www.simpleplan.cz\/cz\/index.php\/wp-json\/wp\/v2\/pages\/9164\/revisions"}],"predecessor-version":[{"id":33047,"href":"https:\/\/www.simpleplan.cz\/cz\/index.php\/wp-json\/wp\/v2\/pages\/9164\/revisions\/33047"}],"up":[{"embeddable":true,"href":"https:\/\/www.simpleplan.cz\/cz\/index.php\/wp-json\/wp\/v2\/pages\/5259"}],"wp:attachment":[{"href":"https:\/\/www.simpleplan.cz\/cz\/index.php\/wp-json\/wp\/v2\/media?parent=9164"}],"curies":[{"name":"wp","href":"https:\/\/api.w.org\/{rel}","templated":true}]}}