{"id":9211,"date":"2012-02-16T15:35:18","date_gmt":"2012-02-16T14:35:18","guid":{"rendered":"http:\/\/www.simpleplan.cz\/cz\/?page_id=9211"},"modified":"2023-06-26T09:29:53","modified_gmt":"2023-06-26T07:29:53","slug":"rozhovor-simpleplancz-se-simple-plan","status":"publish","type":"page","link":"https:\/\/www.simpleplan.cz\/cz\/index.php\/extra\/praha2011\/rozhovor-simpleplancz-se-simple-plan\/","title":{"rendered":"Rozhovor SimplePlan.cz se Simple Plan v Praze"},"content":{"rendered":"<div class=\"pagecontent\">Ji\u017e podruh\u00e9 m\u011blo SimplePlan.cz mo\u017enost sednout si s kluky ze Simple Plan p\u0159ed jejich druh\u00fdm koncertem \u010cesk\u00e9 republice (2. z\u00e1\u0159\u00ed 2011) a zeptat se jich na n\u011bkolik ot\u00e1zek. Rozhovor byl p\u016fvodn\u011b pl\u00e1nov\u00e1n jen s Chuckem a Sebem, ale ke konci se p\u0159idal i Jeff, kter\u00fd dokon\u010dil rozhovory jinde a moc si p\u0159\u00e1l popov\u00eddat si pr\u00e1v\u011b se SimplePlan.cz. :)<\/p>\n<p>Spole\u010dn\u011b jsme si popov\u00eddali o za\u010d\u00e1tc\u00edch Simple Plan, jejich diskografii a o kanadsk\u00fdch stereotypech &#8211; a v\u016fbec &#8211; poda\u0159ilo se mi z kluk\u016f vyloudit odpov\u011bdi na ot\u00e1zky, na kter\u00e9 jsme ji\u017e dlouho cht\u011bli zn\u00e1t odpov\u011b\u010f.<\/p>\n<p>Rozhovor p\u0159ipravili:<\/p>\n<p><b>Report\u00e9rka: Dominika Marsov\u00e1<br \/>\nKamera: Viola Moisesbichler<\/b><\/p>\n<p><center><object width=\"480\" height=\"270\"><param name=\"movie\" value=\"http:\/\/www.youtube.com\/v\/RiVHPZTc8jg?version=3&amp;hl=cs_CZ&amp;rel=0\"><\/param><param name=\"allowFullScreen\" value=\"true\"><\/param><param name=\"allowscriptaccess\" value=\"always\"><\/param><embed src=\"http:\/\/www.youtube.com\/v\/RiVHPZTc8jg?version=3&amp;hl=cs_CZ&amp;rel=0\" type=\"application\/x-shockwave-flash\" width=\"480\" height=\"270\" allowscriptaccess=\"always\" allowfullscreen=\"true\"><\/embed><\/object><\/center>\n<\/div>\n<div class=\"fblikebutton_button\" style=\"float: left; padding-top: 20px; margin-right: 20px; padding-bottom: 20px; padding-left: 20px;\"><iframe src=\"http:\/\/www.facebook.com\/plugins\/like.php?href=https%3A%2F%2Fwww.simpleplan.cz%2Fcz%2Findex.php%2Fextra%2Fpraha2011%2Frozhovor-simpleplancz-se-simple-plan%2F&amp;layout=standard&amp;show-faces=false&amp;width=450&amp;action=like&amp;colorscheme=light\" scrolling=\"no\" frameborder=\"0\" allowTransparency=\"true\" style=\"border:none; overflow:hidden; width:450px; height:26px\"><\/iframe><\/div>\n","protected":false},"excerpt":{"rendered":"<p>Ji\u017e podruh\u00e9 m\u011blo SimplePlan.cz mo\u017enost sednout si s kluky ze Simple Plan p\u0159ed jejich druh\u00fdm<\/p>\n","protected":false},"author":5,"featured_media":0,"parent":7693,"menu_order":0,"comment_status":"open","ping_status":"open","template":"page-templates\/full-width.php","meta":{"footnotes":""},"yoast_head":"<!-- This site is optimized with the Yoast SEO plugin v20.9 - https:\/\/yoast.com\/wordpress\/plugins\/seo\/ -->\n<title>Rozhovor SimplePlan.cz se Simple Plan v Praze | CZ: SimplePlan.cz<\/title>\n<meta name=\"robots\" content=\"index, follow, max-snippet:-1, max-image-preview:large, max-video-preview:-1\" \/>\n<link rel=\"canonical\" href=\"https:\/\/www.simpleplan.cz\/cz\/index.php\/extra\/praha2011\/rozhovor-simpleplancz-se-simple-plan\/\" \/>\n<meta property=\"og:locale\" content=\"cs_CZ\" \/>\n<meta property=\"og:type\" content=\"article\" \/>\n<meta property=\"og:title\" content=\"Rozhovor SimplePlan.cz se Simple Plan v Praze | CZ: SimplePlan.cz\" \/>\n<meta property=\"og:description\" content=\"Ji\u017e podruh\u00e9 m\u011blo SimplePlan.cz mo\u017enost sednout si s kluky ze Simple Plan p\u0159ed jejich druh\u00fdm\" \/>\n<meta property=\"og:url\" content=\"https:\/\/www.simpleplan.cz\/cz\/index.php\/extra\/praha2011\/rozhovor-simpleplancz-se-simple-plan\/\" \/>\n<meta property=\"og:site_name\" content=\"CZ: SimplePlan.cz\" \/>\n<meta property=\"article:publisher\" content=\"http:\/\/www.facebook.com\/simpleplancz\" \/>\n<meta property=\"article:modified_time\" content=\"2023-06-26T07:29:53+00:00\" \/>\n<meta property=\"og:image\" content=\"http:\/\/www.simpleplan.cz\/cz\/wp-content\/uploads\/logo.gif\" \/>\n<meta name=\"twitter:card\" content=\"summary_large_image\" \/>\n<meta name=\"twitter:site\" content=\"@simpleplancz\" \/>\n<meta name=\"twitter:label1\" content=\"Odhadovan\u00e1 doba \u010dten\u00ed\" \/>\n\t<meta name=\"twitter:data1\" content=\"1 minuta\" \/>\n<script type=\"application\/ld+json\" class=\"yoast-schema-graph\">{\"@context\":\"https:\/\/schema.org\",\"@graph\":[{\"@type\":\"WebPage\",\"@id\":\"https:\/\/www.simpleplan.cz\/cz\/index.php\/extra\/praha2011\/rozhovor-simpleplancz-se-simple-plan\/\",\"url\":\"https:\/\/www.simpleplan.cz\/cz\/index.php\/extra\/praha2011\/rozhovor-simpleplancz-se-simple-plan\/\",\"name\":\"Rozhovor SimplePlan.cz se Simple Plan v Praze | CZ: SimplePlan.cz\",\"isPartOf\":{\"@id\":\"https:\/\/www.simpleplan.cz\/cz\/#website\"},\"datePublished\":\"2012-02-16T14:35:18+00:00\",\"dateModified\":\"2023-06-26T07:29:53+00:00\",\"breadcrumb\":{\"@id\":\"https:\/\/www.simpleplan.cz\/cz\/index.php\/extra\/praha2011\/rozhovor-simpleplancz-se-simple-plan\/#breadcrumb\"},\"inLanguage\":\"cs\",\"potentialAction\":[{\"@type\":\"ReadAction\",\"target\":[\"https:\/\/www.simpleplan.cz\/cz\/index.php\/extra\/praha2011\/rozhovor-simpleplancz-se-simple-plan\/\"]}]},{\"@type\":\"BreadcrumbList\",\"@id\":\"https:\/\/www.simpleplan.cz\/cz\/index.php\/extra\/praha2011\/rozhovor-simpleplancz-se-simple-plan\/#breadcrumb\",\"itemListElement\":[{\"@type\":\"ListItem\",\"position\":1,\"name\":\"Dom\u016f\",\"item\":\"https:\/\/www.simpleplan.cz\/cz\/\"},{\"@type\":\"ListItem\",\"position\":2,\"name\":\"Extra\",\"item\":\"https:\/\/www.simpleplan.cz\/cz\/index.php\/extra\/\"},{\"@type\":\"ListItem\",\"position\":3,\"name\":\"Koncert Simple Plan v Praze &#8211; 2.9.2011\",\"item\":\"https:\/\/www.simpleplan.cz\/cz\/index.php\/extra\/praha2011\/\"},{\"@type\":\"ListItem\",\"position\":4,\"name\":\"Rozhovor SimplePlan.cz se Simple Plan v Praze\"}]},{\"@type\":\"WebSite\",\"@id\":\"https:\/\/www.simpleplan.cz\/cz\/#website\",\"url\":\"https:\/\/www.simpleplan.cz\/cz\/\",\"name\":\"CZ: SimplePlan.cz\",\"description\":\"Nejlep\u0161\u00ed zdroj informac\u00ed o kapele Simple Plan\",\"publisher\":{\"@id\":\"https:\/\/www.simpleplan.cz\/cz\/#organization\"},\"potentialAction\":[{\"@type\":\"SearchAction\",\"target\":{\"@type\":\"EntryPoint\",\"urlTemplate\":\"https:\/\/www.simpleplan.cz\/cz\/?s={search_term_string}\"},\"query-input\":\"required name=search_term_string\"}],\"inLanguage\":\"cs\"},{\"@type\":\"Organization\",\"@id\":\"https:\/\/www.simpleplan.cz\/cz\/#organization\",\"name\":\"CZ: SimplePlan.cz\",\"url\":\"https:\/\/www.simpleplan.cz\/cz\/\",\"logo\":{\"@type\":\"ImageObject\",\"inLanguage\":\"cs\",\"@id\":\"https:\/\/www.simpleplan.cz\/cz\/#\/schema\/logo\/image\/\",\"url\":\"https:\/\/www.simpleplan.cz\/cz\/wp-content\/uploads\/spczlogo.png\",\"contentUrl\":\"https:\/\/www.simpleplan.cz\/cz\/wp-content\/uploads\/spczlogo.png\",\"width\":250,\"height\":190,\"caption\":\"CZ: SimplePlan.cz\"},\"image\":{\"@id\":\"https:\/\/www.simpleplan.cz\/cz\/#\/schema\/logo\/image\/\"},\"sameAs\":[\"http:\/\/www.facebook.com\/simpleplancz\",\"https:\/\/twitter.com\/simpleplancz\",\"http:\/\/www.instagram.com\/simpleplancz\",\"http:\/\/www.youtube.com\/simpleplancz\"]}]}<\/script>\n<!-- \/ Yoast SEO plugin. -->","yoast_head_json":{"title":"Rozhovor SimplePlan.cz se Simple Plan v Praze | CZ: SimplePlan.cz","robots":{"index":"index","follow":"follow","max-snippet":"max-snippet:-1","max-image-preview":"max-image-preview:large","max-video-preview":"max-video-preview:-1"},"canonical":"https:\/\/www.simpleplan.cz\/cz\/index.php\/extra\/praha2011\/rozhovor-simpleplancz-se-simple-plan\/","og_locale":"cs_CZ","og_type":"article","og_title":"Rozhovor SimplePlan.cz se Simple Plan v Praze | CZ: SimplePlan.cz","og_description":"Ji\u017e podruh\u00e9 m\u011blo SimplePlan.cz mo\u017enost sednout si s kluky ze Simple Plan p\u0159ed jejich druh\u00fdm","og_url":"https:\/\/www.simpleplan.cz\/cz\/index.php\/extra\/praha2011\/rozhovor-simpleplancz-se-simple-plan\/","og_site_name":"CZ: SimplePlan.cz","article_publisher":"http:\/\/www.facebook.com\/simpleplancz","article_modified_time":"2023-06-26T07:29:53+00:00","og_image":[{"url":"http:\/\/www.simpleplan.cz\/cz\/wp-content\/uploads\/logo.gif"}],"twitter_card":"summary_large_image","twitter_site":"@simpleplancz","twitter_misc":{"Odhadovan\u00e1 doba \u010dten\u00ed":"1 minuta"},"schema":{"@context":"https:\/\/schema.org","@graph":[{"@type":"WebPage","@id":"https:\/\/www.simpleplan.cz\/cz\/index.php\/extra\/praha2011\/rozhovor-simpleplancz-se-simple-plan\/","url":"https:\/\/www.simpleplan.cz\/cz\/index.php\/extra\/praha2011\/rozhovor-simpleplancz-se-simple-plan\/","name":"Rozhovor SimplePlan.cz se Simple Plan v Praze | CZ: SimplePlan.cz","isPartOf":{"@id":"https:\/\/www.simpleplan.cz\/cz\/#website"},"datePublished":"2012-02-16T14:35:18+00:00","dateModified":"2023-06-26T07:29:53+00:00","breadcrumb":{"@id":"https:\/\/www.simpleplan.cz\/cz\/index.php\/extra\/praha2011\/rozhovor-simpleplancz-se-simple-plan\/#breadcrumb"},"inLanguage":"cs","potentialAction":[{"@type":"ReadAction","target":["https:\/\/www.simpleplan.cz\/cz\/index.php\/extra\/praha2011\/rozhovor-simpleplancz-se-simple-plan\/"]}]},{"@type":"BreadcrumbList","@id":"https:\/\/www.simpleplan.cz\/cz\/index.php\/extra\/praha2011\/rozhovor-simpleplancz-se-simple-plan\/#breadcrumb","itemListElement":[{"@type":"ListItem","position":1,"name":"Dom\u016f","item":"https:\/\/www.simpleplan.cz\/cz\/"},{"@type":"ListItem","position":2,"name":"Extra","item":"https:\/\/www.simpleplan.cz\/cz\/index.php\/extra\/"},{"@type":"ListItem","position":3,"name":"Koncert Simple Plan v Praze &#8211; 2.9.2011","item":"https:\/\/www.simpleplan.cz\/cz\/index.php\/extra\/praha2011\/"},{"@type":"ListItem","position":4,"name":"Rozhovor SimplePlan.cz se Simple Plan v Praze"}]},{"@type":"WebSite","@id":"https:\/\/www.simpleplan.cz\/cz\/#website","url":"https:\/\/www.simpleplan.cz\/cz\/","name":"CZ: SimplePlan.cz","description":"Nejlep\u0161\u00ed zdroj informac\u00ed o kapele Simple Plan","publisher":{"@id":"https:\/\/www.simpleplan.cz\/cz\/#organization"},"potentialAction":[{"@type":"SearchAction","target":{"@type":"EntryPoint","urlTemplate":"https:\/\/www.simpleplan.cz\/cz\/?s={search_term_string}"},"query-input":"required name=search_term_string"}],"inLanguage":"cs"},{"@type":"Organization","@id":"https:\/\/www.simpleplan.cz\/cz\/#organization","name":"CZ: SimplePlan.cz","url":"https:\/\/www.simpleplan.cz\/cz\/","logo":{"@type":"ImageObject","inLanguage":"cs","@id":"https:\/\/www.simpleplan.cz\/cz\/#\/schema\/logo\/image\/","url":"https:\/\/www.simpleplan.cz\/cz\/wp-content\/uploads\/spczlogo.png","contentUrl":"https:\/\/www.simpleplan.cz\/cz\/wp-content\/uploads\/spczlogo.png","width":250,"height":190,"caption":"CZ: SimplePlan.cz"},"image":{"@id":"https:\/\/www.simpleplan.cz\/cz\/#\/schema\/logo\/image\/"},"sameAs":["http:\/\/www.facebook.com\/simpleplancz","https:\/\/twitter.com\/simpleplancz","http:\/\/www.instagram.com\/simpleplancz","http:\/\/www.youtube.com\/simpleplancz"]}]}},"_links":{"self":[{"href":"https:\/\/www.simpleplan.cz\/cz\/index.php\/wp-json\/wp\/v2\/pages\/9211"}],"collection":[{"href":"https:\/\/www.simpleplan.cz\/cz\/index.php\/wp-json\/wp\/v2\/pages"}],"about":[{"href":"https:\/\/www.simpleplan.cz\/cz\/index.php\/wp-json\/wp\/v2\/types\/page"}],"author":[{"embeddable":true,"href":"https:\/\/www.simpleplan.cz\/cz\/index.php\/wp-json\/wp\/v2\/users\/5"}],"replies":[{"embeddable":true,"href":"https:\/\/www.simpleplan.cz\/cz\/index.php\/wp-json\/wp\/v2\/comments?post=9211"}],"version-history":[{"count":5,"href":"https:\/\/www.simpleplan.cz\/cz\/index.php\/wp-json\/wp\/v2\/pages\/9211\/revisions"}],"predecessor-version":[{"id":23371,"href":"https:\/\/www.simpleplan.cz\/cz\/index.php\/wp-json\/wp\/v2\/pages\/9211\/revisions\/23371"}],"up":[{"embeddable":true,"href":"https:\/\/www.simpleplan.cz\/cz\/index.php\/wp-json\/wp\/v2\/pages\/7693"}],"wp:attachment":[{"href":"https:\/\/www.simpleplan.cz\/cz\/index.php\/wp-json\/wp\/v2\/media?parent=9211"}],"curies":[{"name":"wp","href":"https:\/\/api.w.org\/{rel}","templated":true}]}}